{"id":5252,"date":"2025-11-27T08:20:48","date_gmt":"2025-11-27T08:20:48","guid":{"rendered":"https:\/\/everstarsafety.com\/product\/poste-de-advertencia-lleno-de-agua\/"},"modified":"2025-12-05T12:04:17","modified_gmt":"2025-12-05T12:04:17","slug":"poste-de-advertencia-lleno-de-agua","status":"publish","type":"product","link":"https:\/\/everstarsafety.com\/es\/producto\/poste-de-advertencia-lleno-de-agua\/","title":{"rendered":"Poste de advertencia lleno de agua"},"content":{"rendered":"\t\t<div data-elementor-type=\"product-post\" data-elementor-id=\"5252\" class=\"elementor elementor-5252 elementor-5228\">\n\t\t\t\t\t\t\t\t\t<section class=\"elementor-section elementor-top-section elementor-element elementor-element-5bf664a elementor-section-boxed elementor-section-height-default elementor-section-height-default\" data-id=\"5bf664a\" data-element_type=\"section\">\n\t\t\t\t\t\t<div class=\"elementor-container elementor-column-gap-default\">\n\t\t\t\t\t<div class=\"elementor-column elementor-col-100 elementor-top-column elementor-element elementor-element-9f0ab39\" data-id=\"9f0ab39\" data-element_type=\"column\">\n\t\t\t<div class=\"elementor-widget-wrap elementor-element-populated\">\n\t\t\t\t\t\t\t\t<div class=\"elementor-element elementor-element-a6aee11 elementor-widget elementor-widget-heading\" data-id=\"a6aee11\" data-element_type=\"widget\" data-widget_type=\"heading.default\">\n\t\t\t\t<div class=\"elementor-widget-container\">\n\t\t\t<style>\/*! elementor - v3.7.0 - 08-08-2022 *\/\n.elementor-heading-title{padding:0;margin:0;line-height:1}.elementor-widget-heading .elementor-heading-title[class*=elementor-size-]>a{color:inherit;font-size:inherit;line-height:inherit}.elementor-widget-heading .elementor-heading-title.elementor-size-small{font-size:15px}.elementor-widget-heading .elementor-heading-title.elementor-size-medium{font-size:19px}.elementor-widget-heading .elementor-heading-title.elementor-size-large{font-size:29px}.elementor-widget-heading .elementor-heading-title.elementor-size-xl{font-size:39px}.elementor-widget-heading .elementor-heading-title.elementor-size-xxl{font-size:59px}<\/style><h2 class=\"elementor-heading-title elementor-size-default\">CARACTER\u00cdSTICAS<\/h2>\t\t<\/div>\n\t\t\t\t<\/div>\n\t\t\t\t<div class=\"elementor-element elementor-element-747321a elementor-widget elementor-widget-text-editor\" data-id=\"747321a\" data-element_type=\"widget\" data-widget_type=\"text-editor.default\">\n\t\t\t\t<div class=\"elementor-widget-container\">\n\t\t\t<style>\/*! elementor - v3.7.0 - 08-08-2022 *\/\n.elementor-widget-text-editor.elementor-drop-cap-view-stacked .elementor-drop-cap{background-color:#818a91;color:#fff}.elementor-widget-text-editor.elementor-drop-cap-view-framed .elementor-drop-cap{color:#818a91;border:3px solid;background-color:transparent}.elementor-widget-text-editor:not(.elementor-drop-cap-view-default) .elementor-drop-cap{margin-top:8px}.elementor-widget-text-editor:not(.elementor-drop-cap-view-default) .elementor-drop-cap-letter{width:1em;height:1em}.elementor-widget-text-editor .elementor-drop-cap{float:left;text-align:center;line-height:1;font-size:50px}.elementor-widget-text-editor .elementor-drop-cap-letter{display:inline-block}<\/style>\t\t\t\t<p>Los postes demarcadores de tr\u00e1fico presentan un color de seguridad brillante, lo que garantiza una mejor visibilidad nocturna y alertas de seguridad de primer nivel, ya sea para proyectos de construcci\u00f3n o para la creaci\u00f3n de zonas de advertencia. Conos para postes demarcadores de tr\u00e1fico con cadena. Su dise\u00f1o desmontable facilita su almacenamiento y acceso.   <\/p>\t\t\t\t\t\t<\/div>\n\t\t\t\t<\/div>\n\t\t\t\t\t<\/div>\n\t\t<\/div>\n\t\t\t\t\t\t\t<\/div>\n\t\t<\/section>\n\t\t\t\t<section class=\"elementor-section elementor-top-section elementor-element elementor-element-4fa7892 elementor-section-boxed elementor-section-height-default elementor-section-height-default\" data-id=\"4fa7892\" data-element_type=\"section\">\n\t\t\t\t\t\t<div class=\"elementor-container elementor-column-gap-default\">\n\t\t\t\t\t<div class=\"elementor-column elementor-col-100 elementor-top-column elementor-element elementor-element-77cc9a9\" data-id=\"77cc9a9\" data-element_type=\"column\">\n\t\t\t<div class=\"elementor-widget-wrap elementor-element-populated\">\n\t\t\t\t\t\t\t\t<div class=\"elementor-element elementor-element-81baffe elementor-widget elementor-widget-heading\" data-id=\"81baffe\" data-element_type=\"widget\" data-widget_type=\"heading.default\">\n\t\t\t\t<div class=\"elementor-widget-container\">\n\t\t\t<h2 class=\"elementor-heading-title elementor-size-default\">ESPECIFICACI\u00d3N<\/h2>\t\t<\/div>\n\t\t\t\t<\/div>\n\t\t\t\t<div class=\"elementor-element elementor-element-b8e9751 elementor-widget elementor-widget-text-editor\" data-id=\"b8e9751\" data-element_type=\"widget\" data-widget_type=\"text-editor.default\">\n\t\t\t\t<div class=\"elementor-widget-container\">\n\t\t\t\t\t\t\t<p><br><\/p><div align=\"center\">\n\n<table border=\"1\" cellspacing=\"0\" cellpadding=\"0\" width=\"673\" style=\"width: 504.4pt; border: none;\">\n <tbody><tr style=\"mso-yfti-irow:-1;mso-yfti-firstrow:yes;mso-yfti-lastfirstrow:yes; height:16.25pt\">\n  <td width=\"396\" colspan=\"2\" valign=\"top\" style=\"width: 296.8pt; border-top-width: 1pt; border-bottom-width: 1pt; border-left-width: 1pt; border-top-color: rgb(233, 113, 50); border-bottom-color: rgb(233, 113, 50); border-left-color: rgb(233, 113, 50); border-image: initial; border-right: none; background: rgb(233, 113, 50); padding: 0cm 5.4pt; height: 16.25pt;\">\n  <p align=\"center\" style=\"text-align:center;mso-yfti-cnfc:5\"><b><span lang=\"EN-US\" style=\"color:white;mso-themecolor:background1\">&nbsp;&nbsp;&nbsp;&nbsp;&nbsp;&nbsp;&nbsp;&nbsp;&nbsp;&nbsp;&nbsp;&nbsp;&nbsp;&nbsp;&nbsp;&nbsp;&nbsp;&nbsp;&nbsp;&nbsp;&nbsp;&nbsp;&nbsp;&nbsp;&nbsp;&nbsp;&nbsp;&nbsp;&nbsp;&nbsp;&nbsp; Tumbler\nPoste delineador<o:p><\/o:p><\/span><\/b><\/p>\n  <\/td>\n  <td width=\"277\" valign=\"top\" style=\"width: 207.6pt; border-top-width: 1pt; border-right-width: 1pt; border-bottom-width: 1pt; border-top-color: rgb(233, 113, 50); border-right-color: rgb(233, 113, 50); border-bottom-color: rgb(233, 113, 50); border-image: initial; border-left: none; background: rgb(233, 113, 50); padding: 0cm 5.4pt; height: 16.25pt;\">\n  <p align=\"center\" style=\"text-align:center;mso-yfti-cnfc:1\"><b><span lang=\"EN-US\" style=\"color:white;mso-themecolor:background1\">&nbsp;<\/span><\/b><\/p>\n  <\/td>\n <\/tr>\n <tr style=\"mso-yfti-irow:0;height:16.25pt\">\n  <td width=\"119\" valign=\"top\" style=\"width: 89.2pt; border-right-width: 1pt; border-bottom-width: 1pt; border-left-width: 1pt; border-right-color: rgb(241, 169, 131); border-bottom-color: rgb(241, 169, 131); border-left-color: rgb(241, 169, 131); border-image: initial; border-top: none; background: rgb(250, 226, 213); padding: 0cm 5.4pt; height: 16.25pt;\">\n  <p><b><span lang=\"EN-US\" style=\"color:black;mso-color-alt:windowtext\">Modelo<\/span><span lang=\"EN-US\"><o:p><\/o:p><\/span><\/b><\/p>\n  <\/td>\n  <td width=\"554\" colspan=\"2\" valign=\"top\" style=\"width: 415.2pt; border-top: none; border-left: none; border-bottom-width: 1pt; border-bottom-color: rgb(241, 169, 131); border-right-width: 1pt; border-right-color: rgb(241, 169, 131); background: rgb(250, 226, 213); padding: 0cm 5.4pt; height: 16.25pt;\">\n  <p><span lang=\"EN-US\" style=\"color:black;mso-color-alt:windowtext\">ES-WP850<\/span><span lang=\"EN-US\"><o:p><\/o:p><\/span><\/p>\n  <\/td>\n <\/tr>\n <tr style=\"mso-yfti-irow:1;height:15.6pt\">\n  <td width=\"119\" valign=\"top\" style=\"width: 89.2pt; border-right-width: 1pt; border-bottom-width: 1pt; border-left-width: 1pt; border-right-color: rgb(241, 169, 131); border-bottom-color: rgb(241, 169, 131); border-left-color: rgb(241, 169, 131); border-image: initial; border-top: none; padding: 0cm 5.4pt; height: 15.6pt;\">\n  <p><b>Categor\u00eda de producto<o:p><\/o:p><\/b><\/p>\n  <\/td>\n  <td width=\"554\" colspan=\"2\" valign=\"top\" style=\"width: 415.2pt; border-top: none; border-left: none; border-bottom-width: 1pt; border-bottom-color: rgb(241, 169, 131); border-right-width: 1pt; border-right-color: rgb(241, 169, 131); padding: 0cm 5.4pt; height: 15.6pt;\">\n  <p><span lang=\"EN-US\">Poste de advertencia de PE lleno de agua<o:p><\/o:p><\/span><\/p>\n  <\/td>\n <\/tr>\n <tr style=\"mso-yfti-irow:2;height:16.25pt\">\n  <td width=\"119\" valign=\"top\" style=\"width: 89.2pt; border-right-width: 1pt; border-bottom-width: 1pt; border-left-width: 1pt; border-right-color: rgb(241, 169, 131); border-bottom-color: rgb(241, 169, 131); border-left-color: rgb(241, 169, 131); border-image: initial; border-top: none; background: rgb(250, 226, 213); padding: 0cm 5.4pt; height: 16.25pt;\">\n  <p><b><span lang=\"EN-US\" style=\"color:black;mso-color-alt:windowtext\">Altura<\/span><span lang=\"EN-US\"><o:p><\/o:p><\/span><\/b><\/p>\n  <\/td>\n  <td width=\"554\" colspan=\"2\" valign=\"top\" style=\"width: 415.2pt; border-top: none; border-left: none; border-bottom-width: 1pt; border-bottom-color: rgb(241, 169, 131); border-right-width: 1pt; border-right-color: rgb(241, 169, 131); background: rgb(250, 226, 213); padding: 0cm 5.4pt; height: 16.25pt;\">\n  <p><span lang=\"EN-US\" style=\"color:black;mso-color-alt:windowtext\">850mm\/33.5\u2019\u2019<\/span><span lang=\"EN-US\"><o:p><\/o:p><\/span><\/p>\n  <\/td>\n <\/tr>\n <tr style=\"mso-yfti-irow:3;height:16.6pt\">\n  <td width=\"119\" valign=\"top\" style=\"width: 89.2pt; border-right-width: 1pt; border-bottom-width: 1pt; border-left-width: 1pt; border-right-color: rgb(241, 169, 131); border-bottom-color: rgb(241, 169, 131); border-left-color: rgb(241, 169, 131); border-image: initial; border-top: none; padding: 0cm 5.4pt; height: 16.6pt;\">\n  <p><b>Peso<o:p><\/o:p><\/b><\/p>\n  <\/td>\n  <td width=\"554\" colspan=\"2\" valign=\"top\" style=\"width: 415.2pt; border-top: none; border-left: none; border-bottom-width: 1pt; border-bottom-color: rgb(241, 169, 131); border-right-width: 1pt; border-right-color: rgb(241, 169, 131); padding: 0cm 5.4pt; height: 16.6pt;\">\n  <p><span lang=\"EN-US\">0.48kg\/1.1lbs<o:p><\/o:p><\/span><\/p>\n  <\/td>\n <\/tr>\n <tr style=\"mso-yfti-irow:4;height:18.8pt\">\n  <td width=\"119\" valign=\"top\" style=\"width: 89.2pt; border-right-width: 1pt; border-bottom-width: 1pt; border-left-width: 1pt; border-right-color: rgb(241, 169, 131); border-bottom-color: rgb(241, 169, 131); border-left-color: rgb(241, 169, 131); border-image: initial; border-top: none; background: rgb(250, 226, 213); padding: 0cm 5.4pt; height: 18.8pt;\">\n  <p><b><span lang=\"EN-US\" style=\"color:black;mso-color-alt:windowtext\">Tama\u00f1o de la base<\/span><span lang=\"EN-US\"><o:p><\/o:p><\/span><\/b><\/p>\n  <\/td>\n  <td width=\"554\" colspan=\"2\" valign=\"top\" style=\"width: 415.2pt; border-top: none; border-left: none; border-bottom-width: 1pt; border-bottom-color: rgb(241, 169, 131); border-right-width: 1pt; border-right-color: rgb(241, 169, 131); background: rgb(250, 226, 213); padding: 0cm 5.4pt; height: 18.8pt;\">\n  <p><span lang=\"EN-US\" style=\"color:black;mso-color-alt:windowtext\">280*280mm<\/span><span lang=\"EN-US\"><o:p><\/o:p><\/span><\/p>\n  <\/td>\n <\/tr>\n <tr style=\"mso-yfti-irow:5;height:14.95pt\">\n  <td width=\"119\" valign=\"top\" style=\"width: 89.2pt; border-right-width: 1pt; border-bottom-width: 1pt; border-left-width: 1pt; border-right-color: rgb(241, 169, 131); border-bottom-color: rgb(241, 169, 131); border-left-color: rgb(241, 169, 131); border-image: initial; border-top: none; padding: 0cm 5.4pt; height: 14.95pt;\">\n  <p><b>Color<o:p><\/o:p><\/b><\/p>\n  <\/td>\n  <td width=\"554\" colspan=\"2\" valign=\"top\" style=\"width: 415.2pt; border-top: none; border-left: none; border-bottom-width: 1pt; border-bottom-color: rgb(241, 169, 131); border-right-width: 1pt; border-right-color: rgb(241, 169, 131); padding: 0cm 5.4pt; height: 14.95pt;\">\n  <p><span lang=\"EN-US\">Rojo, personalizable<o:p><\/o:p><\/span><\/p>\n  <\/td>\n <\/tr>\n <tr style=\"mso-yfti-irow:6;height:16.25pt\">\n  <td width=\"119\" valign=\"top\" style=\"width: 89.2pt; border-right-width: 1pt; border-bottom-width: 1pt; border-left-width: 1pt; border-right-color: rgb(241, 169, 131); border-bottom-color: rgb(241, 169, 131); border-left-color: rgb(241, 169, 131); border-image: initial; border-top: none; background: rgb(250, 226, 213); padding: 0cm 5.4pt; height: 16.25pt;\">\n  <p><b><span lang=\"EN-US\" style=\"color:black;mso-color-alt:windowtext\">Material<\/span><span lang=\"EN-US\"><o:p><\/o:p><\/span><\/b><\/p>\n  <\/td>\n  <td width=\"554\" colspan=\"2\" valign=\"top\" style=\"width: 415.2pt; border-top: none; border-left: none; border-bottom-width: 1pt; border-bottom-color: rgb(241, 169, 131); border-right-width: 1pt; border-right-color: rgb(241, 169, 131); background: rgb(250, 226, 213); padding: 0cm 5.4pt; height: 16.25pt;\">\n  <p><span lang=\"EN-US\" style=\"color:black;mso-color-alt:windowtext\">100% polietileno <\/span><span lang=\"EN-US\"><o:p><\/o:p><\/span><\/p>\n  <\/td>\n <\/tr>\n <tr style=\"mso-yfti-irow:7;height:16.6pt\">\n  <td width=\"119\" valign=\"top\" style=\"width: 89.2pt; border-right-width: 1pt; border-bottom-width: 1pt; border-left-width: 1pt; border-right-color: rgb(241, 169, 131); border-bottom-color: rgb(241, 169, 131); border-left-color: rgb(241, 169, 131); border-image: initial; border-top: none; padding: 0cm 5.4pt; height: 16.6pt;\">\n  <p><b>Moho<o:p><\/o:p><\/b><\/p>\n  <\/td>\n  <td width=\"554\" colspan=\"2\" valign=\"top\" style=\"width: 415.2pt; border-top: none; border-left: none; border-bottom-width: 1pt; border-bottom-color: rgb(241, 169, 131); border-right-width: 1pt; border-right-color: rgb(241, 169, 131); padding: 0cm 5.4pt; height: 16.6pt;\">\n  <p><span lang=\"EN-US\">Moldeo por inyecci\u00f3n<o:p><\/o:p><\/span><\/p>\n  <\/td>\n <\/tr>\n <tr style=\"mso-yfti-irow:8;height:16.6pt\">\n  <td width=\"119\" valign=\"top\" style=\"width: 89.2pt; border-right-width: 1pt; border-bottom-width: 1pt; border-left-width: 1pt; border-right-color: rgb(241, 169, 131); border-bottom-color: rgb(241, 169, 131); border-left-color: rgb(241, 169, 131); border-image: initial; border-top: none; background: rgb(250, 226, 213); padding: 0cm 5.4pt; height: 16.6pt;\">\n  <p><b><span lang=\"EN-US\" style=\"color:black;mso-color-alt:windowtext\">Sostenible <\/span><span lang=\"EN-US\"><o:p><\/o:p><\/span><\/b><\/p>\n  <\/td>\n  <td width=\"554\" colspan=\"2\" valign=\"top\" style=\"width: 415.2pt; border-top: none; border-left: none; border-bottom-width: 1pt; border-bottom-color: rgb(241, 169, 131); border-right-width: 1pt; border-right-color: rgb(241, 169, 131); background: rgb(250, 226, 213); padding: 0cm 5.4pt; height: 16.6pt;\">\n  <p><span lang=\"EN-US\" style=\"color:black;mso-color-alt:windowtext\">Sostenible y Reciclable<\/span><span lang=\"EN-US\"><o:p><\/o:p><\/span><\/p>\n  <\/td>\n <\/tr>\n <tr style=\"mso-yfti-irow:9;mso-yfti-lastrow:yes;height:16.6pt\">\n  <td width=\"119\" valign=\"top\" style=\"width: 89.2pt; border-right-width: 1pt; border-bottom-width: 1pt; border-left-width: 1pt; border-right-color: rgb(241, 169, 131); border-bottom-color: rgb(241, 169, 131); border-left-color: rgb(241, 169, 131); border-image: initial; border-top: none; padding: 0cm 5.4pt; height: 16.6pt;\">\n  <p><b>Por encargo<o:p><\/o:p><\/b><\/p>\n  <\/td>\n  <td width=\"554\" colspan=\"2\" valign=\"top\" style=\"width: 415.2pt; border-top: none; border-left: none; border-bottom-width: 1pt; border-bottom-color: rgb(241, 169, 131); border-right-width: 1pt; border-right-color: rgb(241, 169, 131); padding: 0cm 5.4pt; height: 16.6pt;\">\n  <p><span lang=\"EN-US\">Plantillas personalizadas disponibles, pel\u00edcula reflectante de clase 1, pel\u00edcula reflectante de clase 2, pel\u00edcula reflectante de clase 3<o:p><\/o:p><\/span><\/p>\n  <\/td>\n <\/tr>\n<\/tbody><\/table>\n\n<\/div><p><br><\/p>\t\t\t\t\t\t<\/div>\n\t\t\t\t<\/div>\n\t\t\t\t\t<\/div>\n\t\t<\/div>\n\t\t\t\t\t\t\t<\/div>\n\t\t<\/section>\n\t\t\t\t<section class=\"elementor-section elementor-top-section elementor-element elementor-element-ca409b8 elementor-section-boxed elementor-section-height-default elementor-section-height-default\" data-id=\"ca409b8\" data-element_type=\"section\">\n\t\t\t\t\t\t<div class=\"elementor-container elementor-column-gap-default\">\n\t\t\t\t\t<div class=\"elementor-column elementor-col-100 elementor-top-column elementor-element elementor-element-6688002\" data-id=\"6688002\" data-element_type=\"column\">\n\t\t\t<div class=\"elementor-widget-wrap elementor-element-populated\">\n\t\t\t\t\t\t\t\t<div class=\"elementor-element elementor-element-5073ece elementor-widget elementor-widget-heading\" data-id=\"5073ece\" data-element_type=\"widget\" data-widget_type=\"heading.default\">\n\t\t\t\t<div class=\"elementor-widget-container\">\n\t\t\t<h2 class=\"elementor-heading-title elementor-size-default\">CARACTER\u00cdSTICAS<\/h2>\t\t<\/div>\n\t\t\t\t<\/div>\n\t\t\t\t<div class=\"elementor-element elementor-element-dc34caf elementor-widget elementor-widget-text-editor\" data-id=\"dc34caf\" data-element_type=\"widget\" data-widget_type=\"text-editor.default\">\n\t\t\t\t<div class=\"elementor-widget-container\">\n\t\t\t\t\t\t\t<p>1. Los postes se pueden desmontar r\u00e1pidamente y almacenar en espacios compactos como su autom\u00f3vil o garaje.<\/p>\n<p>2. Dise\u00f1ados con rayas blancas y rojas para maximizar la visibilidad, estos postes sirven como una se\u00f1al de advertencia eficaz.<\/p>\n<p>3. Con\u00e9ctelos f\u00e1cilmente utilizando los ganchos en forma de S y las cadenas incluidos para crear una barrera de seguridad transparente.<\/p>\n<p>4. Fabricados con materiales de PP y PE de alta resistencia, estos conos de tr\u00e1fico est\u00e1n dise\u00f1ados para resistir el da\u00f1o solar, la decoloraci\u00f3n, la corrosi\u00f3n y el agrietamiento, y est\u00e1n dise\u00f1ados para soportar entornos exteriores hostiles, lo que garantiza una durabilidad duradera y un rendimiento confiable.<\/p>\t\t\t\t\t\t<\/div>\n\t\t\t\t<\/div>\n\t\t\t\t\t<\/div>\n\t\t<\/div>\n\t\t\t\t\t\t\t<\/div>\n\t\t<\/section>\n\t\t\t\t\t\t\t<\/div>\n\t\t","protected":false},"excerpt":{"rendered":"<p>Consiste en una columna de color naranja y blanco y una base pesada de color negro, rellena de agua o arena, que se utiliza para control de tr\u00e1fico temporal y advertencias de seguridad.<\/p>\n","protected":false},"featured_media":5230,"comment_status":"open","ping_status":"closed","template":"","meta":{"om_disable_all_campaigns":false,"_monsterinsights_skip_tracking":false,"_monsterinsights_sitenote_active":false,"_monsterinsights_sitenote_note":"","_monsterinsights_sitenote_category":0},"product_cat":[469,468,467],"product_tag":[470,471],"class_list":["post-5252","product","type-product","status-publish","has-post-thumbnail","hentry","product_cat-control-de-trafico","product_cat-poste-de-advertencia-de-plastico","product_cat-poste-delineador","product_tag-poste-de-advertencia-flexible","product_tag-poste-de-advertencia-lleno-de-agua"],"aioseo_notices":[],"_links":{"self":[{"href":"https:\/\/everstarsafety.com\/es\/wp-json\/wp\/v2\/product\/5252","targetHints":{"allow":["GET"]}}],"collection":[{"href":"https:\/\/everstarsafety.com\/es\/wp-json\/wp\/v2\/product"}],"about":[{"href":"https:\/\/everstarsafety.com\/es\/wp-json\/wp\/v2\/types\/product"}],"replies":[{"embeddable":true,"href":"https:\/\/everstarsafety.com\/es\/wp-json\/wp\/v2\/comments?post=5252"}],"version-history":[{"count":1,"href":"https:\/\/everstarsafety.com\/es\/wp-json\/wp\/v2\/product\/5252\/revisions"}],"predecessor-version":[{"id":5253,"href":"https:\/\/everstarsafety.com\/es\/wp-json\/wp\/v2\/product\/5252\/revisions\/5253"}],"wp:featuredmedia":[{"embeddable":true,"href":"https:\/\/everstarsafety.com\/es\/wp-json\/wp\/v2\/media\/5230"}],"wp:attachment":[{"href":"https:\/\/everstarsafety.com\/es\/wp-json\/wp\/v2\/media?parent=5252"}],"wp:term":[{"taxonomy":"product_cat","embeddable":true,"href":"https:\/\/everstarsafety.com\/es\/wp-json\/wp\/v2\/product_cat?post=5252"},{"taxonomy":"product_tag","embeddable":true,"href":"https:\/\/everstarsafety.com\/es\/wp-json\/wp\/v2\/product_tag?post=5252"}],"curies":[{"name":"wp","href":"https:\/\/api.w.org\/{rel}","templated":true}]}}