{"id":5323,"date":"2025-11-27T08:07:01","date_gmt":"2025-11-27T08:07:01","guid":{"rendered":"https:\/\/everstarsafety.com\/product\/poste-delineador-de-vaso\/"},"modified":"2025-12-08T10:19:25","modified_gmt":"2025-12-08T10:19:25","slug":"poste-delineador-de-vaso","status":"publish","type":"product","link":"https:\/\/everstarsafety.com\/es\/producto\/poste-delineador-de-vaso\/","title":{"rendered":"Poste delineador de vaso"},"content":{"rendered":"\t\t<div data-elementor-type=\"product-post\" data-elementor-id=\"5323\" class=\"elementor elementor-5323 elementor-5216\">\n\t\t\t\t\t\t\t\t\t<section class=\"elementor-section elementor-top-section elementor-element elementor-element-d3cecc7 elementor-section-boxed elementor-section-height-default elementor-section-height-default\" data-id=\"d3cecc7\" data-element_type=\"section\">\n\t\t\t\t\t\t<div class=\"elementor-container elementor-column-gap-default\">\n\t\t\t\t\t<div class=\"elementor-column elementor-col-100 elementor-top-column elementor-element elementor-element-9199d91\" data-id=\"9199d91\" data-element_type=\"column\">\n\t\t\t<div class=\"elementor-widget-wrap elementor-element-populated\">\n\t\t\t\t\t\t\t\t<div class=\"elementor-element elementor-element-35b21a4 elementor-widget elementor-widget-text-editor\" data-id=\"35b21a4\" data-element_type=\"widget\" data-widget_type=\"text-editor.default\">\n\t\t\t\t<div class=\"elementor-widget-container\">\n\t\t\t<style>\/*! elementor - v3.7.0 - 08-08-2022 *\/\n.elementor-widget-text-editor.elementor-drop-cap-view-stacked .elementor-drop-cap{background-color:#818a91;color:#fff}.elementor-widget-text-editor.elementor-drop-cap-view-framed .elementor-drop-cap{color:#818a91;border:3px solid;background-color:transparent}.elementor-widget-text-editor:not(.elementor-drop-cap-view-default) .elementor-drop-cap{margin-top:8px}.elementor-widget-text-editor:not(.elementor-drop-cap-view-default) .elementor-drop-cap-letter{width:1em;height:1em}.elementor-widget-text-editor .elementor-drop-cap{float:left;text-align:center;line-height:1;font-size:50px}.elementor-widget-text-editor .elementor-drop-cap-letter{display:inline-block}<\/style>\t\t\t\t<p>El poste delineador de rebote est\u00e1 dise\u00f1ado con un mecanismo de resorte de rebote y material pl\u00e1stico\/compuesto flexible para absorber los impactos mientras redirige de manera segura los veh\u00edculos y peatones.<\/p>\t\t\t\t\t\t<\/div>\n\t\t\t\t<\/div>\n\t\t\t\t\t<\/div>\n\t\t<\/div>\n\t\t\t\t\t\t\t<\/div>\n\t\t<\/section>\n\t\t\t\t<section class=\"elementor-section elementor-top-section elementor-element elementor-element-45ff33e elementor-section-boxed elementor-section-height-default elementor-section-height-default\" data-id=\"45ff33e\" data-element_type=\"section\">\n\t\t\t\t\t\t<div class=\"elementor-container elementor-column-gap-default\">\n\t\t\t\t\t<div class=\"elementor-column elementor-col-100 elementor-top-column elementor-element elementor-element-5e1bf65\" data-id=\"5e1bf65\" data-element_type=\"column\">\n\t\t\t<div class=\"elementor-widget-wrap elementor-element-populated\">\n\t\t\t\t\t\t\t\t<div class=\"elementor-element elementor-element-3e406b7 elementor-widget elementor-widget-heading\" data-id=\"3e406b7\" data-element_type=\"widget\" data-widget_type=\"heading.default\">\n\t\t\t\t<div class=\"elementor-widget-container\">\n\t\t\t<style>\/*! elementor - v3.7.0 - 08-08-2022 *\/\n.elementor-heading-title{padding:0;margin:0;line-height:1}.elementor-widget-heading .elementor-heading-title[class*=elementor-size-]>a{color:inherit;font-size:inherit;line-height:inherit}.elementor-widget-heading .elementor-heading-title.elementor-size-small{font-size:15px}.elementor-widget-heading .elementor-heading-title.elementor-size-medium{font-size:19px}.elementor-widget-heading .elementor-heading-title.elementor-size-large{font-size:29px}.elementor-widget-heading .elementor-heading-title.elementor-size-xl{font-size:39px}.elementor-widget-heading .elementor-heading-title.elementor-size-xxl{font-size:59px}<\/style><h2 class=\"elementor-heading-title elementor-size-default\">ESPECIFICACI\u00d3N<\/h2>\t\t<\/div>\n\t\t\t\t<\/div>\n\t\t\t\t\t<\/div>\n\t\t<\/div>\n\t\t\t\t\t\t\t<\/div>\n\t\t<\/section>\n\t\t\t\t<section class=\"elementor-section elementor-top-section elementor-element elementor-element-606824d elementor-section-boxed elementor-section-height-default elementor-section-height-default\" data-id=\"606824d\" data-element_type=\"section\">\n\t\t\t\t\t\t<div class=\"elementor-container elementor-column-gap-default\">\n\t\t\t\t\t<div class=\"elementor-column elementor-col-100 elementor-top-column elementor-element elementor-element-88406fa\" data-id=\"88406fa\" data-element_type=\"column\">\n\t\t\t<div class=\"elementor-widget-wrap elementor-element-populated\">\n\t\t\t\t\t\t\t\t<div class=\"elementor-element elementor-element-6b75173 elementor-widget elementor-widget-text-editor\" data-id=\"6b75173\" data-element_type=\"widget\" data-widget_type=\"text-editor.default\">\n\t\t\t\t<div class=\"elementor-widget-container\">\n\t\t\t\t\t\t\t<p> <\/p><div align=\"center\"><table style=\"width: 504.4pt; border: none;\" border=\"1\" width=\"673\" cellspacing=\"0\" cellpadding=\"0\"><tbody><tr style=\"mso-yfti-irow: -1; mso-yfti-firstrow: yes; mso-yfti-lastfirstrow: yes; height: 16.25pt;\"><td style=\"width: 296.8pt; border-top-width: 1pt; border-bottom-width: 1pt; border-left-width: 1pt; border-top-color: #e97132; border-bottom-color: #e97132; border-left-color: #e97132; border-image: initial; border-right: none; background: #e97132; padding: 0cm 5.4pt; height: 16.25pt;\" colspan=\"2\" valign=\"top\" width=\"396\"><p style=\"text-align: center; mso-yfti-cnfc: 5;\" align=\"center\"><b><span lang=\"EN-US\" style=\"color: white; mso-themecolor: background1;\"> Delineador de vaso<br>Poste<\/span><\/b><\/p><\/td><td style=\"width: 207.6pt; border-top-width: 1pt; border-right-width: 1pt; border-bottom-width: 1pt; border-top-color: #e97132; border-right-color: #e97132; border-bottom-color: #e97132; border-image: initial; border-left: none; background: #e97132; padding: 0cm 5.4pt; height: 16.25pt;\" valign=\"top\" width=\"277\"><p style=\"text-align: center; mso-yfti-cnfc: 1;\" align=\"center\"><b><span lang=\"EN-US\" style=\"color: white; mso-themecolor: background1;\"> <\/span><\/b><\/p><\/td><\/tr><tr style=\"mso-yfti-irow: 0; height: 16.25pt;\"><td style=\"width: 89.2pt; border-right-width: 1pt; border-bottom-width: 1pt; border-left-width: 1pt; border-right-color: #f1a983; border-bottom-color: #f1a983; border-left-color: #f1a983; border-image: initial; border-top: none; background: #fae2d5; padding: 0cm 5.4pt; height: 16.25pt;\" valign=\"top\" width=\"119\"><p><b><span lang=\"EN-US\" style=\"color: black; mso-color-alt: windowtext;\">Modelo<\/span><\/b><\/p><\/td><td style=\"width: 207.6pt; border-top: none; border-left: none; border-bottom-width: 1pt; border-bottom-color: #f1a983; border-right-width: 1pt; border-right-color: #f1a983; background: #fae2d5; padding: 0cm 5.4pt; height: 16.25pt;\" valign=\"top\" width=\"277\"><p><span lang=\"EN-US\" style=\"color: black; mso-color-alt: windowtext;\">ES-WP830B<\/span><\/p><\/td><td style=\"width: 207.6pt; border-top: none; border-left: none; border-bottom-width: 1pt; border-bottom-color: #f1a983; border-right-width: 1pt; border-right-color: #f1a983; background: #fae2d5; padding: 0cm 5.4pt; height: 16.25pt;\" valign=\"top\" width=\"277\"><p><span lang=\"EN-US\" style=\"color: black; mso-color-alt: windowtext;\">ES-WP720<\/span><\/p><\/td><\/tr><tr style=\"mso-yfti-irow: 1; height: 16.25pt;\"><td style=\"width: 89.2pt; border-right-width: 1pt; border-bottom-width: 1pt; border-left-width: 1pt; border-right-color: #f1a983; border-bottom-color: #f1a983; border-left-color: #f1a983; border-image: initial; border-top: none; padding: 0cm 5.4pt; height: 16.25pt;\" valign=\"top\" width=\"119\"><p><b>Categor\u00eda de producto<\/b><\/p><\/td><td style=\"width: 415.2pt; border-top: none; border-left: none; border-bottom-width: 1pt; border-bottom-color: #f1a983; border-right-width: 1pt; border-right-color: #f1a983; padding: 0cm 5.4pt; height: 16.25pt;\" colspan=\"2\" valign=\"top\" width=\"554\"><p><span lang=\"EN-US\">Poste delineador de tambor\/Base de resorte el\u00e1stico<\/span><\/p><\/td><\/tr><tr style=\"mso-yfti-irow: 2; height: 16.25pt;\"><td style=\"width: 89.2pt; border-right-width: 1pt; border-bottom-width: 1pt; border-left-width: 1pt; border-right-color: #f1a983; border-bottom-color: #f1a983; border-left-color: #f1a983; border-image: initial; border-top: none; background: #fae2d5; padding: 0cm 5.4pt; height: 16.25pt;\" valign=\"top\" width=\"119\"><p><b><span lang=\"EN-US\" style=\"color: black; mso-color-alt: windowtext;\">Altura<\/span><\/b><\/p><\/td><td style=\"width: 207.6pt; border-top: none; border-left: none; border-bottom-width: 1pt; border-bottom-color: #f1a983; border-right-width: 1pt; border-right-color: #f1a983; background: #fae2d5; padding: 0cm 5.4pt; height: 16.25pt;\" valign=\"top\" width=\"277\"><p><span lang=\"EN-US\" style=\"color: black; mso-color-alt: windowtext;\">830mm\/33\u2019\u2019<\/span><\/p><\/td><td style=\"width: 207.6pt; border-top: none; border-left: none; border-bottom-width: 1pt; border-bottom-color: #f1a983; border-right-width: 1pt; border-right-color: #f1a983; background: #fae2d5; padding: 0cm 5.4pt; height: 16.25pt;\" valign=\"top\" width=\"277\"><p><span lang=\"EN-US\" style=\"color: black; mso-color-alt: windowtext;\">720mm\/28\u2019\u2019<\/span><\/p><\/td><\/tr><tr style=\"mso-yfti-irow: 3; height: 16.6pt;\"><td style=\"width: 89.2pt; border-right-width: 1pt; border-bottom-width: 1pt; border-left-width: 1pt; border-right-color: #f1a983; border-bottom-color: #f1a983; border-left-color: #f1a983; border-image: initial; border-top: none; padding: 0cm 5.4pt; height: 16.6pt;\" valign=\"top\" width=\"119\"><p><b>Peso<\/b><\/p><\/td><td style=\"width: 207.6pt; border-top: none; border-left: none; border-bottom-width: 1pt; border-bottom-color: #f1a983; border-right-width: 1pt; border-right-color: #f1a983; padding: 0cm 5.4pt; height: 16.6pt;\" valign=\"top\" width=\"277\"><p><span lang=\"EN-US\">3.6kg\/7.92lbs<\/span><\/p><\/td><td style=\"width: 207.6pt; border-top: none; border-left: none; border-bottom-width: 1pt; border-bottom-color: #f1a983; border-right-width: 1pt; border-right-color: #f1a983; padding: 0cm 5.4pt; height: 16.6pt;\" valign=\"top\" width=\"277\"><p><span lang=\"EN-US\">1.3kg\/2.86lbs<\/span><\/p><\/td><\/tr><tr style=\"mso-yfti-irow: 4; height: 18.8pt;\"><td style=\"width: 89.2pt; border-right-width: 1pt; border-bottom-width: 1pt; border-left-width: 1pt; border-right-color: #f1a983; border-bottom-color: #f1a983; border-left-color: #f1a983; border-image: initial; border-top: none; background: #fae2d5; padding: 0cm 5.4pt; height: 18.8pt;\" valign=\"top\" width=\"119\"><p><b><span lang=\"EN-US\" style=\"color: black; mso-color-alt: windowtext;\">Tama\u00f1o de la base<\/span><\/b><\/p><\/td><td style=\"width: 207.6pt; border-top: none; border-left: none; border-bottom-width: 1pt; border-bottom-color: #f1a983; border-right-width: 1pt; border-right-color: #f1a983; background: #fae2d5; padding: 0cm 5.4pt; height: 18.8pt;\" valign=\"top\" width=\"277\"><p><span lang=\"EN-US\" style=\"color: black; mso-color-alt: windowtext;\">250mm<\/span><\/p><\/td><td style=\"width: 207.6pt; border-top: none; border-left: none; border-bottom-width: 1pt; border-bottom-color: #f1a983; border-right-width: 1pt; border-right-color: #f1a983; background: #fae2d5; padding: 0cm 5.4pt; height: 18.8pt;\" valign=\"top\" width=\"277\"><p><span lang=\"EN-US\" style=\"color: black; mso-color-alt: windowtext;\">90mm<\/span><\/p><\/td><\/tr><tr style=\"mso-yfti-irow: 5; height: 14.95pt;\"><td style=\"width: 89.2pt; border-right-width: 1pt; border-bottom-width: 1pt; border-left-width: 1pt; border-right-color: #f1a983; border-bottom-color: #f1a983; border-left-color: #f1a983; border-image: initial; border-top: none; padding: 0cm 5.4pt; height: 14.95pt;\" valign=\"top\" width=\"119\"><p><b>Color<\/b><\/p><\/td><td style=\"width: 207.6pt; border-top: none; border-left: none; border-bottom-width: 1pt; border-bottom-color: #f1a983; border-right-width: 1pt; border-right-color: #f1a983; padding: 0cm 5.4pt; height: 14.95pt;\" valign=\"top\" width=\"277\"><p><span lang=\"EN-US\">Rojo, personalizable<\/span><\/p><\/td><td style=\"width: 207.6pt; border-top: none; border-left: none; border-bottom-width: 1pt; border-bottom-color: #f1a983; border-right-width: 1pt; border-right-color: #f1a983; padding: 0cm 5.4pt; height: 14.95pt;\" valign=\"top\" width=\"277\"><p><span lang=\"EN-US\">Roja, verde, azul, amarilla, personalizable<\/span><\/p><\/td><\/tr><tr style=\"mso-yfti-irow: 6; height: 16.25pt;\"><td style=\"width: 89.2pt; border-right-width: 1pt; border-bottom-width: 1pt; border-left-width: 1pt; border-right-color: #f1a983; border-bottom-color: #f1a983; border-left-color: #f1a983; border-image: initial; border-top: none; background: #fae2d5; padding: 0cm 5.4pt; height: 16.25pt;\" valign=\"top\" width=\"119\"><p><b><span lang=\"EN-US\" style=\"color: black; mso-color-alt: windowtext;\">Material<\/span><\/b><\/p><\/td><td style=\"width: 207.6pt; border-top: none; border-left: none; border-bottom-width: 1pt; border-bottom-color: #f1a983; border-right-width: 1pt; border-right-color: #f1a983; background: #fae2d5; padding: 0cm 5.4pt; height: 16.25pt;\" valign=\"top\" width=\"277\"><p><span lang=\"EN-US\" style=\"color: black; mso-color-alt: windowtext;\">100 % poliuretano, base de caucho negro<\/span><\/p><\/td><td style=\"width: 207.6pt; border-top: none; border-left: none; border-bottom-width: 1pt; border-bottom-color: #f1a983; border-right-width: 1pt; border-right-color: #f1a983; background: #fae2d5; padding: 0cm 5.4pt; height: 16.25pt;\" valign=\"top\" width=\"277\"><p><span lang=\"EN-US\" style=\"color: black; mso-color-alt: windowtext;\">100% poliuretano<\/span><\/p><\/td><\/tr><tr style=\"mso-yfti-irow: 7; height: 16.6pt;\"><td style=\"width: 89.2pt; border-right-width: 1pt; border-bottom-width: 1pt; border-left-width: 1pt; border-right-color: #f1a983; border-bottom-color: #f1a983; border-left-color: #f1a983; border-image: initial; border-top: none; padding: 0cm 5.4pt; height: 16.6pt;\" valign=\"top\" width=\"119\"><p><b>Moho<\/b><\/p><\/td><td style=\"width: 415.2pt; border-top: none; border-left: none; border-bottom-width: 1pt; border-bottom-color: #f1a983; border-right-width: 1pt; border-right-color: #f1a983; padding: 0cm 5.4pt; height: 16.6pt;\" colspan=\"2\" valign=\"top\" width=\"554\"><p><span lang=\"EN-US\">Moldeo por inyecci\u00f3n<\/span><\/p><\/td><\/tr><tr style=\"mso-yfti-irow: 8; height: 16.6pt;\"><td style=\"width: 89.2pt; border-right-width: 1pt; border-bottom-width: 1pt; border-left-width: 1pt; border-right-color: #f1a983; border-bottom-color: #f1a983; border-left-color: #f1a983; border-image: initial; border-top: none; background: #fae2d5; padding: 0cm 5.4pt; height: 16.6pt;\" valign=\"top\" width=\"119\"><p><b><span lang=\"EN-US\" style=\"color: black; mso-color-alt: windowtext;\">Sostenible <\/span><\/b><\/p><\/td><td style=\"width: 415.2pt; border-top: none; border-left: none; border-bottom-width: 1pt; border-bottom-color: #f1a983; border-right-width: 1pt; border-right-color: #f1a983; background: #fae2d5; padding: 0cm 5.4pt; height: 16.6pt;\" colspan=\"2\" valign=\"top\" width=\"554\"><p><span lang=\"EN-US\" style=\"color: black; mso-color-alt: windowtext;\">Sostenible y Reciclable<\/span><\/p><\/td><\/tr><tr style=\"mso-yfti-irow: 9; mso-yfti-lastrow: yes; height: 16.6pt;\"><td style=\"width: 89.2pt; border-right-width: 1pt; border-bottom-width: 1pt; border-left-width: 1pt; border-right-color: #f1a983; border-bottom-color: #f1a983; border-left-color: #f1a983; border-image: initial; border-top: none; padding: 0cm 5.4pt; height: 16.6pt;\" valign=\"top\" width=\"119\"><p><b>Por encargo<\/b><\/p><\/td><td style=\"width: 415.2pt; border-top: none; border-left: none; border-bottom-width: 1pt; border-bottom-color: #f1a983; border-right-width: 1pt; border-right-color: #f1a983; padding: 0cm 5.4pt; height: 16.6pt;\" colspan=\"2\" valign=\"top\" width=\"554\"><p><span lang=\"EN-US\">Plantillas personalizadas disponibles, pel\u00edcula reflectante de clase 1, pel\u00edcula reflectante de clase 2, pel\u00edcula reflectante de clase 3<\/span><\/p><\/td><\/tr><\/tbody><\/table><\/div><p> <\/p>\t\t\t\t\t\t<\/div>\n\t\t\t\t<\/div>\n\t\t\t\t\t<\/div>\n\t\t<\/div>\n\t\t\t\t\t\t\t<\/div>\n\t\t<\/section>\n\t\t\t\t<section class=\"elementor-section elementor-top-section elementor-element elementor-element-c4bfe64 elementor-section-boxed elementor-section-height-default elementor-section-height-default\" data-id=\"c4bfe64\" data-element_type=\"section\">\n\t\t\t\t\t\t<div class=\"elementor-container elementor-column-gap-default\">\n\t\t\t\t\t<div class=\"elementor-column elementor-col-100 elementor-top-column elementor-element elementor-element-4a89ffc\" data-id=\"4a89ffc\" data-element_type=\"column\">\n\t\t\t<div class=\"elementor-widget-wrap elementor-element-populated\">\n\t\t\t\t\t\t\t\t<div class=\"elementor-element elementor-element-3623be9 elementor-widget elementor-widget-heading\" data-id=\"3623be9\" data-element_type=\"widget\" data-widget_type=\"heading.default\">\n\t\t\t\t<div class=\"elementor-widget-container\">\n\t\t\t<h2 class=\"elementor-heading-title elementor-size-default\">CARACTER\u00cdSTICAS<\/h2>\t\t<\/div>\n\t\t\t\t<\/div>\n\t\t\t\t\t<\/div>\n\t\t<\/div>\n\t\t\t\t\t\t\t<\/div>\n\t\t<\/section>\n\t\t\t\t<section class=\"elementor-section elementor-top-section elementor-element elementor-element-a249ffd elementor-section-boxed elementor-section-height-default elementor-section-height-default\" data-id=\"a249ffd\" data-element_type=\"section\">\n\t\t\t\t\t\t<div class=\"elementor-container elementor-column-gap-default\">\n\t\t\t\t\t<div class=\"elementor-column elementor-col-100 elementor-top-column elementor-element elementor-element-01026d2\" data-id=\"01026d2\" data-element_type=\"column\">\n\t\t\t<div class=\"elementor-widget-wrap elementor-element-populated\">\n\t\t\t\t\t\t\t\t<div class=\"elementor-element elementor-element-cbd2de4 elementor-widget elementor-widget-text-editor\" data-id=\"cbd2de4\" data-element_type=\"widget\" data-widget_type=\"text-editor.default\">\n\t\t\t\t<div class=\"elementor-widget-container\">\n\t\t\t\t\t\t\t<p>1. Con un material compuesto de pl\u00e1stico flexible, puede garantizar la capacidad de rebote despu\u00e9s de los impactos, reduciendo el da\u00f1o al veh\u00edculo en comparaci\u00f3n con los bolardos de metal r\u00edgidos.<\/p><p>2. Con una banda reflectante de alta intensidad, puede lograr un 50% m\u00e1s de visibilidad en condiciones de poca luz que los modelos no reflectantes, mejorando la conciencia del conductor durante la noche o con poca visibilidad.<\/p><p>3. Con un dise\u00f1o resistente a los impactos, puede soportar colisiones mientras mantiene la integridad estructural, superando a las barreras de pl\u00e1stico est\u00e1ndar en durabilidad.<\/p><p>4. Con un dise\u00f1o modular, puede instalar o quitar los bolardos un 30% m\u00e1s r\u00e1pido que las instalaciones fijas tradicionales, lo que permite<\/p><p><span lang=\"EN-US\">Configuraci\u00f3n r\u00e1pida para escenarios de control de tr\u00e1fico temporal.<\/span><\/p><p>5. El material reflectante cumple con los est\u00e1ndares de seguridad vial para aplicaciones de alta visibilidad, lo que garantiza el cumplimiento normativo en entornos regulados.<\/p>\t\t\t\t\t\t<\/div>\n\t\t\t\t<\/div>\n\t\t\t\t\t<\/div>\n\t\t<\/div>\n\t\t\t\t\t\t\t<\/div>\n\t\t<\/section>\n\t\t\t\t\t\t\t<\/div>\n\t\t","protected":false},"excerpt":{"rendered":"<p>El poste delineador de tambor tambi\u00e9n se llama poste de advertencia de tambor, la base inferior del resorte es desmontable con recuperaci\u00f3n flexible despu\u00e9s de una colisi\u00f3n.<\/p>\n","protected":false},"featured_media":5217,"comment_status":"open","ping_status":"closed","template":"","meta":{"om_disable_all_campaigns":false,"_monsterinsights_skip_tracking":false,"_monsterinsights_sitenote_active":false,"_monsterinsights_sitenote_note":"","_monsterinsights_sitenote_category":0},"product_cat":[469,467,481],"product_tag":[482,484,483],"class_list":["post-5323","product","type-product","status-publish","has-post-thumbnail","hentry","product_cat-control-de-trafico","product_cat-poste-delineador","product_cat-poste-delineador-de-rebote","product_tag-poste-de-advertencia","product_tag-poste-de-advertencia-de-tambor","product_tag-poste-delineador"],"aioseo_notices":[],"_links":{"self":[{"href":"https:\/\/everstarsafety.com\/es\/wp-json\/wp\/v2\/product\/5323","targetHints":{"allow":["GET"]}}],"collection":[{"href":"https:\/\/everstarsafety.com\/es\/wp-json\/wp\/v2\/product"}],"about":[{"href":"https:\/\/everstarsafety.com\/es\/wp-json\/wp\/v2\/types\/product"}],"replies":[{"embeddable":true,"href":"https:\/\/everstarsafety.com\/es\/wp-json\/wp\/v2\/comments?post=5323"}],"version-history":[{"count":1,"href":"https:\/\/everstarsafety.com\/es\/wp-json\/wp\/v2\/product\/5323\/revisions"}],"predecessor-version":[{"id":5324,"href":"https:\/\/everstarsafety.com\/es\/wp-json\/wp\/v2\/product\/5323\/revisions\/5324"}],"wp:featuredmedia":[{"embeddable":true,"href":"https:\/\/everstarsafety.com\/es\/wp-json\/wp\/v2\/media\/5217"}],"wp:attachment":[{"href":"https:\/\/everstarsafety.com\/es\/wp-json\/wp\/v2\/media?parent=5323"}],"wp:term":[{"taxonomy":"product_cat","embeddable":true,"href":"https:\/\/everstarsafety.com\/es\/wp-json\/wp\/v2\/product_cat?post=5323"},{"taxonomy":"product_tag","embeddable":true,"href":"https:\/\/everstarsafety.com\/es\/wp-json\/wp\/v2\/product_tag?post=5323"}],"curies":[{"name":"wp","href":"https:\/\/api.w.org\/{rel}","templated":true}]}}