{"id":5337,"date":"2025-11-27T07:38:01","date_gmt":"2025-11-27T07:38:01","guid":{"rendered":"https:\/\/everstarsafety.com\/product\/poste-de-advertencia-de-pu-extraible-con-tacos-de-carretera-en-la-parte-inferior\/"},"modified":"2025-12-08T10:41:25","modified_gmt":"2025-12-08T10:41:25","slug":"poste-de-advertencia-de-pu-extraible-con-tacos-de-carretera-en-la-parte-inferior","status":"publish","type":"product","link":"https:\/\/everstarsafety.com\/es\/producto\/poste-de-advertencia-de-pu-extraible-con-tacos-de-carretera-en-la-parte-inferior\/","title":{"rendered":"Poste de advertencia de PU extra\u00edble con tacos de carretera en la parte inferior"},"content":{"rendered":"\t\t<div data-elementor-type=\"product-post\" data-elementor-id=\"5337\" class=\"elementor elementor-5337 elementor-5178\">\n\t\t\t\t\t\t\t\t\t<section class=\"elementor-section elementor-top-section elementor-element elementor-element-7633bdd elementor-section-boxed elementor-section-height-default elementor-section-height-default\" data-id=\"7633bdd\" data-element_type=\"section\">\n\t\t\t\t\t\t<div class=\"elementor-container elementor-column-gap-default\">\n\t\t\t\t\t<div class=\"elementor-column elementor-col-100 elementor-top-column elementor-element elementor-element-7880f56\" data-id=\"7880f56\" data-element_type=\"column\">\n\t\t\t<div class=\"elementor-widget-wrap elementor-element-populated\">\n\t\t\t\t\t\t\t\t<div class=\"elementor-element elementor-element-c27c46b elementor-widget elementor-widget-heading\" data-id=\"c27c46b\" data-element_type=\"widget\" data-widget_type=\"heading.default\">\n\t\t\t\t<div class=\"elementor-widget-container\">\n\t\t\t<style>\/*! elementor - v3.7.0 - 08-08-2022 *\/\n.elementor-heading-title{padding:0;margin:0;line-height:1}.elementor-widget-heading .elementor-heading-title[class*=elementor-size-]>a{color:inherit;font-size:inherit;line-height:inherit}.elementor-widget-heading .elementor-heading-title.elementor-size-small{font-size:15px}.elementor-widget-heading .elementor-heading-title.elementor-size-medium{font-size:19px}.elementor-widget-heading .elementor-heading-title.elementor-size-large{font-size:29px}.elementor-widget-heading .elementor-heading-title.elementor-size-xl{font-size:39px}.elementor-widget-heading .elementor-heading-title.elementor-size-xxl{font-size:59px}<\/style><h2 class=\"elementor-heading-title elementor-size-default\">CARACTER\u00cdSTICAS<\/h2>\t\t<\/div>\n\t\t\t\t<\/div>\n\t\t\t\t\t<\/div>\n\t\t<\/div>\n\t\t\t\t\t\t\t<\/div>\n\t\t<\/section>\n\t\t\t\t<section class=\"elementor-section elementor-top-section elementor-element elementor-element-9046d54 elementor-section-boxed elementor-section-height-default elementor-section-height-default\" data-id=\"9046d54\" data-element_type=\"section\">\n\t\t\t\t\t\t<div class=\"elementor-container elementor-column-gap-default\">\n\t\t\t\t\t<div class=\"elementor-column elementor-col-100 elementor-top-column elementor-element elementor-element-0031aca\" data-id=\"0031aca\" data-element_type=\"column\">\n\t\t\t<div class=\"elementor-widget-wrap elementor-element-populated\">\n\t\t\t\t\t\t\t\t<div class=\"elementor-element elementor-element-d3abc1e elementor-widget elementor-widget-text-editor\" data-id=\"d3abc1e\" data-element_type=\"widget\" data-widget_type=\"text-editor.default\">\n\t\t\t\t<div class=\"elementor-widget-container\">\n\t\t\t<style>\/*! elementor - v3.7.0 - 08-08-2022 *\/\n.elementor-widget-text-editor.elementor-drop-cap-view-stacked .elementor-drop-cap{background-color:#818a91;color:#fff}.elementor-widget-text-editor.elementor-drop-cap-view-framed .elementor-drop-cap{color:#818a91;border:3px solid;background-color:transparent}.elementor-widget-text-editor:not(.elementor-drop-cap-view-default) .elementor-drop-cap{margin-top:8px}.elementor-widget-text-editor:not(.elementor-drop-cap-view-default) .elementor-drop-cap-letter{width:1em;height:1em}.elementor-widget-text-editor .elementor-drop-cap{float:left;text-align:center;line-height:1;font-size:50px}.elementor-widget-text-editor .elementor-drop-cap-letter{display:inline-block}<\/style>\t\t\t\t<p>Magnetic elastic warning post belongs to anti-collision facility series. It adopts the PU elastic material for processing. Road stud bottom has expansion bolt and nuts for fixed installation, and top has neodymium magnet column can absorb the column. It can also be disassembled and commonly used phrases for high-end residential areas.   <\/p>\t\t\t\t\t\t<\/div>\n\t\t\t\t<\/div>\n\t\t\t\t\t<\/div>\n\t\t<\/div>\n\t\t\t\t\t\t\t<\/div>\n\t\t<\/section>\n\t\t\t\t<section class=\"elementor-section elementor-top-section elementor-element elementor-element-53aea9b elementor-section-boxed elementor-section-height-default elementor-section-height-default\" data-id=\"53aea9b\" data-element_type=\"section\">\n\t\t\t\t\t\t<div class=\"elementor-container elementor-column-gap-default\">\n\t\t\t\t\t<div class=\"elementor-column elementor-col-100 elementor-top-column elementor-element elementor-element-6681a19\" data-id=\"6681a19\" data-element_type=\"column\">\n\t\t\t<div class=\"elementor-widget-wrap elementor-element-populated\">\n\t\t\t\t\t\t\t\t<div class=\"elementor-element elementor-element-af1324f elementor-widget elementor-widget-heading\" data-id=\"af1324f\" data-element_type=\"widget\" data-widget_type=\"heading.default\">\n\t\t\t\t<div class=\"elementor-widget-container\">\n\t\t\t<h2 class=\"elementor-heading-title elementor-size-default\">ESPECIFICACI\u00d3N<\/h2>\t\t<\/div>\n\t\t\t\t<\/div>\n\t\t\t\t\t<\/div>\n\t\t<\/div>\n\t\t\t\t\t\t\t<\/div>\n\t\t<\/section>\n\t\t\t\t<section class=\"elementor-section elementor-top-section elementor-element elementor-element-229e304 elementor-section-boxed elementor-section-height-default elementor-section-height-default\" data-id=\"229e304\" data-element_type=\"section\">\n\t\t\t\t\t\t<div class=\"elementor-container elementor-column-gap-default\">\n\t\t\t\t\t<div class=\"elementor-column elementor-col-100 elementor-top-column elementor-element elementor-element-7be38fe\" data-id=\"7be38fe\" data-element_type=\"column\">\n\t\t\t<div class=\"elementor-widget-wrap elementor-element-populated\">\n\t\t\t\t\t\t\t\t<div class=\"elementor-element elementor-element-055dc72 elementor-widget elementor-widget-text-editor\" data-id=\"055dc72\" data-element_type=\"widget\" data-widget_type=\"text-editor.default\">\n\t\t\t\t<div class=\"elementor-widget-container\">\n\t\t\t\t\t\t\t<p> <\/p><table style=\"width: 537pt; border: none; margin-left: 6.75pt; margin-right: 6.75pt;\" border=\"1\" width=\"716\" cellspacing=\"0\" cellpadding=\"0\" align=\"left\"><tbody><tr style=\"mso-yfti-irow: -1; mso-yfti-firstrow: yes; mso-yfti-lastfirstrow: yes; height: 16.45pt;\"><td style=\"width: 106.5pt; border-top-width: 1pt; border-bottom-width: 1pt; border-left-width: 1pt; border-top-color: #e97132; border-bottom-color: #e97132; border-left-color: #e97132; border-image: initial; border-right: none; background: #e97132; padding: 0cm 5.4pt; height: 16.45pt;\" colspan=\"2\" valign=\"top\" width=\"142\"><p style=\"text-align: center; mso-yfti-cnfc: 5; mso-element: frame; mso-element-frame-hspace: 9.0pt; mso-element-wrap: around; mso-element-anchor-vertical: page; mso-element-anchor-horizontal: page; mso-element-left: 16.9pt; mso-element-top: 71.3pt; mso-height-rule: exactly;\" align=\"center\"><span lang=\"EN-US\" style=\"color: white; mso-themecolor: background1;\"> <\/span><\/p><\/td><td style=\"width: 430.5pt; border-width: 1pt; border-color: #e97132; border-image: initial; background: #e97132; padding: 0cm 5.4pt; height: 16.45pt;\" colspan=\"4\" valign=\"top\" width=\"574\"><p style=\"text-align: center; mso-yfti-cnfc: 1; mso-element: frame; mso-element-frame-hspace: 9.0pt; mso-element-wrap: around; mso-element-anchor-vertical: page; mso-element-anchor-horizontal: page; mso-element-left: 16.9pt; mso-element-top: 71.3pt; mso-height-rule: exactly;\" align=\"center\"><b><span lang=\"EN-US\" style=\"color: white; mso-themecolor: background1;\">Poste de advertencia extra\u00edble<\/span><\/b><\/p><\/td><\/tr><tr style=\"mso-yfti-irow: 0; height: 16.45pt;\"><td style=\"width: 85.4pt; border-right-width: 1pt; border-bottom-width: 1pt; border-left-width: 1pt; border-right-color: #f1a983; border-bottom-color: #f1a983; border-left-color: #f1a983; border-image: initial; border-top: none; background: #fae2d5; padding: 0cm 5.4pt; height: 16.45pt;\" valign=\"top\" width=\"114\"><p><b><span lang=\"EN-US\" style=\"color: black; mso-color-alt: windowtext;\">Modelo<\/span><\/b><\/p><\/td><td style=\"width: 91.55pt; border-top: none; border-left: none; border-bottom-width: 1pt; border-bottom-color: #f1a983; border-right-width: 1pt; border-right-color: #f1a983; background: #fae2d5; padding: 0cm 5.4pt; height: 16.45pt;\" colspan=\"2\" valign=\"top\" width=\"122\"><p><span lang=\"EN-US\" style=\"color: black; mso-color-alt: windowtext;\">ES-WP760A<\/span><\/p><\/td><td style=\"width: 121.45pt; border-top: none; border-left: none; border-bottom-width: 1pt; border-bottom-color: #f1a983; border-right-width: 1pt; border-right-color: #f1a983; background: #fae2d5; padding: 0cm 5.4pt; height: 16.45pt;\" valign=\"top\" width=\"162\"><p><span lang=\"EN-US\" style=\"color: black; mso-color-alt: windowtext;\">ES-WP760B<\/span><\/p><\/td><td style=\"width: 112.05pt; border-top: none; border-left: none; border-bottom-width: 1pt; border-bottom-color: #f1a983; border-right-width: 1pt; border-right-color: #f1a983; background: #fae2d5; padding: 0cm 5.4pt; height: 16.45pt;\" valign=\"top\" width=\"149\"><p><span lang=\"EN-US\" style=\"color: black; mso-color-alt: windowtext;\">ES-WP800<\/span><\/p><\/td><td style=\"width: 126.55pt; border-top: none; border-left: none; border-bottom-width: 1pt; border-bottom-color: #f1a983; border-right-width: 1pt; border-right-color: #f1a983; background: #fae2d5; padding: 0cm 5.4pt; height: 16.45pt;\" valign=\"top\" width=\"169\"><p><span lang=\"EN-US\" style=\"color: black; mso-color-alt: windowtext;\">ES-WP1100<\/span><\/p><\/td><\/tr><tr style=\"mso-yfti-irow: 1; height: 16.45pt;\"><td style=\"width: 85.4pt; border-right-width: 1pt; border-bottom-width: 1pt; border-left-width: 1pt; border-right-color: #f1a983; border-bottom-color: #f1a983; border-left-color: #f1a983; border-image: initial; border-top: none; padding: 0cm 5.4pt; height: 16.45pt;\" valign=\"top\" width=\"114\"><p><b>Categor\u00eda de producto<\/b><\/p><\/td><td style=\"width: 451.6pt; border-top: none; border-left: none; border-bottom-width: 1pt; border-bottom-color: #f1a983; border-right-width: 1pt; border-right-color: #f1a983; padding: 0cm 5.4pt; height: 16.45pt;\" colspan=\"5\" valign=\"top\" width=\"602\"><p><span lang=\"EN-US\">Poste de advertencia extra\u00edble<\/span><\/p><\/td><\/tr><tr style=\"mso-yfti-irow: 2; height: 16.45pt;\"><td style=\"width: 85.4pt; border-right-width: 1pt; border-bottom-width: 1pt; border-left-width: 1pt; border-right-color: #f1a983; border-bottom-color: #f1a983; border-left-color: #f1a983; border-image: initial; border-top: none; background: #fae2d5; padding: 0cm 5.4pt; height: 16.45pt;\" valign=\"top\" width=\"114\"><p><b><span lang=\"EN-US\" style=\"color: black; mso-color-alt: windowtext;\">Altura<\/span><\/b><\/p><\/td><td style=\"width: 91.55pt; border-top: none; border-left: none; border-bottom-width: 1pt; border-bottom-color: #f1a983; border-right-width: 1pt; border-right-color: #f1a983; background: #fae2d5; padding: 0cm 5.4pt; height: 16.45pt;\" colspan=\"2\" valign=\"top\" width=\"122\"><p><span lang=\"EN-US\" style=\"color: black; mso-color-alt: windowtext;\">760mm\/30\u2019\u2019<\/span><\/p><\/td><td style=\"width: 121.45pt; border-top: none; border-left: none; border-bottom-width: 1pt; border-bottom-color: #f1a983; border-right-width: 1pt; border-right-color: #f1a983; background: #fae2d5; padding: 0cm 5.4pt; height: 16.45pt;\" valign=\"top\" width=\"162\"><p><span lang=\"EN-US\" style=\"color: black; mso-color-alt: windowtext;\">760mm\/30\u2019\u2019<\/span><\/p><\/td><td style=\"width: 112.05pt; border-top: none; border-left: none; border-bottom-width: 1pt; border-bottom-color: #f1a983; border-right-width: 1pt; border-right-color: #f1a983; background: #fae2d5; padding: 0cm 5.4pt; height: 16.45pt;\" valign=\"top\" width=\"149\"><p><span lang=\"EN-US\" style=\"color: black; mso-color-alt: windowtext;\">800mm\/31.5\u2019\u2019<\/span><\/p><\/td><td style=\"width: 126.55pt; border-top: none; border-left: none; border-bottom-width: 1pt; border-bottom-color: #f1a983; border-right-width: 1pt; border-right-color: #f1a983; background: #fae2d5; padding: 0cm 5.4pt; height: 16.45pt;\" valign=\"top\" width=\"169\"><p><span lang=\"EN-US\" style=\"color: black; mso-color-alt: windowtext;\">1100mm\/43\u2019\u2019<\/span><\/p><\/td><\/tr><tr style=\"mso-yfti-irow: 3; height: 16.8pt;\"><td style=\"width: 85.4pt; border-right-width: 1pt; border-bottom-width: 1pt; border-left-width: 1pt; border-right-color: #f1a983; border-bottom-color: #f1a983; border-left-color: #f1a983; border-image: initial; border-top: none; padding: 0cm 5.4pt; height: 16.8pt;\" valign=\"top\" width=\"114\"><p><b>Peso<\/b><\/p><\/td><td style=\"width: 91.55pt; border-top: none; border-left: none; border-bottom-width: 1pt; border-bottom-color: #f1a983; border-right-width: 1pt; border-right-color: #f1a983; padding: 0cm 5.4pt; height: 16.8pt;\" colspan=\"2\" valign=\"top\" width=\"122\"><p><span lang=\"EN-US\">1.4kg\/3.08lbs<\/span><\/p><\/td><td style=\"width: 121.45pt; border-top: none; border-left: none; border-bottom-width: 1pt; border-bottom-color: #f1a983; border-right-width: 1pt; border-right-color: #f1a983; padding: 0cm 5.4pt; height: 16.8pt;\" valign=\"top\" width=\"162\"><p><span lang=\"EN-US\">1.5kg\/3.3lbs<\/span><\/p><\/td><td style=\"width: 112.05pt; border-top: none; border-left: none; border-bottom-width: 1pt; border-bottom-color: #f1a983; border-right-width: 1pt; border-right-color: #f1a983; padding: 0cm 5.4pt; height: 16.8pt;\" valign=\"top\" width=\"149\"><p><span lang=\"EN-US\">1.3kg\/\/2.86lbs<\/span><\/p><\/td><td style=\"width: 126.55pt; border-top: none; border-left: none; border-bottom-width: 1pt; border-bottom-color: #f1a983; border-right-width: 1pt; border-right-color: #f1a983; padding: 0cm 5.4pt; height: 16.8pt;\" valign=\"top\" width=\"169\"><p><span lang=\"EN-US\">4.0kg\/8.8lbs<\/span><\/p><\/td><\/tr><tr style=\"mso-yfti-irow: 4; height: 33.05pt;\"><td style=\"width: 85.4pt; border-right-width: 1pt; border-bottom-width: 1pt; border-left-width: 1pt; border-right-color: #f1a983; border-bottom-color: #f1a983; border-left-color: #f1a983; border-image: initial; border-top: none; background: #fae2d5; padding: 0cm 5.4pt; height: 33.05pt;\" valign=\"top\" width=\"114\"><p><b><span lang=\"EN-US\" style=\"color: black; mso-color-alt: windowtext;\">Tama\u00f1o de la base<\/span><\/b><\/p><\/td><td style=\"width: 91.55pt; border-top: none; border-left: none; border-bottom-width: 1pt; border-bottom-color: #f1a983; border-right-width: 1pt; border-right-color: #f1a983; background: #fae2d5; padding: 0cm 5.4pt; height: 33.05pt;\" colspan=\"2\" valign=\"top\" width=\"122\"><p><span lang=\"EN-US\" style=\"color: black; mso-color-alt: windowtext;\">800mm<\/span><\/p><\/td><td style=\"width: 121.45pt; border-top: none; border-left: none; border-bottom-width: 1pt; border-bottom-color: #f1a983; border-right-width: 1pt; border-right-color: #f1a983; background: #fae2d5; padding: 0cm 5.4pt; height: 33.05pt;\" valign=\"top\" width=\"162\"><p><span lang=\"EN-US\" style=\"color: black; mso-color-alt: windowtext;\">800mm<\/span><\/p><\/td><td style=\"width: 112.05pt; border-top: none; border-left: none; border-bottom-width: 1pt; border-bottom-color: #f1a983; border-right-width: 1pt; border-right-color: #f1a983; background: #fae2d5; padding: 0cm 5.4pt; height: 33.05pt;\" valign=\"top\" width=\"149\"><p><span lang=\"EN-US\" style=\"color: black; mso-color-alt: windowtext;\">800mm<\/span><\/p><\/td><td style=\"width: 126.55pt; border-top: none; border-left: none; border-bottom-width: 1pt; border-bottom-color: #f1a983; border-right-width: 1pt; border-right-color: #f1a983; background: #fae2d5; padding: 0cm 5.4pt; height: 33.05pt;\" valign=\"top\" width=\"169\"><p><span lang=\"EN-US\" style=\"color: black; mso-color-alt: windowtext;\">1270mm<\/span><\/p><\/td><\/tr><tr style=\"mso-yfti-irow: 5; height: 15.1pt;\"><td style=\"width: 85.4pt; border-right-width: 1pt; border-bottom-width: 1pt; border-left-width: 1pt; border-right-color: #f1a983; border-bottom-color: #f1a983; border-left-color: #f1a983; border-image: initial; border-top: none; padding: 0cm 5.4pt; height: 15.1pt;\" valign=\"top\" width=\"114\"><p><b>Color<\/b><\/p><\/td><td style=\"width: 451.6pt; border-top: none; border-left: none; border-bottom-width: 1pt; border-bottom-color: #f1a983; border-right-width: 1pt; border-right-color: #f1a983; padding: 0cm 5.4pt; height: 15.1pt;\" colspan=\"5\" valign=\"top\" width=\"602\"><p><span lang=\"EN-US\">Rojo, naranja, amarillo, negro, personalizado<\/span><\/p><\/td><\/tr><tr style=\"mso-yfti-irow: 6; height: 16.45pt;\"><td style=\"width: 85.4pt; border-right-width: 1pt; border-bottom-width: 1pt; border-left-width: 1pt; border-right-color: #f1a983; border-bottom-color: #f1a983; border-left-color: #f1a983; border-image: initial; border-top: none; background: #fae2d5; padding: 0cm 5.4pt; height: 16.45pt;\" valign=\"top\" width=\"114\"><p><b><span lang=\"EN-US\" style=\"color: black; mso-color-alt: windowtext;\">Material<\/span><\/b><\/p><\/td><td style=\"width: 451.6pt; border-top: none; border-left: none; border-bottom-width: 1pt; border-bottom-color: #f1a983; border-right-width: 1pt; border-right-color: #f1a983; background: #fae2d5; padding: 0cm 5.4pt; height: 16.45pt;\" colspan=\"5\" valign=\"top\" width=\"602\"><p><span lang=\"EN-US\" style=\"color: black; mso-color-alt: windowtext;\">100% poliuretano<\/span><\/p><\/td><\/tr><tr style=\"mso-yfti-irow: 7; height: 16.85pt;\"><td style=\"width: 85.4pt; border-right-width: 1pt; border-bottom-width: 1pt; border-left-width: 1pt; border-right-color: #f1a983; border-bottom-color: #f1a983; border-left-color: #f1a983; border-image: initial; border-top: none; padding: 0cm 5.4pt; height: 16.85pt;\" valign=\"top\" width=\"114\"><p><b>Moho<\/b><\/p><\/td><td style=\"width: 451.6pt; border-top: none; border-left: none; border-bottom-width: 1pt; border-bottom-color: #f1a983; border-right-width: 1pt; border-right-color: #f1a983; padding: 0cm 5.4pt; height: 16.85pt;\" colspan=\"5\" valign=\"top\" width=\"602\"><p><span lang=\"EN-US\">Moldeo por inyecci\u00f3n<\/span><\/p><\/td><\/tr><tr style=\"mso-yfti-irow: 8; height: 16.85pt;\"><td style=\"width: 85.4pt; border-right-width: 1pt; border-bottom-width: 1pt; border-left-width: 1pt; border-right-color: #f1a983; border-bottom-color: #f1a983; border-left-color: #f1a983; border-image: initial; border-top: none; background: #fae2d5; padding: 0cm 5.4pt; height: 16.85pt;\" valign=\"top\" width=\"114\"><p><b><span lang=\"EN-US\" style=\"color: black; mso-color-alt: windowtext;\">Sostenible <\/span><\/b><\/p><\/td><td style=\"width: 451.6pt; border-top: none; border-left: none; border-bottom-width: 1pt; border-bottom-color: #f1a983; border-right-width: 1pt; border-right-color: #f1a983; background: #fae2d5; padding: 0cm 5.4pt; height: 16.85pt;\" colspan=\"5\" valign=\"top\" width=\"602\"><p><span lang=\"EN-US\" style=\"color: black; mso-color-alt: windowtext;\">Sostenible<br>Reciclable<\/span><\/p><\/td><\/tr><tr style=\"mso-yfti-irow: 9; mso-yfti-lastrow: yes; height: 16.85pt;\"><td style=\"width: 85.4pt; border-right-width: 1pt; border-bottom-width: 1pt; border-left-width: 1pt; border-right-color: #f1a983; border-bottom-color: #f1a983; border-left-color: #f1a983; border-image: initial; border-top: none; padding: 0cm 5.4pt; height: 16.85pt;\" valign=\"top\" width=\"114\"><p><b>Por encargo<\/b><\/p><\/td><td style=\"width: 451.6pt; border-top: none; border-left: none; border-bottom-width: 1pt; border-bottom-color: #f1a983; border-right-width: 1pt; border-right-color: #f1a983; padding: 0cm 5.4pt; height: 16.85pt;\" colspan=\"5\" valign=\"top\" width=\"602\"><p><span lang=\"EN-US\">Plantillas personalizadas disponibles, pel\u00edcula reflectante de clase 1, pel\u00edcula reflectante de clase 2, pel\u00edcula reflectante de clase 3, collar reflectante 3M opcional<\/span><\/p><\/td><\/tr><\/tbody><\/table><p> <\/p>\t\t\t\t\t\t<\/div>\n\t\t\t\t<\/div>\n\t\t\t\t\t<\/div>\n\t\t<\/div>\n\t\t\t\t\t\t\t<\/div>\n\t\t<\/section>\n\t\t\t\t<section class=\"elementor-section elementor-top-section elementor-element elementor-element-6d8b77a elementor-section-boxed elementor-section-height-default elementor-section-height-default\" data-id=\"6d8b77a\" data-element_type=\"section\">\n\t\t\t\t\t\t<div class=\"elementor-container elementor-column-gap-default\">\n\t\t\t\t\t<div class=\"elementor-column elementor-col-100 elementor-top-column elementor-element elementor-element-e8bab30\" data-id=\"e8bab30\" data-element_type=\"column\">\n\t\t\t<div class=\"elementor-widget-wrap elementor-element-populated\">\n\t\t\t\t\t\t\t\t<div class=\"elementor-element elementor-element-990f506 elementor-widget elementor-widget-heading\" data-id=\"990f506\" data-element_type=\"widget\" data-widget_type=\"heading.default\">\n\t\t\t\t<div class=\"elementor-widget-container\">\n\t\t\t<h2 class=\"elementor-heading-title elementor-size-default\">CARACTER\u00cdSTICAS<\/h2>\t\t<\/div>\n\t\t\t\t<\/div>\n\t\t\t\t<div class=\"elementor-element elementor-element-fc4449b elementor-widget elementor-widget-text-editor\" data-id=\"fc4449b\" data-element_type=\"widget\" data-widget_type=\"text-editor.default\">\n\t\t\t\t<div class=\"elementor-widget-container\">\n\t\t\t\t\t\t\t<ol>\n<li>El dise\u00f1o magn\u00e9tico hace que sea f\u00e1cil de usar; los pernos de expansi\u00f3n hacen que sea f\u00e1cil de instalar.<\/li>\n<li>Poliuretano termopl\u00e1stico de alta resistencia al impacto.<\/li>\n<li>La base extra\u00edble tiene pernos de expansi\u00f3n y tuercas para instalaci\u00f3n fija.<\/li>\n<li>Es una alternativa a los pilares fijos que no se pueden utilizar en zonas residenciales, puertas de escuelas, \u00e1reas de actividades y pasos peatonales.<\/li><li>Se\u00f1ales de advertencia extremadamente flexibles con pel\u00edculas reflectantes de alto brillo.<\/li><li>Buen efecto de se\u00f1al de advertencia: se puede invertir para captar la atenci\u00f3n del conductor a tiempo y prestar atenci\u00f3n al \u00e1rea de peligro.<\/li><li>Las se\u00f1ales de advertencia flexibles y reflectantes son duraderas: resistentes a la alta presi\u00f3n, al plegado y al enrollado.<\/li><li>Las se\u00f1ales de advertencia reflectantes y flexibles son resistentes a la luz solar, al agua, a la intemperie y al color.<\/li>\n<li>\n<p>Resistente a impactos, a los rayos UV, anticorrosivo y duradero.<\/p>\n<\/li>\n<\/ol>\t\t\t\t\t\t<\/div>\n\t\t\t\t<\/div>\n\t\t\t\t\t<\/div>\n\t\t<\/div>\n\t\t\t\t\t\t\t<\/div>\n\t\t<\/section>\n\t\t\t\t\t\t\t<\/div>\n\t\t","protected":false},"excerpt":{"rendered":"<p>El poste de advertencia de PU removible con taco de carretera en la parte inferior es muy visible y es ideal para marcar pasillos alrededor de estacionamientos, zonas de construcci\u00f3n y espacios de trabajo comerciales.<\/p>\n","protected":false},"featured_media":5179,"comment_status":"open","ping_status":"closed","template":"","meta":{"om_disable_all_campaigns":false,"_monsterinsights_skip_tracking":false,"_monsterinsights_sitenote_active":false,"_monsterinsights_sitenote_note":"","_monsterinsights_sitenote_category":0},"product_cat":[469,485,467],"product_tag":[482,488,489,487],"class_list":["post-5337","product","type-product","status-publish","has-post-thumbnail","hentry","product_cat-control-de-trafico","product_cat-poste-de-advertencia-extraible","product_cat-poste-delineador","product_tag-poste-de-advertencia","product_tag-poste-de-advertencia-con-senalizador-de-carretera-en-la-parte-inferior","product_tag-poste-de-advertencia-magnetico","product_tag-removable-warning-post"],"aioseo_notices":[],"_links":{"self":[{"href":"https:\/\/everstarsafety.com\/es\/wp-json\/wp\/v2\/product\/5337","targetHints":{"allow":["GET"]}}],"collection":[{"href":"https:\/\/everstarsafety.com\/es\/wp-json\/wp\/v2\/product"}],"about":[{"href":"https:\/\/everstarsafety.com\/es\/wp-json\/wp\/v2\/types\/product"}],"replies":[{"embeddable":true,"href":"https:\/\/everstarsafety.com\/es\/wp-json\/wp\/v2\/comments?post=5337"}],"version-history":[{"count":1,"href":"https:\/\/everstarsafety.com\/es\/wp-json\/wp\/v2\/product\/5337\/revisions"}],"predecessor-version":[{"id":5339,"href":"https:\/\/everstarsafety.com\/es\/wp-json\/wp\/v2\/product\/5337\/revisions\/5339"}],"wp:featuredmedia":[{"embeddable":true,"href":"https:\/\/everstarsafety.com\/es\/wp-json\/wp\/v2\/media\/5179"}],"wp:attachment":[{"href":"https:\/\/everstarsafety.com\/es\/wp-json\/wp\/v2\/media?parent=5337"}],"wp:term":[{"taxonomy":"product_cat","embeddable":true,"href":"https:\/\/everstarsafety.com\/es\/wp-json\/wp\/v2\/product_cat?post=5337"},{"taxonomy":"product_tag","embeddable":true,"href":"https:\/\/everstarsafety.com\/es\/wp-json\/wp\/v2\/product_tag?post=5337"}],"curies":[{"name":"wp","href":"https:\/\/api.w.org\/{rel}","templated":true}]}}