{"id":5344,"date":"2025-11-27T07:26:19","date_gmt":"2025-11-27T07:26:19","guid":{"rendered":"https:\/\/everstarsafety.com\/product\/poste-de-advertencia-de-pu-extraible-de-760-mm\/"},"modified":"2025-12-08T10:45:31","modified_gmt":"2025-12-08T10:45:31","slug":"poste-de-advertencia-de-pu-extraible-de-760-mm","status":"publish","type":"product","link":"https:\/\/everstarsafety.com\/es\/producto\/poste-de-advertencia-de-pu-extraible-de-760-mm\/","title":{"rendered":"Poste de advertencia de PU extra\u00edble de 760 mm"},"content":{"rendered":"\t\t<div data-elementor-type=\"product-post\" data-elementor-id=\"5344\" class=\"elementor elementor-5344 elementor-5168\">\n\t\t\t\t\t\t\t\t\t<section class=\"elementor-section elementor-top-section elementor-element elementor-element-5daadf0 elementor-section-boxed elementor-section-height-default elementor-section-height-default\" data-id=\"5daadf0\" data-element_type=\"section\">\n\t\t\t\t\t\t<div class=\"elementor-container elementor-column-gap-default\">\n\t\t\t\t\t<div class=\"elementor-column elementor-col-100 elementor-top-column elementor-element elementor-element-e86b31e\" data-id=\"e86b31e\" data-element_type=\"column\">\n\t\t\t<div class=\"elementor-widget-wrap elementor-element-populated\">\n\t\t\t\t\t\t\t\t<div class=\"elementor-element elementor-element-2aa1b26 elementor-widget elementor-widget-heading\" data-id=\"2aa1b26\" data-element_type=\"widget\" data-widget_type=\"heading.default\">\n\t\t\t\t<div class=\"elementor-widget-container\">\n\t\t\t<style>\/*! elementor - v3.7.0 - 08-08-2022 *\/\n.elementor-heading-title{padding:0;margin:0;line-height:1}.elementor-widget-heading .elementor-heading-title[class*=elementor-size-]>a{color:inherit;font-size:inherit;line-height:inherit}.elementor-widget-heading .elementor-heading-title.elementor-size-small{font-size:15px}.elementor-widget-heading .elementor-heading-title.elementor-size-medium{font-size:19px}.elementor-widget-heading .elementor-heading-title.elementor-size-large{font-size:29px}.elementor-widget-heading .elementor-heading-title.elementor-size-xl{font-size:39px}.elementor-widget-heading .elementor-heading-title.elementor-size-xxl{font-size:59px}<\/style><h2 class=\"elementor-heading-title elementor-size-default\">CARACTER\u00cdSTICAS<\/h2>\t\t<\/div>\n\t\t\t\t<\/div>\n\t\t\t\t\t<\/div>\n\t\t<\/div>\n\t\t\t\t\t\t\t<\/div>\n\t\t<\/section>\n\t\t\t\t<section class=\"elementor-section elementor-top-section elementor-element elementor-element-7f5d3a1 elementor-section-boxed elementor-section-height-default elementor-section-height-default\" data-id=\"7f5d3a1\" data-element_type=\"section\">\n\t\t\t\t\t\t<div class=\"elementor-container elementor-column-gap-default\">\n\t\t\t\t\t<div class=\"elementor-column elementor-col-100 elementor-top-column elementor-element elementor-element-043048a\" data-id=\"043048a\" data-element_type=\"column\">\n\t\t\t<div class=\"elementor-widget-wrap elementor-element-populated\">\n\t\t\t\t\t\t\t\t<div class=\"elementor-element elementor-element-ef0ee69 elementor-widget elementor-widget-text-editor\" data-id=\"ef0ee69\" data-element_type=\"widget\" data-widget_type=\"text-editor.default\">\n\t\t\t\t<div class=\"elementor-widget-container\">\n\t\t\t<style>\/*! elementor - v3.7.0 - 08-08-2022 *\/\n.elementor-widget-text-editor.elementor-drop-cap-view-stacked .elementor-drop-cap{background-color:#818a91;color:#fff}.elementor-widget-text-editor.elementor-drop-cap-view-framed .elementor-drop-cap{color:#818a91;border:3px solid;background-color:transparent}.elementor-widget-text-editor:not(.elementor-drop-cap-view-default) .elementor-drop-cap{margin-top:8px}.elementor-widget-text-editor:not(.elementor-drop-cap-view-default) .elementor-drop-cap-letter{width:1em;height:1em}.elementor-widget-text-editor .elementor-drop-cap{float:left;text-align:center;line-height:1;font-size:50px}.elementor-widget-text-editor .elementor-drop-cap-letter{display:inline-block}<\/style>\t\t\t\t<p>El poste de advertencia de PU removible es adecuado para separar el tr\u00e1fico entrante y saliente de estacionamientos y almacenes, delinear carriles para el tr\u00e1fico en eventos, marcar peligros fuera de la carretera o en interiores, dirigir el tr\u00e1fico y sellar \u00e1reas restringidas, bloqueos de carreteras y gesti\u00f3n segura del flujo de tr\u00e1fico en estacionamientos, gasolineras, centros comerciales, parques cient\u00edficos y tecnol\u00f3gicos, hospitales y edificios de oficinas.<\/p>\t\t\t\t\t\t<\/div>\n\t\t\t\t<\/div>\n\t\t\t\t\t<\/div>\n\t\t<\/div>\n\t\t\t\t\t\t\t<\/div>\n\t\t<\/section>\n\t\t\t\t<section class=\"elementor-section elementor-top-section elementor-element elementor-element-a5230c3 elementor-section-boxed elementor-section-height-default elementor-section-height-default\" data-id=\"a5230c3\" data-element_type=\"section\">\n\t\t\t\t\t\t<div class=\"elementor-container elementor-column-gap-default\">\n\t\t\t\t\t<div class=\"elementor-column elementor-col-100 elementor-top-column elementor-element elementor-element-b8d7b1e\" data-id=\"b8d7b1e\" data-element_type=\"column\">\n\t\t\t<div class=\"elementor-widget-wrap elementor-element-populated\">\n\t\t\t\t\t\t\t\t<div class=\"elementor-element elementor-element-b2b602d elementor-widget elementor-widget-heading\" data-id=\"b2b602d\" data-element_type=\"widget\" data-widget_type=\"heading.default\">\n\t\t\t\t<div class=\"elementor-widget-container\">\n\t\t\t<h2 class=\"elementor-heading-title elementor-size-default\">ESPECIFICACI\u00d3N<\/h2>\t\t<\/div>\n\t\t\t\t<\/div>\n\t\t\t\t<div class=\"elementor-element elementor-element-2288621 elementor-widget elementor-widget-text-editor\" data-id=\"2288621\" data-element_type=\"widget\" data-widget_type=\"text-editor.default\">\n\t\t\t\t<div class=\"elementor-widget-container\">\n\t\t\t\t\t\t\t<p><br><\/p><table border=\"1\" cellspacing=\"0\" cellpadding=\"0\" align=\"left\" width=\"716\" style=\"width: 537pt; border: none; margin-left: 6.75pt; margin-right: 6.75pt;\">\n <tbody><tr style=\"mso-yfti-irow:-1;mso-yfti-firstrow:yes;mso-yfti-lastfirstrow:yes; height:16.45pt\">\n  <td width=\"142\" colspan=\"2\" valign=\"top\" style=\"width: 106.5pt; border-top-width: 1pt; border-bottom-width: 1pt; border-left-width: 1pt; border-top-color: rgb(233, 113, 50); border-bottom-color: rgb(233, 113, 50); border-left-color: rgb(233, 113, 50); border-image: initial; border-right: none; background: rgb(233, 113, 50); padding: 0cm 5.4pt; height: 16.45pt;\">\n  <p align=\"center\" style=\"text-align:center;mso-yfti-cnfc:5; mso-element:frame;mso-element-frame-hspace:9.0pt;mso-element-wrap:around; mso-element-anchor-vertical:page;mso-element-anchor-horizontal:page; mso-element-left:16.9pt;mso-element-top:71.3pt;mso-height-rule:exactly\"><span lang=\"EN-US\" style=\"color:white;mso-themecolor:background1\">&nbsp;<\/span><\/p>\n  <\/td>\n  <td width=\"574\" colspan=\"4\" valign=\"top\" style=\"width: 430.5pt; border-width: 1pt; border-color: rgb(233, 113, 50); border-image: initial; background: rgb(233, 113, 50); padding: 0cm 5.4pt; height: 16.45pt;\">\n  <p align=\"center\" style=\"text-align:center;mso-yfti-cnfc:1; mso-element:frame;mso-element-frame-hspace:9.0pt;mso-element-wrap:around; mso-element-anchor-vertical:page;mso-element-anchor-horizontal:page; mso-element-left:16.9pt;mso-element-top:71.3pt;mso-height-rule:exactly\"><b><span lang=\"EN-US\" style=\"color:white;mso-themecolor:background1\">Poste de advertencia extra\u00edble<\/span><\/b><span lang=\"EN-US\" style=\"color:white;mso-themecolor:background1\"><o:p><\/o:p><\/span><\/p>\n  <\/td>\n <\/tr>\n <tr style=\"mso-yfti-irow:0;height:16.45pt\">\n  <td width=\"114\" valign=\"top\" style=\"width: 85.4pt; border-right-width: 1pt; border-bottom-width: 1pt; border-left-width: 1pt; border-right-color: rgb(241, 169, 131); border-bottom-color: rgb(241, 169, 131); border-left-color: rgb(241, 169, 131); border-image: initial; border-top: none; background: rgb(250, 226, 213); padding: 0cm 5.4pt; height: 16.45pt;\">\n  <p><b><span lang=\"EN-US\" style=\"color:black;mso-color-alt:windowtext\">Modelo<\/span><\/b><span lang=\"EN-US\"><o:p><\/o:p><\/span><\/p>\n  <\/td>\n  <td width=\"122\" colspan=\"2\" valign=\"top\" style=\"width: 91.55pt; border-top: none; border-left: none; border-bottom-width: 1pt; border-bottom-color: rgb(241, 169, 131); border-right-width: 1pt; border-right-color: rgb(241, 169, 131); background: rgb(250, 226, 213); padding: 0cm 5.4pt; height: 16.45pt;\">\n  <p><span lang=\"EN-US\" style=\"color:black;mso-color-alt:windowtext\">ES-WP760A<\/span><span lang=\"EN-US\"><o:p><\/o:p><\/span><\/p>\n  <\/td>\n  <td width=\"162\" valign=\"top\" style=\"width: 121.45pt; border-top: none; border-left: none; border-bottom-width: 1pt; border-bottom-color: rgb(241, 169, 131); border-right-width: 1pt; border-right-color: rgb(241, 169, 131); background: rgb(250, 226, 213); padding: 0cm 5.4pt; height: 16.45pt;\">\n  <p><span lang=\"EN-US\" style=\"color:black;mso-color-alt:windowtext\">ES-WP760B<\/span><span lang=\"EN-US\"><o:p><\/o:p><\/span><\/p>\n  <\/td>\n  <td width=\"149\" valign=\"top\" style=\"width: 112.05pt; border-top: none; border-left: none; border-bottom-width: 1pt; border-bottom-color: rgb(241, 169, 131); border-right-width: 1pt; border-right-color: rgb(241, 169, 131); background: rgb(250, 226, 213); padding: 0cm 5.4pt; height: 16.45pt;\">\n  <p><span lang=\"EN-US\" style=\"color:black;mso-color-alt:windowtext\">ES-WP800<\/span><span lang=\"EN-US\"><o:p><\/o:p><\/span><\/p>\n  <\/td>\n  <td width=\"169\" valign=\"top\" style=\"width: 126.55pt; border-top: none; border-left: none; border-bottom-width: 1pt; border-bottom-color: rgb(241, 169, 131); border-right-width: 1pt; border-right-color: rgb(241, 169, 131); background: rgb(250, 226, 213); padding: 0cm 5.4pt; height: 16.45pt;\">\n  <p><span lang=\"EN-US\" style=\"color:black;mso-color-alt:windowtext\">ES-WP1100<\/span><span lang=\"EN-US\"><o:p><\/o:p><\/span><\/p>\n  <\/td>\n <\/tr>\n <tr style=\"mso-yfti-irow:1;height:16.45pt\">\n  <td width=\"114\" valign=\"top\" style=\"width: 85.4pt; border-right-width: 1pt; border-bottom-width: 1pt; border-left-width: 1pt; border-right-color: rgb(241, 169, 131); border-bottom-color: rgb(241, 169, 131); border-left-color: rgb(241, 169, 131); border-image: initial; border-top: none; padding: 0cm 5.4pt; height: 16.45pt;\">\n  <p><b>Categor\u00eda de producto<\/b><span lang=\"EN-US\"><o:p><\/o:p><\/span><\/p>\n  <\/td>\n  <td width=\"602\" colspan=\"5\" valign=\"top\" style=\"width: 451.6pt; border-top: none; border-left: none; border-bottom-width: 1pt; border-bottom-color: rgb(241, 169, 131); border-right-width: 1pt; border-right-color: rgb(241, 169, 131); padding: 0cm 5.4pt; height: 16.45pt;\">\n  <p><span lang=\"EN-US\">Poste de advertencia extra\u00edble<o:p><\/o:p><\/span><\/p>\n  <\/td>\n <\/tr>\n <tr style=\"mso-yfti-irow:2;height:16.45pt\">\n  <td width=\"114\" valign=\"top\" style=\"width: 85.4pt; border-right-width: 1pt; border-bottom-width: 1pt; border-left-width: 1pt; border-right-color: rgb(241, 169, 131); border-bottom-color: rgb(241, 169, 131); border-left-color: rgb(241, 169, 131); border-image: initial; border-top: none; background: rgb(250, 226, 213); padding: 0cm 5.4pt; height: 16.45pt;\">\n  <p><b><span lang=\"EN-US\" style=\"color:black;mso-color-alt:windowtext\">Altura<\/span><\/b><span lang=\"EN-US\"><o:p><\/o:p><\/span><\/p>\n  <\/td>\n  <td width=\"122\" colspan=\"2\" valign=\"top\" style=\"width: 91.55pt; border-top: none; border-left: none; border-bottom-width: 1pt; border-bottom-color: rgb(241, 169, 131); border-right-width: 1pt; border-right-color: rgb(241, 169, 131); background: rgb(250, 226, 213); padding: 0cm 5.4pt; height: 16.45pt;\">\n  <p><span lang=\"EN-US\" style=\"color:black;mso-color-alt:windowtext\">760mm\/30\u2019\u2019<\/span><span lang=\"EN-US\"><o:p><\/o:p><\/span><\/p>\n  <\/td>\n  <td width=\"162\" valign=\"top\" style=\"width: 121.45pt; border-top: none; border-left: none; border-bottom-width: 1pt; border-bottom-color: rgb(241, 169, 131); border-right-width: 1pt; border-right-color: rgb(241, 169, 131); background: rgb(250, 226, 213); padding: 0cm 5.4pt; height: 16.45pt;\">\n  <p><span lang=\"EN-US\" style=\"color:black;mso-color-alt:windowtext\">760mm\/30\u2019\u2019<\/span><span lang=\"EN-US\"><o:p><\/o:p><\/span><\/p>\n  <\/td>\n  <td width=\"149\" valign=\"top\" style=\"width: 112.05pt; border-top: none; border-left: none; border-bottom-width: 1pt; border-bottom-color: rgb(241, 169, 131); border-right-width: 1pt; border-right-color: rgb(241, 169, 131); background: rgb(250, 226, 213); padding: 0cm 5.4pt; height: 16.45pt;\">\n  <p><span lang=\"EN-US\" style=\"color:black;mso-color-alt:windowtext\">800mm\/31.5\u2019\u2019<\/span><span lang=\"EN-US\"><o:p><\/o:p><\/span><\/p>\n  <\/td>\n  <td width=\"169\" valign=\"top\" style=\"width: 126.55pt; border-top: none; border-left: none; border-bottom-width: 1pt; border-bottom-color: rgb(241, 169, 131); border-right-width: 1pt; border-right-color: rgb(241, 169, 131); background: rgb(250, 226, 213); padding: 0cm 5.4pt; height: 16.45pt;\">\n  <p><span lang=\"EN-US\" style=\"color:black;mso-color-alt:windowtext\">1100mm\/43\u2019\u2019<\/span><span lang=\"EN-US\"><o:p><\/o:p><\/span><\/p>\n  <\/td>\n <\/tr>\n <tr style=\"mso-yfti-irow:3;height:16.8pt\">\n  <td width=\"114\" valign=\"top\" style=\"width: 85.4pt; border-right-width: 1pt; border-bottom-width: 1pt; border-left-width: 1pt; border-right-color: rgb(241, 169, 131); border-bottom-color: rgb(241, 169, 131); border-left-color: rgb(241, 169, 131); border-image: initial; border-top: none; padding: 0cm 5.4pt; height: 16.8pt;\">\n  <p><b>Peso<\/b><span lang=\"EN-US\"><o:p><\/o:p><\/span><\/p>\n  <\/td>\n  <td width=\"122\" colspan=\"2\" valign=\"top\" style=\"width: 91.55pt; border-top: none; border-left: none; border-bottom-width: 1pt; border-bottom-color: rgb(241, 169, 131); border-right-width: 1pt; border-right-color: rgb(241, 169, 131); padding: 0cm 5.4pt; height: 16.8pt;\">\n  <p><span lang=\"EN-US\">1.4kg\/3.08lbs<o:p><\/o:p><\/span><\/p>\n  <\/td>\n  <td width=\"162\" valign=\"top\" style=\"width: 121.45pt; border-top: none; border-left: none; border-bottom-width: 1pt; border-bottom-color: rgb(241, 169, 131); border-right-width: 1pt; border-right-color: rgb(241, 169, 131); padding: 0cm 5.4pt; height: 16.8pt;\">\n  <p><span lang=\"EN-US\">1.5kg\/3.3lbs<o:p><\/o:p><\/span><\/p>\n  <\/td>\n  <td width=\"149\" valign=\"top\" style=\"width: 112.05pt; border-top: none; border-left: none; border-bottom-width: 1pt; border-bottom-color: rgb(241, 169, 131); border-right-width: 1pt; border-right-color: rgb(241, 169, 131); padding: 0cm 5.4pt; height: 16.8pt;\">\n  <p><span lang=\"EN-US\">1.3kg\/\/2.86lbs<o:p><\/o:p><\/span><\/p>\n  <\/td>\n  <td width=\"169\" valign=\"top\" style=\"width: 126.55pt; border-top: none; border-left: none; border-bottom-width: 1pt; border-bottom-color: rgb(241, 169, 131); border-right-width: 1pt; border-right-color: rgb(241, 169, 131); padding: 0cm 5.4pt; height: 16.8pt;\">\n  <p><span lang=\"EN-US\">4.0kg\/8.8lbs<o:p><\/o:p><\/span><\/p>\n  <\/td>\n <\/tr>\n <tr style=\"mso-yfti-irow:4;height:33.05pt\">\n  <td width=\"114\" valign=\"top\" style=\"width: 85.4pt; border-right-width: 1pt; border-bottom-width: 1pt; border-left-width: 1pt; border-right-color: rgb(241, 169, 131); border-bottom-color: rgb(241, 169, 131); border-left-color: rgb(241, 169, 131); border-image: initial; border-top: none; background: rgb(250, 226, 213); padding: 0cm 5.4pt; height: 33.05pt;\">\n  <p><b><span lang=\"EN-US\" style=\"color:black;mso-color-alt:windowtext\">Tama\u00f1o de la base<\/span><\/b><span lang=\"EN-US\"><o:p><\/o:p><\/span><\/p>\n  <\/td>\n  <td width=\"122\" colspan=\"2\" valign=\"top\" style=\"width: 91.55pt; border-top: none; border-left: none; border-bottom-width: 1pt; border-bottom-color: rgb(241, 169, 131); border-right-width: 1pt; border-right-color: rgb(241, 169, 131); background: rgb(250, 226, 213); padding: 0cm 5.4pt; height: 33.05pt;\">\n  <p><span lang=\"EN-US\" style=\"color:black;mso-color-alt:windowtext\">800mm<\/span><span lang=\"EN-US\"><o:p><\/o:p><\/span><\/p>\n  <\/td>\n  <td width=\"162\" valign=\"top\" style=\"width: 121.45pt; border-top: none; border-left: none; border-bottom-width: 1pt; border-bottom-color: rgb(241, 169, 131); border-right-width: 1pt; border-right-color: rgb(241, 169, 131); background: rgb(250, 226, 213); padding: 0cm 5.4pt; height: 33.05pt;\">\n  <p><span lang=\"EN-US\" style=\"color:black;mso-color-alt:windowtext\">800mm<\/span><span lang=\"EN-US\"><o:p><\/o:p><\/span><\/p>\n  <\/td>\n  <td width=\"149\" valign=\"top\" style=\"width: 112.05pt; border-top: none; border-left: none; border-bottom-width: 1pt; border-bottom-color: rgb(241, 169, 131); border-right-width: 1pt; border-right-color: rgb(241, 169, 131); background: rgb(250, 226, 213); padding: 0cm 5.4pt; height: 33.05pt;\">\n  <p><span lang=\"EN-US\" style=\"color:black;mso-color-alt:windowtext\">800mm<\/span><span lang=\"EN-US\"><o:p><\/o:p><\/span><\/p>\n  <\/td>\n  <td width=\"169\" valign=\"top\" style=\"width: 126.55pt; border-top: none; border-left: none; border-bottom-width: 1pt; border-bottom-color: rgb(241, 169, 131); border-right-width: 1pt; border-right-color: rgb(241, 169, 131); background: rgb(250, 226, 213); padding: 0cm 5.4pt; height: 33.05pt;\">\n  <p><span lang=\"EN-US\" style=\"color:black;mso-color-alt:windowtext\">1270mm<\/span><span lang=\"EN-US\"><o:p><\/o:p><\/span><\/p>\n  <\/td>\n <\/tr>\n <tr style=\"mso-yfti-irow:5;height:15.1pt\">\n  <td width=\"114\" valign=\"top\" style=\"width: 85.4pt; border-right-width: 1pt; border-bottom-width: 1pt; border-left-width: 1pt; border-right-color: rgb(241, 169, 131); border-bottom-color: rgb(241, 169, 131); border-left-color: rgb(241, 169, 131); border-image: initial; border-top: none; padding: 0cm 5.4pt; height: 15.1pt;\">\n  <p><b>Color<\/b><span lang=\"EN-US\"><o:p><\/o:p><\/span><\/p>\n  <\/td>\n  <td width=\"602\" colspan=\"5\" valign=\"top\" style=\"width: 451.6pt; border-top: none; border-left: none; border-bottom-width: 1pt; border-bottom-color: rgb(241, 169, 131); border-right-width: 1pt; border-right-color: rgb(241, 169, 131); padding: 0cm 5.4pt; height: 15.1pt;\">\n  <p><span lang=\"EN-US\">Rojo, naranja, amarillo, negro, personalizado<o:p><\/o:p><\/span><\/p>\n  <\/td>\n <\/tr>\n <tr style=\"mso-yfti-irow:6;height:16.45pt\">\n  <td width=\"114\" valign=\"top\" style=\"width: 85.4pt; border-right-width: 1pt; border-bottom-width: 1pt; border-left-width: 1pt; border-right-color: rgb(241, 169, 131); border-bottom-color: rgb(241, 169, 131); border-left-color: rgb(241, 169, 131); border-image: initial; border-top: none; background: rgb(250, 226, 213); padding: 0cm 5.4pt; height: 16.45pt;\">\n  <p><b><span lang=\"EN-US\" style=\"color:black;mso-color-alt:windowtext\">Material<\/span><\/b><span lang=\"EN-US\"><o:p><\/o:p><\/span><\/p>\n  <\/td>\n  <td width=\"602\" colspan=\"5\" valign=\"top\" style=\"width: 451.6pt; border-top: none; border-left: none; border-bottom-width: 1pt; border-bottom-color: rgb(241, 169, 131); border-right-width: 1pt; border-right-color: rgb(241, 169, 131); background: rgb(250, 226, 213); padding: 0cm 5.4pt; height: 16.45pt;\">\n  <p><span lang=\"EN-US\" style=\"color:black;mso-color-alt:windowtext\">100% poliuretano<\/span><span lang=\"EN-US\"><o:p><\/o:p><\/span><\/p>\n  <\/td>\n <\/tr>\n <tr style=\"mso-yfti-irow:7;height:16.85pt\">\n  <td width=\"114\" valign=\"top\" style=\"width: 85.4pt; border-right-width: 1pt; border-bottom-width: 1pt; border-left-width: 1pt; border-right-color: rgb(241, 169, 131); border-bottom-color: rgb(241, 169, 131); border-left-color: rgb(241, 169, 131); border-image: initial; border-top: none; padding: 0cm 5.4pt; height: 16.85pt;\">\n  <p><b>Moho<\/b><span lang=\"EN-US\"><o:p><\/o:p><\/span><\/p>\n  <\/td>\n  <td width=\"602\" colspan=\"5\" valign=\"top\" style=\"width: 451.6pt; border-top: none; border-left: none; border-bottom-width: 1pt; border-bottom-color: rgb(241, 169, 131); border-right-width: 1pt; border-right-color: rgb(241, 169, 131); padding: 0cm 5.4pt; height: 16.85pt;\">\n  <p><span lang=\"EN-US\">Moldeo por inyecci\u00f3n<o:p><\/o:p><\/span><\/p>\n  <\/td>\n <\/tr>\n <tr style=\"mso-yfti-irow:8;height:16.85pt\">\n  <td width=\"114\" valign=\"top\" style=\"width: 85.4pt; border-right-width: 1pt; border-bottom-width: 1pt; border-left-width: 1pt; border-right-color: rgb(241, 169, 131); border-bottom-color: rgb(241, 169, 131); border-left-color: rgb(241, 169, 131); border-image: initial; border-top: none; background: rgb(250, 226, 213); padding: 0cm 5.4pt; height: 16.85pt;\">\n  <p><b><span lang=\"EN-US\" style=\"color:black;mso-color-alt:windowtext\">Sostenible <\/span><\/b><span lang=\"EN-US\"><o:p><\/o:p><\/span><\/p>\n  <\/td>\n  <td width=\"602\" colspan=\"5\" valign=\"top\" style=\"width: 451.6pt; border-top: none; border-left: none; border-bottom-width: 1pt; border-bottom-color: rgb(241, 169, 131); border-right-width: 1pt; border-right-color: rgb(241, 169, 131); background: rgb(250, 226, 213); padding: 0cm 5.4pt; height: 16.85pt;\">\n  <p><span lang=\"EN-US\" style=\"color:black;mso-color-alt:windowtext\">Sostenible y Reciclable<\/span><span lang=\"EN-US\"><o:p><\/o:p><\/span><\/p>\n  <\/td>\n <\/tr>\n <tr style=\"mso-yfti-irow:9;mso-yfti-lastrow:yes;height:16.85pt\">\n  <td width=\"114\" valign=\"top\" style=\"width: 85.4pt; border-right-width: 1pt; border-bottom-width: 1pt; border-left-width: 1pt; border-right-color: rgb(241, 169, 131); border-bottom-color: rgb(241, 169, 131); border-left-color: rgb(241, 169, 131); border-image: initial; border-top: none; padding: 0cm 5.4pt; height: 16.85pt;\">\n  <p><b>Por encargo<\/b><span lang=\"EN-US\"><o:p><\/o:p><\/span><\/p>\n  <\/td>\n  <td width=\"602\" colspan=\"5\" valign=\"top\" style=\"width: 451.6pt; border-top: none; border-left: none; border-bottom-width: 1pt; border-bottom-color: rgb(241, 169, 131); border-right-width: 1pt; border-right-color: rgb(241, 169, 131); padding: 0cm 5.4pt; height: 16.85pt;\">\n  <p><span lang=\"EN-US\">Plantillas personalizadas disponibles, pel\u00edcula reflectante de clase 1, pel\u00edcula reflectante de clase 2, pel\u00edcula reflectante de clase 3, collar reflectante 3M opcional<o:p><\/o:p><\/span><\/p>\n  <\/td>\n <\/tr>\n<\/tbody><\/table><p><br><\/p>\t\t\t\t\t\t<\/div>\n\t\t\t\t<\/div>\n\t\t\t\t\t<\/div>\n\t\t<\/div>\n\t\t\t\t\t\t\t<\/div>\n\t\t<\/section>\n\t\t\t\t<section class=\"elementor-section elementor-top-section elementor-element elementor-element-07d9237 elementor-section-boxed elementor-section-height-default elementor-section-height-default\" data-id=\"07d9237\" data-element_type=\"section\">\n\t\t\t\t\t\t<div class=\"elementor-container elementor-column-gap-default\">\n\t\t\t\t\t<div class=\"elementor-column elementor-col-100 elementor-top-column elementor-element elementor-element-4b61aed\" data-id=\"4b61aed\" data-element_type=\"column\">\n\t\t\t<div class=\"elementor-widget-wrap elementor-element-populated\">\n\t\t\t\t\t\t\t\t<div class=\"elementor-element elementor-element-e2b1b79 elementor-widget elementor-widget-heading\" data-id=\"e2b1b79\" data-element_type=\"widget\" data-widget_type=\"heading.default\">\n\t\t\t\t<div class=\"elementor-widget-container\">\n\t\t\t<h2 class=\"elementor-heading-title elementor-size-default\">CARACTER\u00cdSTICAS<\/h2>\t\t<\/div>\n\t\t\t\t<\/div>\n\t\t\t\t\t<\/div>\n\t\t<\/div>\n\t\t\t\t\t\t\t<\/div>\n\t\t<\/section>\n\t\t\t\t<section class=\"elementor-section elementor-top-section elementor-element elementor-element-2e3c6df elementor-section-boxed elementor-section-height-default elementor-section-height-default\" data-id=\"2e3c6df\" data-element_type=\"section\">\n\t\t\t\t\t\t<div class=\"elementor-container elementor-column-gap-default\">\n\t\t\t\t\t<div class=\"elementor-column elementor-col-100 elementor-top-column elementor-element elementor-element-3e355be\" data-id=\"3e355be\" data-element_type=\"column\">\n\t\t\t<div class=\"elementor-widget-wrap elementor-element-populated\">\n\t\t\t\t\t\t\t\t<div class=\"elementor-element elementor-element-3e39df7 elementor-widget elementor-widget-text-editor\" data-id=\"3e39df7\" data-element_type=\"widget\" data-widget_type=\"text-editor.default\">\n\t\t\t\t<div class=\"elementor-widget-container\">\n\t\t\t\t\t\t\t<p>1. Poliuretano termopl\u00e1stico de alta resistencia al impacto.<\/p>\n<p>2. La base extra\u00edble tiene pernos de expansi\u00f3n y tuercas para instalaci\u00f3n fija.<\/p>\n<p>3. Es una alternativa a los pilares fijos que no se pueden utilizar en zonas residenciales, puertas de escuelas, \u00e1reas de actividades y pasos peatonales.<\/p>\n<p>4. Resistente a impactos, a los rayos UV, anticorrosivo y duradero.<\/p>\n<p>5. Se\u00f1ales de advertencia extremadamente flexibles con pel\u00edculas reflectantes de alto brillo.<\/p>\n<p>6. Las se\u00f1ales de advertencia reflectantes y flexibles son resistentes a la luz solar, al agua, a la intemperie y al color.<\/p>\n<p>7. Las se\u00f1ales de advertencia flexibles reflectantes son duraderas: resistentes a la alta presi\u00f3n, al plegado y al enrollado.<\/p>\n<p>8. Buen efecto de se\u00f1al de advertencia: se puede invertir para captar la atenci\u00f3n del conductor a tiempo y prestar atenci\u00f3n al \u00e1rea de peligro.<\/p>\t\t\t\t\t\t<\/div>\n\t\t\t\t<\/div>\n\t\t\t\t\t<\/div>\n\t\t<\/div>\n\t\t\t\t\t\t\t<\/div>\n\t\t<\/section>\n\t\t\t\t\t\t\t<\/div>\n\t\t","protected":false},"excerpt":{"rendered":"<p>El poste de advertencia de PU removible es muy visible y es ideal para marcar pasillos alrededor de estacionamientos, zonas de construcci\u00f3n y espacios de trabajo comerciales.<\/p>\n","protected":false},"featured_media":5170,"comment_status":"open","ping_status":"closed","template":"","meta":{"om_disable_all_campaigns":false,"_monsterinsights_skip_tracking":false,"_monsterinsights_sitenote_active":false,"_monsterinsights_sitenote_note":"","_monsterinsights_sitenote_category":0},"product_cat":[485,467],"product_tag":[482,486,487],"class_list":["post-5344","product","type-product","status-publish","has-post-thumbnail","hentry","product_cat-poste-de-advertencia-extraible","product_cat-poste-delineador","product_tag-poste-de-advertencia","product_tag-pu-warning-post","product_tag-removable-warning-post"],"aioseo_notices":[],"_links":{"self":[{"href":"https:\/\/everstarsafety.com\/es\/wp-json\/wp\/v2\/product\/5344","targetHints":{"allow":["GET"]}}],"collection":[{"href":"https:\/\/everstarsafety.com\/es\/wp-json\/wp\/v2\/product"}],"about":[{"href":"https:\/\/everstarsafety.com\/es\/wp-json\/wp\/v2\/types\/product"}],"replies":[{"embeddable":true,"href":"https:\/\/everstarsafety.com\/es\/wp-json\/wp\/v2\/comments?post=5344"}],"version-history":[{"count":1,"href":"https:\/\/everstarsafety.com\/es\/wp-json\/wp\/v2\/product\/5344\/revisions"}],"predecessor-version":[{"id":5345,"href":"https:\/\/everstarsafety.com\/es\/wp-json\/wp\/v2\/product\/5344\/revisions\/5345"}],"wp:featuredmedia":[{"embeddable":true,"href":"https:\/\/everstarsafety.com\/es\/wp-json\/wp\/v2\/media\/5170"}],"wp:attachment":[{"href":"https:\/\/everstarsafety.com\/es\/wp-json\/wp\/v2\/media?parent=5344"}],"wp:term":[{"taxonomy":"product_cat","embeddable":true,"href":"https:\/\/everstarsafety.com\/es\/wp-json\/wp\/v2\/product_cat?post=5344"},{"taxonomy":"product_tag","embeddable":true,"href":"https:\/\/everstarsafety.com\/es\/wp-json\/wp\/v2\/product_tag?post=5344"}],"curies":[{"name":"wp","href":"https:\/\/api.w.org\/{rel}","templated":true}]}}