{"id":5364,"date":"2025-11-27T06:38:19","date_gmt":"2025-11-27T06:38:19","guid":{"rendered":"https:\/\/everstarsafety.com\/product\/pu-warning-post\/"},"modified":"2025-12-08T12:47:15","modified_gmt":"2025-12-08T12:47:15","slug":"pu-warning-post","status":"publish","type":"product","link":"https:\/\/everstarsafety.com\/es\/producto\/pu-warning-post\/","title":{"rendered":"PU Warning Post"},"content":{"rendered":"\t\t<div data-elementor-type=\"product-post\" data-elementor-id=\"5364\" class=\"elementor elementor-5364 elementor-5136\">\n\t\t\t\t\t\t\t\t\t<section class=\"elementor-section elementor-top-section elementor-element elementor-element-174731e elementor-section-boxed elementor-section-height-default elementor-section-height-default\" data-id=\"174731e\" data-element_type=\"section\">\n\t\t\t\t\t\t<div class=\"elementor-container elementor-column-gap-default\">\n\t\t\t\t\t<div class=\"elementor-column elementor-col-100 elementor-top-column elementor-element elementor-element-b55fdcf\" data-id=\"b55fdcf\" data-element_type=\"column\">\n\t\t\t<div class=\"elementor-widget-wrap elementor-element-populated\">\n\t\t\t\t\t\t\t\t<div class=\"elementor-element elementor-element-05ad685 elementor-widget elementor-widget-heading\" data-id=\"05ad685\" data-element_type=\"widget\" data-widget_type=\"heading.default\">\n\t\t\t\t<div class=\"elementor-widget-container\">\n\t\t\t<style>\/*! elementor - v3.7.0 - 08-08-2022 *\/\n.elementor-heading-title{padding:0;margin:0;line-height:1}.elementor-widget-heading .elementor-heading-title[class*=elementor-size-]>a{color:inherit;font-size:inherit;line-height:inherit}.elementor-widget-heading .elementor-heading-title.elementor-size-small{font-size:15px}.elementor-widget-heading .elementor-heading-title.elementor-size-medium{font-size:19px}.elementor-widget-heading .elementor-heading-title.elementor-size-large{font-size:29px}.elementor-widget-heading .elementor-heading-title.elementor-size-xl{font-size:39px}.elementor-widget-heading .elementor-heading-title.elementor-size-xxl{font-size:59px}<\/style><h2 class=\"elementor-heading-title elementor-size-default\">CARACTER\u00cdSTICAS<\/h2>\t\t<\/div>\n\t\t\t\t<\/div>\n\t\t\t\t<div class=\"elementor-element elementor-element-e19b78c elementor-widget elementor-widget-text-editor\" data-id=\"e19b78c\" data-element_type=\"widget\" data-widget_type=\"text-editor.default\">\n\t\t\t\t<div class=\"elementor-widget-container\">\n\t\t\t<style>\/*! elementor - v3.7.0 - 08-08-2022 *\/\n.elementor-widget-text-editor.elementor-drop-cap-view-stacked .elementor-drop-cap{background-color:#818a91;color:#fff}.elementor-widget-text-editor.elementor-drop-cap-view-framed .elementor-drop-cap{color:#818a91;border:3px solid;background-color:transparent}.elementor-widget-text-editor:not(.elementor-drop-cap-view-default) .elementor-drop-cap{margin-top:8px}.elementor-widget-text-editor:not(.elementor-drop-cap-view-default) .elementor-drop-cap-letter{width:1em;height:1em}.elementor-widget-text-editor .elementor-drop-cap{float:left;text-align:center;line-height:1;font-size:50px}.elementor-widget-text-editor .elementor-drop-cap-letter{display:inline-block}<\/style>\t\t\t\t<p>El poste de advertencia de PU es adecuado para separar el tr\u00e1fico entrante y saliente de estacionamientos y almacenes, delimitar carriles para el tr\u00e1fico en eventos, marcar peligros fuera de la carretera o en interiores, dirigir el tr\u00e1fico y sellar \u00e1reas restringidas, bloqueos de carreteras y gesti\u00f3n segura del flujo de tr\u00e1fico en estacionamientos, gasolineras, centros comerciales, parques cient\u00edficos y tecnol\u00f3gicos, hospitales y edificios de oficinas.<\/p>\t\t\t\t\t\t<\/div>\n\t\t\t\t<\/div>\n\t\t\t\t\t<\/div>\n\t\t<\/div>\n\t\t\t\t\t\t\t<\/div>\n\t\t<\/section>\n\t\t\t\t<section class=\"elementor-section elementor-top-section elementor-element elementor-element-ed0c471 elementor-section-boxed elementor-section-height-default elementor-section-height-default\" data-id=\"ed0c471\" data-element_type=\"section\">\n\t\t\t\t\t\t<div class=\"elementor-container elementor-column-gap-default\">\n\t\t\t\t\t<div class=\"elementor-column elementor-col-100 elementor-top-column elementor-element elementor-element-3c49c46\" data-id=\"3c49c46\" data-element_type=\"column\">\n\t\t\t<div class=\"elementor-widget-wrap elementor-element-populated\">\n\t\t\t\t\t\t\t\t<div class=\"elementor-element elementor-element-63c3a77 elementor-widget elementor-widget-heading\" data-id=\"63c3a77\" data-element_type=\"widget\" data-widget_type=\"heading.default\">\n\t\t\t\t<div class=\"elementor-widget-container\">\n\t\t\t<h2 class=\"elementor-heading-title elementor-size-default\">ESPECIFICACI\u00d3N<\/h2>\t\t<\/div>\n\t\t\t\t<\/div>\n\t\t\t\t<div class=\"elementor-element elementor-element-f7f6d31 elementor-widget elementor-widget-text-editor\" data-id=\"f7f6d31\" data-element_type=\"widget\" data-widget_type=\"text-editor.default\">\n\t\t\t\t<div class=\"elementor-widget-container\">\n\t\t\t\t\t\t\t<p><br><\/p><table border=\"1\" cellspacing=\"0\" cellpadding=\"0\" align=\"left\" width=\"762\" style=\"width: 571.65pt; border: none; margin-left: 6.75pt; margin-right: 6.75pt;\">\n <tbody><tr style=\"mso-yfti-irow:-1;mso-yfti-firstrow:yes;mso-yfti-lastfirstrow:yes; height:17.9pt\">\n  <td width=\"762\" colspan=\"4\" valign=\"top\" style=\"width: 571.65pt; border-width: 1pt; border-color: rgb(233, 113, 50); border-image: initial; background: rgb(233, 113, 50); padding: 0cm 5.4pt; height: 17.9pt;\">\n  <p align=\"center\" style=\"text-align:center;mso-yfti-cnfc:5; mso-element:frame;mso-element-frame-hspace:9.0pt;mso-element-wrap:around; mso-element-anchor-vertical:page;mso-element-anchor-horizontal:page; mso-element-left:16.9pt;mso-element-top:71.3pt;mso-height-rule:exactly\"><b><span lang=\"EN-US\" style=\"color:white;mso-themecolor:background1\">Poste de advertencia<\/span><\/b><span lang=\"EN-US\" style=\"color:white;mso-themecolor:background1\"><o:p><\/o:p><\/span><\/p>\n  <\/td>\n <\/tr>\n <tr style=\"mso-yfti-irow:0;height:17.9pt\">\n  <td width=\"151\" valign=\"top\" style=\"width: 113.45pt; border-right-width: 1pt; border-bottom-width: 1pt; border-left-width: 1pt; border-right-color: rgb(241, 169, 131); border-bottom-color: rgb(241, 169, 131); border-left-color: rgb(241, 169, 131); border-image: initial; border-top: none; background: rgb(250, 226, 213); padding: 0cm 5.4pt; height: 17.9pt;\">\n  <p><b><span lang=\"EN-US\" style=\"color:black;mso-color-alt:windowtext\">Modelo<\/span><\/b><span lang=\"EN-US\"><o:p><\/o:p><\/span><\/p>\n  <\/td>\n  <td width=\"189\" valign=\"top\" style=\"width: 141.45pt; border-top: none; border-left: none; border-bottom-width: 1pt; border-bottom-color: rgb(241, 169, 131); border-right-width: 1pt; border-right-color: rgb(241, 169, 131); background: rgb(250, 226, 213); padding: 0cm 5.4pt; height: 17.9pt;\">\n  <p><span lang=\"EN-US\" style=\"color:black;mso-color-alt:windowtext\">ES-WP450PU<\/span><span lang=\"EN-US\"><o:p><\/o:p><\/span><\/p>\n  <\/td>\n  <td width=\"198\" valign=\"top\" style=\"width: 148.85pt; border-top: none; border-left: none; border-bottom-width: 1pt; border-bottom-color: rgb(241, 169, 131); border-right-width: 1pt; border-right-color: rgb(241, 169, 131); background: rgb(250, 226, 213); padding: 0cm 5.4pt; height: 17.9pt;\">\n  <p><span lang=\"EN-US\" style=\"color:black;mso-color-alt:windowtext\">ES-WP750PU<\/span><span lang=\"EN-US\"><o:p><\/o:p><\/span><\/p>\n  <\/td>\n  <td width=\"224\" valign=\"top\" style=\"width: 167.9pt; border-top: none; border-left: none; border-bottom-width: 1pt; border-bottom-color: rgb(241, 169, 131); border-right-width: 1pt; border-right-color: rgb(241, 169, 131); background: rgb(250, 226, 213); padding: 0cm 5.4pt; height: 17.9pt;\">\n  <p><span lang=\"EN-US\" style=\"color:black;mso-color-alt:windowtext\">ES-WP1000PU<\/span><span lang=\"EN-US\"><o:p><\/o:p><\/span><\/p>\n  <\/td>\n <\/tr>\n <tr style=\"mso-yfti-irow:1;height:17.9pt\">\n  <td width=\"151\" valign=\"top\" style=\"width: 113.45pt; border-right-width: 1pt; border-bottom-width: 1pt; border-left-width: 1pt; border-right-color: rgb(241, 169, 131); border-bottom-color: rgb(241, 169, 131); border-left-color: rgb(241, 169, 131); border-image: initial; border-top: none; padding: 0cm 5.4pt; height: 17.9pt;\">\n  <p><b>Categor\u00eda de producto<\/b><span lang=\"EN-US\"><o:p><\/o:p><\/span><\/p>\n  <\/td>\n  <td width=\"611\" colspan=\"3\" valign=\"top\" style=\"width: 458.2pt; border-top: none; border-left: none; border-bottom-width: 1pt; border-bottom-color: rgb(241, 169, 131); border-right-width: 1pt; border-right-color: rgb(241, 169, 131); padding: 0cm 5.4pt; height: 17.9pt;\">\n  <p><span lang=\"EN-US\">Poste de advertencia<o:p><\/o:p><\/span><\/p>\n  <\/td>\n <\/tr>\n <tr style=\"mso-yfti-irow:2;height:17.9pt\">\n  <td width=\"151\" valign=\"top\" style=\"width: 113.45pt; border-right-width: 1pt; border-bottom-width: 1pt; border-left-width: 1pt; border-right-color: rgb(241, 169, 131); border-bottom-color: rgb(241, 169, 131); border-left-color: rgb(241, 169, 131); border-image: initial; border-top: none; background: rgb(250, 226, 213); padding: 0cm 5.4pt; height: 17.9pt;\">\n  <p><b><span lang=\"EN-US\" style=\"color:black;mso-color-alt:windowtext\">Altura<\/span><\/b><span lang=\"EN-US\"><o:p><\/o:p><\/span><\/p>\n  <\/td>\n  <td width=\"189\" valign=\"top\" style=\"width: 141.45pt; border-top: none; border-left: none; border-bottom-width: 1pt; border-bottom-color: rgb(241, 169, 131); border-right-width: 1pt; border-right-color: rgb(241, 169, 131); background: rgb(250, 226, 213); padding: 0cm 5.4pt; height: 17.9pt;\">\n  <p><span lang=\"EN-US\" style=\"color:black;mso-color-alt:windowtext\">450mm\/18\u2019\u2019<\/span><span lang=\"EN-US\"><o:p><\/o:p><\/span><\/p>\n  <\/td>\n  <td width=\"198\" valign=\"top\" style=\"width: 148.85pt; border-top: none; border-left: none; border-bottom-width: 1pt; border-bottom-color: rgb(241, 169, 131); border-right-width: 1pt; border-right-color: rgb(241, 169, 131); background: rgb(250, 226, 213); padding: 0cm 5.4pt; height: 17.9pt;\">\n  <p><span lang=\"EN-US\" style=\"color:black;mso-color-alt:windowtext\">1150mm\/30\u2019\u2019<\/span><span lang=\"EN-US\"><o:p><\/o:p><\/span><\/p>\n  <\/td>\n  <td width=\"224\" valign=\"top\" style=\"width: 167.9pt; border-top: none; border-left: none; border-bottom-width: 1pt; border-bottom-color: rgb(241, 169, 131); border-right-width: 1pt; border-right-color: rgb(241, 169, 131); background: rgb(250, 226, 213); padding: 0cm 5.4pt; height: 17.9pt;\">\n  <p><span lang=\"EN-US\" style=\"color:black;mso-color-alt:windowtext\">1050mm\/39\u2019\u2019<\/span><span lang=\"EN-US\"><o:p><\/o:p><\/span><\/p>\n  <\/td>\n <\/tr>\n <tr style=\"mso-yfti-irow:3;height:18.25pt\">\n  <td width=\"151\" valign=\"top\" style=\"width: 113.45pt; border-right-width: 1pt; border-bottom-width: 1pt; border-left-width: 1pt; border-right-color: rgb(241, 169, 131); border-bottom-color: rgb(241, 169, 131); border-left-color: rgb(241, 169, 131); border-image: initial; border-top: none; padding: 0cm 5.4pt; height: 18.25pt;\">\n  <p><b>Peso<\/b><span lang=\"EN-US\"><o:p><\/o:p><\/span><\/p>\n  <\/td>\n  <td width=\"189\" valign=\"top\" style=\"width: 141.45pt; border-top: none; border-left: none; border-bottom-width: 1pt; border-bottom-color: rgb(241, 169, 131); border-right-width: 1pt; border-right-color: rgb(241, 169, 131); padding: 0cm 5.4pt; height: 18.25pt;\">\n  <p><span lang=\"EN-US\">0.8kg, 1.76lbs<o:p><\/o:p><\/span><\/p>\n  <\/td>\n  <td width=\"198\" valign=\"top\" style=\"width: 148.85pt; border-top: none; border-left: none; border-bottom-width: 1pt; border-bottom-color: rgb(241, 169, 131); border-right-width: 1pt; border-right-color: rgb(241, 169, 131); padding: 0cm 5.4pt; height: 18.25pt;\">\n  <p><span lang=\"EN-US\">1.3kg\/\/2.86lbs<o:p><\/o:p><\/span><\/p>\n  <\/td>\n  <td width=\"224\" valign=\"top\" style=\"width: 167.9pt; border-top: none; border-left: none; border-bottom-width: 1pt; border-bottom-color: rgb(241, 169, 131); border-right-width: 1pt; border-right-color: rgb(241, 169, 131); padding: 0cm 5.4pt; height: 18.25pt;\">\n  <p><span lang=\"EN-US\">1.7kg\/3.74lbs<o:p><\/o:p><\/span><\/p>\n  <\/td>\n <\/tr>\n <tr style=\"mso-yfti-irow:4;height:35.9pt\">\n  <td width=\"151\" valign=\"top\" style=\"width: 113.45pt; border-right-width: 1pt; border-bottom-width: 1pt; border-left-width: 1pt; border-right-color: rgb(241, 169, 131); border-bottom-color: rgb(241, 169, 131); border-left-color: rgb(241, 169, 131); border-image: initial; border-top: none; background: rgb(250, 226, 213); padding: 0cm 5.4pt; height: 35.9pt;\">\n  <p><b><span lang=\"EN-US\" style=\"color:black;mso-color-alt:windowtext\">Tama\u00f1o de la base<\/span><\/b><span lang=\"EN-US\"><o:p><\/o:p><\/span><\/p>\n  <\/td>\n  <td width=\"189\" valign=\"top\" style=\"width: 141.45pt; border-top: none; border-left: none; border-bottom-width: 1pt; border-bottom-color: rgb(241, 169, 131); border-right-width: 1pt; border-right-color: rgb(241, 169, 131); background: rgb(250, 226, 213); padding: 0cm 5.4pt; height: 35.9pt;\">\n  <p><span lang=\"EN-US\" style=\"color:black;mso-color-alt:windowtext\">200mm<\/span><span lang=\"EN-US\"><o:p><\/o:p><\/span><\/p>\n  <\/td>\n  <td width=\"198\" valign=\"top\" style=\"width: 148.85pt; border-top: none; border-left: none; border-bottom-width: 1pt; border-bottom-color: rgb(241, 169, 131); border-right-width: 1pt; border-right-color: rgb(241, 169, 131); background: rgb(250, 226, 213); padding: 0cm 5.4pt; height: 35.9pt;\">\n  <p><span lang=\"EN-US\" style=\"color:black;mso-color-alt:windowtext\">200mm<\/span><span lang=\"EN-US\"><o:p><\/o:p><\/span><\/p>\n  <\/td>\n  <td width=\"224\" valign=\"top\" style=\"width: 167.9pt; border-top: none; border-left: none; border-bottom-width: 1pt; border-bottom-color: rgb(241, 169, 131); border-right-width: 1pt; border-right-color: rgb(241, 169, 131); background: rgb(250, 226, 213); padding: 0cm 5.4pt; height: 35.9pt;\">\n  <p><span lang=\"EN-US\" style=\"color:black;mso-color-alt:windowtext\">200mm<\/span><span lang=\"EN-US\"><o:p><\/o:p><\/span><\/p>\n  <\/td>\n <\/tr>\n <tr style=\"mso-yfti-irow:5;height:16.45pt\">\n  <td width=\"151\" valign=\"top\" style=\"width: 113.45pt; border-right-width: 1pt; border-bottom-width: 1pt; border-left-width: 1pt; border-right-color: rgb(241, 169, 131); border-bottom-color: rgb(241, 169, 131); border-left-color: rgb(241, 169, 131); border-image: initial; border-top: none; padding: 0cm 5.4pt; height: 16.45pt;\">\n  <p><b>Color<\/b><span lang=\"EN-US\"><o:p><\/o:p><\/span><\/p>\n  <\/td>\n  <td width=\"611\" colspan=\"3\" valign=\"top\" style=\"width: 458.2pt; border-top: none; border-left: none; border-bottom-width: 1pt; border-bottom-color: rgb(241, 169, 131); border-right-width: 1pt; border-right-color: rgb(241, 169, 131); padding: 0cm 5.4pt; height: 16.45pt;\">\n  <p><span lang=\"EN-US\">Rojo, naranja, amarillo, negro, personalizado<o:p><\/o:p><\/span><\/p>\n  <\/td>\n <\/tr>\n <tr style=\"mso-yfti-irow:6;height:17.9pt\">\n  <td width=\"151\" valign=\"top\" style=\"width: 113.45pt; border-right-width: 1pt; border-bottom-width: 1pt; border-left-width: 1pt; border-right-color: rgb(241, 169, 131); border-bottom-color: rgb(241, 169, 131); border-left-color: rgb(241, 169, 131); border-image: initial; border-top: none; background: rgb(250, 226, 213); padding: 0cm 5.4pt; height: 17.9pt;\">\n  <p><b><span lang=\"EN-US\" style=\"color:black;mso-color-alt:windowtext\">Material<\/span><\/b><span lang=\"EN-US\"><o:p><\/o:p><\/span><\/p>\n  <\/td>\n  <td width=\"611\" colspan=\"3\" valign=\"top\" style=\"width: 458.2pt; border-top: none; border-left: none; border-bottom-width: 1pt; border-bottom-color: rgb(241, 169, 131); border-right-width: 1pt; border-right-color: rgb(241, 169, 131); background: rgb(250, 226, 213); padding: 0cm 5.4pt; height: 17.9pt;\">\n  <p><span lang=\"EN-US\" style=\"color:black;mso-color-alt:windowtext\">100% poliuretano<\/span><span lang=\"EN-US\"><o:p><\/o:p><\/span><\/p>\n  <\/td>\n <\/tr>\n <tr style=\"mso-yfti-irow:7;height:18.3pt\">\n  <td width=\"151\" valign=\"top\" style=\"width: 113.45pt; border-right-width: 1pt; border-bottom-width: 1pt; border-left-width: 1pt; border-right-color: rgb(241, 169, 131); border-bottom-color: rgb(241, 169, 131); border-left-color: rgb(241, 169, 131); border-image: initial; border-top: none; padding: 0cm 5.4pt; height: 18.3pt;\">\n  <p><b>Moho<\/b><span lang=\"EN-US\"><o:p><\/o:p><\/span><\/p>\n  <\/td>\n  <td width=\"611\" colspan=\"3\" valign=\"top\" style=\"width: 458.2pt; border-top: none; border-left: none; border-bottom-width: 1pt; border-bottom-color: rgb(241, 169, 131); border-right-width: 1pt; border-right-color: rgb(241, 169, 131); padding: 0cm 5.4pt; height: 18.3pt;\">\n  <p><span lang=\"EN-US\">Moldeo por inyecci\u00f3n<o:p><\/o:p><\/span><\/p>\n  <\/td>\n <\/tr>\n <tr style=\"mso-yfti-irow:8;height:18.3pt\">\n  <td width=\"151\" valign=\"top\" style=\"width: 113.45pt; border-right-width: 1pt; border-bottom-width: 1pt; border-left-width: 1pt; border-right-color: rgb(241, 169, 131); border-bottom-color: rgb(241, 169, 131); border-left-color: rgb(241, 169, 131); border-image: initial; border-top: none; background: rgb(250, 226, 213); padding: 0cm 5.4pt; height: 18.3pt;\">\n  <p><b><span lang=\"EN-US\" style=\"color:black;mso-color-alt:windowtext\">Sostenible <\/span><\/b><span lang=\"EN-US\"><o:p><\/o:p><\/span><\/p>\n  <\/td>\n  <td width=\"611\" colspan=\"3\" valign=\"top\" style=\"width: 458.2pt; border-top: none; border-left: none; border-bottom-width: 1pt; border-bottom-color: rgb(241, 169, 131); border-right-width: 1pt; border-right-color: rgb(241, 169, 131); background: rgb(250, 226, 213); padding: 0cm 5.4pt; height: 18.3pt;\">\n  <p><span lang=\"EN-US\" style=\"color:black;mso-color-alt:windowtext\">Sostenible y Reciclable<\/span><span lang=\"EN-US\"><o:p><\/o:p><\/span><\/p>\n  <\/td>\n <\/tr>\n <tr style=\"mso-yfti-irow:9;mso-yfti-lastrow:yes;height:18.3pt\">\n  <td width=\"151\" valign=\"top\" style=\"width: 113.45pt; border-right-width: 1pt; border-bottom-width: 1pt; border-left-width: 1pt; border-right-color: rgb(241, 169, 131); border-bottom-color: rgb(241, 169, 131); border-left-color: rgb(241, 169, 131); border-image: initial; border-top: none; padding: 0cm 5.4pt; height: 18.3pt;\">\n  <p><b>Por encargo<\/b><span lang=\"EN-US\"><o:p><\/o:p><\/span><\/p>\n  <\/td>\n  <td width=\"611\" colspan=\"3\" valign=\"top\" style=\"width: 458.2pt; border-top: none; border-left: none; border-bottom-width: 1pt; border-bottom-color: rgb(241, 169, 131); border-right-width: 1pt; border-right-color: rgb(241, 169, 131); padding: 0cm 5.4pt; height: 18.3pt;\">\n  <p><span lang=\"EN-US\">Custom Stenciling Available, Class 1 Reflective Film, Class 2\nReflective Film, Class 3 Reflective Film, 3M Reflective Collar Optional<o:p><\/o:p><\/span><\/p>\n  <\/td>\n <\/tr>\n<\/tbody><\/table><p><br><\/p>\t\t\t\t\t\t<\/div>\n\t\t\t\t<\/div>\n\t\t\t\t\t<\/div>\n\t\t<\/div>\n\t\t\t\t\t\t\t<\/div>\n\t\t<\/section>\n\t\t\t\t<section class=\"elementor-section elementor-top-section elementor-element elementor-element-f85eae9 elementor-section-boxed elementor-section-height-default elementor-section-height-default\" data-id=\"f85eae9\" data-element_type=\"section\">\n\t\t\t\t\t\t<div class=\"elementor-container elementor-column-gap-default\">\n\t\t\t\t\t<div class=\"elementor-column elementor-col-100 elementor-top-column elementor-element elementor-element-f30f18f\" data-id=\"f30f18f\" data-element_type=\"column\">\n\t\t\t<div class=\"elementor-widget-wrap elementor-element-populated\">\n\t\t\t\t\t\t\t\t<div class=\"elementor-element elementor-element-65355ad elementor-widget elementor-widget-heading\" data-id=\"65355ad\" data-element_type=\"widget\" data-widget_type=\"heading.default\">\n\t\t\t\t<div class=\"elementor-widget-container\">\n\t\t\t<h2 class=\"elementor-heading-title elementor-size-default\">CARACTER\u00cdSTICAS<\/h2>\t\t<\/div>\n\t\t\t\t<\/div>\n\t\t\t\t<div class=\"elementor-element elementor-element-e41ed0b elementor-widget elementor-widget-text-editor\" data-id=\"e41ed0b\" data-element_type=\"widget\" data-widget_type=\"text-editor.default\">\n\t\t\t\t<div class=\"elementor-widget-container\">\n\t\t\t\t\t\t\t<p>1. Poliuretano termopl\u00e1stico de alta resistencia al impacto.<\/p><p>2. Dise\u00f1o \u00fanico de base de molinete para una adhesi\u00f3n optimizada.<\/p><p>3. Resistente a impactos, a los rayos UV, anticorrosivo y duradero.<\/p><p>4. Se\u00f1ales de advertencia extremadamente flexibles con pel\u00edculas reflectantes de alto brillo.<\/p><p>5. Las se\u00f1ales de advertencia reflectantes y flexibles son resistentes a la luz solar, al agua, a la intemperie y al color.<\/p><p>6. Las se\u00f1ales de advertencia flexibles reflectantes son duraderas: resistentes a la alta presi\u00f3n, al plegado y al enrollado.<\/p><p>7. Buen efecto de se\u00f1al de advertencia: se puede invertir para captar la atenci\u00f3n del conductor a tiempo y prestar atenci\u00f3n al \u00e1rea de peligro.<\/p>\t\t\t\t\t\t<\/div>\n\t\t\t\t<\/div>\n\t\t\t\t\t<\/div>\n\t\t<\/div>\n\t\t\t\t\t\t\t<\/div>\n\t\t<\/section>\n\t\t\t\t\t\t\t<\/div>\n\t\t","protected":false},"excerpt":{"rendered":"<p>PU warning post is highly visible and ideal for designating walkways around parking lots, construction zones, and commercial workspaces.<\/p>\n","protected":false},"featured_media":5137,"comment_status":"open","ping_status":"closed","template":"","meta":{"om_disable_all_campaigns":false,"_monsterinsights_skip_tracking":false,"_monsterinsights_sitenote_active":false,"_monsterinsights_sitenote_note":"","_monsterinsights_sitenote_category":0},"product_cat":[469,468,467],"product_tag":[482,512,486],"class_list":["post-5364","product","type-product","status-publish","has-post-thumbnail","hentry","product_cat-control-de-trafico","product_cat-poste-de-advertencia-de-plastico","product_cat-poste-delineador","product_tag-poste-de-advertencia","product_tag-poste-delineador-flexible","product_tag-pu-warning-post"],"aioseo_notices":[],"_links":{"self":[{"href":"https:\/\/everstarsafety.com\/es\/wp-json\/wp\/v2\/product\/5364","targetHints":{"allow":["GET"]}}],"collection":[{"href":"https:\/\/everstarsafety.com\/es\/wp-json\/wp\/v2\/product"}],"about":[{"href":"https:\/\/everstarsafety.com\/es\/wp-json\/wp\/v2\/types\/product"}],"replies":[{"embeddable":true,"href":"https:\/\/everstarsafety.com\/es\/wp-json\/wp\/v2\/comments?post=5364"}],"version-history":[{"count":1,"href":"https:\/\/everstarsafety.com\/es\/wp-json\/wp\/v2\/product\/5364\/revisions"}],"predecessor-version":[{"id":5365,"href":"https:\/\/everstarsafety.com\/es\/wp-json\/wp\/v2\/product\/5364\/revisions\/5365"}],"wp:featuredmedia":[{"embeddable":true,"href":"https:\/\/everstarsafety.com\/es\/wp-json\/wp\/v2\/media\/5137"}],"wp:attachment":[{"href":"https:\/\/everstarsafety.com\/es\/wp-json\/wp\/v2\/media?parent=5364"}],"wp:term":[{"taxonomy":"product_cat","embeddable":true,"href":"https:\/\/everstarsafety.com\/es\/wp-json\/wp\/v2\/product_cat?post=5364"},{"taxonomy":"product_tag","embeddable":true,"href":"https:\/\/everstarsafety.com\/es\/wp-json\/wp\/v2\/product_tag?post=5364"}],"curies":[{"name":"wp","href":"https:\/\/api.w.org\/{rel}","templated":true}]}}