{"id":5372,"date":"2025-11-26T09:38:53","date_gmt":"2025-11-26T09:38:53","guid":{"rendered":"https:\/\/everstarsafety.com\/product\/poste-delineador-de-vaso-2\/"},"modified":"2025-12-08T13:00:46","modified_gmt":"2025-12-08T13:00:46","slug":"poste-delineador-de-vaso-2","status":"publish","type":"product","link":"https:\/\/everstarsafety.com\/es\/producto\/poste-delineador-de-vaso-2\/","title":{"rendered":"Poste delineador de vaso"},"content":{"rendered":"\t\t<div data-elementor-type=\"product-post\" data-elementor-id=\"5372\" class=\"elementor elementor-5372 elementor-5049\">\n\t\t\t\t\t\t\t\t\t<section class=\"elementor-section elementor-top-section elementor-element elementor-element-a887251 elementor-section-boxed elementor-section-height-default elementor-section-height-default\" data-id=\"a887251\" data-element_type=\"section\">\n\t\t\t\t\t\t<div class=\"elementor-container elementor-column-gap-default\">\n\t\t\t\t\t<div class=\"elementor-column elementor-col-100 elementor-top-column elementor-element elementor-element-d2d94f5\" data-id=\"d2d94f5\" data-element_type=\"column\">\n\t\t\t<div class=\"elementor-widget-wrap elementor-element-populated\">\n\t\t\t\t\t\t\t\t<div class=\"elementor-element elementor-element-50209b2 elementor-widget elementor-widget-text-editor\" data-id=\"50209b2\" data-element_type=\"widget\" data-widget_type=\"text-editor.default\">\n\t\t\t\t<div class=\"elementor-widget-container\">\n\t\t\t<style>\/*! elementor - v3.7.0 - 08-08-2022 *\/\n.elementor-widget-text-editor.elementor-drop-cap-view-stacked .elementor-drop-cap{background-color:#818a91;color:#fff}.elementor-widget-text-editor.elementor-drop-cap-view-framed .elementor-drop-cap{color:#818a91;border:3px solid;background-color:transparent}.elementor-widget-text-editor:not(.elementor-drop-cap-view-default) .elementor-drop-cap{margin-top:8px}.elementor-widget-text-editor:not(.elementor-drop-cap-view-default) .elementor-drop-cap-letter{width:1em;height:1em}.elementor-widget-text-editor .elementor-drop-cap{float:left;text-align:center;line-height:1;font-size:50px}.elementor-widget-text-editor .elementor-drop-cap-letter{display:inline-block}<\/style>\t\t\t\t<p>El poste delineador de rebote est\u00e1 dise\u00f1ado con un mecanismo de resorte de rebote y material pl\u00e1stico\/compuesto flexible para absorber los impactos mientras redirige de manera segura los veh\u00edculos y peatones.<\/p>\t\t\t\t\t\t<\/div>\n\t\t\t\t<\/div>\n\t\t\t\t\t<\/div>\n\t\t<\/div>\n\t\t\t\t\t\t\t<\/div>\n\t\t<\/section>\n\t\t\t\t<section class=\"elementor-section elementor-top-section elementor-element elementor-element-55ab728 elementor-section-boxed elementor-section-height-default elementor-section-height-default\" data-id=\"55ab728\" data-element_type=\"section\">\n\t\t\t\t\t\t<div class=\"elementor-container elementor-column-gap-default\">\n\t\t\t\t\t<div class=\"elementor-column elementor-col-100 elementor-top-column elementor-element elementor-element-5ce4aeb\" data-id=\"5ce4aeb\" data-element_type=\"column\">\n\t\t\t<div class=\"elementor-widget-wrap elementor-element-populated\">\n\t\t\t\t\t\t\t\t<div class=\"elementor-element elementor-element-8ab953c elementor-widget elementor-widget-heading\" data-id=\"8ab953c\" data-element_type=\"widget\" data-widget_type=\"heading.default\">\n\t\t\t\t<div class=\"elementor-widget-container\">\n\t\t\t<style>\/*! elementor - v3.7.0 - 08-08-2022 *\/\n.elementor-heading-title{padding:0;margin:0;line-height:1}.elementor-widget-heading .elementor-heading-title[class*=elementor-size-]>a{color:inherit;font-size:inherit;line-height:inherit}.elementor-widget-heading .elementor-heading-title.elementor-size-small{font-size:15px}.elementor-widget-heading .elementor-heading-title.elementor-size-medium{font-size:19px}.elementor-widget-heading .elementor-heading-title.elementor-size-large{font-size:29px}.elementor-widget-heading .elementor-heading-title.elementor-size-xl{font-size:39px}.elementor-widget-heading .elementor-heading-title.elementor-size-xxl{font-size:59px}<\/style><h2 class=\"elementor-heading-title elementor-size-default\">ESPECIFICACI\u00d3N<\/h2>\t\t<\/div>\n\t\t\t\t<\/div>\n\t\t\t\t\t<\/div>\n\t\t<\/div>\n\t\t\t\t\t\t\t<\/div>\n\t\t<\/section>\n\t\t\t\t<section class=\"elementor-section elementor-top-section elementor-element elementor-element-7b7f396 elementor-section-boxed elementor-section-height-default elementor-section-height-default\" data-id=\"7b7f396\" data-element_type=\"section\">\n\t\t\t\t\t\t<div class=\"elementor-container elementor-column-gap-default\">\n\t\t\t\t\t<div class=\"elementor-column elementor-col-100 elementor-top-column elementor-element elementor-element-97e372c\" data-id=\"97e372c\" data-element_type=\"column\">\n\t\t\t<div class=\"elementor-widget-wrap elementor-element-populated\">\n\t\t\t\t\t\t\t\t<div class=\"elementor-element elementor-element-5063334 elementor-widget elementor-widget-text-editor\" data-id=\"5063334\" data-element_type=\"widget\" data-widget_type=\"text-editor.default\">\n\t\t\t\t<div class=\"elementor-widget-container\">\n\t\t\t\t\t\t\t<p><br><\/p><div align=\"center\">\n\n<table border=\"1\" cellspacing=\"0\" cellpadding=\"0\" width=\"673\" style=\"width: 504.4pt; border: none;\">\n <tbody><tr style=\"mso-yfti-irow:-1;mso-yfti-firstrow:yes;mso-yfti-lastfirstrow:yes; height:16.25pt\">\n  <td width=\"396\" colspan=\"2\" valign=\"top\" style=\"width: 296.8pt; border-top-width: 1pt; border-bottom-width: 1pt; border-left-width: 1pt; border-top-color: rgb(233, 113, 50); border-bottom-color: rgb(233, 113, 50); border-left-color: rgb(233, 113, 50); border-image: initial; border-right: none; background: rgb(233, 113, 50); padding: 0cm 5.4pt; height: 16.25pt;\">\n  <p align=\"center\" style=\"text-align:center;mso-yfti-cnfc:5\"><b><span lang=\"EN-US\" style=\"color:white;mso-themecolor:background1\">&nbsp;&nbsp;&nbsp;&nbsp;&nbsp;&nbsp;&nbsp;&nbsp;&nbsp;&nbsp;&nbsp;&nbsp;&nbsp;&nbsp;&nbsp;&nbsp;&nbsp;&nbsp;&nbsp;&nbsp;&nbsp;&nbsp;&nbsp;&nbsp;&nbsp;&nbsp;&nbsp;&nbsp;&nbsp;&nbsp;&nbsp; Tumbler\nPoste delineador<o:p><\/o:p><\/span><\/b><\/p>\n  <\/td>\n  <td width=\"277\" valign=\"top\" style=\"width: 207.6pt; border-top-width: 1pt; border-right-width: 1pt; border-bottom-width: 1pt; border-top-color: rgb(233, 113, 50); border-right-color: rgb(233, 113, 50); border-bottom-color: rgb(233, 113, 50); border-image: initial; border-left: none; background: rgb(233, 113, 50); padding: 0cm 5.4pt; height: 16.25pt;\">\n  <p align=\"center\" style=\"text-align:center;mso-yfti-cnfc:1\"><b><span lang=\"EN-US\" style=\"color:white;mso-themecolor:background1\">&nbsp;<\/span><\/b><\/p>\n  <\/td>\n <\/tr>\n <tr style=\"mso-yfti-irow:0;height:16.25pt\">\n  <td width=\"119\" valign=\"top\" style=\"width: 89.2pt; border-right-width: 1pt; border-bottom-width: 1pt; border-left-width: 1pt; border-right-color: rgb(241, 169, 131); border-bottom-color: rgb(241, 169, 131); border-left-color: rgb(241, 169, 131); border-image: initial; border-top: none; background: rgb(250, 226, 213); padding: 0cm 5.4pt; height: 16.25pt;\">\n  <p><b><span lang=\"EN-US\" style=\"color:black;mso-color-alt:windowtext\">Modelo<\/span><span lang=\"EN-US\"><o:p><\/o:p><\/span><\/b><\/p>\n  <\/td>\n  <td width=\"277\" valign=\"top\" style=\"width: 207.6pt; border-top: none; border-left: none; border-bottom-width: 1pt; border-bottom-color: rgb(241, 169, 131); border-right-width: 1pt; border-right-color: rgb(241, 169, 131); background: rgb(250, 226, 213); padding: 0cm 5.4pt; height: 16.25pt;\">\n  <p><span lang=\"EN-US\" style=\"color:black;mso-color-alt:windowtext\">ES-WP830B<\/span><span lang=\"EN-US\"><o:p><\/o:p><\/span><\/p>\n  <\/td>\n  <td width=\"277\" valign=\"top\" style=\"width: 207.6pt; border-top: none; border-left: none; border-bottom-width: 1pt; border-bottom-color: rgb(241, 169, 131); border-right-width: 1pt; border-right-color: rgb(241, 169, 131); background: rgb(250, 226, 213); padding: 0cm 5.4pt; height: 16.25pt;\">\n  <p><span lang=\"EN-US\" style=\"color:black;mso-color-alt:windowtext\">ES-WP720<\/span><span lang=\"EN-US\"><o:p><\/o:p><\/span><\/p>\n  <\/td>\n <\/tr>\n <tr style=\"mso-yfti-irow:1;height:16.25pt\">\n  <td width=\"119\" valign=\"top\" style=\"width: 89.2pt; border-right-width: 1pt; border-bottom-width: 1pt; border-left-width: 1pt; border-right-color: rgb(241, 169, 131); border-bottom-color: rgb(241, 169, 131); border-left-color: rgb(241, 169, 131); border-image: initial; border-top: none; padding: 0cm 5.4pt; height: 16.25pt;\">\n  <p><b>Categor\u00eda de producto<o:p><\/o:p><\/b><\/p>\n  <\/td>\n  <td width=\"277\" valign=\"top\" style=\"width: 207.6pt; border-top: none; border-left: none; border-bottom-width: 1pt; border-bottom-color: rgb(241, 169, 131); border-right-width: 1pt; border-right-color: rgb(241, 169, 131); padding: 0cm 5.4pt; height: 16.25pt;\">\n  <p><span lang=\"EN-US\">Tumbler Delineator Post\/Elastic Spring\nBase<o:p><\/o:p><\/span><\/p>\n  <\/td>\n  <td width=\"277\" valign=\"top\" style=\"width: 207.6pt; border-top: none; border-left: none; border-bottom-width: 1pt; border-bottom-color: rgb(241, 169, 131); border-right-width: 1pt; border-right-color: rgb(241, 169, 131); padding: 0cm 5.4pt; height: 16.25pt;\">\n  <p><span lang=\"EN-US\">Poste delineador de vaso<o:p><\/o:p><\/span><\/p>\n  <\/td>\n <\/tr>\n <tr style=\"mso-yfti-irow:2;height:16.25pt\">\n  <td width=\"119\" valign=\"top\" style=\"width: 89.2pt; border-right-width: 1pt; border-bottom-width: 1pt; border-left-width: 1pt; border-right-color: rgb(241, 169, 131); border-bottom-color: rgb(241, 169, 131); border-left-color: rgb(241, 169, 131); border-image: initial; border-top: none; background: rgb(250, 226, 213); padding: 0cm 5.4pt; height: 16.25pt;\">\n  <p><b><span lang=\"EN-US\" style=\"color:black;mso-color-alt:windowtext\">Altura<\/span><span lang=\"EN-US\"><o:p><\/o:p><\/span><\/b><\/p>\n  <\/td>\n  <td width=\"277\" valign=\"top\" style=\"width: 207.6pt; border-top: none; border-left: none; border-bottom-width: 1pt; border-bottom-color: rgb(241, 169, 131); border-right-width: 1pt; border-right-color: rgb(241, 169, 131); background: rgb(250, 226, 213); padding: 0cm 5.4pt; height: 16.25pt;\">\n  <p><span lang=\"EN-US\" style=\"color:black;mso-color-alt:windowtext\">830mm\/33\u2019\u2019<\/span><span lang=\"EN-US\"><o:p><\/o:p><\/span><\/p>\n  <\/td>\n  <td width=\"277\" valign=\"top\" style=\"width: 207.6pt; border-top: none; border-left: none; border-bottom-width: 1pt; border-bottom-color: rgb(241, 169, 131); border-right-width: 1pt; border-right-color: rgb(241, 169, 131); background: rgb(250, 226, 213); padding: 0cm 5.4pt; height: 16.25pt;\">\n  <p><span lang=\"EN-US\" style=\"color:black;mso-color-alt:windowtext\">720mm\/28\u2019\u2019<\/span><span lang=\"EN-US\"><o:p><\/o:p><\/span><\/p>\n  <\/td>\n <\/tr>\n <tr style=\"mso-yfti-irow:3;height:16.6pt\">\n  <td width=\"119\" valign=\"top\" style=\"width: 89.2pt; border-right-width: 1pt; border-bottom-width: 1pt; border-left-width: 1pt; border-right-color: rgb(241, 169, 131); border-bottom-color: rgb(241, 169, 131); border-left-color: rgb(241, 169, 131); border-image: initial; border-top: none; padding: 0cm 5.4pt; height: 16.6pt;\">\n  <p><b>Peso<o:p><\/o:p><\/b><\/p>\n  <\/td>\n  <td width=\"277\" valign=\"top\" style=\"width: 207.6pt; border-top: none; border-left: none; border-bottom-width: 1pt; border-bottom-color: rgb(241, 169, 131); border-right-width: 1pt; border-right-color: rgb(241, 169, 131); padding: 0cm 5.4pt; height: 16.6pt;\">\n  <p><span lang=\"EN-US\">3.6kg\/7.92lbs<o:p><\/o:p><\/span><\/p>\n  <\/td>\n  <td width=\"277\" valign=\"top\" style=\"width: 207.6pt; border-top: none; border-left: none; border-bottom-width: 1pt; border-bottom-color: rgb(241, 169, 131); border-right-width: 1pt; border-right-color: rgb(241, 169, 131); padding: 0cm 5.4pt; height: 16.6pt;\">\n  <p><span lang=\"EN-US\">1.3kg\/2.86lbs<o:p><\/o:p><\/span><\/p>\n  <\/td>\n <\/tr>\n <tr style=\"mso-yfti-irow:4;height:18.8pt\">\n  <td width=\"119\" valign=\"top\" style=\"width: 89.2pt; border-right-width: 1pt; border-bottom-width: 1pt; border-left-width: 1pt; border-right-color: rgb(241, 169, 131); border-bottom-color: rgb(241, 169, 131); border-left-color: rgb(241, 169, 131); border-image: initial; border-top: none; background: rgb(250, 226, 213); padding: 0cm 5.4pt; height: 18.8pt;\">\n  <p><b><span lang=\"EN-US\" style=\"color:black;mso-color-alt:windowtext\">Tama\u00f1o de la base<\/span><span lang=\"EN-US\"><o:p><\/o:p><\/span><\/b><\/p>\n  <\/td>\n  <td width=\"277\" valign=\"top\" style=\"width: 207.6pt; border-top: none; border-left: none; border-bottom-width: 1pt; border-bottom-color: rgb(241, 169, 131); border-right-width: 1pt; border-right-color: rgb(241, 169, 131); background: rgb(250, 226, 213); padding: 0cm 5.4pt; height: 18.8pt;\">\n  <p><span lang=\"EN-US\" style=\"color:black;mso-color-alt:windowtext\">250mm<\/span><span lang=\"EN-US\"><o:p><\/o:p><\/span><\/p>\n  <\/td>\n  <td width=\"277\" valign=\"top\" style=\"width: 207.6pt; border-top: none; border-left: none; border-bottom-width: 1pt; border-bottom-color: rgb(241, 169, 131); border-right-width: 1pt; border-right-color: rgb(241, 169, 131); background: rgb(250, 226, 213); padding: 0cm 5.4pt; height: 18.8pt;\">\n  <p><span lang=\"EN-US\" style=\"color:black;mso-color-alt:windowtext\">90mm<\/span><span lang=\"EN-US\"><o:p><\/o:p><\/span><\/p>\n  <\/td>\n <\/tr>\n <tr style=\"mso-yfti-irow:5;height:14.95pt\">\n  <td width=\"119\" valign=\"top\" style=\"width: 89.2pt; border-right-width: 1pt; border-bottom-width: 1pt; border-left-width: 1pt; border-right-color: rgb(241, 169, 131); border-bottom-color: rgb(241, 169, 131); border-left-color: rgb(241, 169, 131); border-image: initial; border-top: none; padding: 0cm 5.4pt; height: 14.95pt;\">\n  <p><b>Color<o:p><\/o:p><\/b><\/p>\n  <\/td>\n  <td width=\"277\" valign=\"top\" style=\"width: 207.6pt; border-top: none; border-left: none; border-bottom-width: 1pt; border-bottom-color: rgb(241, 169, 131); border-right-width: 1pt; border-right-color: rgb(241, 169, 131); padding: 0cm 5.4pt; height: 14.95pt;\">\n  <p><span lang=\"EN-US\">Rojo, personalizable<o:p><\/o:p><\/span><\/p>\n  <\/td>\n  <td width=\"277\" valign=\"top\" style=\"width: 207.6pt; border-top: none; border-left: none; border-bottom-width: 1pt; border-bottom-color: rgb(241, 169, 131); border-right-width: 1pt; border-right-color: rgb(241, 169, 131); padding: 0cm 5.4pt; height: 14.95pt;\">\n  <p><span lang=\"EN-US\">Roja, verde, azul, amarilla, personalizable<o:p><\/o:p><\/span><\/p>\n  <\/td>\n <\/tr>\n <tr style=\"mso-yfti-irow:6;height:16.25pt\">\n  <td width=\"119\" valign=\"top\" style=\"width: 89.2pt; border-right-width: 1pt; border-bottom-width: 1pt; border-left-width: 1pt; border-right-color: rgb(241, 169, 131); border-bottom-color: rgb(241, 169, 131); border-left-color: rgb(241, 169, 131); border-image: initial; border-top: none; background: rgb(250, 226, 213); padding: 0cm 5.4pt; height: 16.25pt;\">\n  <p><b><span lang=\"EN-US\" style=\"color:black;mso-color-alt:windowtext\">Material<\/span><span lang=\"EN-US\"><o:p><\/o:p><\/span><\/b><\/p>\n  <\/td>\n  <td width=\"277\" valign=\"top\" style=\"width: 207.6pt; border-top: none; border-left: none; border-bottom-width: 1pt; border-bottom-color: rgb(241, 169, 131); border-right-width: 1pt; border-right-color: rgb(241, 169, 131); background: rgb(250, 226, 213); padding: 0cm 5.4pt; height: 16.25pt;\">\n  <p><span lang=\"EN-US\" style=\"color:black;mso-color-alt:windowtext\">100% Polyurethane, Black Rubber\nBase<\/span><span lang=\"EN-US\"><o:p><\/o:p><\/span><\/p>\n  <\/td>\n  <td width=\"277\" valign=\"top\" style=\"width: 207.6pt; border-top: none; border-left: none; border-bottom-width: 1pt; border-bottom-color: rgb(241, 169, 131); border-right-width: 1pt; border-right-color: rgb(241, 169, 131); background: rgb(250, 226, 213); padding: 0cm 5.4pt; height: 16.25pt;\">\n  <p><span lang=\"EN-US\" style=\"color:black;mso-color-alt:windowtext\">100% polietileno<\/span><span lang=\"EN-US\"><o:p><\/o:p><\/span><\/p>\n  <\/td>\n <\/tr>\n <tr style=\"mso-yfti-irow:7;height:16.6pt\">\n  <td width=\"119\" valign=\"top\" style=\"width: 89.2pt; border-right-width: 1pt; border-bottom-width: 1pt; border-left-width: 1pt; border-right-color: rgb(241, 169, 131); border-bottom-color: rgb(241, 169, 131); border-left-color: rgb(241, 169, 131); border-image: initial; border-top: none; padding: 0cm 5.4pt; height: 16.6pt;\">\n  <p><b>Moho<o:p><\/o:p><\/b><\/p>\n  <\/td>\n  <td width=\"554\" colspan=\"2\" valign=\"top\" style=\"width: 415.2pt; border-top: none; border-left: none; border-bottom-width: 1pt; border-bottom-color: rgb(241, 169, 131); border-right-width: 1pt; border-right-color: rgb(241, 169, 131); padding: 0cm 5.4pt; height: 16.6pt;\">\n  <p><span lang=\"EN-US\">Moldeo por inyecci\u00f3n<o:p><\/o:p><\/span><\/p>\n  <\/td>\n <\/tr>\n <tr style=\"mso-yfti-irow:8;height:16.6pt\">\n  <td width=\"119\" valign=\"top\" style=\"width: 89.2pt; border-right-width: 1pt; border-bottom-width: 1pt; border-left-width: 1pt; border-right-color: rgb(241, 169, 131); border-bottom-color: rgb(241, 169, 131); border-left-color: rgb(241, 169, 131); border-image: initial; border-top: none; background: rgb(250, 226, 213); padding: 0cm 5.4pt; height: 16.6pt;\">\n  <p><b><span lang=\"EN-US\" style=\"color:black;mso-color-alt:windowtext\">Sostenible <\/span><span lang=\"EN-US\"><o:p><\/o:p><\/span><\/b><\/p>\n  <\/td>\n  <td width=\"554\" colspan=\"2\" valign=\"top\" style=\"width: 415.2pt; border-top: none; border-left: none; border-bottom-width: 1pt; border-bottom-color: rgb(241, 169, 131); border-right-width: 1pt; border-right-color: rgb(241, 169, 131); background: rgb(250, 226, 213); padding: 0cm 5.4pt; height: 16.6pt;\">\n  <p><span lang=\"EN-US\" style=\"color:black;mso-color-alt:windowtext\">Sostenible y Reciclable<\/span><span lang=\"EN-US\"><o:p><\/o:p><\/span><\/p>\n  <\/td>\n <\/tr>\n <tr style=\"mso-yfti-irow:9;mso-yfti-lastrow:yes;height:16.6pt\">\n  <td width=\"119\" valign=\"top\" style=\"width: 89.2pt; border-right-width: 1pt; border-bottom-width: 1pt; border-left-width: 1pt; border-right-color: rgb(241, 169, 131); border-bottom-color: rgb(241, 169, 131); border-left-color: rgb(241, 169, 131); border-image: initial; border-top: none; padding: 0cm 5.4pt; height: 16.6pt;\">\n  <p><b>Por encargo<o:p><\/o:p><\/b><\/p>\n  <\/td>\n  <td width=\"554\" colspan=\"2\" valign=\"top\" style=\"width: 415.2pt; border-top: none; border-left: none; border-bottom-width: 1pt; border-bottom-color: rgb(241, 169, 131); border-right-width: 1pt; border-right-color: rgb(241, 169, 131); padding: 0cm 5.4pt; height: 16.6pt;\">\n  <p><span lang=\"EN-US\">Plantillas personalizadas disponibles, pel\u00edcula reflectante de clase 1, pel\u00edcula reflectante de clase 2, pel\u00edcula reflectante de clase 3<o:p><\/o:p><\/span><\/p>\n  <\/td>\n <\/tr>\n<\/tbody><\/table>\n\n<\/div><p><br><\/p>\t\t\t\t\t\t<\/div>\n\t\t\t\t<\/div>\n\t\t\t\t<div class=\"elementor-element elementor-element-8aa6eb5 elementor-widget elementor-widget-heading\" data-id=\"8aa6eb5\" data-element_type=\"widget\" data-widget_type=\"heading.default\">\n\t\t\t\t<div class=\"elementor-widget-container\">\n\t\t\t<h2 class=\"elementor-heading-title elementor-size-default\">CARACTER\u00cdSTICAS<\/h2>\t\t<\/div>\n\t\t\t\t<\/div>\n\t\t\t\t\t<\/div>\n\t\t<\/div>\n\t\t\t\t\t\t\t<\/div>\n\t\t<\/section>\n\t\t\t\t<section class=\"elementor-section elementor-top-section elementor-element elementor-element-f5659ab elementor-section-boxed elementor-section-height-default elementor-section-height-default\" data-id=\"f5659ab\" data-element_type=\"section\">\n\t\t\t\t\t\t<div class=\"elementor-container elementor-column-gap-default\">\n\t\t\t\t\t<div class=\"elementor-column elementor-col-100 elementor-top-column elementor-element elementor-element-0678caf\" data-id=\"0678caf\" data-element_type=\"column\">\n\t\t\t<div class=\"elementor-widget-wrap elementor-element-populated\">\n\t\t\t\t\t\t\t\t<div class=\"elementor-element elementor-element-2b21b3a elementor-widget elementor-widget-text-editor\" data-id=\"2b21b3a\" data-element_type=\"widget\" data-widget_type=\"text-editor.default\">\n\t\t\t\t<div class=\"elementor-widget-container\">\n\t\t\t\t\t\t\t<p>1. Con un material compuesto de pl\u00e1stico flexible, puede garantizar la capacidad de rebote despu\u00e9s de los impactos, reduciendo el da\u00f1o al veh\u00edculo en comparaci\u00f3n con los bolardos de metal r\u00edgidos.<\/p><p>2. Con una banda reflectante de alta intensidad, puede lograr un 50% m\u00e1s de visibilidad en condiciones de poca luz que los modelos no reflectantes, mejorando la conciencia del conductor durante la noche o con poca visibilidad.<\/p><p>3. Con un dise\u00f1o resistente a los impactos, puede soportar colisiones mientras mantiene la integridad estructural, superando a las barreras de pl\u00e1stico est\u00e1ndar en durabilidad.<\/p><p>4. Con un dise\u00f1o modular, puede instalar o quitar los bolardos un 30% m\u00e1s r\u00e1pido que las instalaciones fijas tradicionales, lo que permite<\/p><p><span lang=\"EN-US\">Configuraci\u00f3n r\u00e1pida para escenarios de control de tr\u00e1fico temporal.<\/span><\/p><p>5. El material reflectante cumple con los est\u00e1ndares de seguridad vial para aplicaciones de alta visibilidad, lo que garantiza el cumplimiento normativo en entornos regulados.<\/p>\t\t\t\t\t\t<\/div>\n\t\t\t\t<\/div>\n\t\t\t\t\t<\/div>\n\t\t<\/div>\n\t\t\t\t\t\t\t<\/div>\n\t\t<\/section>\n\t\t\t\t\t\t\t<\/div>\n\t\t","protected":false},"excerpt":{"rendered":"<p>El poste delineador de tambor tambi\u00e9n se llama poste de advertencia de tambor, la base inferior del resorte es desmontable con recuperaci\u00f3n flexible despu\u00e9s de una colisi\u00f3n.<\/p>\n","protected":false},"featured_media":5050,"comment_status":"open","ping_status":"closed","template":"","meta":{"om_disable_all_campaigns":false,"_monsterinsights_skip_tracking":false,"_monsterinsights_sitenote_active":false,"_monsterinsights_sitenote_note":"","_monsterinsights_sitenote_category":0},"product_cat":[469,467,481],"product_tag":[516,482,483,515],"class_list":["post-5372","product","type-product","status-publish","has-post-thumbnail","hentry","product_cat-control-de-trafico","product_cat-poste-delineador","product_cat-poste-delineador-de-rebote","product_tag-delineador-de-vaso","product_tag-poste-de-advertencia","product_tag-poste-delineador","product_tag-publicacion-de-tumblr"],"aioseo_notices":[],"_links":{"self":[{"href":"https:\/\/everstarsafety.com\/es\/wp-json\/wp\/v2\/product\/5372","targetHints":{"allow":["GET"]}}],"collection":[{"href":"https:\/\/everstarsafety.com\/es\/wp-json\/wp\/v2\/product"}],"about":[{"href":"https:\/\/everstarsafety.com\/es\/wp-json\/wp\/v2\/types\/product"}],"replies":[{"embeddable":true,"href":"https:\/\/everstarsafety.com\/es\/wp-json\/wp\/v2\/comments?post=5372"}],"version-history":[{"count":1,"href":"https:\/\/everstarsafety.com\/es\/wp-json\/wp\/v2\/product\/5372\/revisions"}],"predecessor-version":[{"id":5373,"href":"https:\/\/everstarsafety.com\/es\/wp-json\/wp\/v2\/product\/5372\/revisions\/5373"}],"wp:featuredmedia":[{"embeddable":true,"href":"https:\/\/everstarsafety.com\/es\/wp-json\/wp\/v2\/media\/5050"}],"wp:attachment":[{"href":"https:\/\/everstarsafety.com\/es\/wp-json\/wp\/v2\/media?parent=5372"}],"wp:term":[{"taxonomy":"product_cat","embeddable":true,"href":"https:\/\/everstarsafety.com\/es\/wp-json\/wp\/v2\/product_cat?post=5372"},{"taxonomy":"product_tag","embeddable":true,"href":"https:\/\/everstarsafety.com\/es\/wp-json\/wp\/v2\/product_tag?post=5372"}],"curies":[{"name":"wp","href":"https:\/\/api.w.org\/{rel}","templated":true}]}}