{"id":5472,"date":"2025-11-26T09:28:50","date_gmt":"2025-11-26T09:28:50","guid":{"rendered":"https:\/\/everstarsafety.com\/product\/poste-delineador-de-rebote-con-resorte\/"},"modified":"2025-12-11T02:38:32","modified_gmt":"2025-12-11T02:38:32","slug":"poste-delineador-de-rebote-con-resorte","status":"publish","type":"product","link":"https:\/\/everstarsafety.com\/es\/producto\/poste-delineador-de-rebote-con-resorte\/","title":{"rendered":"Poste delineador de rebote con resorte"},"content":{"rendered":"\t\t<div data-elementor-type=\"product-post\" data-elementor-id=\"5472\" class=\"elementor elementor-5472 elementor-5032\">\n\t\t\t\t\t\t\t\t\t<section class=\"elementor-section elementor-top-section elementor-element elementor-element-2431f16 elementor-section-boxed elementor-section-height-default elementor-section-height-default\" data-id=\"2431f16\" data-element_type=\"section\">\n\t\t\t\t\t\t<div class=\"elementor-container elementor-column-gap-default\">\n\t\t\t\t\t<div class=\"elementor-column elementor-col-100 elementor-top-column elementor-element elementor-element-53daf21\" data-id=\"53daf21\" data-element_type=\"column\">\n\t\t\t<div class=\"elementor-widget-wrap elementor-element-populated\">\n\t\t\t\t\t\t\t\t<div class=\"elementor-element elementor-element-d72b36d elementor-widget elementor-widget-text-editor\" data-id=\"d72b36d\" data-element_type=\"widget\" data-widget_type=\"text-editor.default\">\n\t\t\t\t<div class=\"elementor-widget-container\">\n\t\t\t<style>\/*! elementor - v3.7.0 - 08-08-2022 *\/\n.elementor-widget-text-editor.elementor-drop-cap-view-stacked .elementor-drop-cap{background-color:#818a91;color:#fff}.elementor-widget-text-editor.elementor-drop-cap-view-framed .elementor-drop-cap{color:#818a91;border:3px solid;background-color:transparent}.elementor-widget-text-editor:not(.elementor-drop-cap-view-default) .elementor-drop-cap{margin-top:8px}.elementor-widget-text-editor:not(.elementor-drop-cap-view-default) .elementor-drop-cap-letter{width:1em;height:1em}.elementor-widget-text-editor .elementor-drop-cap{float:left;text-align:center;line-height:1;font-size:50px}.elementor-widget-text-editor .elementor-drop-cap-letter{display:inline-block}<\/style>\t\t\t\t<p>El poste delineador de rebote est\u00e1 dise\u00f1ado con un mecanismo de resorte de rebote y material pl\u00e1stico\/compuesto flexible para absorber los impactos mientras redirige de manera segura los veh\u00edculos y peatones.<\/p>\t\t\t\t\t\t<\/div>\n\t\t\t\t<\/div>\n\t\t\t\t\t<\/div>\n\t\t<\/div>\n\t\t\t\t\t\t\t<\/div>\n\t\t<\/section>\n\t\t\t\t<section class=\"elementor-section elementor-top-section elementor-element elementor-element-50f2b2c elementor-section-boxed elementor-section-height-default elementor-section-height-default\" data-id=\"50f2b2c\" data-element_type=\"section\">\n\t\t\t\t\t\t<div class=\"elementor-container elementor-column-gap-default\">\n\t\t\t\t\t<div class=\"elementor-column elementor-col-100 elementor-top-column elementor-element elementor-element-fe9c0af\" data-id=\"fe9c0af\" data-element_type=\"column\">\n\t\t\t<div class=\"elementor-widget-wrap elementor-element-populated\">\n\t\t\t\t\t\t\t\t<div class=\"elementor-element elementor-element-2dc228b elementor-widget elementor-widget-heading\" data-id=\"2dc228b\" data-element_type=\"widget\" data-widget_type=\"heading.default\">\n\t\t\t\t<div class=\"elementor-widget-container\">\n\t\t\t<style>\/*! elementor - v3.7.0 - 08-08-2022 *\/\n.elementor-heading-title{padding:0;margin:0;line-height:1}.elementor-widget-heading .elementor-heading-title[class*=elementor-size-]>a{color:inherit;font-size:inherit;line-height:inherit}.elementor-widget-heading .elementor-heading-title.elementor-size-small{font-size:15px}.elementor-widget-heading .elementor-heading-title.elementor-size-medium{font-size:19px}.elementor-widget-heading .elementor-heading-title.elementor-size-large{font-size:29px}.elementor-widget-heading .elementor-heading-title.elementor-size-xl{font-size:39px}.elementor-widget-heading .elementor-heading-title.elementor-size-xxl{font-size:59px}<\/style><h2 class=\"elementor-heading-title elementor-size-default\">ESPECIFICACI\u00d3N<\/h2>\t\t<\/div>\n\t\t\t\t<\/div>\n\t\t\t\t\t<\/div>\n\t\t<\/div>\n\t\t\t\t\t\t\t<\/div>\n\t\t<\/section>\n\t\t\t\t<section class=\"elementor-section elementor-top-section elementor-element elementor-element-75e1136 elementor-section-boxed elementor-section-height-default elementor-section-height-default\" data-id=\"75e1136\" data-element_type=\"section\">\n\t\t\t\t\t\t<div class=\"elementor-container elementor-column-gap-default\">\n\t\t\t\t\t<div class=\"elementor-column elementor-col-100 elementor-top-column elementor-element elementor-element-8e7939a\" data-id=\"8e7939a\" data-element_type=\"column\">\n\t\t\t<div class=\"elementor-widget-wrap elementor-element-populated\">\n\t\t\t\t\t\t\t\t<div class=\"elementor-element elementor-element-deda8e9 elementor-widget elementor-widget-text-editor\" data-id=\"deda8e9\" data-element_type=\"widget\" data-widget_type=\"text-editor.default\">\n\t\t\t\t<div class=\"elementor-widget-container\">\n\t\t\t\t\t\t\t<p> <\/p><div align=\"center\"><table style=\"width: 571.65pt; border: none;\" border=\"1\" width=\"762\" cellspacing=\"0\" cellpadding=\"0\"><tbody><tr style=\"mso-yfti-irow: -1; mso-yfti-firstrow: yes; mso-yfti-lastfirstrow: yes; height: 17.9pt;\"><td style=\"width: 571.65pt; border-width: 1pt; border-color: #e97132; border-image: initial; background: #e97132; padding: 0cm 5.4pt; height: 17.9pt;\" colspan=\"4\" valign=\"top\" width=\"762\"><p style=\"text-align: center; mso-yfti-cnfc: 5;\" align=\"center\"><b><span lang=\"EN-US\" style=\"color: white; mso-themecolor: background1;\">Delineador de rebote<br>Poste<\/span><\/b><\/p><\/td><\/tr><tr style=\"mso-yfti-irow: 0; height: 17.9pt;\"><td style=\"width: 112.8pt; border-right-width: 1pt; border-bottom-width: 1pt; border-left-width: 1pt; border-right-color: #f1a983; border-bottom-color: #f1a983; border-left-color: #f1a983; border-image: initial; border-top: none; background: #fae2d5; padding: 0cm 5.4pt; height: 17.9pt;\" valign=\"top\" width=\"150\"><p><b><span lang=\"EN-US\" style=\"color: black; mso-color-alt: windowtext;\">Modelo<\/span><\/b><\/p><\/td><td style=\"width: 142.1pt; border-top: none; border-left: none; border-bottom-width: 1pt; border-bottom-color: #f1a983; border-right-width: 1pt; border-right-color: #f1a983; background: #fae2d5; padding: 0cm 5.4pt; height: 17.9pt;\" valign=\"top\" width=\"189\"><p><span lang=\"EN-US\" style=\"color: black; mso-color-alt: windowtext;\">ES-WP520A<\/span><\/p><\/td><td style=\"width: 155.95pt; border-top: none; border-left: none; border-bottom-width: 1pt; border-bottom-color: #f1a983; border-right-width: 1pt; border-right-color: #f1a983; background: #fae2d5; padding: 0cm 5.4pt; height: 17.9pt;\" valign=\"top\" width=\"208\"><p><span lang=\"EN-US\" style=\"color: black; mso-color-alt: windowtext;\">ES-WP830A<\/span><\/p><\/td><td style=\"width: 160.8pt; border-top: none; border-left: none; border-bottom-width: 1pt; border-bottom-color: #f1a983; border-right-width: 1pt; border-right-color: #f1a983; background: #fae2d5; padding: 0cm 5.4pt; height: 17.9pt;\" valign=\"top\" width=\"214\"><p><span lang=\"EN-US\" style=\"color: black; mso-color-alt: windowtext;\">ES-WP1070A<\/span><\/p><\/td><\/tr><tr style=\"mso-yfti-irow: 1; height: 17.9pt;\"><td style=\"width: 112.8pt; border-right-width: 1pt; border-bottom-width: 1pt; border-left-width: 1pt; border-right-color: #f1a983; border-bottom-color: #f1a983; border-left-color: #f1a983; border-image: initial; border-top: none; padding: 0cm 5.4pt; height: 17.9pt;\" valign=\"top\" width=\"150\"><p><b>Categor\u00eda de producto<\/b><\/p><\/td><td style=\"width: 458.85pt; border-top: none; border-left: none; border-bottom-width: 1pt; border-bottom-color: #f1a983; border-right-width: 1pt; border-right-color: #f1a983; padding: 0cm 5.4pt; height: 17.9pt;\" colspan=\"3\" valign=\"top\" width=\"612\"><p><span lang=\"EN-US\">Poste delineador de rebote\/Base de resorte el\u00e1stico<\/span><\/p><\/td><\/tr><tr style=\"mso-yfti-irow: 2; height: 17.9pt;\"><td style=\"width: 112.8pt; border-right-width: 1pt; border-bottom-width: 1pt; border-left-width: 1pt; border-right-color: #f1a983; border-bottom-color: #f1a983; border-left-color: #f1a983; border-image: initial; border-top: none; background: #fae2d5; padding: 0cm 5.4pt; height: 17.9pt;\" valign=\"top\" width=\"150\"><p><b><span lang=\"EN-US\" style=\"color: black; mso-color-alt: windowtext;\">Altura<\/span><\/b><\/p><\/td><td style=\"width: 142.1pt; border-top: none; border-left: none; border-bottom-width: 1pt; border-bottom-color: #f1a983; border-right-width: 1pt; border-right-color: #f1a983; background: #fae2d5; padding: 0cm 5.4pt; height: 17.9pt;\" valign=\"top\" width=\"189\"><p><span lang=\"EN-US\" style=\"color: black; mso-color-alt: windowtext;\">520mm\/20\u2019\u2019<\/span><\/p><\/td><td style=\"width: 155.95pt; border-top: none; border-left: none; border-bottom-width: 1pt; border-bottom-color: #f1a983; border-right-width: 1pt; border-right-color: #f1a983; background: #fae2d5; padding: 0cm 5.4pt; height: 17.9pt;\" valign=\"top\" width=\"208\"><p><span lang=\"EN-US\" style=\"color: black; mso-color-alt: windowtext;\">830mm\/33\u2019\u2019<\/span><\/p><\/td><td style=\"width: 160.8pt; border-top: none; border-left: none; border-bottom-width: 1pt; border-bottom-color: #f1a983; border-right-width: 1pt; border-right-color: #f1a983; background: #fae2d5; padding: 0cm 5.4pt; height: 17.9pt;\" valign=\"top\" width=\"214\"><p><span lang=\"EN-US\" style=\"color: black; mso-color-alt: windowtext;\">1070mm\/42\u2019\u2019<\/span><\/p><\/td><\/tr><tr style=\"mso-yfti-irow: 3; height: 18.25pt;\"><td style=\"width: 112.8pt; border-right-width: 1pt; border-bottom-width: 1pt; border-left-width: 1pt; border-right-color: #f1a983; border-bottom-color: #f1a983; border-left-color: #f1a983; border-image: initial; border-top: none; padding: 0cm 5.4pt; height: 18.25pt;\" valign=\"top\" width=\"150\"><p><b>Peso<\/b><\/p><\/td><td style=\"width: 142.1pt; border-top: none; border-left: none; border-bottom-width: 1pt; border-bottom-color: #f1a983; border-right-width: 1pt; border-right-color: #f1a983; padding: 0cm 5.4pt; height: 18.25pt;\" valign=\"top\" width=\"189\"><p><span lang=\"EN-US\">2.9kg, 6.38lbs<\/span><\/p><\/td><td style=\"width: 155.95pt; border-top: none; border-left: none; border-bottom-width: 1pt; border-bottom-color: #f1a983; border-right-width: 1pt; border-right-color: #f1a983; padding: 0cm 5.4pt; height: 18.25pt;\" valign=\"top\" width=\"208\"><p><span lang=\"EN-US\">3.2kg, 7.04lbs<\/span><\/p><\/td><td style=\"width: 160.8pt; border-top: none; border-left: none; border-bottom-width: 1pt; border-bottom-color: #f1a983; border-right-width: 1pt; border-right-color: #f1a983; padding: 0cm 5.4pt; height: 18.25pt;\" valign=\"top\" width=\"214\"><p><span lang=\"EN-US\">23.7kg, 8.14lbs<\/span><\/p><\/td><\/tr><tr style=\"mso-yfti-irow: 4; height: 35.9pt;\"><td style=\"width: 112.8pt; border-right-width: 1pt; border-bottom-width: 1pt; border-left-width: 1pt; border-right-color: #f1a983; border-bottom-color: #f1a983; border-left-color: #f1a983; border-image: initial; border-top: none; background: #fae2d5; padding: 0cm 5.4pt; height: 35.9pt;\" valign=\"top\" width=\"150\"><p><b><span lang=\"EN-US\" style=\"color: black; mso-color-alt: windowtext;\">Tama\u00f1o de la base<\/span><\/b><\/p><\/td><td style=\"width: 142.1pt; border-top: none; border-left: none; border-bottom-width: 1pt; border-bottom-color: #f1a983; border-right-width: 1pt; border-right-color: #f1a983; background: #fae2d5; padding: 0cm 5.4pt; height: 35.9pt;\" valign=\"top\" width=\"189\"><p><span lang=\"EN-US\" style=\"color: black; mso-color-alt: windowtext;\">250mm<\/span><\/p><\/td><td style=\"width: 155.95pt; border-top: none; border-left: none; border-bottom-width: 1pt; border-bottom-color: #f1a983; border-right-width: 1pt; border-right-color: #f1a983; background: #fae2d5; padding: 0cm 5.4pt; height: 35.9pt;\" valign=\"top\" width=\"208\"><p><span lang=\"EN-US\" style=\"color: black; mso-color-alt: windowtext;\">250mm<\/span><\/p><\/td><td style=\"width: 160.8pt; border-top: none; border-left: none; border-bottom-width: 1pt; border-bottom-color: #f1a983; border-right-width: 1pt; border-right-color: #f1a983; background: #fae2d5; padding: 0cm 5.4pt; height: 35.9pt;\" valign=\"top\" width=\"214\"><p><span lang=\"EN-US\" style=\"color: black; mso-color-alt: windowtext;\">250mm<\/span><\/p><\/td><\/tr><tr style=\"mso-yfti-irow: 5; height: 16.45pt;\"><td style=\"width: 112.8pt; border-right-width: 1pt; border-bottom-width: 1pt; border-left-width: 1pt; border-right-color: #f1a983; border-bottom-color: #f1a983; border-left-color: #f1a983; border-image: initial; border-top: none; padding: 0cm 5.4pt; height: 16.45pt;\" valign=\"top\" width=\"150\"><p><b>Color<\/b><\/p><\/td><td style=\"width: 458.85pt; border-top: none; border-left: none; border-bottom-width: 1pt; border-bottom-color: #f1a983; border-right-width: 1pt; border-right-color: #f1a983; padding: 0cm 5.4pt; height: 16.45pt;\" colspan=\"3\" valign=\"top\" width=\"612\"><p><span lang=\"EN-US\">Rojo<\/span><\/p><\/td><\/tr><tr style=\"mso-yfti-irow: 6; height: 17.9pt;\"><td style=\"width: 112.8pt; border-right-width: 1pt; border-bottom-width: 1pt; border-left-width: 1pt; border-right-color: #f1a983; border-bottom-color: #f1a983; border-left-color: #f1a983; border-image: initial; border-top: none; background: #fae2d5; padding: 0cm 5.4pt; height: 17.9pt;\" valign=\"top\" width=\"150\"><p><b><span lang=\"EN-US\" style=\"color: black; mso-color-alt: windowtext;\">Material<\/span><\/b><\/p><\/td><td style=\"width: 458.85pt; border-top: none; border-left: none; border-bottom-width: 1pt; border-bottom-color: #f1a983; border-right-width: 1pt; border-right-color: #f1a983; background: #fae2d5; padding: 0cm 5.4pt; height: 17.9pt;\" colspan=\"3\" valign=\"top\" width=\"612\"><p><span lang=\"EN-US\" style=\"color: black; mso-color-alt: windowtext;\">100 % polietileno, base de caucho negro<\/span><\/p><\/td><\/tr><tr style=\"mso-yfti-irow: 7; height: 18.3pt;\"><td style=\"width: 112.8pt; border-right-width: 1pt; border-bottom-width: 1pt; border-left-width: 1pt; border-right-color: #f1a983; border-bottom-color: #f1a983; border-left-color: #f1a983; border-image: initial; border-top: none; padding: 0cm 5.4pt; height: 18.3pt;\" valign=\"top\" width=\"150\"><p><b>Moho<\/b><\/p><\/td><td style=\"width: 458.85pt; border-top: none; border-left: none; border-bottom-width: 1pt; border-bottom-color: #f1a983; border-right-width: 1pt; border-right-color: #f1a983; padding: 0cm 5.4pt; height: 18.3pt;\" colspan=\"3\" valign=\"top\" width=\"612\"><p><span lang=\"EN-US\">Moldeo por inyecci\u00f3n<\/span><\/p><\/td><\/tr><tr style=\"mso-yfti-irow: 8; height: 18.3pt;\"><td style=\"width: 112.8pt; border-right-width: 1pt; border-bottom-width: 1pt; border-left-width: 1pt; border-right-color: #f1a983; border-bottom-color: #f1a983; border-left-color: #f1a983; border-image: initial; border-top: none; background: #fae2d5; padding: 0cm 5.4pt; height: 18.3pt;\" valign=\"top\" width=\"150\"><p><b><span lang=\"EN-US\" style=\"color: black; mso-color-alt: windowtext;\">Sostenible <\/span><\/b><\/p><\/td><td style=\"width: 458.85pt; border-top: none; border-left: none; border-bottom-width: 1pt; border-bottom-color: #f1a983; border-right-width: 1pt; border-right-color: #f1a983; background: #fae2d5; padding: 0cm 5.4pt; height: 18.3pt;\" colspan=\"3\" valign=\"top\" width=\"612\"><p><span lang=\"EN-US\" style=\"color: black; mso-color-alt: windowtext;\">Sostenible y Reciclable<\/span><\/p><\/td><\/tr><tr style=\"mso-yfti-irow: 9; mso-yfti-lastrow: yes; height: 18.3pt;\"><td style=\"width: 112.8pt; border-right-width: 1pt; border-bottom-width: 1pt; border-left-width: 1pt; border-right-color: #f1a983; border-bottom-color: #f1a983; border-left-color: #f1a983; border-image: initial; border-top: none; padding: 0cm 5.4pt; height: 18.3pt;\" valign=\"top\" width=\"150\"><p><b>Por encargo<\/b><\/p><\/td><td style=\"width: 458.85pt; border-top: none; border-left: none; border-bottom-width: 1pt; border-bottom-color: #f1a983; border-right-width: 1pt; border-right-color: #f1a983; padding: 0cm 5.4pt; height: 18.3pt;\" colspan=\"3\" valign=\"top\" width=\"612\"><p><span lang=\"EN-US\">Plantillas personalizadas disponibles, pel\u00edcula reflectante de clase 1, pel\u00edcula reflectante de clase 2, pel\u00edcula reflectante de clase 3<\/span><\/p><\/td><\/tr><\/tbody><\/table><\/div><p> <\/p>\t\t\t\t\t\t<\/div>\n\t\t\t\t<\/div>\n\t\t\t\t\t<\/div>\n\t\t<\/div>\n\t\t\t\t\t\t\t<\/div>\n\t\t<\/section>\n\t\t\t\t<section class=\"elementor-section elementor-top-section elementor-element elementor-element-feb83e9 elementor-section-boxed elementor-section-height-default elementor-section-height-default\" data-id=\"feb83e9\" data-element_type=\"section\">\n\t\t\t\t\t\t<div class=\"elementor-container elementor-column-gap-default\">\n\t\t\t\t\t<div class=\"elementor-column elementor-col-100 elementor-top-column elementor-element elementor-element-a2840ae\" data-id=\"a2840ae\" data-element_type=\"column\">\n\t\t\t<div class=\"elementor-widget-wrap elementor-element-populated\">\n\t\t\t\t\t\t\t\t<div class=\"elementor-element elementor-element-719fae9 elementor-widget elementor-widget-heading\" data-id=\"719fae9\" data-element_type=\"widget\" data-widget_type=\"heading.default\">\n\t\t\t\t<div class=\"elementor-widget-container\">\n\t\t\t<h2 class=\"elementor-heading-title elementor-size-default\">CARACTER\u00cdSTICAS<\/h2>\t\t<\/div>\n\t\t\t\t<\/div>\n\t\t\t\t\t<\/div>\n\t\t<\/div>\n\t\t\t\t\t\t\t<\/div>\n\t\t<\/section>\n\t\t\t\t<section class=\"elementor-section elementor-top-section elementor-element elementor-element-b6a3ce7 elementor-section-boxed elementor-section-height-default elementor-section-height-default\" data-id=\"b6a3ce7\" data-element_type=\"section\">\n\t\t\t\t\t\t<div class=\"elementor-container elementor-column-gap-default\">\n\t\t\t\t\t<div class=\"elementor-column elementor-col-100 elementor-top-column elementor-element elementor-element-8508a08\" data-id=\"8508a08\" data-element_type=\"column\">\n\t\t\t<div class=\"elementor-widget-wrap elementor-element-populated\">\n\t\t\t\t\t\t\t\t<div class=\"elementor-element elementor-element-85de3f7 elementor-widget elementor-widget-text-editor\" data-id=\"85de3f7\" data-element_type=\"widget\" data-widget_type=\"text-editor.default\">\n\t\t\t\t<div class=\"elementor-widget-container\">\n\t\t\t\t\t\t\t<p>1. Con un material compuesto de pl\u00e1stico flexible, puede garantizar la capacidad de rebote despu\u00e9s de los impactos, reduciendo el da\u00f1o al veh\u00edculo en comparaci\u00f3n con los bolardos de metal r\u00edgidos.<\/p><p>2. Con una banda reflectante de alta intensidad, puede lograr un 50% m\u00e1s de visibilidad en condiciones de poca luz que los modelos no reflectantes, mejorando la conciencia del conductor durante la noche o con poca visibilidad.<\/p><p>3. Con un dise\u00f1o resistente a los impactos, puede soportar colisiones mientras mantiene la integridad estructural, superando a las barreras de pl\u00e1stico est\u00e1ndar en durabilidad.<\/p><p>4. Con un dise\u00f1o modular, puede instalar o quitar los bolardos un 30% m\u00e1s r\u00e1pido que las instalaciones fijas tradicionales, lo que permite<\/p><p>Configuraci\u00f3n r\u00e1pida para escenarios de control de tr\u00e1fico temporal.<\/p><p>5. El material reflectante cumple con los est\u00e1ndares de seguridad vial para aplicaciones de alta visibilidad, lo que garantiza el cumplimiento normativo en entornos regulados.<\/p>\t\t\t\t\t\t<\/div>\n\t\t\t\t<\/div>\n\t\t\t\t\t<\/div>\n\t\t<\/div>\n\t\t\t\t\t\t\t<\/div>\n\t\t<\/section>\n\t\t\t\t\t\t\t<\/div>\n\t\t","protected":false},"excerpt":{"rendered":"<p>El poste delineador de rebote tambi\u00e9n se llama poste de advertencia de tambor, la base inferior del resorte es desmontable con recuperaci\u00f3n flexible despu\u00e9s de la colisi\u00f3n.<\/p>\n","protected":false},"featured_media":5033,"comment_status":"open","ping_status":"closed","template":"","meta":{"om_disable_all_campaigns":false,"_monsterinsights_skip_tracking":false,"_monsterinsights_sitenote_active":false,"_monsterinsights_sitenote_note":"","_monsterinsights_sitenote_category":0},"product_cat":[469,467,481],"product_tag":[],"class_list":["post-5472","product","type-product","status-publish","has-post-thumbnail","hentry","product_cat-control-de-trafico","product_cat-poste-delineador","product_cat-poste-delineador-de-rebote"],"aioseo_notices":[],"_links":{"self":[{"href":"https:\/\/everstarsafety.com\/es\/wp-json\/wp\/v2\/product\/5472","targetHints":{"allow":["GET"]}}],"collection":[{"href":"https:\/\/everstarsafety.com\/es\/wp-json\/wp\/v2\/product"}],"about":[{"href":"https:\/\/everstarsafety.com\/es\/wp-json\/wp\/v2\/types\/product"}],"replies":[{"embeddable":true,"href":"https:\/\/everstarsafety.com\/es\/wp-json\/wp\/v2\/comments?post=5472"}],"version-history":[{"count":1,"href":"https:\/\/everstarsafety.com\/es\/wp-json\/wp\/v2\/product\/5472\/revisions"}],"predecessor-version":[{"id":5474,"href":"https:\/\/everstarsafety.com\/es\/wp-json\/wp\/v2\/product\/5472\/revisions\/5474"}],"wp:featuredmedia":[{"embeddable":true,"href":"https:\/\/everstarsafety.com\/es\/wp-json\/wp\/v2\/media\/5033"}],"wp:attachment":[{"href":"https:\/\/everstarsafety.com\/es\/wp-json\/wp\/v2\/media?parent=5472"}],"wp:term":[{"taxonomy":"product_cat","embeddable":true,"href":"https:\/\/everstarsafety.com\/es\/wp-json\/wp\/v2\/product_cat?post=5472"},{"taxonomy":"product_tag","embeddable":true,"href":"https:\/\/everstarsafety.com\/es\/wp-json\/wp\/v2\/product_tag?post=5472"}],"curies":[{"name":"wp","href":"https:\/\/api.w.org\/{rel}","templated":true}]}}