{"id":5507,"date":"2025-11-26T03:31:11","date_gmt":"2025-11-26T03:31:11","guid":{"rendered":"https:\/\/everstarsafety.com\/product\/bolardo-de-seguridad-t-top-de-1150-mm\/"},"modified":"2025-12-11T02:42:04","modified_gmt":"2025-12-11T02:42:04","slug":"bolardo-de-seguridad-t-top-de-1150-mm","status":"publish","type":"product","link":"https:\/\/everstarsafety.com\/es\/producto\/bolardo-de-seguridad-t-top-de-1150-mm\/","title":{"rendered":"Bolardo de seguridad T-Top de 1150 mm"},"content":{"rendered":"\t\t<div data-elementor-type=\"product-post\" data-elementor-id=\"5507\" class=\"elementor elementor-5507 elementor-4906\">\n\t\t\t\t\t\t\t\t\t<section class=\"elementor-section elementor-top-section elementor-element elementor-element-7151353 elementor-section-boxed elementor-section-height-default elementor-section-height-default\" data-id=\"7151353\" data-element_type=\"section\">\n\t\t\t\t\t\t<div class=\"elementor-container elementor-column-gap-default\">\n\t\t\t\t\t<div class=\"elementor-column elementor-col-100 elementor-top-column elementor-element elementor-element-22b55cb\" data-id=\"22b55cb\" data-element_type=\"column\">\n\t\t\t<div class=\"elementor-widget-wrap elementor-element-populated\">\n\t\t\t\t\t\t\t\t<div class=\"elementor-element elementor-element-b16ea84 elementor-widget elementor-widget-text-editor\" data-id=\"b16ea84\" data-element_type=\"widget\" data-widget_type=\"text-editor.default\">\n\t\t\t\t<div class=\"elementor-widget-container\">\n\t\t\t<style>\/*! elementor - v3.7.0 - 08-08-2022 *\/\n.elementor-widget-text-editor.elementor-drop-cap-view-stacked .elementor-drop-cap{background-color:#818a91;color:#fff}.elementor-widget-text-editor.elementor-drop-cap-view-framed .elementor-drop-cap{color:#818a91;border:3px solid;background-color:transparent}.elementor-widget-text-editor:not(.elementor-drop-cap-view-default) .elementor-drop-cap{margin-top:8px}.elementor-widget-text-editor:not(.elementor-drop-cap-view-default) .elementor-drop-cap-letter{width:1em;height:1em}.elementor-widget-text-editor .elementor-drop-cap{float:left;text-align:center;line-height:1;font-size:50px}.elementor-widget-text-editor .elementor-drop-cap-letter{display:inline-block}<\/style>\t\t\t\t<p>Los bolardos T-Top con cinta reflectante se utilizan com\u00fanmente para dirigir el tr\u00e1fico de veh\u00edculos y peatones, as\u00ed como para delimitar zonas de trabajo peligrosas en la obra. Este bolardo, fabricado en polietileno moldeado y duradero, est\u00e1 dise\u00f1ado para zonas de trabajo, obras de construcci\u00f3n y proyectos civiles en Australia y Nueva Zelanda con condiciones adversas. <\/p>\t\t\t\t\t\t<\/div>\n\t\t\t\t<\/div>\n\t\t\t\t\t<\/div>\n\t\t<\/div>\n\t\t\t\t\t\t\t<\/div>\n\t\t<\/section>\n\t\t\t\t<section class=\"elementor-section elementor-top-section elementor-element elementor-element-6dff5ca elementor-section-boxed elementor-section-height-default elementor-section-height-default\" data-id=\"6dff5ca\" data-element_type=\"section\">\n\t\t\t\t\t\t<div class=\"elementor-container elementor-column-gap-default\">\n\t\t\t\t\t<div class=\"elementor-column elementor-col-100 elementor-top-column elementor-element elementor-element-f7c7c22\" data-id=\"f7c7c22\" data-element_type=\"column\">\n\t\t\t<div class=\"elementor-widget-wrap elementor-element-populated\">\n\t\t\t\t\t\t\t\t<div class=\"elementor-element elementor-element-3c52f66 elementor-widget elementor-widget-heading\" data-id=\"3c52f66\" data-element_type=\"widget\" data-widget_type=\"heading.default\">\n\t\t\t\t<div class=\"elementor-widget-container\">\n\t\t\t<style>\/*! elementor - v3.7.0 - 08-08-2022 *\/\n.elementor-heading-title{padding:0;margin:0;line-height:1}.elementor-widget-heading .elementor-heading-title[class*=elementor-size-]>a{color:inherit;font-size:inherit;line-height:inherit}.elementor-widget-heading .elementor-heading-title.elementor-size-small{font-size:15px}.elementor-widget-heading .elementor-heading-title.elementor-size-medium{font-size:19px}.elementor-widget-heading .elementor-heading-title.elementor-size-large{font-size:29px}.elementor-widget-heading .elementor-heading-title.elementor-size-xl{font-size:39px}.elementor-widget-heading .elementor-heading-title.elementor-size-xxl{font-size:59px}<\/style><h2 class=\"elementor-heading-title elementor-size-default\">ESPECIFICACI\u00d3N<\/h2>\t\t<\/div>\n\t\t\t\t<\/div>\n\t\t\t\t<div class=\"elementor-element elementor-element-5000bcf elementor-widget elementor-widget-text-editor\" data-id=\"5000bcf\" data-element_type=\"widget\" data-widget_type=\"text-editor.default\">\n\t\t\t\t<div class=\"elementor-widget-container\">\n\t\t\t\t\t\t\t<p> <\/p><div align=\"center\"><table class=\"4-21\" style=\"width: 571.65pt; border: none;\" border=\"1\" width=\"762\" cellspacing=\"0\" cellpadding=\"0\"><tbody><tr style=\"mso-yfti-irow: -1; mso-yfti-firstrow: yes; mso-yfti-lastfirstrow: yes; height: 17.9pt;\"><td style=\"width: 571.65pt; border-width: 1pt; border-color: #e97132; border-image: initial; background: #e97132; padding: 0cm 5.4pt; height: 17.9pt;\" colspan=\"5\" valign=\"top\" width=\"762\"><p class=\"MsoNormal\" style=\"text-align: center; mso-yfti-cnfc: 5;\" align=\"center\"><b><span lang=\"EN-US\" style=\"color: white; mso-themecolor: background1;\">Bolardo de seguridad est\u00e1ndar de Australia<\/span><\/b><\/p><\/td><\/tr><tr style=\"mso-yfti-irow: 0; height: 17.9pt;\"><td style=\"width: 113.45pt; border-right-width: 1pt; border-bottom-width: 1pt; border-left-width: 1pt; border-right-color: #f1a983; border-bottom-color: #f1a983; border-left-color: #f1a983; border-image: initial; border-top: none; background: #fae2d5; padding: 0cm 5.4pt; height: 17.9pt;\" valign=\"top\" width=\"151\"><p class=\"MsoNormal\"><b><span lang=\"EN-US\" style=\"color: black; mso-color-alt: windowtext;\">Modelo<\/span><\/b><\/p><\/td><td style=\"width: 103.55pt; border-top: none; border-left: none; border-bottom-width: 1pt; border-bottom-color: #f1a983; border-right-width: 1pt; border-right-color: #f1a983; background: #fae2d5; padding: 0cm 5.4pt; height: 17.9pt;\" valign=\"top\" width=\"138\"><p class=\"MsoNormal\"><span lang=\"EN-US\" style=\"color: black; mso-color-alt: windowtext;\">ES-WP1150A<\/span><\/p><\/td><td style=\"width: 105.2pt; border-top: none; border-left: none; border-bottom-width: 1pt; border-bottom-color: #f1a983; border-right-width: 1pt; border-right-color: #f1a983; background: #fae2d5; padding: 0cm 5.4pt; height: 17.9pt;\" valign=\"top\" width=\"140\"><p class=\"MsoNormal\"><span lang=\"EN-US\" style=\"color: black; mso-color-alt: windowtext;\">ES-WP1150B<\/span><\/p><\/td><td style=\"width: 117.7pt; border-top: none; border-left: none; border-bottom-width: 1pt; border-bottom-color: #f1a983; border-right-width: 1pt; border-right-color: #f1a983; background: #fae2d5; padding: 0cm 5.4pt; height: 17.9pt;\" valign=\"top\" width=\"157\"><p class=\"MsoNormal\"><span lang=\"EN-US\" style=\"color: black; mso-color-alt: windowtext;\">ES-WP1050<\/span><\/p><\/td><td style=\"width: 131.75pt; border-top: none; border-left: none; border-bottom-width: 1pt; border-bottom-color: #f1a983; border-right-width: 1pt; border-right-color: #f1a983; background: #fae2d5; padding: 0cm 5.4pt; height: 17.9pt;\" valign=\"top\" width=\"176\"><p class=\"MsoNormal\"><span lang=\"EN-US\" style=\"color: black; mso-color-alt: windowtext;\">ES-WP1250<\/span><\/p><\/td><\/tr><tr style=\"mso-yfti-irow: 1; height: 17.9pt;\"><td style=\"width: 113.45pt; border-right-width: 1pt; border-bottom-width: 1pt; border-left-width: 1pt; border-right-color: #f1a983; border-bottom-color: #f1a983; border-left-color: #f1a983; border-image: initial; border-top: none; padding: 0cm 5.4pt; height: 17.9pt;\" valign=\"top\" width=\"151\"><p class=\"MsoNormal\"><b>Categor\u00eda de producto<\/b><\/p><\/td><td style=\"width: 458.2pt; border-top: none; border-left: none; border-bottom-width: 1pt; border-bottom-color: #f1a983; border-right-width: 1pt; border-right-color: #f1a983; padding: 0cm 5.4pt; height: 17.9pt;\" colspan=\"4\" valign=\"top\" width=\"611\"><p class=\"MsoNormal\"><span lang=\"EN-US\">Bolardo T Top\/Base de goma negra<\/span><\/p><\/td><\/tr><tr style=\"mso-yfti-irow: 2; height: 17.9pt;\"><td style=\"width: 113.45pt; border-right-width: 1pt; border-bottom-width: 1pt; border-left-width: 1pt; border-right-color: #f1a983; border-bottom-color: #f1a983; border-left-color: #f1a983; border-image: initial; border-top: none; background: #fae2d5; padding: 0cm 5.4pt; height: 17.9pt;\" valign=\"top\" width=\"151\"><p class=\"MsoNormal\"><b><span lang=\"EN-US\" style=\"color: black; mso-color-alt: windowtext;\">Altura<\/span><\/b><\/p><\/td><td style=\"width: 103.55pt; border-top: none; border-left: none; border-bottom-width: 1pt; border-bottom-color: #f1a983; border-right-width: 1pt; border-right-color: #f1a983; background: #fae2d5; padding: 0cm 5.4pt; height: 17.9pt;\" valign=\"top\" width=\"138\"><p class=\"MsoNormal\"><span lang=\"EN-US\" style=\"color: black; mso-color-alt: windowtext;\">1150mm\/45\u2019\u2019<\/span><\/p><\/td><td style=\"width: 105.2pt; border-top: none; border-left: none; border-bottom-width: 1pt; border-bottom-color: #f1a983; border-right-width: 1pt; border-right-color: #f1a983; background: #fae2d5; padding: 0cm 5.4pt; height: 17.9pt;\" valign=\"top\" width=\"140\"><p class=\"MsoNormal\"><span lang=\"EN-US\" style=\"color: black; mso-color-alt: windowtext;\">1150mm\/45\u2019\u2019<\/span><\/p><\/td><td style=\"width: 117.7pt; border-top: none; border-left: none; border-bottom-width: 1pt; border-bottom-color: #f1a983; border-right-width: 1pt; border-right-color: #f1a983; background: #fae2d5; padding: 0cm 5.4pt; height: 17.9pt;\" valign=\"top\" width=\"157\"><p class=\"MsoNormal\"><span lang=\"EN-US\" style=\"color: black; mso-color-alt: windowtext;\">1050mm\/41\u2019\u2019<\/span><\/p><\/td><td style=\"width: 131.75pt; border-top: none; border-left: none; border-bottom-width: 1pt; border-bottom-color: #f1a983; border-right-width: 1pt; border-right-color: #f1a983; background: #fae2d5; padding: 0cm 5.4pt; height: 17.9pt;\" valign=\"top\" width=\"176\"><p class=\"MsoNormal\"><span lang=\"EN-US\" style=\"color: black; mso-color-alt: windowtext;\">1250mm\/49\u2019\u2019<\/span><\/p><\/td><\/tr><tr style=\"mso-yfti-irow: 3; height: 18.25pt;\"><td style=\"width: 113.45pt; border-right-width: 1pt; border-bottom-width: 1pt; border-left-width: 1pt; border-right-color: #f1a983; border-bottom-color: #f1a983; border-left-color: #f1a983; border-image: initial; border-top: none; padding: 0cm 5.4pt; height: 18.25pt;\" valign=\"top\" width=\"151\"><p class=\"MsoNormal\"><b>Peso<\/b><\/p><\/td><td style=\"width: 103.55pt; border-top: none; border-left: none; border-bottom-width: 1pt; border-bottom-color: #f1a983; border-right-width: 1pt; border-right-color: #f1a983; padding: 0cm 5.4pt; height: 18.25pt;\" valign=\"top\" width=\"138\"><p class=\"MsoNormal\"><span lang=\"EN-US\">6kg\/8kg, 13.2lbs\/17.6lbs<\/span><\/p><\/td><td style=\"width: 105.2pt; border-top: none; border-left: none; border-bottom-width: 1pt; border-bottom-color: #f1a983; border-right-width: 1pt; border-right-color: #f1a983; padding: 0cm 5.4pt; height: 18.25pt;\" valign=\"top\" width=\"140\"><p class=\"MsoNormal\"><span lang=\"EN-US\">6kg\/8kg, 13.2lbs\/17.6lbs<\/span><\/p><\/td><td style=\"width: 117.7pt; border-top: none; border-left: none; border-bottom-width: 1pt; border-bottom-color: #f1a983; border-right-width: 1pt; border-right-color: #f1a983; padding: 0cm 5.4pt; height: 18.25pt;\" valign=\"top\" width=\"157\"><p class=\"MsoNormal\"><span lang=\"EN-US\">6kg\/8kg, 13.2lbs\/17.6lbs<\/span><\/p><\/td><td style=\"width: 131.75pt; border-top: none; border-left: none; border-bottom-width: 1pt; border-bottom-color: #f1a983; border-right-width: 1pt; border-right-color: #f1a983; padding: 0cm 5.4pt; height: 18.25pt;\" valign=\"top\" width=\"176\"><p class=\"MsoNormal\"><span lang=\"EN-US\">4.5kg, 11.25lbs<\/span><\/p><\/td><\/tr><tr style=\"mso-yfti-irow: 4; height: 35.9pt;\"><td style=\"width: 113.45pt; border-right-width: 1pt; border-bottom-width: 1pt; border-left-width: 1pt; border-right-color: #f1a983; border-bottom-color: #f1a983; border-left-color: #f1a983; border-image: initial; border-top: none; background: #fae2d5; padding: 0cm 5.4pt; height: 35.9pt;\" valign=\"top\" width=\"151\"><p class=\"MsoNormal\"><b><span lang=\"EN-US\" style=\"color: black; mso-color-alt: windowtext;\">Tama\u00f1o de la base<\/span><\/b><\/p><\/td><td style=\"width: 103.55pt; border-top: none; border-left: none; border-bottom-width: 1pt; border-bottom-color: #f1a983; border-right-width: 1pt; border-right-color: #f1a983; background: #fae2d5; padding: 0cm 5.4pt; height: 35.9pt;\" valign=\"top\" width=\"138\"><p class=\"MsoNormal\"><span lang=\"EN-US\" style=\"color: black; mso-color-alt: windowtext;\">420*420mm<\/span><\/p><\/td><td style=\"width: 105.2pt; border-top: none; border-left: none; border-bottom-width: 1pt; border-bottom-color: #f1a983; border-right-width: 1pt; border-right-color: #f1a983; background: #fae2d5; padding: 0cm 5.4pt; height: 35.9pt;\" valign=\"top\" width=\"140\"><p class=\"MsoNormal\"><span lang=\"EN-US\" style=\"color: black; mso-color-alt: windowtext;\">420*420mm<\/span><\/p><\/td><td style=\"width: 117.7pt; border-top: none; border-left: none; border-bottom-width: 1pt; border-bottom-color: #f1a983; border-right-width: 1pt; border-right-color: #f1a983; background: #fae2d5; padding: 0cm 5.4pt; height: 35.9pt;\" valign=\"top\" width=\"157\"><p class=\"MsoNormal\"><span lang=\"EN-US\" style=\"color: black; mso-color-alt: windowtext;\">420*420mm<\/span><\/p><\/td><td style=\"width: 131.75pt; border-top: none; border-left: none; border-bottom-width: 1pt; border-bottom-color: #f1a983; border-right-width: 1pt; border-right-color: #f1a983; background: #fae2d5; padding: 0cm 5.4pt; height: 35.9pt;\" valign=\"top\" width=\"176\"><p class=\"MsoNormal\"><span lang=\"EN-US\" style=\"color: black; mso-color-alt: windowtext;\">440*440mm<\/span><\/p><\/td><\/tr><tr style=\"mso-yfti-irow: 5; height: 16.45pt;\"><td style=\"width: 113.45pt; border-right-width: 1pt; border-bottom-width: 1pt; border-left-width: 1pt; border-right-color: #f1a983; border-bottom-color: #f1a983; border-left-color: #f1a983; border-image: initial; border-top: none; padding: 0cm 5.4pt; height: 16.45pt;\" valign=\"top\" width=\"151\"><p class=\"MsoNormal\"><b>Color<\/b><\/p><\/td><td style=\"width: 458.2pt; border-top: none; border-left: none; border-bottom-width: 1pt; border-bottom-color: #f1a983; border-right-width: 1pt; border-right-color: #f1a983; padding: 0cm 5.4pt; height: 16.45pt;\" colspan=\"4\" valign=\"top\" width=\"611\"><p class=\"MsoNormal\"><span lang=\"EN-US\">Rojo<\/span><\/p><\/td><\/tr><tr style=\"mso-yfti-irow: 6; height: 17.9pt;\"><td style=\"width: 113.45pt; border-right-width: 1pt; border-bottom-width: 1pt; border-left-width: 1pt; border-right-color: #f1a983; border-bottom-color: #f1a983; border-left-color: #f1a983; border-image: initial; border-top: none; background: #fae2d5; padding: 0cm 5.4pt; height: 17.9pt;\" valign=\"top\" width=\"151\"><p class=\"MsoNormal\"><b><span lang=\"EN-US\" style=\"color: black; mso-color-alt: windowtext;\">Material<\/span><\/b><\/p><\/td><td style=\"width: 458.2pt; border-top: none; border-left: none; border-bottom-width: 1pt; border-bottom-color: #f1a983; border-right-width: 1pt; border-right-color: #f1a983; background: #fae2d5; padding: 0cm 5.4pt; height: 17.9pt;\" colspan=\"4\" valign=\"top\" width=\"611\"><p class=\"MsoNormal\"><span lang=\"EN-US\" style=\"color: black; mso-color-alt: windowtext;\">100% polietileno, base de caucho negro<\/span><\/p><\/td><\/tr><tr style=\"mso-yfti-irow: 7; height: 18.3pt;\"><td style=\"width: 113.45pt; border-right-width: 1pt; border-bottom-width: 1pt; border-left-width: 1pt; border-right-color: #f1a983; border-bottom-color: #f1a983; border-left-color: #f1a983; border-image: initial; border-top: none; padding: 0cm 5.4pt; height: 18.3pt;\" valign=\"top\" width=\"151\"><p class=\"MsoNormal\"><b>Norma de seguridad<\/b><\/p><\/td><td style=\"width: 458.2pt; border-top: none; border-left: none; border-bottom-width: 1pt; border-bottom-color: #f1a983; border-right-width: 1pt; border-right-color: #f1a983; padding: 0cm 5.4pt; height: 18.3pt;\" colspan=\"4\" valign=\"top\" width=\"611\"><p class=\"MsoNormal\"><span lang=\"EN-US\">Normas australianas AS2890.1<\/span><\/p><\/td><\/tr><tr style=\"mso-yfti-irow: 8; height: 18.3pt;\"><td style=\"width: 113.45pt; border-right-width: 1pt; border-bottom-width: 1pt; border-left-width: 1pt; border-right-color: #f1a983; border-bottom-color: #f1a983; border-left-color: #f1a983; border-image: initial; border-top: none; background: #fae2d5; padding: 0cm 5.4pt; height: 18.3pt;\" valign=\"top\" width=\"151\"><p class=\"MsoNormal\"><b><span lang=\"EN-US\" style=\"color: black; mso-color-alt: windowtext;\">Moho<\/span><\/b><\/p><\/td><td style=\"width: 458.2pt; border-top: none; border-left: none; border-bottom-width: 1pt; border-bottom-color: #f1a983; border-right-width: 1pt; border-right-color: #f1a983; background: #fae2d5; padding: 0cm 5.4pt; height: 18.3pt;\" colspan=\"4\" valign=\"top\" width=\"611\"><p class=\"MsoNormal\"><span lang=\"EN-US\" style=\"color: black; mso-color-alt: windowtext;\">Moldeo por inyecci\u00f3n<\/span><\/p><\/td><\/tr><tr style=\"mso-yfti-irow: 9; height: 18.3pt;\"><td style=\"width: 113.45pt; border-right-width: 1pt; border-bottom-width: 1pt; border-left-width: 1pt; border-right-color: #f1a983; border-bottom-color: #f1a983; border-left-color: #f1a983; border-image: initial; border-top: none; padding: 0cm 5.4pt; height: 18.3pt;\" valign=\"top\" width=\"151\"><p class=\"MsoNormal\"><b>Sostenible <\/b><\/p><\/td><td style=\"width: 458.2pt; border-top: none; border-left: none; border-bottom-width: 1pt; border-bottom-color: #f1a983; border-right-width: 1pt; border-right-color: #f1a983; padding: 0cm 5.4pt; height: 18.3pt;\" colspan=\"4\" valign=\"top\" width=\"611\"><p class=\"MsoNormal\"><span lang=\"EN-US\">Sostenible y Reciclable<\/span><\/p><\/td><\/tr><tr style=\"mso-yfti-irow: 10; mso-yfti-lastrow: yes; height: 18.3pt;\"><td style=\"width: 113.45pt; border-right-width: 1pt; border-bottom-width: 1pt; border-left-width: 1pt; border-right-color: #f1a983; border-bottom-color: #f1a983; border-left-color: #f1a983; border-image: initial; border-top: none; background: #fae2d5; padding: 0cm 5.4pt; height: 18.3pt;\" valign=\"top\" width=\"151\"><p class=\"MsoNormal\"><b><span lang=\"EN-US\" style=\"color: black; mso-color-alt: windowtext;\">Por encargo<\/span><\/b><\/p><\/td><td style=\"width: 458.2pt; border-top: none; border-left: none; border-bottom-width: 1pt; border-bottom-color: #f1a983; border-right-width: 1pt; border-right-color: #f1a983; background: #fae2d5; padding: 0cm 5.4pt; height: 18.3pt;\" colspan=\"4\" valign=\"top\" width=\"611\"><p class=\"MsoNormal\"><span lang=\"EN-US\" style=\"color: black; mso-color-alt: windowtext;\">Plantillas personalizadas disponibles, pel\u00edcula reflectante de clase 1, pel\u00edcula reflectante de clase 2, pel\u00edcula reflectante de clase 3, collar reflectante 3M opcional<\/span><\/p><\/td><\/tr><\/tbody><\/table><\/div><p> <\/p>\t\t\t\t\t\t<\/div>\n\t\t\t\t<\/div>\n\t\t\t\t\t<\/div>\n\t\t<\/div>\n\t\t\t\t\t\t\t<\/div>\n\t\t<\/section>\n\t\t\t\t<section class=\"elementor-section elementor-top-section elementor-element elementor-element-f080982 elementor-section-boxed elementor-section-height-default elementor-section-height-default\" data-id=\"f080982\" data-element_type=\"section\">\n\t\t\t\t\t\t<div class=\"elementor-container elementor-column-gap-default\">\n\t\t\t\t\t<div class=\"elementor-column elementor-col-100 elementor-top-column elementor-element elementor-element-f81c27b\" data-id=\"f81c27b\" data-element_type=\"column\">\n\t\t\t<div class=\"elementor-widget-wrap elementor-element-populated\">\n\t\t\t\t\t\t\t\t<div class=\"elementor-element elementor-element-dd357c3 elementor-widget elementor-widget-heading\" data-id=\"dd357c3\" data-element_type=\"widget\" data-widget_type=\"heading.default\">\n\t\t\t\t<div class=\"elementor-widget-container\">\n\t\t\t<h2 class=\"elementor-heading-title elementor-size-default\">CARACTER\u00cdSTICAS<\/h2>\t\t<\/div>\n\t\t\t\t<\/div>\n\t\t\t\t\t<\/div>\n\t\t<\/div>\n\t\t\t\t\t\t\t<\/div>\n\t\t<\/section>\n\t\t\t\t<section class=\"elementor-section elementor-top-section elementor-element elementor-element-97b94fa elementor-section-boxed elementor-section-height-default elementor-section-height-default\" data-id=\"97b94fa\" data-element_type=\"section\">\n\t\t\t\t\t\t<div class=\"elementor-container elementor-column-gap-default\">\n\t\t\t\t\t<div class=\"elementor-column elementor-col-100 elementor-top-column elementor-element elementor-element-9292f49\" data-id=\"9292f49\" data-element_type=\"column\">\n\t\t\t<div class=\"elementor-widget-wrap elementor-element-populated\">\n\t\t\t\t\t\t\t\t<div class=\"elementor-element elementor-element-7a4f4d8 elementor-widget elementor-widget-text-editor\" data-id=\"7a4f4d8\" data-element_type=\"widget\" data-widget_type=\"text-editor.default\">\n\t\t\t\t<div class=\"elementor-widget-container\">\n\t\t\t\t\t\t\t<ol><li>Construcci\u00f3n resistente de polietileno<\/li><li>Naranja de alta visibilidad con cinta reflectante.<\/li><li>Base de goma de gran peso, bases disponibles en 6 kg o 8 kg. <\/li><li>Los bolardos son f\u00e1ciles de reconocer y advierten a las personas de posibles peligros en \u00e1reas p\u00fablicas.<\/li><li>Ideal para delimitar \u00e1reas no autorizadas o restringidas con cadena de seguridad o cinta de barrera.<\/li><li>Resistente al sol, al agua y a la intemperie, lo que garantiza una funcionalidad y visibilidad constantes a lo largo del tiempo.<\/li><li>Los postes delineadores de seguridad cuentan con una construcci\u00f3n resistente de PVC flexible para amortiguar golpes o colisiones.<\/li><\/ol>\t\t\t\t\t\t<\/div>\n\t\t\t\t<\/div>\n\t\t\t\t\t<\/div>\n\t\t<\/div>\n\t\t\t\t\t\t\t<\/div>\n\t\t<\/section>\n\t\t\t\t\t\t\t<\/div>\n\t\t","protected":false},"excerpt":{"rendered":"<p>Los bolardos T-Top con cinta reflectante se utilizan con frecuencia para controlar el tr\u00e1fico vehicular y peatonal, as\u00ed como para delimitar zonas de trabajo peligrosas en un sitio de construcci\u00f3n.<\/p>\n","protected":false},"featured_media":4907,"comment_status":"open","ping_status":"closed","template":"","meta":{"om_disable_all_campaigns":false,"_monsterinsights_skip_tracking":false,"_monsterinsights_sitenote_active":false,"_monsterinsights_sitenote_note":"","_monsterinsights_sitenote_category":0},"product_cat":[469,467,519],"product_tag":[642,644,645,640],"class_list":["post-5507","product","type-product","status-publish","has-post-thumbnail","hentry","product_cat-control-de-trafico","product_cat-poste-delineador","product_cat-bolardo-t-top","product_tag-bolardo-de-seguridad-2","product_tag-bolardo-estandar-australiano","product_tag-bolardo-superior-en-t","product_tag-noray"],"aioseo_notices":[],"_links":{"self":[{"href":"https:\/\/everstarsafety.com\/es\/wp-json\/wp\/v2\/product\/5507","targetHints":{"allow":["GET"]}}],"collection":[{"href":"https:\/\/everstarsafety.com\/es\/wp-json\/wp\/v2\/product"}],"about":[{"href":"https:\/\/everstarsafety.com\/es\/wp-json\/wp\/v2\/types\/product"}],"replies":[{"embeddable":true,"href":"https:\/\/everstarsafety.com\/es\/wp-json\/wp\/v2\/comments?post=5507"}],"version-history":[{"count":2,"href":"https:\/\/everstarsafety.com\/es\/wp-json\/wp\/v2\/product\/5507\/revisions"}],"predecessor-version":[{"id":5513,"href":"https:\/\/everstarsafety.com\/es\/wp-json\/wp\/v2\/product\/5507\/revisions\/5513"}],"wp:featuredmedia":[{"embeddable":true,"href":"https:\/\/everstarsafety.com\/es\/wp-json\/wp\/v2\/media\/4907"}],"wp:attachment":[{"href":"https:\/\/everstarsafety.com\/es\/wp-json\/wp\/v2\/media?parent=5507"}],"wp:term":[{"taxonomy":"product_cat","embeddable":true,"href":"https:\/\/everstarsafety.com\/es\/wp-json\/wp\/v2\/product_cat?post=5507"},{"taxonomy":"product_tag","embeddable":true,"href":"https:\/\/everstarsafety.com\/es\/wp-json\/wp\/v2\/product_tag?post=5507"}],"curies":[{"name":"wp","href":"https:\/\/api.w.org\/{rel}","templated":true}]}}