{"id":5512,"date":"2025-11-26T08:24:11","date_gmt":"2025-11-26T08:24:11","guid":{"rendered":"https:\/\/everstarsafety.com\/product\/bolardo-apilable-de-1080-mm\/"},"modified":"2025-12-11T02:42:02","modified_gmt":"2025-12-11T02:42:02","slug":"bolardo-apilable-de-1080-mm","status":"publish","type":"product","link":"https:\/\/everstarsafety.com\/es\/producto\/bolardo-apilable-de-1080-mm\/","title":{"rendered":"Bolardo apilable de 1080 mm"},"content":{"rendered":"\t\t<div data-elementor-type=\"product-post\" data-elementor-id=\"5512\" class=\"elementor elementor-5512 elementor-5002\">\n\t\t\t\t\t\t\t\t\t<section class=\"elementor-section elementor-top-section elementor-element elementor-element-3e510be elementor-section-boxed elementor-section-height-default elementor-section-height-default\" data-id=\"3e510be\" data-element_type=\"section\">\n\t\t\t\t\t\t<div class=\"elementor-container elementor-column-gap-default\">\n\t\t\t\t\t<div class=\"elementor-column elementor-col-100 elementor-top-column elementor-element elementor-element-946bcb3\" data-id=\"946bcb3\" data-element_type=\"column\">\n\t\t\t<div class=\"elementor-widget-wrap elementor-element-populated\">\n\t\t\t\t\t\t\t\t<div class=\"elementor-element elementor-element-e4fe573 elementor-widget elementor-widget-text-editor\" data-id=\"e4fe573\" data-element_type=\"widget\" data-widget_type=\"text-editor.default\">\n\t\t\t\t<div class=\"elementor-widget-container\">\n\t\t\t<style>\/*! elementor - v3.7.0 - 08-08-2022 *\/\n.elementor-widget-text-editor.elementor-drop-cap-view-stacked .elementor-drop-cap{background-color:#818a91;color:#fff}.elementor-widget-text-editor.elementor-drop-cap-view-framed .elementor-drop-cap{color:#818a91;border:3px solid;background-color:transparent}.elementor-widget-text-editor:not(.elementor-drop-cap-view-default) .elementor-drop-cap{margin-top:8px}.elementor-widget-text-editor:not(.elementor-drop-cap-view-default) .elementor-drop-cap-letter{width:1em;height:1em}.elementor-widget-text-editor .elementor-drop-cap{float:left;text-align:center;line-height:1;font-size:50px}.elementor-widget-text-editor .elementor-drop-cap-letter{display:inline-block}<\/style>\t\t\t\t<p>El poste delineador de bolardo apilable est\u00e1 fabricado con polietileno flexible y una base de goma resistente. Se puede utilizar para se\u00f1alizaci\u00f3n temporal, delimitaci\u00f3n de tr\u00e1fico, control de multitudes y separaci\u00f3n de v\u00edas para mantenimiento y reparaci\u00f3n de carreteras. Cuenta con un orificio en la parte superior para conectar la cadena, lo que proporciona aislamiento y seguridad.  <\/p>\t\t\t\t\t\t<\/div>\n\t\t\t\t<\/div>\n\t\t\t\t\t<\/div>\n\t\t<\/div>\n\t\t\t\t\t\t\t<\/div>\n\t\t<\/section>\n\t\t\t\t<section class=\"elementor-section elementor-top-section elementor-element elementor-element-aaa2eb7 elementor-section-boxed elementor-section-height-default elementor-section-height-default\" data-id=\"aaa2eb7\" data-element_type=\"section\">\n\t\t\t\t\t\t<div class=\"elementor-container elementor-column-gap-default\">\n\t\t\t\t\t<div class=\"elementor-column elementor-col-100 elementor-top-column elementor-element elementor-element-c994cd0\" data-id=\"c994cd0\" data-element_type=\"column\">\n\t\t\t<div class=\"elementor-widget-wrap elementor-element-populated\">\n\t\t\t\t\t\t\t\t<div class=\"elementor-element elementor-element-32fe1c1 elementor-widget elementor-widget-heading\" data-id=\"32fe1c1\" data-element_type=\"widget\" data-widget_type=\"heading.default\">\n\t\t\t\t<div class=\"elementor-widget-container\">\n\t\t\t<style>\/*! elementor - v3.7.0 - 08-08-2022 *\/\n.elementor-heading-title{padding:0;margin:0;line-height:1}.elementor-widget-heading .elementor-heading-title[class*=elementor-size-]>a{color:inherit;font-size:inherit;line-height:inherit}.elementor-widget-heading .elementor-heading-title.elementor-size-small{font-size:15px}.elementor-widget-heading .elementor-heading-title.elementor-size-medium{font-size:19px}.elementor-widget-heading .elementor-heading-title.elementor-size-large{font-size:29px}.elementor-widget-heading .elementor-heading-title.elementor-size-xl{font-size:39px}.elementor-widget-heading .elementor-heading-title.elementor-size-xxl{font-size:59px}<\/style><h2 class=\"elementor-heading-title elementor-size-default\">ESPECIFICACI\u00d3N<\/h2>\t\t<\/div>\n\t\t\t\t<\/div>\n\t\t\t\t\t<\/div>\n\t\t<\/div>\n\t\t\t\t\t\t\t<\/div>\n\t\t<\/section>\n\t\t\t\t<section class=\"elementor-section elementor-top-section elementor-element elementor-element-5013490 elementor-section-boxed elementor-section-height-default elementor-section-height-default\" data-id=\"5013490\" data-element_type=\"section\">\n\t\t\t\t\t\t<div class=\"elementor-container elementor-column-gap-default\">\n\t\t\t\t\t<div class=\"elementor-column elementor-col-100 elementor-top-column elementor-element elementor-element-05803ac\" data-id=\"05803ac\" data-element_type=\"column\">\n\t\t\t<div class=\"elementor-widget-wrap elementor-element-populated\">\n\t\t\t\t\t\t\t\t<div class=\"elementor-element elementor-element-4eca1e8 elementor-widget elementor-widget-text-editor\" data-id=\"4eca1e8\" data-element_type=\"widget\" data-widget_type=\"text-editor.default\">\n\t\t\t\t<div class=\"elementor-widget-container\">\n\t\t\t\t\t\t\t<p><\/p>\n<div align=\"center\">\n<table style=\"width: 571.65pt; border: none;\" border=\"1\" width=\"762\" cellspacing=\"0\" cellpadding=\"0\">\n<tbody>\n<tr style=\"mso-yfti-irow: -1; mso-yfti-firstrow: yes; mso-yfti-lastfirstrow: yes; height: 17.9pt;\">\n<td style=\"width: 571.65pt; border-width: 1pt; border-color: #e97132; border-image: initial; background: #e97132; padding: 0cm 5.4pt; height: 17.9pt;\" colspan=\"5\" valign=\"top\" width=\"762\">\n<p style=\"text-align: center; mso-yfti-cnfc: 5;\" align=\"center\"><b><span lang=\"EN-US\" style=\"color: white; mso-themecolor: background1;\">Bolardo apilable est\u00e1ndar australiano<\/span><\/b><\/p>\n<\/td>\n<\/tr>\n<tr style=\"mso-yfti-irow: 0; height: 17.9pt;\">\n<td style=\"width: 113.45pt; border-right-width: 1pt; border-bottom-width: 1pt; border-left-width: 1pt; border-right-color: #f1a983; border-bottom-color: #f1a983; border-left-color: #f1a983; border-image: initial; border-top: none; background: #fae2d5; padding: 0cm 5.4pt; height: 17.9pt;\" valign=\"top\" width=\"151\">\n<p><b><span lang=\"EN-US\" style=\"color: black; mso-color-alt: windowtext;\">Modelo<\/span><\/b><\/p>\n<\/td>\n<td style=\"width: 103.55pt; border-top: none; border-left: none; border-bottom-width: 1pt; border-bottom-color: #f1a983; border-right-width: 1pt; border-right-color: #f1a983; background: #fae2d5; padding: 0cm 5.4pt; height: 17.9pt;\" valign=\"top\" width=\"138\">\n<p><span lang=\"EN-US\" style=\"color: black; mso-color-alt: windowtext;\">ES-WP1150C<\/span><\/p>\n<\/td>\n<td style=\"width: 105.2pt; border-top: none; border-left: none; border-bottom-width: 1pt; border-bottom-color: #f1a983; border-right-width: 1pt; border-right-color: #f1a983; background: #fae2d5; padding: 0cm 5.4pt; height: 17.9pt;\" valign=\"top\" width=\"140\">\n<p><span lang=\"EN-US\" style=\"color: black; mso-color-alt: windowtext;\">ES-WP1075<\/span><\/p>\n<\/td>\n<td style=\"width: 117.7pt; border-top: none; border-left: none; border-bottom-width: 1pt; border-bottom-color: #f1a983; border-right-width: 1pt; border-right-color: #f1a983; background: #fae2d5; padding: 0cm 5.4pt; height: 17.9pt;\" valign=\"top\" width=\"157\">\n<p><span lang=\"EN-US\" style=\"color: black; mso-color-alt: windowtext;\">ES-WP1080<\/span><\/p>\n<\/td>\n<td style=\"width: 131.75pt; border-top: none; border-left: none; border-bottom-width: 1pt; border-bottom-color: #f1a983; border-right-width: 1pt; border-right-color: #f1a983; background: #fae2d5; padding: 0cm 5.4pt; height: 17.9pt;\" valign=\"top\" width=\"176\">\n<p><span lang=\"EN-US\" style=\"color: black; mso-color-alt: windowtext;\">ES-WP1250<\/span><\/p>\n<\/td>\n<\/tr>\n<tr style=\"mso-yfti-irow: 1; height: 17.9pt;\">\n<td style=\"width: 113.45pt; border-right-width: 1pt; border-bottom-width: 1pt; border-left-width: 1pt; border-right-color: #f1a983; border-bottom-color: #f1a983; border-left-color: #f1a983; border-image: initial; border-top: none; padding: 0cm 5.4pt; height: 17.9pt;\" valign=\"top\" width=\"151\">\n<p><b>Categor\u00eda de producto<\/b><\/p>\n<\/td>\n<td style=\"width: 458.2pt; border-top: none; border-left: none; border-bottom-width: 1pt; border-bottom-color: #f1a983; border-right-width: 1pt; border-right-color: #f1a983; padding: 0cm 5.4pt; height: 17.9pt;\" colspan=\"4\" valign=\"top\" width=\"611\">\n<p><span lang=\"EN-US\">Bolardo apilable\/Base de goma negra<\/span><\/p>\n<\/td>\n<\/tr>\n<tr style=\"mso-yfti-irow: 2; height: 17.9pt;\">\n<td style=\"width: 113.45pt; border-right-width: 1pt; border-bottom-width: 1pt; border-left-width: 1pt; border-right-color: #f1a983; border-bottom-color: #f1a983; border-left-color: #f1a983; border-image: initial; border-top: none; background: #fae2d5; padding: 0cm 5.4pt; height: 17.9pt;\" valign=\"top\" width=\"151\">\n<p><b><span lang=\"EN-US\" style=\"color: black; mso-color-alt: windowtext;\">Altura<\/span><\/b><\/p>\n<\/td>\n<td style=\"width: 103.55pt; border-top: none; border-left: none; border-bottom-width: 1pt; border-bottom-color: #f1a983; border-right-width: 1pt; border-right-color: #f1a983; background: #fae2d5; padding: 0cm 5.4pt; height: 17.9pt;\" valign=\"top\" width=\"138\">\n<p><span lang=\"EN-US\" style=\"color: black; mso-color-alt: windowtext;\">1150mm\/45\u2019\u2019<\/span><\/p>\n<\/td>\n<td style=\"width: 105.2pt; border-top: none; border-left: none; border-bottom-width: 1pt; border-bottom-color: #f1a983; border-right-width: 1pt; border-right-color: #f1a983; background: #fae2d5; padding: 0cm 5.4pt; height: 17.9pt;\" valign=\"top\" width=\"140\">\n<p><span lang=\"EN-US\" style=\"color: black; mso-color-alt: windowtext;\">1150mm\/42\u2019\u2019<\/span><\/p>\n<\/td>\n<td style=\"width: 117.7pt; border-top: none; border-left: none; border-bottom-width: 1pt; border-bottom-color: #f1a983; border-right-width: 1pt; border-right-color: #f1a983; background: #fae2d5; padding: 0cm 5.4pt; height: 17.9pt;\" valign=\"top\" width=\"157\">\n<p><span lang=\"EN-US\" style=\"color: black; mso-color-alt: windowtext;\">1050mm\/42\u2019\u2019<\/span><\/p>\n<\/td>\n<td style=\"width: 131.75pt; border-top: none; border-left: none; border-bottom-width: 1pt; border-bottom-color: #f1a983; border-right-width: 1pt; border-right-color: #f1a983; background: #fae2d5; padding: 0cm 5.4pt; height: 17.9pt;\" valign=\"top\" width=\"176\">\n<p><span lang=\"EN-US\" style=\"color: black; mso-color-alt: windowtext;\">1250mm\/49\u2019\u2019<\/span><\/p>\n<\/td>\n<\/tr>\n<tr style=\"mso-yfti-irow: 3; height: 18.25pt;\">\n<td style=\"width: 113.45pt; border-right-width: 1pt; border-bottom-width: 1pt; border-left-width: 1pt; border-right-color: #f1a983; border-bottom-color: #f1a983; border-left-color: #f1a983; border-image: initial; border-top: none; padding: 0cm 5.4pt; height: 18.25pt;\" valign=\"top\" width=\"151\">\n<p><b>Peso<\/b><\/p>\n<\/td>\n<td style=\"width: 103.55pt; border-top: none; border-left: none; border-bottom-width: 1pt; border-bottom-color: #f1a983; border-right-width: 1pt; border-right-color: #f1a983; padding: 0cm 5.4pt; height: 18.25pt;\" valign=\"top\" width=\"138\">\n<p><span lang=\"EN-US\">6kg\/8kg, 13.2lbs\/17.6lbs<\/span><\/p>\n<\/td>\n<td style=\"width: 105.2pt; border-top: none; border-left: none; border-bottom-width: 1pt; border-bottom-color: #f1a983; border-right-width: 1pt; border-right-color: #f1a983; padding: 0cm 5.4pt; height: 18.25pt;\" valign=\"top\" width=\"140\">\n<p><span lang=\"EN-US\">6kg\/8kg, 13.2lbs\/17.6lbs<\/span><\/p>\n<\/td>\n<td style=\"width: 117.7pt; border-top: none; border-left: none; border-bottom-width: 1pt; border-bottom-color: #f1a983; border-right-width: 1pt; border-right-color: #f1a983; padding: 0cm 5.4pt; height: 18.25pt;\" valign=\"top\" width=\"157\">\n<p><span lang=\"EN-US\">6kg\/8kg, 13.2lbs\/17.6lbs<\/span><\/p>\n<\/td>\n<td style=\"width: 131.75pt; border-top: none; border-left: none; border-bottom-width: 1pt; border-bottom-color: #f1a983; border-right-width: 1pt; border-right-color: #f1a983; padding: 0cm 5.4pt; height: 18.25pt;\" valign=\"top\" width=\"176\">\n<p><span lang=\"EN-US\">13.5kg, 29.7lbs<\/span><\/p>\n<\/td>\n<\/tr>\n<tr style=\"mso-yfti-irow: 4; height: 35.9pt;\">\n<td style=\"width: 113.45pt; border-right-width: 1pt; border-bottom-width: 1pt; border-left-width: 1pt; border-right-color: #f1a983; border-bottom-color: #f1a983; border-left-color: #f1a983; border-image: initial; border-top: none; background: #fae2d5; padding: 0cm 5.4pt; height: 35.9pt;\" valign=\"top\" width=\"151\">\n<p><b><span lang=\"EN-US\" style=\"color: black; mso-color-alt: windowtext;\">Tama\u00f1o de la base<\/span><\/b><\/p>\n<\/td>\n<td style=\"width: 103.55pt; border-top: none; border-left: none; border-bottom-width: 1pt; border-bottom-color: #f1a983; border-right-width: 1pt; border-right-color: #f1a983; background: #fae2d5; padding: 0cm 5.4pt; height: 35.9pt;\" valign=\"top\" width=\"138\">\n<p><span lang=\"EN-US\" style=\"color: black; mso-color-alt: windowtext;\">420*420mm<\/span><\/p>\n<\/td>\n<td style=\"width: 105.2pt; border-top: none; border-left: none; border-bottom-width: 1pt; border-bottom-color: #f1a983; border-right-width: 1pt; border-right-color: #f1a983; background: #fae2d5; padding: 0cm 5.4pt; height: 35.9pt;\" valign=\"top\" width=\"140\">\n<p><span lang=\"EN-US\" style=\"color: black; mso-color-alt: windowtext;\">420*420mm<\/span><\/p>\n<\/td>\n<td style=\"width: 117.7pt; border-top: none; border-left: none; border-bottom-width: 1pt; border-bottom-color: #f1a983; border-right-width: 1pt; border-right-color: #f1a983; background: #fae2d5; padding: 0cm 5.4pt; height: 35.9pt;\" valign=\"top\" width=\"157\">\n<p><span lang=\"EN-US\" style=\"color: black; mso-color-alt: windowtext;\">420*420mm<\/span><\/p>\n<\/td>\n<td style=\"width: 131.75pt; border-top: none; border-left: none; border-bottom-width: 1pt; border-bottom-color: #f1a983; border-right-width: 1pt; border-right-color: #f1a983; background: #fae2d5; padding: 0cm 5.4pt; height: 35.9pt;\" valign=\"top\" width=\"176\">\n<p><span lang=\"EN-US\" style=\"color: black; mso-color-alt: windowtext;\">750*350mm<\/span><\/p>\n<\/td>\n<\/tr>\n<tr style=\"mso-yfti-irow: 5; height: 16.45pt;\">\n<td style=\"width: 113.45pt; border-right-width: 1pt; border-bottom-width: 1pt; border-left-width: 1pt; border-right-color: #f1a983; border-bottom-color: #f1a983; border-left-color: #f1a983; border-image: initial; border-top: none; padding: 0cm 5.4pt; height: 16.45pt;\" valign=\"top\" width=\"151\">\n<p><b>Color<\/b><\/p>\n<\/td>\n<td style=\"width: 458.2pt; border-top: none; border-left: none; border-bottom-width: 1pt; border-bottom-color: #f1a983; border-right-width: 1pt; border-right-color: #f1a983; padding: 0cm 5.4pt; height: 16.45pt;\" colspan=\"4\" valign=\"top\" width=\"611\">\n<p><span lang=\"EN-US\">Rojo, Azul, Verde, Amarillo, Personalizado<\/span><\/p>\n<\/td>\n<\/tr>\n<tr style=\"mso-yfti-irow: 6; height: 17.9pt;\">\n<td style=\"width: 113.45pt; border-right-width: 1pt; border-bottom-width: 1pt; border-left-width: 1pt; border-right-color: #f1a983; border-bottom-color: #f1a983; border-left-color: #f1a983; border-image: initial; border-top: none; background: #fae2d5; padding: 0cm 5.4pt; height: 17.9pt;\" valign=\"top\" width=\"151\">\n<p><b><span lang=\"EN-US\" style=\"color: black; mso-color-alt: windowtext;\">Material<\/span><\/b><\/p>\n<\/td>\n<td style=\"width: 458.2pt; border-top: none; border-left: none; border-bottom-width: 1pt; border-bottom-color: #f1a983; border-right-width: 1pt; border-right-color: #f1a983; background: #fae2d5; padding: 0cm 5.4pt; height: 17.9pt;\" colspan=\"4\" valign=\"top\" width=\"611\">\n<p><span lang=\"EN-US\" style=\"color: black; mso-color-alt: windowtext;\">100 % polietileno, base de goma negra<\/span><\/p>\n<\/td>\n<\/tr>\n<tr style=\"mso-yfti-irow: 7; height: 18.3pt;\">\n<td style=\"width: 113.45pt; border-right-width: 1pt; border-bottom-width: 1pt; border-left-width: 1pt; border-right-color: #f1a983; border-bottom-color: #f1a983; border-left-color: #f1a983; border-image: initial; border-top: none; padding: 0cm 5.4pt; height: 18.3pt;\" valign=\"top\" width=\"151\">\n<p><b>Est\u00e1ndar de seguridad<\/b><\/p>\n<\/td>\n<td style=\"width: 458.2pt; border-top: none; border-left: none; border-bottom-width: 1pt; border-bottom-color: #f1a983; border-right-width: 1pt; border-right-color: #f1a983; padding: 0cm 5.4pt; height: 18.3pt;\" colspan=\"4\" valign=\"top\" width=\"611\">\n<p><span lang=\"EN-US\">Normas australianas AS2890.1<\/span><\/p>\n<\/td>\n<\/tr>\n<tr style=\"mso-yfti-irow: 8; height: 18.3pt;\">\n<td style=\"width: 113.45pt; border-right-width: 1pt; border-bottom-width: 1pt; border-left-width: 1pt; border-right-color: #f1a983; border-bottom-color: #f1a983; border-left-color: #f1a983; border-image: initial; border-top: none; background: #fae2d5; padding: 0cm 5.4pt; height: 18.3pt;\" valign=\"top\" width=\"151\">\n<p><b><span lang=\"EN-US\" style=\"color: black; mso-color-alt: windowtext;\">Moho<\/span><\/b><\/p>\n<\/td>\n<td style=\"width: 458.2pt; border-top: none; border-left: none; border-bottom-width: 1pt; border-bottom-color: #f1a983; border-right-width: 1pt; border-right-color: #f1a983; background: #fae2d5; padding: 0cm 5.4pt; height: 18.3pt;\" colspan=\"4\" valign=\"top\" width=\"611\">\n<p><span lang=\"EN-US\" style=\"color: black; mso-color-alt: windowtext;\">Moldeo por inyecci\u00f3n<\/span><\/p>\n<\/td>\n<\/tr>\n<tr style=\"mso-yfti-irow: 9; height: 18.3pt;\">\n<td style=\"width: 113.45pt; border-right-width: 1pt; border-bottom-width: 1pt; border-left-width: 1pt; border-right-color: #f1a983; border-bottom-color: #f1a983; border-left-color: #f1a983; border-image: initial; border-top: none; padding: 0cm 5.4pt; height: 18.3pt;\" valign=\"top\" width=\"151\">\n<p><b>Sostenible <\/b><\/p>\n<\/td>\n<td style=\"width: 458.2pt; border-top: none; border-left: none; border-bottom-width: 1pt; border-bottom-color: #f1a983; border-right-width: 1pt; border-right-color: #f1a983; padding: 0cm 5.4pt; height: 18.3pt;\" colspan=\"4\" valign=\"top\" width=\"611\">\n<p><span lang=\"EN-US\">Sostenible y Reciclable<\/span><\/p>\n<\/td>\n<\/tr>\n<tr style=\"mso-yfti-irow: 10; mso-yfti-lastrow: yes; height: 18.3pt;\">\n<td style=\"width: 113.45pt; border-right-width: 1pt; border-bottom-width: 1pt; border-left-width: 1pt; border-right-color: #f1a983; border-bottom-color: #f1a983; border-left-color: #f1a983; border-image: initial; border-top: none; background: #fae2d5; padding: 0cm 5.4pt; height: 18.3pt;\" valign=\"top\" width=\"151\">\n<p><b><span lang=\"EN-US\" style=\"color: black; mso-color-alt: windowtext;\">Por encargo<\/span><\/b><\/p>\n<\/td>\n<td style=\"width: 458.2pt; border-top: none; border-left: none; border-bottom-width: 1pt; border-bottom-color: #f1a983; border-right-width: 1pt; border-right-color: #f1a983; background: #fae2d5; padding: 0cm 5.4pt; height: 18.3pt;\" colspan=\"4\" valign=\"top\" width=\"611\">\n<p><span lang=\"EN-US\" style=\"color: black; mso-color-alt: windowtext;\">Plantillas personalizadas disponibles, pel\u00edcula reflectante de clase 1, pel\u00edcula reflectante de clase 2, pel\u00edcula reflectante de clase 3, collar reflectante 3M opcional.<\/span><\/p>\n<\/td>\n<\/tr>\n<\/tbody>\n<\/table>\n<\/div>\t\t\t\t\t\t<\/div>\n\t\t\t\t<\/div>\n\t\t\t\t\t<\/div>\n\t\t<\/div>\n\t\t\t\t\t\t\t<\/div>\n\t\t<\/section>\n\t\t\t\t<section class=\"elementor-section elementor-top-section elementor-element elementor-element-e4ac267 elementor-section-boxed elementor-section-height-default elementor-section-height-default\" data-id=\"e4ac267\" data-element_type=\"section\">\n\t\t\t\t\t\t<div class=\"elementor-container elementor-column-gap-default\">\n\t\t\t\t\t<div class=\"elementor-column elementor-col-100 elementor-top-column elementor-element elementor-element-35ce3da\" data-id=\"35ce3da\" data-element_type=\"column\">\n\t\t\t<div class=\"elementor-widget-wrap elementor-element-populated\">\n\t\t\t\t\t\t\t\t<div class=\"elementor-element elementor-element-7fb83c9 elementor-widget elementor-widget-heading\" data-id=\"7fb83c9\" data-element_type=\"widget\" data-widget_type=\"heading.default\">\n\t\t\t\t<div class=\"elementor-widget-container\">\n\t\t\t<h2 class=\"elementor-heading-title elementor-size-default\">CARACTER\u00cdSTICAS<\/h2>\t\t<\/div>\n\t\t\t\t<\/div>\n\t\t\t\t\t<\/div>\n\t\t<\/div>\n\t\t\t\t\t\t\t<\/div>\n\t\t<\/section>\n\t\t\t\t<section class=\"elementor-section elementor-top-section elementor-element elementor-element-fc6f156 elementor-section-boxed elementor-section-height-default elementor-section-height-default\" data-id=\"fc6f156\" data-element_type=\"section\">\n\t\t\t\t\t\t<div class=\"elementor-container elementor-column-gap-default\">\n\t\t\t\t\t<div class=\"elementor-column elementor-col-100 elementor-top-column elementor-element elementor-element-b62d1a6\" data-id=\"b62d1a6\" data-element_type=\"column\">\n\t\t\t<div class=\"elementor-widget-wrap elementor-element-populated\">\n\t\t\t\t\t\t\t\t<div class=\"elementor-element elementor-element-8a10a68 elementor-widget elementor-widget-text-editor\" data-id=\"8a10a68\" data-element_type=\"widget\" data-widget_type=\"text-editor.default\">\n\t\t\t\t<div class=\"elementor-widget-container\">\n\t\t\t\t\t\t\t<ol><li>Base resistente con mango fuerte recortado.<\/li><li>Resistente a impactos, a los rayos UV, anticorrosivo y duradero.<\/li><li>Poste con dise\u00f1o de asa, f\u00e1cil de llevar y r\u00e1pido de instalar.<\/li><li>Dise\u00f1o apilable para facilitar su transporte y ahorrar volumen para su traslado.<\/li><li>Orificio en la parte superior del bolardo para conectar la cadena para aislamiento y seguridad.<\/li><\/ol>\t\t\t\t\t\t<\/div>\n\t\t\t\t<\/div>\n\t\t\t\t\t<\/div>\n\t\t<\/div>\n\t\t\t\t\t\t\t<\/div>\n\t\t<\/section>\n\t\t\t\t\t\t\t<\/div>\n\t\t","protected":false},"excerpt":{"rendered":"<p>El bolardo apilable, tambi\u00e9n conocido como canalizador de tr\u00e1fico, se utiliza para se\u00f1alizaci\u00f3n temporal, delimitaci\u00f3n de tr\u00e1fico, control de multitudes y separaci\u00f3n de v\u00edas para mantenimiento y reparaci\u00f3n de carreteras. <\/p>\n","protected":false},"featured_media":5003,"comment_status":"open","ping_status":"closed","template":"","meta":{"om_disable_all_campaigns":false,"_monsterinsights_skip_tracking":false,"_monsterinsights_sitenote_active":false,"_monsterinsights_sitenote_note":"","_monsterinsights_sitenote_category":0},"product_cat":[469,467,518],"product_tag":[641,640,643],"class_list":["post-5512","product","type-product","status-publish","has-post-thumbnail","hentry","product_cat-control-de-trafico","product_cat-poste-delineador","product_cat-bolardo-apilable","product_tag-bolardo-de-seguridad","product_tag-noray","product_tag-stackable-bollard"],"aioseo_notices":[],"_links":{"self":[{"href":"https:\/\/everstarsafety.com\/es\/wp-json\/wp\/v2\/product\/5512","targetHints":{"allow":["GET"]}}],"collection":[{"href":"https:\/\/everstarsafety.com\/es\/wp-json\/wp\/v2\/product"}],"about":[{"href":"https:\/\/everstarsafety.com\/es\/wp-json\/wp\/v2\/types\/product"}],"replies":[{"embeddable":true,"href":"https:\/\/everstarsafety.com\/es\/wp-json\/wp\/v2\/comments?post=5512"}],"version-history":[{"count":1,"href":"https:\/\/everstarsafety.com\/es\/wp-json\/wp\/v2\/product\/5512\/revisions"}],"predecessor-version":[{"id":5516,"href":"https:\/\/everstarsafety.com\/es\/wp-json\/wp\/v2\/product\/5512\/revisions\/5516"}],"wp:featuredmedia":[{"embeddable":true,"href":"https:\/\/everstarsafety.com\/es\/wp-json\/wp\/v2\/media\/5003"}],"wp:attachment":[{"href":"https:\/\/everstarsafety.com\/es\/wp-json\/wp\/v2\/media?parent=5512"}],"wp:term":[{"taxonomy":"product_cat","embeddable":true,"href":"https:\/\/everstarsafety.com\/es\/wp-json\/wp\/v2\/product_cat?post=5512"},{"taxonomy":"product_tag","embeddable":true,"href":"https:\/\/everstarsafety.com\/es\/wp-json\/wp\/v2\/product_tag?post=5512"}],"curies":[{"name":"wp","href":"https:\/\/api.w.org\/{rel}","templated":true}]}}