{"id":5554,"date":"2025-11-25T08:56:21","date_gmt":"2025-11-25T08:56:21","guid":{"rendered":"https:\/\/everstarsafety.com\/product\/cono-de-trafico-de-pvc-de-12-con-base-redonda-estandar-europeo\/"},"modified":"2025-12-11T02:45:48","modified_gmt":"2025-12-11T02:45:48","slug":"cono-de-trafico-de-pvc-de-12-con-base-redonda-estandar-europeo","status":"publish","type":"product","link":"https:\/\/everstarsafety.com\/es\/producto\/cono-de-trafico-de-pvc-de-12-con-base-redonda-estandar-europeo\/","title":{"rendered":"Cono de tr\u00e1fico de PVC de 12&#8243; con base redonda, est\u00e1ndar europeo"},"content":{"rendered":"\t\t<div data-elementor-type=\"product-post\" data-elementor-id=\"5554\" class=\"elementor elementor-5554 elementor-4876\">\n\t\t\t\t\t\t\t\t\t<section class=\"elementor-section elementor-top-section elementor-element elementor-element-0f9c7fc elementor-section-boxed elementor-section-height-default elementor-section-height-default\" data-id=\"0f9c7fc\" data-element_type=\"section\">\n\t\t\t\t\t\t<div class=\"elementor-container elementor-column-gap-default\">\n\t\t\t\t\t<div class=\"elementor-column elementor-col-100 elementor-top-column elementor-element elementor-element-956f8e5\" data-id=\"956f8e5\" data-element_type=\"column\">\n\t\t\t<div class=\"elementor-widget-wrap elementor-element-populated\">\n\t\t\t\t\t\t\t\t<div class=\"elementor-element elementor-element-37b5513 elementor-widget elementor-widget-text-editor\" data-id=\"37b5513\" data-element_type=\"widget\" data-widget_type=\"text-editor.default\">\n\t\t\t\t<div class=\"elementor-widget-container\">\n\t\t\t<style>\/*! elementor - v3.7.0 - 08-08-2022 *\/\n.elementor-widget-text-editor.elementor-drop-cap-view-stacked .elementor-drop-cap{background-color:#818a91;color:#fff}.elementor-widget-text-editor.elementor-drop-cap-view-framed .elementor-drop-cap{color:#818a91;border:3px solid;background-color:transparent}.elementor-widget-text-editor:not(.elementor-drop-cap-view-default) .elementor-drop-cap{margin-top:8px}.elementor-widget-text-editor:not(.elementor-drop-cap-view-default) .elementor-drop-cap-letter{width:1em;height:1em}.elementor-widget-text-editor .elementor-drop-cap{float:left;text-align:center;line-height:1;font-size:50px}.elementor-widget-text-editor .elementor-drop-cap-letter{display:inline-block}<\/style>\t\t\t\t<p>Los conos de tr\u00e1fico est\u00e1n dise\u00f1ados con cinta reflectante de alta intensidad, lo que garantiza una mayor visibilidad en diversas condiciones. Fabricados 100 % en PVC flexible, estos conos de seguridad de colores ofrecen una durabilidad excepcional y una r\u00e1pida recuperaci\u00f3n ante impactos, lo que los hace ideales para carreteras concurridas y obras de construcci\u00f3n. Su base robusta se adhiere eficazmente a la carretera, evitando vuelcos y garantizando estabilidad incluso en condiciones clim\u00e1ticas adversas. Estos conos de seguridad son resistentes a los rayos UV y a la intemperie, perfectos para uso en exteriores y cumplen con las normas de seguridad de la UE y la certificaci\u00f3n CE.   <\/p>\t\t\t\t\t\t<\/div>\n\t\t\t\t<\/div>\n\t\t\t\t\t<\/div>\n\t\t<\/div>\n\t\t\t\t\t\t\t<\/div>\n\t\t<\/section>\n\t\t\t\t<section class=\"elementor-section elementor-top-section elementor-element elementor-element-3c612a0 elementor-section-boxed elementor-section-height-default elementor-section-height-default\" data-id=\"3c612a0\" data-element_type=\"section\">\n\t\t\t\t\t\t<div class=\"elementor-container elementor-column-gap-default\">\n\t\t\t\t\t<div class=\"elementor-column elementor-col-100 elementor-top-column elementor-element elementor-element-4ebc56b\" data-id=\"4ebc56b\" data-element_type=\"column\">\n\t\t\t<div class=\"elementor-widget-wrap elementor-element-populated\">\n\t\t\t\t\t\t\t\t<div class=\"elementor-element elementor-element-ac102c3 elementor-widget elementor-widget-heading\" data-id=\"ac102c3\" data-element_type=\"widget\" data-widget_type=\"heading.default\">\n\t\t\t\t<div class=\"elementor-widget-container\">\n\t\t\t<style>\/*! elementor - v3.7.0 - 08-08-2022 *\/\n.elementor-heading-title{padding:0;margin:0;line-height:1}.elementor-widget-heading .elementor-heading-title[class*=elementor-size-]>a{color:inherit;font-size:inherit;line-height:inherit}.elementor-widget-heading .elementor-heading-title.elementor-size-small{font-size:15px}.elementor-widget-heading .elementor-heading-title.elementor-size-medium{font-size:19px}.elementor-widget-heading .elementor-heading-title.elementor-size-large{font-size:29px}.elementor-widget-heading .elementor-heading-title.elementor-size-xl{font-size:39px}.elementor-widget-heading .elementor-heading-title.elementor-size-xxl{font-size:59px}<\/style><h2 class=\"elementor-heading-title elementor-size-default\">Especificaci\u00f3n<\/h2>\t\t<\/div>\n\t\t\t\t<\/div>\n\t\t\t\t\t<\/div>\n\t\t<\/div>\n\t\t\t\t\t\t\t<\/div>\n\t\t<\/section>\n\t\t\t\t<section class=\"elementor-section elementor-top-section elementor-element elementor-element-3adfc63 elementor-section-boxed elementor-section-height-default elementor-section-height-default\" data-id=\"3adfc63\" data-element_type=\"section\">\n\t\t\t\t\t\t<div class=\"elementor-container elementor-column-gap-default\">\n\t\t\t\t\t<div class=\"elementor-column elementor-col-100 elementor-top-column elementor-element elementor-element-3e43921\" data-id=\"3e43921\" data-element_type=\"column\">\n\t\t\t<div class=\"elementor-widget-wrap elementor-element-populated\">\n\t\t\t\t\t\t\t\t<div class=\"elementor-element elementor-element-3d75698 elementor-widget elementor-widget-text-editor\" data-id=\"3d75698\" data-element_type=\"widget\" data-widget_type=\"text-editor.default\">\n\t\t\t\t<div class=\"elementor-widget-container\">\n\t\t\t\t\t\t\t<p> <\/p><div align=\"center\"><table class=\"MsoTable15Grid4Accent2\" style=\"width: 571.65pt; border: none;\" border=\"1\" width=\"762\" cellspacing=\"0\" cellpadding=\"0\"><tbody><tr style=\"mso-yfti-irow: -1; mso-yfti-firstrow: yes; mso-yfti-lastfirstrow: yes; height: 17.9pt;\"><td style=\"width: 571.65pt; border-width: 1pt; border-top-style: solid; border-left-style: solid; border-color: #e97132; background: #e97132; padding: 0cm 5.4pt; height: 17.9pt;\" colspan=\"4\" valign=\"top\" width=\"762\"><p class=\"MsoNormal\" align=\"center\"><b><span lang=\"EN-US\" style=\"color: white; mso-themecolor: background1;\">Norma EuropeaCono de Tr\u00e1fico<\/span><\/b><\/p><\/td><\/tr><tr style=\"mso-yfti-irow: 0; height: 17.9pt;\"><td style=\"width: 94.95pt; border-right-width: 1pt; border-bottom-width: 1pt; border-left: 1pt solid #f1a983; border-right-color: #f1a983; border-bottom-color: #f1a983; background: #fae2d5; padding: 0cm 5.4pt; height: 17.9pt;\" valign=\"top\" width=\"127\"><p class=\"MsoNormal\"><b><span lang=\"EN-US\" style=\"color: black; mso-color-alt: windowtext;\">Modelo<\/span><\/b><\/p><\/td><td style=\"width: 145.8pt; border-bottom-width: 1pt; border-bottom-color: #f1a983; border-right-width: 1pt; border-right-color: #f1a983; background: #fae2d5; padding: 0cm 5.4pt; height: 17.9pt;\" valign=\"top\" width=\"194\"><p class=\"MsoNormal\"><span lang=\"EN-US\" style=\"color: black; mso-color-alt: windowtext;\">ES-TC300EU<\/span><\/p><\/td><td style=\"width: 155.9pt; border-bottom-width: 1pt; border-bottom-color: #f1a983; border-right-width: 1pt; border-right-color: #f1a983; background: #fae2d5; padding: 0cm 5.4pt; height: 17.9pt;\" valign=\"top\" width=\"208\"><p class=\"MsoNormal\"><span lang=\"EN-US\" style=\"color: black; mso-color-alt: windowtext;\">ES-TC500EU<\/span><\/p><\/td><td style=\"width: 175pt; border-bottom-width: 1pt; border-bottom-color: #f1a983; border-right-width: 1pt; border-right-color: #f1a983; background: #fae2d5; padding: 0cm 5.4pt; height: 17.9pt;\" valign=\"top\" width=\"233\"><p class=\"MsoNormal\" align=\"center\"><span lang=\"EN-US\" style=\"color: black; mso-color-alt: windowtext;\">ES-TC750EU<\/span><\/p><\/td><\/tr><tr style=\"mso-yfti-irow: 1; height: 17.9pt;\"><td style=\"width: 94.95pt; border-right-width: 1pt; border-bottom-width: 1pt; border-left: 1pt solid #f1a983; border-right-color: #f1a983; border-bottom-color: #f1a983; padding: 0cm 5.4pt; height: 17.9pt;\" valign=\"top\" width=\"127\"><p class=\"MsoNormal\"><b>Categor\u00eda de producto<\/b><\/p><\/td><td style=\"width: 476.7pt; border-bottom-width: 1pt; border-bottom-color: #f1a983; border-right-width: 1pt; border-right-color: #f1a983; padding: 0cm 5.4pt; height: 17.9pt;\" colspan=\"3\" valign=\"top\" width=\"636\"><p class=\"MsoNormal\"><span lang=\"EN-US\">Cono de tr\u00e1fico de PVC con base redonda<\/span><\/p><\/td><\/tr><tr style=\"mso-yfti-irow: 2; height: 17.9pt;\"><td style=\"width: 94.95pt; border-right-width: 1pt; border-bottom-width: 1pt; border-left: 1pt solid #f1a983; border-right-color: #f1a983; border-bottom-color: #f1a983; background: #fae2d5; padding: 0cm 5.4pt; height: 17.9pt;\" valign=\"top\" width=\"127\"><p class=\"MsoNormal\"><b><span lang=\"EN-US\" style=\"color: black; mso-color-alt: windowtext;\">Altura<\/span><\/b><\/p><\/td><td style=\"width: 145.8pt; border-bottom-width: 1pt; border-bottom-color: #f1a983; border-right-width: 1pt; border-right-color: #f1a983; background: #fae2d5; padding: 0cm 5.4pt; height: 17.9pt;\" valign=\"top\" width=\"194\"><p class=\"MsoNormal\"><span lang=\"EN-US\" style=\"color: black; mso-color-alt: windowtext;\">300mm\/12\u2019\u2019<\/span><\/p><\/td><td style=\"width: 155.9pt; border-bottom-width: 1pt; border-bottom-color: #f1a983; border-right-width: 1pt; border-right-color: #f1a983; background: #fae2d5; padding: 0cm 5.4pt; height: 17.9pt;\" valign=\"top\" width=\"208\"><p class=\"MsoNormal\"><span lang=\"EN-US\" style=\"color: black; mso-color-alt: windowtext;\">500mm\/20\u2019\u2019<\/span><\/p><\/td><td style=\"width: 175pt; border-bottom-width: 1pt; border-bottom-color: #f1a983; border-right-width: 1pt; border-right-color: #f1a983; background: #fae2d5; padding: 0cm 5.4pt; height: 17.9pt;\" valign=\"top\" width=\"233\"><p class=\"MsoNormal\"><span lang=\"EN-US\" style=\"color: black; mso-color-alt: windowtext;\">700mm\/30\u2019\u2019<\/span><\/p><\/td><\/tr><tr style=\"mso-yfti-irow: 3; height: 18.25pt;\"><td style=\"width: 94.95pt; border-right-width: 1pt; border-bottom-width: 1pt; border-left: 1pt solid #f1a983; border-right-color: #f1a983; border-bottom-color: #f1a983; padding: 0cm 5.4pt; height: 18.25pt;\" valign=\"top\" width=\"127\"><p class=\"MsoNormal\"><b>Peso<\/b><\/p><\/td><td style=\"width: 145.8pt; border-bottom-width: 1pt; border-bottom-color: #f1a983; border-right-width: 1pt; border-right-color: #f1a983; padding: 0cm 5.4pt; height: 18.25pt;\" valign=\"top\" width=\"194\"><p class=\"MsoNormal\"><span lang=\"EN-US\">0.6kg\/1.32lbs<\/span><\/p><\/td><td style=\"width: 155.9pt; border-bottom-width: 1pt; border-bottom-color: #f1a983; border-right-width: 1pt; border-right-color: #f1a983; padding: 0cm 5.4pt; height: 18.25pt;\" valign=\"top\" width=\"208\"><p class=\"MsoNormal\"><span lang=\"EN-US\">1.2kg\/2.64lbs<\/span><\/p><\/td><td style=\"width: 175pt; border-bottom-width: 1pt; border-bottom-color: #f1a983; border-right-width: 1pt; border-right-color: #f1a983; padding: 0cm 5.4pt; height: 18.25pt;\" valign=\"top\" width=\"233\"><p class=\"MsoNormal\"><span lang=\"EN-US\">3.6kg\/7.92kg<\/span><\/p><\/td><\/tr><tr style=\"mso-yfti-irow: 4; height: 35.9pt;\"><td style=\"width: 94.95pt; border-right-width: 1pt; border-bottom-width: 1pt; border-left: 1pt solid #f1a983; border-right-color: #f1a983; border-bottom-color: #f1a983; background: #fae2d5; padding: 0cm 5.4pt; height: 35.9pt;\" valign=\"top\" width=\"127\"><p class=\"MsoNormal\"><b><span lang=\"EN-US\" style=\"color: black; mso-color-alt: windowtext;\">Collar reflectante<\/span><\/b><\/p><\/td><td style=\"width: 145.8pt; border-bottom-width: 1pt; border-bottom-color: #f1a983; border-right-width: 1pt; border-right-color: #f1a983; background: #fae2d5; padding: 0cm 5.4pt; height: 35.9pt;\" valign=\"top\" width=\"194\"><p class=\"MsoNormal\"><span lang=\"EN-US\" style=\"color: black; mso-color-alt: windowtext;\">80mm\/3\u2019\u2019<\/span><\/p><\/td><td style=\"width: 155.9pt; border-bottom-width: 1pt; border-bottom-color: #f1a983; border-right-width: 1pt; border-right-color: #f1a983; background: #fae2d5; padding: 0cm 5.4pt; height: 35.9pt;\" valign=\"top\" width=\"208\"><p class=\"MsoNormal\"><span lang=\"EN-US\" style=\"color: black; mso-color-alt: windowtext;\">80mm+80mm\/3\u2019\u2019+3\u2019\u2019<\/span><\/p><\/td><td style=\"width: 175pt; border-bottom-width: 1pt; border-bottom-color: #f1a983; border-right-width: 1pt; border-right-color: #f1a983; background: #fae2d5; padding: 0cm 5.4pt; height: 35.9pt;\" valign=\"top\" width=\"233\"><p class=\"MsoNormal\"><span lang=\"EN-US\" style=\"color: black; mso-color-alt: windowtext;\">150mm+100mm\/6\u2019\u2019+4\u2019\u2019<\/span><\/p><\/td><\/tr><tr style=\"mso-yfti-irow: 5; height: 16.45pt;\"><td style=\"width: 94.95pt; border-right-width: 1pt; border-bottom-width: 1pt; border-left: 1pt solid #f1a983; border-right-color: #f1a983; border-bottom-color: #f1a983; padding: 0cm 5.4pt; height: 16.45pt;\" valign=\"top\" width=\"127\"><p class=\"MsoNormal\"><b>Color<\/b><\/p><\/td><td style=\"width: 476.7pt; border-bottom-width: 1pt; border-bottom-color: #f1a983; border-right-width: 1pt; border-right-color: #f1a983; padding: 0cm 5.4pt; height: 16.45pt;\" colspan=\"3\" valign=\"top\" width=\"636\"><p class=\"MsoNormal\"><span lang=\"EN-US\">Naranja fluorescente, verde lima fluorescente, amarillo fluorescente, azul fluorescente<\/span><\/p><\/td><\/tr><tr style=\"mso-yfti-irow: 6; height: 17.9pt;\"><td style=\"width: 94.95pt; border-right-width: 1pt; border-bottom-width: 1pt; border-left: 1pt solid #f1a983; border-right-color: #f1a983; border-bottom-color: #f1a983; background: #fae2d5; padding: 0cm 5.4pt; height: 17.9pt;\" valign=\"top\" width=\"127\"><p class=\"MsoNormal\"><b><span lang=\"EN-US\" style=\"color: black; mso-color-alt: windowtext;\">Material<\/span><\/b><\/p><\/td><td style=\"width: 476.7pt; border-bottom-width: 1pt; border-bottom-color: #f1a983; border-right-width: 1pt; border-right-color: #f1a983; background: #fae2d5; padding: 0cm 5.4pt; height: 17.9pt;\" colspan=\"3\" valign=\"top\" width=\"636\"><p class=\"MsoNormal\"><span lang=\"EN-US\" style=\"color: black; mso-color-alt: windowtext;\">100% cloruro de polivinilo<\/span><\/p><\/td><\/tr><tr style=\"mso-yfti-irow: 7; height: 18.3pt;\"><td style=\"width: 94.95pt; border-right-width: 1pt; border-bottom-width: 1pt; border-left: 1pt solid #f1a983; border-right-color: #f1a983; border-bottom-color: #f1a983; padding: 0cm 5.4pt; height: 18.3pt;\" valign=\"top\" width=\"127\"><p class=\"MsoNormal\"><b>Norma de seguridad<\/b><\/p><\/td><td style=\"width: 476.7pt; border-bottom-width: 1pt; border-bottom-color: #f1a983; border-right-width: 1pt; border-right-color: #f1a983; padding: 0cm 5.4pt; height: 18.3pt;\" colspan=\"3\" valign=\"top\" width=\"636\"><p class=\"MsoNormal\"><span lang=\"EN-US\">Norma Europea, Certificaci\u00f3n CE<\/span><\/p><\/td><\/tr><tr style=\"mso-yfti-irow: 8; height: 18.3pt;\"><td style=\"width: 94.95pt; border-right-width: 1pt; border-bottom-width: 1pt; border-left: 1pt solid #f1a983; border-right-color: #f1a983; border-bottom-color: #f1a983; background: #fae2d5; padding: 0cm 5.4pt; height: 18.3pt;\" valign=\"top\" width=\"127\"><p class=\"MsoNormal\"><b><span lang=\"EN-US\" style=\"color: black; mso-color-alt: windowtext;\">Moho<\/span><\/b><\/p><\/td><td style=\"width: 476.7pt; border-bottom-width: 1pt; border-bottom-color: #f1a983; border-right-width: 1pt; border-right-color: #f1a983; background: #fae2d5; padding: 0cm 5.4pt; height: 18.3pt;\" colspan=\"3\" valign=\"top\" width=\"636\"><p class=\"MsoNormal\"><span lang=\"EN-US\" style=\"color: black; mso-color-alt: windowtext;\">Moldeo por inyecci\u00f3n<\/span><\/p><\/td><\/tr><tr style=\"mso-yfti-irow: 9; height: 18.3pt;\"><td style=\"width: 94.95pt; border-right-width: 1pt; border-bottom-width: 1pt; border-left: 1pt solid #f1a983; border-right-color: #f1a983; border-bottom-color: #f1a983; padding: 0cm 5.4pt; height: 18.3pt;\" valign=\"top\" width=\"127\"><p class=\"MsoNormal\"><b>Sostenible <\/b><\/p><\/td><td style=\"width: 476.7pt; border-bottom-width: 1pt; border-bottom-color: #f1a983; border-right-width: 1pt; border-right-color: #f1a983; padding: 0cm 5.4pt; height: 18.3pt;\" colspan=\"3\" valign=\"top\" width=\"636\"><p class=\"MsoNormal\"><span lang=\"EN-US\">Sostenible y Reciclable<\/span><\/p><\/td><\/tr><tr style=\"mso-yfti-irow: 10; mso-yfti-lastrow: yes; height: 18.3pt;\"><td style=\"width: 94.95pt; border-right-width: 1pt; border-bottom-width: 1pt; border-left: 1pt solid #f1a983; border-right-color: #f1a983; border-bottom-color: #f1a983; background: #fae2d5; padding: 0cm 5.4pt; height: 18.3pt;\" valign=\"top\" width=\"127\"><p class=\"MsoNormal\"><b><span lang=\"EN-US\" style=\"color: black; mso-color-alt: windowtext;\">Por encargo<\/span><\/b><\/p><\/td><td style=\"width: 476.7pt; border-bottom-width: 1pt; border-bottom-color: #f1a983; border-right-width: 1pt; border-right-color: #f1a983; background: #fae2d5; padding: 0cm 5.4pt; height: 18.3pt;\" colspan=\"3\" valign=\"top\" width=\"636\"><p class=\"MsoNormal\"><span lang=\"EN-US\" style=\"color: black; mso-color-alt: windowtext;\">Plantillas personalizadas disponibles, pel\u00edcula reflectante de clase 1, pel\u00edcula reflectante de clase 2, pel\u00edcula reflectante de clase 3, <\/span><\/p><p class=\"MsoNormal\"><span lang=\"EN-US\" style=\"color: black; mso-color-alt: windowtext;\">Collar reflectante 3M opcional<\/span><\/p><\/td><\/tr><\/tbody><\/table><\/div><p> <\/p>\t\t\t\t\t\t<\/div>\n\t\t\t\t<\/div>\n\t\t\t\t\t<\/div>\n\t\t<\/div>\n\t\t\t\t\t\t\t<\/div>\n\t\t<\/section>\n\t\t\t\t<section class=\"elementor-section elementor-top-section elementor-element elementor-element-65b1d96 elementor-section-boxed elementor-section-height-default elementor-section-height-default\" data-id=\"65b1d96\" data-element_type=\"section\">\n\t\t\t\t\t\t<div class=\"elementor-container elementor-column-gap-default\">\n\t\t\t\t\t<div class=\"elementor-column elementor-col-100 elementor-top-column elementor-element elementor-element-bef968d\" data-id=\"bef968d\" data-element_type=\"column\">\n\t\t\t<div class=\"elementor-widget-wrap elementor-element-populated\">\n\t\t\t\t\t\t\t\t<div class=\"elementor-element elementor-element-1e89b91 elementor-widget elementor-widget-heading\" data-id=\"1e89b91\" data-element_type=\"widget\" data-widget_type=\"heading.default\">\n\t\t\t\t<div class=\"elementor-widget-container\">\n\t\t\t<h2 class=\"elementor-heading-title elementor-size-default\">Caracter\u00edsticas<\/h2>\t\t<\/div>\n\t\t\t\t<\/div>\n\t\t\t\t\t<\/div>\n\t\t<\/div>\n\t\t\t\t\t\t\t<\/div>\n\t\t<\/section>\n\t\t\t\t<section class=\"elementor-section elementor-top-section elementor-element elementor-element-9449d2d elementor-section-boxed elementor-section-height-default elementor-section-height-default\" data-id=\"9449d2d\" data-element_type=\"section\">\n\t\t\t\t\t\t<div class=\"elementor-container elementor-column-gap-default\">\n\t\t\t\t\t<div class=\"elementor-column elementor-col-100 elementor-top-column elementor-element elementor-element-831c28b\" data-id=\"831c28b\" data-element_type=\"column\">\n\t\t\t<div class=\"elementor-widget-wrap elementor-element-populated\">\n\t\t\t\t\t\t\t\t<div class=\"elementor-element elementor-element-e85c795 elementor-widget elementor-widget-text-editor\" data-id=\"e85c795\" data-element_type=\"widget\" data-widget_type=\"text-editor.default\">\n\t\t\t\t<div class=\"elementor-widget-container\">\n\t\t\t\t\t\t\t<ol><li><span style=\"font-style: inherit; font-weight: inherit;\">Base robusta que se agarra a la carretera y evita vuelcos<\/span><\/li><li style=\"font-weight: 400;\"><span style=\"font-style: inherit; font-weight: inherit;\"> Resistente a los rayos UV y a la intemperie para uso en exteriores.<\/span><\/li><li style=\"font-weight: 400;\"><span style=\"font-style: inherit; font-weight: inherit;\"> Cumple con las normas de la UE y la certificaci\u00f3n CE<\/span><\/li><li style=\"font-weight: 400;\">Tiras reflectantes para una mayor visibilidad en la oscuridad y en condiciones clim\u00e1ticas adversas.<\/li><li style=\"font-weight: 400;\">Fabricado con material de PVC duradero, es resistente a las duras condiciones clim\u00e1ticas y al uso intensivo. <span> <\/span><\/li><li style=\"font-weight: 400;\">Es liviano y f\u00e1cil de transportar, lo que lo hace ideal para su uso en obras viales, sitios de construcci\u00f3n y otros lugares donde se requiere gesti\u00f3n del tr\u00e1fico. <\/li><\/ol>\t\t\t\t\t\t<\/div>\n\t\t\t\t<\/div>\n\t\t\t\t\t<\/div>\n\t\t<\/div>\n\t\t\t\t\t\t\t<\/div>\n\t\t<\/section>\n\t\t\t\t\t\t\t<\/div>\n\t\t","protected":false},"excerpt":{"rendered":"<p>Los conos de tr\u00e1fico son un equipo de seguridad b\u00e1sico para marcar lugares de riesgo, cierres temporales y gestionar el tr\u00e1fico vial.<\/p>\n","protected":false},"featured_media":4877,"comment_status":"open","ping_status":"closed","template":"","meta":{"om_disable_all_campaigns":false,"_monsterinsights_skip_tracking":false,"_monsterinsights_sitenote_active":false,"_monsterinsights_sitenote_note":"","_monsterinsights_sitenote_category":0},"product_cat":[469,540,543],"product_tag":[],"class_list":["post-5554","product","type-product","status-publish","has-post-thumbnail","hentry","product_cat-control-de-trafico","product_cat-cono-de-trafico","product_cat-cono-de-trafico-estandar-europeo"],"aioseo_notices":[],"_links":{"self":[{"href":"https:\/\/everstarsafety.com\/es\/wp-json\/wp\/v2\/product\/5554","targetHints":{"allow":["GET"]}}],"collection":[{"href":"https:\/\/everstarsafety.com\/es\/wp-json\/wp\/v2\/product"}],"about":[{"href":"https:\/\/everstarsafety.com\/es\/wp-json\/wp\/v2\/types\/product"}],"replies":[{"embeddable":true,"href":"https:\/\/everstarsafety.com\/es\/wp-json\/wp\/v2\/comments?post=5554"}],"version-history":[{"count":1,"href":"https:\/\/everstarsafety.com\/es\/wp-json\/wp\/v2\/product\/5554\/revisions"}],"predecessor-version":[{"id":5557,"href":"https:\/\/everstarsafety.com\/es\/wp-json\/wp\/v2\/product\/5554\/revisions\/5557"}],"wp:featuredmedia":[{"embeddable":true,"href":"https:\/\/everstarsafety.com\/es\/wp-json\/wp\/v2\/media\/4877"}],"wp:attachment":[{"href":"https:\/\/everstarsafety.com\/es\/wp-json\/wp\/v2\/media?parent=5554"}],"wp:term":[{"taxonomy":"product_cat","embeddable":true,"href":"https:\/\/everstarsafety.com\/es\/wp-json\/wp\/v2\/product_cat?post=5554"},{"taxonomy":"product_tag","embeddable":true,"href":"https:\/\/everstarsafety.com\/es\/wp-json\/wp\/v2\/product_tag?post=5554"}],"curies":[{"name":"wp","href":"https:\/\/api.w.org\/{rel}","templated":true}]}}