{"id":5569,"date":"2025-11-24T10:01:38","date_gmt":"2025-11-24T10:01:38","guid":{"rendered":"https:\/\/everstarsafety.com\/product\/cono-de-trafico-de-pvc-de-28-con-base-de-goma-negra-estandar-australiano\/"},"modified":"2025-12-11T02:45:49","modified_gmt":"2025-12-11T02:45:49","slug":"cono-de-trafico-de-pvc-de-28-con-base-de-goma-negra-estandar-australiano","status":"publish","type":"product","link":"https:\/\/everstarsafety.com\/es\/producto\/cono-de-trafico-de-pvc-de-28-con-base-de-goma-negra-estandar-australiano\/","title":{"rendered":"Cono de tr\u00e1fico de PVC de 28\u00bb con base de goma negra, est\u00e1ndar australiano"},"content":{"rendered":"\t\t<div data-elementor-type=\"product-post\" data-elementor-id=\"5569\" class=\"elementor elementor-5569 elementor-4857\">\n\t\t\t\t\t\t\t\t\t<section class=\"elementor-section elementor-top-section elementor-element elementor-element-9a96d9d elementor-section-boxed elementor-section-height-default elementor-section-height-default\" data-id=\"9a96d9d\" data-element_type=\"section\">\n\t\t\t\t\t\t<div class=\"elementor-container elementor-column-gap-default\">\n\t\t\t\t\t<div class=\"elementor-column elementor-col-100 elementor-top-column elementor-element elementor-element-4a5b0cb\" data-id=\"4a5b0cb\" data-element_type=\"column\">\n\t\t\t<div class=\"elementor-widget-wrap elementor-element-populated\">\n\t\t\t\t\t\t\t\t<div class=\"elementor-element elementor-element-d5c24ea elementor-widget elementor-widget-text-editor\" data-id=\"d5c24ea\" data-element_type=\"widget\" data-widget_type=\"text-editor.default\">\n\t\t\t\t<div class=\"elementor-widget-container\">\n\t\t\t<style>\/*! elementor - v3.7.0 - 08-08-2022 *\/\n.elementor-widget-text-editor.elementor-drop-cap-view-stacked .elementor-drop-cap{background-color:#818a91;color:#fff}.elementor-widget-text-editor.elementor-drop-cap-view-framed .elementor-drop-cap{color:#818a91;border:3px solid;background-color:transparent}.elementor-widget-text-editor:not(.elementor-drop-cap-view-default) .elementor-drop-cap{margin-top:8px}.elementor-widget-text-editor:not(.elementor-drop-cap-view-default) .elementor-drop-cap-letter{width:1em;height:1em}.elementor-widget-text-editor .elementor-drop-cap{float:left;text-align:center;line-height:1;font-size:50px}.elementor-widget-text-editor .elementor-drop-cap-letter{display:inline-block}<\/style>\t\t\t\t<p>Fabricado en PVC duradero y resistente a impactos, este cono reflectante ofrece un rendimiento fiable y una resistencia excepcional incluso en las duras condiciones clim\u00e1ticas australianas. De color naranja brillante y con cinta altamente reflectante, garantiza la m\u00e1xima visibilidad d\u00eda y noche, marcando claramente los peligros y mejorando la seguridad p\u00fablica y laboral. Su base robusta y con peso proporciona estabilidad, reduciendo el movimiento en condiciones de viento o tr\u00e1fico intenso, lo que lo hace ideal para obras viales, obras de construcci\u00f3n, aparcamientos, eventos y \u00e1reas de respuesta a emergencias.  <\/p>\t\t\t\t\t\t<\/div>\n\t\t\t\t<\/div>\n\t\t\t\t\t<\/div>\n\t\t<\/div>\n\t\t\t\t\t\t\t<\/div>\n\t\t<\/section>\n\t\t\t\t<section class=\"elementor-section elementor-top-section elementor-element elementor-element-b81562a elementor-section-boxed elementor-section-height-default elementor-section-height-default\" data-id=\"b81562a\" data-element_type=\"section\">\n\t\t\t\t\t\t<div class=\"elementor-container elementor-column-gap-default\">\n\t\t\t\t\t<div class=\"elementor-column elementor-col-100 elementor-top-column elementor-element elementor-element-c1088f5\" data-id=\"c1088f5\" data-element_type=\"column\">\n\t\t\t<div class=\"elementor-widget-wrap elementor-element-populated\">\n\t\t\t\t\t\t\t\t<div class=\"elementor-element elementor-element-401d57c elementor-widget elementor-widget-heading\" data-id=\"401d57c\" data-element_type=\"widget\" data-widget_type=\"heading.default\">\n\t\t\t\t<div class=\"elementor-widget-container\">\n\t\t\t<style>\/*! elementor - v3.7.0 - 08-08-2022 *\/\n.elementor-heading-title{padding:0;margin:0;line-height:1}.elementor-widget-heading .elementor-heading-title[class*=elementor-size-]>a{color:inherit;font-size:inherit;line-height:inherit}.elementor-widget-heading .elementor-heading-title.elementor-size-small{font-size:15px}.elementor-widget-heading .elementor-heading-title.elementor-size-medium{font-size:19px}.elementor-widget-heading .elementor-heading-title.elementor-size-large{font-size:29px}.elementor-widget-heading .elementor-heading-title.elementor-size-xl{font-size:39px}.elementor-widget-heading .elementor-heading-title.elementor-size-xxl{font-size:59px}<\/style><h2 class=\"elementor-heading-title elementor-size-default\">Especificaci\u00f3n<\/h2>\t\t<\/div>\n\t\t\t\t<\/div>\n\t\t\t\t\t<\/div>\n\t\t<\/div>\n\t\t\t\t\t\t\t<\/div>\n\t\t<\/section>\n\t\t\t\t<section class=\"elementor-section elementor-top-section elementor-element elementor-element-cacc97f elementor-section-boxed elementor-section-height-default elementor-section-height-default\" data-id=\"cacc97f\" data-element_type=\"section\">\n\t\t\t\t\t\t<div class=\"elementor-container elementor-column-gap-default\">\n\t\t\t\t\t<div class=\"elementor-column elementor-col-100 elementor-top-column elementor-element elementor-element-ed3a46c\" data-id=\"ed3a46c\" data-element_type=\"column\">\n\t\t\t<div class=\"elementor-widget-wrap elementor-element-populated\">\n\t\t\t\t\t\t\t\t<div class=\"elementor-element elementor-element-ed423ce elementor-widget elementor-widget-text-editor\" data-id=\"ed423ce\" data-element_type=\"widget\" data-widget_type=\"text-editor.default\">\n\t\t\t\t<div class=\"elementor-widget-container\">\n\t\t\t\t\t\t\t<div align=\"center\"><table class=\"MsoTable15Grid4Accent2\" style=\"width: 571.65pt; border: none;\" border=\"1\" width=\"762\" cellspacing=\"0\" cellpadding=\"0\"><tbody><tr style=\"mso-yfti-irow: -1; mso-yfti-firstrow: yes; mso-yfti-lastfirstrow: yes; height: 17.9pt;\"><td style=\"width: 571.65pt; border-width: 1pt; border-color: #e97132; border-image: initial; background: #e97132; padding: 0cm 5.4pt; height: 17.9pt;\" colspan=\"4\" valign=\"top\" width=\"762\"><p class=\"MsoNormal\" style=\"text-align: center; mso-yfti-cnfc: 5;\" align=\"center\"><b><span lang=\"EN-US\" style=\"color: white; mso-themecolor: background1;\">Cono de tr\u00e1fico est\u00e1ndar de Australia<\/span><\/b><\/p><\/td><\/tr><tr style=\"mso-yfti-irow: 0; height: 17.9pt;\"><td style=\"width: 114.9pt; border-right-width: 1pt; border-bottom-width: 1pt; border-left-width: 1pt; border-right-color: #f1a983; border-bottom-color: #f1a983; border-left-color: #f1a983; border-image: initial; border-top: none; background: #fae2d5; padding: 0cm 5.4pt; height: 17.9pt;\" valign=\"top\" width=\"153\"><p class=\"MsoNormal\"><b><span lang=\"EN-US\" style=\"color: black; mso-color-alt: windowtext;\">Modelo<\/span><\/b><\/p><\/td><td style=\"width: 161.3pt; border-top: none; border-left: none; border-bottom-width: 1pt; border-bottom-color: #f1a983; border-right-width: 1pt; border-right-color: #f1a983; background: #fae2d5; padding: 0cm 5.4pt; height: 17.9pt;\" valign=\"top\" width=\"215\"><p class=\"MsoNormal\" style=\"text-align: center; mso-yfti-cnfc: 64;\" align=\"center\"><span lang=\"EN-US\" style=\"color: black; mso-color-alt: windowtext;\">ES-TC450AU<\/span><\/p><\/td><td style=\"width: 163.25pt; border-top: none; border-left: none; border-bottom-width: 1pt; border-bottom-color: #f1a983; border-right-width: 1pt; border-right-color: #f1a983; background: #fae2d5; padding: 0cm 5.4pt; height: 17.9pt;\" valign=\"top\" width=\"218\"><p class=\"MsoNormal\"><span lang=\"EN-US\" style=\"color: black; mso-color-alt: windowtext;\">ES-TC700AU<\/span><\/p><\/td><td style=\"width: 132.2pt; border-top: none; border-left: none; border-bottom-width: 1pt; border-bottom-color: #f1a983; border-right-width: 1pt; border-right-color: #f1a983; background: #fae2d5; padding: 0cm 5.4pt; height: 17.9pt;\" valign=\"top\" width=\"176\"><p class=\"MsoNormal\" style=\"text-align: center; mso-yfti-cnfc: 64;\" align=\"center\"><span lang=\"EN-US\" style=\"color: black; mso-color-alt: windowtext;\">ES-TC900AU<\/span><\/p><\/td><\/tr><tr style=\"mso-yfti-irow: 1; height: 17.9pt;\"><td style=\"width: 114.9pt; border-right-width: 1pt; border-bottom-width: 1pt; border-left-width: 1pt; border-right-color: #f1a983; border-bottom-color: #f1a983; border-left-color: #f1a983; border-image: initial; border-top: none; padding: 0cm 5.4pt; height: 17.9pt;\" valign=\"top\" width=\"153\"><p class=\"MsoNormal\"><b>Categor\u00eda de producto<\/b><\/p><\/td><td style=\"width: 456.75pt; border-top: none; border-left: none; border-bottom-width: 1pt; border-bottom-color: #f1a983; border-right-width: 1pt; border-right-color: #f1a983; padding: 0cm 5.4pt; height: 17.9pt;\" colspan=\"3\" valign=\"top\" width=\"609\"><p class=\"MsoNormal\"><span lang=\"EN-US\">Cono de tr\u00e1fico con cuerpo de PVC\/base de goma negra<\/span><\/p><\/td><\/tr><tr style=\"mso-yfti-irow: 2; height: 17.9pt;\"><td style=\"width: 114.9pt; border-right-width: 1pt; border-bottom-width: 1pt; border-left-width: 1pt; border-right-color: #f1a983; border-bottom-color: #f1a983; border-left-color: #f1a983; border-image: initial; border-top: none; background: #fae2d5; padding: 0cm 5.4pt; height: 17.9pt;\" valign=\"top\" width=\"153\"><p class=\"MsoNormal\"><b><span lang=\"EN-US\" style=\"color: black; mso-color-alt: windowtext;\">Altura<\/span><\/b><\/p><\/td><td style=\"width: 161.3pt; border-top: none; border-left: none; border-bottom-width: 1pt; border-bottom-color: #f1a983; border-right-width: 1pt; border-right-color: #f1a983; background: #fae2d5; padding: 0cm 5.4pt; height: 17.9pt;\" valign=\"top\" width=\"215\"><p class=\"MsoNormal\"><span lang=\"EN-US\" style=\"color: black; mso-color-alt: windowtext;\">450mm\/18\u2019\u2019<\/span><\/p><\/td><td style=\"width: 163.25pt; border-top: none; border-left: none; border-bottom-width: 1pt; border-bottom-color: #f1a983; border-right-width: 1pt; border-right-color: #f1a983; background: #fae2d5; padding: 0cm 5.4pt; height: 17.9pt;\" valign=\"top\" width=\"218\"><p class=\"MsoNormal\"><span lang=\"EN-US\" style=\"color: black; mso-color-alt: windowtext;\">700mm\/28\u2019\u2019<\/span><\/p><\/td><td style=\"width: 132.2pt; border-top: none; border-left: none; border-bottom-width: 1pt; border-bottom-color: #f1a983; border-right-width: 1pt; border-right-color: #f1a983; background: #fae2d5; padding: 0cm 5.4pt; height: 17.9pt;\" valign=\"top\" width=\"176\"><p class=\"MsoNormal\"><span lang=\"EN-US\" style=\"color: black; mso-color-alt: windowtext;\">900mm\/36\u2019\u2019<\/span><\/p><\/td><\/tr><tr style=\"mso-yfti-irow: 3; height: 18.25pt;\"><td style=\"width: 114.9pt; border-right-width: 1pt; border-bottom-width: 1pt; border-left-width: 1pt; border-right-color: #f1a983; border-bottom-color: #f1a983; border-left-color: #f1a983; border-image: initial; border-top: none; padding: 0cm 5.4pt; height: 18.25pt;\" valign=\"top\" width=\"153\"><p class=\"MsoNormal\"><b>Peso<\/b><\/p><\/td><td style=\"width: 161.3pt; border-top: none; border-left: none; border-bottom-width: 1pt; border-bottom-color: #f1a983; border-right-width: 1pt; border-right-color: #f1a983; padding: 0cm 5.4pt; height: 18.25pt;\" valign=\"top\" width=\"215\"><p class=\"MsoNormal\"><span lang=\"EN-US\">1.5kg\/3.31lbs<\/span><\/p><\/td><td style=\"width: 163.25pt; border-top: none; border-left: none; border-bottom-width: 1pt; border-bottom-color: #f1a983; border-right-width: 1pt; border-right-color: #f1a983; padding: 0cm 5.4pt; height: 18.25pt;\" valign=\"top\" width=\"218\"><p class=\"MsoNormal\"><span lang=\"EN-US\">3.2kg, 7.05lbs<\/span><\/p><\/td><td style=\"width: 132.2pt; border-top: none; border-left: none; border-bottom-width: 1pt; border-bottom-color: #f1a983; border-right-width: 1pt; border-right-color: #f1a983; padding: 0cm 5.4pt; height: 18.25pt;\" valign=\"top\" width=\"176\"><p class=\"MsoNormal\"><span lang=\"EN-US\">4.5kg, 9.92lbs<\/span><\/p><\/td><\/tr><tr style=\"mso-yfti-irow: 4; height: 20.6pt;\"><td style=\"width: 114.9pt; border-right-width: 1pt; border-bottom-width: 1pt; border-left-width: 1pt; border-right-color: #f1a983; border-bottom-color: #f1a983; border-left-color: #f1a983; border-image: initial; border-top: none; background: #fae2d5; padding: 0cm 5.4pt; height: 20.6pt;\" valign=\"top\" width=\"153\"><p class=\"MsoNormal\"><b><span lang=\"EN-US\" style=\"color: black; mso-color-alt: windowtext;\">Collar reflectante<\/span><\/b><\/p><\/td><td style=\"width: 456.75pt; border-top: none; border-left: none; border-bottom-width: 1pt; border-bottom-color: #f1a983; border-right-width: 1pt; border-right-color: #f1a983; background: #fae2d5; padding: 0cm 5.4pt; height: 20.6pt;\" colspan=\"3\" valign=\"top\" width=\"609\"><p class=\"MsoNormal\" style=\"text-align: center; mso-yfti-cnfc: 64;\" align=\"center\"><span lang=\"EN-US\" style=\"color: black; mso-color-alt: windowtext;\">150mm\/6\u2019\u2019<\/span><\/p><\/td><\/tr><tr style=\"mso-yfti-irow: 5; height: 16.45pt;\"><td style=\"width: 114.9pt; border-right-width: 1pt; border-bottom-width: 1pt; border-left-width: 1pt; border-right-color: #f1a983; border-bottom-color: #f1a983; border-left-color: #f1a983; border-image: initial; border-top: none; padding: 0cm 5.4pt; height: 16.45pt;\" valign=\"top\" width=\"153\"><p class=\"MsoNormal\"><b>Color<\/b><\/p><\/td><td style=\"width: 456.75pt; border-top: none; border-left: none; border-bottom-width: 1pt; border-bottom-color: #f1a983; border-right-width: 1pt; border-right-color: #f1a983; padding: 0cm 5.4pt; height: 16.45pt;\" colspan=\"3\" valign=\"top\" width=\"609\"><p class=\"MsoNormal\"><span lang=\"EN-US\">Naranja fluorescente, verde lima fluorescente, amarillo fluorescente, azul fluorescente<\/span><\/p><\/td><\/tr><tr style=\"mso-yfti-irow: 6; height: 17.9pt;\"><td style=\"width: 114.9pt; border-right-width: 1pt; border-bottom-width: 1pt; border-left-width: 1pt; border-right-color: #f1a983; border-bottom-color: #f1a983; border-left-color: #f1a983; border-image: initial; border-top: none; background: #fae2d5; padding: 0cm 5.4pt; height: 17.9pt;\" valign=\"top\" width=\"153\"><p class=\"MsoNormal\"><b><span lang=\"EN-US\" style=\"color: black; mso-color-alt: windowtext;\">Material<\/span><\/b><\/p><\/td><td style=\"width: 456.75pt; border-top: none; border-left: none; border-bottom-width: 1pt; border-bottom-color: #f1a983; border-right-width: 1pt; border-right-color: #f1a983; background: #fae2d5; padding: 0cm 5.4pt; height: 17.9pt;\" colspan=\"3\" valign=\"top\" width=\"609\"><p class=\"MsoNormal\"><span lang=\"EN-US\" style=\"color: black; mso-color-alt: windowtext;\">100% Polyvinyl Chloride, Black Rubber Base<\/span><\/p><\/td><\/tr><tr style=\"mso-yfti-irow: 7; height: 18.3pt;\"><td style=\"width: 114.9pt; border-right-width: 1pt; border-bottom-width: 1pt; border-left-width: 1pt; border-right-color: #f1a983; border-bottom-color: #f1a983; border-left-color: #f1a983; border-image: initial; border-top: none; padding: 0cm 5.4pt; height: 18.3pt;\" valign=\"top\" width=\"153\"><p class=\"MsoNormal\"><b>Norma de seguridad<\/b><\/p><\/td><td style=\"width: 456.75pt; border-top: none; border-left: none; border-bottom-width: 1pt; border-bottom-color: #f1a983; border-right-width: 1pt; border-right-color: #f1a983; padding: 0cm 5.4pt; height: 18.3pt;\" colspan=\"3\" valign=\"top\" width=\"609\"><p class=\"MsoNormal\"><span lang=\"EN-US\">Normas AS\/NZS 1906.1, AS1742<\/span><\/p><\/td><\/tr><tr style=\"mso-yfti-irow: 8; height: 18.3pt;\"><td style=\"width: 114.9pt; border-right-width: 1pt; border-bottom-width: 1pt; border-left-width: 1pt; border-right-color: #f1a983; border-bottom-color: #f1a983; border-left-color: #f1a983; border-image: initial; border-top: none; background: #fae2d5; padding: 0cm 5.4pt; height: 18.3pt;\" valign=\"top\" width=\"153\"><p class=\"MsoNormal\"><b><span lang=\"EN-US\" style=\"color: black; mso-color-alt: windowtext;\">Moho<\/span><\/b><\/p><\/td><td style=\"width: 456.75pt; border-top: none; border-left: none; border-bottom-width: 1pt; border-bottom-color: #f1a983; border-right-width: 1pt; border-right-color: #f1a983; background: #fae2d5; padding: 0cm 5.4pt; height: 18.3pt;\" colspan=\"3\" valign=\"top\" width=\"609\"><p class=\"MsoNormal\"><span lang=\"EN-US\" style=\"color: black; mso-color-alt: windowtext;\">Moldeo por inyecci\u00f3n<\/span><\/p><\/td><\/tr><tr style=\"mso-yfti-irow: 9; height: 18.3pt;\"><td style=\"width: 114.9pt; border-right-width: 1pt; border-bottom-width: 1pt; border-left-width: 1pt; border-right-color: #f1a983; border-bottom-color: #f1a983; border-left-color: #f1a983; border-image: initial; border-top: none; padding: 0cm 5.4pt; height: 18.3pt;\" valign=\"top\" width=\"153\"><p class=\"MsoNormal\"><b>Sostenible <\/b><\/p><\/td><td style=\"width: 456.75pt; border-top: none; border-left: none; border-bottom-width: 1pt; border-bottom-color: #f1a983; border-right-width: 1pt; border-right-color: #f1a983; padding: 0cm 5.4pt; height: 18.3pt;\" colspan=\"3\" valign=\"top\" width=\"609\"><p class=\"MsoNormal\"><span lang=\"EN-US\">Sostenible y Reciclable<\/span><\/p><\/td><\/tr><tr style=\"mso-yfti-irow: 10; mso-yfti-lastrow: yes; height: 18.3pt;\"><td style=\"width: 114.9pt; border-right-width: 1pt; border-bottom-width: 1pt; border-left-width: 1pt; border-right-color: #f1a983; border-bottom-color: #f1a983; border-left-color: #f1a983; border-image: initial; border-top: none; background: #fae2d5; padding: 0cm 5.4pt; height: 18.3pt;\" valign=\"top\" width=\"153\"><p class=\"MsoNormal\"><b><span lang=\"EN-US\" style=\"color: black; mso-color-alt: windowtext;\">Por encargo<\/span><\/b><\/p><\/td><td style=\"width: 456.75pt; border-top: none; border-left: none; border-bottom-width: 1pt; border-bottom-color: #f1a983; border-right-width: 1pt; border-right-color: #f1a983; background: #fae2d5; padding: 0cm 5.4pt; height: 18.3pt;\" colspan=\"3\" valign=\"top\" width=\"609\"><p class=\"MsoNormal\"><span lang=\"EN-US\" style=\"color: black; mso-color-alt: windowtext;\">Plantillas personalizadas disponibles, collar reflectante 3M opcional<\/span><\/p><\/td><\/tr><\/tbody><\/table><\/div>\t\t\t\t\t\t<\/div>\n\t\t\t\t<\/div>\n\t\t\t\t\t<\/div>\n\t\t<\/div>\n\t\t\t\t\t\t\t<\/div>\n\t\t<\/section>\n\t\t\t\t<section class=\"elementor-section elementor-top-section elementor-element elementor-element-62a6739 elementor-section-boxed elementor-section-height-default elementor-section-height-default\" data-id=\"62a6739\" data-element_type=\"section\">\n\t\t\t\t\t\t<div class=\"elementor-container elementor-column-gap-default\">\n\t\t\t\t\t<div class=\"elementor-column elementor-col-100 elementor-top-column elementor-element elementor-element-768e0bf\" data-id=\"768e0bf\" data-element_type=\"column\">\n\t\t\t<div class=\"elementor-widget-wrap elementor-element-populated\">\n\t\t\t\t\t\t\t\t<div class=\"elementor-element elementor-element-b908f2f elementor-widget elementor-widget-heading\" data-id=\"b908f2f\" data-element_type=\"widget\" data-widget_type=\"heading.default\">\n\t\t\t\t<div class=\"elementor-widget-container\">\n\t\t\t<h2 class=\"elementor-heading-title elementor-size-default\">Caracter\u00edsticas<\/h2>\t\t<\/div>\n\t\t\t\t<\/div>\n\t\t\t\t\t<\/div>\n\t\t<\/div>\n\t\t\t\t\t\t\t<\/div>\n\t\t<\/section>\n\t\t\t\t<section class=\"elementor-section elementor-top-section elementor-element elementor-element-61facc4 elementor-section-boxed elementor-section-height-default elementor-section-height-default\" data-id=\"61facc4\" data-element_type=\"section\">\n\t\t\t\t\t\t<div class=\"elementor-container elementor-column-gap-default\">\n\t\t\t\t\t<div class=\"elementor-column elementor-col-100 elementor-top-column elementor-element elementor-element-6742997\" data-id=\"6742997\" data-element_type=\"column\">\n\t\t\t<div class=\"elementor-widget-wrap elementor-element-populated\">\n\t\t\t\t\t\t\t\t<div class=\"elementor-element elementor-element-de86479 elementor-widget elementor-widget-text-editor\" data-id=\"de86479\" data-element_type=\"widget\" data-widget_type=\"text-editor.default\">\n\t\t\t\t<div class=\"elementor-widget-container\">\n\t\t\t\t\t\t\t<ol><li>Cinta reflectante de alta visibilidad: cuenta con bandas reflectantes brillantes para garantizar la m\u00e1xima visibilidad, mejorando la seguridad en condiciones de poca luz o en entornos nocturnos.<\/li><li><span style=\"font-size: 1rem;\">Construcci\u00f3n robusta de PVC: Fabricado con PVC duradero y resistente a la intemperie, que proporciona flexibilidad, resistencia y resistencia al impacto superiores para un uso prolongado en entornos dif\u00edciles.<\/span><\/li><li><span style=\"font-size: 1rem;\">Stable Weighted Base: Heavy-duty square base (36cm x 36cm x 2.5cm) ensures secure placement, preventing unwanted movement, even in windy conditions.<\/span><\/li><li><span style=\"font-size: 1rem;\">Port\u00e1til y f\u00e1cil de manejar: liviano pero estable (4,3 kg), lo que permite una implementaci\u00f3n r\u00e1pida, un reposicionamiento f\u00e1cil y un almacenamiento eficiente.<\/span><\/li><li><span style=\"font-size: 1rem;\">Aplicaci\u00f3n multiusos: adecuado para diversos entornos, como sitios de construcci\u00f3n, obras viales, almacenes, escuelas, estacionamientos y situaciones de emergencia que requieren medidas de seguridad claramente visibles.<\/span><\/li><\/ol>\t\t\t\t\t\t<\/div>\n\t\t\t\t<\/div>\n\t\t\t\t\t<\/div>\n\t\t<\/div>\n\t\t\t\t\t\t\t<\/div>\n\t\t<\/section>\n\t\t\t\t\t\t\t<\/div>\n\t\t","protected":false},"excerpt":{"rendered":"<p>Los conos de tr\u00e1fico se utilizan generalmente en carreteras o aceras para redirigir el tr\u00e1fico temporalmente de forma segura, pueden crear separaciones o fusionar carriles durante proyectos de construcci\u00f3n de carreteras o accidentes automovil\u00edsticos.<\/p>\n","protected":false},"featured_media":4859,"comment_status":"open","ping_status":"closed","template":"","meta":{"om_disable_all_campaigns":false,"_monsterinsights_skip_tracking":false,"_monsterinsights_sitenote_active":false,"_monsterinsights_sitenote_note":"","_monsterinsights_sitenote_category":0},"product_cat":[469,540,545,542],"product_tag":[],"class_list":["post-5569","product","type-product","status-publish","has-post-thumbnail","hentry","product_cat-control-de-trafico","product_cat-cono-de-trafico","product_cat-cono-de-trafico-de-pvc","product_cat-cono-de-trafico-estandar-de-australia"],"aioseo_notices":[],"_links":{"self":[{"href":"https:\/\/everstarsafety.com\/es\/wp-json\/wp\/v2\/product\/5569","targetHints":{"allow":["GET"]}}],"collection":[{"href":"https:\/\/everstarsafety.com\/es\/wp-json\/wp\/v2\/product"}],"about":[{"href":"https:\/\/everstarsafety.com\/es\/wp-json\/wp\/v2\/types\/product"}],"replies":[{"embeddable":true,"href":"https:\/\/everstarsafety.com\/es\/wp-json\/wp\/v2\/comments?post=5569"}],"version-history":[{"count":1,"href":"https:\/\/everstarsafety.com\/es\/wp-json\/wp\/v2\/product\/5569\/revisions"}],"predecessor-version":[{"id":5570,"href":"https:\/\/everstarsafety.com\/es\/wp-json\/wp\/v2\/product\/5569\/revisions\/5570"}],"wp:featuredmedia":[{"embeddable":true,"href":"https:\/\/everstarsafety.com\/es\/wp-json\/wp\/v2\/media\/4859"}],"wp:attachment":[{"href":"https:\/\/everstarsafety.com\/es\/wp-json\/wp\/v2\/media?parent=5569"}],"wp:term":[{"taxonomy":"product_cat","embeddable":true,"href":"https:\/\/everstarsafety.com\/es\/wp-json\/wp\/v2\/product_cat?post=5569"},{"taxonomy":"product_tag","embeddable":true,"href":"https:\/\/everstarsafety.com\/es\/wp-json\/wp\/v2\/product_tag?post=5569"}],"curies":[{"name":"wp","href":"https:\/\/api.w.org\/{rel}","templated":true}]}}