{"id":5580,"date":"2025-09-15T07:23:28","date_gmt":"2025-09-15T07:23:28","guid":{"rendered":"https:\/\/everstarsafety.com\/product\/cono-de-trafico-de-pvc-con-base-de-goma-negra-y-mango-de-agarre-estandar-americano\/"},"modified":"2025-12-11T02:47:36","modified_gmt":"2025-12-11T02:47:36","slug":"cono-de-trafico-de-pvc-con-base-de-goma-negra-y-mango-de-agarre-estandar-americano","status":"publish","type":"product","link":"https:\/\/everstarsafety.com\/es\/producto\/cono-de-trafico-de-pvc-con-base-de-goma-negra-y-mango-de-agarre-estandar-americano\/","title":{"rendered":"Cono de tr\u00e1fico de PVC con base de goma negra y mango de agarre est\u00e1ndar americano"},"content":{"rendered":"\t\t<div data-elementor-type=\"product-post\" data-elementor-id=\"5580\" class=\"elementor elementor-5580 elementor-4762\">\n\t\t\t\t\t\t\t\t\t<section class=\"elementor-section elementor-top-section elementor-element elementor-element-c0251d2 elementor-section-boxed elementor-section-height-default elementor-section-height-default\" data-id=\"c0251d2\" data-element_type=\"section\">\n\t\t\t\t\t\t<div class=\"elementor-container elementor-column-gap-default\">\n\t\t\t\t\t<div class=\"elementor-column elementor-col-100 elementor-top-column elementor-element elementor-element-545f870\" data-id=\"545f870\" data-element_type=\"column\">\n\t\t\t<div class=\"elementor-widget-wrap elementor-element-populated\">\n\t\t\t\t\t\t\t\t<div class=\"elementor-element elementor-element-ca84799 elementor-widget elementor-widget-text-editor\" data-id=\"ca84799\" data-element_type=\"widget\" data-widget_type=\"text-editor.default\">\n\t\t\t\t<div class=\"elementor-widget-container\">\n\t\t\t<style>\/*! elementor - v3.7.0 - 08-08-2022 *\/\n.elementor-widget-text-editor.elementor-drop-cap-view-stacked .elementor-drop-cap{background-color:#818a91;color:#fff}.elementor-widget-text-editor.elementor-drop-cap-view-framed .elementor-drop-cap{color:#818a91;border:3px solid;background-color:transparent}.elementor-widget-text-editor:not(.elementor-drop-cap-view-default) .elementor-drop-cap{margin-top:8px}.elementor-widget-text-editor:not(.elementor-drop-cap-view-default) .elementor-drop-cap-letter{width:1em;height:1em}.elementor-widget-text-editor .elementor-drop-cap{float:left;text-align:center;line-height:1;font-size:50px}.elementor-widget-text-editor .elementor-drop-cap-letter{display:inline-block}<\/style>\t\t\t\t<p>El cono de tr\u00e1fico naranja de alta resistencia est\u00e1 fabricado con PVC moldeado por inyecci\u00f3n, lo que ofrece una durabilidad y estabilidad excepcionales. Su dise\u00f1o ancho proporciona mayor visibilidad, mientras que el asa de agarre facilita su manejo. Cumple con las especificaciones MUTCD, la certificaci\u00f3n NCHRP-350 y las normas ASTM 4956-07. Este cono incluye collares reflectantes para mayor seguridad en condiciones de poca luz.  <\/p>\t\t\t\t\t\t<\/div>\n\t\t\t\t<\/div>\n\t\t\t\t\t<\/div>\n\t\t<\/div>\n\t\t\t\t\t\t\t<\/div>\n\t\t<\/section>\n\t\t\t\t<section class=\"elementor-section elementor-top-section elementor-element elementor-element-065f663 elementor-section-boxed elementor-section-height-default elementor-section-height-default\" data-id=\"065f663\" data-element_type=\"section\">\n\t\t\t\t\t\t<div class=\"elementor-container elementor-column-gap-default\">\n\t\t\t\t\t<div class=\"elementor-column elementor-col-100 elementor-top-column elementor-element elementor-element-27e6712\" data-id=\"27e6712\" data-element_type=\"column\">\n\t\t\t<div class=\"elementor-widget-wrap elementor-element-populated\">\n\t\t\t\t\t\t\t\t<div class=\"elementor-element elementor-element-95fc9cf elementor-widget elementor-widget-heading\" data-id=\"95fc9cf\" data-element_type=\"widget\" data-widget_type=\"heading.default\">\n\t\t\t\t<div class=\"elementor-widget-container\">\n\t\t\t<style>\/*! elementor - v3.7.0 - 08-08-2022 *\/\n.elementor-heading-title{padding:0;margin:0;line-height:1}.elementor-widget-heading .elementor-heading-title[class*=elementor-size-]>a{color:inherit;font-size:inherit;line-height:inherit}.elementor-widget-heading .elementor-heading-title.elementor-size-small{font-size:15px}.elementor-widget-heading .elementor-heading-title.elementor-size-medium{font-size:19px}.elementor-widget-heading .elementor-heading-title.elementor-size-large{font-size:29px}.elementor-widget-heading .elementor-heading-title.elementor-size-xl{font-size:39px}.elementor-widget-heading .elementor-heading-title.elementor-size-xxl{font-size:59px}<\/style><h2 class=\"elementor-heading-title elementor-size-default\">Especificaci\u00f3n<\/h2>\t\t<\/div>\n\t\t\t\t<\/div>\n\t\t\t\t\t<\/div>\n\t\t<\/div>\n\t\t\t\t\t\t\t<\/div>\n\t\t<\/section>\n\t\t\t\t<section class=\"elementor-section elementor-top-section elementor-element elementor-element-88aed99 elementor-section-boxed elementor-section-height-default elementor-section-height-default\" data-id=\"88aed99\" data-element_type=\"section\">\n\t\t\t\t\t\t<div class=\"elementor-container elementor-column-gap-default\">\n\t\t\t\t\t<div class=\"elementor-column elementor-col-100 elementor-top-column elementor-element elementor-element-d3d93f1\" data-id=\"d3d93f1\" data-element_type=\"column\">\n\t\t\t<div class=\"elementor-widget-wrap elementor-element-populated\">\n\t\t\t\t\t\t\t\t<div class=\"elementor-element elementor-element-3db405e elementor-widget elementor-widget-text-editor\" data-id=\"3db405e\" data-element_type=\"widget\" data-widget_type=\"text-editor.default\">\n\t\t\t\t<div class=\"elementor-widget-container\">\n\t\t\t\t\t\t\t<p>&nbsp;<\/p><div align=\"center\">\n\n<table border=\"1\" cellspacing=\"0\" cellpadding=\"0\" width=\"762\" style=\"width: 571.65pt; border: none;\">\n <tbody><tr style=\"mso-yfti-irow:-1;mso-yfti-firstrow:yes;mso-yfti-lastfirstrow:yes; height:17.9pt\">\n  <td width=\"762\" colspan=\"4\" valign=\"top\" style=\"width: 571.65pt; border-width: 1pt; border-color: rgb(233, 113, 50); border-image: initial; background: rgb(233, 113, 50); padding: 0cm 5.4pt; height: 17.9pt;\">\n  <p align=\"center\" style=\"text-align:center;mso-yfti-cnfc:5\"><b><span lang=\"EN-US\" style=\"color:white;mso-themecolor:background1\">Cono de tr\u00e1fico est\u00e1ndar de Am\u00e9rica<o:p><\/o:p><\/span><\/b><\/p>\n  <\/td>\n <\/tr>\n <tr style=\"mso-yfti-irow:0;height:17.9pt\">\n  <td width=\"145\" valign=\"top\" style=\"width: 108.4pt; border-right-width: 1pt; border-bottom-width: 1pt; border-left-width: 1pt; border-right-color: rgb(241, 169, 131); border-bottom-color: rgb(241, 169, 131); border-left-color: rgb(241, 169, 131); border-image: initial; border-top: none; background: rgb(250, 226, 213); padding: 0cm 5.4pt; height: 17.9pt;\">\n  <p><b><span lang=\"EN-US\" style=\"color:black;mso-color-alt:windowtext\">Modelo<\/span><span lang=\"EN-US\"><o:p><\/o:p><\/span><\/b><\/p>\n  <\/td>\n  <td width=\"158\" valign=\"top\" style=\"width: 118.15pt; border-top: none; border-left: none; border-bottom-width: 1pt; border-bottom-color: rgb(241, 169, 131); border-right-width: 1pt; border-right-color: rgb(241, 169, 131); background: rgb(250, 226, 213); padding: 0cm 5.4pt; height: 17.9pt;\">\n  <p><span lang=\"EN-US\" style=\"color:black;mso-color-alt:windowtext\">ES-TC450USRG<\/span><span lang=\"EN-US\"><o:p><\/o:p><\/span><\/p>\n  <\/td>\n  <td width=\"217\" valign=\"top\" style=\"width: 163.05pt; border-top: none; border-left: none; border-bottom-width: 1pt; border-bottom-color: rgb(241, 169, 131); border-right-width: 1pt; border-right-color: rgb(241, 169, 131); background: rgb(250, 226, 213); padding: 0cm 5.4pt; height: 17.9pt;\">\n  <p><span lang=\"EN-US\" style=\"color:black;mso-color-alt:windowtext\">ES-TC700USRG<\/span><span lang=\"EN-US\"><o:p><\/o:p><\/span><\/p>\n  <\/td>\n  <td width=\"243\" valign=\"top\" style=\"width: 182.05pt; border-top: none; border-left: none; border-bottom-width: 1pt; border-bottom-color: rgb(241, 169, 131); border-right-width: 1pt; border-right-color: rgb(241, 169, 131); background: rgb(250, 226, 213); padding: 0cm 5.4pt; height: 17.9pt;\">\n  <p><span lang=\"EN-US\" style=\"color:black;mso-color-alt:windowtext\">ES-TC900USRG<\/span><span lang=\"EN-US\"><o:p><\/o:p><\/span><\/p>\n  <\/td>\n <\/tr>\n <tr style=\"mso-yfti-irow:1;height:17.9pt\">\n  <td width=\"145\" valign=\"top\" style=\"width: 108.4pt; border-right-width: 1pt; border-bottom-width: 1pt; border-left-width: 1pt; border-right-color: rgb(241, 169, 131); border-bottom-color: rgb(241, 169, 131); border-left-color: rgb(241, 169, 131); border-image: initial; border-top: none; padding: 0cm 5.4pt; height: 17.9pt;\">\n  <p><b>Categor\u00eda de producto<o:p><\/o:p><\/b><\/p>\n  <\/td>\n  <td width=\"618\" colspan=\"3\" valign=\"top\" style=\"width: 463.25pt; border-top: none; border-left: none; border-bottom-width: 1pt; border-bottom-color: rgb(241, 169, 131); border-right-width: 1pt; border-right-color: rgb(241, 169, 131); padding: 0cm 5.4pt; height: 17.9pt;\">\n  <p><span lang=\"EN-US\">Mango de agarre&nbsp; Cono de tr\u00e1fico con cuerpo de PVC\/base de goma negra<o:p><\/o:p><\/span><\/p>\n  <\/td>\n <\/tr>\n <tr style=\"mso-yfti-irow:2;height:17.9pt\">\n  <td width=\"145\" valign=\"top\" style=\"width: 108.4pt; border-right-width: 1pt; border-bottom-width: 1pt; border-left-width: 1pt; border-right-color: rgb(241, 169, 131); border-bottom-color: rgb(241, 169, 131); border-left-color: rgb(241, 169, 131); border-image: initial; border-top: none; background: rgb(250, 226, 213); padding: 0cm 5.4pt; height: 17.9pt;\">\n  <p><b><span lang=\"EN-US\" style=\"color:black;mso-color-alt:windowtext\">Altura<\/span><span lang=\"EN-US\"><o:p><\/o:p><\/span><\/b><\/p>\n  <\/td>\n  <td width=\"158\" valign=\"top\" style=\"width: 118.15pt; border-top: none; border-left: none; border-bottom-width: 1pt; border-bottom-color: rgb(241, 169, 131); border-right-width: 1pt; border-right-color: rgb(241, 169, 131); background: rgb(250, 226, 213); padding: 0cm 5.4pt; height: 17.9pt;\">\n  <p><span lang=\"EN-US\" style=\"color:black;mso-color-alt:windowtext\">450mm\/18\u2019\u2019<\/span><span lang=\"EN-US\"><o:p><\/o:p><\/span><\/p>\n  <\/td>\n  <td width=\"217\" valign=\"top\" style=\"width: 163.05pt; border-top: none; border-left: none; border-bottom-width: 1pt; border-bottom-color: rgb(241, 169, 131); border-right-width: 1pt; border-right-color: rgb(241, 169, 131); background: rgb(250, 226, 213); padding: 0cm 5.4pt; height: 17.9pt;\">\n  <p><span lang=\"EN-US\" style=\"color:black;mso-color-alt:windowtext\">700mm\/28\u2019\u2019<\/span><span lang=\"EN-US\"><o:p><\/o:p><\/span><\/p>\n  <\/td>\n  <td width=\"243\" valign=\"top\" style=\"width: 182.05pt; border-top: none; border-left: none; border-bottom-width: 1pt; border-bottom-color: rgb(241, 169, 131); border-right-width: 1pt; border-right-color: rgb(241, 169, 131); background: rgb(250, 226, 213); padding: 0cm 5.4pt; height: 17.9pt;\">\n  <p><span lang=\"EN-US\" style=\"color:black;mso-color-alt:windowtext\">900mm\/36\u2019\u2019<\/span><span lang=\"EN-US\"><o:p><\/o:p><\/span><\/p>\n  <\/td>\n <\/tr>\n <tr style=\"mso-yfti-irow:3;height:18.25pt\">\n  <td width=\"145\" valign=\"top\" style=\"width: 108.4pt; border-right-width: 1pt; border-bottom-width: 1pt; border-left-width: 1pt; border-right-color: rgb(241, 169, 131); border-bottom-color: rgb(241, 169, 131); border-left-color: rgb(241, 169, 131); border-image: initial; border-top: none; padding: 0cm 5.4pt; height: 18.25pt;\">\n  <p><b>Peso<o:p><\/o:p><\/b><\/p>\n  <\/td>\n  <td width=\"158\" valign=\"top\" style=\"width: 118.15pt; border-top: none; border-left: none; border-bottom-width: 1pt; border-bottom-color: rgb(241, 169, 131); border-right-width: 1pt; border-right-color: rgb(241, 169, 131); padding: 0cm 5.4pt; height: 18.25pt;\">\n  <p><span lang=\"EN-US\">1.5kg\/3.31lbs<o:p><\/o:p><\/span><\/p>\n  <\/td>\n  <td width=\"217\" valign=\"top\" style=\"width: 163.05pt; border-top: none; border-left: none; border-bottom-width: 1pt; border-bottom-color: rgb(241, 169, 131); border-right-width: 1pt; border-right-color: rgb(241, 169, 131); padding: 0cm 5.4pt; height: 18.25pt;\">\n  <p><span lang=\"EN-US\">3.2kg, 7.05lbs<o:p><\/o:p><\/span><\/p>\n  <\/td>\n  <td width=\"243\" valign=\"top\" style=\"width: 182.05pt; border-top: none; border-left: none; border-bottom-width: 1pt; border-bottom-color: rgb(241, 169, 131); border-right-width: 1pt; border-right-color: rgb(241, 169, 131); padding: 0cm 5.4pt; height: 18.25pt;\">\n  <p><span lang=\"EN-US\">4.5, 9.92lbs<o:p><\/o:p><\/span><\/p>\n  <\/td>\n <\/tr>\n <tr style=\"mso-yfti-irow:4;height:20.75pt\">\n  <td width=\"145\" valign=\"top\" style=\"width: 108.4pt; border-right-width: 1pt; border-bottom-width: 1pt; border-left-width: 1pt; border-right-color: rgb(241, 169, 131); border-bottom-color: rgb(241, 169, 131); border-left-color: rgb(241, 169, 131); border-image: initial; border-top: none; background: rgb(250, 226, 213); padding: 0cm 5.4pt; height: 20.75pt;\">\n  <p><b><span lang=\"EN-US\" style=\"color:black;mso-color-alt:windowtext\">Collar reflectante<\/span><span lang=\"EN-US\"><o:p><\/o:p><\/span><\/b><\/p>\n  <\/td>\n  <td width=\"158\" valign=\"top\" style=\"width: 118.15pt; border-top: none; border-left: none; border-bottom-width: 1pt; border-bottom-color: rgb(241, 169, 131); border-right-width: 1pt; border-right-color: rgb(241, 169, 131); background: rgb(250, 226, 213); padding: 0cm 5.4pt; height: 20.75pt;\">\n  <p><span lang=\"EN-US\" style=\"color:black;mso-color-alt:windowtext\">150mm\/6\u2019\u2019<\/span><span lang=\"EN-US\"><o:p><\/o:p><\/span><\/p>\n  <\/td>\n  <td width=\"217\" valign=\"top\" style=\"width: 163.05pt; border-top: none; border-left: none; border-bottom-width: 1pt; border-bottom-color: rgb(241, 169, 131); border-right-width: 1pt; border-right-color: rgb(241, 169, 131); background: rgb(250, 226, 213); padding: 0cm 5.4pt; height: 20.75pt;\">\n  <p><span lang=\"EN-US\" style=\"color:black;mso-color-alt:windowtext\">150mm+100mm\/6\u2019\u2019+4\u2019\u2019<\/span><span lang=\"EN-US\"><o:p><\/o:p><\/span><\/p>\n  <\/td>\n  <td width=\"243\" valign=\"top\" style=\"width: 182.05pt; border-top: none; border-left: none; border-bottom-width: 1pt; border-bottom-color: rgb(241, 169, 131); border-right-width: 1pt; border-right-color: rgb(241, 169, 131); background: rgb(250, 226, 213); padding: 0cm 5.4pt; height: 20.75pt;\">\n  <p><span lang=\"EN-US\" style=\"color:black;mso-color-alt:windowtext\">150mm+100mm\/6\u2019\u2019+4\u2019\u2019<\/span><span lang=\"EN-US\"><o:p><\/o:p><\/span><\/p>\n  <\/td>\n <\/tr>\n <tr style=\"mso-yfti-irow:5;height:16.45pt\">\n  <td width=\"145\" valign=\"top\" style=\"width: 108.4pt; border-right-width: 1pt; border-bottom-width: 1pt; border-left-width: 1pt; border-right-color: rgb(241, 169, 131); border-bottom-color: rgb(241, 169, 131); border-left-color: rgb(241, 169, 131); border-image: initial; border-top: none; padding: 0cm 5.4pt; height: 16.45pt;\">\n  <p><b>Color<o:p><\/o:p><\/b><\/p>\n  <\/td>\n  <td width=\"618\" colspan=\"3\" valign=\"top\" style=\"width: 463.25pt; border-top: none; border-left: none; border-bottom-width: 1pt; border-bottom-color: rgb(241, 169, 131); border-right-width: 1pt; border-right-color: rgb(241, 169, 131); padding: 0cm 5.4pt; height: 16.45pt;\">\n  <p><span lang=\"EN-US\">Naranja fluorescente, verde lima fluorescente, amarillo fluorescente, azul fluorescente<o:p><\/o:p><\/span><\/p>\n  <\/td>\n <\/tr>\n <tr style=\"mso-yfti-irow:6;height:17.9pt\">\n  <td width=\"145\" valign=\"top\" style=\"width: 108.4pt; border-right-width: 1pt; border-bottom-width: 1pt; border-left-width: 1pt; border-right-color: rgb(241, 169, 131); border-bottom-color: rgb(241, 169, 131); border-left-color: rgb(241, 169, 131); border-image: initial; border-top: none; background: rgb(250, 226, 213); padding: 0cm 5.4pt; height: 17.9pt;\">\n  <p><b><span lang=\"EN-US\" style=\"color:black;mso-color-alt:windowtext\">Material<\/span><span lang=\"EN-US\"><o:p><\/o:p><\/span><\/b><\/p>\n  <\/td>\n  <td width=\"618\" colspan=\"3\" valign=\"top\" style=\"width: 463.25pt; border-top: none; border-left: none; border-bottom-width: 1pt; border-bottom-color: rgb(241, 169, 131); border-right-width: 1pt; border-right-color: rgb(241, 169, 131); background: rgb(250, 226, 213); padding: 0cm 5.4pt; height: 17.9pt;\">\n  <p><span lang=\"EN-US\" style=\"color:black;mso-color-alt:windowtext\">100% cloruro de polivinilo, base de caucho negro<\/span><span lang=\"EN-US\"><o:p><\/o:p><\/span><\/p>\n  <\/td>\n <\/tr>\n <tr style=\"mso-yfti-irow:7;height:18.3pt\">\n  <td width=\"145\" valign=\"top\" style=\"width: 108.4pt; border-right-width: 1pt; border-bottom-width: 1pt; border-left-width: 1pt; border-right-color: rgb(241, 169, 131); border-bottom-color: rgb(241, 169, 131); border-left-color: rgb(241, 169, 131); border-image: initial; border-top: none; padding: 0cm 5.4pt; height: 18.3pt;\">\n  <p><b>Norma de seguridad<o:p><\/o:p><\/b><\/p>\n  <\/td>\n  <td width=\"618\" colspan=\"3\" valign=\"top\" style=\"width: 463.25pt; border-top: none; border-left: none; border-bottom-width: 1pt; border-bottom-color: rgb(241, 169, 131); border-right-width: 1pt; border-right-color: rgb(241, 169, 131); padding: 0cm 5.4pt; height: 18.3pt;\">\n  <p><span lang=\"EN-US\">Cumple con MUTCD, certificaci\u00f3n NCHRP-350, normas ASTM4956-07<o:p><\/o:p><\/span><\/p>\n  <\/td>\n <\/tr>\n <tr style=\"mso-yfti-irow:8;height:18.3pt\">\n  <td width=\"145\" valign=\"top\" style=\"width: 108.4pt; border-right-width: 1pt; border-bottom-width: 1pt; border-left-width: 1pt; border-right-color: rgb(241, 169, 131); border-bottom-color: rgb(241, 169, 131); border-left-color: rgb(241, 169, 131); border-image: initial; border-top: none; background: rgb(250, 226, 213); padding: 0cm 5.4pt; height: 18.3pt;\">\n  <p><b><span lang=\"EN-US\" style=\"color:black;mso-color-alt:windowtext\">Moho<\/span><span lang=\"EN-US\"><o:p><\/o:p><\/span><\/b><\/p>\n  <\/td>\n  <td width=\"618\" colspan=\"3\" valign=\"top\" style=\"width: 463.25pt; border-top: none; border-left: none; border-bottom-width: 1pt; border-bottom-color: rgb(241, 169, 131); border-right-width: 1pt; border-right-color: rgb(241, 169, 131); background: rgb(250, 226, 213); padding: 0cm 5.4pt; height: 18.3pt;\">\n  <p><span lang=\"EN-US\" style=\"color:black;mso-color-alt:windowtext\">Moldeo por inyecci\u00f3n<\/span><span lang=\"EN-US\"><o:p><\/o:p><\/span><\/p>\n  <\/td>\n <\/tr>\n <tr style=\"mso-yfti-irow:9;height:18.3pt\">\n  <td width=\"145\" valign=\"top\" style=\"width: 108.4pt; border-right-width: 1pt; border-bottom-width: 1pt; border-left-width: 1pt; border-right-color: rgb(241, 169, 131); border-bottom-color: rgb(241, 169, 131); border-left-color: rgb(241, 169, 131); border-image: initial; border-top: none; padding: 0cm 5.4pt; height: 18.3pt;\">\n  <p><b>Sostenible <o:p><\/o:p><\/b><\/p>\n  <\/td>\n  <td width=\"618\" colspan=\"3\" valign=\"top\" style=\"width: 463.25pt; border-top: none; border-left: none; border-bottom-width: 1pt; border-bottom-color: rgb(241, 169, 131); border-right-width: 1pt; border-right-color: rgb(241, 169, 131); padding: 0cm 5.4pt; height: 18.3pt;\">\n  <p><span lang=\"EN-US\">Sostenible y Reciclable<o:p><\/o:p><\/span><\/p>\n  <\/td>\n <\/tr>\n <tr style=\"mso-yfti-irow:10;mso-yfti-lastrow:yes;height:18.3pt\">\n  <td width=\"145\" valign=\"top\" style=\"width: 108.4pt; border-right-width: 1pt; border-bottom-width: 1pt; border-left-width: 1pt; border-right-color: rgb(241, 169, 131); border-bottom-color: rgb(241, 169, 131); border-left-color: rgb(241, 169, 131); border-image: initial; border-top: none; background: rgb(250, 226, 213); padding: 0cm 5.4pt; height: 18.3pt;\">\n  <p><b><span lang=\"EN-US\" style=\"color:black;mso-color-alt:windowtext\">Por encargo<\/span><span lang=\"EN-US\"><o:p><\/o:p><\/span><\/b><\/p>\n  <\/td>\n  <td width=\"618\" colspan=\"3\" valign=\"top\" style=\"width: 463.25pt; border-top: none; border-left: none; border-bottom-width: 1pt; border-bottom-color: rgb(241, 169, 131); border-right-width: 1pt; border-right-color: rgb(241, 169, 131); background: rgb(250, 226, 213); padding: 0cm 5.4pt; height: 18.3pt;\">\n  <p><span lang=\"EN-US\" style=\"color:black;mso-color-alt:windowtext\">Plantillas personalizadas disponibles, collar reflectante 3M opcional<\/span><span lang=\"EN-US\"><o:p><\/o:p><\/span><\/p>\n  <\/td>\n <\/tr>\n<\/tbody><\/table>\n\n<\/div><p><br><\/p>\t\t\t\t\t\t<\/div>\n\t\t\t\t<\/div>\n\t\t\t\t<div class=\"elementor-element elementor-element-abcb472 elementor-widget elementor-widget-text-editor\" data-id=\"abcb472\" data-element_type=\"widget\" data-widget_type=\"text-editor.default\">\n\t\t\t\t<div class=\"elementor-widget-container\">\n\t\t\t\t\t\t\t\t\t\t\t\t\t<\/div>\n\t\t\t\t<\/div>\n\t\t\t\t\t<\/div>\n\t\t<\/div>\n\t\t\t\t\t\t\t<\/div>\n\t\t<\/section>\n\t\t\t\t<section class=\"elementor-section elementor-top-section elementor-element elementor-element-fe5ab2a elementor-section-boxed elementor-section-height-default elementor-section-height-default\" data-id=\"fe5ab2a\" data-element_type=\"section\">\n\t\t\t\t\t\t<div class=\"elementor-container elementor-column-gap-default\">\n\t\t\t\t\t<div class=\"elementor-column elementor-col-100 elementor-top-column elementor-element elementor-element-730b9e6\" data-id=\"730b9e6\" data-element_type=\"column\">\n\t\t\t<div class=\"elementor-widget-wrap elementor-element-populated\">\n\t\t\t\t\t\t\t\t<div class=\"elementor-element elementor-element-e77eccd elementor-widget elementor-widget-heading\" data-id=\"e77eccd\" data-element_type=\"widget\" data-widget_type=\"heading.default\">\n\t\t\t\t<div class=\"elementor-widget-container\">\n\t\t\t<h2 class=\"elementor-heading-title elementor-size-default\">Caracter\u00edsticas<\/h2>\t\t<\/div>\n\t\t\t\t<\/div>\n\t\t\t\t\t<\/div>\n\t\t<\/div>\n\t\t\t\t\t\t\t<\/div>\n\t\t<\/section>\n\t\t\t\t<section class=\"elementor-section elementor-top-section elementor-element elementor-element-3f67e46 elementor-section-boxed elementor-section-height-default elementor-section-height-default\" data-id=\"3f67e46\" data-element_type=\"section\">\n\t\t\t\t\t\t<div class=\"elementor-container elementor-column-gap-default\">\n\t\t\t\t\t<div class=\"elementor-column elementor-col-100 elementor-top-column elementor-element elementor-element-a434d38\" data-id=\"a434d38\" data-element_type=\"column\">\n\t\t\t<div class=\"elementor-widget-wrap elementor-element-populated\">\n\t\t\t\t\t\t\t\t<div class=\"elementor-element elementor-element-ca2ad68 elementor-widget elementor-widget-text-editor\" data-id=\"ca2ad68\" data-element_type=\"widget\" data-widget_type=\"text-editor.default\">\n\t\t\t\t<div class=\"elementor-widget-container\">\n\t\t\t\t\t\t\t<ol><li>PVC moldeado por inyecci\u00f3n que ofrece una durabilidad y estabilidad excepcionales.<\/li><li>Color naranja fluorescente que garantiza una visibilidad duradera y resistencia a la decoloraci\u00f3n.<\/li><li>La base de goma con tacos evita que los conos se peguen entre s\u00ed cuando se apilan, lo que permite una f\u00e1cil instalaci\u00f3n y almacenamiento.<\/li><li>La empu\u00f1adura manual en la parte superior permite recogerlo f\u00e1cilmente con la mano y colocar f\u00e1cilmente cintas de precauci\u00f3n y cadenas de pl\u00e1stico para atar los conos en l\u00ednea.<\/li><li>Personalice sus conos con marcas estampadas para mayor seguridad e identificaci\u00f3n.<\/li><li>Cumple con los est\u00e1ndares de la industria seg\u00fan las especificaciones MUTCD para seguridad vial y control de tr\u00e1fico.<\/li><\/ol>\t\t\t\t\t\t<\/div>\n\t\t\t\t<\/div>\n\t\t\t\t\t<\/div>\n\t\t<\/div>\n\t\t\t\t\t\t\t<\/div>\n\t\t<\/section>\n\t\t\t\t\t\t\t<\/div>\n\t\t","protected":false},"excerpt":{"rendered":"<p>Los conos de tr\u00e1fico son marcadores viales temporales generalmente en forma de cono, que se utilizan generalmente para proyectos, accidentes para alertar a los usuarios de la v\u00eda para garantizar la seguridad personal de los trabajadores y usuarios de la v\u00eda, o para desviaciones de tr\u00e1fico, separaci\u00f3n o convergencia del tr\u00e1fico de peatones y veh\u00edculos.<\/p>\n","protected":false},"featured_media":4763,"comment_status":"open","ping_status":"closed","template":"","meta":{"om_disable_all_campaigns":false,"_monsterinsights_skip_tracking":false,"_monsterinsights_sitenote_active":false,"_monsterinsights_sitenote_note":"","_monsterinsights_sitenote_category":0},"product_cat":[469,540,545,541],"product_tag":[649,657,658,659,652,656,654],"class_list":["post-5580","product","type-product","status-publish","has-post-thumbnail","hentry","product_cat-control-de-trafico","product_cat-cono-de-trafico","product_cat-cono-de-trafico-de-pvc","product_cat-cono-de-trafico-estandar-de-america","product_tag-cono-de-trafico","product_tag-cono-de-trafico-con-asa-de-agarre","product_tag-cono-de-trafico-con-empunadura","product_tag-cono-de-trafico-con-manija-prevista","product_tag-cono-de-trafico-de-pvc","product_tag-cono-de-trafico-estandar-americano","product_tag-cono-de-trafico-estandar-astm"],"aioseo_notices":[],"_links":{"self":[{"href":"https:\/\/everstarsafety.com\/es\/wp-json\/wp\/v2\/product\/5580","targetHints":{"allow":["GET"]}}],"collection":[{"href":"https:\/\/everstarsafety.com\/es\/wp-json\/wp\/v2\/product"}],"about":[{"href":"https:\/\/everstarsafety.com\/es\/wp-json\/wp\/v2\/types\/product"}],"replies":[{"embeddable":true,"href":"https:\/\/everstarsafety.com\/es\/wp-json\/wp\/v2\/comments?post=5580"}],"version-history":[{"count":2,"href":"https:\/\/everstarsafety.com\/es\/wp-json\/wp\/v2\/product\/5580\/revisions"}],"predecessor-version":[{"id":5584,"href":"https:\/\/everstarsafety.com\/es\/wp-json\/wp\/v2\/product\/5580\/revisions\/5584"}],"wp:featuredmedia":[{"embeddable":true,"href":"https:\/\/everstarsafety.com\/es\/wp-json\/wp\/v2\/media\/4763"}],"wp:attachment":[{"href":"https:\/\/everstarsafety.com\/es\/wp-json\/wp\/v2\/media?parent=5580"}],"wp:term":[{"taxonomy":"product_cat","embeddable":true,"href":"https:\/\/everstarsafety.com\/es\/wp-json\/wp\/v2\/product_cat?post=5580"},{"taxonomy":"product_tag","embeddable":true,"href":"https:\/\/everstarsafety.com\/es\/wp-json\/wp\/v2\/product_tag?post=5580"}],"curies":[{"name":"wp","href":"https:\/\/api.w.org\/{rel}","templated":true}]}}