{"id":5670,"date":"2025-06-13T05:50:30","date_gmt":"2025-06-13T05:50:30","guid":{"rendered":"https:\/\/everstarsafety.com\/product\/barrera-de-control-de-multitudes-con-patas-fijas-soldadas-de-acero\/"},"modified":"2025-12-11T02:55:43","modified_gmt":"2025-12-11T02:55:43","slug":"barrera-de-control-de-multitudes-con-patas-fijas-soldadas-de-acero","status":"publish","type":"product","link":"https:\/\/everstarsafety.com\/es\/producto\/barrera-de-control-de-multitudes-con-patas-fijas-soldadas-de-acero\/","title":{"rendered":"Barrera de control de multitudes con patas fijas soldadas de acero"},"content":{"rendered":"\t\t<div data-elementor-type=\"product-post\" data-elementor-id=\"5670\" class=\"elementor elementor-5670 elementor-4038\">\n\t\t\t\t\t\t\t\t\t<section class=\"elementor-section elementor-top-section elementor-element elementor-element-95e882e elementor-section-boxed elementor-section-height-default elementor-section-height-default\" data-id=\"95e882e\" data-element_type=\"section\">\n\t\t\t\t\t\t<div class=\"elementor-container elementor-column-gap-default\">\n\t\t\t\t\t<div class=\"elementor-column elementor-col-100 elementor-top-column elementor-element elementor-element-77f1ee0\" data-id=\"77f1ee0\" data-element_type=\"column\">\n\t\t\t<div class=\"elementor-widget-wrap elementor-element-populated\">\n\t\t\t\t\t\t\t\t<div class=\"elementor-element elementor-element-11e1730 elementor-widget elementor-widget-heading\" data-id=\"11e1730\" data-element_type=\"widget\" data-widget_type=\"heading.default\">\n\t\t\t\t<div class=\"elementor-widget-container\">\n\t\t\t<style>\/*! elementor - v3.7.0 - 08-08-2022 *\/\n.elementor-heading-title{padding:0;margin:0;line-height:1}.elementor-widget-heading .elementor-heading-title[class*=elementor-size-]>a{color:inherit;font-size:inherit;line-height:inherit}.elementor-widget-heading .elementor-heading-title.elementor-size-small{font-size:15px}.elementor-widget-heading .elementor-heading-title.elementor-size-medium{font-size:19px}.elementor-widget-heading .elementor-heading-title.elementor-size-large{font-size:29px}.elementor-widget-heading .elementor-heading-title.elementor-size-xl{font-size:39px}.elementor-widget-heading .elementor-heading-title.elementor-size-xxl{font-size:59px}<\/style><h2 class=\"elementor-heading-title elementor-size-default\">Definici\u00f3n<\/h2>\t\t<\/div>\n\t\t\t\t<\/div>\n\t\t\t\t<div class=\"elementor-element elementor-element-d31b514 elementor-widget elementor-widget-text-editor\" data-id=\"d31b514\" data-element_type=\"widget\" data-widget_type=\"text-editor.default\">\n\t\t\t\t<div class=\"elementor-widget-container\">\n\t\t\t<style>\/*! elementor - v3.7.0 - 08-08-2022 *\/\n.elementor-widget-text-editor.elementor-drop-cap-view-stacked .elementor-drop-cap{background-color:#818a91;color:#fff}.elementor-widget-text-editor.elementor-drop-cap-view-framed .elementor-drop-cap{color:#818a91;border:3px solid;background-color:transparent}.elementor-widget-text-editor:not(.elementor-drop-cap-view-default) .elementor-drop-cap{margin-top:8px}.elementor-widget-text-editor:not(.elementor-drop-cap-view-default) .elementor-drop-cap-letter{width:1em;height:1em}.elementor-widget-text-editor .elementor-drop-cap{float:left;text-align:center;line-height:1;font-size:50px}.elementor-widget-text-editor .elementor-drop-cap-letter{display:inline-block}<\/style>\t\t\t\t<p>Las barreras de control de multitudes tambi\u00e9n se denominan cercas de control de multitudes, barreras removibles, barricadas de acero, cercas perimetrales temporales, barreras peatonales de control de multitudes de actividades, cercas port\u00e1tiles, etc.<\/p><p>Las barricadas para control de multitudes son una soluci\u00f3n robusta y resistente para la gesti\u00f3n de multitudes y tr\u00e1fico. Garantizan el orden en eventos, obras de construcci\u00f3n y m\u00e1s. Son f\u00e1ciles de instalar y almacenar, lo que permite su uso en cualquier necesidad de control de multitudes. Son port\u00e1tiles, lo que permite su transporte e instalaci\u00f3n en cualquier lugar. Est\u00e1n disponibles en diversos materiales, como acero galvanizado, con recubrimiento en polvo y acero inoxidable.    <\/p>\t\t\t\t\t\t<\/div>\n\t\t\t\t<\/div>\n\t\t\t\t\t<\/div>\n\t\t<\/div>\n\t\t\t\t\t\t\t<\/div>\n\t\t<\/section>\n\t\t\t\t<section class=\"elementor-section elementor-top-section elementor-element elementor-element-11de256 elementor-section-boxed elementor-section-height-default elementor-section-height-default\" data-id=\"11de256\" data-element_type=\"section\">\n\t\t\t\t\t\t<div class=\"elementor-container elementor-column-gap-default\">\n\t\t\t\t\t<div class=\"elementor-column elementor-col-100 elementor-top-column elementor-element elementor-element-464bbe4\" data-id=\"464bbe4\" data-element_type=\"column\">\n\t\t\t<div class=\"elementor-widget-wrap elementor-element-populated\">\n\t\t\t\t\t\t\t\t<div class=\"elementor-element elementor-element-5ec6a19 elementor-widget elementor-widget-heading\" data-id=\"5ec6a19\" data-element_type=\"widget\" data-widget_type=\"heading.default\">\n\t\t\t\t<div class=\"elementor-widget-container\">\n\t\t\t<h2 class=\"elementor-heading-title elementor-size-default\">Especificaci\u00f3n t\u00e9cnica<\/h2>\t\t<\/div>\n\t\t\t\t<\/div>\n\t\t\t\t\t<\/div>\n\t\t<\/div>\n\t\t\t\t\t\t\t<\/div>\n\t\t<\/section>\n\t\t\t\t<section class=\"elementor-section elementor-top-section elementor-element elementor-element-82ab7f6 elementor-section-boxed elementor-section-height-default elementor-section-height-default\" data-id=\"82ab7f6\" data-element_type=\"section\">\n\t\t\t\t\t\t<div class=\"elementor-container elementor-column-gap-default\">\n\t\t\t\t\t<div class=\"elementor-column elementor-col-100 elementor-top-column elementor-element elementor-element-76c856e\" data-id=\"76c856e\" data-element_type=\"column\">\n\t\t\t<div class=\"elementor-widget-wrap elementor-element-populated\">\n\t\t\t\t\t\t\t\t<div class=\"elementor-element elementor-element-4e1f4fd elementor-widget elementor-widget-text-editor\" data-id=\"4e1f4fd\" data-element_type=\"widget\" data-widget_type=\"text-editor.default\">\n\t\t\t\t<div class=\"elementor-widget-container\">\n\t\t\t\t\t\t\t<table width=\"750\"><tbody><tr><td><p><strong>Longitud<\/strong><\/p><\/td><td><p>2 m, 2,1 m, 2,2 m, 2,5 m<\/p><\/td><\/tr><tr><td><p><strong>Altura<\/strong><\/p><\/td><td><p>900 mm, 1000 mm, 1100 mm, 1200 mm, etc.<\/p><\/td><\/tr><tr><td><p><strong>Tubo exterior<\/strong><\/p><p><strong>\/Tubos de marco<\/strong><\/p><\/td><td><p>20mm, 25mm, 32mm, 38mm OD, etc<\/p><\/td><\/tr><tr><td><p><strong>Inner Tubing<\/strong><\/p><p><strong>\/Tubos verticales<\/strong><\/p><\/td><td><p>12mm, 14mm, 16mm, 20mm OD, etc<\/p><\/td><\/tr><tr><td><p><strong>Distancia del tubo interior<\/strong><\/p><\/td><td><p>110mm, 115mm, 120mm, 190mm, 200mm<\/p><\/td><\/tr><tr><td><p><strong>Finalizado<\/strong><\/p><\/td><td><p>Galvanizado por inmersi\u00f3n en caliente, galvanizado por inmersi\u00f3n en caliente con recubrimiento en polvo, acero inoxidable<\/p><\/td><\/tr><tr><td><p><strong>Pies<\/strong><\/p><\/td><td><p>Pies fijos soldados, Pies planos, Pies tipo puente<\/p><\/td><\/tr><\/tbody><\/table>\t\t\t\t\t\t<\/div>\n\t\t\t\t<\/div>\n\t\t\t\t<div class=\"elementor-element elementor-element-6965652 elementor-widget elementor-widget-text-editor\" data-id=\"6965652\" data-element_type=\"widget\" data-widget_type=\"text-editor.default\">\n\t\t\t\t<div class=\"elementor-widget-container\">\n\t\t\t\t\t\t\t\t\t\t\t\t\t<\/div>\n\t\t\t\t<\/div>\n\t\t\t\t\t<\/div>\n\t\t<\/div>\n\t\t\t\t\t\t\t<\/div>\n\t\t<\/section>\n\t\t\t\t<section class=\"elementor-section elementor-top-section elementor-element elementor-element-e536283 elementor-section-boxed elementor-section-height-default elementor-section-height-default\" data-id=\"e536283\" data-element_type=\"section\">\n\t\t\t\t\t\t<div class=\"elementor-container elementor-column-gap-default\">\n\t\t\t\t\t<div class=\"elementor-column elementor-col-100 elementor-top-column elementor-element elementor-element-bbae8c2\" data-id=\"bbae8c2\" data-element_type=\"column\">\n\t\t\t<div class=\"elementor-widget-wrap elementor-element-populated\">\n\t\t\t\t\t\t\t\t<div class=\"elementor-element elementor-element-9c47733 elementor-widget elementor-widget-heading\" data-id=\"9c47733\" data-element_type=\"widget\" data-widget_type=\"heading.default\">\n\t\t\t\t<div class=\"elementor-widget-container\">\n\t\t\t<h2 class=\"elementor-heading-title elementor-size-default\">Different Types Feets<\/h2>\t\t<\/div>\n\t\t\t\t<\/div>\n\t\t\t\t\t<\/div>\n\t\t<\/div>\n\t\t\t\t\t\t\t<\/div>\n\t\t<\/section>\n\t\t\t\t<section class=\"elementor-section elementor-top-section elementor-element elementor-element-008844e elementor-section-boxed elementor-section-height-default elementor-section-height-default\" data-id=\"008844e\" data-element_type=\"section\">\n\t\t\t\t\t\t<div class=\"elementor-container elementor-column-gap-default\">\n\t\t\t\t\t<div class=\"elementor-column elementor-col-100 elementor-top-column elementor-element elementor-element-11aeaaf\" data-id=\"11aeaaf\" data-element_type=\"column\">\n\t\t\t<div class=\"elementor-widget-wrap elementor-element-populated\">\n\t\t\t\t\t\t\t\t<div class=\"elementor-element elementor-element-76ce481 elementor-widget elementor-widget-image\" data-id=\"76ce481\" data-element_type=\"widget\" data-widget_type=\"image.default\">\n\t\t\t\t<div class=\"elementor-widget-container\">\n\t\t\t<style>\/*! elementor - v3.7.0 - 08-08-2022 *\/\n.elementor-widget-image{text-align:center}.elementor-widget-image a{display:inline-block}.elementor-widget-image a img[src$=\".svg\"]{width:48px}.elementor-widget-image img{vertical-align:middle;display:inline-block}<\/style>\t\t\t\t\t\t\t\t\t\t\t\t<img loading=\"lazy\" decoding=\"async\" width=\"750\" height=\"786\" src=\"https:\/\/everstarsafety.com\/wp-content\/uploads\/2025\/06\/crowd-road-barrier-feet-types.avif\" class=\"attachment-full size-full\" alt=\"tipos de pies de barrera de carretera para multitudes\" srcset=\"https:\/\/everstarsafety.com\/wp-content\/uploads\/2025\/06\/crowd-road-barrier-feet-types.avif 750w, https:\/\/everstarsafety.com\/wp-content\/uploads\/2025\/06\/crowd-road-barrier-feet-types-600x629.avif 600w, https:\/\/everstarsafety.com\/wp-content\/uploads\/2025\/06\/crowd-road-barrier-feet-types-286x300.avif 286w\" sizes=\"auto, (max-width: 750px) 100vw, 750px\" \/>\t\t\t\t\t\t\t\t\t\t\t\t\t\t\t<\/div>\n\t\t\t\t<\/div>\n\t\t\t\t\t<\/div>\n\t\t<\/div>\n\t\t\t\t\t\t\t<\/div>\n\t\t<\/section>\n\t\t\t\t<section class=\"elementor-section elementor-top-section elementor-element elementor-element-6d01e18 elementor-section-boxed elementor-section-height-default elementor-section-height-default\" data-id=\"6d01e18\" data-element_type=\"section\">\n\t\t\t\t\t\t<div class=\"elementor-container elementor-column-gap-default\">\n\t\t\t\t\t<div class=\"elementor-column elementor-col-100 elementor-top-column elementor-element elementor-element-68b8791\" data-id=\"68b8791\" data-element_type=\"column\">\n\t\t\t<div class=\"elementor-widget-wrap elementor-element-populated\">\n\t\t\t\t\t\t\t\t<div class=\"elementor-element elementor-element-07db8de elementor-widget elementor-widget-heading\" data-id=\"07db8de\" data-element_type=\"widget\" data-widget_type=\"heading.default\">\n\t\t\t\t<div class=\"elementor-widget-container\">\n\t\t\t<h3 class=\"elementor-heading-title elementor-size-default\">1. Pies planos: <\/h3>\t\t<\/div>\n\t\t\t\t<\/div>\n\t\t\t\t<div class=\"elementor-element elementor-element-52f5e94 elementor-widget elementor-widget-text-editor\" data-id=\"52f5e94\" data-element_type=\"widget\" data-widget_type=\"text-editor.default\">\n\t\t\t\t<div class=\"elementor-widget-container\">\n\t\t\t\t\t\t\t<p>Con patas planas extra\u00edbles y reemplazables, atornilladas a los paneles. F\u00e1cil almacenamiento, transporte y apilamiento. Mucho m\u00e1s estable y seguro. El dise\u00f1o de patas planas minimiza el riesgo de tropiezos.  <\/p>\t\t\t\t\t\t<\/div>\n\t\t\t\t<\/div>\n\t\t\t\t<div class=\"elementor-element elementor-element-059382d elementor-widget elementor-widget-heading\" data-id=\"059382d\" data-element_type=\"widget\" data-widget_type=\"heading.default\">\n\t\t\t\t<div class=\"elementor-widget-container\">\n\t\t\t<h3 class=\"elementor-heading-title elementor-size-default\">2. Pies fijos soldados: <\/h3>\t\t<\/div>\n\t\t\t\t<\/div>\n\t\t\t\t<div class=\"elementor-element elementor-element-f71149e elementor-widget elementor-widget-text-editor\" data-id=\"f71149e\" data-element_type=\"widget\" data-widget_type=\"text-editor.default\">\n\t\t\t\t<div class=\"elementor-widget-container\">\n\t\t\t\t\t\t\t<p>Con pata fija soldada al marco de forma permanente. Ideal para eventos p\u00fablicos donde la rapidez de instalaci\u00f3n y desmontaje, as\u00ed como la alta seguridad, son prioritarias. Perfecto para dirigir el tr\u00e1fico peatonal.  <\/p>\t\t\t\t\t\t<\/div>\n\t\t\t\t<\/div>\n\t\t\t\t<div class=\"elementor-element elementor-element-390b92d elementor-widget elementor-widget-heading\" data-id=\"390b92d\" data-element_type=\"widget\" data-widget_type=\"heading.default\">\n\t\t\t\t<div class=\"elementor-widget-container\">\n\t\t\t<h3 class=\"elementor-heading-title elementor-size-default\">3. Pies de puente: <\/h3>\t\t<\/div>\n\t\t\t\t<\/div>\n\t\t\t\t<div class=\"elementor-element elementor-element-30e4eeb elementor-widget elementor-widget-text-editor\" data-id=\"30e4eeb\" data-element_type=\"widget\" data-widget_type=\"text-editor.default\">\n\t\t\t\t<div class=\"elementor-widget-container\">\n\t\t\t\t\t\t\t<p>Patas en forma de puente desmontables y bases reemplazables. El modelo m\u00e1s estable.  <\/p>\t\t\t\t\t\t<\/div>\n\t\t\t\t<\/div>\n\t\t\t\t\t<\/div>\n\t\t<\/div>\n\t\t\t\t\t\t\t<\/div>\n\t\t<\/section>\n\t\t\t\t<section class=\"elementor-section elementor-top-section elementor-element elementor-element-fd41563 elementor-section-boxed elementor-section-height-default elementor-section-height-default\" data-id=\"fd41563\" data-element_type=\"section\">\n\t\t\t\t\t\t<div class=\"elementor-container elementor-column-gap-default\">\n\t\t\t\t\t<div class=\"elementor-column elementor-col-100 elementor-top-column elementor-element elementor-element-dfa6106\" data-id=\"dfa6106\" data-element_type=\"column\">\n\t\t\t<div class=\"elementor-widget-wrap elementor-element-populated\">\n\t\t\t\t\t\t\t\t<div class=\"elementor-element elementor-element-53e4b84 elementor-widget elementor-widget-heading\" data-id=\"53e4b84\" data-element_type=\"widget\" data-widget_type=\"heading.default\">\n\t\t\t\t<div class=\"elementor-widget-container\">\n\t\t\t<h3 class=\"elementor-heading-title elementor-size-default\">Colores opcionales<\/h3>\t\t<\/div>\n\t\t\t\t<\/div>\n\t\t\t\t\t<\/div>\n\t\t<\/div>\n\t\t\t\t\t\t\t<\/div>\n\t\t<\/section>\n\t\t\t\t<section class=\"elementor-section elementor-top-section elementor-element elementor-element-fafc052 elementor-section-boxed elementor-section-height-default elementor-section-height-default\" data-id=\"fafc052\" data-element_type=\"section\">\n\t\t\t\t\t\t<div class=\"elementor-container elementor-column-gap-default\">\n\t\t\t\t\t<div class=\"elementor-column elementor-col-100 elementor-top-column elementor-element elementor-element-2f9d3d7\" data-id=\"2f9d3d7\" data-element_type=\"column\">\n\t\t\t<div class=\"elementor-widget-wrap elementor-element-populated\">\n\t\t\t\t\t\t\t\t<div class=\"elementor-element elementor-element-3a19464 elementor-widget elementor-widget-image\" data-id=\"3a19464\" data-element_type=\"widget\" data-widget_type=\"image.default\">\n\t\t\t\t<div class=\"elementor-widget-container\">\n\t\t\t\t\t\t\t\t\t\t\t\t\t\t\t<img loading=\"lazy\" decoding=\"async\" width=\"1280\" height=\"1024\" src=\"https:\/\/everstarsafety.com\/wp-content\/uploads\/2025\/06\/crowd-road-barrier-finishing-colours1.avif\" class=\"attachment-full size-full\" alt=\"Colores de acabado de barrera vial para multitudes1\" srcset=\"https:\/\/everstarsafety.com\/wp-content\/uploads\/2025\/06\/crowd-road-barrier-finishing-colours1.avif 1280w, https:\/\/everstarsafety.com\/wp-content\/uploads\/2025\/06\/crowd-road-barrier-finishing-colours1-600x480.avif 600w, https:\/\/everstarsafety.com\/wp-content\/uploads\/2025\/06\/crowd-road-barrier-finishing-colours1-300x240.avif 300w, https:\/\/everstarsafety.com\/wp-content\/uploads\/2025\/06\/crowd-road-barrier-finishing-colours1-1024x819.avif 1024w, https:\/\/everstarsafety.com\/wp-content\/uploads\/2025\/06\/crowd-road-barrier-finishing-colours1-768x614.avif 768w\" sizes=\"auto, (max-width: 1280px) 100vw, 1280px\" \/>\t\t\t\t\t\t\t\t\t\t\t\t\t\t\t<\/div>\n\t\t\t\t<\/div>\n\t\t\t\t\t<\/div>\n\t\t<\/div>\n\t\t\t\t\t\t\t<\/div>\n\t\t<\/section>\n\t\t\t\t<section class=\"elementor-section elementor-top-section elementor-element elementor-element-0a3f86a elementor-section-boxed elementor-section-height-default elementor-section-height-default\" data-id=\"0a3f86a\" data-element_type=\"section\">\n\t\t\t\t\t\t<div class=\"elementor-container elementor-column-gap-default\">\n\t\t\t\t\t<div class=\"elementor-column elementor-col-100 elementor-top-column elementor-element elementor-element-3fdfa58\" data-id=\"3fdfa58\" data-element_type=\"column\">\n\t\t\t<div class=\"elementor-widget-wrap elementor-element-populated\">\n\t\t\t\t\t\t\t\t<div class=\"elementor-element elementor-element-9579acf elementor-widget elementor-widget-heading\" data-id=\"9579acf\" data-element_type=\"widget\" data-widget_type=\"heading.default\">\n\t\t\t\t<div class=\"elementor-widget-container\">\n\t\t\t<h2 class=\"elementor-heading-title elementor-size-default\">Aplicaciones<\/h2>\t\t<\/div>\n\t\t\t\t<\/div>\n\t\t\t\t\t<\/div>\n\t\t<\/div>\n\t\t\t\t\t\t\t<\/div>\n\t\t<\/section>\n\t\t\t\t<section class=\"elementor-section elementor-top-section elementor-element elementor-element-281f22f elementor-section-boxed elementor-section-height-default elementor-section-height-default\" data-id=\"281f22f\" data-element_type=\"section\">\n\t\t\t\t\t\t<div class=\"elementor-container elementor-column-gap-default\">\n\t\t\t\t\t<div class=\"elementor-column elementor-col-100 elementor-top-column elementor-element elementor-element-3b80aa4\" data-id=\"3b80aa4\" data-element_type=\"column\">\n\t\t\t<div class=\"elementor-widget-wrap elementor-element-populated\">\n\t\t\t\t\t\t\t\t<div class=\"elementor-element elementor-element-6aa3e7e elementor-widget elementor-widget-text-editor\" data-id=\"6aa3e7e\" data-element_type=\"widget\" data-widget_type=\"text-editor.default\">\n\t\t\t\t<div class=\"elementor-widget-container\">\n\t\t\t\t\t\t\t<p>Sitios de construcci\u00f3n<\/p><p>Festivales al aire libre<\/p><p>Control de Tr\u00e1fico y Peatones<\/p><p>Eventos deportivos<\/p><p>manifestaciones pol\u00edticas<\/p><p>Centros de convenciones<\/p><p>Desfiles<\/p><p>Conciertos<\/p><p>Marathons<\/p><p> <\/p>\t\t\t\t\t\t<\/div>\n\t\t\t\t<\/div>\n\t\t\t\t\t<\/div>\n\t\t<\/div>\n\t\t\t\t\t\t\t<\/div>\n\t\t<\/section>\n\t\t\t\t<section class=\"elementor-section elementor-top-section elementor-element elementor-element-e4aba6d elementor-section-boxed elementor-section-height-default elementor-section-height-default\" data-id=\"e4aba6d\" data-element_type=\"section\">\n\t\t\t\t\t\t<div class=\"elementor-container elementor-column-gap-default\">\n\t\t\t\t\t<div class=\"elementor-column elementor-col-25 elementor-top-column elementor-element elementor-element-b2e0b36\" data-id=\"b2e0b36\" data-element_type=\"column\">\n\t\t\t<div class=\"elementor-widget-wrap elementor-element-populated\">\n\t\t\t\t\t\t\t\t<div class=\"elementor-element elementor-element-ef92ac1 elementor-widget elementor-widget-image\" data-id=\"ef92ac1\" data-element_type=\"widget\" data-widget_type=\"image.default\">\n\t\t\t\t<div class=\"elementor-widget-container\">\n\t\t\t\t\t\t\t\t\t\t\t\t\t\t\t<img loading=\"lazy\" decoding=\"async\" width=\"525\" height=\"350\" src=\"https:\/\/everstarsafety.com\/wp-content\/uploads\/2025\/06\/crowd-barrier-using-photo.jpg\" class=\"attachment-large size-large\" alt=\"barrera de multitudes usando foto\" srcset=\"https:\/\/everstarsafety.com\/wp-content\/uploads\/2025\/06\/crowd-barrier-using-photo.jpg 960w, https:\/\/everstarsafety.com\/wp-content\/uploads\/2025\/06\/crowd-barrier-using-photo-600x400.jpg 600w, https:\/\/everstarsafety.com\/wp-content\/uploads\/2025\/06\/crowd-barrier-using-photo-300x200.jpg 300w, https:\/\/everstarsafety.com\/wp-content\/uploads\/2025\/06\/crowd-barrier-using-photo-768x512.jpg 768w\" sizes=\"auto, (max-width: 525px) 100vw, 525px\" \/>\t\t\t\t\t\t\t\t\t\t\t\t\t\t\t<\/div>\n\t\t\t\t<\/div>\n\t\t\t\t\t<\/div>\n\t\t<\/div>\n\t\t\t\t<div class=\"elementor-column elementor-col-25 elementor-top-column elementor-element elementor-element-2d87f28\" data-id=\"2d87f28\" data-element_type=\"column\">\n\t\t\t<div class=\"elementor-widget-wrap elementor-element-populated\">\n\t\t\t\t\t\t\t\t<div class=\"elementor-element elementor-element-5da4e96 elementor-widget elementor-widget-image\" data-id=\"5da4e96\" data-element_type=\"widget\" data-widget_type=\"image.default\">\n\t\t\t\t<div class=\"elementor-widget-container\">\n\t\t\t\t\t\t\t\t\t\t\t\t\t\t\t<img loading=\"lazy\" decoding=\"async\" width=\"525\" height=\"398\" src=\"https:\/\/everstarsafety.com\/wp-content\/uploads\/2025\/06\/crowd-barrier-using-photo5.avif\" class=\"attachment-large size-large\" alt=\"barrera de multitudes usando foto 5\" srcset=\"https:\/\/everstarsafety.com\/wp-content\/uploads\/2025\/06\/crowd-barrier-using-photo5.avif 713w, https:\/\/everstarsafety.com\/wp-content\/uploads\/2025\/06\/crowd-barrier-using-photo5-600x455.avif 600w, https:\/\/everstarsafety.com\/wp-content\/uploads\/2025\/06\/crowd-barrier-using-photo5-300x228.avif 300w\" sizes=\"auto, (max-width: 525px) 100vw, 525px\" \/>\t\t\t\t\t\t\t\t\t\t\t\t\t\t\t<\/div>\n\t\t\t\t<\/div>\n\t\t\t\t\t<\/div>\n\t\t<\/div>\n\t\t\t\t<div class=\"elementor-column elementor-col-25 elementor-top-column elementor-element elementor-element-ead2335\" data-id=\"ead2335\" data-element_type=\"column\">\n\t\t\t<div class=\"elementor-widget-wrap elementor-element-populated\">\n\t\t\t\t\t\t\t\t<div class=\"elementor-element elementor-element-75d0526 elementor-widget elementor-widget-image\" data-id=\"75d0526\" data-element_type=\"widget\" data-widget_type=\"image.default\">\n\t\t\t\t<div class=\"elementor-widget-container\">\n\t\t\t\t\t\t\t\t\t\t\t\t\t\t\t<img loading=\"lazy\" decoding=\"async\" width=\"525\" height=\"459\" src=\"https:\/\/everstarsafety.com\/wp-content\/uploads\/2025\/06\/crowd-barrier-using-photo3.png\" class=\"attachment-large size-large\" alt=\"barrera de multitudes usando foto3\" srcset=\"https:\/\/everstarsafety.com\/wp-content\/uploads\/2025\/06\/crowd-barrier-using-photo3.png 767w, https:\/\/everstarsafety.com\/wp-content\/uploads\/2025\/06\/crowd-barrier-using-photo3-600x525.png 600w, https:\/\/everstarsafety.com\/wp-content\/uploads\/2025\/06\/crowd-barrier-using-photo3-300x262.png 300w\" sizes=\"auto, (max-width: 525px) 100vw, 525px\" \/>\t\t\t\t\t\t\t\t\t\t\t\t\t\t\t<\/div>\n\t\t\t\t<\/div>\n\t\t\t\t\t<\/div>\n\t\t<\/div>\n\t\t\t\t<div class=\"elementor-column elementor-col-25 elementor-top-column elementor-element elementor-element-cf50297\" data-id=\"cf50297\" data-element_type=\"column\">\n\t\t\t<div class=\"elementor-widget-wrap elementor-element-populated\">\n\t\t\t\t\t\t\t\t<div class=\"elementor-element elementor-element-c2d5649 elementor-widget elementor-widget-image\" data-id=\"c2d5649\" data-element_type=\"widget\" data-widget_type=\"image.default\">\n\t\t\t\t<div class=\"elementor-widget-container\">\n\t\t\t\t\t\t\t\t\t\t\t\t\t\t\t<img loading=\"lazy\" decoding=\"async\" width=\"525\" height=\"465\" src=\"https:\/\/everstarsafety.com\/wp-content\/uploads\/2025\/06\/crowd-barrier-using-photo1.webp\" class=\"attachment-large size-large\" alt=\"barrera de multitudes usando foto1\" srcset=\"https:\/\/everstarsafety.com\/wp-content\/uploads\/2025\/06\/crowd-barrier-using-photo1.webp 749w, https:\/\/everstarsafety.com\/wp-content\/uploads\/2025\/06\/crowd-barrier-using-photo1-600x531.webp 600w, https:\/\/everstarsafety.com\/wp-content\/uploads\/2025\/06\/crowd-barrier-using-photo1-300x266.webp 300w\" sizes=\"auto, (max-width: 525px) 100vw, 525px\" \/>\t\t\t\t\t\t\t\t\t\t\t\t\t\t\t<\/div>\n\t\t\t\t<\/div>\n\t\t\t\t\t<\/div>\n\t\t<\/div>\n\t\t\t\t\t\t\t<\/div>\n\t\t<\/section>\n\t\t\t\t\t\t\t<\/div>\n\t\t","protected":false},"excerpt":{"rendered":"<p>Las barreras de control de multitudes son ideales para aplicaciones de control de multitudes. Son la soluci\u00f3n de confianza para la gesti\u00f3n de multitudes y la seguridad en eventos y lugares de trabajo con alta afluencia de p\u00fablico.  Son frecuentemente visibles en ferias, conciertos, eventos deportivos, sitios de construcci\u00f3n, desfiles, m\u00edtines pol\u00edticos, manifestaciones y festivales al aire libre.<\/p>\n","protected":false},"featured_media":4047,"comment_status":"open","ping_status":"closed","template":"","meta":{"om_disable_all_campaigns":false,"_monsterinsights_skip_tracking":false,"_monsterinsights_sitenote_active":false,"_monsterinsights_sitenote_note":"","_monsterinsights_sitenote_category":0},"product_cat":[469,528,530],"product_tag":[688,689,683,684,699],"class_list":["post-5670","product","type-product","status-publish","has-post-thumbnail","hentry","product_cat-control-de-trafico","product_cat-barrera-de-carretera","product_cat-barrera-de-control-de-multitudes","product_tag-barrera-de-control-de-multitudes","product_tag-barrera-de-control-de-multitudes-de-acero","product_tag-barrera-de-control-de-multitudes-en-conciertos","product_tag-barrera-de-control-de-multitudes-para-eventos-deportivos","product_tag-barrera-de-control-exterior"],"aioseo_notices":[],"_links":{"self":[{"href":"https:\/\/everstarsafety.com\/es\/wp-json\/wp\/v2\/product\/5670","targetHints":{"allow":["GET"]}}],"collection":[{"href":"https:\/\/everstarsafety.com\/es\/wp-json\/wp\/v2\/product"}],"about":[{"href":"https:\/\/everstarsafety.com\/es\/wp-json\/wp\/v2\/types\/product"}],"replies":[{"embeddable":true,"href":"https:\/\/everstarsafety.com\/es\/wp-json\/wp\/v2\/comments?post=5670"}],"version-history":[{"count":1,"href":"https:\/\/everstarsafety.com\/es\/wp-json\/wp\/v2\/product\/5670\/revisions"}],"predecessor-version":[{"id":5672,"href":"https:\/\/everstarsafety.com\/es\/wp-json\/wp\/v2\/product\/5670\/revisions\/5672"}],"wp:featuredmedia":[{"embeddable":true,"href":"https:\/\/everstarsafety.com\/es\/wp-json\/wp\/v2\/media\/4047"}],"wp:attachment":[{"href":"https:\/\/everstarsafety.com\/es\/wp-json\/wp\/v2\/media?parent=5670"}],"wp:term":[{"taxonomy":"product_cat","embeddable":true,"href":"https:\/\/everstarsafety.com\/es\/wp-json\/wp\/v2\/product_cat?post=5670"},{"taxonomy":"product_tag","embeddable":true,"href":"https:\/\/everstarsafety.com\/es\/wp-json\/wp\/v2\/product_tag?post=5670"}],"curies":[{"name":"wp","href":"https:\/\/api.w.org\/{rel}","templated":true}]}}