{"id":5823,"date":"2025-02-25T15:45:23","date_gmt":"2025-02-25T15:45:23","guid":{"rendered":"https:\/\/everstarsafety.com\/product\/calzo-de-poliuretano-para-ruedas-de-vehiculos-es-vc011\/"},"modified":"2025-12-11T03:59:21","modified_gmt":"2025-12-11T03:59:21","slug":"calzo-de-poliuretano-para-ruedas-de-vehiculos-es-vc011","status":"publish","type":"product","link":"https:\/\/everstarsafety.com\/es\/producto\/calzo-de-poliuretano-para-ruedas-de-vehiculos-es-vc011\/","title":{"rendered":"Calzo de poliuretano para ruedas de veh\u00edculos ES-VC011"},"content":{"rendered":"\t\t<div data-elementor-type=\"product-post\" data-elementor-id=\"5823\" class=\"elementor elementor-5823 elementor-3301\">\n\t\t\t\t\t\t\t\t\t<section class=\"elementor-section elementor-top-section elementor-element elementor-element-4256e6f elementor-section-boxed elementor-section-height-default elementor-section-height-default\" data-id=\"4256e6f\" data-element_type=\"section\">\n\t\t\t\t\t\t<div class=\"elementor-container elementor-column-gap-default\">\n\t\t\t\t\t<div class=\"elementor-column elementor-col-100 elementor-top-column elementor-element elementor-element-bcc070b\" data-id=\"bcc070b\" data-element_type=\"column\">\n\t\t\t<div class=\"elementor-widget-wrap elementor-element-populated\">\n\t\t\t\t\t\t\t\t<div class=\"elementor-element elementor-element-4c82c04 elementor-widget elementor-widget-heading\" data-id=\"4c82c04\" data-element_type=\"widget\" data-widget_type=\"heading.default\">\n\t\t\t\t<div class=\"elementor-widget-container\">\n\t\t\t<style>\/*! elementor - v3.7.0 - 08-08-2022 *\/\n.elementor-heading-title{padding:0;margin:0;line-height:1}.elementor-widget-heading .elementor-heading-title[class*=elementor-size-]>a{color:inherit;font-size:inherit;line-height:inherit}.elementor-widget-heading .elementor-heading-title.elementor-size-small{font-size:15px}.elementor-widget-heading .elementor-heading-title.elementor-size-medium{font-size:19px}.elementor-widget-heading .elementor-heading-title.elementor-size-large{font-size:29px}.elementor-widget-heading .elementor-heading-title.elementor-size-xl{font-size:39px}.elementor-widget-heading .elementor-heading-title.elementor-size-xxl{font-size:59px}<\/style><h2 class=\"elementor-heading-title elementor-size-default\">Polyurethane Vehicle Wheel Chock<\/h2>\t\t<\/div>\n\t\t\t\t<\/div>\n\t\t\t\t\t<\/div>\n\t\t<\/div>\n\t\t\t\t\t\t\t<\/div>\n\t\t<\/section>\n\t\t\t\t<section class=\"elementor-section elementor-top-section elementor-element elementor-element-d6f73a9 elementor-section-boxed elementor-section-height-default elementor-section-height-default\" data-id=\"d6f73a9\" data-element_type=\"section\">\n\t\t\t\t\t\t<div class=\"elementor-container elementor-column-gap-default\">\n\t\t\t\t\t<div class=\"elementor-column elementor-col-100 elementor-top-column elementor-element elementor-element-9eb90f3\" data-id=\"9eb90f3\" data-element_type=\"column\">\n\t\t\t<div class=\"elementor-widget-wrap elementor-element-populated\">\n\t\t\t\t\t\t\t\t<div class=\"elementor-element elementor-element-d774bb3 elementor-widget elementor-widget-image\" data-id=\"d774bb3\" data-element_type=\"widget\" data-widget_type=\"image.default\">\n\t\t\t\t<div class=\"elementor-widget-container\">\n\t\t\t<style>\/*! elementor - v3.7.0 - 08-08-2022 *\/\n.elementor-widget-image{text-align:center}.elementor-widget-image a{display:inline-block}.elementor-widget-image a img[src$=\".svg\"]{width:48px}.elementor-widget-image img{vertical-align:middle;display:inline-block}<\/style>\t\t\t\t\t\t\t\t\t\t\t\t<img loading=\"lazy\" decoding=\"async\" width=\"1200\" height=\"400\" src=\"https:\/\/everstarsafety.com\/wp-content\/uploads\/2025\/02\/ES-VC011-vehicle-wheel-chock-leaflet.png\" class=\"attachment-full size-full\" alt=\"Folleto de calzos para ruedas de veh\u00edculos ES-VC011\" srcset=\"https:\/\/everstarsafety.com\/wp-content\/uploads\/2025\/02\/ES-VC011-vehicle-wheel-chock-leaflet.png 1200w, https:\/\/everstarsafety.com\/wp-content\/uploads\/2025\/02\/ES-VC011-vehicle-wheel-chock-leaflet-600x200.png 600w, https:\/\/everstarsafety.com\/wp-content\/uploads\/2025\/02\/ES-VC011-vehicle-wheel-chock-leaflet-300x100.png 300w, https:\/\/everstarsafety.com\/wp-content\/uploads\/2025\/02\/ES-VC011-vehicle-wheel-chock-leaflet-1024x341.png 1024w, https:\/\/everstarsafety.com\/wp-content\/uploads\/2025\/02\/ES-VC011-vehicle-wheel-chock-leaflet-768x256.png 768w\" sizes=\"auto, (max-width: 1200px) 100vw, 1200px\" \/>\t\t\t\t\t\t\t\t\t\t\t\t\t\t\t<\/div>\n\t\t\t\t<\/div>\n\t\t\t\t\t<\/div>\n\t\t<\/div>\n\t\t\t\t\t\t\t<\/div>\n\t\t<\/section>\n\t\t\t\t<section class=\"elementor-section elementor-top-section elementor-element elementor-element-bb9289f elementor-section-boxed elementor-section-height-default elementor-section-height-default\" data-id=\"bb9289f\" data-element_type=\"section\">\n\t\t\t\t\t\t<div class=\"elementor-container elementor-column-gap-default\">\n\t\t\t\t\t<div class=\"elementor-column elementor-col-100 elementor-top-column elementor-element elementor-element-c55ad51\" data-id=\"c55ad51\" data-element_type=\"column\">\n\t\t\t<div class=\"elementor-widget-wrap elementor-element-populated\">\n\t\t\t\t\t\t\t\t<div class=\"elementor-element elementor-element-325ca22 elementor-widget elementor-widget-heading\" data-id=\"325ca22\" data-element_type=\"widget\" data-widget_type=\"heading.default\">\n\t\t\t\t<div class=\"elementor-widget-container\">\n\t\t\t<h2 class=\"elementor-heading-title elementor-size-default\">Especificaci\u00f3n<\/h2>\t\t<\/div>\n\t\t\t\t<\/div>\n\t\t\t\t\t<\/div>\n\t\t<\/div>\n\t\t\t\t\t\t\t<\/div>\n\t\t<\/section>\n\t\t\t\t<section class=\"elementor-section elementor-top-section elementor-element elementor-element-1210089 elementor-section-boxed elementor-section-height-default elementor-section-height-default\" data-id=\"1210089\" data-element_type=\"section\">\n\t\t\t\t\t\t<div class=\"elementor-container elementor-column-gap-default\">\n\t\t\t\t\t<div class=\"elementor-column elementor-col-100 elementor-top-column elementor-element elementor-element-d860e7f\" data-id=\"d860e7f\" data-element_type=\"column\">\n\t\t\t<div class=\"elementor-widget-wrap elementor-element-populated\">\n\t\t\t\t\t\t\t\t<div class=\"elementor-element elementor-element-674ac48 elementor-widget elementor-widget-text-editor\" data-id=\"674ac48\" data-element_type=\"widget\" data-widget_type=\"text-editor.default\">\n\t\t\t\t<div class=\"elementor-widget-container\">\n\t\t\t<style>\/*! elementor - v3.7.0 - 08-08-2022 *\/\n.elementor-widget-text-editor.elementor-drop-cap-view-stacked .elementor-drop-cap{background-color:#818a91;color:#fff}.elementor-widget-text-editor.elementor-drop-cap-view-framed .elementor-drop-cap{color:#818a91;border:3px solid;background-color:transparent}.elementor-widget-text-editor:not(.elementor-drop-cap-view-default) .elementor-drop-cap{margin-top:8px}.elementor-widget-text-editor:not(.elementor-drop-cap-view-default) .elementor-drop-cap-letter{width:1em;height:1em}.elementor-widget-text-editor .elementor-drop-cap{float:left;text-align:center;line-height:1;font-size:50px}.elementor-widget-text-editor .elementor-drop-cap-letter{display:inline-block}<\/style>\t\t\t\t<table><tbody><tr><td width=\"109\"><p>Modelo<\/p><\/td><td width=\"116\"><p>Tama\u00f1o (largo x ancho x alto)<\/p><\/td><td width=\"109\"><p>Di\u00e1metro de los neum\u00e1ticos adecuados<\/p><\/td><td width=\"109\"><p>Capacidad m\u00e1xima de carga <\/p><\/td><td width=\"109\"><p>Peso<\/p><\/td><\/tr><tr><td width=\"109\"><p>ES-VC001<\/p><\/td><td width=\"116\"><p>200*174*147mm<\/p><\/td><td width=\"109\"><p>650mm<\/p><\/td><td width=\"109\"><p>5ton<\/p><\/td><td width=\"109\"><p>0.9kg<\/p><\/td><\/tr><tr><td width=\"109\"><p>ES-VC002<\/p><\/td><td width=\"116\"><p>215*176*155mm<\/p><\/td><td width=\"109\"><p>560mm<\/p><\/td><td width=\"109\"><p>10ton<\/p><\/td><td width=\"109\"><p>1.2kg<\/p><\/td><\/tr><tr><td width=\"109\"><p>ES-VC003<\/p><\/td><td width=\"116\"><p>280*200*200mm<\/p><\/td><td width=\"109\"><p>816mm<\/p><\/td><td width=\"109\"><p>20ton<\/p><\/td><td width=\"109\"><p>1.7kg<\/p><\/td><\/tr><tr><td width=\"109\"><p>ES-VC004<\/p><\/td><td width=\"116\"><p>205*200*147mm<\/p><\/td><td width=\"109\"><p>900mm<\/p><\/td><td width=\"109\"><p>20ton<\/p><\/td><td width=\"109\"><p>1.8kg<\/p><\/td><\/tr><tr><td width=\"109\"><p>ES-VC005<\/p><\/td><td width=\"116\"><p>235*195*145mm<\/p><\/td><td width=\"109\"><p>570mm<\/p><\/td><td width=\"109\"><p>20ton<\/p><\/td><td width=\"109\"><p>1.8kg<\/p><\/td><\/tr><tr><td width=\"109\"><p>ES-VC006<\/p><\/td><td width=\"116\"><p>287*224*206mm<\/p><\/td><td width=\"109\"><p>890mm<\/p><\/td><td width=\"109\"><p>30ton<\/p><\/td><td width=\"109\"><p>2.6kg<\/p><\/td><\/tr><tr><td width=\"109\"><p>ES-VC007<\/p><\/td><td width=\"116\"><p>355*204*204mm<\/p><\/td><td width=\"109\"><p>580mm<\/p><\/td><td width=\"109\"><p>30ton<\/p><\/td><td width=\"109\"><p>2.7kg<\/p><\/td><\/tr><tr><td width=\"109\"><p>ES-VC008<\/p><\/td><td width=\"116\"><p>332*215*193mm<\/p><\/td><td width=\"109\"><p>1400mm<\/p><\/td><td width=\"109\"><p>40ton<\/p><\/td><td width=\"109\"><p>3.5kg<\/p><\/td><\/tr><tr><td width=\"109\"><p>ES-VC009<\/p><\/td><td width=\"116\"><p>380*300*280mm<\/p><\/td><td width=\"109\"><p>1020mm<\/p><\/td><td width=\"109\"><p>60ton<\/p><\/td><td width=\"109\"><p>6kg<\/p><\/td><\/tr><tr><td width=\"109\"><p>ES-VC010<\/p><\/td><td width=\"116\"><p>440*370*370mm<\/p><\/td><td width=\"109\"><p>1474mm<\/p><\/td><td width=\"109\"><p>120ton<\/p><\/td><td width=\"109\"><p>9kg<\/p><\/td><\/tr><tr><td width=\"109\"><p>ES-VC011<\/p><\/td><td width=\"116\"><p>526*278*310mm<\/p><\/td><td width=\"109\"><p>1120mm<\/p><\/td><td width=\"109\"><p>135ton<\/p><\/td><td width=\"109\"><p>10kg<\/p><\/td><\/tr><tr><td width=\"109\"><p>ES-VC012<\/p><\/td><td width=\"116\"><p>550*373*270mm<\/p><\/td><td width=\"109\"><p>3600mm<\/p><\/td><td width=\"109\"><p>250ton<\/p><\/td><td width=\"109\"><p>17.7kg<\/p><\/td><\/tr><tr><td width=\"109\"><p>ES-VC013<\/p><\/td><td width=\"116\"><p>620*360*400mm<\/p><\/td><td width=\"109\"><p>4000mm<\/p><\/td><td width=\"109\"><p>400ton<\/p><\/td><td width=\"109\"><p>14kg<\/p><\/td><\/tr><tr><td width=\"109\"><p>ES-VC014<\/p><\/td><td width=\"116\"><p>655*320*340mm<\/p><\/td><td width=\"109\"><p>4000mm<\/p><\/td><td width=\"109\"><p>400ton<\/p><\/td><td width=\"109\"><p>13kg<\/p><\/td><\/tr><\/tbody><\/table>\t\t\t\t\t\t<\/div>\n\t\t\t\t<\/div>\n\t\t\t\t\t<\/div>\n\t\t<\/div>\n\t\t\t\t\t\t\t<\/div>\n\t\t<\/section>\n\t\t\t\t<section class=\"elementor-section elementor-top-section elementor-element elementor-element-71cccdf elementor-section-boxed elementor-section-height-default elementor-section-height-default\" data-id=\"71cccdf\" data-element_type=\"section\">\n\t\t\t\t\t\t<div class=\"elementor-container elementor-column-gap-default\">\n\t\t\t\t\t<div class=\"elementor-column elementor-col-100 elementor-top-column elementor-element elementor-element-7ba82ed\" data-id=\"7ba82ed\" data-element_type=\"column\">\n\t\t\t<div class=\"elementor-widget-wrap elementor-element-populated\">\n\t\t\t\t\t\t\t\t<div class=\"elementor-element elementor-element-970b1d8 elementor-widget elementor-widget-image\" data-id=\"970b1d8\" data-element_type=\"widget\" data-widget_type=\"image.default\">\n\t\t\t\t<div class=\"elementor-widget-container\">\n\t\t\t\t\t\t\t\t\t\t\t\t\t\t\t<img loading=\"lazy\" decoding=\"async\" width=\"1473\" height=\"2000\" src=\"https:\/\/everstarsafety.com\/wp-content\/uploads\/2025\/02\/Vehicle-Wheel-Chock-Leaflet.pdf.png\" class=\"attachment-full size-full\" alt=\"Folleto sobre calzos para ruedas de veh\u00edculos\" srcset=\"https:\/\/everstarsafety.com\/wp-content\/uploads\/2025\/02\/Vehicle-Wheel-Chock-Leaflet.pdf.png 1473w, https:\/\/everstarsafety.com\/wp-content\/uploads\/2025\/02\/Vehicle-Wheel-Chock-Leaflet.pdf-600x815.png 600w, https:\/\/everstarsafety.com\/wp-content\/uploads\/2025\/02\/Vehicle-Wheel-Chock-Leaflet.pdf-221x300.png 221w, https:\/\/everstarsafety.com\/wp-content\/uploads\/2025\/02\/Vehicle-Wheel-Chock-Leaflet.pdf-754x1024.png 754w, https:\/\/everstarsafety.com\/wp-content\/uploads\/2025\/02\/Vehicle-Wheel-Chock-Leaflet.pdf-768x1043.png 768w, https:\/\/everstarsafety.com\/wp-content\/uploads\/2025\/02\/Vehicle-Wheel-Chock-Leaflet.pdf-1131x1536.png 1131w, https:\/\/everstarsafety.com\/wp-content\/uploads\/2025\/02\/Vehicle-Wheel-Chock-Leaflet.pdf-1320x1792.png 1320w\" sizes=\"auto, (max-width: 1473px) 100vw, 1473px\" \/>\t\t\t\t\t\t\t\t\t\t\t\t\t\t\t<\/div>\n\t\t\t\t<\/div>\n\t\t\t\t\t<\/div>\n\t\t<\/div>\n\t\t\t\t\t\t\t<\/div>\n\t\t<\/section>\n\t\t\t\t<section class=\"elementor-section elementor-top-section elementor-element elementor-element-801cfe7 elementor-section-boxed elementor-section-height-default elementor-section-height-default\" data-id=\"801cfe7\" data-element_type=\"section\">\n\t\t\t\t\t\t<div class=\"elementor-container elementor-column-gap-default\">\n\t\t\t\t\t<div class=\"elementor-column elementor-col-100 elementor-top-column elementor-element elementor-element-561191d\" data-id=\"561191d\" data-element_type=\"column\">\n\t\t\t<div class=\"elementor-widget-wrap elementor-element-populated\">\n\t\t\t\t\t\t\t\t<div class=\"elementor-element elementor-element-1067f4f elementor-widget elementor-widget-heading\" data-id=\"1067f4f\" data-element_type=\"widget\" data-widget_type=\"heading.default\">\n\t\t\t\t<div class=\"elementor-widget-container\">\n\t\t\t<h2 class=\"elementor-heading-title elementor-size-default\">Ventajas<\/h2>\t\t<\/div>\n\t\t\t\t<\/div>\n\t\t\t\t\t<\/div>\n\t\t<\/div>\n\t\t\t\t\t\t\t<\/div>\n\t\t<\/section>\n\t\t\t\t<section class=\"elementor-section elementor-top-section elementor-element elementor-element-34229ee elementor-section-boxed elementor-section-height-default elementor-section-height-default\" data-id=\"34229ee\" data-element_type=\"section\">\n\t\t\t\t\t\t<div class=\"elementor-container elementor-column-gap-default\">\n\t\t\t\t\t<div class=\"elementor-column elementor-col-100 elementor-top-column elementor-element elementor-element-63b7d08\" data-id=\"63b7d08\" data-element_type=\"column\">\n\t\t\t<div class=\"elementor-widget-wrap elementor-element-populated\">\n\t\t\t\t\t\t\t\t<div class=\"elementor-element elementor-element-2bed0c1 elementor-widget elementor-widget-text-editor\" data-id=\"2bed0c1\" data-element_type=\"widget\" data-widget_type=\"text-editor.default\">\n\t\t\t\t<div class=\"elementor-widget-container\">\n\t\t\t\t\t\t\t<ol><li>El material de espuma de poliuretano tiene una buena capacidad de resistencia al envejecimiento, hasta 30 a\u00f1os.<\/li><li>El material de espuma de poliuretano es resistente al aceite, al \u00e1cido, a los \u00e1lcalis y no higrosc\u00f3pico.<\/li><li>El material de espuma de poliuretano PU tiene resistencia al fr\u00edo y capacidad de resistencia a temperaturas estables.<\/li><li>El material de espuma de poliuretano PU es respetuoso con el medio ambiente, tiene baja contaminaci\u00f3n, no tiene olor acre, no contiene contaminantes de benceno y es inofensivo para el cuerpo humano.<\/li><\/ol>\t\t\t\t\t\t<\/div>\n\t\t\t\t<\/div>\n\t\t\t\t\t<\/div>\n\t\t<\/div>\n\t\t\t\t\t\t\t<\/div>\n\t\t<\/section>\n\t\t\t\t<section class=\"elementor-section elementor-top-section elementor-element elementor-element-2b2f894 elementor-section-boxed elementor-section-height-default elementor-section-height-default\" data-id=\"2b2f894\" data-element_type=\"section\">\n\t\t\t\t\t\t<div class=\"elementor-container elementor-column-gap-default\">\n\t\t\t\t\t<div class=\"elementor-column elementor-col-100 elementor-top-column elementor-element elementor-element-289ba65\" data-id=\"289ba65\" data-element_type=\"column\">\n\t\t\t<div class=\"elementor-widget-wrap elementor-element-populated\">\n\t\t\t\t\t\t\t\t<div class=\"elementor-element elementor-element-cd79549 elementor-widget elementor-widget-heading\" data-id=\"cd79549\" data-element_type=\"widget\" data-widget_type=\"heading.default\">\n\t\t\t\t<div class=\"elementor-widget-container\">\n\t\t\t<h2 class=\"elementor-heading-title elementor-size-default\">Circunstancias de la aplicaci\u00f3n<\/h2>\t\t<\/div>\n\t\t\t\t<\/div>\n\t\t\t\t\t<\/div>\n\t\t<\/div>\n\t\t\t\t\t\t\t<\/div>\n\t\t<\/section>\n\t\t\t\t<section class=\"elementor-section elementor-top-section elementor-element elementor-element-11e0763 elementor-section-boxed elementor-section-height-default elementor-section-height-default\" data-id=\"11e0763\" data-element_type=\"section\">\n\t\t\t\t\t\t<div class=\"elementor-container elementor-column-gap-default\">\n\t\t\t\t\t<div class=\"elementor-column elementor-col-100 elementor-top-column elementor-element elementor-element-368a3fd\" data-id=\"368a3fd\" data-element_type=\"column\">\n\t\t\t<div class=\"elementor-widget-wrap elementor-element-populated\">\n\t\t\t\t\t\t\t\t<div class=\"elementor-element elementor-element-2631935 elementor-widget elementor-widget-text-editor\" data-id=\"2631935\" data-element_type=\"widget\" data-widget_type=\"text-editor.default\">\n\t\t\t\t<div class=\"elementor-widget-container\">\n\t\t\t\t\t\t\t<ol><li>Log\u00edstica, industria del transporte, carga y descarga de camiones<\/li><li>Camiones mineros<\/li><li>Camiones de muelle<\/li><li>Camiones de ingenier\u00eda<\/li><li>Autob\u00fas<\/li><li>Auto<\/li><li>Mountain<\/li><li>Pendiente<\/li><li>Estacionamiento<\/li><li>Airport<\/li><\/ol>\t\t\t\t\t\t<\/div>\n\t\t\t\t<\/div>\n\t\t\t\t\t<\/div>\n\t\t<\/div>\n\t\t\t\t\t\t\t<\/div>\n\t\t<\/section>\n\t\t\t\t<section class=\"elementor-section elementor-top-section elementor-element elementor-element-4e66360 elementor-section-boxed elementor-section-height-default elementor-section-height-default\" data-id=\"4e66360\" data-element_type=\"section\">\n\t\t\t\t\t\t<div class=\"elementor-container elementor-column-gap-default\">\n\t\t\t\t\t<div class=\"elementor-column elementor-col-100 elementor-top-column elementor-element elementor-element-6a73420\" data-id=\"6a73420\" data-element_type=\"column\">\n\t\t\t<div class=\"elementor-widget-wrap elementor-element-populated\">\n\t\t\t\t\t\t\t\t<div class=\"elementor-element elementor-element-50ae39e elementor-widget elementor-widget-image\" data-id=\"50ae39e\" data-element_type=\"widget\" data-widget_type=\"image.default\">\n\t\t\t\t<div class=\"elementor-widget-container\">\n\t\t\t\t\t\t\t\t\t\t\t\t\t\t\t<img loading=\"lazy\" decoding=\"async\" width=\"1125\" height=\"360\" src=\"https:\/\/everstarsafety.com\/wp-content\/uploads\/2025\/02\/vehicle-wheel-chock-using-photo-1.jpg\" class=\"attachment-full size-full\" alt=\"calzo de rueda de veh\u00edculo usando foto\" srcset=\"https:\/\/everstarsafety.com\/wp-content\/uploads\/2025\/02\/vehicle-wheel-chock-using-photo-1.jpg 1125w, https:\/\/everstarsafety.com\/wp-content\/uploads\/2025\/02\/vehicle-wheel-chock-using-photo-1-600x192.jpg 600w, https:\/\/everstarsafety.com\/wp-content\/uploads\/2025\/02\/vehicle-wheel-chock-using-photo-1-300x96.jpg 300w, https:\/\/everstarsafety.com\/wp-content\/uploads\/2025\/02\/vehicle-wheel-chock-using-photo-1-1024x328.jpg 1024w, https:\/\/everstarsafety.com\/wp-content\/uploads\/2025\/02\/vehicle-wheel-chock-using-photo-1-768x246.jpg 768w\" sizes=\"auto, (max-width: 1125px) 100vw, 1125px\" \/>\t\t\t\t\t\t\t\t\t\t\t\t\t\t\t<\/div>\n\t\t\t\t<\/div>\n\t\t\t\t\t<\/div>\n\t\t<\/div>\n\t\t\t\t\t\t\t<\/div>\n\t\t<\/section>\n\t\t\t\t<section class=\"elementor-section elementor-top-section elementor-element elementor-element-13adc6b elementor-section-boxed elementor-section-height-default elementor-section-height-default\" data-id=\"13adc6b\" data-element_type=\"section\">\n\t\t\t\t\t\t<div class=\"elementor-container elementor-column-gap-default\">\n\t\t\t\t\t<div class=\"elementor-column elementor-col-100 elementor-top-column elementor-element elementor-element-ee642f5\" data-id=\"ee642f5\" data-element_type=\"column\">\n\t\t\t<div class=\"elementor-widget-wrap elementor-element-populated\">\n\t\t\t\t\t\t\t\t<div class=\"elementor-element elementor-element-c91c39e elementor-widget elementor-widget-heading\" data-id=\"c91c39e\" data-element_type=\"widget\" data-widget_type=\"heading.default\">\n\t\t\t\t<div class=\"elementor-widget-container\">\n\t\t\t<h2 class=\"elementor-heading-title elementor-size-default\">Producci\u00f3n y embalaje<\/h2>\t\t<\/div>\n\t\t\t\t<\/div>\n\t\t\t\t\t<\/div>\n\t\t<\/div>\n\t\t\t\t\t\t\t<\/div>\n\t\t<\/section>\n\t\t\t\t<section class=\"elementor-section elementor-top-section elementor-element elementor-element-d8a4e29 elementor-section-boxed elementor-section-height-default elementor-section-height-default\" data-id=\"d8a4e29\" data-element_type=\"section\">\n\t\t\t\t\t\t<div class=\"elementor-container elementor-column-gap-default\">\n\t\t\t\t\t<div class=\"elementor-column elementor-col-100 elementor-top-column elementor-element elementor-element-13a2520\" data-id=\"13a2520\" data-element_type=\"column\">\n\t\t\t<div class=\"elementor-widget-wrap elementor-element-populated\">\n\t\t\t\t\t\t\t\t<div class=\"elementor-element elementor-element-15adc33 elementor-widget elementor-widget-image\" data-id=\"15adc33\" data-element_type=\"widget\" data-widget_type=\"image.default\">\n\t\t\t\t<div class=\"elementor-widget-container\">\n\t\t\t\t\t\t\t\t\t\t\t\t\t\t\t<img loading=\"lazy\" decoding=\"async\" width=\"1125\" height=\"360\" src=\"https:\/\/everstarsafety.com\/wp-content\/uploads\/2025\/02\/vehicle-chock-production-package-photo1.jpg\" class=\"attachment-full size-full\" alt=\"Producci\u00f3n de calzos para veh\u00edculos, foto del paquete 1\" srcset=\"https:\/\/everstarsafety.com\/wp-content\/uploads\/2025\/02\/vehicle-chock-production-package-photo1.jpg 1125w, https:\/\/everstarsafety.com\/wp-content\/uploads\/2025\/02\/vehicle-chock-production-package-photo1-600x192.jpg 600w, https:\/\/everstarsafety.com\/wp-content\/uploads\/2025\/02\/vehicle-chock-production-package-photo1-300x96.jpg 300w, https:\/\/everstarsafety.com\/wp-content\/uploads\/2025\/02\/vehicle-chock-production-package-photo1-1024x328.jpg 1024w, https:\/\/everstarsafety.com\/wp-content\/uploads\/2025\/02\/vehicle-chock-production-package-photo1-768x246.jpg 768w\" sizes=\"auto, (max-width: 1125px) 100vw, 1125px\" \/>\t\t\t\t\t\t\t\t\t\t\t\t\t\t\t<\/div>\n\t\t\t\t<\/div>\n\t\t\t\t\t<\/div>\n\t\t<\/div>\n\t\t\t\t\t\t\t<\/div>\n\t\t<\/section>\n\t\t\t\t\t\t\t<\/div>\n\t\t","protected":false},"excerpt":{"rendered":"<p>Las cu\u00f1as para ruedas de veh\u00edculos y aeronaves se definen como dispositivos auxiliares de estacionamiento que fijan los neum\u00e1ticos y evitan que se muevan al estacionarse accidentalmente. Se utilizan ampliamente en camiones mineros, camiones de carga y descarga, camiones de ingenier\u00eda, autobuses, autom\u00f3viles, aeronaves, etc. <\/p>\n","protected":false},"featured_media":3302,"comment_status":"open","ping_status":"closed","template":"","meta":{"om_disable_all_campaigns":false,"_monsterinsights_skip_tracking":false,"_monsterinsights_sitenote_active":false,"_monsterinsights_sitenote_note":"","_monsterinsights_sitenote_category":0},"product_cat":[505,494],"product_tag":[748,755,757,756,758],"class_list":["post-5823","product","type-product","status-publish","has-post-thumbnail","hentry","product_cat-calzo-de-rueda","product_cat-seguridad-en-el-estacionamiento","product_tag-calzo-de-rueda","product_tag-calzo-de-rueda-de-alta-resistencia","product_tag-calzo-de-rueda-para-autobus","product_tag-calzo-de-rueda-para-camion","product_tag-wheel-chock-for-vehicle"],"aioseo_notices":[],"_links":{"self":[{"href":"https:\/\/everstarsafety.com\/es\/wp-json\/wp\/v2\/product\/5823","targetHints":{"allow":["GET"]}}],"collection":[{"href":"https:\/\/everstarsafety.com\/es\/wp-json\/wp\/v2\/product"}],"about":[{"href":"https:\/\/everstarsafety.com\/es\/wp-json\/wp\/v2\/types\/product"}],"replies":[{"embeddable":true,"href":"https:\/\/everstarsafety.com\/es\/wp-json\/wp\/v2\/comments?post=5823"}],"version-history":[{"count":1,"href":"https:\/\/everstarsafety.com\/es\/wp-json\/wp\/v2\/product\/5823\/revisions"}],"predecessor-version":[{"id":5824,"href":"https:\/\/everstarsafety.com\/es\/wp-json\/wp\/v2\/product\/5823\/revisions\/5824"}],"wp:featuredmedia":[{"embeddable":true,"href":"https:\/\/everstarsafety.com\/es\/wp-json\/wp\/v2\/media\/3302"}],"wp:attachment":[{"href":"https:\/\/everstarsafety.com\/es\/wp-json\/wp\/v2\/media?parent=5823"}],"wp:term":[{"taxonomy":"product_cat","embeddable":true,"href":"https:\/\/everstarsafety.com\/es\/wp-json\/wp\/v2\/product_cat?post=5823"},{"taxonomy":"product_tag","embeddable":true,"href":"https:\/\/everstarsafety.com\/es\/wp-json\/wp\/v2\/product_tag?post=5823"}],"curies":[{"name":"wp","href":"https:\/\/api.w.org\/{rel}","templated":true}]}}