{"id":5902,"date":"2024-11-12T04:46:38","date_gmt":"2024-11-12T04:46:38","guid":{"rendered":"https:\/\/everstarsafety.com\/product\/polyurethane-aircraft-wheel-chocks-es-ac003\/"},"modified":"2025-12-11T06:22:32","modified_gmt":"2025-12-11T06:22:32","slug":"polyurethane-aircraft-wheel-chocks-es-ac003","status":"publish","type":"product","link":"https:\/\/everstarsafety.com\/es\/producto\/polyurethane-aircraft-wheel-chocks-es-ac003\/","title":{"rendered":"Polyurethane Aircraft Wheel Chocks ES-AC003"},"content":{"rendered":"\t\t<div data-elementor-type=\"product-post\" data-elementor-id=\"5902\" class=\"elementor elementor-5902 elementor-2768\">\n\t\t\t\t\t\t\t\t\t<section class=\"elementor-section elementor-top-section elementor-element elementor-element-a6e968d elementor-section-boxed elementor-section-height-default elementor-section-height-default\" data-id=\"a6e968d\" data-element_type=\"section\">\n\t\t\t\t\t\t<div class=\"elementor-container elementor-column-gap-default\">\n\t\t\t\t\t<div class=\"elementor-column elementor-col-100 elementor-top-column elementor-element elementor-element-0a2254a\" data-id=\"0a2254a\" data-element_type=\"column\">\n\t\t\t<div class=\"elementor-widget-wrap elementor-element-populated\">\n\t\t\t\t\t\t\t\t<div class=\"elementor-element elementor-element-d07c54f elementor-widget elementor-widget-heading\" data-id=\"d07c54f\" data-element_type=\"widget\" data-widget_type=\"heading.default\">\n\t\t\t\t<div class=\"elementor-widget-container\">\n\t\t\t<style>\/*! elementor - v3.7.0 - 08-08-2022 *\/\n.elementor-heading-title{padding:0;margin:0;line-height:1}.elementor-widget-heading .elementor-heading-title[class*=elementor-size-]>a{color:inherit;font-size:inherit;line-height:inherit}.elementor-widget-heading .elementor-heading-title.elementor-size-small{font-size:15px}.elementor-widget-heading .elementor-heading-title.elementor-size-medium{font-size:19px}.elementor-widget-heading .elementor-heading-title.elementor-size-large{font-size:29px}.elementor-widget-heading .elementor-heading-title.elementor-size-xl{font-size:39px}.elementor-widget-heading .elementor-heading-title.elementor-size-xxl{font-size:59px}<\/style><h1 class=\"elementor-heading-title elementor-size-default\">Calzo de poliuretano para ruedas de avi\u00f3n<\/h1>\t\t<\/div>\n\t\t\t\t<\/div>\n\t\t\t\t<div class=\"elementor-element elementor-element-c03b998 elementor-widget elementor-widget-text-editor\" data-id=\"c03b998\" data-element_type=\"widget\" data-widget_type=\"text-editor.default\">\n\t\t\t\t<div class=\"elementor-widget-container\">\n\t\t\t<style>\/*! elementor - v3.7.0 - 08-08-2022 *\/\n.elementor-widget-text-editor.elementor-drop-cap-view-stacked .elementor-drop-cap{background-color:#818a91;color:#fff}.elementor-widget-text-editor.elementor-drop-cap-view-framed .elementor-drop-cap{color:#818a91;border:3px solid;background-color:transparent}.elementor-widget-text-editor:not(.elementor-drop-cap-view-default) .elementor-drop-cap{margin-top:8px}.elementor-widget-text-editor:not(.elementor-drop-cap-view-default) .elementor-drop-cap-letter{width:1em;height:1em}.elementor-widget-text-editor .elementor-drop-cap{float:left;text-align:center;line-height:1;font-size:50px}.elementor-widget-text-editor .elementor-drop-cap-letter{display:inline-block}<\/style>\t\t\t\t\t\t\t\t\t\t<\/div>\n\t\t\t\t<\/div>\n\t\t\t\t<div class=\"elementor-element elementor-element-a3349fa elementor-widget elementor-widget-image\" data-id=\"a3349fa\" data-element_type=\"widget\" data-widget_type=\"image.default\">\n\t\t\t\t<div class=\"elementor-widget-container\">\n\t\t\t<style>\/*! elementor - v3.7.0 - 08-08-2022 *\/\n.elementor-widget-image{text-align:center}.elementor-widget-image a{display:inline-block}.elementor-widget-image a img[src$=\".svg\"]{width:48px}.elementor-widget-image img{vertical-align:middle;display:inline-block}<\/style>\t\t\t\t\t\t\t\t\t\t\t\t<img loading=\"lazy\" decoding=\"async\" width=\"1200\" height=\"400\" src=\"https:\/\/everstarsafety.com\/wp-content\/uploads\/2024\/11\/003\u6b3e\u98de\u673a\u8f6e\u6863.png\" class=\"attachment-full size-full\" alt=\"003 calzo para rueda de avi\u00f3n modelo\" srcset=\"https:\/\/everstarsafety.com\/wp-content\/uploads\/2024\/11\/003\u6b3e\u98de\u673a\u8f6e\u6863.png 1200w, https:\/\/everstarsafety.com\/wp-content\/uploads\/2024\/11\/003\u6b3e\u98de\u673a\u8f6e\u6863-600x200.png 600w, https:\/\/everstarsafety.com\/wp-content\/uploads\/2024\/11\/003\u6b3e\u98de\u673a\u8f6e\u6863-300x100.png 300w, https:\/\/everstarsafety.com\/wp-content\/uploads\/2024\/11\/003\u6b3e\u98de\u673a\u8f6e\u6863-1024x341.png 1024w, https:\/\/everstarsafety.com\/wp-content\/uploads\/2024\/11\/003\u6b3e\u98de\u673a\u8f6e\u6863-768x256.png 768w\" sizes=\"auto, (max-width: 1200px) 100vw, 1200px\" \/>\t\t\t\t\t\t\t\t\t\t\t\t\t\t\t<\/div>\n\t\t\t\t<\/div>\n\t\t\t\t<div class=\"elementor-element elementor-element-e0f5bb0 elementor-widget elementor-widget-heading\" data-id=\"e0f5bb0\" data-element_type=\"widget\" data-widget_type=\"heading.default\">\n\t\t\t\t<div class=\"elementor-widget-container\">\n\t\t\t<h2 class=\"elementor-heading-title elementor-size-default\">Especificaci\u00f3n<\/h2>\t\t<\/div>\n\t\t\t\t<\/div>\n\t\t\t\t<div class=\"elementor-element elementor-element-04a04ee elementor-widget elementor-widget-text-editor\" data-id=\"04a04ee\" data-element_type=\"widget\" data-widget_type=\"text-editor.default\">\n\t\t\t\t<div class=\"elementor-widget-container\">\n\t\t\t\t\t\t\t\t\t\t\t\t\t<\/div>\n\t\t\t\t<\/div>\n\t\t\t\t<div class=\"elementor-element elementor-element-8abff58 elementor-widget elementor-widget-text-editor\" data-id=\"8abff58\" data-element_type=\"widget\" data-widget_type=\"text-editor.default\">\n\t\t\t\t<div class=\"elementor-widget-container\">\n\t\t\t\t\t\t\t<table width=\"659\"><tbody><tr><td><p><strong>Modelo<\/strong><\/p><\/td><td><p><strong>ES-AC001<\/strong><\/p><\/td><td><p><strong>ES-AC002<\/strong><\/p><\/td><td><p><strong>ES-AC003<\/strong><\/p><\/td><td><p><strong>ES-AC004<\/strong><\/p><\/td><\/tr><tr><td><p><strong>Material<\/strong><\/p><\/td><td><p>Espuma de poliuretano PU<\/p><\/td><td><p>Espuma de poliuretano PU<\/p><\/td><td><p>Espuma de poliuretano PU<\/p><\/td><td><p>Espuma de poliuretano PU<\/p><\/td><\/tr><tr><td><p><strong>Color <\/strong><\/p><\/td><td><p>Amarillo de alta visibilidad<\/p><\/td><td><p>Amarillo de alta visibilidad<\/p><\/td><td><p>Amarillo de alta visibilidad<\/p><\/td><td><p>Amarillo de alta visibilidad<\/p><\/td><\/tr><tr><td><p><strong>Tratamiento de superficies<\/strong><\/p><\/td><td><p>Liso<\/p><\/td><td><p>Liso<\/p><\/td><td><p>Liso<\/p><\/td><td><p>Liso<\/p><\/td><\/tr><tr><td><p><strong>Tama\u00f1o<\/strong><\/p><\/td><td><p>765X210X110mm<\/p><\/td><td><p>625X218X135mm<\/p><\/td><td><p>615X210X165mm<\/p><\/td><td><p>560X230X170mm<\/p><\/td><\/tr><tr><td><p><strong>Peso<\/strong><\/p><\/td><td><p>5.8kgs<\/p><\/td><td><p>5.8kgs<\/p><\/td><td><p>5.8kgs<\/p><\/td><td><p>6.6kgs<\/p><\/td><\/tr><tr><td><p><strong>Peso m\u00e1ximo del veh\u00edculo <\/strong><\/p><\/td><td><p>250 toneladas<\/p><\/td><td><p>250 toneladas<\/p><\/td><td><p>250 toneladas<\/p><\/td><td><p>250 toneladas<\/p><\/td><\/tr><tr><td><p><strong>Configuraci\u00f3n opcional<\/strong><\/p><\/td><td><p>Cuerda port\u00e1til<\/p><p> <\/p><\/td><td><p>Cuerda port\u00e1til<\/p><p> <\/p><\/td><td><p>Cuerda port\u00e1til<\/p><p> <\/p><\/td><td><p>Cuerda port\u00e1til<\/p><p> <\/p><\/td><\/tr><\/tbody><\/table>\t\t\t\t\t\t<\/div>\n\t\t\t\t<\/div>\n\t\t\t\t<div class=\"elementor-element elementor-element-17f4943 elementor-widget elementor-widget-image\" data-id=\"17f4943\" data-element_type=\"widget\" data-widget_type=\"image.default\">\n\t\t\t\t<div class=\"elementor-widget-container\">\n\t\t\t\t\t\t\t\t\t\t\t\t\t\t\t<img loading=\"lazy\" decoding=\"async\" width=\"1473\" height=\"2000\" src=\"https:\/\/everstarsafety.com\/wp-content\/uploads\/2024\/02\/aircraft-wheel-chock-leaflet.png\" class=\"attachment-full size-full\" alt=\"folleto sobre calzos para ruedas de aviones\" srcset=\"https:\/\/everstarsafety.com\/wp-content\/uploads\/2024\/02\/aircraft-wheel-chock-leaflet.png 1473w, https:\/\/everstarsafety.com\/wp-content\/uploads\/2024\/02\/aircraft-wheel-chock-leaflet-600x815.png 600w, https:\/\/everstarsafety.com\/wp-content\/uploads\/2024\/02\/aircraft-wheel-chock-leaflet-221x300.png 221w, https:\/\/everstarsafety.com\/wp-content\/uploads\/2024\/02\/aircraft-wheel-chock-leaflet-754x1024.png 754w, https:\/\/everstarsafety.com\/wp-content\/uploads\/2024\/02\/aircraft-wheel-chock-leaflet-768x1043.png 768w, https:\/\/everstarsafety.com\/wp-content\/uploads\/2024\/02\/aircraft-wheel-chock-leaflet-1131x1536.png 1131w, https:\/\/everstarsafety.com\/wp-content\/uploads\/2024\/02\/aircraft-wheel-chock-leaflet-1320x1792.png 1320w\" sizes=\"auto, (max-width: 1473px) 100vw, 1473px\" \/>\t\t\t\t\t\t\t\t\t\t\t\t\t\t\t<\/div>\n\t\t\t\t<\/div>\n\t\t\t\t<div class=\"elementor-element elementor-element-9483648 elementor-widget elementor-widget-heading\" data-id=\"9483648\" data-element_type=\"widget\" data-widget_type=\"heading.default\">\n\t\t\t\t<div class=\"elementor-widget-container\">\n\t\t\t<h2 class=\"elementor-heading-title elementor-size-default\">Ventajas<\/h2>\t\t<\/div>\n\t\t\t\t<\/div>\n\t\t\t\t<div class=\"elementor-element elementor-element-9a0fb38 elementor-widget elementor-widget-text-editor\" data-id=\"9a0fb38\" data-element_type=\"widget\" data-widget_type=\"text-editor.default\">\n\t\t\t\t<div class=\"elementor-widget-container\">\n\t\t\t\t\t\t\t<ol><li>Para uso en estacionamiento de aeronaves medianas, grandes y de gran tama\u00f1o.<\/li><li><span style=\"font-size: 1rem;\">Uretano ligero que absorbe los impactos<\/span><\/li><li><span style=\"font-size: 1rem;\">Resistente a la intemperie y a la abrasi\u00f3n.<\/span><\/li><li><span style=\"font-size: 1rem;\">Alta capacidad de carga<\/span><\/li><li><span style=\"font-size: 1rem;\">Elimina da\u00f1os por objetos extra\u00f1os (FOD)<\/span><\/li><li><span style=\"font-size: 1rem;\">Ligero y f\u00e1cil de usar<\/span><\/li><li><span style=\"font-size: 1rem;\">No se pudrir\u00e1, agrietar\u00e1 ni astillar\u00e1 como la madera.<\/span><\/li><li><span style=\"font-size: 1rem;\">Asa de transporte de cuerda opcional<\/span><\/li><li><span style=\"font-size: 1rem;\">Color amarillo de alta visibilidad<\/span><\/li><li><span style=\"font-size: 1rem;\">Resistente y resistente a los impactos.<\/span><\/li><li><span style=\"font-size: 1rem;\">Resistente a productos qu\u00edmicos (aceite, combustibles, disolventes) y corrosi\u00f3n.<\/span><\/li><li><span style=\"font-size: 1rem;\">Alta visibilidad en color naranja y amarillo brillante.<\/span><\/li><li><span style=\"font-size: 1rem;\">Construcci\u00f3n s\u00f3lida y ligera<\/span><\/li><li><span style=\"font-size: 1rem;\">Larga vida y respetuoso del medio ambiente<\/span><\/li><\/ol><p> <\/p>\t\t\t\t\t\t<\/div>\n\t\t\t\t<\/div>\n\t\t\t\t<div class=\"elementor-element elementor-element-98d8cad elementor-widget elementor-widget-heading\" data-id=\"98d8cad\" data-element_type=\"widget\" data-widget_type=\"heading.default\">\n\t\t\t\t<div class=\"elementor-widget-container\">\n\t\t\t<h2 class=\"elementor-heading-title elementor-size-default\">Circunstancias de la aplicaci\u00f3n<\/h2>\t\t<\/div>\n\t\t\t\t<\/div>\n\t\t\t\t<div class=\"elementor-element elementor-element-d548e11 elementor-widget elementor-widget-image\" data-id=\"d548e11\" data-element_type=\"widget\" data-widget_type=\"image.default\">\n\t\t\t\t<div class=\"elementor-widget-container\">\n\t\t\t\t\t\t\t\t\t\t\t\t\t\t\t<img loading=\"lazy\" decoding=\"async\" width=\"1500\" height=\"360\" src=\"https:\/\/everstarsafety.com\/wp-content\/uploads\/2024\/11\/aircraft-wheel-chock-using-photo.jpg\" class=\"attachment-full size-full\" alt=\"calzo para rueda de avi\u00f3n usando foto\" srcset=\"https:\/\/everstarsafety.com\/wp-content\/uploads\/2024\/11\/aircraft-wheel-chock-using-photo.jpg 1500w, https:\/\/everstarsafety.com\/wp-content\/uploads\/2024\/11\/aircraft-wheel-chock-using-photo-600x144.jpg 600w, https:\/\/everstarsafety.com\/wp-content\/uploads\/2024\/11\/aircraft-wheel-chock-using-photo-300x72.jpg 300w, https:\/\/everstarsafety.com\/wp-content\/uploads\/2024\/11\/aircraft-wheel-chock-using-photo-1024x246.jpg 1024w, https:\/\/everstarsafety.com\/wp-content\/uploads\/2024\/11\/aircraft-wheel-chock-using-photo-768x184.jpg 768w, https:\/\/everstarsafety.com\/wp-content\/uploads\/2024\/11\/aircraft-wheel-chock-using-photo-1320x317.jpg 1320w\" sizes=\"auto, (max-width: 1500px) 100vw, 1500px\" \/>\t\t\t\t\t\t\t\t\t\t\t\t\t\t\t<\/div>\n\t\t\t\t<\/div>\n\t\t\t\t\t<\/div>\n\t\t<\/div>\n\t\t\t\t\t\t\t<\/div>\n\t\t<\/section>\n\t\t\t\t<section class=\"elementor-section elementor-top-section elementor-element elementor-element-82e7e3b elementor-section-boxed elementor-section-height-default elementor-section-height-default\" data-id=\"82e7e3b\" data-element_type=\"section\">\n\t\t\t\t\t\t<div class=\"elementor-container elementor-column-gap-default\">\n\t\t\t\t\t<div class=\"elementor-column elementor-col-100 elementor-top-column elementor-element elementor-element-cb3821d\" data-id=\"cb3821d\" data-element_type=\"column\">\n\t\t\t<div class=\"elementor-widget-wrap elementor-element-populated\">\n\t\t\t\t\t\t\t\t<div class=\"elementor-element elementor-element-f39a9b3 elementor-widget elementor-widget-heading\" data-id=\"f39a9b3\" data-element_type=\"widget\" data-widget_type=\"heading.default\">\n\t\t\t\t<div class=\"elementor-widget-container\">\n\t\t\t<h2 class=\"elementor-heading-title elementor-size-default\">Producci\u00f3n y embalaje<\/h2>\t\t<\/div>\n\t\t\t\t<\/div>\n\t\t\t\t<div class=\"elementor-element elementor-element-5dda8aa elementor-widget elementor-widget-image\" data-id=\"5dda8aa\" data-element_type=\"widget\" data-widget_type=\"image.default\">\n\t\t\t\t<div class=\"elementor-widget-container\">\n\t\t\t\t\t\t\t\t\t\t\t\t\t\t\t<img loading=\"lazy\" decoding=\"async\" width=\"1500\" height=\"361\" src=\"https:\/\/everstarsafety.com\/wp-content\/uploads\/2024\/11\/aircraft-wheel-chock-production-and-package-photo.jpg\" class=\"attachment-full size-full\" alt=\"Fotograf\u00eda de producci\u00f3n y embalaje de calzos para ruedas de aeronaves\" srcset=\"https:\/\/everstarsafety.com\/wp-content\/uploads\/2024\/11\/aircraft-wheel-chock-production-and-package-photo.jpg 1500w, https:\/\/everstarsafety.com\/wp-content\/uploads\/2024\/11\/aircraft-wheel-chock-production-and-package-photo-600x144.jpg 600w, https:\/\/everstarsafety.com\/wp-content\/uploads\/2024\/11\/aircraft-wheel-chock-production-and-package-photo-300x72.jpg 300w, https:\/\/everstarsafety.com\/wp-content\/uploads\/2024\/11\/aircraft-wheel-chock-production-and-package-photo-1024x246.jpg 1024w, https:\/\/everstarsafety.com\/wp-content\/uploads\/2024\/11\/aircraft-wheel-chock-production-and-package-photo-768x185.jpg 768w, https:\/\/everstarsafety.com\/wp-content\/uploads\/2024\/11\/aircraft-wheel-chock-production-and-package-photo-1320x318.jpg 1320w\" sizes=\"auto, (max-width: 1500px) 100vw, 1500px\" \/>\t\t\t\t\t\t\t\t\t\t\t\t\t\t\t<\/div>\n\t\t\t\t<\/div>\n\t\t\t\t\t<\/div>\n\t\t<\/div>\n\t\t\t\t\t\t\t<\/div>\n\t\t<\/section>\n\t\t\t\t\t\t\t<\/div>\n\t\t","protected":false},"excerpt":{"rendered":"<p>Las cu\u00f1as para ruedas de aeronaves est\u00e1n fabricadas con poliuretano resistente a la intemperie. Est\u00e1n dise\u00f1adas para la ubicaci\u00f3n de las ruedas de aeronaves de tama\u00f1o mediano a grande y equipos de aviaci\u00f3n de gran tama\u00f1o durante el estacionamiento. Adem\u00e1s, su color amarillo de alta visibilidad facilita su identificaci\u00f3n en condiciones de poca luz o condiciones clim\u00e1ticas extremas.  <\/p>\n","protected":false},"featured_media":2769,"comment_status":"open","ping_status":"closed","template":"","meta":{"om_disable_all_campaigns":false,"_monsterinsights_skip_tracking":false,"_monsterinsights_sitenote_active":false,"_monsterinsights_sitenote_note":"","_monsterinsights_sitenote_category":0},"product_cat":[505,494],"product_tag":[776,777,748,774,762,752,775,779,773,778],"class_list":["post-5902","product","type-product","status-publish","has-post-thumbnail","hentry","product_cat-calzo-de-rueda","product_cat-seguridad-en-el-estacionamiento","product_tag-calzo-de-espuma-de-poliuretano-para-ruedas-de-avion","product_tag-calzo-de-poliuretano-para-ruedas-de-avion","product_tag-calzo-de-rueda","product_tag-calzo-de-rueda-de-material-de-pu","product_tag-calzo-para-rueda-de-aviacion","product_tag-calzo-para-rueda-de-avion","product_tag-calzo-para-rueda-de-avion-de-espuma-de-poliuretano","product_tag-calzos-de-aviacion","product_tag-calzos-de-uretano-para-ruedas-de-aviacion","product_tag-calzos-para-aeronaves"],"aioseo_notices":[],"_links":{"self":[{"href":"https:\/\/everstarsafety.com\/es\/wp-json\/wp\/v2\/product\/5902","targetHints":{"allow":["GET"]}}],"collection":[{"href":"https:\/\/everstarsafety.com\/es\/wp-json\/wp\/v2\/product"}],"about":[{"href":"https:\/\/everstarsafety.com\/es\/wp-json\/wp\/v2\/types\/product"}],"replies":[{"embeddable":true,"href":"https:\/\/everstarsafety.com\/es\/wp-json\/wp\/v2\/comments?post=5902"}],"version-history":[{"count":1,"href":"https:\/\/everstarsafety.com\/es\/wp-json\/wp\/v2\/product\/5902\/revisions"}],"predecessor-version":[{"id":5904,"href":"https:\/\/everstarsafety.com\/es\/wp-json\/wp\/v2\/product\/5902\/revisions\/5904"}],"wp:featuredmedia":[{"embeddable":true,"href":"https:\/\/everstarsafety.com\/es\/wp-json\/wp\/v2\/media\/2769"}],"wp:attachment":[{"href":"https:\/\/everstarsafety.com\/es\/wp-json\/wp\/v2\/media?parent=5902"}],"wp:term":[{"taxonomy":"product_cat","embeddable":true,"href":"https:\/\/everstarsafety.com\/es\/wp-json\/wp\/v2\/product_cat?post=5902"},{"taxonomy":"product_tag","embeddable":true,"href":"https:\/\/everstarsafety.com\/es\/wp-json\/wp\/v2\/product_tag?post=5902"}],"curies":[{"name":"wp","href":"https:\/\/api.w.org\/{rel}","templated":true}]}}