{"id":5932,"date":"2024-11-11T09:11:50","date_gmt":"2024-11-11T09:11:50","guid":{"rendered":"https:\/\/everstarsafety.com\/product\/tachas-de-abs-con-forma-de-hongo-y-buena-resistencia-a-la-compresion\/"},"modified":"2025-12-11T06:29:46","modified_gmt":"2025-12-11T06:29:46","slug":"tachas-de-abs-con-forma-de-hongo-y-buena-resistencia-a-la-compresion","status":"publish","type":"product","link":"https:\/\/everstarsafety.com\/es\/producto\/tachas-de-abs-con-forma-de-hongo-y-buena-resistencia-a-la-compresion\/","title":{"rendered":"Tachas de ABS con forma de hongo y buena resistencia a la compresi\u00f3n"},"content":{"rendered":"\t\t<div data-elementor-type=\"product-post\" data-elementor-id=\"5932\" class=\"elementor elementor-5932 elementor-2630\">\n\t\t\t\t\t\t\t\t\t<section class=\"elementor-section elementor-top-section elementor-element elementor-element-17c62fb elementor-section-boxed elementor-section-height-default elementor-section-height-default\" data-id=\"17c62fb\" data-element_type=\"section\">\n\t\t\t\t\t\t<div class=\"elementor-container elementor-column-gap-default\">\n\t\t\t\t\t<div class=\"elementor-column elementor-col-100 elementor-top-column elementor-element elementor-element-8e59ff0\" data-id=\"8e59ff0\" data-element_type=\"column\">\n\t\t\t<div class=\"elementor-widget-wrap elementor-element-populated\">\n\t\t\t\t\t\t\t\t<div class=\"elementor-element elementor-element-a2f4226 elementor-widget elementor-widget-heading\" data-id=\"a2f4226\" data-element_type=\"widget\" data-widget_type=\"heading.default\">\n\t\t\t\t<div class=\"elementor-widget-container\">\n\t\t\t<style>\/*! elementor - v3.7.0 - 08-08-2022 *\/\n.elementor-heading-title{padding:0;margin:0;line-height:1}.elementor-widget-heading .elementor-heading-title[class*=elementor-size-]>a{color:inherit;font-size:inherit;line-height:inherit}.elementor-widget-heading .elementor-heading-title.elementor-size-small{font-size:15px}.elementor-widget-heading .elementor-heading-title.elementor-size-medium{font-size:19px}.elementor-widget-heading .elementor-heading-title.elementor-size-large{font-size:29px}.elementor-widget-heading .elementor-heading-title.elementor-size-xl{font-size:39px}.elementor-widget-heading .elementor-heading-title.elementor-size-xxl{font-size:59px}<\/style><h1 class=\"elementor-heading-title elementor-size-default\">Marcador de pavimento tipo hongo ABS <\/h1>\t\t<\/div>\n\t\t\t\t<\/div>\n\t\t\t\t\t<\/div>\n\t\t<\/div>\n\t\t\t\t\t\t\t<\/div>\n\t\t<\/section>\n\t\t\t\t<section class=\"elementor-section elementor-top-section elementor-element elementor-element-619895f elementor-section-boxed elementor-section-height-default elementor-section-height-default\" data-id=\"619895f\" data-element_type=\"section\">\n\t\t\t\t\t\t<div class=\"elementor-container elementor-column-gap-default\">\n\t\t\t\t\t<div class=\"elementor-column elementor-col-100 elementor-top-column elementor-element elementor-element-4999561\" data-id=\"4999561\" data-element_type=\"column\">\n\t\t\t<div class=\"elementor-widget-wrap elementor-element-populated\">\n\t\t\t\t\t\t\t\t<div class=\"elementor-element elementor-element-80e6dbe elementor-widget elementor-widget-text-editor\" data-id=\"80e6dbe\" data-element_type=\"widget\" data-widget_type=\"text-editor.default\">\n\t\t\t\t<div class=\"elementor-widget-container\">\n\t\t\t<style>\/*! elementor - v3.7.0 - 08-08-2022 *\/\n.elementor-widget-text-editor.elementor-drop-cap-view-stacked .elementor-drop-cap{background-color:#818a91;color:#fff}.elementor-widget-text-editor.elementor-drop-cap-view-framed .elementor-drop-cap{color:#818a91;border:3px solid;background-color:transparent}.elementor-widget-text-editor:not(.elementor-drop-cap-view-default) .elementor-drop-cap{margin-top:8px}.elementor-widget-text-editor:not(.elementor-drop-cap-view-default) .elementor-drop-cap-letter{width:1em;height:1em}.elementor-widget-text-editor .elementor-drop-cap{float:left;text-align:center;line-height:1;font-size:50px}.elementor-widget-text-editor .elementor-drop-cap-letter{display:inline-block}<\/style>\t\t\t\t<p>El taco de carretera de pl\u00e1stico ABS, tambi\u00e9n llamado marcador de pavimento tipo hongo, se utiliza ampliamente en el centro y los laterales de la carretera para recordar a los veh\u00edculos y pasajeros que conducen, especialmente de noche.  <\/p>\t\t\t\t\t\t<\/div>\n\t\t\t\t<\/div>\n\t\t\t\t<div class=\"elementor-element elementor-element-d3bb2ea elementor-widget elementor-widget-image\" data-id=\"d3bb2ea\" data-element_type=\"widget\" data-widget_type=\"image.default\">\n\t\t\t\t<div class=\"elementor-widget-container\">\n\t\t\t<style>\/*! elementor - v3.7.0 - 08-08-2022 *\/\n.elementor-widget-image{text-align:center}.elementor-widget-image a{display:inline-block}.elementor-widget-image a img[src$=\".svg\"]{width:48px}.elementor-widget-image img{vertical-align:middle;display:inline-block}<\/style>\t\t\t\t\t\t\t\t\t\t\t\t<img loading=\"lazy\" decoding=\"async\" width=\"1200\" height=\"600\" src=\"https:\/\/everstarsafety.com\/wp-content\/uploads\/2024\/11\/\u8611\u83c7\u5934\u9053\u9489\u4ecb\u7ecd.png\" class=\"attachment-1536x1536 size-1536x1536\" alt=\"\" srcset=\"https:\/\/everstarsafety.com\/wp-content\/uploads\/2024\/11\/\u8611\u83c7\u5934\u9053\u9489\u4ecb\u7ecd.png 1200w, https:\/\/everstarsafety.com\/wp-content\/uploads\/2024\/11\/\u8611\u83c7\u5934\u9053\u9489\u4ecb\u7ecd-600x300.png 600w, https:\/\/everstarsafety.com\/wp-content\/uploads\/2024\/11\/\u8611\u83c7\u5934\u9053\u9489\u4ecb\u7ecd-300x150.png 300w, https:\/\/everstarsafety.com\/wp-content\/uploads\/2024\/11\/\u8611\u83c7\u5934\u9053\u9489\u4ecb\u7ecd-1024x512.png 1024w, https:\/\/everstarsafety.com\/wp-content\/uploads\/2024\/11\/\u8611\u83c7\u5934\u9053\u9489\u4ecb\u7ecd-768x384.png 768w\" sizes=\"auto, (max-width: 1200px) 100vw, 1200px\" \/>\t\t\t\t\t\t\t\t\t\t\t\t\t\t\t<\/div>\n\t\t\t\t<\/div>\n\t\t\t\t<div class=\"elementor-element elementor-element-06e6b1e elementor-widget elementor-widget-heading\" data-id=\"06e6b1e\" data-element_type=\"widget\" data-widget_type=\"heading.default\">\n\t\t\t\t<div class=\"elementor-widget-container\">\n\t\t\t<h2 class=\"elementor-heading-title elementor-size-default\">Especificaci\u00f3n<\/h2>\t\t<\/div>\n\t\t\t\t<\/div>\n\t\t\t\t<div class=\"elementor-element elementor-element-6c423f2 elementor-widget elementor-widget-text-editor\" data-id=\"6c423f2\" data-element_type=\"widget\" data-widget_type=\"text-editor.default\">\n\t\t\t\t<div class=\"elementor-widget-container\">\n\t\t\t\t\t\t\t<table width=\"610\"><tbody><tr><td width=\"166\"><p>Modelo<\/p><\/td><td width=\"222\"><p>ES-RS45<\/p><\/td><td width=\"222\"><p>ES-RS65<\/p><\/td><\/tr><tr><td width=\"166\"><p>Material<\/p><\/td><td width=\"222\"><p>Pl\u00e1stico ABS<\/p><\/td><td width=\"222\"><p>Pl\u00e1stico ABS<\/p><\/td><\/tr><tr><td width=\"166\"><p>Di\u00e1metro<\/p><\/td><td width=\"222\"><p>170mmX170mm<\/p><\/td><td width=\"222\"><p>170mmX170mm<\/p><\/td><\/tr><tr><td width=\"166\"><p>Altura<\/p><\/td><td width=\"222\"><p>45mm<\/p><\/td><td width=\"222\"><p>65mm<\/p><\/td><\/tr><tr><td width=\"166\"><p>Peso<\/p><\/td><td width=\"222\"><p>450g<\/p><\/td><td width=\"222\"><p>540g<\/p><\/td><\/tr><\/tbody><\/table>\t\t\t\t\t\t<\/div>\n\t\t\t\t<\/div>\n\t\t\t\t<div class=\"elementor-element elementor-element-d420726 elementor-widget elementor-widget-heading\" data-id=\"d420726\" data-element_type=\"widget\" data-widget_type=\"heading.default\">\n\t\t\t\t<div class=\"elementor-widget-container\">\n\t\t\t<h2 class=\"elementor-heading-title elementor-size-default\">Ventajas <\/h2>\t\t<\/div>\n\t\t\t\t<\/div>\n\t\t\t\t<div class=\"elementor-element elementor-element-89eacaf elementor-widget elementor-widget-text-editor\" data-id=\"89eacaf\" data-element_type=\"widget\" data-widget_type=\"text-editor.default\">\n\t\t\t\t<div class=\"elementor-widget-container\">\n\t\t\t\t\t\t\t<ol><li>Buena capacidad de resistencia a la compresi\u00f3n, hasta 20 toneladas.<\/li><li>Cuerpo de color amarillo brillante, cuerpo de color naranja brillante, lo que garantiza una alta visibilidad en la noche y en caso de nieve, granizo, lluvia o cualquier condici\u00f3n clim\u00e1tica adversa.<\/li><li>Equipado con un efecto ojo de gato destacado que ayuda a prestar atenci\u00f3n a la seguridad de los veh\u00edculos. <\/li><li>F\u00e1cil instalaci\u00f3n, pernos de expansi\u00f3n y tuercas para los cuatro lados.<\/li><\/ol>\t\t\t\t\t\t<\/div>\n\t\t\t\t<\/div>\n\t\t\t\t<div class=\"elementor-element elementor-element-898e492 elementor-widget elementor-widget-heading\" data-id=\"898e492\" data-element_type=\"widget\" data-widget_type=\"heading.default\">\n\t\t\t\t<div class=\"elementor-widget-container\">\n\t\t\t<h2 class=\"elementor-heading-title elementor-size-default\">Circunstancias de la aplicaci\u00f3n<\/h2>\t\t<\/div>\n\t\t\t\t<\/div>\n\t\t\t\t<div class=\"elementor-element elementor-element-ed1ba89 elementor-widget elementor-widget-text-editor\" data-id=\"ed1ba89\" data-element_type=\"widget\" data-widget_type=\"text-editor.default\">\n\t\t\t\t<div class=\"elementor-widget-container\">\n\t\t\t\t\t\t\t<p>Gasolinera, Rampa de acceso, Entrada para autos, Camino privado, Ciclov\u00edas, Calle, Estacionamiento, Aceras<\/p>\t\t\t\t\t\t<\/div>\n\t\t\t\t<\/div>\n\t\t\t\t\t<\/div>\n\t\t<\/div>\n\t\t\t\t\t\t\t<\/div>\n\t\t<\/section>\n\t\t\t\t<section class=\"elementor-section elementor-top-section elementor-element elementor-element-4217a15 elementor-section-boxed elementor-section-height-default elementor-section-height-default\" data-id=\"4217a15\" data-element_type=\"section\">\n\t\t\t\t\t\t<div class=\"elementor-container elementor-column-gap-default\">\n\t\t\t\t\t<div class=\"elementor-column elementor-col-50 elementor-top-column elementor-element elementor-element-0099f68\" data-id=\"0099f68\" data-element_type=\"column\">\n\t\t\t<div class=\"elementor-widget-wrap elementor-element-populated\">\n\t\t\t\t\t\t\t\t<div class=\"elementor-element elementor-element-c35aabd elementor-widget elementor-widget-image\" data-id=\"c35aabd\" data-element_type=\"widget\" data-widget_type=\"image.default\">\n\t\t\t\t<div class=\"elementor-widget-container\">\n\t\t\t\t\t\t\t\t\t\t\t\t\t\t\t<img loading=\"lazy\" decoding=\"async\" width=\"525\" height=\"525\" src=\"https:\/\/everstarsafety.com\/wp-content\/uploads\/2024\/11\/\u8611\u83c7\u5934\u5230\u9876\u526f\u56fe2.png\" class=\"attachment-large size-large\" alt=\"\" srcset=\"https:\/\/everstarsafety.com\/wp-content\/uploads\/2024\/11\/\u8611\u83c7\u5934\u5230\u9876\u526f\u56fe2.png 828w, https:\/\/everstarsafety.com\/wp-content\/uploads\/2024\/11\/\u8611\u83c7\u5934\u5230\u9876\u526f\u56fe2-300x300.png 300w, https:\/\/everstarsafety.com\/wp-content\/uploads\/2024\/11\/\u8611\u83c7\u5934\u5230\u9876\u526f\u56fe2-100x100.png 100w, https:\/\/everstarsafety.com\/wp-content\/uploads\/2024\/11\/\u8611\u83c7\u5934\u5230\u9876\u526f\u56fe2-600x600.png 600w, https:\/\/everstarsafety.com\/wp-content\/uploads\/2024\/11\/\u8611\u83c7\u5934\u5230\u9876\u526f\u56fe2-150x150.png 150w, https:\/\/everstarsafety.com\/wp-content\/uploads\/2024\/11\/\u8611\u83c7\u5934\u5230\u9876\u526f\u56fe2-768x768.png 768w\" sizes=\"auto, (max-width: 525px) 100vw, 525px\" \/>\t\t\t\t\t\t\t\t\t\t\t\t\t\t\t<\/div>\n\t\t\t\t<\/div>\n\t\t\t\t\t<\/div>\n\t\t<\/div>\n\t\t\t\t<div class=\"elementor-column elementor-col-50 elementor-top-column elementor-element elementor-element-6927e95\" data-id=\"6927e95\" data-element_type=\"column\">\n\t\t\t<div class=\"elementor-widget-wrap elementor-element-populated\">\n\t\t\t\t\t\t\t\t<div class=\"elementor-element elementor-element-f772ca1 elementor-widget elementor-widget-image\" data-id=\"f772ca1\" data-element_type=\"widget\" data-widget_type=\"image.default\">\n\t\t\t\t<div class=\"elementor-widget-container\">\n\t\t\t\t\t\t\t\t\t\t\t\t\t\t\t<img loading=\"lazy\" decoding=\"async\" width=\"525\" height=\"525\" src=\"https:\/\/everstarsafety.com\/wp-content\/uploads\/2024\/11\/\u8611\u83c7\u5934\u9053\u9489\u5b89\u88c5\u56fe-2_\u526f\u672c.jpg\" class=\"attachment-large size-large\" alt=\"\" srcset=\"https:\/\/everstarsafety.com\/wp-content\/uploads\/2024\/11\/\u8611\u83c7\u5934\u9053\u9489\u5b89\u88c5\u56fe-2_\u526f\u672c.jpg 828w, https:\/\/everstarsafety.com\/wp-content\/uploads\/2024\/11\/\u8611\u83c7\u5934\u9053\u9489\u5b89\u88c5\u56fe-2_\u526f\u672c-300x300.jpg 300w, https:\/\/everstarsafety.com\/wp-content\/uploads\/2024\/11\/\u8611\u83c7\u5934\u9053\u9489\u5b89\u88c5\u56fe-2_\u526f\u672c-100x100.jpg 100w, https:\/\/everstarsafety.com\/wp-content\/uploads\/2024\/11\/\u8611\u83c7\u5934\u9053\u9489\u5b89\u88c5\u56fe-2_\u526f\u672c-600x600.jpg 600w, https:\/\/everstarsafety.com\/wp-content\/uploads\/2024\/11\/\u8611\u83c7\u5934\u9053\u9489\u5b89\u88c5\u56fe-2_\u526f\u672c-150x150.jpg 150w, https:\/\/everstarsafety.com\/wp-content\/uploads\/2024\/11\/\u8611\u83c7\u5934\u9053\u9489\u5b89\u88c5\u56fe-2_\u526f\u672c-768x768.jpg 768w\" sizes=\"auto, (max-width: 525px) 100vw, 525px\" \/>\t\t\t\t\t\t\t\t\t\t\t\t\t\t\t<\/div>\n\t\t\t\t<\/div>\n\t\t\t\t\t<\/div>\n\t\t<\/div>\n\t\t\t\t\t\t\t<\/div>\n\t\t<\/section>\n\t\t\t\t<section class=\"elementor-section elementor-top-section elementor-element elementor-element-4f913c6 elementor-section-boxed elementor-section-height-default elementor-section-height-default\" data-id=\"4f913c6\" data-element_type=\"section\">\n\t\t\t\t\t\t<div class=\"elementor-container elementor-column-gap-default\">\n\t\t\t\t\t<div class=\"elementor-column elementor-col-50 elementor-top-column elementor-element elementor-element-657d7d1\" data-id=\"657d7d1\" data-element_type=\"column\">\n\t\t\t<div class=\"elementor-widget-wrap elementor-element-populated\">\n\t\t\t\t\t\t\t\t<div class=\"elementor-element elementor-element-38dbfe5 elementor-widget elementor-widget-image\" data-id=\"38dbfe5\" data-element_type=\"widget\" data-widget_type=\"image.default\">\n\t\t\t\t<div class=\"elementor-widget-container\">\n\t\t\t\t\t\t\t\t\t\t\t\t\t\t\t<img loading=\"lazy\" decoding=\"async\" width=\"525\" height=\"525\" src=\"https:\/\/everstarsafety.com\/wp-content\/uploads\/2024\/11\/\u8611\u83c7\u5934\u9053\u9489\u5b89\u88c5\u56fe-1_\u526f\u672c.jpg\" class=\"attachment-large size-large\" alt=\"\" srcset=\"https:\/\/everstarsafety.com\/wp-content\/uploads\/2024\/11\/\u8611\u83c7\u5934\u9053\u9489\u5b89\u88c5\u56fe-1_\u526f\u672c.jpg 828w, https:\/\/everstarsafety.com\/wp-content\/uploads\/2024\/11\/\u8611\u83c7\u5934\u9053\u9489\u5b89\u88c5\u56fe-1_\u526f\u672c-300x300.jpg 300w, https:\/\/everstarsafety.com\/wp-content\/uploads\/2024\/11\/\u8611\u83c7\u5934\u9053\u9489\u5b89\u88c5\u56fe-1_\u526f\u672c-100x100.jpg 100w, https:\/\/everstarsafety.com\/wp-content\/uploads\/2024\/11\/\u8611\u83c7\u5934\u9053\u9489\u5b89\u88c5\u56fe-1_\u526f\u672c-600x600.jpg 600w, https:\/\/everstarsafety.com\/wp-content\/uploads\/2024\/11\/\u8611\u83c7\u5934\u9053\u9489\u5b89\u88c5\u56fe-1_\u526f\u672c-150x150.jpg 150w, https:\/\/everstarsafety.com\/wp-content\/uploads\/2024\/11\/\u8611\u83c7\u5934\u9053\u9489\u5b89\u88c5\u56fe-1_\u526f\u672c-768x768.jpg 768w\" sizes=\"auto, (max-width: 525px) 100vw, 525px\" \/>\t\t\t\t\t\t\t\t\t\t\t\t\t\t\t<\/div>\n\t\t\t\t<\/div>\n\t\t\t\t\t<\/div>\n\t\t<\/div>\n\t\t\t\t<div class=\"elementor-column elementor-col-50 elementor-top-column elementor-element elementor-element-f668bee\" data-id=\"f668bee\" data-element_type=\"column\">\n\t\t\t<div class=\"elementor-widget-wrap elementor-element-populated\">\n\t\t\t\t\t\t\t\t<div class=\"elementor-element elementor-element-94a8d04 elementor-widget elementor-widget-image\" data-id=\"94a8d04\" data-element_type=\"widget\" data-widget_type=\"image.default\">\n\t\t\t\t<div class=\"elementor-widget-container\">\n\t\t\t\t\t\t\t\t\t\t\t\t\t\t\t<img loading=\"lazy\" decoding=\"async\" width=\"525\" height=\"525\" src=\"https:\/\/everstarsafety.com\/wp-content\/uploads\/2024\/11\/\u8611\u83c7\u5934\u9053\u9489\u5b89\u88c5\u56fe.jpg\" class=\"attachment-large size-large\" alt=\"\" srcset=\"https:\/\/everstarsafety.com\/wp-content\/uploads\/2024\/11\/\u8611\u83c7\u5934\u9053\u9489\u5b89\u88c5\u56fe.jpg 828w, https:\/\/everstarsafety.com\/wp-content\/uploads\/2024\/11\/\u8611\u83c7\u5934\u9053\u9489\u5b89\u88c5\u56fe-300x300.jpg 300w, https:\/\/everstarsafety.com\/wp-content\/uploads\/2024\/11\/\u8611\u83c7\u5934\u9053\u9489\u5b89\u88c5\u56fe-100x100.jpg 100w, https:\/\/everstarsafety.com\/wp-content\/uploads\/2024\/11\/\u8611\u83c7\u5934\u9053\u9489\u5b89\u88c5\u56fe-600x600.jpg 600w, https:\/\/everstarsafety.com\/wp-content\/uploads\/2024\/11\/\u8611\u83c7\u5934\u9053\u9489\u5b89\u88c5\u56fe-150x150.jpg 150w, https:\/\/everstarsafety.com\/wp-content\/uploads\/2024\/11\/\u8611\u83c7\u5934\u9053\u9489\u5b89\u88c5\u56fe-768x768.jpg 768w\" sizes=\"auto, (max-width: 525px) 100vw, 525px\" \/>\t\t\t\t\t\t\t\t\t\t\t\t\t\t\t<\/div>\n\t\t\t\t<\/div>\n\t\t\t\t\t<\/div>\n\t\t<\/div>\n\t\t\t\t\t\t\t<\/div>\n\t\t<\/section>\n\t\t\t\t<section class=\"elementor-section elementor-top-section elementor-element elementor-element-6d47e71 elementor-section-boxed elementor-section-height-default elementor-section-height-default\" data-id=\"6d47e71\" data-element_type=\"section\">\n\t\t\t\t\t\t<div class=\"elementor-container elementor-column-gap-default\">\n\t\t\t\t\t<div class=\"elementor-column elementor-col-100 elementor-top-column elementor-element elementor-element-287560c\" data-id=\"287560c\" data-element_type=\"column\">\n\t\t\t<div class=\"elementor-widget-wrap elementor-element-populated\">\n\t\t\t\t\t\t\t\t<div class=\"elementor-element elementor-element-9f66789 elementor-widget elementor-widget-heading\" data-id=\"9f66789\" data-element_type=\"widget\" data-widget_type=\"heading.default\">\n\t\t\t\t<div class=\"elementor-widget-container\">\n\t\t\t<h2 class=\"elementor-heading-title elementor-size-default\">Paquete <\/h2>\t\t<\/div>\n\t\t\t\t<\/div>\n\t\t\t\t\t<\/div>\n\t\t<\/div>\n\t\t\t\t\t\t\t<\/div>\n\t\t<\/section>\n\t\t\t\t<section class=\"elementor-section elementor-top-section elementor-element elementor-element-e38f97c elementor-section-boxed elementor-section-height-default elementor-section-height-default\" data-id=\"e38f97c\" data-element_type=\"section\">\n\t\t\t\t\t\t<div class=\"elementor-container elementor-column-gap-default\">\n\t\t\t\t\t<div class=\"elementor-column elementor-col-50 elementor-top-column elementor-element elementor-element-e52b2b9\" data-id=\"e52b2b9\" data-element_type=\"column\">\n\t\t\t<div class=\"elementor-widget-wrap elementor-element-populated\">\n\t\t\t\t\t\t\t\t<div class=\"elementor-element elementor-element-7334a3b elementor-widget elementor-widget-image\" data-id=\"7334a3b\" data-element_type=\"widget\" data-widget_type=\"image.default\">\n\t\t\t\t<div class=\"elementor-widget-container\">\n\t\t\t\t\t\t\t\t\t\t\t\t\t\t\t<img loading=\"lazy\" decoding=\"async\" width=\"525\" height=\"525\" src=\"https:\/\/everstarsafety.com\/wp-content\/uploads\/2024\/11\/\u8611\u83c7\u5934\u9053\u9489\u526f\u56fe3.jpg\" class=\"attachment-large size-large\" alt=\"\" srcset=\"https:\/\/everstarsafety.com\/wp-content\/uploads\/2024\/11\/\u8611\u83c7\u5934\u9053\u9489\u526f\u56fe3.jpg 828w, https:\/\/everstarsafety.com\/wp-content\/uploads\/2024\/11\/\u8611\u83c7\u5934\u9053\u9489\u526f\u56fe3-300x300.jpg 300w, https:\/\/everstarsafety.com\/wp-content\/uploads\/2024\/11\/\u8611\u83c7\u5934\u9053\u9489\u526f\u56fe3-100x100.jpg 100w, https:\/\/everstarsafety.com\/wp-content\/uploads\/2024\/11\/\u8611\u83c7\u5934\u9053\u9489\u526f\u56fe3-600x600.jpg 600w, https:\/\/everstarsafety.com\/wp-content\/uploads\/2024\/11\/\u8611\u83c7\u5934\u9053\u9489\u526f\u56fe3-150x150.jpg 150w, https:\/\/everstarsafety.com\/wp-content\/uploads\/2024\/11\/\u8611\u83c7\u5934\u9053\u9489\u526f\u56fe3-768x768.jpg 768w\" sizes=\"auto, (max-width: 525px) 100vw, 525px\" \/>\t\t\t\t\t\t\t\t\t\t\t\t\t\t\t<\/div>\n\t\t\t\t<\/div>\n\t\t\t\t\t<\/div>\n\t\t<\/div>\n\t\t\t\t<div class=\"elementor-column elementor-col-50 elementor-top-column elementor-element elementor-element-f22f805\" data-id=\"f22f805\" data-element_type=\"column\">\n\t\t\t<div class=\"elementor-widget-wrap elementor-element-populated\">\n\t\t\t\t\t\t\t\t<div class=\"elementor-element elementor-element-3144a61 elementor-widget elementor-widget-image\" data-id=\"3144a61\" data-element_type=\"widget\" data-widget_type=\"image.default\">\n\t\t\t\t<div class=\"elementor-widget-container\">\n\t\t\t\t\t\t\t\t\t\t\t\t\t\t\t<img loading=\"lazy\" decoding=\"async\" width=\"525\" height=\"525\" src=\"https:\/\/everstarsafety.com\/wp-content\/uploads\/2024\/11\/\u8611\u83c7\u5934\u9053\u9489\u6253\u5305\u56fe1.jpg\" class=\"attachment-large size-large\" alt=\"\" srcset=\"https:\/\/everstarsafety.com\/wp-content\/uploads\/2024\/11\/\u8611\u83c7\u5934\u9053\u9489\u6253\u5305\u56fe1.jpg 828w, https:\/\/everstarsafety.com\/wp-content\/uploads\/2024\/11\/\u8611\u83c7\u5934\u9053\u9489\u6253\u5305\u56fe1-300x300.jpg 300w, https:\/\/everstarsafety.com\/wp-content\/uploads\/2024\/11\/\u8611\u83c7\u5934\u9053\u9489\u6253\u5305\u56fe1-100x100.jpg 100w, https:\/\/everstarsafety.com\/wp-content\/uploads\/2024\/11\/\u8611\u83c7\u5934\u9053\u9489\u6253\u5305\u56fe1-600x600.jpg 600w, https:\/\/everstarsafety.com\/wp-content\/uploads\/2024\/11\/\u8611\u83c7\u5934\u9053\u9489\u6253\u5305\u56fe1-150x150.jpg 150w, https:\/\/everstarsafety.com\/wp-content\/uploads\/2024\/11\/\u8611\u83c7\u5934\u9053\u9489\u6253\u5305\u56fe1-768x768.jpg 768w\" sizes=\"auto, (max-width: 525px) 100vw, 525px\" \/>\t\t\t\t\t\t\t\t\t\t\t\t\t\t\t<\/div>\n\t\t\t\t<\/div>\n\t\t\t\t\t<\/div>\n\t\t<\/div>\n\t\t\t\t\t\t\t<\/div>\n\t\t<\/section>\n\t\t\t\t\t\t\t<\/div>\n\t\t","protected":false},"excerpt":{"rendered":"<p>El taco de carretera de pl\u00e1stico ABS, tambi\u00e9n llamado marcador de pavimento tipo hongo, se utiliza ampliamente en el centro y los laterales de la carretera para recordar a los veh\u00edculos y pasajeros que conducen, especialmente de noche. <\/p>\n","protected":false},"featured_media":2631,"comment_status":"open","ping_status":"closed","template":"","meta":{"om_disable_all_campaigns":false,"_monsterinsights_skip_tracking":false,"_monsterinsights_sitenote_active":false,"_monsterinsights_sitenote_note":"","_monsterinsights_sitenote_category":0},"product_cat":[469,536,538],"product_tag":[693,694,723,740,783,780,702,692,781,782,784,706,703,701,707],"class_list":["post-5932","product","type-product","status-publish","has-post-thumbnail","hentry","product_cat-control-de-trafico","product_cat-road-stud","product_cat-tachas-de-plastico-para-carreteras","product_tag-marcador-de-carretera","product_tag-marcador-de-pavimento","product_tag-marcador-de-pavimento-2","product_tag-marcador-de-pavimento-elevado","product_tag-ojos-de-gato-de-carretera","product_tag-reflector-de-carretera","product_tag-seta-de-carretera","product_tag-tachas-de-carretera","product_tag-tachas-de-carretera-de-alta-visibilidad-2","product_tag-tachuela-de-seguridad-vial","product_tag-tachuela-solar-led-intermitente","product_tag-taco-de-plastico-para-carreteras","product_tag-taco-reflectante-para-carretera","product_tag-tacos-de-carretera-abs","product_tag-tacos-de-plastico-abs-para-carreteras"],"aioseo_notices":[],"_links":{"self":[{"href":"https:\/\/everstarsafety.com\/es\/wp-json\/wp\/v2\/product\/5932","targetHints":{"allow":["GET"]}}],"collection":[{"href":"https:\/\/everstarsafety.com\/es\/wp-json\/wp\/v2\/product"}],"about":[{"href":"https:\/\/everstarsafety.com\/es\/wp-json\/wp\/v2\/types\/product"}],"replies":[{"embeddable":true,"href":"https:\/\/everstarsafety.com\/es\/wp-json\/wp\/v2\/comments?post=5932"}],"version-history":[{"count":1,"href":"https:\/\/everstarsafety.com\/es\/wp-json\/wp\/v2\/product\/5932\/revisions"}],"predecessor-version":[{"id":5936,"href":"https:\/\/everstarsafety.com\/es\/wp-json\/wp\/v2\/product\/5932\/revisions\/5936"}],"wp:featuredmedia":[{"embeddable":true,"href":"https:\/\/everstarsafety.com\/es\/wp-json\/wp\/v2\/media\/2631"}],"wp:attachment":[{"href":"https:\/\/everstarsafety.com\/es\/wp-json\/wp\/v2\/media?parent=5932"}],"wp:term":[{"taxonomy":"product_cat","embeddable":true,"href":"https:\/\/everstarsafety.com\/es\/wp-json\/wp\/v2\/product_cat?post=5932"},{"taxonomy":"product_tag","embeddable":true,"href":"https:\/\/everstarsafety.com\/es\/wp-json\/wp\/v2\/product_tag?post=5932"}],"curies":[{"name":"wp","href":"https:\/\/api.w.org\/{rel}","templated":true}]}}