{"id":5937,"date":"2024-04-10T09:52:31","date_gmt":"2024-04-10T09:52:31","guid":{"rendered":"https:\/\/everstarsafety.com\/product\/cinta-de-marcacion-vial-reflectante-preformada\/"},"modified":"2025-12-11T06:32:58","modified_gmt":"2025-12-11T06:32:58","slug":"cinta-de-marcacion-vial-reflectante-preformada","status":"publish","type":"product","link":"https:\/\/everstarsafety.com\/es\/producto\/cinta-de-marcacion-vial-reflectante-preformada\/","title":{"rendered":"CINTA DE MARCACI\u00d3N VIAL REFLECTANTE PREFORMADA"},"content":{"rendered":"\t\t<div data-elementor-type=\"product-post\" data-elementor-id=\"5937\" class=\"elementor elementor-5937 elementor-2305\">\n\t\t\t\t\t\t\t\t\t<section class=\"elementor-section elementor-top-section elementor-element elementor-element-251e21b elementor-section-boxed elementor-section-height-default elementor-section-height-default\" data-id=\"251e21b\" data-element_type=\"section\">\n\t\t\t\t\t\t<div class=\"elementor-container elementor-column-gap-default\">\n\t\t\t\t\t<div class=\"elementor-column elementor-col-100 elementor-top-column elementor-element elementor-element-dbdaeed\" data-id=\"dbdaeed\" data-element_type=\"column\">\n\t\t\t<div class=\"elementor-widget-wrap elementor-element-populated\">\n\t\t\t\t\t\t\t\t<div class=\"elementor-element elementor-element-400f9ae elementor-widget elementor-widget-text-editor\" data-id=\"400f9ae\" data-element_type=\"widget\" data-widget_type=\"text-editor.default\">\n\t\t\t\t<div class=\"elementor-widget-container\">\n\t\t\t<style>\/*! elementor - v3.7.0 - 08-08-2022 *\/\n.elementor-widget-text-editor.elementor-drop-cap-view-stacked .elementor-drop-cap{background-color:#818a91;color:#fff}.elementor-widget-text-editor.elementor-drop-cap-view-framed .elementor-drop-cap{color:#818a91;border:3px solid;background-color:transparent}.elementor-widget-text-editor:not(.elementor-drop-cap-view-default) .elementor-drop-cap{margin-top:8px}.elementor-widget-text-editor:not(.elementor-drop-cap-view-default) .elementor-drop-cap-letter{width:1em;height:1em}.elementor-widget-text-editor .elementor-drop-cap{float:left;text-align:center;line-height:1;font-size:50px}.elementor-widget-text-editor .elementor-drop-cap-letter{display:inline-block}<\/style>\t\t\t\t<p>La cinta de se\u00f1alizaci\u00f3n vial preformada es una herramienta de se\u00f1alizaci\u00f3n vial eficiente y conveniente, la cinta de se\u00f1alizaci\u00f3n vial preformada se usa ampliamente en varios tipos de construcci\u00f3n de carreteras, se\u00f1alizaci\u00f3n de estacionamientos, almacenes, f\u00e1bricas, garajes subterr\u00e1neos y otros lugares que requieren se\u00f1alizaci\u00f3n.<\/p>\t\t\t\t\t\t<\/div>\n\t\t\t\t<\/div>\n\t\t\t\t\t<\/div>\n\t\t<\/div>\n\t\t\t\t\t\t\t<\/div>\n\t\t<\/section>\n\t\t\t\t<section class=\"elementor-section elementor-top-section elementor-element elementor-element-b022968 elementor-section-boxed elementor-section-height-default elementor-section-height-default\" data-id=\"b022968\" data-element_type=\"section\">\n\t\t\t\t\t\t<div class=\"elementor-container elementor-column-gap-default\">\n\t\t\t\t\t<div class=\"elementor-column elementor-col-100 elementor-top-column elementor-element elementor-element-7850868\" data-id=\"7850868\" data-element_type=\"column\">\n\t\t\t<div class=\"elementor-widget-wrap elementor-element-populated\">\n\t\t\t\t\t\t\t\t<div class=\"elementor-element elementor-element-d45452e elementor-widget elementor-widget-heading\" data-id=\"d45452e\" data-element_type=\"widget\" data-widget_type=\"heading.default\">\n\t\t\t\t<div class=\"elementor-widget-container\">\n\t\t\t<style>\/*! elementor - v3.7.0 - 08-08-2022 *\/\n.elementor-heading-title{padding:0;margin:0;line-height:1}.elementor-widget-heading .elementor-heading-title[class*=elementor-size-]>a{color:inherit;font-size:inherit;line-height:inherit}.elementor-widget-heading .elementor-heading-title.elementor-size-small{font-size:15px}.elementor-widget-heading .elementor-heading-title.elementor-size-medium{font-size:19px}.elementor-widget-heading .elementor-heading-title.elementor-size-large{font-size:29px}.elementor-widget-heading .elementor-heading-title.elementor-size-xl{font-size:39px}.elementor-widget-heading .elementor-heading-title.elementor-size-xxl{font-size:59px}<\/style><h2 class=\"elementor-heading-title elementor-size-default\"><h1 class=\"elementor-heading-title elementor-size-default elementor-inline-editing pen\" data-elementor-setting-key=\"title\" data-pen-placeholder=\"Type Here...\" style=\"font-family: var( --e-global-typography-primary-font-family ), Sans-serif; font-weight: var( --e-global-typography-primary-font-weight ); font-style: normal; text-align: center;\">Ventajas de la cinta de se\u00f1alizaci\u00f3n reflectante preformada<\/h1><\/h2>\t\t<\/div>\n\t\t\t\t<\/div>\n\t\t\t\t\t<\/div>\n\t\t<\/div>\n\t\t\t\t\t\t\t<\/div>\n\t\t<\/section>\n\t\t\t\t<section class=\"elementor-section elementor-top-section elementor-element elementor-element-d4fb08a elementor-section-boxed elementor-section-height-default elementor-section-height-default\" data-id=\"d4fb08a\" data-element_type=\"section\">\n\t\t\t\t\t\t<div class=\"elementor-container elementor-column-gap-default\">\n\t\t\t\t\t<div class=\"elementor-column elementor-col-100 elementor-top-column elementor-element elementor-element-c90ee6c\" data-id=\"c90ee6c\" data-element_type=\"column\">\n\t\t\t<div class=\"elementor-widget-wrap elementor-element-populated\">\n\t\t\t\t\t\t\t\t<div class=\"elementor-element elementor-element-68522a4 elementor-widget elementor-widget-text-editor\" data-id=\"68522a4\" data-element_type=\"widget\" data-widget_type=\"text-editor.default\">\n\t\t\t\t<div class=\"elementor-widget-container\">\n\t\t\t\t\t\t\t<ol><li>Alto rendimiento reflectante: la cinta de se\u00f1alizaci\u00f3n reflectante preformada est\u00e1 hecha de materiales reflectantes especiales y tiene excelentes propiedades reflectantes, lo que puede proporcionar un efecto de advertencia obvio por la noche o en condiciones de poca luz.<\/li><li>Gran durabilidad: la cinta de marcado reflectante preformada ha sido tratada especialmente y tiene una fuerte resistencia al desgaste, a la intemperie, a la corrosi\u00f3n y otras propiedades, y puede mantener la claridad y el efecto reflectante de la marca durante mucho tiempo en entornos naturales hostiles.<\/li><li>F\u00e1cil instalaci\u00f3n: La cinta reflectante preformada cuenta con un dise\u00f1o preformado. Durante la instalaci\u00f3n, solo necesita pegarla en la carretera, sin necesidad de tecnolog\u00eda ni equipos de construcci\u00f3n complejos. <\/li><\/ol>\t\t\t\t\t\t<\/div>\n\t\t\t\t<\/div>\n\t\t\t\t\t<\/div>\n\t\t<\/div>\n\t\t\t\t\t\t\t<\/div>\n\t\t<\/section>\n\t\t\t\t<section class=\"elementor-section elementor-top-section elementor-element elementor-element-2176179 elementor-section-boxed elementor-section-height-default elementor-section-height-default\" data-id=\"2176179\" data-element_type=\"section\">\n\t\t\t\t\t\t<div class=\"elementor-container elementor-column-gap-default\">\n\t\t\t\t\t<div class=\"elementor-column elementor-col-100 elementor-top-column elementor-element elementor-element-230be8d\" data-id=\"230be8d\" data-element_type=\"column\">\n\t\t\t<div class=\"elementor-widget-wrap elementor-element-populated\">\n\t\t\t\t\t\t\t\t<div class=\"elementor-element elementor-element-7263e28 elementor-widget elementor-widget-heading\" data-id=\"7263e28\" data-element_type=\"widget\" data-widget_type=\"heading.default\">\n\t\t\t\t<div class=\"elementor-widget-container\">\n\t\t\t<h2 class=\"elementor-heading-title elementor-size-default\"><h1 class=\"elementor-heading-title elementor-size-default elementor-inline-editing pen\" data-elementor-setting-key=\"title\" data-pen-placeholder=\"Type Here...\" style=\"font-family: var( --e-global-typography-primary-font-family ), Sans-serif; font-weight: var( --e-global-typography-primary-font-weight ); font-style: normal; text-align: center;\">Especificaci\u00f3n del producto<\/h1><\/h2>\t\t<\/div>\n\t\t\t\t<\/div>\n\t\t\t\t\t<\/div>\n\t\t<\/div>\n\t\t\t\t\t\t\t<\/div>\n\t\t<\/section>\n\t\t\t\t<section class=\"elementor-section elementor-top-section elementor-element elementor-element-8c9faa9 elementor-section-boxed elementor-section-height-default elementor-section-height-default\" data-id=\"8c9faa9\" data-element_type=\"section\">\n\t\t\t\t\t\t<div class=\"elementor-container elementor-column-gap-default\">\n\t\t\t\t\t<div class=\"elementor-column elementor-col-100 elementor-top-column elementor-element elementor-element-418262b\" data-id=\"418262b\" data-element_type=\"column\">\n\t\t\t<div class=\"elementor-widget-wrap elementor-element-populated\">\n\t\t\t\t\t\t\t\t<div class=\"elementor-element elementor-element-5de9b88 elementor-widget elementor-widget-text-editor\" data-id=\"5de9b88\" data-element_type=\"widget\" data-widget_type=\"text-editor.default\">\n\t\t\t\t<div class=\"elementor-widget-container\">\n\t\t\t\t\t\t\t<ul><li> <\/li><\/ul><table><tbody><tr><td width=\"277\"><p>Thickness<\/p><\/td><td width=\"277\"><p>0.5mm, 1.6mm, 1.8mm<\/p><\/td><\/tr><tr><td width=\"277\"><p>Color<\/p><\/td><td width=\"277\"><p>White, Yellow, Blue, Red, Black<\/p><\/td><\/tr><tr><td width=\"277\"><p>Tipo<\/p><\/td><td width=\"277\"><p>Antideslizantes, antisuciedad, perlas de vidrio planas, perlas de vidrio convexas<\/p><\/td><\/tr><tr><td width=\"277\"><p>Solicitud<\/p><\/td><td width=\"277\"><p>Uso temporal, uso en construcci\u00f3n de carreteras, uso en aeropuertos, uso en f\u00e1bricas, uso en se\u00f1ales para convenciones y deportes, se\u00f1ales de direcci\u00f3n, estacionamientos,<\/p><\/td><\/tr><\/tbody><\/table>\t\t\t\t\t\t<\/div>\n\t\t\t\t<\/div>\n\t\t\t\t\t<\/div>\n\t\t<\/div>\n\t\t\t\t\t\t\t<\/div>\n\t\t<\/section>\n\t\t\t\t<section class=\"elementor-section elementor-top-section elementor-element elementor-element-d133d1a elementor-section-boxed elementor-section-height-default elementor-section-height-default\" data-id=\"d133d1a\" data-element_type=\"section\">\n\t\t\t\t\t\t<div class=\"elementor-container elementor-column-gap-default\">\n\t\t\t\t\t<div class=\"elementor-column elementor-col-100 elementor-top-column elementor-element elementor-element-bf19b66\" data-id=\"bf19b66\" data-element_type=\"column\">\n\t\t\t<div class=\"elementor-widget-wrap elementor-element-populated\">\n\t\t\t\t\t\t\t\t<div class=\"elementor-element elementor-element-e64f055 elementor-widget elementor-widget-heading\" data-id=\"e64f055\" data-element_type=\"widget\" data-widget_type=\"heading.default\">\n\t\t\t\t<div class=\"elementor-widget-container\">\n\t\t\t<h2 class=\"elementor-heading-title elementor-size-default\"><h1 class=\"elementor-heading-title elementor-size-default elementor-inline-editing pen\" data-elementor-setting-key=\"title\" data-pen-placeholder=\"Type Here...\" style=\"font-family: var( --e-global-typography-primary-font-family ), Sans-serif; font-weight: var( --e-global-typography-primary-font-weight ); font-style: normal; text-align: center;\">Exhibici\u00f3n del producto<\/h1><\/h2>\t\t<\/div>\n\t\t\t\t<\/div>\n\t\t\t\t\t<\/div>\n\t\t<\/div>\n\t\t\t\t\t\t\t<\/div>\n\t\t<\/section>\n\t\t\t\t<section class=\"elementor-section elementor-top-section elementor-element elementor-element-6402131 elementor-section-boxed elementor-section-height-default elementor-section-height-default\" data-id=\"6402131\" data-element_type=\"section\">\n\t\t\t\t\t\t<div class=\"elementor-container elementor-column-gap-default\">\n\t\t\t\t\t<div class=\"elementor-column elementor-col-100 elementor-top-column elementor-element elementor-element-e02eeb1\" data-id=\"e02eeb1\" data-element_type=\"column\">\n\t\t\t<div class=\"elementor-widget-wrap elementor-element-populated\">\n\t\t\t\t\t\t\t\t<div class=\"elementor-element elementor-element-20dedc1 elementor-widget elementor-widget-image\" data-id=\"20dedc1\" data-element_type=\"widget\" data-widget_type=\"image.default\">\n\t\t\t\t<div class=\"elementor-widget-container\">\n\t\t\t<style>\/*! elementor - v3.7.0 - 08-08-2022 *\/\n.elementor-widget-image{text-align:center}.elementor-widget-image a{display:inline-block}.elementor-widget-image a img[src$=\".svg\"]{width:48px}.elementor-widget-image img{vertical-align:middle;display:inline-block}<\/style>\t\t\t\t\t\t\t\t\t\t\t\t<img loading=\"lazy\" decoding=\"async\" width=\"525\" height=\"787\" src=\"https:\/\/everstarsafety.com\/wp-content\/uploads\/2024\/04\/\u8be6\u60c5\u9875-683x1024.jpg\" class=\"attachment-large size-large\" alt=\"\" srcset=\"https:\/\/everstarsafety.com\/wp-content\/uploads\/2024\/04\/\u8be6\u60c5\u9875-683x1024.jpg 683w, https:\/\/everstarsafety.com\/wp-content\/uploads\/2024\/04\/\u8be6\u60c5\u9875-600x900.jpg 600w, https:\/\/everstarsafety.com\/wp-content\/uploads\/2024\/04\/\u8be6\u60c5\u9875-200x300.jpg 200w, https:\/\/everstarsafety.com\/wp-content\/uploads\/2024\/04\/\u8be6\u60c5\u9875-768x1152.jpg 768w, https:\/\/everstarsafety.com\/wp-content\/uploads\/2024\/04\/\u8be6\u60c5\u9875.jpg 1000w\" sizes=\"auto, (max-width: 525px) 100vw, 525px\" \/>\t\t\t\t\t\t\t\t\t\t\t\t\t\t\t<\/div>\n\t\t\t\t<\/div>\n\t\t\t\t<div class=\"elementor-element elementor-element-72e2d0a elementor-widget elementor-widget-image\" data-id=\"72e2d0a\" data-element_type=\"widget\" data-widget_type=\"image.default\">\n\t\t\t\t<div class=\"elementor-widget-container\">\n\t\t\t\t\t\t\t\t\t\t\t\t\t\t\t<img loading=\"lazy\" decoding=\"async\" width=\"525\" height=\"700\" src=\"https:\/\/everstarsafety.com\/wp-content\/uploads\/2024\/04\/\u8be6\u60c5\u98751_\u526f\u672c.jpg\" class=\"attachment-large size-large\" alt=\"\" srcset=\"https:\/\/everstarsafety.com\/wp-content\/uploads\/2024\/04\/\u8be6\u60c5\u98751_\u526f\u672c.jpg 750w, https:\/\/everstarsafety.com\/wp-content\/uploads\/2024\/04\/\u8be6\u60c5\u98751_\u526f\u672c-600x800.jpg 600w, https:\/\/everstarsafety.com\/wp-content\/uploads\/2024\/04\/\u8be6\u60c5\u98751_\u526f\u672c-225x300.jpg 225w\" sizes=\"auto, (max-width: 525px) 100vw, 525px\" \/>\t\t\t\t\t\t\t\t\t\t\t\t\t\t\t<\/div>\n\t\t\t\t<\/div>\n\t\t\t\t<div class=\"elementor-element elementor-element-c260840 elementor-widget elementor-widget-image\" data-id=\"c260840\" data-element_type=\"widget\" data-widget_type=\"image.default\">\n\t\t\t\t<div class=\"elementor-widget-container\">\n\t\t\t\t\t\t\t\t\t\t\t\t\t\t\t<img loading=\"lazy\" decoding=\"async\" width=\"525\" height=\"525\" src=\"https:\/\/everstarsafety.com\/wp-content\/uploads\/2024\/04\/\u4e3b\u56fe-3.jpg\" class=\"attachment-large size-large\" alt=\"\" srcset=\"https:\/\/everstarsafety.com\/wp-content\/uploads\/2024\/04\/\u4e3b\u56fe-3.jpg 800w, https:\/\/everstarsafety.com\/wp-content\/uploads\/2024\/04\/\u4e3b\u56fe-3-300x300.jpg 300w, https:\/\/everstarsafety.com\/wp-content\/uploads\/2024\/04\/\u4e3b\u56fe-3-100x100.jpg 100w, https:\/\/everstarsafety.com\/wp-content\/uploads\/2024\/04\/\u4e3b\u56fe-3-600x600.jpg 600w, https:\/\/everstarsafety.com\/wp-content\/uploads\/2024\/04\/\u4e3b\u56fe-3-150x150.jpg 150w, https:\/\/everstarsafety.com\/wp-content\/uploads\/2024\/04\/\u4e3b\u56fe-3-768x768.jpg 768w, https:\/\/everstarsafety.com\/wp-content\/uploads\/2024\/04\/\u4e3b\u56fe-3-53x53.jpg 53w\" sizes=\"auto, (max-width: 525px) 100vw, 525px\" \/>\t\t\t\t\t\t\t\t\t\t\t\t\t\t\t<\/div>\n\t\t\t\t<\/div>\n\t\t\t\t<div class=\"elementor-element elementor-element-4c8316e elementor-widget elementor-widget-image\" data-id=\"4c8316e\" data-element_type=\"widget\" data-widget_type=\"image.default\">\n\t\t\t\t<div class=\"elementor-widget-container\">\n\t\t\t\t\t\t\t\t\t\t\t\t\t\t\t<img loading=\"lazy\" decoding=\"async\" width=\"525\" height=\"525\" src=\"https:\/\/everstarsafety.com\/wp-content\/uploads\/2024\/04\/\u4e3b\u56fe-1.jpg\" class=\"attachment-large size-large\" alt=\"\" srcset=\"https:\/\/everstarsafety.com\/wp-content\/uploads\/2024\/04\/\u4e3b\u56fe-1.jpg 800w, https:\/\/everstarsafety.com\/wp-content\/uploads\/2024\/04\/\u4e3b\u56fe-1-300x300.jpg 300w, https:\/\/everstarsafety.com\/wp-content\/uploads\/2024\/04\/\u4e3b\u56fe-1-100x100.jpg 100w, https:\/\/everstarsafety.com\/wp-content\/uploads\/2024\/04\/\u4e3b\u56fe-1-600x600.jpg 600w, https:\/\/everstarsafety.com\/wp-content\/uploads\/2024\/04\/\u4e3b\u56fe-1-150x150.jpg 150w, https:\/\/everstarsafety.com\/wp-content\/uploads\/2024\/04\/\u4e3b\u56fe-1-768x768.jpg 768w, https:\/\/everstarsafety.com\/wp-content\/uploads\/2024\/04\/\u4e3b\u56fe-1-53x53.jpg 53w\" sizes=\"auto, (max-width: 525px) 100vw, 525px\" \/>\t\t\t\t\t\t\t\t\t\t\t\t\t\t\t<\/div>\n\t\t\t\t<\/div>\n\t\t\t\t<div class=\"elementor-element elementor-element-3f9d160 elementor-widget elementor-widget-image\" data-id=\"3f9d160\" data-element_type=\"widget\" data-widget_type=\"image.default\">\n\t\t\t\t<div class=\"elementor-widget-container\">\n\t\t\t\t\t\t\t\t\t\t\t\t\t\t\t<img loading=\"lazy\" decoding=\"async\" width=\"525\" height=\"525\" src=\"https:\/\/everstarsafety.com\/wp-content\/uploads\/2024\/04\/\u4e3b\u56fe-5.jpg\" class=\"attachment-large size-large\" alt=\"\" srcset=\"https:\/\/everstarsafety.com\/wp-content\/uploads\/2024\/04\/\u4e3b\u56fe-5.jpg 800w, https:\/\/everstarsafety.com\/wp-content\/uploads\/2024\/04\/\u4e3b\u56fe-5-300x300.jpg 300w, https:\/\/everstarsafety.com\/wp-content\/uploads\/2024\/04\/\u4e3b\u56fe-5-100x100.jpg 100w, https:\/\/everstarsafety.com\/wp-content\/uploads\/2024\/04\/\u4e3b\u56fe-5-600x600.jpg 600w, https:\/\/everstarsafety.com\/wp-content\/uploads\/2024\/04\/\u4e3b\u56fe-5-150x150.jpg 150w, https:\/\/everstarsafety.com\/wp-content\/uploads\/2024\/04\/\u4e3b\u56fe-5-768x768.jpg 768w, https:\/\/everstarsafety.com\/wp-content\/uploads\/2024\/04\/\u4e3b\u56fe-5-53x53.jpg 53w\" sizes=\"auto, (max-width: 525px) 100vw, 525px\" \/>\t\t\t\t\t\t\t\t\t\t\t\t\t\t\t<\/div>\n\t\t\t\t<\/div>\n\t\t\t\t<div class=\"elementor-element elementor-element-368d049 elementor-widget elementor-widget-image\" data-id=\"368d049\" data-element_type=\"widget\" data-widget_type=\"image.default\">\n\t\t\t\t<div class=\"elementor-widget-container\">\n\t\t\t\t\t\t\t\t\t\t\t\t\t\t\t<img loading=\"lazy\" decoding=\"async\" width=\"525\" height=\"700\" src=\"https:\/\/everstarsafety.com\/wp-content\/uploads\/2024\/04\/\u751f\u4ea7\u7167\u72471-768x1024.jpg\" class=\"attachment-large size-large\" alt=\"\" srcset=\"https:\/\/everstarsafety.com\/wp-content\/uploads\/2024\/04\/\u751f\u4ea7\u7167\u72471-768x1024.jpg 768w, https:\/\/everstarsafety.com\/wp-content\/uploads\/2024\/04\/\u751f\u4ea7\u7167\u72471-600x800.jpg 600w, https:\/\/everstarsafety.com\/wp-content\/uploads\/2024\/04\/\u751f\u4ea7\u7167\u72471-225x300.jpg 225w, https:\/\/everstarsafety.com\/wp-content\/uploads\/2024\/04\/\u751f\u4ea7\u7167\u72471.jpg 1080w\" sizes=\"auto, (max-width: 525px) 100vw, 525px\" \/>\t\t\t\t\t\t\t\t\t\t\t\t\t\t\t<\/div>\n\t\t\t\t<\/div>\n\t\t\t\t<div class=\"elementor-element elementor-element-20cb962 elementor-widget elementor-widget-image\" data-id=\"20cb962\" data-element_type=\"widget\" data-widget_type=\"image.default\">\n\t\t\t\t<div class=\"elementor-widget-container\">\n\t\t\t\t\t\t\t\t\t\t\t\t\t\t\t<img loading=\"lazy\" decoding=\"async\" width=\"525\" height=\"700\" src=\"https:\/\/everstarsafety.com\/wp-content\/uploads\/2024\/04\/\u51f8\u8d77\u6807\u7ebf\u5e26-768x1024.jpg\" class=\"attachment-large size-large\" alt=\"\" srcset=\"https:\/\/everstarsafety.com\/wp-content\/uploads\/2024\/04\/\u51f8\u8d77\u6807\u7ebf\u5e26-768x1024.jpg 768w, https:\/\/everstarsafety.com\/wp-content\/uploads\/2024\/04\/\u51f8\u8d77\u6807\u7ebf\u5e26-600x800.jpg 600w, https:\/\/everstarsafety.com\/wp-content\/uploads\/2024\/04\/\u51f8\u8d77\u6807\u7ebf\u5e26-225x300.jpg 225w, https:\/\/everstarsafety.com\/wp-content\/uploads\/2024\/04\/\u51f8\u8d77\u6807\u7ebf\u5e26.jpg 1080w\" sizes=\"auto, (max-width: 525px) 100vw, 525px\" \/>\t\t\t\t\t\t\t\t\t\t\t\t\t\t\t<\/div>\n\t\t\t\t<\/div>\n\t\t\t\t\t<\/div>\n\t\t<\/div>\n\t\t\t\t\t\t\t<\/div>\n\t\t<\/section>\n\t\t\t\t\t\t\t<\/div>\n\t\t","protected":false},"excerpt":{"rendered":"<p class=\"product_title entry-title elementor-heading-title elementor-size-default\">La cinta de se\u00f1alizaci\u00f3n vial preformada es una herramienta de se\u00f1alizaci\u00f3n vial eficiente y conveniente, la cinta de se\u00f1alizaci\u00f3n vial preformada se usa ampliamente en varios tipos de construcci\u00f3n de carreteras, se\u00f1alizaci\u00f3n de estacionamientos, almacenes, f\u00e1bricas, garajes subterr\u00e1neos y otros lugares que requieren se\u00f1alizaci\u00f3n.<\/p>\n","protected":false},"featured_media":2311,"comment_status":"open","ping_status":"closed","template":"","meta":{"om_disable_all_campaigns":false,"_monsterinsights_skip_tracking":false,"_monsterinsights_sitenote_active":false,"_monsterinsights_sitenote_note":"","_monsterinsights_sitenote_category":0},"product_cat":[469,525],"product_tag":[785,786,787],"class_list":["post-5937","product","type-product","status-publish","has-post-thumbnail","hentry","product_cat-control-de-trafico","product_cat-cinta-reflectante-preformada-para-senalizacion-vial","product_tag-cinta-de-senalizacion-vial","product_tag-cinta-de-senalizacion-vial-preformada","product_tag-cinta-reflectante-para-senalizacion-vial"],"aioseo_notices":[],"_links":{"self":[{"href":"https:\/\/everstarsafety.com\/es\/wp-json\/wp\/v2\/product\/5937","targetHints":{"allow":["GET"]}}],"collection":[{"href":"https:\/\/everstarsafety.com\/es\/wp-json\/wp\/v2\/product"}],"about":[{"href":"https:\/\/everstarsafety.com\/es\/wp-json\/wp\/v2\/types\/product"}],"replies":[{"embeddable":true,"href":"https:\/\/everstarsafety.com\/es\/wp-json\/wp\/v2\/comments?post=5937"}],"version-history":[{"count":1,"href":"https:\/\/everstarsafety.com\/es\/wp-json\/wp\/v2\/product\/5937\/revisions"}],"predecessor-version":[{"id":5938,"href":"https:\/\/everstarsafety.com\/es\/wp-json\/wp\/v2\/product\/5937\/revisions\/5938"}],"wp:featuredmedia":[{"embeddable":true,"href":"https:\/\/everstarsafety.com\/es\/wp-json\/wp\/v2\/media\/2311"}],"wp:attachment":[{"href":"https:\/\/everstarsafety.com\/es\/wp-json\/wp\/v2\/media?parent=5937"}],"wp:term":[{"taxonomy":"product_cat","embeddable":true,"href":"https:\/\/everstarsafety.com\/es\/wp-json\/wp\/v2\/product_cat?post=5937"},{"taxonomy":"product_tag","embeddable":true,"href":"https:\/\/everstarsafety.com\/es\/wp-json\/wp\/v2\/product_tag?post=5937"}],"curies":[{"name":"wp","href":"https:\/\/api.w.org\/{rel}","templated":true}]}}