{"id":5969,"date":"2023-09-22T09:13:45","date_gmt":"2023-09-22T09:13:45","guid":{"rendered":"https:\/\/everstarsafety.com\/product\/espejo-convexo-de-acero-inoxidable\/"},"modified":"2025-12-11T06:39:51","modified_gmt":"2025-12-11T06:39:51","slug":"espejo-convexo-de-acero-inoxidable","status":"publish","type":"product","link":"https:\/\/everstarsafety.com\/es\/producto\/espejo-convexo-de-acero-inoxidable\/","title":{"rendered":"Espejo convexo de acero inoxidable"},"content":{"rendered":"\t\t<div data-elementor-type=\"product-post\" data-elementor-id=\"5969\" class=\"elementor elementor-5969 elementor-2135\">\n\t\t\t\t\t\t\t\t\t<section class=\"elementor-section elementor-top-section elementor-element elementor-element-9f01c56 elementor-section-boxed elementor-section-height-default elementor-section-height-default\" data-id=\"9f01c56\" data-element_type=\"section\">\n\t\t\t\t\t\t<div class=\"elementor-container elementor-column-gap-default\">\n\t\t\t\t\t<div class=\"elementor-column elementor-col-100 elementor-top-column elementor-element elementor-element-e0ca8c0\" data-id=\"e0ca8c0\" data-element_type=\"column\">\n\t\t\t<div class=\"elementor-widget-wrap elementor-element-populated\">\n\t\t\t\t\t\t\t\t<div class=\"elementor-element elementor-element-18733e5 elementor-widget elementor-widget-heading\" data-id=\"18733e5\" data-element_type=\"widget\" data-widget_type=\"heading.default\">\n\t\t\t\t<div class=\"elementor-widget-container\">\n\t\t\t<style>\/*! elementor - v3.7.0 - 08-08-2022 *\/\n.elementor-heading-title{padding:0;margin:0;line-height:1}.elementor-widget-heading .elementor-heading-title[class*=elementor-size-]>a{color:inherit;font-size:inherit;line-height:inherit}.elementor-widget-heading .elementor-heading-title.elementor-size-small{font-size:15px}.elementor-widget-heading .elementor-heading-title.elementor-size-medium{font-size:19px}.elementor-widget-heading .elementor-heading-title.elementor-size-large{font-size:29px}.elementor-widget-heading .elementor-heading-title.elementor-size-xl{font-size:39px}.elementor-widget-heading .elementor-heading-title.elementor-size-xxl{font-size:59px}<\/style><h2 class=\"elementor-heading-title elementor-size-default\">Definici\u00f3n<\/h2>\t\t<\/div>\n\t\t\t\t<\/div>\n\t\t\t\t\t<\/div>\n\t\t<\/div>\n\t\t\t\t\t\t\t<\/div>\n\t\t<\/section>\n\t\t\t\t<section class=\"elementor-section elementor-top-section elementor-element elementor-element-3107484e elementor-section-boxed elementor-section-height-default elementor-section-height-default\" data-id=\"3107484e\" data-element_type=\"section\">\n\t\t\t\t\t\t<div class=\"elementor-container elementor-column-gap-default\">\n\t\t\t\t\t<div class=\"elementor-column elementor-col-100 elementor-top-column elementor-element elementor-element-44f328aa\" data-id=\"44f328aa\" data-element_type=\"column\">\n\t\t\t<div class=\"elementor-widget-wrap elementor-element-populated\">\n\t\t\t\t\t\t\t\t<div class=\"elementor-element elementor-element-26fa6097 elementor-widget elementor-widget-text-editor\" data-id=\"26fa6097\" data-element_type=\"widget\" data-widget_type=\"text-editor.default\">\n\t\t\t\t<div class=\"elementor-widget-container\">\n\t\t\t<style>\/*! elementor - v3.7.0 - 08-08-2022 *\/\n.elementor-widget-text-editor.elementor-drop-cap-view-stacked .elementor-drop-cap{background-color:#818a91;color:#fff}.elementor-widget-text-editor.elementor-drop-cap-view-framed .elementor-drop-cap{color:#818a91;border:3px solid;background-color:transparent}.elementor-widget-text-editor:not(.elementor-drop-cap-view-default) .elementor-drop-cap{margin-top:8px}.elementor-widget-text-editor:not(.elementor-drop-cap-view-default) .elementor-drop-cap-letter{width:1em;height:1em}.elementor-widget-text-editor .elementor-drop-cap{float:left;text-align:center;line-height:1;font-size:50px}.elementor-widget-text-editor .elementor-drop-cap-letter{display:inline-block}<\/style>\t\t\t\t<p>Los espejos reflectantes, tambi\u00e9n conocidos como espejos convexos, espejos gran angular y espejos giratorios, ampl\u00edan la visi\u00f3n, regulan el paso de peatones y veh\u00edculos, y mejoran el orden del tr\u00e1fico. Se utilizan principalmente en diversas curvas e intersecciones.  <\/p><p>Pueden ampliar el campo de visi\u00f3n del conductor y detectar con antelaci\u00f3n los veh\u00edculos en el sentido contrario de la curva, reduciendo as\u00ed la incidencia de accidentes de tr\u00e1fico. Tambi\u00e9n se utilizan para la prevenci\u00f3n de robos en supermercados y la monitorizaci\u00f3n de puntos ciegos. <\/p><p>Talleres, empresas, instituciones y laboratorios pueden regular el flujo de personal para garantizar la seguridad vial y ampliar la visibilidad. Instalar este producto en estacionamientos subterr\u00e1neos, estaciones de metro, esquinas, carreteras de monta\u00f1a, calles residenciales, f\u00e1bricas y talleres puede evitar que los veh\u00edculos giren y comprender a tiempo la situaci\u00f3n al otro lado de la v\u00eda para evitar colisiones con veh\u00edculos que se aproximan. Instalado en puntos ciegos de supermercados, tiendas, centros comerciales, etc., permite que el personal pueda monitorear el lugar y contribuye a prevenir robos.  <\/p><p>El espejo convexo de acero inoxidable cuenta con una lente de acero inoxidable SUS 304 y un respaldo de acero galvanizado por inmersi\u00f3n en caliente. Este espejo de acero inoxidable SUS 304 es resistente a la intemperie, a las inclemencias del tiempo y tiene una larga vida \u00fatil. El panel trasero es de acero galvanizado, un material fuerte, indeformable, resistente a la intemperie y a la corrosi\u00f3n.  <\/p>\t\t\t\t\t\t<\/div>\n\t\t\t\t<\/div>\n\t\t\t\t<div class=\"elementor-element elementor-element-ecce5d4 elementor-widget elementor-widget-image\" data-id=\"ecce5d4\" data-element_type=\"widget\" data-widget_type=\"image.default\">\n\t\t\t\t<div class=\"elementor-widget-container\">\n\t\t\t<style>\/*! elementor - v3.7.0 - 08-08-2022 *\/\n.elementor-widget-image{text-align:center}.elementor-widget-image a{display:inline-block}.elementor-widget-image a img[src$=\".svg\"]{width:48px}.elementor-widget-image img{vertical-align:middle;display:inline-block}<\/style>\t\t\t\t\t\t\t\t\t\t\t\t<img loading=\"lazy\" decoding=\"async\" width=\"525\" height=\"349\" src=\"https:\/\/everstarsafety.com\/wp-content\/uploads\/2023\/09\/stainless-steel-convex-mirror-application-photo-1.png\" class=\"attachment-large size-large\" alt=\"Foto de aplicaci\u00f3n de espejo convexo de acero inoxidable (1)\" srcset=\"https:\/\/everstarsafety.com\/wp-content\/uploads\/2023\/09\/stainless-steel-convex-mirror-application-photo-1.png 678w, https:\/\/everstarsafety.com\/wp-content\/uploads\/2023\/09\/stainless-steel-convex-mirror-application-photo-1-600x399.png 600w, https:\/\/everstarsafety.com\/wp-content\/uploads\/2023\/09\/stainless-steel-convex-mirror-application-photo-1-300x200.png 300w\" sizes=\"auto, (max-width: 525px) 100vw, 525px\" \/>\t\t\t\t\t\t\t\t\t\t\t\t\t\t\t<\/div>\n\t\t\t\t<\/div>\n\t\t\t\t<div class=\"elementor-element elementor-element-6b67f46 elementor-widget elementor-widget-heading\" data-id=\"6b67f46\" data-element_type=\"widget\" data-widget_type=\"heading.default\">\n\t\t\t\t<div class=\"elementor-widget-container\">\n\t\t\t<h2 class=\"elementor-heading-title elementor-size-default\">Especificaci\u00f3n<\/h2>\t\t<\/div>\n\t\t\t\t<\/div>\n\t\t\t\t<div class=\"elementor-element elementor-element-9857a7e elementor-widget elementor-widget-text-editor\" data-id=\"9857a7e\" data-element_type=\"widget\" data-widget_type=\"text-editor.default\">\n\t\t\t\t<div class=\"elementor-widget-container\">\n\t\t\t\t\t\t\t<table width=\"741\"><tbody><tr><td colspan=\"2\" width=\"741\"><p>Espejo convexo de acero inoxidable<\/p><\/td><\/tr><tr><td width=\"247\"><p>Material de la lente del espejo<\/p><\/td><td width=\"494\"><p>Lente de espejo de acero inoxidable de material SUS 304<\/p><\/td><\/tr><tr><td width=\"247\"><p>Material del respaldo del espejo<\/p><\/td><td width=\"494\"><p>Parte posterior del espejo de acero galvanizado en caliente<\/p><\/td><\/tr><tr><td width=\"247\"><p>Tama\u00f1o<\/p><\/td><td width=\"494\"><p>30cm, 45cm, 60cm, 80cm, 100cm<\/p><\/td><\/tr><tr><td width=\"247\"><p>Accesorio<\/p><\/td><td width=\"494\"><p>Soportes de instalaci\u00f3n de acero galvanizado<\/p><\/td><\/tr><tr><td width=\"247\"><p>Aplicaciones<\/p><\/td><td width=\"494\"><p>Aparcamientos, aparcamientos subterr\u00e1neos, estaciones de metro, esquinas de carreteras, carreteras de monta\u00f1a, calles residenciales, f\u00e1bricas, talleres.<\/p><\/td><\/tr><\/tbody><\/table>\t\t\t\t\t\t<\/div>\n\t\t\t\t<\/div>\n\t\t\t\t\t<\/div>\n\t\t<\/div>\n\t\t\t\t\t\t\t<\/div>\n\t\t<\/section>\n\t\t\t\t<section class=\"elementor-section elementor-top-section elementor-element elementor-element-b74b305 elementor-section-boxed elementor-section-height-default elementor-section-height-default\" data-id=\"b74b305\" data-element_type=\"section\">\n\t\t\t\t\t\t<div class=\"elementor-container elementor-column-gap-default\">\n\t\t\t\t\t<div class=\"elementor-column elementor-col-100 elementor-top-column elementor-element elementor-element-a4fed09\" data-id=\"a4fed09\" data-element_type=\"column\">\n\t\t\t<div class=\"elementor-widget-wrap elementor-element-populated\">\n\t\t\t\t\t\t\t\t<div class=\"elementor-element elementor-element-7ff4ece elementor-widget elementor-widget-image\" data-id=\"7ff4ece\" data-element_type=\"widget\" data-widget_type=\"image.default\">\n\t\t\t\t<div class=\"elementor-widget-container\">\n\t\t\t\t\t\t\t\t\t\t\t\t\t\t\t<img loading=\"lazy\" decoding=\"async\" width=\"363\" height=\"212\" src=\"https:\/\/everstarsafety.com\/wp-content\/uploads\/2023\/09\/\u5e7f\u89d2\u955c\u53cd\u5149\u8ddd\u79bb.jpg\" class=\"attachment-large size-large\" alt=\"\" srcset=\"https:\/\/everstarsafety.com\/wp-content\/uploads\/2023\/09\/\u5e7f\u89d2\u955c\u53cd\u5149\u8ddd\u79bb.jpg 363w, https:\/\/everstarsafety.com\/wp-content\/uploads\/2023\/09\/\u5e7f\u89d2\u955c\u53cd\u5149\u8ddd\u79bb-300x175.jpg 300w\" sizes=\"auto, (max-width: 363px) 100vw, 363px\" \/>\t\t\t\t\t\t\t\t\t\t\t\t\t\t\t<\/div>\n\t\t\t\t<\/div>\n\t\t\t\t\t<\/div>\n\t\t<\/div>\n\t\t\t\t\t\t\t<\/div>\n\t\t<\/section>\n\t\t\t\t<section class=\"elementor-section elementor-top-section elementor-element elementor-element-dd0aa9b elementor-section-boxed elementor-section-height-default elementor-section-height-default\" data-id=\"dd0aa9b\" data-element_type=\"section\">\n\t\t\t\t\t\t<div class=\"elementor-container elementor-column-gap-default\">\n\t\t\t\t\t<div class=\"elementor-column elementor-col-100 elementor-top-column elementor-element elementor-element-5b72d53\" data-id=\"5b72d53\" data-element_type=\"column\">\n\t\t\t<div class=\"elementor-widget-wrap elementor-element-populated\">\n\t\t\t\t\t\t\t\t<div class=\"elementor-element elementor-element-e88bf5b elementor-widget elementor-widget-heading\" data-id=\"e88bf5b\" data-element_type=\"widget\" data-widget_type=\"heading.default\">\n\t\t\t\t<div class=\"elementor-widget-container\">\n\t\t\t<h2 class=\"elementor-heading-title elementor-size-default\">Caracter\u00edsticas<\/h2>\t\t<\/div>\n\t\t\t\t<\/div>\n\t\t\t\t<div class=\"elementor-element elementor-element-96d4973 elementor-widget elementor-widget-text-editor\" data-id=\"96d4973\" data-element_type=\"widget\" data-widget_type=\"text-editor.default\">\n\t\t\t\t<div class=\"elementor-widget-container\">\n\t\t\t\t\t\t\t<ol><li>El espejo de acero inoxidable SUS 304 es altamente resistente a la intemperie, no se ve afectado por ning\u00fan clima y tiene una larga vida \u00fatil.<\/li><li>El panel posterior est\u00e1 hecho de placa de acero galvanizado, que es fuerte y no se deforma, y \u200b\u200bes resistente a la intemperie y a la corrosi\u00f3n.<\/li><li>La combinaci\u00f3n del espejo y el panel posterior adopta un dise\u00f1o original de borde enrollable, que es fuerte y evita el peligro de que las tiras del borde de PVC se caigan.<\/li><li>Con un mantenimiento adecuado, la superficie del espejo se puede mantener limpia y nueva para siempre, y la vida \u00fatil puede ser de hasta m\u00e1s de 12 a\u00f1os.<\/li><li>A diferencia del material de PC, la superficie del espejo de acero inoxidable se puede lavar con agua.<\/li><li>Los accesorios de bloqueo est\u00e1n galvanizados en caliente y son resistentes a la intemperie y a la corrosi\u00f3n.<\/li><\/ol>\t\t\t\t\t\t<\/div>\n\t\t\t\t<\/div>\n\t\t\t\t<div class=\"elementor-element elementor-element-8080343 elementor-widget elementor-widget-heading\" data-id=\"8080343\" data-element_type=\"widget\" data-widget_type=\"heading.default\">\n\t\t\t\t<div class=\"elementor-widget-container\">\n\t\t\t<h2 class=\"elementor-heading-title elementor-size-default\">Solicitud<\/h2>\t\t<\/div>\n\t\t\t\t<\/div>\n\t\t\t\t<div class=\"elementor-element elementor-element-c616ce9 elementor-widget elementor-widget-image\" data-id=\"c616ce9\" data-element_type=\"widget\" data-widget_type=\"image.default\">\n\t\t\t\t<div class=\"elementor-widget-container\">\n\t\t\t\t\t\t\t\t\t\t\t\t\t\t\t<img loading=\"lazy\" decoding=\"async\" width=\"525\" height=\"525\" src=\"https:\/\/everstarsafety.com\/wp-content\/uploads\/2023\/09\/stainless-steel-convdex-mirror-group-photo-1024x1024.jpg\" class=\"attachment-large size-large\" alt=\"Foto de grupo con espejo convexo de acero inoxidable\" srcset=\"https:\/\/everstarsafety.com\/wp-content\/uploads\/2023\/09\/stainless-steel-convdex-mirror-group-photo-1024x1024.jpg 1024w, https:\/\/everstarsafety.com\/wp-content\/uploads\/2023\/09\/stainless-steel-convdex-mirror-group-photo-300x300.jpg 300w, https:\/\/everstarsafety.com\/wp-content\/uploads\/2023\/09\/stainless-steel-convdex-mirror-group-photo-100x100.jpg 100w, https:\/\/everstarsafety.com\/wp-content\/uploads\/2023\/09\/stainless-steel-convdex-mirror-group-photo-600x600.jpg 600w, https:\/\/everstarsafety.com\/wp-content\/uploads\/2023\/09\/stainless-steel-convdex-mirror-group-photo-150x150.jpg 150w, https:\/\/everstarsafety.com\/wp-content\/uploads\/2023\/09\/stainless-steel-convdex-mirror-group-photo-768x768.jpg 768w, https:\/\/everstarsafety.com\/wp-content\/uploads\/2023\/09\/stainless-steel-convdex-mirror-group-photo.jpg 1200w\" sizes=\"auto, (max-width: 525px) 100vw, 525px\" \/>\t\t\t\t\t\t\t\t\t\t\t\t\t\t\t<\/div>\n\t\t\t\t<\/div>\n\t\t\t\t\t<\/div>\n\t\t<\/div>\n\t\t\t\t\t\t\t<\/div>\n\t\t<\/section>\n\t\t\t\t\t\t\t<\/div>\n\t\t","protected":false},"excerpt":{"rendered":"<p>El espejo convexo de acero inoxidable cuenta con una lente de acero inoxidable SUS 304 y un respaldo de acero galvanizado por inmersi\u00f3n en caliente. Este espejo de acero inoxidable SUS 304 es resistente a la intemperie, a las inclemencias del tiempo y tiene una larga vida \u00fatil. El panel trasero es de acero galvanizado, un material fuerte, indeformable, resistente a la intemperie y a la corrosi\u00f3n.  <\/p>\n","protected":false},"featured_media":2136,"comment_status":"open","ping_status":"closed","template":"","meta":{"om_disable_all_campaigns":false,"_monsterinsights_skip_tracking":false,"_monsterinsights_sitenote_active":false,"_monsterinsights_sitenote_note":"","_monsterinsights_sitenote_category":0},"product_cat":[496,499],"product_tag":[673,788,789,679],"class_list":["post-5969","product","type-product","status-publish","has-post-thumbnail","hentry","product_cat-espejo-convexo","product_cat-espejo-convexo-de-acero-inoxidable","product_tag-espejo-convexo","product_tag-espejo-convexo-de-acero-inoxidable","product_tag-espejo-convexo-de-acero-inoxidable-304","product_tag-espejo-convexo-de-estacionamiento"],"aioseo_notices":[],"_links":{"self":[{"href":"https:\/\/everstarsafety.com\/es\/wp-json\/wp\/v2\/product\/5969","targetHints":{"allow":["GET"]}}],"collection":[{"href":"https:\/\/everstarsafety.com\/es\/wp-json\/wp\/v2\/product"}],"about":[{"href":"https:\/\/everstarsafety.com\/es\/wp-json\/wp\/v2\/types\/product"}],"replies":[{"embeddable":true,"href":"https:\/\/everstarsafety.com\/es\/wp-json\/wp\/v2\/comments?post=5969"}],"version-history":[{"count":2,"href":"https:\/\/everstarsafety.com\/es\/wp-json\/wp\/v2\/product\/5969\/revisions"}],"predecessor-version":[{"id":5986,"href":"https:\/\/everstarsafety.com\/es\/wp-json\/wp\/v2\/product\/5969\/revisions\/5986"}],"wp:featuredmedia":[{"embeddable":true,"href":"https:\/\/everstarsafety.com\/es\/wp-json\/wp\/v2\/media\/2136"}],"wp:attachment":[{"href":"https:\/\/everstarsafety.com\/es\/wp-json\/wp\/v2\/media?parent=5969"}],"wp:term":[{"taxonomy":"product_cat","embeddable":true,"href":"https:\/\/everstarsafety.com\/es\/wp-json\/wp\/v2\/product_cat?post=5969"},{"taxonomy":"product_tag","embeddable":true,"href":"https:\/\/everstarsafety.com\/es\/wp-json\/wp\/v2\/product_tag?post=5969"}],"curies":[{"name":"wp","href":"https:\/\/api.w.org\/{rel}","templated":true}]}}