{"id":6029,"date":"2022-09-21T02:56:15","date_gmt":"2022-09-21T02:56:15","guid":{"rendered":"https:\/\/everstarsafety.com\/product\/baston-de-trafico-led-recargable-con-funcion-de-silbato\/"},"modified":"2025-12-11T06:51:06","modified_gmt":"2025-12-11T06:51:06","slug":"baston-de-trafico-led-recargable-con-funcion-de-silbato","status":"publish","type":"product","link":"https:\/\/everstarsafety.com\/es\/producto\/baston-de-trafico-led-recargable-con-funcion-de-silbato\/","title":{"rendered":"Bast\u00f3n de tr\u00e1fico LED recargable con funci\u00f3n de silbato"},"content":{"rendered":"\t\t<div data-elementor-type=\"product-post\" data-elementor-id=\"6029\" class=\"elementor elementor-6029 elementor-1866\">\n\t\t\t\t\t\t\t\t\t<section class=\"elementor-section elementor-top-section elementor-element elementor-element-4fc90f9 elementor-section-boxed elementor-section-height-default elementor-section-height-default\" data-id=\"4fc90f9\" data-element_type=\"section\">\n\t\t\t\t\t\t<div class=\"elementor-container elementor-column-gap-default\">\n\t\t\t\t\t<div class=\"elementor-column elementor-col-100 elementor-top-column elementor-element elementor-element-766f74d\" data-id=\"766f74d\" data-element_type=\"column\">\n\t\t\t<div class=\"elementor-widget-wrap elementor-element-populated\">\n\t\t\t\t\t\t\t\t<div class=\"elementor-element elementor-element-f642470 elementor-widget elementor-widget-heading\" data-id=\"f642470\" data-element_type=\"widget\" data-widget_type=\"heading.default\">\n\t\t\t\t<div class=\"elementor-widget-container\">\n\t\t\t<style>\/*! elementor - v3.7.0 - 08-08-2022 *\/\n.elementor-heading-title{padding:0;margin:0;line-height:1}.elementor-widget-heading .elementor-heading-title[class*=elementor-size-]>a{color:inherit;font-size:inherit;line-height:inherit}.elementor-widget-heading .elementor-heading-title.elementor-size-small{font-size:15px}.elementor-widget-heading .elementor-heading-title.elementor-size-medium{font-size:19px}.elementor-widget-heading .elementor-heading-title.elementor-size-large{font-size:29px}.elementor-widget-heading .elementor-heading-title.elementor-size-xl{font-size:39px}.elementor-widget-heading .elementor-heading-title.elementor-size-xxl{font-size:59px}<\/style><h2 class=\"elementor-heading-title elementor-size-default\">Bast\u00f3n de tr\u00e1fico LED de 29 cm con funci\u00f3n de silbato. Detalles<\/h2>\t\t<\/div>\n\t\t\t\t<\/div>\n\t\t\t\t\t<\/div>\n\t\t<\/div>\n\t\t\t\t\t\t\t<\/div>\n\t\t<\/section>\n\t\t\t\t<section class=\"elementor-section elementor-top-section elementor-element elementor-element-95e57fc elementor-section-boxed elementor-section-height-default elementor-section-height-default\" data-id=\"95e57fc\" data-element_type=\"section\">\n\t\t\t\t\t\t<div class=\"elementor-container elementor-column-gap-default\">\n\t\t\t\t\t<div class=\"elementor-column elementor-col-100 elementor-top-column elementor-element elementor-element-45fe058\" data-id=\"45fe058\" data-element_type=\"column\">\n\t\t\t<div class=\"elementor-widget-wrap elementor-element-populated\">\n\t\t\t\t\t\t\t\t<div class=\"elementor-element elementor-element-371c981 elementor-widget elementor-widget-text-editor\" data-id=\"371c981\" data-element_type=\"widget\" data-widget_type=\"text-editor.default\">\n\t\t\t\t<div class=\"elementor-widget-container\">\n\t\t\t<style>\/*! elementor - v3.7.0 - 08-08-2022 *\/\n.elementor-widget-text-editor.elementor-drop-cap-view-stacked .elementor-drop-cap{background-color:#818a91;color:#fff}.elementor-widget-text-editor.elementor-drop-cap-view-framed .elementor-drop-cap{color:#818a91;border:3px solid;background-color:transparent}.elementor-widget-text-editor:not(.elementor-drop-cap-view-default) .elementor-drop-cap{margin-top:8px}.elementor-widget-text-editor:not(.elementor-drop-cap-view-default) .elementor-drop-cap-letter{width:1em;height:1em}.elementor-widget-text-editor .elementor-drop-cap{float:left;text-align:center;line-height:1;font-size:50px}.elementor-widget-text-editor .elementor-drop-cap-letter{display:inline-block}<\/style>\t\t\t\t<ul><li>Bast\u00f3n de tr\u00e1fico LED de 29 cm de longitud<\/li><li>Bot\u00f3n de interruptor multifuncional, funci\u00f3n de silbato (mantenga presionado el bot\u00f3n para que suene), funciones de parpadeo (parpadeo, siempre brillante, iluminaci\u00f3n superior, apagado)<\/li><li>El silbato Buzzle es un pitido de alto decibelio, el sonido es mucho m\u00e1s fuerte que el silbato com\u00fan y viaja m\u00e1s lejos.<\/li><li>El dise\u00f1o del gancho es f\u00e1cil de colgar, f\u00e1cil de colgar alrededor de su cintura en cualquier momento.<\/li><li>El im\u00e1n inferior tiene una buena adsorci\u00f3n ferromagn\u00e9tica, se puede colocar sobre hierro y es adecuado para diversas necesidades de trabajo.<\/li><\/ul>\t\t\t\t\t\t<\/div>\n\t\t\t\t<\/div>\n\t\t\t\t\t<\/div>\n\t\t<\/div>\n\t\t\t\t\t\t\t<\/div>\n\t\t<\/section>\n\t\t\t\t<section class=\"elementor-section elementor-top-section elementor-element elementor-element-5071dfb elementor-section-boxed elementor-section-height-default elementor-section-height-default\" data-id=\"5071dfb\" data-element_type=\"section\">\n\t\t\t\t\t\t<div class=\"elementor-container elementor-column-gap-default\">\n\t\t\t\t\t<div class=\"elementor-column elementor-col-100 elementor-top-column elementor-element elementor-element-4798f75\" data-id=\"4798f75\" data-element_type=\"column\">\n\t\t\t<div class=\"elementor-widget-wrap elementor-element-populated\">\n\t\t\t\t\t\t\t\t<div class=\"elementor-element elementor-element-2c9a9d0 elementor-widget elementor-widget-image\" data-id=\"2c9a9d0\" data-element_type=\"widget\" data-widget_type=\"image.default\">\n\t\t\t\t<div class=\"elementor-widget-container\">\n\t\t\t<style>\/*! elementor - v3.7.0 - 08-08-2022 *\/\n.elementor-widget-image{text-align:center}.elementor-widget-image a{display:inline-block}.elementor-widget-image a img[src$=\".svg\"]{width:48px}.elementor-widget-image img{vertical-align:middle;display:inline-block}<\/style>\t\t\t\t\t\t\t\t\t\t\t\t<img loading=\"lazy\" decoding=\"async\" width=\"525\" height=\"840\" src=\"https:\/\/everstarsafety.com\/wp-content\/uploads\/2022\/09\/1-22-640x1024.jpg\" class=\"attachment-large size-large\" alt=\"\" srcset=\"https:\/\/everstarsafety.com\/wp-content\/uploads\/2022\/09\/1-22-640x1024.jpg 640w, https:\/\/everstarsafety.com\/wp-content\/uploads\/2022\/09\/1-22-600x960.jpg 600w, https:\/\/everstarsafety.com\/wp-content\/uploads\/2022\/09\/1-22-188x300.jpg 188w, https:\/\/everstarsafety.com\/wp-content\/uploads\/2022\/09\/1-22.jpg 750w\" sizes=\"auto, (max-width: 525px) 100vw, 525px\" \/>\t\t\t\t\t\t\t\t\t\t\t\t\t\t\t<\/div>\n\t\t\t\t<\/div>\n\t\t\t\t<div class=\"elementor-element elementor-element-4c73a9e elementor-widget elementor-widget-image\" data-id=\"4c73a9e\" data-element_type=\"widget\" data-widget_type=\"image.default\">\n\t\t\t\t<div class=\"elementor-widget-container\">\n\t\t\t\t\t\t\t\t\t\t\t\t\t\t\t<img loading=\"lazy\" decoding=\"async\" width=\"525\" height=\"840\" src=\"https:\/\/everstarsafety.com\/wp-content\/uploads\/2022\/09\/2-22-640x1024.jpg\" class=\"attachment-large size-large\" alt=\"\" srcset=\"https:\/\/everstarsafety.com\/wp-content\/uploads\/2022\/09\/2-22-640x1024.jpg 640w, https:\/\/everstarsafety.com\/wp-content\/uploads\/2022\/09\/2-22-600x960.jpg 600w, https:\/\/everstarsafety.com\/wp-content\/uploads\/2022\/09\/2-22-188x300.jpg 188w, https:\/\/everstarsafety.com\/wp-content\/uploads\/2022\/09\/2-22.jpg 750w\" sizes=\"auto, (max-width: 525px) 100vw, 525px\" \/>\t\t\t\t\t\t\t\t\t\t\t\t\t\t\t<\/div>\n\t\t\t\t<\/div>\n\t\t\t\t<div class=\"elementor-element elementor-element-3d51605 elementor-widget elementor-widget-image\" data-id=\"3d51605\" data-element_type=\"widget\" data-widget_type=\"image.default\">\n\t\t\t\t<div class=\"elementor-widget-container\">\n\t\t\t\t\t\t\t\t\t\t\t\t\t\t\t<img loading=\"lazy\" decoding=\"async\" width=\"525\" height=\"864\" src=\"https:\/\/everstarsafety.com\/wp-content\/uploads\/2022\/09\/3-17-622x1024.jpg\" class=\"attachment-large size-large\" alt=\"\" srcset=\"https:\/\/everstarsafety.com\/wp-content\/uploads\/2022\/09\/3-17-622x1024.jpg 622w, https:\/\/everstarsafety.com\/wp-content\/uploads\/2022\/09\/3-17-600x987.jpg 600w, https:\/\/everstarsafety.com\/wp-content\/uploads\/2022\/09\/3-17-182x300.jpg 182w, https:\/\/everstarsafety.com\/wp-content\/uploads\/2022\/09\/3-17.jpg 750w\" sizes=\"auto, (max-width: 525px) 100vw, 525px\" \/>\t\t\t\t\t\t\t\t\t\t\t\t\t\t\t<\/div>\n\t\t\t\t<\/div>\n\t\t\t\t<div class=\"elementor-element elementor-element-112da67 elementor-widget elementor-widget-image\" data-id=\"112da67\" data-element_type=\"widget\" data-widget_type=\"image.default\">\n\t\t\t\t<div class=\"elementor-widget-container\">\n\t\t\t\t\t\t\t\t\t\t\t\t\t\t\t<img loading=\"lazy\" decoding=\"async\" width=\"525\" height=\"916\" src=\"https:\/\/everstarsafety.com\/wp-content\/uploads\/2022\/09\/4-16-587x1024.jpg\" class=\"attachment-large size-large\" alt=\"\" srcset=\"https:\/\/everstarsafety.com\/wp-content\/uploads\/2022\/09\/4-16-587x1024.jpg 587w, https:\/\/everstarsafety.com\/wp-content\/uploads\/2022\/09\/4-16-600x1046.jpg 600w, https:\/\/everstarsafety.com\/wp-content\/uploads\/2022\/09\/4-16-172x300.jpg 172w, https:\/\/everstarsafety.com\/wp-content\/uploads\/2022\/09\/4-16.jpg 750w\" sizes=\"auto, (max-width: 525px) 100vw, 525px\" \/>\t\t\t\t\t\t\t\t\t\t\t\t\t\t\t<\/div>\n\t\t\t\t<\/div>\n\t\t\t\t<div class=\"elementor-element elementor-element-cf31320 elementor-widget elementor-widget-image\" data-id=\"cf31320\" data-element_type=\"widget\" data-widget_type=\"image.default\">\n\t\t\t\t<div class=\"elementor-widget-container\">\n\t\t\t\t\t\t\t\t\t\t\t\t\t\t\t<img loading=\"lazy\" decoding=\"async\" width=\"525\" height=\"603\" src=\"https:\/\/everstarsafety.com\/wp-content\/uploads\/2022\/09\/5-8.jpg\" class=\"attachment-large size-large\" alt=\"\" srcset=\"https:\/\/everstarsafety.com\/wp-content\/uploads\/2022\/09\/5-8.jpg 750w, https:\/\/everstarsafety.com\/wp-content\/uploads\/2022\/09\/5-8-600x690.jpg 600w, https:\/\/everstarsafety.com\/wp-content\/uploads\/2022\/09\/5-8-261x300.jpg 261w\" sizes=\"auto, (max-width: 525px) 100vw, 525px\" \/>\t\t\t\t\t\t\t\t\t\t\t\t\t\t\t<\/div>\n\t\t\t\t<\/div>\n\t\t\t\t<div class=\"elementor-element elementor-element-357ff8f elementor-widget elementor-widget-image\" data-id=\"357ff8f\" data-element_type=\"widget\" data-widget_type=\"image.default\">\n\t\t\t\t<div class=\"elementor-widget-container\">\n\t\t\t\t\t\t\t\t\t\t\t\t\t\t\t<img loading=\"lazy\" decoding=\"async\" width=\"525\" height=\"467\" src=\"https:\/\/everstarsafety.com\/wp-content\/uploads\/2022\/09\/6-6.jpg\" class=\"attachment-large size-large\" alt=\"\" srcset=\"https:\/\/everstarsafety.com\/wp-content\/uploads\/2022\/09\/6-6.jpg 750w, https:\/\/everstarsafety.com\/wp-content\/uploads\/2022\/09\/6-6-600x534.jpg 600w, https:\/\/everstarsafety.com\/wp-content\/uploads\/2022\/09\/6-6-300x267.jpg 300w\" sizes=\"auto, (max-width: 525px) 100vw, 525px\" \/>\t\t\t\t\t\t\t\t\t\t\t\t\t\t\t<\/div>\n\t\t\t\t<\/div>\n\t\t\t\t<div class=\"elementor-element elementor-element-d35d3ce elementor-widget elementor-widget-image\" data-id=\"d35d3ce\" data-element_type=\"widget\" data-widget_type=\"image.default\">\n\t\t\t\t<div class=\"elementor-widget-container\">\n\t\t\t\t\t\t\t\t\t\t\t\t\t\t\t<img loading=\"lazy\" decoding=\"async\" width=\"525\" height=\"583\" src=\"https:\/\/everstarsafety.com\/wp-content\/uploads\/2022\/09\/7-6.jpg\" class=\"attachment-large size-large\" alt=\"\" srcset=\"https:\/\/everstarsafety.com\/wp-content\/uploads\/2022\/09\/7-6.jpg 750w, https:\/\/everstarsafety.com\/wp-content\/uploads\/2022\/09\/7-6-600x666.jpg 600w, https:\/\/everstarsafety.com\/wp-content\/uploads\/2022\/09\/7-6-270x300.jpg 270w\" sizes=\"auto, (max-width: 525px) 100vw, 525px\" \/>\t\t\t\t\t\t\t\t\t\t\t\t\t\t\t<\/div>\n\t\t\t\t<\/div>\n\t\t\t\t<div class=\"elementor-element elementor-element-9fcdc17 elementor-widget elementor-widget-image\" data-id=\"9fcdc17\" data-element_type=\"widget\" data-widget_type=\"image.default\">\n\t\t\t\t<div class=\"elementor-widget-container\">\n\t\t\t\t\t\t\t\t\t\t\t\t\t\t\t<img loading=\"lazy\" decoding=\"async\" width=\"525\" height=\"336\" src=\"https:\/\/everstarsafety.com\/wp-content\/uploads\/2022\/09\/8-6.jpg\" class=\"attachment-large size-large\" alt=\"\" srcset=\"https:\/\/everstarsafety.com\/wp-content\/uploads\/2022\/09\/8-6.jpg 750w, https:\/\/everstarsafety.com\/wp-content\/uploads\/2022\/09\/8-6-600x384.jpg 600w, https:\/\/everstarsafety.com\/wp-content\/uploads\/2022\/09\/8-6-300x192.jpg 300w\" sizes=\"auto, (max-width: 525px) 100vw, 525px\" \/>\t\t\t\t\t\t\t\t\t\t\t\t\t\t\t<\/div>\n\t\t\t\t<\/div>\n\t\t\t\t\t<\/div>\n\t\t<\/div>\n\t\t\t\t\t\t\t<\/div>\n\t\t<\/section>\n\t\t\t\t\t\t\t<\/div>\n\t\t","protected":false},"excerpt":{"rendered":"<p>El bast\u00f3n de tr\u00e1fico LED ofrece una mayor visibilidad a unos 500 m, lo que facilita su seguimiento. Adem\u00e1s, cuenta con un silbato con un sonido de alta intensidad. Ofrece una potente advertencia en d\u00edas de lluvia, niebla y nieve.  <\/p>\n","protected":false},"featured_media":1851,"comment_status":"open","ping_status":"closed","template":"","meta":{"om_disable_all_campaigns":false,"_monsterinsights_skip_tracking":false,"_monsterinsights_sitenote_active":false,"_monsterinsights_sitenote_note":"","_monsterinsights_sitenote_category":0},"product_cat":[522,520],"product_tag":[790,794,793,791,792],"class_list":["post-6029","product","type-product","status-publish","has-post-thumbnail","hentry","product_cat-baston-de-trafico-led","product_cat-productos-electronicos-led","product_tag-baston-de-trafico","product_tag-baston-de-trafico-de-bateria","product_tag-baston-de-trafico-dirigido","product_tag-baston-de-trafico-recargable","product_tag-varita-de-ordenacion"],"aioseo_notices":[],"_links":{"self":[{"href":"https:\/\/everstarsafety.com\/es\/wp-json\/wp\/v2\/product\/6029","targetHints":{"allow":["GET"]}}],"collection":[{"href":"https:\/\/everstarsafety.com\/es\/wp-json\/wp\/v2\/product"}],"about":[{"href":"https:\/\/everstarsafety.com\/es\/wp-json\/wp\/v2\/types\/product"}],"replies":[{"embeddable":true,"href":"https:\/\/everstarsafety.com\/es\/wp-json\/wp\/v2\/comments?post=6029"}],"version-history":[{"count":2,"href":"https:\/\/everstarsafety.com\/es\/wp-json\/wp\/v2\/product\/6029\/revisions"}],"predecessor-version":[{"id":6032,"href":"https:\/\/everstarsafety.com\/es\/wp-json\/wp\/v2\/product\/6029\/revisions\/6032"}],"wp:featuredmedia":[{"embeddable":true,"href":"https:\/\/everstarsafety.com\/es\/wp-json\/wp\/v2\/media\/1851"}],"wp:attachment":[{"href":"https:\/\/everstarsafety.com\/es\/wp-json\/wp\/v2\/media?parent=6029"}],"wp:term":[{"taxonomy":"product_cat","embeddable":true,"href":"https:\/\/everstarsafety.com\/es\/wp-json\/wp\/v2\/product_cat?post=6029"},{"taxonomy":"product_tag","embeddable":true,"href":"https:\/\/everstarsafety.com\/es\/wp-json\/wp\/v2\/product_tag?post=6029"}],"curies":[{"name":"wp","href":"https:\/\/api.w.org\/{rel}","templated":true}]}}