{"id":6031,"date":"2022-09-21T06:33:30","date_gmt":"2022-09-21T06:33:30","guid":{"rendered":"https:\/\/everstarsafety.com\/product\/baston-de-trafico-led-con-luz-de-iluminacion\/"},"modified":"2025-12-11T06:51:06","modified_gmt":"2025-12-11T06:51:06","slug":"baston-de-trafico-led-con-luz-de-iluminacion","status":"publish","type":"product","link":"https:\/\/everstarsafety.com\/es\/producto\/baston-de-trafico-led-con-luz-de-iluminacion\/","title":{"rendered":"Bast\u00f3n de tr\u00e1fico LED con luz de iluminaci\u00f3n"},"content":{"rendered":"\t\t<div data-elementor-type=\"product-post\" data-elementor-id=\"6031\" class=\"elementor elementor-6031 elementor-1883\">\n\t\t\t\t\t\t\t\t\t<section class=\"elementor-section elementor-top-section elementor-element elementor-element-b544c30 elementor-section-boxed elementor-section-height-default elementor-section-height-default\" data-id=\"b544c30\" data-element_type=\"section\">\n\t\t\t\t\t\t<div class=\"elementor-container elementor-column-gap-default\">\n\t\t\t\t\t<div class=\"elementor-column elementor-col-100 elementor-top-column elementor-element elementor-element-6c8884c\" data-id=\"6c8884c\" data-element_type=\"column\">\n\t\t\t<div class=\"elementor-widget-wrap elementor-element-populated\">\n\t\t\t\t\t\t\t\t<div class=\"elementor-element elementor-element-3461a21 elementor-widget elementor-widget-heading\" data-id=\"3461a21\" data-element_type=\"widget\" data-widget_type=\"heading.default\">\n\t\t\t\t<div class=\"elementor-widget-container\">\n\t\t\t<style>\/*! elementor - v3.7.0 - 08-08-2022 *\/\n.elementor-heading-title{padding:0;margin:0;line-height:1}.elementor-widget-heading .elementor-heading-title[class*=elementor-size-]>a{color:inherit;font-size:inherit;line-height:inherit}.elementor-widget-heading .elementor-heading-title.elementor-size-small{font-size:15px}.elementor-widget-heading .elementor-heading-title.elementor-size-medium{font-size:19px}.elementor-widget-heading .elementor-heading-title.elementor-size-large{font-size:29px}.elementor-widget-heading .elementor-heading-title.elementor-size-xl{font-size:39px}.elementor-widget-heading .elementor-heading-title.elementor-size-xxl{font-size:59px}<\/style><h2 class=\"elementor-heading-title elementor-size-default\">Bast\u00f3n de tr\u00e1fico LED de 26 cm de longitud con luz de iluminaci\u00f3n<\/h2>\t\t<\/div>\n\t\t\t\t<\/div>\n\t\t\t\t\t<\/div>\n\t\t<\/div>\n\t\t\t\t\t\t\t<\/div>\n\t\t<\/section>\n\t\t\t\t<section class=\"elementor-section elementor-top-section elementor-element elementor-element-3c5d12d elementor-section-boxed elementor-section-height-default elementor-section-height-default\" data-id=\"3c5d12d\" data-element_type=\"section\">\n\t\t\t\t\t\t<div class=\"elementor-container elementor-column-gap-default\">\n\t\t\t\t\t<div class=\"elementor-column elementor-col-100 elementor-top-column elementor-element elementor-element-dbad80f\" data-id=\"dbad80f\" data-element_type=\"column\">\n\t\t\t<div class=\"elementor-widget-wrap elementor-element-populated\">\n\t\t\t\t\t\t\t\t<div class=\"elementor-element elementor-element-8ad277d elementor-widget elementor-widget-text-editor\" data-id=\"8ad277d\" data-element_type=\"widget\" data-widget_type=\"text-editor.default\">\n\t\t\t\t<div class=\"elementor-widget-container\">\n\t\t\t<style>\/*! elementor - v3.7.0 - 08-08-2022 *\/\n.elementor-widget-text-editor.elementor-drop-cap-view-stacked .elementor-drop-cap{background-color:#818a91;color:#fff}.elementor-widget-text-editor.elementor-drop-cap-view-framed .elementor-drop-cap{color:#818a91;border:3px solid;background-color:transparent}.elementor-widget-text-editor:not(.elementor-drop-cap-view-default) .elementor-drop-cap{margin-top:8px}.elementor-widget-text-editor:not(.elementor-drop-cap-view-default) .elementor-drop-cap-letter{width:1em;height:1em}.elementor-widget-text-editor .elementor-drop-cap{float:left;text-align:center;line-height:1;font-size:50px}.elementor-widget-text-editor .elementor-drop-cap-letter{display:inline-block}<\/style>\t\t\t\t<ul><li>Bast\u00f3n de tr\u00e1fico LED de 26 cm de longitud<\/li><li>El cuerpo interior de la l\u00e1mpara de pel\u00edcula de celos\u00eda es una pel\u00edcula de celos\u00eda altamente transl\u00facida, la celos\u00eda transmite y el efecto brillante es mejor.<\/li><li>La iluminaci\u00f3n superior se puede utilizar como linterna, f\u00e1cil de usar.<\/li><li>La absorci\u00f3n del im\u00e1n inferior se puede colocar encima de objetos de hierro.<\/li><li>El orificio de carga tiene un dise\u00f1o resistente al agua, lo que es m\u00e1s seguro y tiene una bater\u00eda de larga duraci\u00f3n.<\/li><li>El tipo de bater\u00eda necesita 3 pilas AA, f\u00e1cil de usar, solo reemplace la bater\u00eda.<\/li><\/ul>\t\t\t\t\t\t<\/div>\n\t\t\t\t<\/div>\n\t\t\t\t\t<\/div>\n\t\t<\/div>\n\t\t\t\t\t\t\t<\/div>\n\t\t<\/section>\n\t\t\t\t<section class=\"elementor-section elementor-top-section elementor-element elementor-element-6fa5425 elementor-section-boxed elementor-section-height-default elementor-section-height-default\" data-id=\"6fa5425\" data-element_type=\"section\">\n\t\t\t\t\t\t<div class=\"elementor-container elementor-column-gap-default\">\n\t\t\t\t\t<div class=\"elementor-column elementor-col-100 elementor-top-column elementor-element elementor-element-b85f1e6\" data-id=\"b85f1e6\" data-element_type=\"column\">\n\t\t\t<div class=\"elementor-widget-wrap elementor-element-populated\">\n\t\t\t\t\t\t\t\t<div class=\"elementor-element elementor-element-1f29610 elementor-widget elementor-widget-image\" data-id=\"1f29610\" data-element_type=\"widget\" data-widget_type=\"image.default\">\n\t\t\t\t<div class=\"elementor-widget-container\">\n\t\t\t<style>\/*! elementor - v3.7.0 - 08-08-2022 *\/\n.elementor-widget-image{text-align:center}.elementor-widget-image a{display:inline-block}.elementor-widget-image a img[src$=\".svg\"]{width:48px}.elementor-widget-image img{vertical-align:middle;display:inline-block}<\/style>\t\t\t\t\t\t\t\t\t\t\t\t<img loading=\"lazy\" decoding=\"async\" width=\"525\" height=\"840\" src=\"https:\/\/everstarsafety.com\/wp-content\/uploads\/2022\/09\/1-23-640x1024.jpg\" class=\"attachment-large size-large\" alt=\"\" srcset=\"https:\/\/everstarsafety.com\/wp-content\/uploads\/2022\/09\/1-23-640x1024.jpg 640w, https:\/\/everstarsafety.com\/wp-content\/uploads\/2022\/09\/1-23-600x960.jpg 600w, https:\/\/everstarsafety.com\/wp-content\/uploads\/2022\/09\/1-23-188x300.jpg 188w, https:\/\/everstarsafety.com\/wp-content\/uploads\/2022\/09\/1-23.jpg 750w\" sizes=\"auto, (max-width: 525px) 100vw, 525px\" \/>\t\t\t\t\t\t\t\t\t\t\t\t\t\t\t<\/div>\n\t\t\t\t<\/div>\n\t\t\t\t<div class=\"elementor-element elementor-element-0b07bbc elementor-widget elementor-widget-image\" data-id=\"0b07bbc\" data-element_type=\"widget\" data-widget_type=\"image.default\">\n\t\t\t\t<div class=\"elementor-widget-container\">\n\t\t\t\t\t\t\t\t\t\t\t\t\t\t\t<img loading=\"lazy\" decoding=\"async\" width=\"525\" height=\"840\" src=\"https:\/\/everstarsafety.com\/wp-content\/uploads\/2022\/09\/2-23-640x1024.jpg\" class=\"attachment-large size-large\" alt=\"\" srcset=\"https:\/\/everstarsafety.com\/wp-content\/uploads\/2022\/09\/2-23-640x1024.jpg 640w, https:\/\/everstarsafety.com\/wp-content\/uploads\/2022\/09\/2-23-600x960.jpg 600w, https:\/\/everstarsafety.com\/wp-content\/uploads\/2022\/09\/2-23-188x300.jpg 188w, https:\/\/everstarsafety.com\/wp-content\/uploads\/2022\/09\/2-23.jpg 750w\" sizes=\"auto, (max-width: 525px) 100vw, 525px\" \/>\t\t\t\t\t\t\t\t\t\t\t\t\t\t\t<\/div>\n\t\t\t\t<\/div>\n\t\t\t\t<div class=\"elementor-element elementor-element-a071b5e elementor-widget elementor-widget-image\" data-id=\"a071b5e\" data-element_type=\"widget\" data-widget_type=\"image.default\">\n\t\t\t\t<div class=\"elementor-widget-container\">\n\t\t\t\t\t\t\t\t\t\t\t\t\t\t\t<img loading=\"lazy\" decoding=\"async\" width=\"525\" height=\"700\" src=\"https:\/\/everstarsafety.com\/wp-content\/uploads\/2022\/09\/3-18.jpg\" class=\"attachment-large size-large\" alt=\"\" srcset=\"https:\/\/everstarsafety.com\/wp-content\/uploads\/2022\/09\/3-18.jpg 750w, https:\/\/everstarsafety.com\/wp-content\/uploads\/2022\/09\/3-18-600x800.jpg 600w, https:\/\/everstarsafety.com\/wp-content\/uploads\/2022\/09\/3-18-225x300.jpg 225w\" sizes=\"auto, (max-width: 525px) 100vw, 525px\" \/>\t\t\t\t\t\t\t\t\t\t\t\t\t\t\t<\/div>\n\t\t\t\t<\/div>\n\t\t\t\t<div class=\"elementor-element elementor-element-5c79a40 elementor-widget elementor-widget-image\" data-id=\"5c79a40\" data-element_type=\"widget\" data-widget_type=\"image.default\">\n\t\t\t\t<div class=\"elementor-widget-container\">\n\t\t\t\t\t\t\t\t\t\t\t\t\t\t\t<img loading=\"lazy\" decoding=\"async\" width=\"525\" height=\"793\" src=\"https:\/\/everstarsafety.com\/wp-content\/uploads\/2022\/09\/4-17-678x1024.jpg\" class=\"attachment-large size-large\" alt=\"\" srcset=\"https:\/\/everstarsafety.com\/wp-content\/uploads\/2022\/09\/4-17-678x1024.jpg 678w, https:\/\/everstarsafety.com\/wp-content\/uploads\/2022\/09\/4-17-600x906.jpg 600w, https:\/\/everstarsafety.com\/wp-content\/uploads\/2022\/09\/4-17-199x300.jpg 199w, https:\/\/everstarsafety.com\/wp-content\/uploads\/2022\/09\/4-17.jpg 750w\" sizes=\"auto, (max-width: 525px) 100vw, 525px\" \/>\t\t\t\t\t\t\t\t\t\t\t\t\t\t\t<\/div>\n\t\t\t\t<\/div>\n\t\t\t\t<div class=\"elementor-element elementor-element-b15923c elementor-widget elementor-widget-image\" data-id=\"b15923c\" data-element_type=\"widget\" data-widget_type=\"image.default\">\n\t\t\t\t<div class=\"elementor-widget-container\">\n\t\t\t\t\t\t\t\t\t\t\t\t\t\t\t<img loading=\"lazy\" decoding=\"async\" width=\"460\" height=\"1024\" src=\"https:\/\/everstarsafety.com\/wp-content\/uploads\/2022\/09\/5-9-460x1024.jpg\" class=\"attachment-large size-large\" alt=\"\" srcset=\"https:\/\/everstarsafety.com\/wp-content\/uploads\/2022\/09\/5-9-460x1024.jpg 460w, https:\/\/everstarsafety.com\/wp-content\/uploads\/2022\/09\/5-9-600x1336.jpg 600w, https:\/\/everstarsafety.com\/wp-content\/uploads\/2022\/09\/5-9-135x300.jpg 135w, https:\/\/everstarsafety.com\/wp-content\/uploads\/2022\/09\/5-9-690x1536.jpg 690w, https:\/\/everstarsafety.com\/wp-content\/uploads\/2022\/09\/5-9.jpg 750w\" sizes=\"auto, (max-width: 460px) 100vw, 460px\" \/>\t\t\t\t\t\t\t\t\t\t\t\t\t\t\t<\/div>\n\t\t\t\t<\/div>\n\t\t\t\t<div class=\"elementor-element elementor-element-acba5f0 elementor-widget elementor-widget-image\" data-id=\"acba5f0\" data-element_type=\"widget\" data-widget_type=\"image.default\">\n\t\t\t\t<div class=\"elementor-widget-container\">\n\t\t\t\t\t\t\t\t\t\t\t\t\t\t\t<img loading=\"lazy\" decoding=\"async\" width=\"422\" height=\"1024\" src=\"https:\/\/everstarsafety.com\/wp-content\/uploads\/2022\/09\/6-7-422x1024.jpg\" class=\"attachment-large size-large\" alt=\"\" srcset=\"https:\/\/everstarsafety.com\/wp-content\/uploads\/2022\/09\/6-7-422x1024.jpg 422w, https:\/\/everstarsafety.com\/wp-content\/uploads\/2022\/09\/6-7-600x1456.jpg 600w, https:\/\/everstarsafety.com\/wp-content\/uploads\/2022\/09\/6-7-124x300.jpg 124w, https:\/\/everstarsafety.com\/wp-content\/uploads\/2022\/09\/6-7-633x1536.jpg 633w, https:\/\/everstarsafety.com\/wp-content\/uploads\/2022\/09\/6-7.jpg 750w\" sizes=\"auto, (max-width: 422px) 100vw, 422px\" \/>\t\t\t\t\t\t\t\t\t\t\t\t\t\t\t<\/div>\n\t\t\t\t<\/div>\n\t\t\t\t\t<\/div>\n\t\t<\/div>\n\t\t\t\t\t\t\t<\/div>\n\t\t<\/section>\n\t\t\t\t\t\t\t<\/div>\n\t\t","protected":false},"excerpt":{"rendered":"<p>El bast\u00f3n de tr\u00e1fico LED ofrece una mayor visibilidad a unos 500 m, lo que facilita su seguimiento. Cuenta con iluminaci\u00f3n superior y funci\u00f3n magn\u00e9tica inferior. Ofrece un potente efecto de advertencia en d\u00edas de lluvia, niebla y nieve.  <\/p>\n","protected":false},"featured_media":1850,"comment_status":"open","ping_status":"closed","template":"","meta":{"om_disable_all_campaigns":false,"_monsterinsights_skip_tracking":false,"_monsterinsights_sitenote_active":false,"_monsterinsights_sitenote_note":"","_monsterinsights_sitenote_category":0},"product_cat":[522,520],"product_tag":[790,794,793,796,795],"class_list":["post-6031","product","type-product","status-publish","has-post-thumbnail","hentry","product_cat-baston-de-trafico-led","product_cat-productos-electronicos-led","product_tag-baston-de-trafico","product_tag-baston-de-trafico-de-bateria","product_tag-baston-de-trafico-dirigido","product_tag-baston-de-trafico-recargable-2","product_tag-varita-de-ordenacion-2"],"aioseo_notices":[],"_links":{"self":[{"href":"https:\/\/everstarsafety.com\/es\/wp-json\/wp\/v2\/product\/6031","targetHints":{"allow":["GET"]}}],"collection":[{"href":"https:\/\/everstarsafety.com\/es\/wp-json\/wp\/v2\/product"}],"about":[{"href":"https:\/\/everstarsafety.com\/es\/wp-json\/wp\/v2\/types\/product"}],"replies":[{"embeddable":true,"href":"https:\/\/everstarsafety.com\/es\/wp-json\/wp\/v2\/comments?post=6031"}],"version-history":[{"count":1,"href":"https:\/\/everstarsafety.com\/es\/wp-json\/wp\/v2\/product\/6031\/revisions"}],"predecessor-version":[{"id":6033,"href":"https:\/\/everstarsafety.com\/es\/wp-json\/wp\/v2\/product\/6031\/revisions\/6033"}],"wp:featuredmedia":[{"embeddable":true,"href":"https:\/\/everstarsafety.com\/es\/wp-json\/wp\/v2\/media\/1850"}],"wp:attachment":[{"href":"https:\/\/everstarsafety.com\/es\/wp-json\/wp\/v2\/media?parent=6031"}],"wp:term":[{"taxonomy":"product_cat","embeddable":true,"href":"https:\/\/everstarsafety.com\/es\/wp-json\/wp\/v2\/product_cat?post=6031"},{"taxonomy":"product_tag","embeddable":true,"href":"https:\/\/everstarsafety.com\/es\/wp-json\/wp\/v2\/product_tag?post=6031"}],"curies":[{"name":"wp","href":"https:\/\/api.w.org\/{rel}","templated":true}]}}