{"id":6034,"date":"2022-09-19T07:59:56","date_gmt":"2022-09-19T07:59:56","guid":{"rendered":"https:\/\/everstarsafety.com\/product\/baston-de-trafico-led-recargable-a-bateria\/"},"modified":"2025-12-11T06:53:03","modified_gmt":"2025-12-11T06:53:03","slug":"baston-de-trafico-led-recargable-a-bateria","status":"publish","type":"product","link":"https:\/\/everstarsafety.com\/es\/producto\/baston-de-trafico-led-recargable-a-bateria\/","title":{"rendered":"Bast\u00f3n de tr\u00e1fico LED recargable a bater\u00eda"},"content":{"rendered":"\t\t<div data-elementor-type=\"product-post\" data-elementor-id=\"6034\" class=\"elementor elementor-6034 elementor-1848\">\n\t\t\t\t\t\t\t\t\t<section class=\"elementor-section elementor-top-section elementor-element elementor-element-77f88dc elementor-section-boxed elementor-section-height-default elementor-section-height-default\" data-id=\"77f88dc\" data-element_type=\"section\">\n\t\t\t\t\t\t<div class=\"elementor-container elementor-column-gap-default\">\n\t\t\t\t\t<div class=\"elementor-column elementor-col-100 elementor-top-column elementor-element elementor-element-4677e96\" data-id=\"4677e96\" data-element_type=\"column\">\n\t\t\t<div class=\"elementor-widget-wrap elementor-element-populated\">\n\t\t\t\t\t\t\t\t<div class=\"elementor-element elementor-element-29a6bda elementor-widget elementor-widget-heading\" data-id=\"29a6bda\" data-element_type=\"widget\" data-widget_type=\"heading.default\">\n\t\t\t\t<div class=\"elementor-widget-container\">\n\t\t\t<style>\/*! elementor - v3.7.0 - 08-08-2022 *\/\n.elementor-heading-title{padding:0;margin:0;line-height:1}.elementor-widget-heading .elementor-heading-title[class*=elementor-size-]>a{color:inherit;font-size:inherit;line-height:inherit}.elementor-widget-heading .elementor-heading-title.elementor-size-small{font-size:15px}.elementor-widget-heading .elementor-heading-title.elementor-size-medium{font-size:19px}.elementor-widget-heading .elementor-heading-title.elementor-size-large{font-size:29px}.elementor-widget-heading .elementor-heading-title.elementor-size-xl{font-size:39px}.elementor-widget-heading .elementor-heading-title.elementor-size-xxl{font-size:59px}<\/style><h2 class=\"elementor-heading-title elementor-size-default\">Bast\u00f3n de tr\u00e1fico LED de 54 cm M\u00e1s detalles<\/h2>\t\t<\/div>\n\t\t\t\t<\/div>\n\t\t\t\t\t<\/div>\n\t\t<\/div>\n\t\t\t\t\t\t\t<\/div>\n\t\t<\/section>\n\t\t\t\t<section class=\"elementor-section elementor-top-section elementor-element elementor-element-95332f6 elementor-section-boxed elementor-section-height-default elementor-section-height-default\" data-id=\"95332f6\" data-element_type=\"section\">\n\t\t\t\t\t\t<div class=\"elementor-container elementor-column-gap-default\">\n\t\t\t\t\t<div class=\"elementor-column elementor-col-100 elementor-top-column elementor-element elementor-element-dd4ad28\" data-id=\"dd4ad28\" data-element_type=\"column\">\n\t\t\t<div class=\"elementor-widget-wrap elementor-element-populated\">\n\t\t\t\t\t\t\t\t<div class=\"elementor-element elementor-element-bcbcd0e elementor-widget elementor-widget-text-editor\" data-id=\"bcbcd0e\" data-element_type=\"widget\" data-widget_type=\"text-editor.default\">\n\t\t\t\t<div class=\"elementor-widget-container\">\n\t\t\t<style>\/*! elementor - v3.7.0 - 08-08-2022 *\/\n.elementor-widget-text-editor.elementor-drop-cap-view-stacked .elementor-drop-cap{background-color:#818a91;color:#fff}.elementor-widget-text-editor.elementor-drop-cap-view-framed .elementor-drop-cap{color:#818a91;border:3px solid;background-color:transparent}.elementor-widget-text-editor:not(.elementor-drop-cap-view-default) .elementor-drop-cap{margin-top:8px}.elementor-widget-text-editor:not(.elementor-drop-cap-view-default) .elementor-drop-cap-letter{width:1em;height:1em}.elementor-widget-text-editor .elementor-drop-cap{float:left;text-align:center;line-height:1;font-size:50px}.elementor-widget-text-editor .elementor-drop-cap-letter{display:inline-block}<\/style>\t\t\t\t<ul><li>Bast\u00f3n de tr\u00e1fico LED de 54 cm<\/li><li>Bast\u00f3n de tr\u00e1fico LED multifunci\u00f3n para todo tipo de clima, con distancia de visualizaci\u00f3n ultralarga y material de primera calidad.<\/li><li>Efecto de uso nocturno, cuerpo de pel\u00edcula de celos\u00eda m\u00e1s brillante y claramente visible.<\/li><li>Dise\u00f1o de patr\u00f3n antideslizante. Mango ABS c\u00f3modo y no resbaladizo. <\/li><li>Dise\u00f1o de cord\u00f3n f\u00e1cil de llevar, se puede enrollar alrededor de la mano para evitar resbalones.<\/li><\/ul>\t\t\t\t\t\t<\/div>\n\t\t\t\t<\/div>\n\t\t\t\t\t<\/div>\n\t\t<\/div>\n\t\t\t\t\t\t\t<\/div>\n\t\t<\/section>\n\t\t\t\t<section class=\"elementor-section elementor-top-section elementor-element elementor-element-dfe4d7e elementor-section-boxed elementor-section-height-default elementor-section-height-default\" data-id=\"dfe4d7e\" data-element_type=\"section\">\n\t\t\t\t\t\t<div class=\"elementor-container elementor-column-gap-default\">\n\t\t\t\t\t<div class=\"elementor-column elementor-col-100 elementor-top-column elementor-element elementor-element-4552a31\" data-id=\"4552a31\" data-element_type=\"column\">\n\t\t\t<div class=\"elementor-widget-wrap elementor-element-populated\">\n\t\t\t\t\t\t\t\t<div class=\"elementor-element elementor-element-c9b739d elementor-widget elementor-widget-image\" data-id=\"c9b739d\" data-element_type=\"widget\" data-widget_type=\"image.default\">\n\t\t\t\t<div class=\"elementor-widget-container\">\n\t\t\t<style>\/*! elementor - v3.7.0 - 08-08-2022 *\/\n.elementor-widget-image{text-align:center}.elementor-widget-image a{display:inline-block}.elementor-widget-image a img[src$=\".svg\"]{width:48px}.elementor-widget-image img{vertical-align:middle;display:inline-block}<\/style>\t\t\t\t\t\t\t\t\t\t\t\t<img loading=\"lazy\" decoding=\"async\" width=\"525\" height=\"839\" src=\"https:\/\/everstarsafety.com\/wp-content\/uploads\/2022\/09\/1-21-641x1024.jpg\" class=\"attachment-large size-large\" alt=\"\" srcset=\"https:\/\/everstarsafety.com\/wp-content\/uploads\/2022\/09\/1-21-641x1024.jpg 641w, https:\/\/everstarsafety.com\/wp-content\/uploads\/2022\/09\/1-21-600x959.jpg 600w, https:\/\/everstarsafety.com\/wp-content\/uploads\/2022\/09\/1-21-188x300.jpg 188w, https:\/\/everstarsafety.com\/wp-content\/uploads\/2022\/09\/1-21.jpg 750w\" sizes=\"auto, (max-width: 525px) 100vw, 525px\" \/>\t\t\t\t\t\t\t\t\t\t\t\t\t\t\t<\/div>\n\t\t\t\t<\/div>\n\t\t\t\t<div class=\"elementor-element elementor-element-619eda2 elementor-widget elementor-widget-image\" data-id=\"619eda2\" data-element_type=\"widget\" data-widget_type=\"image.default\">\n\t\t\t\t<div class=\"elementor-widget-container\">\n\t\t\t\t\t\t\t\t\t\t\t\t\t\t\t<img loading=\"lazy\" decoding=\"async\" width=\"428\" height=\"1024\" src=\"https:\/\/everstarsafety.com\/wp-content\/uploads\/2022\/09\/2-21-428x1024.jpg\" class=\"attachment-large size-large\" alt=\"\" srcset=\"https:\/\/everstarsafety.com\/wp-content\/uploads\/2022\/09\/2-21-428x1024.jpg 428w, https:\/\/everstarsafety.com\/wp-content\/uploads\/2022\/09\/2-21-600x1436.jpg 600w, https:\/\/everstarsafety.com\/wp-content\/uploads\/2022\/09\/2-21-125x300.jpg 125w, https:\/\/everstarsafety.com\/wp-content\/uploads\/2022\/09\/2-21-642x1536.jpg 642w, https:\/\/everstarsafety.com\/wp-content\/uploads\/2022\/09\/2-21.jpg 750w\" sizes=\"auto, (max-width: 428px) 100vw, 428px\" \/>\t\t\t\t\t\t\t\t\t\t\t\t\t\t\t<\/div>\n\t\t\t\t<\/div>\n\t\t\t\t<div class=\"elementor-element elementor-element-b72617b elementor-widget elementor-widget-image\" data-id=\"b72617b\" data-element_type=\"widget\" data-widget_type=\"image.default\">\n\t\t\t\t<div class=\"elementor-widget-container\">\n\t\t\t\t\t\t\t\t\t\t\t\t\t\t\t<img loading=\"lazy\" decoding=\"async\" width=\"525\" height=\"997\" src=\"https:\/\/everstarsafety.com\/wp-content\/uploads\/2022\/09\/3-16-539x1024.jpg\" class=\"attachment-large size-large\" alt=\"\" srcset=\"https:\/\/everstarsafety.com\/wp-content\/uploads\/2022\/09\/3-16-539x1024.jpg 539w, https:\/\/everstarsafety.com\/wp-content\/uploads\/2022\/09\/3-16-600x1140.jpg 600w, https:\/\/everstarsafety.com\/wp-content\/uploads\/2022\/09\/3-16-158x300.jpg 158w, https:\/\/everstarsafety.com\/wp-content\/uploads\/2022\/09\/3-16.jpg 750w\" sizes=\"auto, (max-width: 525px) 100vw, 525px\" \/>\t\t\t\t\t\t\t\t\t\t\t\t\t\t\t<\/div>\n\t\t\t\t<\/div>\n\t\t\t\t<div class=\"elementor-element elementor-element-1b79885 elementor-widget elementor-widget-image\" data-id=\"1b79885\" data-element_type=\"widget\" data-widget_type=\"image.default\">\n\t\t\t\t<div class=\"elementor-widget-container\">\n\t\t\t\t\t\t\t\t\t\t\t\t\t\t\t<img loading=\"lazy\" decoding=\"async\" width=\"525\" height=\"610\" src=\"https:\/\/everstarsafety.com\/wp-content\/uploads\/2022\/09\/4-1.png\" class=\"attachment-large size-large\" alt=\"\" srcset=\"https:\/\/everstarsafety.com\/wp-content\/uploads\/2022\/09\/4-1.png 750w, https:\/\/everstarsafety.com\/wp-content\/uploads\/2022\/09\/4-1-600x698.png 600w, https:\/\/everstarsafety.com\/wp-content\/uploads\/2022\/09\/4-1-258x300.png 258w\" sizes=\"auto, (max-width: 525px) 100vw, 525px\" \/>\t\t\t\t\t\t\t\t\t\t\t\t\t\t\t<\/div>\n\t\t\t\t<\/div>\n\t\t\t\t<div class=\"elementor-element elementor-element-9925de8 elementor-widget elementor-widget-image\" data-id=\"9925de8\" data-element_type=\"widget\" data-widget_type=\"image.default\">\n\t\t\t\t<div class=\"elementor-widget-container\">\n\t\t\t\t\t\t\t\t\t\t\t\t\t\t\t<img loading=\"lazy\" decoding=\"async\" width=\"525\" height=\"946\" src=\"https:\/\/everstarsafety.com\/wp-content\/uploads\/2022\/09\/5-7-568x1024.jpg\" class=\"attachment-large size-large\" alt=\"\" srcset=\"https:\/\/everstarsafety.com\/wp-content\/uploads\/2022\/09\/5-7-568x1024.jpg 568w, https:\/\/everstarsafety.com\/wp-content\/uploads\/2022\/09\/5-7-600x1082.jpg 600w, https:\/\/everstarsafety.com\/wp-content\/uploads\/2022\/09\/5-7-166x300.jpg 166w, https:\/\/everstarsafety.com\/wp-content\/uploads\/2022\/09\/5-7.jpg 750w\" sizes=\"auto, (max-width: 525px) 100vw, 525px\" \/>\t\t\t\t\t\t\t\t\t\t\t\t\t\t\t<\/div>\n\t\t\t\t<\/div>\n\t\t\t\t<div class=\"elementor-element elementor-element-c4c7a35 elementor-widget elementor-widget-image\" data-id=\"c4c7a35\" data-element_type=\"widget\" data-widget_type=\"image.default\">\n\t\t\t\t<div class=\"elementor-widget-container\">\n\t\t\t\t\t\t\t\t\t\t\t\t\t\t\t<img loading=\"lazy\" decoding=\"async\" width=\"525\" height=\"679\" src=\"https:\/\/everstarsafety.com\/wp-content\/uploads\/2022\/09\/6-5.jpg\" class=\"attachment-large size-large\" alt=\"\" srcset=\"https:\/\/everstarsafety.com\/wp-content\/uploads\/2022\/09\/6-5.jpg 750w, https:\/\/everstarsafety.com\/wp-content\/uploads\/2022\/09\/6-5-600x776.jpg 600w, https:\/\/everstarsafety.com\/wp-content\/uploads\/2022\/09\/6-5-232x300.jpg 232w\" sizes=\"auto, (max-width: 525px) 100vw, 525px\" \/>\t\t\t\t\t\t\t\t\t\t\t\t\t\t\t<\/div>\n\t\t\t\t<\/div>\n\t\t\t\t<div class=\"elementor-element elementor-element-3835bb1 elementor-widget elementor-widget-image\" data-id=\"3835bb1\" data-element_type=\"widget\" data-widget_type=\"image.default\">\n\t\t\t\t<div class=\"elementor-widget-container\">\n\t\t\t\t\t\t\t\t\t\t\t\t\t\t\t<img loading=\"lazy\" decoding=\"async\" width=\"525\" height=\"942\" src=\"https:\/\/everstarsafety.com\/wp-content\/uploads\/2022\/09\/7-5-571x1024.jpg\" class=\"attachment-large size-large\" alt=\"\" srcset=\"https:\/\/everstarsafety.com\/wp-content\/uploads\/2022\/09\/7-5-571x1024.jpg 571w, https:\/\/everstarsafety.com\/wp-content\/uploads\/2022\/09\/7-5-600x1075.jpg 600w, https:\/\/everstarsafety.com\/wp-content\/uploads\/2022\/09\/7-5-167x300.jpg 167w, https:\/\/everstarsafety.com\/wp-content\/uploads\/2022\/09\/7-5.jpg 750w\" sizes=\"auto, (max-width: 525px) 100vw, 525px\" \/>\t\t\t\t\t\t\t\t\t\t\t\t\t\t\t<\/div>\n\t\t\t\t<\/div>\n\t\t\t\t<div class=\"elementor-element elementor-element-d4a9510 elementor-widget elementor-widget-image\" data-id=\"d4a9510\" data-element_type=\"widget\" data-widget_type=\"image.default\">\n\t\t\t\t<div class=\"elementor-widget-container\">\n\t\t\t\t\t\t\t\t\t\t\t\t\t\t\t<img loading=\"lazy\" decoding=\"async\" width=\"525\" height=\"780\" src=\"https:\/\/everstarsafety.com\/wp-content\/uploads\/2022\/09\/8-5-689x1024.jpg\" class=\"attachment-large size-large\" alt=\"\" srcset=\"https:\/\/everstarsafety.com\/wp-content\/uploads\/2022\/09\/8-5-689x1024.jpg 689w, https:\/\/everstarsafety.com\/wp-content\/uploads\/2022\/09\/8-5-600x891.jpg 600w, https:\/\/everstarsafety.com\/wp-content\/uploads\/2022\/09\/8-5-202x300.jpg 202w, https:\/\/everstarsafety.com\/wp-content\/uploads\/2022\/09\/8-5.jpg 750w\" sizes=\"auto, (max-width: 525px) 100vw, 525px\" \/>\t\t\t\t\t\t\t\t\t\t\t\t\t\t\t<\/div>\n\t\t\t\t<\/div>\n\t\t\t\t\t<\/div>\n\t\t<\/div>\n\t\t\t\t\t\t\t<\/div>\n\t\t<\/section>\n\t\t\t\t\t\t\t<\/div>\n\t\t","protected":false},"excerpt":{"rendered":"<p>El bast\u00f3n de tr\u00e1fico LED proporciona gran visibilidad y facilita el seguimiento de los conductores. Tiene un potente efecto de advertencia en d\u00edas de lluvia, niebla y nieve. <\/p>\n","protected":false},"featured_media":1849,"comment_status":"open","ping_status":"closed","template":"","meta":{"om_disable_all_campaigns":false,"_monsterinsights_skip_tracking":false,"_monsterinsights_sitenote_active":false,"_monsterinsights_sitenote_note":"","_monsterinsights_sitenote_category":0},"product_cat":[522,520],"product_tag":[794,793,791,792],"class_list":["post-6034","product","type-product","status-publish","has-post-thumbnail","hentry","product_cat-baston-de-trafico-led","product_cat-productos-electronicos-led","product_tag-baston-de-trafico-de-bateria","product_tag-baston-de-trafico-dirigido","product_tag-baston-de-trafico-recargable","product_tag-varita-de-ordenacion"],"aioseo_notices":[],"_links":{"self":[{"href":"https:\/\/everstarsafety.com\/es\/wp-json\/wp\/v2\/product\/6034","targetHints":{"allow":["GET"]}}],"collection":[{"href":"https:\/\/everstarsafety.com\/es\/wp-json\/wp\/v2\/product"}],"about":[{"href":"https:\/\/everstarsafety.com\/es\/wp-json\/wp\/v2\/types\/product"}],"replies":[{"embeddable":true,"href":"https:\/\/everstarsafety.com\/es\/wp-json\/wp\/v2\/comments?post=6034"}],"version-history":[{"count":1,"href":"https:\/\/everstarsafety.com\/es\/wp-json\/wp\/v2\/product\/6034\/revisions"}],"predecessor-version":[{"id":6035,"href":"https:\/\/everstarsafety.com\/es\/wp-json\/wp\/v2\/product\/6034\/revisions\/6035"}],"wp:featuredmedia":[{"embeddable":true,"href":"https:\/\/everstarsafety.com\/es\/wp-json\/wp\/v2\/media\/1849"}],"wp:attachment":[{"href":"https:\/\/everstarsafety.com\/es\/wp-json\/wp\/v2\/media?parent=6034"}],"wp:term":[{"taxonomy":"product_cat","embeddable":true,"href":"https:\/\/everstarsafety.com\/es\/wp-json\/wp\/v2\/product_cat?post=6034"},{"taxonomy":"product_tag","embeddable":true,"href":"https:\/\/everstarsafety.com\/es\/wp-json\/wp\/v2\/product_tag?post=6034"}],"curies":[{"name":"wp","href":"https:\/\/api.w.org\/{rel}","templated":true}]}}