{"id":6078,"date":"2022-09-08T06:27:40","date_gmt":"2022-09-08T06:27:40","guid":{"rendered":"https:\/\/everstarsafety.com\/product\/luz-de-trafico-intermitente-con-luz-estroboscopica-solar\/"},"modified":"2025-12-11T07:07:05","modified_gmt":"2025-12-11T07:07:05","slug":"luz-de-trafico-intermitente-con-luz-estroboscopica-solar","status":"publish","type":"product","link":"https:\/\/everstarsafety.com\/es\/producto\/luz-de-trafico-intermitente-con-luz-estroboscopica-solar\/","title":{"rendered":"Luz de tr\u00e1fico intermitente con luz estrobosc\u00f3pica solar"},"content":{"rendered":"\t\t<div data-elementor-type=\"product-post\" data-elementor-id=\"6078\" class=\"elementor elementor-6078 elementor-1746\">\n\t\t\t\t\t\t\t\t\t<section class=\"elementor-section elementor-top-section elementor-element elementor-element-afd8797 elementor-section-boxed elementor-section-height-default elementor-section-height-default\" data-id=\"afd8797\" data-element_type=\"section\">\n\t\t\t\t\t\t<div class=\"elementor-container elementor-column-gap-default\">\n\t\t\t\t\t<div class=\"elementor-column elementor-col-100 elementor-top-column elementor-element elementor-element-9a9f0f4\" data-id=\"9a9f0f4\" data-element_type=\"column\">\n\t\t\t<div class=\"elementor-widget-wrap elementor-element-populated\">\n\t\t\t\t\t\t\t\t<div class=\"elementor-element elementor-element-21aad3f elementor-widget elementor-widget-heading\" data-id=\"21aad3f\" data-element_type=\"widget\" data-widget_type=\"heading.default\">\n\t\t\t\t<div class=\"elementor-widget-container\">\n\t\t\t<style>\/*! elementor - v3.7.0 - 08-08-2022 *\/\n.elementor-heading-title{padding:0;margin:0;line-height:1}.elementor-widget-heading .elementor-heading-title[class*=elementor-size-]>a{color:inherit;font-size:inherit;line-height:inherit}.elementor-widget-heading .elementor-heading-title.elementor-size-small{font-size:15px}.elementor-widget-heading .elementor-heading-title.elementor-size-medium{font-size:19px}.elementor-widget-heading .elementor-heading-title.elementor-size-large{font-size:29px}.elementor-widget-heading .elementor-heading-title.elementor-size-xl{font-size:39px}.elementor-widget-heading .elementor-heading-title.elementor-size-xxl{font-size:59px}<\/style><h1 class=\"elementor-heading-title elementor-size-default\">Luz de tr\u00e1fico intermitente con luz estrobosc\u00f3pica solar<\/h1>\t\t<\/div>\n\t\t\t\t<\/div>\n\t\t\t\t\t<\/div>\n\t\t<\/div>\n\t\t\t\t\t\t\t<\/div>\n\t\t<\/section>\n\t\t\t\t<section class=\"elementor-section elementor-top-section elementor-element elementor-element-88aa9d4 elementor-section-boxed elementor-section-height-default elementor-section-height-default\" data-id=\"88aa9d4\" data-element_type=\"section\">\n\t\t\t\t\t\t<div class=\"elementor-container elementor-column-gap-default\">\n\t\t\t\t\t<div class=\"elementor-column elementor-col-100 elementor-top-column elementor-element elementor-element-f05639c\" data-id=\"f05639c\" data-element_type=\"column\">\n\t\t\t<div class=\"elementor-widget-wrap elementor-element-populated\">\n\t\t\t\t\t\t\t\t<div class=\"elementor-element elementor-element-ac0cf33 elementor-widget elementor-widget-text-editor\" data-id=\"ac0cf33\" data-element_type=\"widget\" data-widget_type=\"text-editor.default\">\n\t\t\t\t<div class=\"elementor-widget-container\">\n\t\t\t<style>\/*! elementor - v3.7.0 - 08-08-2022 *\/\n.elementor-widget-text-editor.elementor-drop-cap-view-stacked .elementor-drop-cap{background-color:#818a91;color:#fff}.elementor-widget-text-editor.elementor-drop-cap-view-framed .elementor-drop-cap{color:#818a91;border:3px solid;background-color:transparent}.elementor-widget-text-editor:not(.elementor-drop-cap-view-default) .elementor-drop-cap{margin-top:8px}.elementor-widget-text-editor:not(.elementor-drop-cap-view-default) .elementor-drop-cap-letter{width:1em;height:1em}.elementor-widget-text-editor .elementor-drop-cap{float:left;text-align:center;line-height:1;font-size:50px}.elementor-widget-text-editor .elementor-drop-cap-letter{display:inline-block}<\/style>\t\t\t\t<p>La luz de se\u00f1alizaci\u00f3n solar estrobosc\u00f3pica intermitente es impermeable, resistente al sol, con control inteligente de la luz, bater\u00eda de larga duraci\u00f3n y luz LED.<br>Incorpora un panel integrado, luz estrobosc\u00f3pica roja y azul, una l\u00e1mpara LED brillante y un soporte de fijaci\u00f3n.<br>El panel de carga solar de alta potencia mejorado aumenta el \u00e1rea de recepci\u00f3n de luz para garantizar una conversi\u00f3n energ\u00e9ticamente eficiente.<br>Se puede utilizar en diversas ocasiones, como cruces de caminos, intersecciones de alta velocidad, puertas de escuelas, obras de construcci\u00f3n, puertas de comunidades y carreteras de monta\u00f1a. <\/p>\t\t\t\t\t\t<\/div>\n\t\t\t\t<\/div>\n\t\t\t\t\t<\/div>\n\t\t<\/div>\n\t\t\t\t\t\t\t<\/div>\n\t\t<\/section>\n\t\t\t\t<section class=\"elementor-section elementor-top-section elementor-element elementor-element-565071e elementor-section-boxed elementor-section-height-default elementor-section-height-default\" data-id=\"565071e\" data-element_type=\"section\">\n\t\t\t\t\t\t<div class=\"elementor-container elementor-column-gap-default\">\n\t\t\t\t\t<div class=\"elementor-column elementor-col-100 elementor-top-column elementor-element elementor-element-c897031\" data-id=\"c897031\" data-element_type=\"column\">\n\t\t\t<div class=\"elementor-widget-wrap elementor-element-populated\">\n\t\t\t\t\t\t\t\t<div class=\"elementor-element elementor-element-d145237 elementor-widget elementor-widget-heading\" data-id=\"d145237\" data-element_type=\"widget\" data-widget_type=\"heading.default\">\n\t\t\t\t<div class=\"elementor-widget-container\">\n\t\t\t<h1 class=\"elementor-heading-title elementor-size-default\">Exhibici\u00f3n del producto<\/h1>\t\t<\/div>\n\t\t\t\t<\/div>\n\t\t\t\t\t<\/div>\n\t\t<\/div>\n\t\t\t\t\t\t\t<\/div>\n\t\t<\/section>\n\t\t\t\t<section class=\"elementor-section elementor-top-section elementor-element elementor-element-50a924d elementor-section-boxed elementor-section-height-default elementor-section-height-default\" data-id=\"50a924d\" data-element_type=\"section\">\n\t\t\t\t\t\t<div class=\"elementor-container elementor-column-gap-default\">\n\t\t\t\t\t<div class=\"elementor-column elementor-col-100 elementor-top-column elementor-element elementor-element-6ea53db\" data-id=\"6ea53db\" data-element_type=\"column\">\n\t\t\t<div class=\"elementor-widget-wrap elementor-element-populated\">\n\t\t\t\t\t\t\t\t<div class=\"elementor-element elementor-element-f624e94 elementor-widget elementor-widget-image\" data-id=\"f624e94\" data-element_type=\"widget\" data-widget_type=\"image.default\">\n\t\t\t\t<div class=\"elementor-widget-container\">\n\t\t\t<style>\/*! elementor - v3.7.0 - 08-08-2022 *\/\n.elementor-widget-image{text-align:center}.elementor-widget-image a{display:inline-block}.elementor-widget-image a img[src$=\".svg\"]{width:48px}.elementor-widget-image img{vertical-align:middle;display:inline-block}<\/style>\t\t\t\t\t\t\t\t\t\t\t\t<img loading=\"lazy\" decoding=\"async\" width=\"525\" height=\"770\" src=\"https:\/\/everstarsafety.com\/wp-content\/uploads\/2022\/09\/1-19-698x1024.jpg\" class=\"attachment-large size-large\" alt=\"\" srcset=\"https:\/\/everstarsafety.com\/wp-content\/uploads\/2022\/09\/1-19-698x1024.jpg 698w, https:\/\/everstarsafety.com\/wp-content\/uploads\/2022\/09\/1-19-600x880.jpg 600w, https:\/\/everstarsafety.com\/wp-content\/uploads\/2022\/09\/1-19-204x300.jpg 204w, https:\/\/everstarsafety.com\/wp-content\/uploads\/2022\/09\/1-19-768x1127.jpg 768w, https:\/\/everstarsafety.com\/wp-content\/uploads\/2022\/09\/1-19.jpg 790w\" sizes=\"auto, (max-width: 525px) 100vw, 525px\" \/>\t\t\t\t\t\t\t\t\t\t\t\t\t\t\t<\/div>\n\t\t\t\t<\/div>\n\t\t\t\t<div class=\"elementor-element elementor-element-f284e64 elementor-widget elementor-widget-image\" data-id=\"f284e64\" data-element_type=\"widget\" data-widget_type=\"image.default\">\n\t\t\t\t<div class=\"elementor-widget-container\">\n\t\t\t\t\t\t\t\t\t\t\t\t\t\t\t<img loading=\"lazy\" decoding=\"async\" width=\"525\" height=\"511\" src=\"https:\/\/everstarsafety.com\/wp-content\/uploads\/2022\/09\/2.png\" class=\"attachment-large size-large\" alt=\"\" srcset=\"https:\/\/everstarsafety.com\/wp-content\/uploads\/2022\/09\/2.png 788w, https:\/\/everstarsafety.com\/wp-content\/uploads\/2022\/09\/2-600x584.png 600w, https:\/\/everstarsafety.com\/wp-content\/uploads\/2022\/09\/2-300x292.png 300w, https:\/\/everstarsafety.com\/wp-content\/uploads\/2022\/09\/2-768x748.png 768w, https:\/\/everstarsafety.com\/wp-content\/uploads\/2022\/09\/2-53x53.png 53w\" sizes=\"auto, (max-width: 525px) 100vw, 525px\" \/>\t\t\t\t\t\t\t\t\t\t\t\t\t\t\t<\/div>\n\t\t\t\t<\/div>\n\t\t\t\t<div class=\"elementor-element elementor-element-4ac199f elementor-widget elementor-widget-image\" data-id=\"4ac199f\" data-element_type=\"widget\" data-widget_type=\"image.default\">\n\t\t\t\t<div class=\"elementor-widget-container\">\n\t\t\t\t\t\t\t\t\t\t\t\t\t\t\t<img decoding=\"async\" src=\"http:\/\/everstarsafety.com\/wp-content\/uploads\/2022\/09\/3.png\" title=\"\" alt=\"\" \/>\t\t\t\t\t\t\t\t\t\t\t\t\t\t\t<\/div>\n\t\t\t\t<\/div>\n\t\t\t\t<div class=\"elementor-element elementor-element-c094437 elementor-widget elementor-widget-image\" data-id=\"c094437\" data-element_type=\"widget\" data-widget_type=\"image.default\">\n\t\t\t\t<div class=\"elementor-widget-container\">\n\t\t\t\t\t\t\t\t\t\t\t\t\t\t\t<img loading=\"lazy\" decoding=\"async\" width=\"525\" height=\"525\" src=\"https:\/\/everstarsafety.com\/wp-content\/uploads\/2022\/09\/4-13.jpg\" class=\"attachment-large size-large\" alt=\"\" srcset=\"https:\/\/everstarsafety.com\/wp-content\/uploads\/2022\/09\/4-13.jpg 800w, https:\/\/everstarsafety.com\/wp-content\/uploads\/2022\/09\/4-13-300x300.jpg 300w, https:\/\/everstarsafety.com\/wp-content\/uploads\/2022\/09\/4-13-100x100.jpg 100w, https:\/\/everstarsafety.com\/wp-content\/uploads\/2022\/09\/4-13-600x600.jpg 600w, https:\/\/everstarsafety.com\/wp-content\/uploads\/2022\/09\/4-13-150x150.jpg 150w, https:\/\/everstarsafety.com\/wp-content\/uploads\/2022\/09\/4-13-768x768.jpg 768w, https:\/\/everstarsafety.com\/wp-content\/uploads\/2022\/09\/4-13-53x53.jpg 53w\" sizes=\"auto, (max-width: 525px) 100vw, 525px\" \/>\t\t\t\t\t\t\t\t\t\t\t\t\t\t\t<\/div>\n\t\t\t\t<\/div>\n\t\t\t\t<div class=\"elementor-element elementor-element-9abc940 elementor-widget elementor-widget-image\" data-id=\"9abc940\" data-element_type=\"widget\" data-widget_type=\"image.default\">\n\t\t\t\t<div class=\"elementor-widget-container\">\n\t\t\t\t\t\t\t\t\t\t\t\t\t\t\t<img loading=\"lazy\" decoding=\"async\" width=\"525\" height=\"525\" src=\"https:\/\/everstarsafety.com\/wp-content\/uploads\/2022\/09\/5-5.jpg\" class=\"attachment-large size-large\" alt=\"\" srcset=\"https:\/\/everstarsafety.com\/wp-content\/uploads\/2022\/09\/5-5.jpg 800w, https:\/\/everstarsafety.com\/wp-content\/uploads\/2022\/09\/5-5-300x300.jpg 300w, https:\/\/everstarsafety.com\/wp-content\/uploads\/2022\/09\/5-5-100x100.jpg 100w, https:\/\/everstarsafety.com\/wp-content\/uploads\/2022\/09\/5-5-600x600.jpg 600w, https:\/\/everstarsafety.com\/wp-content\/uploads\/2022\/09\/5-5-150x150.jpg 150w, https:\/\/everstarsafety.com\/wp-content\/uploads\/2022\/09\/5-5-768x768.jpg 768w, https:\/\/everstarsafety.com\/wp-content\/uploads\/2022\/09\/5-5-53x53.jpg 53w\" sizes=\"auto, (max-width: 525px) 100vw, 525px\" \/>\t\t\t\t\t\t\t\t\t\t\t\t\t\t\t<\/div>\n\t\t\t\t<\/div>\n\t\t\t\t<div class=\"elementor-element elementor-element-528ea80 elementor-widget elementor-widget-image\" data-id=\"528ea80\" data-element_type=\"widget\" data-widget_type=\"image.default\">\n\t\t\t\t<div class=\"elementor-widget-container\">\n\t\t\t\t\t\t\t\t\t\t\t\t\t\t\t<img loading=\"lazy\" decoding=\"async\" width=\"525\" height=\"659\" src=\"https:\/\/everstarsafety.com\/wp-content\/uploads\/2022\/09\/6-3.jpg\" class=\"attachment-large size-large\" alt=\"\" srcset=\"https:\/\/everstarsafety.com\/wp-content\/uploads\/2022\/09\/6-3.jpg 750w, https:\/\/everstarsafety.com\/wp-content\/uploads\/2022\/09\/6-3-600x754.jpg 600w, https:\/\/everstarsafety.com\/wp-content\/uploads\/2022\/09\/6-3-239x300.jpg 239w\" sizes=\"auto, (max-width: 525px) 100vw, 525px\" \/>\t\t\t\t\t\t\t\t\t\t\t\t\t\t\t<\/div>\n\t\t\t\t<\/div>\n\t\t\t\t\t<\/div>\n\t\t<\/div>\n\t\t\t\t\t\t\t<\/div>\n\t\t<\/section>\n\t\t\t\t\t\t\t<\/div>\n\t\t","protected":false},"excerpt":{"rendered":"<p>La luz de se\u00f1al intermitente estrobosc\u00f3pica solar sirve como advertencia, marcando el \u00e1rea adelante como un lugar propenso a accidentes o las malas condiciones de conducci\u00f3n actuales, recordando a los conductores que presten atenci\u00f3n a una conducci\u00f3n segura y cuidadosa.<\/p>\n","protected":false},"featured_media":1747,"comment_status":"open","ping_status":"closed","template":"","meta":{"om_disable_all_campaigns":false,"_monsterinsights_skip_tracking":false,"_monsterinsights_sitenote_active":false,"_monsterinsights_sitenote_note":"","_monsterinsights_sitenote_category":0},"product_cat":[523,520],"product_tag":[802,804,800,801,803],"class_list":["post-6078","product","type-product","status-publish","has-post-thumbnail","hentry","product_cat-luz-de-advertencia","product_cat-productos-electronicos-led","product_tag-luz-estroboscopica","product_tag-luz-solar-intermitente","product_tag-semaforo","product_tag-semaforo-intermitente","product_tag-semaforo-solar"],"aioseo_notices":[],"_links":{"self":[{"href":"https:\/\/everstarsafety.com\/es\/wp-json\/wp\/v2\/product\/6078","targetHints":{"allow":["GET"]}}],"collection":[{"href":"https:\/\/everstarsafety.com\/es\/wp-json\/wp\/v2\/product"}],"about":[{"href":"https:\/\/everstarsafety.com\/es\/wp-json\/wp\/v2\/types\/product"}],"replies":[{"embeddable":true,"href":"https:\/\/everstarsafety.com\/es\/wp-json\/wp\/v2\/comments?post=6078"}],"version-history":[{"count":1,"href":"https:\/\/everstarsafety.com\/es\/wp-json\/wp\/v2\/product\/6078\/revisions"}],"predecessor-version":[{"id":6080,"href":"https:\/\/everstarsafety.com\/es\/wp-json\/wp\/v2\/product\/6078\/revisions\/6080"}],"wp:featuredmedia":[{"embeddable":true,"href":"https:\/\/everstarsafety.com\/es\/wp-json\/wp\/v2\/media\/1747"}],"wp:attachment":[{"href":"https:\/\/everstarsafety.com\/es\/wp-json\/wp\/v2\/media?parent=6078"}],"wp:term":[{"taxonomy":"product_cat","embeddable":true,"href":"https:\/\/everstarsafety.com\/es\/wp-json\/wp\/v2\/product_cat?post=6078"},{"taxonomy":"product_tag","embeddable":true,"href":"https:\/\/everstarsafety.com\/es\/wp-json\/wp\/v2\/product_tag?post=6078"}],"curies":[{"name":"wp","href":"https:\/\/api.w.org\/{rel}","templated":true}]}}