{"id":6096,"date":"2022-09-08T05:01:06","date_gmt":"2022-09-08T05:01:06","guid":{"rendered":"https:\/\/everstarsafety.com\/product\/luz-led-solar-de-trafico-amarilla-intermitente\/"},"modified":"2025-12-11T07:09:15","modified_gmt":"2025-12-11T07:09:15","slug":"luz-led-solar-de-trafico-amarilla-intermitente","status":"publish","type":"product","link":"https:\/\/everstarsafety.com\/es\/producto\/luz-led-solar-de-trafico-amarilla-intermitente\/","title":{"rendered":"Luz LED solar de tr\u00e1fico amarilla intermitente"},"content":{"rendered":"\t\t<div data-elementor-type=\"product-post\" data-elementor-id=\"6096\" class=\"elementor elementor-6096 elementor-1729\">\n\t\t\t\t\t\t\t\t\t<section class=\"elementor-section elementor-top-section elementor-element elementor-element-a820689 elementor-section-boxed elementor-section-height-default elementor-section-height-default\" data-id=\"a820689\" data-element_type=\"section\">\n\t\t\t\t\t\t<div class=\"elementor-container elementor-column-gap-default\">\n\t\t\t\t\t<div class=\"elementor-column elementor-col-100 elementor-top-column elementor-element elementor-element-782f1a4\" data-id=\"782f1a4\" data-element_type=\"column\">\n\t\t\t<div class=\"elementor-widget-wrap elementor-element-populated\">\n\t\t\t\t\t\t\t\t<div class=\"elementor-element elementor-element-89a15ab elementor-widget elementor-widget-heading\" data-id=\"89a15ab\" data-element_type=\"widget\" data-widget_type=\"heading.default\">\n\t\t\t\t<div class=\"elementor-widget-container\">\n\t\t\t<style>\/*! elementor - v3.7.0 - 08-08-2022 *\/\n.elementor-heading-title{padding:0;margin:0;line-height:1}.elementor-widget-heading .elementor-heading-title[class*=elementor-size-]>a{color:inherit;font-size:inherit;line-height:inherit}.elementor-widget-heading .elementor-heading-title.elementor-size-small{font-size:15px}.elementor-widget-heading .elementor-heading-title.elementor-size-medium{font-size:19px}.elementor-widget-heading .elementor-heading-title.elementor-size-large{font-size:29px}.elementor-widget-heading .elementor-heading-title.elementor-size-xl{font-size:39px}.elementor-widget-heading .elementor-heading-title.elementor-size-xxl{font-size:59px}<\/style><h1 class=\"elementor-heading-title elementor-size-default\">Solar LED Traffic Yellow Flashing Light<\/h1>\t\t<\/div>\n\t\t\t\t<\/div>\n\t\t\t\t\t<\/div>\n\t\t<\/div>\n\t\t\t\t\t\t\t<\/div>\n\t\t<\/section>\n\t\t\t\t<section class=\"elementor-section elementor-top-section elementor-element elementor-element-a7529ec elementor-section-boxed elementor-section-height-default elementor-section-height-default\" data-id=\"a7529ec\" data-element_type=\"section\">\n\t\t\t\t\t\t<div class=\"elementor-container elementor-column-gap-default\">\n\t\t\t\t\t<div class=\"elementor-column elementor-col-100 elementor-top-column elementor-element elementor-element-50898bb\" data-id=\"50898bb\" data-element_type=\"column\">\n\t\t\t<div class=\"elementor-widget-wrap elementor-element-populated\">\n\t\t\t\t\t\t\t\t<div class=\"elementor-element elementor-element-639d9bf elementor-widget elementor-widget-text-editor\" data-id=\"639d9bf\" data-element_type=\"widget\" data-widget_type=\"text-editor.default\">\n\t\t\t\t<div class=\"elementor-widget-container\">\n\t\t\t<style>\/*! elementor - v3.7.0 - 08-08-2022 *\/\n.elementor-widget-text-editor.elementor-drop-cap-view-stacked .elementor-drop-cap{background-color:#818a91;color:#fff}.elementor-widget-text-editor.elementor-drop-cap-view-framed .elementor-drop-cap{color:#818a91;border:3px solid;background-color:transparent}.elementor-widget-text-editor:not(.elementor-drop-cap-view-default) .elementor-drop-cap{margin-top:8px}.elementor-widget-text-editor:not(.elementor-drop-cap-view-default) .elementor-drop-cap-letter{width:1em;height:1em}.elementor-widget-text-editor .elementor-drop-cap{float:left;text-align:center;line-height:1;font-size:50px}.elementor-widget-text-editor .elementor-drop-cap-letter{display:inline-block}<\/style>\t\t\t\t<p>La luz LED solar amarilla intermitente cuenta con una potente luz y una bater\u00eda de larga duraci\u00f3n.<br>El panel solar adopta una tecnolog\u00eda especial que ofrece una excelente conversi\u00f3n de energ\u00eda lum\u00ednica, resistencia al polvo y a la lluvia, ahorro de energ\u00eda, protecci\u00f3n del medio ambiente y una larga vida \u00fatil.<br>La pantalla contiene perlas LED de alta luminosidad y la luz estrobosc\u00f3pica act\u00faa como advertencia y recordatorio. Ofrece un amplio alcance visual y mejora la seguridad vial.<br>Las brillantes perlas LED son m\u00e1s llamativas por la noche, tanto de d\u00eda como de noche, para iluminar el camino.<br>Se adapta a diferentes situaciones, como cruces de caminos, intersecciones de alta velocidad, puertas de escuelas, obras de construcci\u00f3n, puertas de comunidades y carreteras de monta\u00f1a. <\/p>\t\t\t\t\t\t<\/div>\n\t\t\t\t<\/div>\n\t\t\t\t\t<\/div>\n\t\t<\/div>\n\t\t\t\t\t\t\t<\/div>\n\t\t<\/section>\n\t\t\t\t<section class=\"elementor-section elementor-top-section elementor-element elementor-element-36e0c18 elementor-section-boxed elementor-section-height-default elementor-section-height-default\" data-id=\"36e0c18\" data-element_type=\"section\">\n\t\t\t\t\t\t<div class=\"elementor-container elementor-column-gap-default\">\n\t\t\t\t\t<div class=\"elementor-column elementor-col-100 elementor-top-column elementor-element elementor-element-5abf85d\" data-id=\"5abf85d\" data-element_type=\"column\">\n\t\t\t<div class=\"elementor-widget-wrap elementor-element-populated\">\n\t\t\t\t\t\t\t\t<div class=\"elementor-element elementor-element-e637a76 elementor-widget elementor-widget-image\" data-id=\"e637a76\" data-element_type=\"widget\" data-widget_type=\"image.default\">\n\t\t\t\t<div class=\"elementor-widget-container\">\n\t\t\t<style>\/*! elementor - v3.7.0 - 08-08-2022 *\/\n.elementor-widget-image{text-align:center}.elementor-widget-image a{display:inline-block}.elementor-widget-image a img[src$=\".svg\"]{width:48px}.elementor-widget-image img{vertical-align:middle;display:inline-block}<\/style>\t\t\t\t\t\t\t\t\t\t\t\t<img loading=\"lazy\" decoding=\"async\" width=\"525\" height=\"997\" src=\"https:\/\/everstarsafety.com\/wp-content\/uploads\/2022\/09\/\u8be6\u60c5\u98751-19-539x1024.jpg\" class=\"attachment-large size-large\" alt=\"\" srcset=\"https:\/\/everstarsafety.com\/wp-content\/uploads\/2022\/09\/\u8be6\u60c5\u98751-19-539x1024.jpg 539w, https:\/\/everstarsafety.com\/wp-content\/uploads\/2022\/09\/\u8be6\u60c5\u98751-19-600x1139.jpg 600w, https:\/\/everstarsafety.com\/wp-content\/uploads\/2022\/09\/\u8be6\u60c5\u98751-19-158x300.jpg 158w, https:\/\/everstarsafety.com\/wp-content\/uploads\/2022\/09\/\u8be6\u60c5\u98751-19-768x1458.jpg 768w, https:\/\/everstarsafety.com\/wp-content\/uploads\/2022\/09\/\u8be6\u60c5\u98751-19.jpg 790w\" sizes=\"auto, (max-width: 525px) 100vw, 525px\" \/>\t\t\t\t\t\t\t\t\t\t\t\t\t\t\t<\/div>\n\t\t\t\t<\/div>\n\t\t\t\t<div class=\"elementor-element elementor-element-dd5ff0e elementor-widget elementor-widget-image\" data-id=\"dd5ff0e\" data-element_type=\"widget\" data-widget_type=\"image.default\">\n\t\t\t\t<div class=\"elementor-widget-container\">\n\t\t\t\t\t\t\t\t\t\t\t\t\t\t\t<img loading=\"lazy\" decoding=\"async\" width=\"425\" height=\"1024\" src=\"https:\/\/everstarsafety.com\/wp-content\/uploads\/2022\/09\/\u8be6\u60c5\u98752-17-425x1024.jpg\" class=\"attachment-large size-large\" alt=\"\" srcset=\"https:\/\/everstarsafety.com\/wp-content\/uploads\/2022\/09\/\u8be6\u60c5\u98752-17-425x1024.jpg 425w, https:\/\/everstarsafety.com\/wp-content\/uploads\/2022\/09\/\u8be6\u60c5\u98752-17-600x1444.jpg 600w, https:\/\/everstarsafety.com\/wp-content\/uploads\/2022\/09\/\u8be6\u60c5\u98752-17-125x300.jpg 125w, https:\/\/everstarsafety.com\/wp-content\/uploads\/2022\/09\/\u8be6\u60c5\u98752-17-768x1849.jpg 768w, https:\/\/everstarsafety.com\/wp-content\/uploads\/2022\/09\/\u8be6\u60c5\u98752-17-638x1536.jpg 638w, https:\/\/everstarsafety.com\/wp-content\/uploads\/2022\/09\/\u8be6\u60c5\u98752-17.jpg 805w\" sizes=\"auto, (max-width: 425px) 100vw, 425px\" \/>\t\t\t\t\t\t\t\t\t\t\t\t\t\t\t<\/div>\n\t\t\t\t<\/div>\n\t\t\t\t<div class=\"elementor-element elementor-element-2539d5c elementor-widget elementor-widget-image\" data-id=\"2539d5c\" data-element_type=\"widget\" data-widget_type=\"image.default\">\n\t\t\t\t<div class=\"elementor-widget-container\">\n\t\t\t\t\t\t\t\t\t\t\t\t\t\t\t<img loading=\"lazy\" decoding=\"async\" width=\"525\" height=\"659\" src=\"https:\/\/everstarsafety.com\/wp-content\/uploads\/2022\/09\/\u8be6\u60c5\u98753-14.jpg\" class=\"attachment-large size-large\" alt=\"\" srcset=\"https:\/\/everstarsafety.com\/wp-content\/uploads\/2022\/09\/\u8be6\u60c5\u98753-14.jpg 750w, https:\/\/everstarsafety.com\/wp-content\/uploads\/2022\/09\/\u8be6\u60c5\u98753-14-600x754.jpg 600w, https:\/\/everstarsafety.com\/wp-content\/uploads\/2022\/09\/\u8be6\u60c5\u98753-14-239x300.jpg 239w\" sizes=\"auto, (max-width: 525px) 100vw, 525px\" \/>\t\t\t\t\t\t\t\t\t\t\t\t\t\t\t<\/div>\n\t\t\t\t<\/div>\n\t\t\t\t\t<\/div>\n\t\t<\/div>\n\t\t\t\t\t\t\t<\/div>\n\t\t<\/section>\n\t\t\t\t\t\t\t<\/div>\n\t\t","protected":false},"excerpt":{"rendered":"<p>La luz intermitente LED amarilla solar se puede instalar en el cruce de tr\u00e1fico y se puede suministrar electricidad mediante un panel solar sin fuente de alimentaci\u00f3n externa.<\/p>\n","protected":false},"featured_media":1732,"comment_status":"open","ping_status":"closed","template":"","meta":{"om_disable_all_campaigns":false,"_monsterinsights_skip_tracking":false,"_monsterinsights_sitenote_active":false,"_monsterinsights_sitenote_note":"","_monsterinsights_sitenote_category":0},"product_cat":[523,520],"product_tag":[805,806,808,807],"class_list":["post-6096","product","type-product","status-publish","has-post-thumbnail","hentry","product_cat-luz-de-advertencia","product_cat-productos-electronicos-led","product_tag-luz-amarilla-intermitente","product_tag-luz-de-advertencia-amarilla","product_tag-luz-de-trafico-led-intermitente","product_tag-luz-led-intermitente"],"aioseo_notices":[],"_links":{"self":[{"href":"https:\/\/everstarsafety.com\/es\/wp-json\/wp\/v2\/product\/6096","targetHints":{"allow":["GET"]}}],"collection":[{"href":"https:\/\/everstarsafety.com\/es\/wp-json\/wp\/v2\/product"}],"about":[{"href":"https:\/\/everstarsafety.com\/es\/wp-json\/wp\/v2\/types\/product"}],"replies":[{"embeddable":true,"href":"https:\/\/everstarsafety.com\/es\/wp-json\/wp\/v2\/comments?post=6096"}],"version-history":[{"count":1,"href":"https:\/\/everstarsafety.com\/es\/wp-json\/wp\/v2\/product\/6096\/revisions"}],"predecessor-version":[{"id":6097,"href":"https:\/\/everstarsafety.com\/es\/wp-json\/wp\/v2\/product\/6096\/revisions\/6097"}],"wp:featuredmedia":[{"embeddable":true,"href":"https:\/\/everstarsafety.com\/es\/wp-json\/wp\/v2\/media\/1732"}],"wp:attachment":[{"href":"https:\/\/everstarsafety.com\/es\/wp-json\/wp\/v2\/media?parent=6096"}],"wp:term":[{"taxonomy":"product_cat","embeddable":true,"href":"https:\/\/everstarsafety.com\/es\/wp-json\/wp\/v2\/product_cat?post=6096"},{"taxonomy":"product_tag","embeddable":true,"href":"https:\/\/everstarsafety.com\/es\/wp-json\/wp\/v2\/product_tag?post=6096"}],"curies":[{"name":"wp","href":"https:\/\/api.w.org\/{rel}","templated":true}]}}