{"id":6114,"date":"2022-09-08T01:29:33","date_gmt":"2022-09-08T01:29:33","guid":{"rendered":"https:\/\/everstarsafety.com\/product\/delineador-de-contornos-reflectante-de-carretera\/"},"modified":"2025-12-11T07:11:55","modified_gmt":"2025-12-11T07:11:55","slug":"delineador-de-contornos-reflectante-de-carretera","status":"publish","type":"product","link":"https:\/\/everstarsafety.com\/es\/producto\/delineador-de-contornos-reflectante-de-carretera\/","title":{"rendered":"Delineador de contornos reflectante de carretera"},"content":{"rendered":"\t\t<div data-elementor-type=\"product-post\" data-elementor-id=\"6114\" class=\"elementor elementor-6114 elementor-1703\">\n\t\t\t\t\t\t\t\t\t<section class=\"elementor-section elementor-top-section elementor-element elementor-element-9e0d3ae elementor-section-boxed elementor-section-height-default elementor-section-height-default\" data-id=\"9e0d3ae\" data-element_type=\"section\">\n\t\t\t\t\t\t<div class=\"elementor-container elementor-column-gap-default\">\n\t\t\t\t\t<div class=\"elementor-column elementor-col-100 elementor-top-column elementor-element elementor-element-f83b8fe\" data-id=\"f83b8fe\" data-element_type=\"column\">\n\t\t\t<div class=\"elementor-widget-wrap elementor-element-populated\">\n\t\t\t\t\t\t\t\t<div class=\"elementor-element elementor-element-ed2a8de elementor-widget elementor-widget-heading\" data-id=\"ed2a8de\" data-element_type=\"widget\" data-widget_type=\"heading.default\">\n\t\t\t\t<div class=\"elementor-widget-container\">\n\t\t\t<style>\/*! elementor - v3.7.0 - 08-08-2022 *\/\n.elementor-heading-title{padding:0;margin:0;line-height:1}.elementor-widget-heading .elementor-heading-title[class*=elementor-size-]>a{color:inherit;font-size:inherit;line-height:inherit}.elementor-widget-heading .elementor-heading-title.elementor-size-small{font-size:15px}.elementor-widget-heading .elementor-heading-title.elementor-size-medium{font-size:19px}.elementor-widget-heading .elementor-heading-title.elementor-size-large{font-size:29px}.elementor-widget-heading .elementor-heading-title.elementor-size-xl{font-size:39px}.elementor-widget-heading .elementor-heading-title.elementor-size-xxl{font-size:59px}<\/style><h2 class=\"elementor-heading-title elementor-size-default\">Detalles del delineador de contorno reflectante de carretera<\/h2>\t\t<\/div>\n\t\t\t\t<\/div>\n\t\t\t\t\t<\/div>\n\t\t<\/div>\n\t\t\t\t\t\t\t<\/div>\n\t\t<\/section>\n\t\t\t\t<section class=\"elementor-section elementor-top-section elementor-element elementor-element-206a5aa elementor-section-boxed elementor-section-height-default elementor-section-height-default\" data-id=\"206a5aa\" data-element_type=\"section\">\n\t\t\t\t\t\t<div class=\"elementor-container elementor-column-gap-default\">\n\t\t\t\t\t<div class=\"elementor-column elementor-col-100 elementor-top-column elementor-element elementor-element-298eb70\" data-id=\"298eb70\" data-element_type=\"column\">\n\t\t\t<div class=\"elementor-widget-wrap elementor-element-populated\">\n\t\t\t\t\t\t\t\t<div class=\"elementor-element elementor-element-99d0bcf elementor-widget elementor-widget-text-editor\" data-id=\"99d0bcf\" data-element_type=\"widget\" data-widget_type=\"text-editor.default\">\n\t\t\t\t<div class=\"elementor-widget-container\">\n\t\t\t<style>\/*! elementor - v3.7.0 - 08-08-2022 *\/\n.elementor-widget-text-editor.elementor-drop-cap-view-stacked .elementor-drop-cap{background-color:#818a91;color:#fff}.elementor-widget-text-editor.elementor-drop-cap-view-framed .elementor-drop-cap{color:#818a91;border:3px solid;background-color:transparent}.elementor-widget-text-editor:not(.elementor-drop-cap-view-default) .elementor-drop-cap{margin-top:8px}.elementor-widget-text-editor:not(.elementor-drop-cap-view-default) .elementor-drop-cap-letter{width:1em;height:1em}.elementor-widget-text-editor .elementor-drop-cap{float:left;text-align:center;line-height:1;font-size:50px}.elementor-widget-text-editor .elementor-drop-cap-letter{display:inline-block}<\/style>\t\t\t\t<p>El reflector de celos\u00eda de policarbonato, de nuevo desarrollo y alta reflectividad, duplica la cantidad de puntos reflectantes por unidad de \u00e1rea.<br>La pieza de conexi\u00f3n est\u00e1 fabricada con un nuevo material, m\u00e1s grueso y resistente, lo que proporciona una estructura m\u00e1s estable, resistente y duradera.<br>Su base est\u00e1 fabricada con material de alta resistencia.<br>Tiene una amplia gama de aplicaciones: carreteras, t\u00faneles, puentes y carreteras con curvas, lo que aumenta la seguridad en d\u00edas de lluvia y nieve.<br>Es fuerte y robusto, apto para cualquier clima, de f\u00e1cil instalaci\u00f3n, con una superficie resistente a impactos y una calidad confiable.<br>Cuenta con una excelente selecci\u00f3n de materiales y una excelente mano de obra.<br>Refleja una luz intensa por la noche, alertando eficazmente a conductores y peatones.<\/p>\t\t\t\t\t\t<\/div>\n\t\t\t\t<\/div>\n\t\t\t\t\t<\/div>\n\t\t<\/div>\n\t\t\t\t\t\t\t<\/div>\n\t\t<\/section>\n\t\t\t\t<section class=\"elementor-section elementor-top-section elementor-element elementor-element-43ade88 elementor-section-boxed elementor-section-height-default elementor-section-height-default\" data-id=\"43ade88\" data-element_type=\"section\">\n\t\t\t\t\t\t<div class=\"elementor-container elementor-column-gap-default\">\n\t\t\t\t\t<div class=\"elementor-column elementor-col-100 elementor-top-column elementor-element elementor-element-05506b1\" data-id=\"05506b1\" data-element_type=\"column\">\n\t\t\t<div class=\"elementor-widget-wrap elementor-element-populated\">\n\t\t\t\t\t\t\t\t<div class=\"elementor-element elementor-element-d8a980a elementor-widget elementor-widget-image\" data-id=\"d8a980a\" data-element_type=\"widget\" data-widget_type=\"image.default\">\n\t\t\t\t<div class=\"elementor-widget-container\">\n\t\t\t<style>\/*! elementor - v3.7.0 - 08-08-2022 *\/\n.elementor-widget-image{text-align:center}.elementor-widget-image a{display:inline-block}.elementor-widget-image a img[src$=\".svg\"]{width:48px}.elementor-widget-image img{vertical-align:middle;display:inline-block}<\/style>\t\t\t\t\t\t\t\t\t\t\t\t<img loading=\"lazy\" decoding=\"async\" width=\"525\" height=\"778\" src=\"https:\/\/everstarsafety.com\/wp-content\/uploads\/2022\/09\/\u8be6\u60c5\u98751-18-691x1024.jpg\" class=\"attachment-large size-large\" alt=\"\" srcset=\"https:\/\/everstarsafety.com\/wp-content\/uploads\/2022\/09\/\u8be6\u60c5\u98751-18-691x1024.jpg 691w, https:\/\/everstarsafety.com\/wp-content\/uploads\/2022\/09\/\u8be6\u60c5\u98751-18-600x889.jpg 600w, https:\/\/everstarsafety.com\/wp-content\/uploads\/2022\/09\/\u8be6\u60c5\u98751-18-202x300.jpg 202w, https:\/\/everstarsafety.com\/wp-content\/uploads\/2022\/09\/\u8be6\u60c5\u98751-18-768x1138.jpg 768w, https:\/\/everstarsafety.com\/wp-content\/uploads\/2022\/09\/\u8be6\u60c5\u98751-18.jpg 790w\" sizes=\"auto, (max-width: 525px) 100vw, 525px\" \/>\t\t\t\t\t\t\t\t\t\t\t\t\t\t\t<\/div>\n\t\t\t\t<\/div>\n\t\t\t\t<div class=\"elementor-element elementor-element-5de125e elementor-widget elementor-widget-image\" data-id=\"5de125e\" data-element_type=\"widget\" data-widget_type=\"image.default\">\n\t\t\t\t<div class=\"elementor-widget-container\">\n\t\t\t\t\t\t\t\t\t\t\t\t\t\t\t<img loading=\"lazy\" decoding=\"async\" width=\"525\" height=\"484\" src=\"https:\/\/everstarsafety.com\/wp-content\/uploads\/2022\/09\/\u8be6\u60c5\u98752-16.jpg\" class=\"attachment-large size-large\" alt=\"\" srcset=\"https:\/\/everstarsafety.com\/wp-content\/uploads\/2022\/09\/\u8be6\u60c5\u98752-16.jpg 790w, https:\/\/everstarsafety.com\/wp-content\/uploads\/2022\/09\/\u8be6\u60c5\u98752-16-600x553.jpg 600w, https:\/\/everstarsafety.com\/wp-content\/uploads\/2022\/09\/\u8be6\u60c5\u98752-16-300x276.jpg 300w, https:\/\/everstarsafety.com\/wp-content\/uploads\/2022\/09\/\u8be6\u60c5\u98752-16-768x708.jpg 768w\" sizes=\"auto, (max-width: 525px) 100vw, 525px\" \/>\t\t\t\t\t\t\t\t\t\t\t\t\t\t\t<\/div>\n\t\t\t\t<\/div>\n\t\t\t\t<div class=\"elementor-element elementor-element-a30d154 elementor-widget elementor-widget-image\" data-id=\"a30d154\" data-element_type=\"widget\" data-widget_type=\"image.default\">\n\t\t\t\t<div class=\"elementor-widget-container\">\n\t\t\t\t\t\t\t\t\t\t\t\t\t\t\t<img loading=\"lazy\" decoding=\"async\" width=\"525\" height=\"502\" src=\"https:\/\/everstarsafety.com\/wp-content\/uploads\/2022\/09\/\u8be6\u60c5\u98753-13.jpg\" class=\"attachment-large size-large\" alt=\"\" srcset=\"https:\/\/everstarsafety.com\/wp-content\/uploads\/2022\/09\/\u8be6\u60c5\u98753-13.jpg 790w, https:\/\/everstarsafety.com\/wp-content\/uploads\/2022\/09\/\u8be6\u60c5\u98753-13-600x574.jpg 600w, https:\/\/everstarsafety.com\/wp-content\/uploads\/2022\/09\/\u8be6\u60c5\u98753-13-300x287.jpg 300w, https:\/\/everstarsafety.com\/wp-content\/uploads\/2022\/09\/\u8be6\u60c5\u98753-13-768x735.jpg 768w\" sizes=\"auto, (max-width: 525px) 100vw, 525px\" \/>\t\t\t\t\t\t\t\t\t\t\t\t\t\t\t<\/div>\n\t\t\t\t<\/div>\n\t\t\t\t<div class=\"elementor-element elementor-element-06dfc4b elementor-widget elementor-widget-image\" data-id=\"06dfc4b\" data-element_type=\"widget\" data-widget_type=\"image.default\">\n\t\t\t\t<div class=\"elementor-widget-container\">\n\t\t\t\t\t\t\t\t\t\t\t\t\t\t\t<img loading=\"lazy\" decoding=\"async\" width=\"525\" height=\"439\" src=\"https:\/\/everstarsafety.com\/wp-content\/uploads\/2022\/09\/\u8be6\u60c5\u98754-12.jpg\" class=\"attachment-large size-large\" alt=\"\" srcset=\"https:\/\/everstarsafety.com\/wp-content\/uploads\/2022\/09\/\u8be6\u60c5\u98754-12.jpg 790w, https:\/\/everstarsafety.com\/wp-content\/uploads\/2022\/09\/\u8be6\u60c5\u98754-12-600x501.jpg 600w, https:\/\/everstarsafety.com\/wp-content\/uploads\/2022\/09\/\u8be6\u60c5\u98754-12-300x251.jpg 300w, https:\/\/everstarsafety.com\/wp-content\/uploads\/2022\/09\/\u8be6\u60c5\u98754-12-768x642.jpg 768w\" sizes=\"auto, (max-width: 525px) 100vw, 525px\" \/>\t\t\t\t\t\t\t\t\t\t\t\t\t\t\t<\/div>\n\t\t\t\t<\/div>\n\t\t\t\t<div class=\"elementor-element elementor-element-3ab6930 elementor-widget elementor-widget-image\" data-id=\"3ab6930\" data-element_type=\"widget\" data-widget_type=\"image.default\">\n\t\t\t\t<div class=\"elementor-widget-container\">\n\t\t\t\t\t\t\t\t\t\t\t\t\t\t\t<img loading=\"lazy\" decoding=\"async\" width=\"525\" height=\"301\" src=\"https:\/\/everstarsafety.com\/wp-content\/uploads\/2022\/09\/T\u578b\u8f6e\u5ed3\u6807\u8be6\u60c5\u98751.jpg\" class=\"attachment-large size-large\" alt=\"\" srcset=\"https:\/\/everstarsafety.com\/wp-content\/uploads\/2022\/09\/T\u578b\u8f6e\u5ed3\u6807\u8be6\u60c5\u98751.jpg 790w, https:\/\/everstarsafety.com\/wp-content\/uploads\/2022\/09\/T\u578b\u8f6e\u5ed3\u6807\u8be6\u60c5\u98751-600x344.jpg 600w, https:\/\/everstarsafety.com\/wp-content\/uploads\/2022\/09\/T\u578b\u8f6e\u5ed3\u6807\u8be6\u60c5\u98751-300x172.jpg 300w, https:\/\/everstarsafety.com\/wp-content\/uploads\/2022\/09\/T\u578b\u8f6e\u5ed3\u6807\u8be6\u60c5\u98751-768x440.jpg 768w\" sizes=\"auto, (max-width: 525px) 100vw, 525px\" \/>\t\t\t\t\t\t\t\t\t\t\t\t\t\t\t<\/div>\n\t\t\t\t<\/div>\n\t\t\t\t<div class=\"elementor-element elementor-element-4111d20 elementor-widget elementor-widget-image\" data-id=\"4111d20\" data-element_type=\"widget\" data-widget_type=\"image.default\">\n\t\t\t\t<div class=\"elementor-widget-container\">\n\t\t\t\t\t\t\t\t\t\t\t\t\t\t\t<img loading=\"lazy\" decoding=\"async\" width=\"525\" height=\"275\" src=\"https:\/\/everstarsafety.com\/wp-content\/uploads\/2022\/09\/T\u578b\u8f6e\u5ed3\u6807\u8be6\u60c5\u98752.jpg\" class=\"attachment-large size-large\" alt=\"\" srcset=\"https:\/\/everstarsafety.com\/wp-content\/uploads\/2022\/09\/T\u578b\u8f6e\u5ed3\u6807\u8be6\u60c5\u98752.jpg 790w, https:\/\/everstarsafety.com\/wp-content\/uploads\/2022\/09\/T\u578b\u8f6e\u5ed3\u6807\u8be6\u60c5\u98752-600x314.jpg 600w, https:\/\/everstarsafety.com\/wp-content\/uploads\/2022\/09\/T\u578b\u8f6e\u5ed3\u6807\u8be6\u60c5\u98752-300x157.jpg 300w, https:\/\/everstarsafety.com\/wp-content\/uploads\/2022\/09\/T\u578b\u8f6e\u5ed3\u6807\u8be6\u60c5\u98752-768x402.jpg 768w\" sizes=\"auto, (max-width: 525px) 100vw, 525px\" \/>\t\t\t\t\t\t\t\t\t\t\t\t\t\t\t<\/div>\n\t\t\t\t<\/div>\n\t\t\t\t<div class=\"elementor-element elementor-element-0c737fa elementor-widget elementor-widget-image\" data-id=\"0c737fa\" data-element_type=\"widget\" data-widget_type=\"image.default\">\n\t\t\t\t<div class=\"elementor-widget-container\">\n\t\t\t\t\t\t\t\t\t\t\t\t\t\t\t<img loading=\"lazy\" decoding=\"async\" width=\"525\" height=\"271\" src=\"https:\/\/everstarsafety.com\/wp-content\/uploads\/2022\/09\/T\u578b\u8f6e\u5ed3\u6807\u8be6\u60c5\u98753.jpg\" class=\"attachment-large size-large\" alt=\"\" srcset=\"https:\/\/everstarsafety.com\/wp-content\/uploads\/2022\/09\/T\u578b\u8f6e\u5ed3\u6807\u8be6\u60c5\u98753.jpg 790w, https:\/\/everstarsafety.com\/wp-content\/uploads\/2022\/09\/T\u578b\u8f6e\u5ed3\u6807\u8be6\u60c5\u98753-600x310.jpg 600w, https:\/\/everstarsafety.com\/wp-content\/uploads\/2022\/09\/T\u578b\u8f6e\u5ed3\u6807\u8be6\u60c5\u98753-300x155.jpg 300w, https:\/\/everstarsafety.com\/wp-content\/uploads\/2022\/09\/T\u578b\u8f6e\u5ed3\u6807\u8be6\u60c5\u98753-768x397.jpg 768w\" sizes=\"auto, (max-width: 525px) 100vw, 525px\" \/>\t\t\t\t\t\t\t\t\t\t\t\t\t\t\t<\/div>\n\t\t\t\t<\/div>\n\t\t\t\t<div class=\"elementor-element elementor-element-9fdc073 elementor-widget elementor-widget-image\" data-id=\"9fdc073\" data-element_type=\"widget\" data-widget_type=\"image.default\">\n\t\t\t\t<div class=\"elementor-widget-container\">\n\t\t\t\t\t\t\t\t\t\t\t\t\t\t\t<img loading=\"lazy\" decoding=\"async\" width=\"525\" height=\"911\" src=\"https:\/\/everstarsafety.com\/wp-content\/uploads\/2022\/09\/\u8be6\u60c5\u98755-5-590x1024.jpg\" class=\"attachment-large size-large\" alt=\"\" srcset=\"https:\/\/everstarsafety.com\/wp-content\/uploads\/2022\/09\/\u8be6\u60c5\u98755-5-590x1024.jpg 590w, https:\/\/everstarsafety.com\/wp-content\/uploads\/2022\/09\/\u8be6\u60c5\u98755-5-600x1042.jpg 600w, https:\/\/everstarsafety.com\/wp-content\/uploads\/2022\/09\/\u8be6\u60c5\u98755-5-173x300.jpg 173w, https:\/\/everstarsafety.com\/wp-content\/uploads\/2022\/09\/\u8be6\u60c5\u98755-5-768x1334.jpg 768w, https:\/\/everstarsafety.com\/wp-content\/uploads\/2022\/09\/\u8be6\u60c5\u98755-5.jpg 790w\" sizes=\"auto, (max-width: 525px) 100vw, 525px\" \/>\t\t\t\t\t\t\t\t\t\t\t\t\t\t\t<\/div>\n\t\t\t\t<\/div>\n\t\t\t\t<div class=\"elementor-element elementor-element-3ad89c8 elementor-widget elementor-widget-image\" data-id=\"3ad89c8\" data-element_type=\"widget\" data-widget_type=\"image.default\">\n\t\t\t\t<div class=\"elementor-widget-container\">\n\t\t\t\t\t\t\t\t\t\t\t\t\t\t\t<img loading=\"lazy\" decoding=\"async\" width=\"525\" height=\"745\" src=\"https:\/\/everstarsafety.com\/wp-content\/uploads\/2022\/09\/T\u578b\u8f6e\u5ed3\u6807\u8be6\u60c5\u9875-1-722x1024.jpg\" class=\"attachment-large size-large\" alt=\"\" srcset=\"https:\/\/everstarsafety.com\/wp-content\/uploads\/2022\/09\/T\u578b\u8f6e\u5ed3\u6807\u8be6\u60c5\u9875-1-722x1024.jpg 722w, https:\/\/everstarsafety.com\/wp-content\/uploads\/2022\/09\/T\u578b\u8f6e\u5ed3\u6807\u8be6\u60c5\u9875-1-600x851.jpg 600w, https:\/\/everstarsafety.com\/wp-content\/uploads\/2022\/09\/T\u578b\u8f6e\u5ed3\u6807\u8be6\u60c5\u9875-1-212x300.jpg 212w, https:\/\/everstarsafety.com\/wp-content\/uploads\/2022\/09\/T\u578b\u8f6e\u5ed3\u6807\u8be6\u60c5\u9875-1-768x1089.jpg 768w, https:\/\/everstarsafety.com\/wp-content\/uploads\/2022\/09\/T\u578b\u8f6e\u5ed3\u6807\u8be6\u60c5\u9875-1.jpg 790w\" sizes=\"auto, (max-width: 525px) 100vw, 525px\" \/>\t\t\t\t\t\t\t\t\t\t\t\t\t\t\t<\/div>\n\t\t\t\t<\/div>\n\t\t\t\t<div class=\"elementor-element elementor-element-84243aa elementor-widget elementor-widget-image\" data-id=\"84243aa\" data-element_type=\"widget\" data-widget_type=\"image.default\">\n\t\t\t\t<div class=\"elementor-widget-container\">\n\t\t\t\t\t\t\t\t\t\t\t\t\t\t\t<img loading=\"lazy\" decoding=\"async\" width=\"525\" height=\"278\" src=\"https:\/\/everstarsafety.com\/wp-content\/uploads\/2022\/09\/T\u578b\u8f6e\u5ed3\u6807\u8be6\u60c5\u9875-2.jpg\" class=\"attachment-large size-large\" alt=\"\" srcset=\"https:\/\/everstarsafety.com\/wp-content\/uploads\/2022\/09\/T\u578b\u8f6e\u5ed3\u6807\u8be6\u60c5\u9875-2.jpg 790w, https:\/\/everstarsafety.com\/wp-content\/uploads\/2022\/09\/T\u578b\u8f6e\u5ed3\u6807\u8be6\u60c5\u9875-2-600x318.jpg 600w, https:\/\/everstarsafety.com\/wp-content\/uploads\/2022\/09\/T\u578b\u8f6e\u5ed3\u6807\u8be6\u60c5\u9875-2-300x159.jpg 300w, https:\/\/everstarsafety.com\/wp-content\/uploads\/2022\/09\/T\u578b\u8f6e\u5ed3\u6807\u8be6\u60c5\u9875-2-768x407.jpg 768w\" sizes=\"auto, (max-width: 525px) 100vw, 525px\" \/>\t\t\t\t\t\t\t\t\t\t\t\t\t\t\t<\/div>\n\t\t\t\t<\/div>\n\t\t\t\t<div class=\"elementor-element elementor-element-494c820 elementor-widget elementor-widget-image\" data-id=\"494c820\" data-element_type=\"widget\" data-widget_type=\"image.default\">\n\t\t\t\t<div class=\"elementor-widget-container\">\n\t\t\t\t\t\t\t\t\t\t\t\t\t\t\t<img loading=\"lazy\" decoding=\"async\" width=\"525\" height=\"489\" src=\"https:\/\/everstarsafety.com\/wp-content\/uploads\/2022\/09\/\u8be6\u60c5\u98756-3.jpg\" class=\"attachment-large size-large\" alt=\"\" srcset=\"https:\/\/everstarsafety.com\/wp-content\/uploads\/2022\/09\/\u8be6\u60c5\u98756-3.jpg 789w, https:\/\/everstarsafety.com\/wp-content\/uploads\/2022\/09\/\u8be6\u60c5\u98756-3-600x559.jpg 600w, https:\/\/everstarsafety.com\/wp-content\/uploads\/2022\/09\/\u8be6\u60c5\u98756-3-300x279.jpg 300w, https:\/\/everstarsafety.com\/wp-content\/uploads\/2022\/09\/\u8be6\u60c5\u98756-3-768x715.jpg 768w\" sizes=\"auto, (max-width: 525px) 100vw, 525px\" \/>\t\t\t\t\t\t\t\t\t\t\t\t\t\t\t<\/div>\n\t\t\t\t<\/div>\n\t\t\t\t\t<\/div>\n\t\t<\/div>\n\t\t\t\t\t\t\t<\/div>\n\t\t<\/section>\n\t\t\t\t\t\t\t<\/div>\n\t\t","protected":false},"excerpt":{"rendered":"<p>El delineador puede brindarle al conductor una comprensi\u00f3n temprana del camino que tiene por delante al reflejarse en las luces del autom\u00f3vil.<\/p>\n","protected":false},"featured_media":1704,"comment_status":"open","ping_status":"closed","template":"","meta":{"om_disable_all_campaigns":false,"_monsterinsights_skip_tracking":false,"_monsterinsights_sitenote_active":false,"_monsterinsights_sitenote_note":"","_monsterinsights_sitenote_category":0},"product_cat":[535],"product_tag":[810,812,811,809],"class_list":["post-6114","product","type-product","status-publish","has-post-thumbnail","hentry","product_cat-reflector-de-carretera","product_tag-delineador-de-carreteras","product_tag-delineador-de-contornos","product_tag-delineador-de-reflector","product_tag-delineador-de-trafico"],"aioseo_notices":[],"_links":{"self":[{"href":"https:\/\/everstarsafety.com\/es\/wp-json\/wp\/v2\/product\/6114","targetHints":{"allow":["GET"]}}],"collection":[{"href":"https:\/\/everstarsafety.com\/es\/wp-json\/wp\/v2\/product"}],"about":[{"href":"https:\/\/everstarsafety.com\/es\/wp-json\/wp\/v2\/types\/product"}],"replies":[{"embeddable":true,"href":"https:\/\/everstarsafety.com\/es\/wp-json\/wp\/v2\/comments?post=6114"}],"version-history":[{"count":1,"href":"https:\/\/everstarsafety.com\/es\/wp-json\/wp\/v2\/product\/6114\/revisions"}],"predecessor-version":[{"id":6115,"href":"https:\/\/everstarsafety.com\/es\/wp-json\/wp\/v2\/product\/6114\/revisions\/6115"}],"wp:featuredmedia":[{"embeddable":true,"href":"https:\/\/everstarsafety.com\/es\/wp-json\/wp\/v2\/media\/1704"}],"wp:attachment":[{"href":"https:\/\/everstarsafety.com\/es\/wp-json\/wp\/v2\/media?parent=6114"}],"wp:term":[{"taxonomy":"product_cat","embeddable":true,"href":"https:\/\/everstarsafety.com\/es\/wp-json\/wp\/v2\/product_cat?post=6114"},{"taxonomy":"product_tag","embeddable":true,"href":"https:\/\/everstarsafety.com\/es\/wp-json\/wp\/v2\/product_tag?post=6114"}],"curies":[{"name":"wp","href":"https:\/\/api.w.org\/{rel}","templated":true}]}}