{"id":6146,"date":"2022-09-07T07:39:06","date_gmt":"2022-09-07T07:39:06","guid":{"rendered":"https:\/\/everstarsafety.com\/product\/barrera-de-control-de-multitudes-de-acero-inoxidable\/"},"modified":"2025-12-11T07:18:02","modified_gmt":"2025-12-11T07:18:02","slug":"barrera-de-control-de-multitudes-de-acero-inoxidable","status":"publish","type":"product","link":"https:\/\/everstarsafety.com\/es\/producto\/barrera-de-control-de-multitudes-de-acero-inoxidable\/","title":{"rendered":"Barrera de control de multitudes de acero inoxidable"},"content":{"rendered":"\t\t<div data-elementor-type=\"product-post\" data-elementor-id=\"6146\" class=\"elementor elementor-6146 elementor-1677\">\n\t\t\t\t\t\t\t\t\t<section class=\"elementor-section elementor-top-section elementor-element elementor-element-52d5137 elementor-section-boxed elementor-section-height-default elementor-section-height-default\" data-id=\"52d5137\" data-element_type=\"section\">\n\t\t\t\t\t\t<div class=\"elementor-container elementor-column-gap-default\">\n\t\t\t\t\t<div class=\"elementor-column elementor-col-100 elementor-top-column elementor-element elementor-element-3391d47\" data-id=\"3391d47\" data-element_type=\"column\">\n\t\t\t<div class=\"elementor-widget-wrap elementor-element-populated\">\n\t\t\t\t\t\t\t\t<div class=\"elementor-element elementor-element-352da2c elementor-widget elementor-widget-heading\" data-id=\"352da2c\" data-element_type=\"widget\" data-widget_type=\"heading.default\">\n\t\t\t\t<div class=\"elementor-widget-container\">\n\t\t\t<style>\/*! elementor - v3.7.0 - 08-08-2022 *\/\n.elementor-heading-title{padding:0;margin:0;line-height:1}.elementor-widget-heading .elementor-heading-title[class*=elementor-size-]>a{color:inherit;font-size:inherit;line-height:inherit}.elementor-widget-heading .elementor-heading-title.elementor-size-small{font-size:15px}.elementor-widget-heading .elementor-heading-title.elementor-size-medium{font-size:19px}.elementor-widget-heading .elementor-heading-title.elementor-size-large{font-size:29px}.elementor-widget-heading .elementor-heading-title.elementor-size-xl{font-size:39px}.elementor-widget-heading .elementor-heading-title.elementor-size-xxl{font-size:59px}<\/style><h1 class=\"elementor-heading-title elementor-size-default\">Stainless Steel Crowd Control Barrier<\/h1>\t\t<\/div>\n\t\t\t\t<\/div>\n\t\t\t\t\t<\/div>\n\t\t<\/div>\n\t\t\t\t\t\t\t<\/div>\n\t\t<\/section>\n\t\t\t\t<section class=\"elementor-section elementor-top-section elementor-element elementor-element-b32bceb elementor-section-boxed elementor-section-height-default elementor-section-height-default\" data-id=\"b32bceb\" data-element_type=\"section\">\n\t\t\t\t\t\t<div class=\"elementor-container elementor-column-gap-default\">\n\t\t\t\t\t<div class=\"elementor-column elementor-col-100 elementor-top-column elementor-element elementor-element-b2c5fa9\" data-id=\"b2c5fa9\" data-element_type=\"column\">\n\t\t\t<div class=\"elementor-widget-wrap elementor-element-populated\">\n\t\t\t\t\t\t\t\t<div class=\"elementor-element elementor-element-7b6f156 elementor-widget elementor-widget-text-editor\" data-id=\"7b6f156\" data-element_type=\"widget\" data-widget_type=\"text-editor.default\">\n\t\t\t\t<div class=\"elementor-widget-container\">\n\t\t\t<style>\/*! elementor - v3.7.0 - 08-08-2022 *\/\n.elementor-widget-text-editor.elementor-drop-cap-view-stacked .elementor-drop-cap{background-color:#818a91;color:#fff}.elementor-widget-text-editor.elementor-drop-cap-view-framed .elementor-drop-cap{color:#818a91;border:3px solid;background-color:transparent}.elementor-widget-text-editor:not(.elementor-drop-cap-view-default) .elementor-drop-cap{margin-top:8px}.elementor-widget-text-editor:not(.elementor-drop-cap-view-default) .elementor-drop-cap-letter{width:1em;height:1em}.elementor-widget-text-editor .elementor-drop-cap{float:left;text-align:center;line-height:1;font-size:50px}.elementor-widget-text-editor .elementor-drop-cap-letter{display:inline-block}<\/style>\t\t\t\t<p>La barrera de control de multitudes de acero inoxidable engrosado es f\u00e1cil de instalar, m\u00f3vil, antideslizante y duradera.<br>El color y la longitud de la correa retr\u00e1ctil son opcionales.<br>Las palabras y el logotipo de la correa retr\u00e1ctil son personalizables.<br>Se utiliza acero inoxidable engrosado y una gran m\u00e1quina perforadora para el moldeo por estampado \u00fanico, lo que ofrece buena resistencia a \u00e1cidos y \u00e1lcalis y una protecci\u00f3n de seguridad estable.<br>La parte frontal antideslizante est\u00e1 formada por laminado a alta temperatura de material TRPR, que es resistente a la rotura, estable y no se cae al suelo.<\/p>\t\t\t\t\t\t<\/div>\n\t\t\t\t<\/div>\n\t\t\t\t\t<\/div>\n\t\t<\/div>\n\t\t\t\t\t\t\t<\/div>\n\t\t<\/section>\n\t\t\t\t<section class=\"elementor-section elementor-top-section elementor-element elementor-element-9b40265 elementor-section-boxed elementor-section-height-default elementor-section-height-default\" data-id=\"9b40265\" data-element_type=\"section\">\n\t\t\t\t\t\t<div class=\"elementor-container elementor-column-gap-default\">\n\t\t\t\t\t<div class=\"elementor-column elementor-col-100 elementor-top-column elementor-element elementor-element-7f331ab\" data-id=\"7f331ab\" data-element_type=\"column\">\n\t\t\t<div class=\"elementor-widget-wrap elementor-element-populated\">\n\t\t\t\t\t\t\t\t<div class=\"elementor-element elementor-element-9767ff9 elementor-widget elementor-widget-image\" data-id=\"9767ff9\" data-element_type=\"widget\" data-widget_type=\"image.default\">\n\t\t\t\t<div class=\"elementor-widget-container\">\n\t\t\t<style>\/*! elementor - v3.7.0 - 08-08-2022 *\/\n.elementor-widget-image{text-align:center}.elementor-widget-image a{display:inline-block}.elementor-widget-image a img[src$=\".svg\"]{width:48px}.elementor-widget-image img{vertical-align:middle;display:inline-block}<\/style>\t\t\t\t\t\t\t\t\t\t\t\t<img loading=\"lazy\" decoding=\"async\" width=\"525\" height=\"904\" src=\"https:\/\/everstarsafety.com\/wp-content\/uploads\/2022\/09\/1-16-595x1024.jpg\" class=\"attachment-large size-large\" alt=\"\" srcset=\"https:\/\/everstarsafety.com\/wp-content\/uploads\/2022\/09\/1-16-595x1024.jpg 595w, https:\/\/everstarsafety.com\/wp-content\/uploads\/2022\/09\/1-16-600x1033.jpg 600w, https:\/\/everstarsafety.com\/wp-content\/uploads\/2022\/09\/1-16-174x300.jpg 174w, https:\/\/everstarsafety.com\/wp-content\/uploads\/2022\/09\/1-16-768x1322.jpg 768w, https:\/\/everstarsafety.com\/wp-content\/uploads\/2022\/09\/1-16.jpg 790w\" sizes=\"auto, (max-width: 525px) 100vw, 525px\" \/>\t\t\t\t\t\t\t\t\t\t\t\t\t\t\t<\/div>\n\t\t\t\t<\/div>\n\t\t\t\t<div class=\"elementor-element elementor-element-7f950ad elementor-widget elementor-widget-image\" data-id=\"7f950ad\" data-element_type=\"widget\" data-widget_type=\"image.default\">\n\t\t\t\t<div class=\"elementor-widget-container\">\n\t\t\t\t\t\t\t\t\t\t\t\t\t\t\t<img loading=\"lazy\" decoding=\"async\" width=\"525\" height=\"646\" src=\"https:\/\/everstarsafety.com\/wp-content\/uploads\/2022\/09\/2-14.jpg\" class=\"attachment-large size-large\" alt=\"\" srcset=\"https:\/\/everstarsafety.com\/wp-content\/uploads\/2022\/09\/2-14.jpg 790w, https:\/\/everstarsafety.com\/wp-content\/uploads\/2022\/09\/2-14-600x738.jpg 600w, https:\/\/everstarsafety.com\/wp-content\/uploads\/2022\/09\/2-14-244x300.jpg 244w, https:\/\/everstarsafety.com\/wp-content\/uploads\/2022\/09\/2-14-768x945.jpg 768w\" sizes=\"auto, (max-width: 525px) 100vw, 525px\" \/>\t\t\t\t\t\t\t\t\t\t\t\t\t\t\t<\/div>\n\t\t\t\t<\/div>\n\t\t\t\t<div class=\"elementor-element elementor-element-73c9243 elementor-widget elementor-widget-image\" data-id=\"73c9243\" data-element_type=\"widget\" data-widget_type=\"image.default\">\n\t\t\t\t<div class=\"elementor-widget-container\">\n\t\t\t\t\t\t\t\t\t\t\t\t\t\t\t<img loading=\"lazy\" decoding=\"async\" width=\"525\" height=\"525\" src=\"https:\/\/everstarsafety.com\/wp-content\/uploads\/2022\/09\/3-11.jpg\" class=\"attachment-large size-large\" alt=\"\" srcset=\"https:\/\/everstarsafety.com\/wp-content\/uploads\/2022\/09\/3-11.jpg 800w, https:\/\/everstarsafety.com\/wp-content\/uploads\/2022\/09\/3-11-300x300.jpg 300w, https:\/\/everstarsafety.com\/wp-content\/uploads\/2022\/09\/3-11-100x100.jpg 100w, https:\/\/everstarsafety.com\/wp-content\/uploads\/2022\/09\/3-11-600x600.jpg 600w, https:\/\/everstarsafety.com\/wp-content\/uploads\/2022\/09\/3-11-150x150.jpg 150w, https:\/\/everstarsafety.com\/wp-content\/uploads\/2022\/09\/3-11-768x768.jpg 768w, https:\/\/everstarsafety.com\/wp-content\/uploads\/2022\/09\/3-11-53x53.jpg 53w\" sizes=\"auto, (max-width: 525px) 100vw, 525px\" \/>\t\t\t\t\t\t\t\t\t\t\t\t\t\t\t<\/div>\n\t\t\t\t<\/div>\n\t\t\t\t<div class=\"elementor-element elementor-element-0297522 elementor-widget elementor-widget-image\" data-id=\"0297522\" data-element_type=\"widget\" data-widget_type=\"image.default\">\n\t\t\t\t<div class=\"elementor-widget-container\">\n\t\t\t\t\t\t\t\t\t\t\t\t\t\t\t<img loading=\"lazy\" decoding=\"async\" width=\"525\" height=\"492\" src=\"https:\/\/everstarsafety.com\/wp-content\/uploads\/2022\/09\/4-10.jpg\" class=\"attachment-large size-large\" alt=\"\" srcset=\"https:\/\/everstarsafety.com\/wp-content\/uploads\/2022\/09\/4-10.jpg 790w, https:\/\/everstarsafety.com\/wp-content\/uploads\/2022\/09\/4-10-600x562.jpg 600w, https:\/\/everstarsafety.com\/wp-content\/uploads\/2022\/09\/4-10-300x281.jpg 300w, https:\/\/everstarsafety.com\/wp-content\/uploads\/2022\/09\/4-10-768x719.jpg 768w\" sizes=\"auto, (max-width: 525px) 100vw, 525px\" \/>\t\t\t\t\t\t\t\t\t\t\t\t\t\t\t<\/div>\n\t\t\t\t<\/div>\n\t\t\t\t<div class=\"elementor-element elementor-element-a3d7b20 elementor-widget elementor-widget-image\" data-id=\"a3d7b20\" data-element_type=\"widget\" data-widget_type=\"image.default\">\n\t\t\t\t<div class=\"elementor-widget-container\">\n\t\t\t\t\t\t\t\t\t\t\t\t\t\t\t<img loading=\"lazy\" decoding=\"async\" width=\"525\" height=\"545\" src=\"https:\/\/everstarsafety.com\/wp-content\/uploads\/2022\/09\/5-4.jpg\" class=\"attachment-large size-large\" alt=\"\" srcset=\"https:\/\/everstarsafety.com\/wp-content\/uploads\/2022\/09\/5-4.jpg 790w, https:\/\/everstarsafety.com\/wp-content\/uploads\/2022\/09\/5-4-600x623.jpg 600w, https:\/\/everstarsafety.com\/wp-content\/uploads\/2022\/09\/5-4-289x300.jpg 289w, https:\/\/everstarsafety.com\/wp-content\/uploads\/2022\/09\/5-4-768x797.jpg 768w\" sizes=\"auto, (max-width: 525px) 100vw, 525px\" \/>\t\t\t\t\t\t\t\t\t\t\t\t\t\t\t<\/div>\n\t\t\t\t<\/div>\n\t\t\t\t<div class=\"elementor-element elementor-element-a701f16 elementor-widget elementor-widget-image\" data-id=\"a701f16\" data-element_type=\"widget\" data-widget_type=\"image.default\">\n\t\t\t\t<div class=\"elementor-widget-container\">\n\t\t\t\t\t\t\t\t\t\t\t\t\t\t\t<img loading=\"lazy\" decoding=\"async\" width=\"525\" height=\"591\" src=\"https:\/\/everstarsafety.com\/wp-content\/uploads\/2022\/09\/6-2.jpg\" class=\"attachment-large size-large\" alt=\"\" srcset=\"https:\/\/everstarsafety.com\/wp-content\/uploads\/2022\/09\/6-2.jpg 790w, https:\/\/everstarsafety.com\/wp-content\/uploads\/2022\/09\/6-2-600x675.jpg 600w, https:\/\/everstarsafety.com\/wp-content\/uploads\/2022\/09\/6-2-267x300.jpg 267w, https:\/\/everstarsafety.com\/wp-content\/uploads\/2022\/09\/6-2-768x864.jpg 768w\" sizes=\"auto, (max-width: 525px) 100vw, 525px\" \/>\t\t\t\t\t\t\t\t\t\t\t\t\t\t\t<\/div>\n\t\t\t\t<\/div>\n\t\t\t\t<div class=\"elementor-element elementor-element-f982a8e elementor-widget elementor-widget-image\" data-id=\"f982a8e\" data-element_type=\"widget\" data-widget_type=\"image.default\">\n\t\t\t\t<div class=\"elementor-widget-container\">\n\t\t\t\t\t\t\t\t\t\t\t\t\t\t\t<img loading=\"lazy\" decoding=\"async\" width=\"525\" height=\"778\" src=\"https:\/\/everstarsafety.com\/wp-content\/uploads\/2022\/09\/7-3-691x1024.jpg\" class=\"attachment-large size-large\" alt=\"\" srcset=\"https:\/\/everstarsafety.com\/wp-content\/uploads\/2022\/09\/7-3-691x1024.jpg 691w, https:\/\/everstarsafety.com\/wp-content\/uploads\/2022\/09\/7-3-600x889.jpg 600w, https:\/\/everstarsafety.com\/wp-content\/uploads\/2022\/09\/7-3-202x300.jpg 202w, https:\/\/everstarsafety.com\/wp-content\/uploads\/2022\/09\/7-3-768x1138.jpg 768w, https:\/\/everstarsafety.com\/wp-content\/uploads\/2022\/09\/7-3.jpg 790w\" sizes=\"auto, (max-width: 525px) 100vw, 525px\" \/>\t\t\t\t\t\t\t\t\t\t\t\t\t\t\t<\/div>\n\t\t\t\t<\/div>\n\t\t\t\t<div class=\"elementor-element elementor-element-abe916f elementor-widget elementor-widget-image\" data-id=\"abe916f\" data-element_type=\"widget\" data-widget_type=\"image.default\">\n\t\t\t\t<div class=\"elementor-widget-container\">\n\t\t\t\t\t\t\t\t\t\t\t\t\t\t\t<img loading=\"lazy\" decoding=\"async\" width=\"525\" height=\"254\" src=\"https:\/\/everstarsafety.com\/wp-content\/uploads\/2022\/09\/8-3.jpg\" class=\"attachment-large size-large\" alt=\"\" srcset=\"https:\/\/everstarsafety.com\/wp-content\/uploads\/2022\/09\/8-3.jpg 790w, https:\/\/everstarsafety.com\/wp-content\/uploads\/2022\/09\/8-3-600x290.jpg 600w, https:\/\/everstarsafety.com\/wp-content\/uploads\/2022\/09\/8-3-300x145.jpg 300w, https:\/\/everstarsafety.com\/wp-content\/uploads\/2022\/09\/8-3-768x371.jpg 768w\" sizes=\"auto, (max-width: 525px) 100vw, 525px\" \/>\t\t\t\t\t\t\t\t\t\t\t\t\t\t\t<\/div>\n\t\t\t\t<\/div>\n\t\t\t\t<div class=\"elementor-element elementor-element-00e446f elementor-widget elementor-widget-image\" data-id=\"00e446f\" data-element_type=\"widget\" data-widget_type=\"image.default\">\n\t\t\t\t<div class=\"elementor-widget-container\">\n\t\t\t\t\t\t\t\t\t\t\t\t\t\t\t<img loading=\"lazy\" decoding=\"async\" width=\"525\" height=\"534\" src=\"https:\/\/everstarsafety.com\/wp-content\/uploads\/2022\/09\/9-1.jpg\" class=\"attachment-large size-large\" alt=\"\" srcset=\"https:\/\/everstarsafety.com\/wp-content\/uploads\/2022\/09\/9-1.jpg 790w, https:\/\/everstarsafety.com\/wp-content\/uploads\/2022\/09\/9-1-600x611.jpg 600w, https:\/\/everstarsafety.com\/wp-content\/uploads\/2022\/09\/9-1-295x300.jpg 295w, https:\/\/everstarsafety.com\/wp-content\/uploads\/2022\/09\/9-1-768x782.jpg 768w, https:\/\/everstarsafety.com\/wp-content\/uploads\/2022\/09\/9-1-53x53.jpg 53w\" sizes=\"auto, (max-width: 525px) 100vw, 525px\" \/>\t\t\t\t\t\t\t\t\t\t\t\t\t\t\t<\/div>\n\t\t\t\t<\/div>\n\t\t\t\t<div class=\"elementor-element elementor-element-4f4c9db elementor-widget elementor-widget-image\" data-id=\"4f4c9db\" data-element_type=\"widget\" data-widget_type=\"image.default\">\n\t\t\t\t<div class=\"elementor-widget-container\">\n\t\t\t\t\t\t\t\t\t\t\t\t\t\t\t<img loading=\"lazy\" decoding=\"async\" width=\"525\" height=\"434\" src=\"https:\/\/everstarsafety.com\/wp-content\/uploads\/2022\/09\/10-1.jpg\" class=\"attachment-large size-large\" alt=\"\" srcset=\"https:\/\/everstarsafety.com\/wp-content\/uploads\/2022\/09\/10-1.jpg 788w, https:\/\/everstarsafety.com\/wp-content\/uploads\/2022\/09\/10-1-600x496.jpg 600w, https:\/\/everstarsafety.com\/wp-content\/uploads\/2022\/09\/10-1-300x248.jpg 300w, https:\/\/everstarsafety.com\/wp-content\/uploads\/2022\/09\/10-1-768x634.jpg 768w\" sizes=\"auto, (max-width: 525px) 100vw, 525px\" \/>\t\t\t\t\t\t\t\t\t\t\t\t\t\t\t<\/div>\n\t\t\t\t<\/div>\n\t\t\t\t<div class=\"elementor-element elementor-element-6712f40 elementor-widget elementor-widget-image\" data-id=\"6712f40\" data-element_type=\"widget\" data-widget_type=\"image.default\">\n\t\t\t\t<div class=\"elementor-widget-container\">\n\t\t\t\t\t\t\t\t\t\t\t\t\t\t\t<img loading=\"lazy\" decoding=\"async\" width=\"525\" height=\"424\" src=\"https:\/\/everstarsafety.com\/wp-content\/uploads\/2022\/09\/11-1.jpg\" class=\"attachment-large size-large\" alt=\"\" srcset=\"https:\/\/everstarsafety.com\/wp-content\/uploads\/2022\/09\/11-1.jpg 790w, https:\/\/everstarsafety.com\/wp-content\/uploads\/2022\/09\/11-1-600x485.jpg 600w, https:\/\/everstarsafety.com\/wp-content\/uploads\/2022\/09\/11-1-300x242.jpg 300w, https:\/\/everstarsafety.com\/wp-content\/uploads\/2022\/09\/11-1-768x620.jpg 768w\" sizes=\"auto, (max-width: 525px) 100vw, 525px\" \/>\t\t\t\t\t\t\t\t\t\t\t\t\t\t\t<\/div>\n\t\t\t\t<\/div>\n\t\t\t\t<div class=\"elementor-element elementor-element-3d6027c elementor-widget elementor-widget-image\" data-id=\"3d6027c\" data-element_type=\"widget\" data-widget_type=\"image.default\">\n\t\t\t\t<div class=\"elementor-widget-container\">\n\t\t\t\t\t\t\t\t\t\t\t\t\t\t\t<img loading=\"lazy\" decoding=\"async\" width=\"525\" height=\"447\" src=\"https:\/\/everstarsafety.com\/wp-content\/uploads\/2022\/09\/13.png\" class=\"attachment-large size-large\" alt=\"\" srcset=\"https:\/\/everstarsafety.com\/wp-content\/uploads\/2022\/09\/13.png 989w, https:\/\/everstarsafety.com\/wp-content\/uploads\/2022\/09\/13-600x511.png 600w, https:\/\/everstarsafety.com\/wp-content\/uploads\/2022\/09\/13-300x256.png 300w, https:\/\/everstarsafety.com\/wp-content\/uploads\/2022\/09\/13-768x655.png 768w\" sizes=\"auto, (max-width: 525px) 100vw, 525px\" \/>\t\t\t\t\t\t\t\t\t\t\t\t\t\t\t<\/div>\n\t\t\t\t<\/div>\n\t\t\t\t\t<\/div>\n\t\t<\/div>\n\t\t\t\t\t\t\t<\/div>\n\t\t<\/section>\n\t\t\t\t\t\t\t<\/div>\n\t\t","protected":false},"excerpt":{"rendered":"<p>La barrera de carretera de acero inoxidable es un buen control de multitudes y cualquier evento o para mantener a los clientes en fila en el banco, el hospital, el centro comercial, el hotel, etc.<\/p>\n","protected":false},"featured_media":1679,"comment_status":"open","ping_status":"closed","template":"","meta":{"om_disable_all_campaigns":false,"_monsterinsights_skip_tracking":false,"_monsterinsights_sitenote_active":false,"_monsterinsights_sitenote_note":"","_monsterinsights_sitenote_category":0},"product_cat":[526],"product_tag":[818,688,817],"class_list":["post-6146","product","type-product","status-publish","has-post-thumbnail","hentry","product_cat-barrera-de-cola","product_tag-barrera-de-control-de-colas","product_tag-barrera-de-control-de-multitudes","product_tag-barrera-de-puntal"],"aioseo_notices":[],"_links":{"self":[{"href":"https:\/\/everstarsafety.com\/es\/wp-json\/wp\/v2\/product\/6146","targetHints":{"allow":["GET"]}}],"collection":[{"href":"https:\/\/everstarsafety.com\/es\/wp-json\/wp\/v2\/product"}],"about":[{"href":"https:\/\/everstarsafety.com\/es\/wp-json\/wp\/v2\/types\/product"}],"replies":[{"embeddable":true,"href":"https:\/\/everstarsafety.com\/es\/wp-json\/wp\/v2\/comments?post=6146"}],"version-history":[{"count":1,"href":"https:\/\/everstarsafety.com\/es\/wp-json\/wp\/v2\/product\/6146\/revisions"}],"predecessor-version":[{"id":6148,"href":"https:\/\/everstarsafety.com\/es\/wp-json\/wp\/v2\/product\/6146\/revisions\/6148"}],"wp:featuredmedia":[{"embeddable":true,"href":"https:\/\/everstarsafety.com\/es\/wp-json\/wp\/v2\/media\/1679"}],"wp:attachment":[{"href":"https:\/\/everstarsafety.com\/es\/wp-json\/wp\/v2\/media?parent=6146"}],"wp:term":[{"taxonomy":"product_cat","embeddable":true,"href":"https:\/\/everstarsafety.com\/es\/wp-json\/wp\/v2\/product_cat?post=6146"},{"taxonomy":"product_tag","embeddable":true,"href":"https:\/\/everstarsafety.com\/es\/wp-json\/wp\/v2\/product_tag?post=6146"}],"curies":[{"name":"wp","href":"https:\/\/api.w.org\/{rel}","templated":true}]}}