{"id":6168,"date":"2022-09-06T12:23:39","date_gmt":"2022-09-06T12:23:39","guid":{"rendered":"https:\/\/everstarsafety.com\/product\/senal-de-trafico-solar-led\/"},"modified":"2025-12-11T07:19:52","modified_gmt":"2025-12-11T07:19:52","slug":"senal-de-trafico-solar-led","status":"publish","type":"product","link":"https:\/\/everstarsafety.com\/es\/producto\/senal-de-trafico-solar-led\/","title":{"rendered":"Se\u00f1al de tr\u00e1fico solar LED"},"content":{"rendered":"\t\t<div data-elementor-type=\"product-post\" data-elementor-id=\"6168\" class=\"elementor elementor-6168 elementor-1603\">\n\t\t\t\t\t\t\t\t\t<section class=\"elementor-section elementor-top-section elementor-element elementor-element-8ba3789 elementor-section-boxed elementor-section-height-default elementor-section-height-default\" data-id=\"8ba3789\" data-element_type=\"section\">\n\t\t\t\t\t\t<div class=\"elementor-container elementor-column-gap-default\">\n\t\t\t\t\t<div class=\"elementor-column elementor-col-100 elementor-top-column elementor-element elementor-element-1a699bc\" data-id=\"1a699bc\" data-element_type=\"column\">\n\t\t\t<div class=\"elementor-widget-wrap elementor-element-populated\">\n\t\t\t\t\t\t\t\t<div class=\"elementor-element elementor-element-33be23c elementor-widget elementor-widget-heading\" data-id=\"33be23c\" data-element_type=\"widget\" data-widget_type=\"heading.default\">\n\t\t\t\t<div class=\"elementor-widget-container\">\n\t\t\t<style>\/*! elementor - v3.7.0 - 08-08-2022 *\/\n.elementor-heading-title{padding:0;margin:0;line-height:1}.elementor-widget-heading .elementor-heading-title[class*=elementor-size-]>a{color:inherit;font-size:inherit;line-height:inherit}.elementor-widget-heading .elementor-heading-title.elementor-size-small{font-size:15px}.elementor-widget-heading .elementor-heading-title.elementor-size-medium{font-size:19px}.elementor-widget-heading .elementor-heading-title.elementor-size-large{font-size:29px}.elementor-widget-heading .elementor-heading-title.elementor-size-xl{font-size:39px}.elementor-widget-heading .elementor-heading-title.elementor-size-xxl{font-size:59px}<\/style><h1 class=\"elementor-heading-title elementor-size-default\">Detalles de la se\u00f1al de tr\u00e1fico solar LED<\/h1>\t\t<\/div>\n\t\t\t\t<\/div>\n\t\t\t\t\t<\/div>\n\t\t<\/div>\n\t\t\t\t\t\t\t<\/div>\n\t\t<\/section>\n\t\t\t\t<section class=\"elementor-section elementor-top-section elementor-element elementor-element-202d1a8 elementor-section-boxed elementor-section-height-default elementor-section-height-default\" data-id=\"202d1a8\" data-element_type=\"section\">\n\t\t\t\t\t\t<div class=\"elementor-container elementor-column-gap-default\">\n\t\t\t\t\t<div class=\"elementor-column elementor-col-100 elementor-top-column elementor-element elementor-element-def6d39\" data-id=\"def6d39\" data-element_type=\"column\">\n\t\t\t<div class=\"elementor-widget-wrap elementor-element-populated\">\n\t\t\t\t\t\t\t\t<div class=\"elementor-element elementor-element-980c347 elementor-widget elementor-widget-text-editor\" data-id=\"980c347\" data-element_type=\"widget\" data-widget_type=\"text-editor.default\">\n\t\t\t\t<div class=\"elementor-widget-container\">\n\t\t\t<style>\/*! elementor - v3.7.0 - 08-08-2022 *\/\n.elementor-widget-text-editor.elementor-drop-cap-view-stacked .elementor-drop-cap{background-color:#818a91;color:#fff}.elementor-widget-text-editor.elementor-drop-cap-view-framed .elementor-drop-cap{color:#818a91;border:3px solid;background-color:transparent}.elementor-widget-text-editor:not(.elementor-drop-cap-view-default) .elementor-drop-cap{margin-top:8px}.elementor-widget-text-editor:not(.elementor-drop-cap-view-default) .elementor-drop-cap-letter{width:1em;height:1em}.elementor-widget-text-editor .elementor-drop-cap{float:left;text-align:center;line-height:1;font-size:50px}.elementor-widget-text-editor .elementor-drop-cap-letter{display:inline-block}<\/style>\t\t\t\t<p>La se\u00f1al de tr\u00e1fico solar LED cuenta con luces de alta intensidad, bater\u00eda de larga duraci\u00f3n y es resistente a la lluvia y al polvo.<br>Cuenta con control inteligente de luz por inducci\u00f3n sin necesidad de operaci\u00f3n manual.<br>Dispone de diferentes estilos y formas de se\u00f1ales de tr\u00e1fico LED para su elecci\u00f3n.<br>La distancia visual de las luces de alta luminosidad es superior a 800 m y la vida \u00fatil de la fuente de luz supera las 1000 horas.<br>Tras una carga completa, el panel solar puede funcionar de forma continua durante 100 horas.<\/p>\t\t\t\t\t\t<\/div>\n\t\t\t\t<\/div>\n\t\t\t\t\t<\/div>\n\t\t<\/div>\n\t\t\t\t\t\t\t<\/div>\n\t\t<\/section>\n\t\t\t\t<section class=\"elementor-section elementor-top-section elementor-element elementor-element-7f546c2 elementor-section-boxed elementor-section-height-default elementor-section-height-default\" data-id=\"7f546c2\" data-element_type=\"section\">\n\t\t\t\t\t\t<div class=\"elementor-container elementor-column-gap-default\">\n\t\t\t\t\t<div class=\"elementor-column elementor-col-100 elementor-top-column elementor-element elementor-element-eb10239\" data-id=\"eb10239\" data-element_type=\"column\">\n\t\t\t<div class=\"elementor-widget-wrap elementor-element-populated\">\n\t\t\t\t\t\t\t\t<div class=\"elementor-element elementor-element-42cef09 elementor-widget elementor-widget-image\" data-id=\"42cef09\" data-element_type=\"widget\" data-widget_type=\"image.default\">\n\t\t\t\t<div class=\"elementor-widget-container\">\n\t\t\t<style>\/*! elementor - v3.7.0 - 08-08-2022 *\/\n.elementor-widget-image{text-align:center}.elementor-widget-image a{display:inline-block}.elementor-widget-image a img[src$=\".svg\"]{width:48px}.elementor-widget-image img{vertical-align:middle;display:inline-block}<\/style>\t\t\t\t\t\t\t\t\t\t\t\t<img loading=\"lazy\" decoding=\"async\" width=\"525\" height=\"631\" src=\"https:\/\/everstarsafety.com\/wp-content\/uploads\/2022\/09\/1-12.jpg\" class=\"attachment-large size-large\" alt=\"\" srcset=\"https:\/\/everstarsafety.com\/wp-content\/uploads\/2022\/09\/1-12.jpg 790w, https:\/\/everstarsafety.com\/wp-content\/uploads\/2022\/09\/1-12-600x722.jpg 600w, https:\/\/everstarsafety.com\/wp-content\/uploads\/2022\/09\/1-12-249x300.jpg 249w, https:\/\/everstarsafety.com\/wp-content\/uploads\/2022\/09\/1-12-768x924.jpg 768w\" sizes=\"auto, (max-width: 525px) 100vw, 525px\" \/>\t\t\t\t\t\t\t\t\t\t\t\t\t\t\t<\/div>\n\t\t\t\t<\/div>\n\t\t\t\t<div class=\"elementor-element elementor-element-af41493 elementor-widget elementor-widget-image\" data-id=\"af41493\" data-element_type=\"widget\" data-widget_type=\"image.default\">\n\t\t\t\t<div class=\"elementor-widget-container\">\n\t\t\t\t\t\t\t\t\t\t\t\t\t\t\t<img loading=\"lazy\" decoding=\"async\" width=\"525\" height=\"469\" src=\"https:\/\/everstarsafety.com\/wp-content\/uploads\/2022\/09\/2-10.jpg\" class=\"attachment-large size-large\" alt=\"\" srcset=\"https:\/\/everstarsafety.com\/wp-content\/uploads\/2022\/09\/2-10.jpg 790w, https:\/\/everstarsafety.com\/wp-content\/uploads\/2022\/09\/2-10-600x535.jpg 600w, https:\/\/everstarsafety.com\/wp-content\/uploads\/2022\/09\/2-10-300x268.jpg 300w, https:\/\/everstarsafety.com\/wp-content\/uploads\/2022\/09\/2-10-768x685.jpg 768w\" sizes=\"auto, (max-width: 525px) 100vw, 525px\" \/>\t\t\t\t\t\t\t\t\t\t\t\t\t\t\t<\/div>\n\t\t\t\t<\/div>\n\t\t\t\t<div class=\"elementor-element elementor-element-7dad3b2 elementor-widget elementor-widget-image\" data-id=\"7dad3b2\" data-element_type=\"widget\" data-widget_type=\"image.default\">\n\t\t\t\t<div class=\"elementor-widget-container\">\n\t\t\t\t\t\t\t\t\t\t\t\t\t\t\t<img loading=\"lazy\" decoding=\"async\" width=\"525\" height=\"756\" src=\"https:\/\/everstarsafety.com\/wp-content\/uploads\/2022\/09\/3-7-711x1024.jpg\" class=\"attachment-large size-large\" alt=\"\" srcset=\"https:\/\/everstarsafety.com\/wp-content\/uploads\/2022\/09\/3-7-711x1024.jpg 711w, https:\/\/everstarsafety.com\/wp-content\/uploads\/2022\/09\/3-7-600x864.jpg 600w, https:\/\/everstarsafety.com\/wp-content\/uploads\/2022\/09\/3-7-208x300.jpg 208w, https:\/\/everstarsafety.com\/wp-content\/uploads\/2022\/09\/3-7-768x1105.jpg 768w, https:\/\/everstarsafety.com\/wp-content\/uploads\/2022\/09\/3-7.jpg 790w\" sizes=\"auto, (max-width: 525px) 100vw, 525px\" \/>\t\t\t\t\t\t\t\t\t\t\t\t\t\t\t<\/div>\n\t\t\t\t<\/div>\n\t\t\t\t<div class=\"elementor-element elementor-element-39a4131 elementor-widget elementor-widget-image\" data-id=\"39a4131\" data-element_type=\"widget\" data-widget_type=\"image.default\">\n\t\t\t\t<div class=\"elementor-widget-container\">\n\t\t\t\t\t\t\t\t\t\t\t\t\t\t\t<img loading=\"lazy\" decoding=\"async\" width=\"525\" height=\"714\" src=\"https:\/\/everstarsafety.com\/wp-content\/uploads\/2022\/09\/4-6-753x1024.jpg\" class=\"attachment-large size-large\" alt=\"\" srcset=\"https:\/\/everstarsafety.com\/wp-content\/uploads\/2022\/09\/4-6-753x1024.jpg 753w, https:\/\/everstarsafety.com\/wp-content\/uploads\/2022\/09\/4-6-600x816.jpg 600w, https:\/\/everstarsafety.com\/wp-content\/uploads\/2022\/09\/4-6-220x300.jpg 220w, https:\/\/everstarsafety.com\/wp-content\/uploads\/2022\/09\/4-6-768x1045.jpg 768w, https:\/\/everstarsafety.com\/wp-content\/uploads\/2022\/09\/4-6.jpg 790w\" sizes=\"auto, (max-width: 525px) 100vw, 525px\" \/>\t\t\t\t\t\t\t\t\t\t\t\t\t\t\t<\/div>\n\t\t\t\t<\/div>\n\t\t\t\t<div class=\"elementor-element elementor-element-b5064cc elementor-widget elementor-widget-image\" data-id=\"b5064cc\" data-element_type=\"widget\" data-widget_type=\"image.default\">\n\t\t\t\t<div class=\"elementor-widget-container\">\n\t\t\t\t\t\t\t\t\t\t\t\t\t\t\t<img loading=\"lazy\" decoding=\"async\" width=\"525\" height=\"435\" src=\"https:\/\/everstarsafety.com\/wp-content\/uploads\/2022\/09\/5-2-1024x849.jpg\" class=\"attachment-large size-large\" alt=\"\" srcset=\"https:\/\/everstarsafety.com\/wp-content\/uploads\/2022\/09\/5-2-1024x849.jpg 1024w, https:\/\/everstarsafety.com\/wp-content\/uploads\/2022\/09\/5-2-600x498.jpg 600w, https:\/\/everstarsafety.com\/wp-content\/uploads\/2022\/09\/5-2-300x249.jpg 300w, https:\/\/everstarsafety.com\/wp-content\/uploads\/2022\/09\/5-2-768x637.jpg 768w, https:\/\/everstarsafety.com\/wp-content\/uploads\/2022\/09\/5-2.jpg 1237w\" sizes=\"auto, (max-width: 525px) 100vw, 525px\" \/>\t\t\t\t\t\t\t\t\t\t\t\t\t\t\t<\/div>\n\t\t\t\t<\/div>\n\t\t\t\t<div class=\"elementor-element elementor-element-de2afdf elementor-widget elementor-widget-image\" data-id=\"de2afdf\" data-element_type=\"widget\" data-widget_type=\"image.default\">\n\t\t\t\t<div class=\"elementor-widget-container\">\n\t\t\t\t\t\t\t\t\t\t\t\t\t\t\t<img loading=\"lazy\" decoding=\"async\" width=\"525\" height=\"435\" src=\"https:\/\/everstarsafety.com\/wp-content\/uploads\/2022\/09\/6-1024x849.png\" class=\"attachment-large size-large\" alt=\"\" srcset=\"https:\/\/everstarsafety.com\/wp-content\/uploads\/2022\/09\/6-1024x849.png 1024w, https:\/\/everstarsafety.com\/wp-content\/uploads\/2022\/09\/6-600x498.png 600w, https:\/\/everstarsafety.com\/wp-content\/uploads\/2022\/09\/6-300x249.png 300w, https:\/\/everstarsafety.com\/wp-content\/uploads\/2022\/09\/6-768x637.png 768w, https:\/\/everstarsafety.com\/wp-content\/uploads\/2022\/09\/6.png 1237w\" sizes=\"auto, (max-width: 525px) 100vw, 525px\" \/>\t\t\t\t\t\t\t\t\t\t\t\t\t\t\t<\/div>\n\t\t\t\t<\/div>\n\t\t\t\t<div class=\"elementor-element elementor-element-f4cb2d2 elementor-widget elementor-widget-image\" data-id=\"f4cb2d2\" data-element_type=\"widget\" data-widget_type=\"image.default\">\n\t\t\t\t<div class=\"elementor-widget-container\">\n\t\t\t\t\t\t\t\t\t\t\t\t\t\t\t<img loading=\"lazy\" decoding=\"async\" width=\"525\" height=\"407\" src=\"https:\/\/everstarsafety.com\/wp-content\/uploads\/2022\/09\/7-1-1024x793.jpg\" class=\"attachment-large size-large\" alt=\"\" srcset=\"https:\/\/everstarsafety.com\/wp-content\/uploads\/2022\/09\/7-1-1024x793.jpg 1024w, https:\/\/everstarsafety.com\/wp-content\/uploads\/2022\/09\/7-1-600x465.jpg 600w, https:\/\/everstarsafety.com\/wp-content\/uploads\/2022\/09\/7-1-300x232.jpg 300w, https:\/\/everstarsafety.com\/wp-content\/uploads\/2022\/09\/7-1-768x595.jpg 768w, https:\/\/everstarsafety.com\/wp-content\/uploads\/2022\/09\/7-1-1320x1022.jpg 1320w, https:\/\/everstarsafety.com\/wp-content\/uploads\/2022\/09\/7-1.jpg 1422w\" sizes=\"auto, (max-width: 525px) 100vw, 525px\" \/>\t\t\t\t\t\t\t\t\t\t\t\t\t\t\t<\/div>\n\t\t\t\t<\/div>\n\t\t\t\t<div class=\"elementor-element elementor-element-5143f63 elementor-widget elementor-widget-image\" data-id=\"5143f63\" data-element_type=\"widget\" data-widget_type=\"image.default\">\n\t\t\t\t<div class=\"elementor-widget-container\">\n\t\t\t\t\t\t\t\t\t\t\t\t\t\t\t<img loading=\"lazy\" decoding=\"async\" width=\"395\" height=\"1024\" src=\"https:\/\/everstarsafety.com\/wp-content\/uploads\/2022\/09\/8-1-395x1024.jpg\" class=\"attachment-large size-large\" alt=\"\" srcset=\"https:\/\/everstarsafety.com\/wp-content\/uploads\/2022\/09\/8-1-395x1024.jpg 395w, https:\/\/everstarsafety.com\/wp-content\/uploads\/2022\/09\/8-1-600x1556.jpg 600w, https:\/\/everstarsafety.com\/wp-content\/uploads\/2022\/09\/8-1-116x300.jpg 116w, https:\/\/everstarsafety.com\/wp-content\/uploads\/2022\/09\/8-1-592x1536.jpg 592w, https:\/\/everstarsafety.com\/wp-content\/uploads\/2022\/09\/8-1.jpg 750w\" sizes=\"auto, (max-width: 395px) 100vw, 395px\" \/>\t\t\t\t\t\t\t\t\t\t\t\t\t\t\t<\/div>\n\t\t\t\t<\/div>\n\t\t\t\t<div class=\"elementor-element elementor-element-86c4632 elementor-widget elementor-widget-image\" data-id=\"86c4632\" data-element_type=\"widget\" data-widget_type=\"image.default\">\n\t\t\t\t<div class=\"elementor-widget-container\">\n\t\t\t\t\t\t\t\t\t\t\t\t\t\t\t<img loading=\"lazy\" decoding=\"async\" width=\"525\" height=\"1003\" src=\"https:\/\/everstarsafety.com\/wp-content\/uploads\/2022\/09\/9-536x1024.jpg\" class=\"attachment-large size-large\" alt=\"\" srcset=\"https:\/\/everstarsafety.com\/wp-content\/uploads\/2022\/09\/9-536x1024.jpg 536w, https:\/\/everstarsafety.com\/wp-content\/uploads\/2022\/09\/9-600x1147.jpg 600w, https:\/\/everstarsafety.com\/wp-content\/uploads\/2022\/09\/9-157x300.jpg 157w, https:\/\/everstarsafety.com\/wp-content\/uploads\/2022\/09\/9.jpg 750w\" sizes=\"auto, (max-width: 525px) 100vw, 525px\" \/>\t\t\t\t\t\t\t\t\t\t\t\t\t\t\t<\/div>\n\t\t\t\t<\/div>\n\t\t\t\t<div class=\"elementor-element elementor-element-eba659d elementor-widget elementor-widget-image\" data-id=\"eba659d\" data-element_type=\"widget\" data-widget_type=\"image.default\">\n\t\t\t\t<div class=\"elementor-widget-container\">\n\t\t\t\t\t\t\t\t\t\t\t\t\t\t\t<img loading=\"lazy\" decoding=\"async\" width=\"525\" height=\"1018\" src=\"https:\/\/everstarsafety.com\/wp-content\/uploads\/2022\/09\/10-528x1024.jpg\" class=\"attachment-large size-large\" alt=\"\" srcset=\"https:\/\/everstarsafety.com\/wp-content\/uploads\/2022\/09\/10-528x1024.jpg 528w, https:\/\/everstarsafety.com\/wp-content\/uploads\/2022\/09\/10-600x1163.jpg 600w, https:\/\/everstarsafety.com\/wp-content\/uploads\/2022\/09\/10-155x300.jpg 155w, https:\/\/everstarsafety.com\/wp-content\/uploads\/2022\/09\/10.jpg 750w\" sizes=\"auto, (max-width: 525px) 100vw, 525px\" \/>\t\t\t\t\t\t\t\t\t\t\t\t\t\t\t<\/div>\n\t\t\t\t<\/div>\n\t\t\t\t<div class=\"elementor-element elementor-element-3af037f elementor-widget elementor-widget-image\" data-id=\"3af037f\" data-element_type=\"widget\" data-widget_type=\"image.default\">\n\t\t\t\t<div class=\"elementor-widget-container\">\n\t\t\t\t\t\t\t\t\t\t\t\t\t\t\t<img loading=\"lazy\" decoding=\"async\" width=\"525\" height=\"862\" src=\"https:\/\/everstarsafety.com\/wp-content\/uploads\/2022\/09\/10-2-624x1024.jpg\" class=\"attachment-large size-large\" alt=\"\" srcset=\"https:\/\/everstarsafety.com\/wp-content\/uploads\/2022\/09\/10-2-624x1024.jpg 624w, https:\/\/everstarsafety.com\/wp-content\/uploads\/2022\/09\/10-2-600x985.jpg 600w, https:\/\/everstarsafety.com\/wp-content\/uploads\/2022\/09\/10-2-183x300.jpg 183w, https:\/\/everstarsafety.com\/wp-content\/uploads\/2022\/09\/10-2.jpg 750w\" sizes=\"auto, (max-width: 525px) 100vw, 525px\" \/>\t\t\t\t\t\t\t\t\t\t\t\t\t\t\t<\/div>\n\t\t\t\t<\/div>\n\t\t\t\t\t<\/div>\n\t\t<\/div>\n\t\t\t\t\t\t\t<\/div>\n\t\t<\/section>\n\t\t\t\t<section class=\"elementor-section elementor-top-section elementor-element elementor-element-db84d51 elementor-section-boxed elementor-section-height-default elementor-section-height-default\" data-id=\"db84d51\" data-element_type=\"section\">\n\t\t\t\t\t\t<div class=\"elementor-container elementor-column-gap-default\">\n\t\t\t\t\t<div class=\"elementor-column elementor-col-100 elementor-top-column elementor-element elementor-element-b6f35e6\" data-id=\"b6f35e6\" data-element_type=\"column\">\n\t\t\t<div class=\"elementor-widget-wrap elementor-element-populated\">\n\t\t\t\t\t\t\t\t<div class=\"elementor-element elementor-element-0f27035 elementor-widget elementor-widget-image\" data-id=\"0f27035\" data-element_type=\"widget\" data-widget_type=\"image.default\">\n\t\t\t\t<div class=\"elementor-widget-container\">\n\t\t\t\t\t\t\t\t\t\t\t\t\t\t\t<img loading=\"lazy\" decoding=\"async\" width=\"525\" height=\"641\" src=\"https:\/\/everstarsafety.com\/wp-content\/uploads\/2022\/09\/\u7535\u5b50\u6807\u724c\u5e94\u7528\u573a\u666f-1.jpg\" class=\"attachment-large size-large\" alt=\"\" srcset=\"https:\/\/everstarsafety.com\/wp-content\/uploads\/2022\/09\/\u7535\u5b50\u6807\u724c\u5e94\u7528\u573a\u666f-1.jpg 750w, https:\/\/everstarsafety.com\/wp-content\/uploads\/2022\/09\/\u7535\u5b50\u6807\u724c\u5e94\u7528\u573a\u666f-1-600x732.jpg 600w, https:\/\/everstarsafety.com\/wp-content\/uploads\/2022\/09\/\u7535\u5b50\u6807\u724c\u5e94\u7528\u573a\u666f-1-246x300.jpg 246w\" sizes=\"auto, (max-width: 525px) 100vw, 525px\" \/>\t\t\t\t\t\t\t\t\t\t\t\t\t\t\t<\/div>\n\t\t\t\t<\/div>\n\t\t\t\t\t<\/div>\n\t\t<\/div>\n\t\t\t\t\t\t\t<\/div>\n\t\t<\/section>\n\t\t\t\t\t\t\t<\/div>\n\t\t","protected":false},"excerpt":{"rendered":"<p>La se\u00f1al luminosa solar convierte la energ\u00eda solar en energ\u00eda el\u00e9ctrica mediante silicio monocristalino o policristalino. Las ventajas de las se\u00f1ales LED solares son el ahorro de energ\u00eda y, en comparaci\u00f3n con las se\u00f1ales de tr\u00e1fico autoiluminadas, son m\u00e1s f\u00e1ciles de reconocer a larga distancia por la noche, en d\u00edas lluviosos o con niebla. <\/p>\n","protected":false},"featured_media":1604,"comment_status":"open","ping_status":"closed","template":"","meta":{"om_disable_all_campaigns":false,"_monsterinsights_skip_tracking":false,"_monsterinsights_sitenote_active":false,"_monsterinsights_sitenote_note":"","_monsterinsights_sitenote_category":0},"product_cat":[548,549],"product_tag":[821,822,819,820],"class_list":["post-6168","product","type-product","status-publish","has-post-thumbnail","hentry","product_cat-senal-de-trafico","product_cat-senal-de-trafico-led","product_tag-letrero-de-energia-solar","product_tag-senal-de-trafico-de-aluminio","product_tag-senal-de-trafico-led","product_tag-senal-de-trafico-solar"],"aioseo_notices":[],"_links":{"self":[{"href":"https:\/\/everstarsafety.com\/es\/wp-json\/wp\/v2\/product\/6168","targetHints":{"allow":["GET"]}}],"collection":[{"href":"https:\/\/everstarsafety.com\/es\/wp-json\/wp\/v2\/product"}],"about":[{"href":"https:\/\/everstarsafety.com\/es\/wp-json\/wp\/v2\/types\/product"}],"replies":[{"embeddable":true,"href":"https:\/\/everstarsafety.com\/es\/wp-json\/wp\/v2\/comments?post=6168"}],"version-history":[{"count":1,"href":"https:\/\/everstarsafety.com\/es\/wp-json\/wp\/v2\/product\/6168\/revisions"}],"predecessor-version":[{"id":6169,"href":"https:\/\/everstarsafety.com\/es\/wp-json\/wp\/v2\/product\/6168\/revisions\/6169"}],"wp:featuredmedia":[{"embeddable":true,"href":"https:\/\/everstarsafety.com\/es\/wp-json\/wp\/v2\/media\/1604"}],"wp:attachment":[{"href":"https:\/\/everstarsafety.com\/es\/wp-json\/wp\/v2\/media?parent=6168"}],"wp:term":[{"taxonomy":"product_cat","embeddable":true,"href":"https:\/\/everstarsafety.com\/es\/wp-json\/wp\/v2\/product_cat?post=6168"},{"taxonomy":"product_tag","embeddable":true,"href":"https:\/\/everstarsafety.com\/es\/wp-json\/wp\/v2\/product_tag?post=6168"}],"curies":[{"name":"wp","href":"https:\/\/api.w.org\/{rel}","templated":true}]}}