{"id":6181,"date":"2022-09-06T02:00:09","date_gmt":"2022-09-06T02:00:09","guid":{"rendered":"https:\/\/everstarsafety.com\/product\/senal-de-trafico-de-aluminio\/"},"modified":"2025-12-11T07:21:44","modified_gmt":"2025-12-11T07:21:44","slug":"senal-de-trafico-de-aluminio","status":"publish","type":"product","link":"https:\/\/everstarsafety.com\/es\/producto\/senal-de-trafico-de-aluminio\/","title":{"rendered":"Se\u00f1al de tr\u00e1fico de aluminio"},"content":{"rendered":"\t\t<div data-elementor-type=\"product-post\" data-elementor-id=\"6181\" class=\"elementor elementor-6181 elementor-1576\">\n\t\t\t\t\t\t\t\t\t<section class=\"elementor-section elementor-top-section elementor-element elementor-element-31ba248 elementor-section-boxed elementor-section-height-default elementor-section-height-default\" data-id=\"31ba248\" data-element_type=\"section\">\n\t\t\t\t\t\t<div class=\"elementor-container elementor-column-gap-default\">\n\t\t\t\t\t<div class=\"elementor-column elementor-col-100 elementor-top-column elementor-element elementor-element-1c913d2\" data-id=\"1c913d2\" data-element_type=\"column\">\n\t\t\t<div class=\"elementor-widget-wrap elementor-element-populated\">\n\t\t\t\t\t\t\t\t<div class=\"elementor-element elementor-element-a3952d2 elementor-widget elementor-widget-heading\" data-id=\"a3952d2\" data-element_type=\"widget\" data-widget_type=\"heading.default\">\n\t\t\t\t<div class=\"elementor-widget-container\">\n\t\t\t<style>\/*! elementor - v3.7.0 - 08-08-2022 *\/\n.elementor-heading-title{padding:0;margin:0;line-height:1}.elementor-widget-heading .elementor-heading-title[class*=elementor-size-]>a{color:inherit;font-size:inherit;line-height:inherit}.elementor-widget-heading .elementor-heading-title.elementor-size-small{font-size:15px}.elementor-widget-heading .elementor-heading-title.elementor-size-medium{font-size:19px}.elementor-widget-heading .elementor-heading-title.elementor-size-large{font-size:29px}.elementor-widget-heading .elementor-heading-title.elementor-size-xl{font-size:39px}.elementor-widget-heading .elementor-heading-title.elementor-size-xxl{font-size:59px}<\/style><h1 class=\"elementor-heading-title elementor-size-default\">Detalles de la se\u00f1al de tr\u00e1fico de aluminio<\/h1>\t\t<\/div>\n\t\t\t\t<\/div>\n\t\t\t\t\t<\/div>\n\t\t<\/div>\n\t\t\t\t\t\t\t<\/div>\n\t\t<\/section>\n\t\t\t\t<section class=\"elementor-section elementor-top-section elementor-element elementor-element-d79adb8 elementor-section-boxed elementor-section-height-default elementor-section-height-default\" data-id=\"d79adb8\" data-element_type=\"section\">\n\t\t\t\t\t\t<div class=\"elementor-container elementor-column-gap-default\">\n\t\t\t\t\t<div class=\"elementor-column elementor-col-100 elementor-top-column elementor-element elementor-element-cb3b2c0\" data-id=\"cb3b2c0\" data-element_type=\"column\">\n\t\t\t<div class=\"elementor-widget-wrap elementor-element-populated\">\n\t\t\t\t\t\t\t\t<div class=\"elementor-element elementor-element-829cd92 elementor-widget elementor-widget-text-editor\" data-id=\"829cd92\" data-element_type=\"widget\" data-widget_type=\"text-editor.default\">\n\t\t\t\t<div class=\"elementor-widget-container\">\n\t\t\t<style>\/*! elementor - v3.7.0 - 08-08-2022 *\/\n.elementor-widget-text-editor.elementor-drop-cap-view-stacked .elementor-drop-cap{background-color:#818a91;color:#fff}.elementor-widget-text-editor.elementor-drop-cap-view-framed .elementor-drop-cap{color:#818a91;border:3px solid;background-color:transparent}.elementor-widget-text-editor:not(.elementor-drop-cap-view-default) .elementor-drop-cap{margin-top:8px}.elementor-widget-text-editor:not(.elementor-drop-cap-view-default) .elementor-drop-cap-letter{width:1em;height:1em}.elementor-widget-text-editor .elementor-drop-cap{float:left;text-align:center;line-height:1;font-size:50px}.elementor-widget-text-editor .elementor-drop-cap-letter{display:inline-block}<\/style>\t\t\t\t<p>La se\u00f1al de tr\u00e1fico est\u00e1 fabricada con pel\u00edcula reflectante de alta calidad, de larga duraci\u00f3n, impermeable, con protecci\u00f3n solar y resistente a la intemperie.<br>La pel\u00edcula reflectante est\u00e1 disponible en varios colores y grados.<br>La ranura de aluminio tiene \u00e1ngulos de 90 y 180 grados.<br>La se\u00f1al de tr\u00e1fico puede ser rebordeada, lo cual es atractivo y pr\u00e1ctico, realzando la sensaci\u00f3n de jerarqu\u00eda.<\/p>\t\t\t\t\t\t<\/div>\n\t\t\t\t<\/div>\n\t\t\t\t\t<\/div>\n\t\t<\/div>\n\t\t\t\t\t\t\t<\/div>\n\t\t<\/section>\n\t\t\t\t<section class=\"elementor-section elementor-top-section elementor-element elementor-element-ea4b93b elementor-section-boxed elementor-section-height-default elementor-section-height-default\" data-id=\"ea4b93b\" data-element_type=\"section\">\n\t\t\t\t\t\t<div class=\"elementor-container elementor-column-gap-default\">\n\t\t\t\t\t<div class=\"elementor-column elementor-col-100 elementor-top-column elementor-element elementor-element-07f3c78\" data-id=\"07f3c78\" data-element_type=\"column\">\n\t\t\t<div class=\"elementor-widget-wrap elementor-element-populated\">\n\t\t\t\t\t\t\t\t<div class=\"elementor-element elementor-element-7197e77 elementor-widget elementor-widget-image\" data-id=\"7197e77\" data-element_type=\"widget\" data-widget_type=\"image.default\">\n\t\t\t\t<div class=\"elementor-widget-container\">\n\t\t\t<style>\/*! elementor - v3.7.0 - 08-08-2022 *\/\n.elementor-widget-image{text-align:center}.elementor-widget-image a{display:inline-block}.elementor-widget-image a img[src$=\".svg\"]{width:48px}.elementor-widget-image img{vertical-align:middle;display:inline-block}<\/style>\t\t\t\t\t\t\t\t\t\t\t\t<img loading=\"lazy\" decoding=\"async\" width=\"525\" height=\"599\" src=\"https:\/\/everstarsafety.com\/wp-content\/uploads\/2022\/09\/1-11.jpg\" class=\"attachment-large size-large\" alt=\"\" srcset=\"https:\/\/everstarsafety.com\/wp-content\/uploads\/2022\/09\/1-11.jpg 790w, https:\/\/everstarsafety.com\/wp-content\/uploads\/2022\/09\/1-11-600x684.jpg 600w, https:\/\/everstarsafety.com\/wp-content\/uploads\/2022\/09\/1-11-263x300.jpg 263w, https:\/\/everstarsafety.com\/wp-content\/uploads\/2022\/09\/1-11-768x876.jpg 768w\" sizes=\"auto, (max-width: 525px) 100vw, 525px\" \/>\t\t\t\t\t\t\t\t\t\t\t\t\t\t\t<\/div>\n\t\t\t\t<\/div>\n\t\t\t\t<div class=\"elementor-element elementor-element-d79ade9 elementor-widget elementor-widget-image\" data-id=\"d79ade9\" data-element_type=\"widget\" data-widget_type=\"image.default\">\n\t\t\t\t<div class=\"elementor-widget-container\">\n\t\t\t\t\t\t\t\t\t\t\t\t\t\t\t<img loading=\"lazy\" decoding=\"async\" width=\"525\" height=\"374\" src=\"https:\/\/everstarsafety.com\/wp-content\/uploads\/2022\/09\/2-9.jpg\" class=\"attachment-large size-large\" alt=\"\" srcset=\"https:\/\/everstarsafety.com\/wp-content\/uploads\/2022\/09\/2-9.jpg 790w, https:\/\/everstarsafety.com\/wp-content\/uploads\/2022\/09\/2-9-600x428.jpg 600w, https:\/\/everstarsafety.com\/wp-content\/uploads\/2022\/09\/2-9-300x214.jpg 300w, https:\/\/everstarsafety.com\/wp-content\/uploads\/2022\/09\/2-9-768x547.jpg 768w\" sizes=\"auto, (max-width: 525px) 100vw, 525px\" \/>\t\t\t\t\t\t\t\t\t\t\t\t\t\t\t<\/div>\n\t\t\t\t<\/div>\n\t\t\t\t<div class=\"elementor-element elementor-element-30d9557 elementor-widget elementor-widget-image\" data-id=\"30d9557\" data-element_type=\"widget\" data-widget_type=\"image.default\">\n\t\t\t\t<div class=\"elementor-widget-container\">\n\t\t\t\t\t\t\t\t\t\t\t\t\t\t\t<img loading=\"lazy\" decoding=\"async\" width=\"525\" height=\"585\" src=\"https:\/\/everstarsafety.com\/wp-content\/uploads\/2022\/09\/3-6.jpg\" class=\"attachment-large size-large\" alt=\"\" srcset=\"https:\/\/everstarsafety.com\/wp-content\/uploads\/2022\/09\/3-6.jpg 790w, https:\/\/everstarsafety.com\/wp-content\/uploads\/2022\/09\/3-6-600x669.jpg 600w, https:\/\/everstarsafety.com\/wp-content\/uploads\/2022\/09\/3-6-269x300.jpg 269w, https:\/\/everstarsafety.com\/wp-content\/uploads\/2022\/09\/3-6-768x856.jpg 768w\" sizes=\"auto, (max-width: 525px) 100vw, 525px\" \/>\t\t\t\t\t\t\t\t\t\t\t\t\t\t\t<\/div>\n\t\t\t\t<\/div>\n\t\t\t\t<div class=\"elementor-element elementor-element-465042f elementor-widget elementor-widget-image\" data-id=\"465042f\" data-element_type=\"widget\" data-widget_type=\"image.default\">\n\t\t\t\t<div class=\"elementor-widget-container\">\n\t\t\t\t\t\t\t\t\t\t\t\t\t\t\t<img loading=\"lazy\" decoding=\"async\" width=\"525\" height=\"896\" src=\"https:\/\/everstarsafety.com\/wp-content\/uploads\/2022\/09\/5-1-600x1024.jpg\" class=\"attachment-large size-large\" alt=\"\" srcset=\"https:\/\/everstarsafety.com\/wp-content\/uploads\/2022\/09\/5-1-600x1024.jpg 600w, https:\/\/everstarsafety.com\/wp-content\/uploads\/2022\/09\/5-1-176x300.jpg 176w, https:\/\/everstarsafety.com\/wp-content\/uploads\/2022\/09\/5-1-768x1310.jpg 768w, https:\/\/everstarsafety.com\/wp-content\/uploads\/2022\/09\/5-1.jpg 790w\" sizes=\"auto, (max-width: 525px) 100vw, 525px\" \/>\t\t\t\t\t\t\t\t\t\t\t\t\t\t\t<\/div>\n\t\t\t\t<\/div>\n\t\t\t\t<div class=\"elementor-element elementor-element-64d69ae elementor-widget elementor-widget-image\" data-id=\"64d69ae\" data-element_type=\"widget\" data-widget_type=\"image.default\">\n\t\t\t\t<div class=\"elementor-widget-container\">\n\t\t\t\t\t\t\t\t\t\t\t\t\t\t\t<img loading=\"lazy\" decoding=\"async\" width=\"525\" height=\"456\" src=\"https:\/\/everstarsafety.com\/wp-content\/uploads\/2022\/09\/6.jpg\" class=\"attachment-large size-large\" alt=\"\" srcset=\"https:\/\/everstarsafety.com\/wp-content\/uploads\/2022\/09\/6.jpg 750w, https:\/\/everstarsafety.com\/wp-content\/uploads\/2022\/09\/6-600x522.jpg 600w, https:\/\/everstarsafety.com\/wp-content\/uploads\/2022\/09\/6-300x261.jpg 300w\" sizes=\"auto, (max-width: 525px) 100vw, 525px\" \/>\t\t\t\t\t\t\t\t\t\t\t\t\t\t\t<\/div>\n\t\t\t\t<\/div>\n\t\t\t\t<div class=\"elementor-element elementor-element-9cf2756 elementor-widget elementor-widget-image\" data-id=\"9cf2756\" data-element_type=\"widget\" data-widget_type=\"image.default\">\n\t\t\t\t<div class=\"elementor-widget-container\">\n\t\t\t\t\t\t\t\t\t\t\t\t\t\t\t<img loading=\"lazy\" decoding=\"async\" width=\"525\" height=\"374\" src=\"https:\/\/everstarsafety.com\/wp-content\/uploads\/2022\/09\/7.jpg\" class=\"attachment-large size-large\" alt=\"\" srcset=\"https:\/\/everstarsafety.com\/wp-content\/uploads\/2022\/09\/7.jpg 750w, https:\/\/everstarsafety.com\/wp-content\/uploads\/2022\/09\/7-600x427.jpg 600w, https:\/\/everstarsafety.com\/wp-content\/uploads\/2022\/09\/7-300x214.jpg 300w\" sizes=\"auto, (max-width: 525px) 100vw, 525px\" \/>\t\t\t\t\t\t\t\t\t\t\t\t\t\t\t<\/div>\n\t\t\t\t<\/div>\n\t\t\t\t<div class=\"elementor-element elementor-element-4cee466 elementor-widget elementor-widget-image\" data-id=\"4cee466\" data-element_type=\"widget\" data-widget_type=\"image.default\">\n\t\t\t\t<div class=\"elementor-widget-container\">\n\t\t\t\t\t\t\t\t\t\t\t\t\t\t\t<img loading=\"lazy\" decoding=\"async\" width=\"525\" height=\"302\" src=\"https:\/\/everstarsafety.com\/wp-content\/uploads\/2022\/09\/8.jpg\" class=\"attachment-large size-large\" alt=\"\" srcset=\"https:\/\/everstarsafety.com\/wp-content\/uploads\/2022\/09\/8.jpg 750w, https:\/\/everstarsafety.com\/wp-content\/uploads\/2022\/09\/8-600x345.jpg 600w, https:\/\/everstarsafety.com\/wp-content\/uploads\/2022\/09\/8-300x172.jpg 300w\" sizes=\"auto, (max-width: 525px) 100vw, 525px\" \/>\t\t\t\t\t\t\t\t\t\t\t\t\t\t\t<\/div>\n\t\t\t\t<\/div>\n\t\t\t\t<div class=\"elementor-element elementor-element-fbcca20 elementor-widget elementor-widget-image\" data-id=\"fbcca20\" data-element_type=\"widget\" data-widget_type=\"image.default\">\n\t\t\t\t<div class=\"elementor-widget-container\">\n\t\t\t\t\t\t\t\t\t\t\t\t\t\t\t<img loading=\"lazy\" decoding=\"async\" width=\"525\" height=\"58\" src=\"https:\/\/everstarsafety.com\/wp-content\/uploads\/2022\/09\/11.jpg\" class=\"attachment-large size-large\" alt=\"\" srcset=\"https:\/\/everstarsafety.com\/wp-content\/uploads\/2022\/09\/11.jpg 900w, https:\/\/everstarsafety.com\/wp-content\/uploads\/2022\/09\/11-600x67.jpg 600w, https:\/\/everstarsafety.com\/wp-content\/uploads\/2022\/09\/11-300x33.jpg 300w, https:\/\/everstarsafety.com\/wp-content\/uploads\/2022\/09\/11-768x85.jpg 768w\" sizes=\"auto, (max-width: 525px) 100vw, 525px\" \/>\t\t\t\t\t\t\t\t\t\t\t\t\t\t\t<\/div>\n\t\t\t\t<\/div>\n\t\t\t\t<div class=\"elementor-element elementor-element-0fea74f elementor-widget elementor-widget-image\" data-id=\"0fea74f\" data-element_type=\"widget\" data-widget_type=\"image.default\">\n\t\t\t\t<div class=\"elementor-widget-container\">\n\t\t\t\t\t\t\t\t\t\t\t\t\t\t\t<img loading=\"lazy\" decoding=\"async\" width=\"525\" height=\"248\" src=\"https:\/\/everstarsafety.com\/wp-content\/uploads\/2022\/09\/22.png\" class=\"attachment-large size-large\" alt=\"\" srcset=\"https:\/\/everstarsafety.com\/wp-content\/uploads\/2022\/09\/22.png 932w, https:\/\/everstarsafety.com\/wp-content\/uploads\/2022\/09\/22-600x283.png 600w, https:\/\/everstarsafety.com\/wp-content\/uploads\/2022\/09\/22-300x142.png 300w, https:\/\/everstarsafety.com\/wp-content\/uploads\/2022\/09\/22-768x363.png 768w\" sizes=\"auto, (max-width: 525px) 100vw, 525px\" \/>\t\t\t\t\t\t\t\t\t\t\t\t\t\t\t<\/div>\n\t\t\t\t<\/div>\n\t\t\t\t<div class=\"elementor-element elementor-element-c6d5a35 elementor-widget elementor-widget-image\" data-id=\"c6d5a35\" data-element_type=\"widget\" data-widget_type=\"image.default\">\n\t\t\t\t<div class=\"elementor-widget-container\">\n\t\t\t\t\t\t\t\t\t\t\t\t\t\t\t<img loading=\"lazy\" decoding=\"async\" width=\"525\" height=\"272\" src=\"https:\/\/everstarsafety.com\/wp-content\/uploads\/2022\/09\/33.png\" class=\"attachment-large size-large\" alt=\"\" srcset=\"https:\/\/everstarsafety.com\/wp-content\/uploads\/2022\/09\/33.png 935w, https:\/\/everstarsafety.com\/wp-content\/uploads\/2022\/09\/33-600x311.png 600w, https:\/\/everstarsafety.com\/wp-content\/uploads\/2022\/09\/33-300x155.png 300w, https:\/\/everstarsafety.com\/wp-content\/uploads\/2022\/09\/33-768x398.png 768w\" sizes=\"auto, (max-width: 525px) 100vw, 525px\" \/>\t\t\t\t\t\t\t\t\t\t\t\t\t\t\t<\/div>\n\t\t\t\t<\/div>\n\t\t\t\t<div class=\"elementor-element elementor-element-64e6270 elementor-widget elementor-widget-image\" data-id=\"64e6270\" data-element_type=\"widget\" data-widget_type=\"image.default\">\n\t\t\t\t<div class=\"elementor-widget-container\">\n\t\t\t\t\t\t\t\t\t\t\t\t\t\t\t<img loading=\"lazy\" decoding=\"async\" width=\"525\" height=\"389\" src=\"https:\/\/everstarsafety.com\/wp-content\/uploads\/2022\/09\/44.png\" class=\"attachment-large size-large\" alt=\"\" srcset=\"https:\/\/everstarsafety.com\/wp-content\/uploads\/2022\/09\/44.png 944w, https:\/\/everstarsafety.com\/wp-content\/uploads\/2022\/09\/44-600x445.png 600w, https:\/\/everstarsafety.com\/wp-content\/uploads\/2022\/09\/44-300x222.png 300w, https:\/\/everstarsafety.com\/wp-content\/uploads\/2022\/09\/44-768x569.png 768w\" sizes=\"auto, (max-width: 525px) 100vw, 525px\" \/>\t\t\t\t\t\t\t\t\t\t\t\t\t\t\t<\/div>\n\t\t\t\t<\/div>\n\t\t\t\t<div class=\"elementor-element elementor-element-906571a elementor-widget elementor-widget-image\" data-id=\"906571a\" data-element_type=\"widget\" data-widget_type=\"image.default\">\n\t\t\t\t<div class=\"elementor-widget-container\">\n\t\t\t\t\t\t\t\t\t\t\t\t\t\t\t<img loading=\"lazy\" decoding=\"async\" width=\"525\" height=\"408\" src=\"https:\/\/everstarsafety.com\/wp-content\/uploads\/2022\/09\/55.png\" class=\"attachment-large size-large\" alt=\"\" srcset=\"https:\/\/everstarsafety.com\/wp-content\/uploads\/2022\/09\/55.png 943w, https:\/\/everstarsafety.com\/wp-content\/uploads\/2022\/09\/55-600x466.png 600w, https:\/\/everstarsafety.com\/wp-content\/uploads\/2022\/09\/55-300x233.png 300w, https:\/\/everstarsafety.com\/wp-content\/uploads\/2022\/09\/55-768x596.png 768w\" sizes=\"auto, (max-width: 525px) 100vw, 525px\" \/>\t\t\t\t\t\t\t\t\t\t\t\t\t\t\t<\/div>\n\t\t\t\t<\/div>\n\t\t\t\t<div class=\"elementor-element elementor-element-7388a2d elementor-widget elementor-widget-image\" data-id=\"7388a2d\" data-element_type=\"widget\" data-widget_type=\"image.default\">\n\t\t\t\t<div class=\"elementor-widget-container\">\n\t\t\t\t\t\t\t\t\t\t\t\t\t\t\t<img loading=\"lazy\" decoding=\"async\" width=\"525\" height=\"656\" src=\"https:\/\/everstarsafety.com\/wp-content\/uploads\/2022\/09\/\u672a\u547d\u540d_\u526f\u672c-1-819x1024.jpg\" class=\"attachment-large size-large\" alt=\"\" srcset=\"https:\/\/everstarsafety.com\/wp-content\/uploads\/2022\/09\/\u672a\u547d\u540d_\u526f\u672c-1-819x1024.jpg 819w, https:\/\/everstarsafety.com\/wp-content\/uploads\/2022\/09\/\u672a\u547d\u540d_\u526f\u672c-1-600x750.jpg 600w, https:\/\/everstarsafety.com\/wp-content\/uploads\/2022\/09\/\u672a\u547d\u540d_\u526f\u672c-1-240x300.jpg 240w, https:\/\/everstarsafety.com\/wp-content\/uploads\/2022\/09\/\u672a\u547d\u540d_\u526f\u672c-1-768x960.jpg 768w, https:\/\/everstarsafety.com\/wp-content\/uploads\/2022\/09\/\u672a\u547d\u540d_\u526f\u672c-1.jpg 1000w\" sizes=\"auto, (max-width: 525px) 100vw, 525px\" \/>\t\t\t\t\t\t\t\t\t\t\t\t\t\t\t<\/div>\n\t\t\t\t<\/div>\n\t\t\t\t<div class=\"elementor-element elementor-element-2b28cf4 elementor-widget elementor-widget-image\" data-id=\"2b28cf4\" data-element_type=\"widget\" data-widget_type=\"image.default\">\n\t\t\t\t<div class=\"elementor-widget-container\">\n\t\t\t\t\t\t\t\t\t\t\t\t\t\t\t<img loading=\"lazy\" decoding=\"async\" width=\"525\" height=\"681\" src=\"https:\/\/everstarsafety.com\/wp-content\/uploads\/2022\/09\/O1CN01xqvSdx1ge4mYIAM0o_2907284166-0-cib_\u526f\u672c.jpg\" class=\"attachment-large size-large\" alt=\"\" srcset=\"https:\/\/everstarsafety.com\/wp-content\/uploads\/2022\/09\/O1CN01xqvSdx1ge4mYIAM0o_2907284166-0-cib_\u526f\u672c.jpg 790w, https:\/\/everstarsafety.com\/wp-content\/uploads\/2022\/09\/O1CN01xqvSdx1ge4mYIAM0o_2907284166-0-cib_\u526f\u672c-600x778.jpg 600w, https:\/\/everstarsafety.com\/wp-content\/uploads\/2022\/09\/O1CN01xqvSdx1ge4mYIAM0o_2907284166-0-cib_\u526f\u672c-231x300.jpg 231w, https:\/\/everstarsafety.com\/wp-content\/uploads\/2022\/09\/O1CN01xqvSdx1ge4mYIAM0o_2907284166-0-cib_\u526f\u672c-768x996.jpg 768w\" sizes=\"auto, (max-width: 525px) 100vw, 525px\" \/>\t\t\t\t\t\t\t\t\t\t\t\t\t\t\t<\/div>\n\t\t\t\t<\/div>\n\t\t\t\t<div class=\"elementor-element elementor-element-5581459 elementor-widget elementor-widget-image\" data-id=\"5581459\" data-element_type=\"widget\" data-widget_type=\"image.default\">\n\t\t\t\t<div class=\"elementor-widget-container\">\n\t\t\t\t\t\t\t\t\t\t\t\t\t\t\t<img loading=\"lazy\" decoding=\"async\" width=\"428\" height=\"1024\" src=\"https:\/\/everstarsafety.com\/wp-content\/uploads\/2022\/09\/\u4f7f\u7528\u56fe-428x1024.jpg\" class=\"attachment-large size-large\" alt=\"\" srcset=\"https:\/\/everstarsafety.com\/wp-content\/uploads\/2022\/09\/\u4f7f\u7528\u56fe-428x1024.jpg 428w, https:\/\/everstarsafety.com\/wp-content\/uploads\/2022\/09\/\u4f7f\u7528\u56fe-600x1435.jpg 600w, https:\/\/everstarsafety.com\/wp-content\/uploads\/2022\/09\/\u4f7f\u7528\u56fe-125x300.jpg 125w, https:\/\/everstarsafety.com\/wp-content\/uploads\/2022\/09\/\u4f7f\u7528\u56fe-768x1836.jpg 768w, https:\/\/everstarsafety.com\/wp-content\/uploads\/2022\/09\/\u4f7f\u7528\u56fe-642x1536.jpg 642w, https:\/\/everstarsafety.com\/wp-content\/uploads\/2022\/09\/\u4f7f\u7528\u56fe.jpg 790w\" sizes=\"auto, (max-width: 428px) 100vw, 428px\" \/>\t\t\t\t\t\t\t\t\t\t\t\t\t\t\t<\/div>\n\t\t\t\t<\/div>\n\t\t\t\t\t<\/div>\n\t\t<\/div>\n\t\t\t\t\t\t\t<\/div>\n\t\t<\/section>\n\t\t\t\t\t\t\t<\/div>\n\t\t","protected":false},"excerpt":{"rendered":"<p>Durante el d\u00eda, el color brillante de las se\u00f1ales de tr\u00e1fico cumple una funci\u00f3n de advertencia evidente. Bajo la luz de los faros de los veh\u00edculos por la noche, su brillante efecto reflectante puede mejorar eficazmente la capacidad de reconocimiento de las personas, ver el objetivo con claridad y generar alerta. <\/p>\n","protected":false},"featured_media":1578,"comment_status":"open","ping_status":"closed","template":"","meta":{"om_disable_all_campaigns":false,"_monsterinsights_skip_tracking":false,"_monsterinsights_sitenote_active":false,"_monsterinsights_sitenote_note":"","_monsterinsights_sitenote_category":0},"product_cat":[548,551],"product_tag":[826,825,824,822,823],"class_list":["post-6181","product","type-product","status-publish","has-post-thumbnail","hentry","product_cat-senal-de-trafico","product_cat-senal-de-trafico-2","product_tag-senal-de-aluminio-reflectante","product_tag-senal-de-estacionamiento","product_tag-senal-de-limite-de-velocidad","product_tag-senal-de-trafico-de-aluminio","product_tag-senal-de-trafico-de-aluninun"],"aioseo_notices":[],"_links":{"self":[{"href":"https:\/\/everstarsafety.com\/es\/wp-json\/wp\/v2\/product\/6181","targetHints":{"allow":["GET"]}}],"collection":[{"href":"https:\/\/everstarsafety.com\/es\/wp-json\/wp\/v2\/product"}],"about":[{"href":"https:\/\/everstarsafety.com\/es\/wp-json\/wp\/v2\/types\/product"}],"replies":[{"embeddable":true,"href":"https:\/\/everstarsafety.com\/es\/wp-json\/wp\/v2\/comments?post=6181"}],"version-history":[{"count":1,"href":"https:\/\/everstarsafety.com\/es\/wp-json\/wp\/v2\/product\/6181\/revisions"}],"predecessor-version":[{"id":6183,"href":"https:\/\/everstarsafety.com\/es\/wp-json\/wp\/v2\/product\/6181\/revisions\/6183"}],"wp:featuredmedia":[{"embeddable":true,"href":"https:\/\/everstarsafety.com\/es\/wp-json\/wp\/v2\/media\/1578"}],"wp:attachment":[{"href":"https:\/\/everstarsafety.com\/es\/wp-json\/wp\/v2\/media?parent=6181"}],"wp:term":[{"taxonomy":"product_cat","embeddable":true,"href":"https:\/\/everstarsafety.com\/es\/wp-json\/wp\/v2\/product_cat?post=6181"},{"taxonomy":"product_tag","embeddable":true,"href":"https:\/\/everstarsafety.com\/es\/wp-json\/wp\/v2\/product_tag?post=6181"}],"curies":[{"name":"wp","href":"https:\/\/api.w.org\/{rel}","templated":true}]}}