{"id":6331,"date":"2022-08-29T08:10:20","date_gmt":"2022-08-29T08:10:20","guid":{"rendered":"https:\/\/everstarsafety.com\/product\/barra-de-conexion-de-cono-de-trafico-retractil\/"},"modified":"2025-12-11T07:39:23","modified_gmt":"2025-12-11T07:39:23","slug":"barra-de-conexion-de-cono-de-trafico-retractil","status":"publish","type":"product","link":"https:\/\/everstarsafety.com\/es\/producto\/barra-de-conexion-de-cono-de-trafico-retractil\/","title":{"rendered":"Barra de conexi\u00f3n de cono de tr\u00e1fico retr\u00e1ctil"},"content":{"rendered":"\t\t<div data-elementor-type=\"product-post\" data-elementor-id=\"6331\" class=\"elementor elementor-6331 elementor-1255\">\n\t\t\t\t\t\t\t\t\t<section class=\"elementor-section elementor-top-section elementor-element elementor-element-7480e78 elementor-section-boxed elementor-section-height-default elementor-section-height-default\" data-id=\"7480e78\" data-element_type=\"section\">\n\t\t\t\t\t\t<div class=\"elementor-container elementor-column-gap-default\">\n\t\t\t\t\t<div class=\"elementor-column elementor-col-100 elementor-top-column elementor-element elementor-element-d246a60\" data-id=\"d246a60\" data-element_type=\"column\">\n\t\t\t<div class=\"elementor-widget-wrap elementor-element-populated\">\n\t\t\t\t\t\t\t\t<div class=\"elementor-element elementor-element-266e802 elementor-widget elementor-widget-image\" data-id=\"266e802\" data-element_type=\"widget\" data-widget_type=\"image.default\">\n\t\t\t\t<div class=\"elementor-widget-container\">\n\t\t\t<style>\/*! elementor - v3.7.0 - 08-08-2022 *\/\n.elementor-widget-image{text-align:center}.elementor-widget-image a{display:inline-block}.elementor-widget-image a img[src$=\".svg\"]{width:48px}.elementor-widget-image img{vertical-align:middle;display:inline-block}<\/style>\t\t\t\t\t\t\t\t\t\t\t\t<img loading=\"lazy\" decoding=\"async\" width=\"525\" height=\"75\" src=\"https:\/\/everstarsafety.com\/wp-content\/uploads\/2022\/08\/\u672a\u547d\u540d_\u526f\u672c-1.jpg\" class=\"attachment-large size-large\" alt=\"\" srcset=\"https:\/\/everstarsafety.com\/wp-content\/uploads\/2022\/08\/\u672a\u547d\u540d_\u526f\u672c-1.jpg 703w, https:\/\/everstarsafety.com\/wp-content\/uploads\/2022\/08\/\u672a\u547d\u540d_\u526f\u672c-1-600x85.jpg 600w, https:\/\/everstarsafety.com\/wp-content\/uploads\/2022\/08\/\u672a\u547d\u540d_\u526f\u672c-1-300x43.jpg 300w\" sizes=\"auto, (max-width: 525px) 100vw, 525px\" \/>\t\t\t\t\t\t\t\t\t\t\t\t\t\t\t<\/div>\n\t\t\t\t<\/div>\n\t\t\t\t\t<\/div>\n\t\t<\/div>\n\t\t\t\t\t\t\t<\/div>\n\t\t<\/section>\n\t\t\t\t<section class=\"elementor-section elementor-top-section elementor-element elementor-element-38e59a2 elementor-section-boxed elementor-section-height-default elementor-section-height-default\" data-id=\"38e59a2\" data-element_type=\"section\">\n\t\t\t\t\t\t<div class=\"elementor-container elementor-column-gap-default\">\n\t\t\t\t\t<div class=\"elementor-column elementor-col-100 elementor-top-column elementor-element elementor-element-75e7e2e\" data-id=\"75e7e2e\" data-element_type=\"column\">\n\t\t\t<div class=\"elementor-widget-wrap elementor-element-populated\">\n\t\t\t\t\t\t\t\t<div class=\"elementor-element elementor-element-63db79c elementor-widget elementor-widget-image\" data-id=\"63db79c\" data-element_type=\"widget\" data-widget_type=\"image.default\">\n\t\t\t\t<div class=\"elementor-widget-container\">\n\t\t\t\t\t\t\t\t\t\t\t\t\t\t\t<img loading=\"lazy\" decoding=\"async\" width=\"525\" height=\"383\" src=\"https:\/\/everstarsafety.com\/wp-content\/uploads\/2022\/08\/\u672a\u547d\u540d1661761183_\u526f\u672c.png\" class=\"attachment-large size-large\" alt=\"\" srcset=\"https:\/\/everstarsafety.com\/wp-content\/uploads\/2022\/08\/\u672a\u547d\u540d1661761183_\u526f\u672c.png 700w, https:\/\/everstarsafety.com\/wp-content\/uploads\/2022\/08\/\u672a\u547d\u540d1661761183_\u526f\u672c-600x438.png 600w, https:\/\/everstarsafety.com\/wp-content\/uploads\/2022\/08\/\u672a\u547d\u540d1661761183_\u526f\u672c-300x219.png 300w\" sizes=\"auto, (max-width: 525px) 100vw, 525px\" \/>\t\t\t\t\t\t\t\t\t\t\t\t\t\t\t<\/div>\n\t\t\t\t<\/div>\n\t\t\t\t\t<\/div>\n\t\t<\/div>\n\t\t\t\t\t\t\t<\/div>\n\t\t<\/section>\n\t\t\t\t<section class=\"elementor-section elementor-top-section elementor-element elementor-element-33a8883 elementor-section-boxed elementor-section-height-default elementor-section-height-default\" data-id=\"33a8883\" data-element_type=\"section\">\n\t\t\t\t\t\t<div class=\"elementor-container elementor-column-gap-default\">\n\t\t\t\t\t<div class=\"elementor-column elementor-col-100 elementor-top-column elementor-element elementor-element-52e4cd6\" data-id=\"52e4cd6\" data-element_type=\"column\">\n\t\t\t<div class=\"elementor-widget-wrap elementor-element-populated\">\n\t\t\t\t\t\t\t\t<div class=\"elementor-element elementor-element-9543d0d elementor-widget elementor-widget-image\" data-id=\"9543d0d\" data-element_type=\"widget\" data-widget_type=\"image.default\">\n\t\t\t\t<div class=\"elementor-widget-container\">\n\t\t\t\t\t\t\t\t\t\t\t\t\t\t\t<img loading=\"lazy\" decoding=\"async\" width=\"525\" height=\"361\" src=\"https:\/\/everstarsafety.com\/wp-content\/uploads\/2022\/08\/\u672a\u547d\u540d1661761194_\u526f\u672c.png\" class=\"attachment-large size-large\" alt=\"\" srcset=\"https:\/\/everstarsafety.com\/wp-content\/uploads\/2022\/08\/\u672a\u547d\u540d1661761194_\u526f\u672c.png 703w, https:\/\/everstarsafety.com\/wp-content\/uploads\/2022\/08\/\u672a\u547d\u540d1661761194_\u526f\u672c-600x413.png 600w, https:\/\/everstarsafety.com\/wp-content\/uploads\/2022\/08\/\u672a\u547d\u540d1661761194_\u526f\u672c-300x207.png 300w\" sizes=\"auto, (max-width: 525px) 100vw, 525px\" \/>\t\t\t\t\t\t\t\t\t\t\t\t\t\t\t<\/div>\n\t\t\t\t<\/div>\n\t\t\t\t\t<\/div>\n\t\t<\/div>\n\t\t\t\t\t\t\t<\/div>\n\t\t<\/section>\n\t\t\t\t<section class=\"elementor-section elementor-top-section elementor-element elementor-element-293d084 elementor-section-boxed elementor-section-height-default elementor-section-height-default\" data-id=\"293d084\" data-element_type=\"section\">\n\t\t\t\t\t\t<div class=\"elementor-container elementor-column-gap-default\">\n\t\t\t\t\t<div class=\"elementor-column elementor-col-100 elementor-top-column elementor-element elementor-element-139ce07\" data-id=\"139ce07\" data-element_type=\"column\">\n\t\t\t<div class=\"elementor-widget-wrap elementor-element-populated\">\n\t\t\t\t\t\t\t\t<div class=\"elementor-element elementor-element-31f20c7 elementor-widget elementor-widget-image\" data-id=\"31f20c7\" data-element_type=\"widget\" data-widget_type=\"image.default\">\n\t\t\t\t<div class=\"elementor-widget-container\">\n\t\t\t\t\t\t\t\t\t\t\t\t\t\t\t<img loading=\"lazy\" decoding=\"async\" width=\"525\" height=\"63\" src=\"https:\/\/everstarsafety.com\/wp-content\/uploads\/2022\/08\/\u6807\u9898.jpg\" class=\"attachment-large size-large\" alt=\"\" srcset=\"https:\/\/everstarsafety.com\/wp-content\/uploads\/2022\/08\/\u6807\u9898.jpg 833w, https:\/\/everstarsafety.com\/wp-content\/uploads\/2022\/08\/\u6807\u9898-600x72.jpg 600w, https:\/\/everstarsafety.com\/wp-content\/uploads\/2022\/08\/\u6807\u9898-300x36.jpg 300w, https:\/\/everstarsafety.com\/wp-content\/uploads\/2022\/08\/\u6807\u9898-768x92.jpg 768w\" sizes=\"auto, (max-width: 525px) 100vw, 525px\" \/>\t\t\t\t\t\t\t\t\t\t\t\t\t\t\t<\/div>\n\t\t\t\t<\/div>\n\t\t\t\t\t<\/div>\n\t\t<\/div>\n\t\t\t\t\t\t\t<\/div>\n\t\t<\/section>\n\t\t\t\t<section class=\"elementor-section elementor-top-section elementor-element elementor-element-a2bf595 elementor-section-boxed elementor-section-height-default elementor-section-height-default\" data-id=\"a2bf595\" data-element_type=\"section\">\n\t\t\t\t\t\t<div class=\"elementor-container elementor-column-gap-default\">\n\t\t\t\t\t<div class=\"elementor-column elementor-col-100 elementor-top-column elementor-element elementor-element-c0b3d6f\" data-id=\"c0b3d6f\" data-element_type=\"column\">\n\t\t\t<div class=\"elementor-widget-wrap elementor-element-populated\">\n\t\t\t\t\t\t\t\t<div class=\"elementor-element elementor-element-60c0bde elementor-widget elementor-widget-image\" data-id=\"60c0bde\" data-element_type=\"widget\" data-widget_type=\"image.default\">\n\t\t\t\t<div class=\"elementor-widget-container\">\n\t\t\t\t\t\t\t\t\t\t\t\t\t\t\t<img loading=\"lazy\" decoding=\"async\" width=\"525\" height=\"327\" src=\"https:\/\/everstarsafety.com\/wp-content\/uploads\/2022\/08\/1.png\" class=\"attachment-large size-large\" alt=\"\" srcset=\"https:\/\/everstarsafety.com\/wp-content\/uploads\/2022\/08\/1.png 828w, https:\/\/everstarsafety.com\/wp-content\/uploads\/2022\/08\/1-600x374.png 600w, https:\/\/everstarsafety.com\/wp-content\/uploads\/2022\/08\/1-300x187.png 300w, https:\/\/everstarsafety.com\/wp-content\/uploads\/2022\/08\/1-768x479.png 768w\" sizes=\"auto, (max-width: 525px) 100vw, 525px\" \/>\t\t\t\t\t\t\t\t\t\t\t\t\t\t\t<\/div>\n\t\t\t\t<\/div>\n\t\t\t\t<div class=\"elementor-element elementor-element-dc79d77 elementor-widget elementor-widget-image\" data-id=\"dc79d77\" data-element_type=\"widget\" data-widget_type=\"image.default\">\n\t\t\t\t<div class=\"elementor-widget-container\">\n\t\t\t\t\t\t\t\t\t\t\t\t\t\t\t<img loading=\"lazy\" decoding=\"async\" width=\"525\" height=\"322\" src=\"https:\/\/everstarsafety.com\/wp-content\/uploads\/2022\/08\/2.png\" class=\"attachment-large size-large\" alt=\"\" srcset=\"https:\/\/everstarsafety.com\/wp-content\/uploads\/2022\/08\/2.png 830w, https:\/\/everstarsafety.com\/wp-content\/uploads\/2022\/08\/2-600x368.png 600w, https:\/\/everstarsafety.com\/wp-content\/uploads\/2022\/08\/2-300x184.png 300w, https:\/\/everstarsafety.com\/wp-content\/uploads\/2022\/08\/2-768x471.png 768w\" sizes=\"auto, (max-width: 525px) 100vw, 525px\" \/>\t\t\t\t\t\t\t\t\t\t\t\t\t\t\t<\/div>\n\t\t\t\t<\/div>\n\t\t\t\t<div class=\"elementor-element elementor-element-4fc2d27 elementor-widget elementor-widget-image\" data-id=\"4fc2d27\" data-element_type=\"widget\" data-widget_type=\"image.default\">\n\t\t\t\t<div class=\"elementor-widget-container\">\n\t\t\t\t\t\t\t\t\t\t\t\t\t\t\t<img loading=\"lazy\" decoding=\"async\" width=\"525\" height=\"329\" src=\"https:\/\/everstarsafety.com\/wp-content\/uploads\/2022\/08\/3-1.png\" class=\"attachment-large size-large\" alt=\"\" srcset=\"https:\/\/everstarsafety.com\/wp-content\/uploads\/2022\/08\/3-1.png 831w, https:\/\/everstarsafety.com\/wp-content\/uploads\/2022\/08\/3-1-600x376.png 600w, https:\/\/everstarsafety.com\/wp-content\/uploads\/2022\/08\/3-1-300x188.png 300w, https:\/\/everstarsafety.com\/wp-content\/uploads\/2022\/08\/3-1-768x482.png 768w\" sizes=\"auto, (max-width: 525px) 100vw, 525px\" \/>\t\t\t\t\t\t\t\t\t\t\t\t\t\t\t<\/div>\n\t\t\t\t<\/div>\n\t\t\t\t<div class=\"elementor-element elementor-element-08853eb elementor-widget elementor-widget-image\" data-id=\"08853eb\" data-element_type=\"widget\" data-widget_type=\"image.default\">\n\t\t\t\t<div class=\"elementor-widget-container\">\n\t\t\t\t\t\t\t\t\t\t\t\t\t\t\t<img loading=\"lazy\" decoding=\"async\" width=\"525\" height=\"309\" src=\"https:\/\/everstarsafety.com\/wp-content\/uploads\/2022\/08\/4.png\" class=\"attachment-large size-large\" alt=\"\" srcset=\"https:\/\/everstarsafety.com\/wp-content\/uploads\/2022\/08\/4.png 833w, https:\/\/everstarsafety.com\/wp-content\/uploads\/2022\/08\/4-600x354.png 600w, https:\/\/everstarsafety.com\/wp-content\/uploads\/2022\/08\/4-300x177.png 300w, https:\/\/everstarsafety.com\/wp-content\/uploads\/2022\/08\/4-768x453.png 768w\" sizes=\"auto, (max-width: 525px) 100vw, 525px\" \/>\t\t\t\t\t\t\t\t\t\t\t\t\t\t\t<\/div>\n\t\t\t\t<\/div>\n\t\t\t\t\t<\/div>\n\t\t<\/div>\n\t\t\t\t\t\t\t<\/div>\n\t\t<\/section>\n\t\t\t\t<section class=\"elementor-section elementor-top-section elementor-element elementor-element-3653645 elementor-section-boxed elementor-section-height-default elementor-section-height-default\" data-id=\"3653645\" data-element_type=\"section\">\n\t\t\t\t\t\t<div class=\"elementor-container elementor-column-gap-default\">\n\t\t\t\t\t<div class=\"elementor-column elementor-col-100 elementor-top-column elementor-element elementor-element-2b3da61\" data-id=\"2b3da61\" data-element_type=\"column\">\n\t\t\t<div class=\"elementor-widget-wrap elementor-element-populated\">\n\t\t\t\t\t\t\t\t<div class=\"elementor-element elementor-element-ad94dfa elementor-widget elementor-widget-image\" data-id=\"ad94dfa\" data-element_type=\"widget\" data-widget_type=\"image.default\">\n\t\t\t\t<div class=\"elementor-widget-container\">\n\t\t\t\t\t\t\t\t\t\t\t\t\t\t\t<img loading=\"lazy\" decoding=\"async\" width=\"525\" height=\"70\" src=\"https:\/\/everstarsafety.com\/wp-content\/uploads\/2022\/08\/\u672a\u547d\u540d_\u526f\u672c-2.jpg\" class=\"attachment-large size-large\" alt=\"\" srcset=\"https:\/\/everstarsafety.com\/wp-content\/uploads\/2022\/08\/\u672a\u547d\u540d_\u526f\u672c-2.jpg 750w, https:\/\/everstarsafety.com\/wp-content\/uploads\/2022\/08\/\u672a\u547d\u540d_\u526f\u672c-2-600x80.jpg 600w, https:\/\/everstarsafety.com\/wp-content\/uploads\/2022\/08\/\u672a\u547d\u540d_\u526f\u672c-2-300x40.jpg 300w\" sizes=\"auto, (max-width: 525px) 100vw, 525px\" \/>\t\t\t\t\t\t\t\t\t\t\t\t\t\t\t<\/div>\n\t\t\t\t<\/div>\n\t\t\t\t<div class=\"elementor-element elementor-element-411a470 elementor-widget elementor-widget-image\" data-id=\"411a470\" data-element_type=\"widget\" data-widget_type=\"image.default\">\n\t\t\t\t<div class=\"elementor-widget-container\">\n\t\t\t\t\t\t\t\t\t\t\t\t\t\t\t<img loading=\"lazy\" decoding=\"async\" width=\"525\" height=\"207\" src=\"https:\/\/everstarsafety.com\/wp-content\/uploads\/2022\/08\/15416542681_355206168_\u526f\u672c.jpg\" class=\"attachment-large size-large\" alt=\"\" srcset=\"https:\/\/everstarsafety.com\/wp-content\/uploads\/2022\/08\/15416542681_355206168_\u526f\u672c.jpg 750w, https:\/\/everstarsafety.com\/wp-content\/uploads\/2022\/08\/15416542681_355206168_\u526f\u672c-600x237.jpg 600w, https:\/\/everstarsafety.com\/wp-content\/uploads\/2022\/08\/15416542681_355206168_\u526f\u672c-300x118.jpg 300w\" sizes=\"auto, (max-width: 525px) 100vw, 525px\" \/>\t\t\t\t\t\t\t\t\t\t\t\t\t\t\t<\/div>\n\t\t\t\t<\/div>\n\t\t\t\t\t<\/div>\n\t\t<\/div>\n\t\t\t\t\t\t\t<\/div>\n\t\t<\/section>\n\t\t\t\t\t\t\t<\/div>\n\t\t","protected":false},"excerpt":{"rendered":"<p>La barra de conexi\u00f3n de cono de tr\u00e1fico retr\u00e1ctil se aplica en v\u00edas p\u00fablicas, comunidades, f\u00e1bricas, etc., lugares para funciones de advertencia de aislamiento.<\/p>\n","protected":false},"featured_media":1257,"comment_status":"open","ping_status":"closed","template":"","meta":{"om_disable_all_campaigns":false,"_monsterinsights_skip_tracking":false,"_monsterinsights_sitenote_active":false,"_monsterinsights_sitenote_note":"","_monsterinsights_sitenote_category":0},"product_cat":[547,540],"product_tag":[850,849,851,852],"class_list":["post-6331","product","type-product","status-publish","has-post-thumbnail","hentry","product_cat-barra-de-conexion-de-conos-de-trafico","product_cat-cono-de-trafico","product_tag-barra-conica-extensible","product_tag-barra-conica-retractil","product_tag-barra-de-cono-de-seguridad-vial","product_tag-barra-de-cono-de-trafico-de-plastico"],"aioseo_notices":[],"_links":{"self":[{"href":"https:\/\/everstarsafety.com\/es\/wp-json\/wp\/v2\/product\/6331","targetHints":{"allow":["GET"]}}],"collection":[{"href":"https:\/\/everstarsafety.com\/es\/wp-json\/wp\/v2\/product"}],"about":[{"href":"https:\/\/everstarsafety.com\/es\/wp-json\/wp\/v2\/types\/product"}],"replies":[{"embeddable":true,"href":"https:\/\/everstarsafety.com\/es\/wp-json\/wp\/v2\/comments?post=6331"}],"version-history":[{"count":1,"href":"https:\/\/everstarsafety.com\/es\/wp-json\/wp\/v2\/product\/6331\/revisions"}],"predecessor-version":[{"id":6332,"href":"https:\/\/everstarsafety.com\/es\/wp-json\/wp\/v2\/product\/6331\/revisions\/6332"}],"wp:featuredmedia":[{"embeddable":true,"href":"https:\/\/everstarsafety.com\/es\/wp-json\/wp\/v2\/media\/1257"}],"wp:attachment":[{"href":"https:\/\/everstarsafety.com\/es\/wp-json\/wp\/v2\/media?parent=6331"}],"wp:term":[{"taxonomy":"product_cat","embeddable":true,"href":"https:\/\/everstarsafety.com\/es\/wp-json\/wp\/v2\/product_cat?post=6331"},{"taxonomy":"product_tag","embeddable":true,"href":"https:\/\/everstarsafety.com\/es\/wp-json\/wp\/v2\/product_tag?post=6331"}],"curies":[{"name":"wp","href":"https:\/\/api.w.org\/{rel}","templated":true}]}}