{"id":6358,"date":"2022-08-26T02:52:59","date_gmt":"2022-08-26T02:52:59","guid":{"rendered":"https:\/\/everstarsafety.com\/product\/cono-de-trafico-de-goma\/"},"modified":"2025-12-11T07:41:27","modified_gmt":"2025-12-11T07:41:27","slug":"cono-de-trafico-de-goma","status":"publish","type":"product","link":"https:\/\/everstarsafety.com\/es\/producto\/cono-de-trafico-de-goma\/","title":{"rendered":"Cono de tr\u00e1fico de goma"},"content":{"rendered":"\t\t<div data-elementor-type=\"product-post\" data-elementor-id=\"6358\" class=\"elementor elementor-6358 elementor-1201\">\n\t\t\t\t\t\t\t\t\t<section class=\"elementor-section elementor-top-section elementor-element elementor-element-aa1d64a elementor-section-boxed elementor-section-height-default elementor-section-height-default\" data-id=\"aa1d64a\" data-element_type=\"section\">\n\t\t\t\t\t\t<div class=\"elementor-container elementor-column-gap-default\">\n\t\t\t\t\t<div class=\"elementor-column elementor-col-100 elementor-top-column elementor-element elementor-element-599e301\" data-id=\"599e301\" data-element_type=\"column\">\n\t\t\t<div class=\"elementor-widget-wrap elementor-element-populated\">\n\t\t\t\t\t\t\t\t<div class=\"elementor-element elementor-element-39c0eb8 elementor-widget elementor-widget-image\" data-id=\"39c0eb8\" data-element_type=\"widget\" data-widget_type=\"image.default\">\n\t\t\t\t<div class=\"elementor-widget-container\">\n\t\t\t<style>\/*! elementor - v3.7.0 - 08-08-2022 *\/\n.elementor-widget-image{text-align:center}.elementor-widget-image a{display:inline-block}.elementor-widget-image a img[src$=\".svg\"]{width:48px}.elementor-widget-image img{vertical-align:middle;display:inline-block}<\/style>\t\t\t\t\t\t\t\t\t\t\t\t<img loading=\"lazy\" decoding=\"async\" width=\"525\" height=\"607\" src=\"https:\/\/everstarsafety.com\/wp-content\/uploads\/2022\/08\/\u8be6\u60c5\u9875-1-1.jpg\" class=\"attachment-large size-large\" alt=\"\" srcset=\"https:\/\/everstarsafety.com\/wp-content\/uploads\/2022\/08\/\u8be6\u60c5\u9875-1-1.jpg 800w, https:\/\/everstarsafety.com\/wp-content\/uploads\/2022\/08\/\u8be6\u60c5\u9875-1-1-600x694.jpg 600w, https:\/\/everstarsafety.com\/wp-content\/uploads\/2022\/08\/\u8be6\u60c5\u9875-1-1-259x300.jpg 259w, https:\/\/everstarsafety.com\/wp-content\/uploads\/2022\/08\/\u8be6\u60c5\u9875-1-1-768x888.jpg 768w\" sizes=\"auto, (max-width: 525px) 100vw, 525px\" \/>\t\t\t\t\t\t\t\t\t\t\t\t\t\t\t<\/div>\n\t\t\t\t<\/div>\n\t\t\t\t<div class=\"elementor-element elementor-element-b2fb765 elementor-widget elementor-widget-image\" data-id=\"b2fb765\" data-element_type=\"widget\" data-widget_type=\"image.default\">\n\t\t\t\t<div class=\"elementor-widget-container\">\n\t\t\t\t\t\t\t\t\t\t\t\t\t\t\t<img loading=\"lazy\" decoding=\"async\" width=\"525\" height=\"630\" src=\"https:\/\/everstarsafety.com\/wp-content\/uploads\/2022\/08\/\u8be6\u60c5\u9875-3-1.jpg\" class=\"attachment-large size-large\" alt=\"\" srcset=\"https:\/\/everstarsafety.com\/wp-content\/uploads\/2022\/08\/\u8be6\u60c5\u9875-3-1.jpg 800w, https:\/\/everstarsafety.com\/wp-content\/uploads\/2022\/08\/\u8be6\u60c5\u9875-3-1-600x720.jpg 600w, https:\/\/everstarsafety.com\/wp-content\/uploads\/2022\/08\/\u8be6\u60c5\u9875-3-1-250x300.jpg 250w, https:\/\/everstarsafety.com\/wp-content\/uploads\/2022\/08\/\u8be6\u60c5\u9875-3-1-768x922.jpg 768w\" sizes=\"auto, (max-width: 525px) 100vw, 525px\" \/>\t\t\t\t\t\t\t\t\t\t\t\t\t\t\t<\/div>\n\t\t\t\t<\/div>\n\t\t\t\t<div class=\"elementor-element elementor-element-e4c09ab elementor-widget elementor-widget-heading\" data-id=\"e4c09ab\" data-element_type=\"widget\" data-widget_type=\"heading.default\">\n\t\t\t\t<div class=\"elementor-widget-container\">\n\t\t\t<style>\/*! elementor - v3.7.0 - 08-08-2022 *\/\n.elementor-heading-title{padding:0;margin:0;line-height:1}.elementor-widget-heading .elementor-heading-title[class*=elementor-size-]>a{color:inherit;font-size:inherit;line-height:inherit}.elementor-widget-heading .elementor-heading-title.elementor-size-small{font-size:15px}.elementor-widget-heading .elementor-heading-title.elementor-size-medium{font-size:19px}.elementor-widget-heading .elementor-heading-title.elementor-size-large{font-size:29px}.elementor-widget-heading .elementor-heading-title.elementor-size-xl{font-size:39px}.elementor-widget-heading .elementor-heading-title.elementor-size-xxl{font-size:59px}<\/style><h1 class=\"elementor-heading-title elementor-size-xl\">Exhibici\u00f3n del producto<\/h1>\t\t<\/div>\n\t\t\t\t<\/div>\n\t\t\t\t<div class=\"elementor-element elementor-element-ace352b elementor-widget elementor-widget-image\" data-id=\"ace352b\" data-element_type=\"widget\" data-widget_type=\"image.default\">\n\t\t\t\t<div class=\"elementor-widget-container\">\n\t\t\t\t\t\t\t\t\t\t\t\t\t\t\t<img loading=\"lazy\" decoding=\"async\" width=\"525\" height=\"620\" src=\"https:\/\/everstarsafety.com\/wp-content\/uploads\/2022\/08\/\u8be6\u60c5\u9875-4-1.jpg\" class=\"attachment-large size-large\" alt=\"\" srcset=\"https:\/\/everstarsafety.com\/wp-content\/uploads\/2022\/08\/\u8be6\u60c5\u9875-4-1.jpg 790w, https:\/\/everstarsafety.com\/wp-content\/uploads\/2022\/08\/\u8be6\u60c5\u9875-4-1-600x709.jpg 600w, https:\/\/everstarsafety.com\/wp-content\/uploads\/2022\/08\/\u8be6\u60c5\u9875-4-1-254x300.jpg 254w, https:\/\/everstarsafety.com\/wp-content\/uploads\/2022\/08\/\u8be6\u60c5\u9875-4-1-768x907.jpg 768w\" sizes=\"auto, (max-width: 525px) 100vw, 525px\" \/>\t\t\t\t\t\t\t\t\t\t\t\t\t\t\t<\/div>\n\t\t\t\t<\/div>\n\t\t\t\t<div class=\"elementor-element elementor-element-b1635cd elementor-widget elementor-widget-image\" data-id=\"b1635cd\" data-element_type=\"widget\" data-widget_type=\"image.default\">\n\t\t\t\t<div class=\"elementor-widget-container\">\n\t\t\t\t\t\t\t\t\t\t\t\t\t\t\t<img loading=\"lazy\" decoding=\"async\" width=\"525\" height=\"310\" src=\"https:\/\/everstarsafety.com\/wp-content\/uploads\/2022\/08\/\u8be6\u60c5\u9875-5.jpg\" class=\"attachment-large size-large\" alt=\"\" srcset=\"https:\/\/everstarsafety.com\/wp-content\/uploads\/2022\/08\/\u8be6\u60c5\u9875-5.jpg 800w, https:\/\/everstarsafety.com\/wp-content\/uploads\/2022\/08\/\u8be6\u60c5\u9875-5-600x354.jpg 600w, https:\/\/everstarsafety.com\/wp-content\/uploads\/2022\/08\/\u8be6\u60c5\u9875-5-300x177.jpg 300w, https:\/\/everstarsafety.com\/wp-content\/uploads\/2022\/08\/\u8be6\u60c5\u9875-5-768x453.jpg 768w\" sizes=\"auto, (max-width: 525px) 100vw, 525px\" \/>\t\t\t\t\t\t\t\t\t\t\t\t\t\t\t<\/div>\n\t\t\t\t<\/div>\n\t\t\t\t<div class=\"elementor-element elementor-element-877b5a6 elementor-widget elementor-widget-image\" data-id=\"877b5a6\" data-element_type=\"widget\" data-widget_type=\"image.default\">\n\t\t\t\t<div class=\"elementor-widget-container\">\n\t\t\t\t\t\t\t\t\t\t\t\t\t\t\t<img loading=\"lazy\" decoding=\"async\" width=\"525\" height=\"356\" src=\"https:\/\/everstarsafety.com\/wp-content\/uploads\/2022\/08\/\u8be6\u60c5\u9875-6.jpg\" class=\"attachment-large size-large\" alt=\"\" srcset=\"https:\/\/everstarsafety.com\/wp-content\/uploads\/2022\/08\/\u8be6\u60c5\u9875-6.jpg 790w, https:\/\/everstarsafety.com\/wp-content\/uploads\/2022\/08\/\u8be6\u60c5\u9875-6-600x407.jpg 600w, https:\/\/everstarsafety.com\/wp-content\/uploads\/2022\/08\/\u8be6\u60c5\u9875-6-300x204.jpg 300w, https:\/\/everstarsafety.com\/wp-content\/uploads\/2022\/08\/\u8be6\u60c5\u9875-6-768x521.jpg 768w\" sizes=\"auto, (max-width: 525px) 100vw, 525px\" \/>\t\t\t\t\t\t\t\t\t\t\t\t\t\t\t<\/div>\n\t\t\t\t<\/div>\n\t\t\t\t<div class=\"elementor-element elementor-element-e6c3b7a elementor-widget elementor-widget-image\" data-id=\"e6c3b7a\" data-element_type=\"widget\" data-widget_type=\"image.default\">\n\t\t\t\t<div class=\"elementor-widget-container\">\n\t\t\t\t\t\t\t\t\t\t\t\t\t\t\t<img loading=\"lazy\" decoding=\"async\" width=\"525\" height=\"525\" src=\"https:\/\/everstarsafety.com\/wp-content\/uploads\/2022\/08\/1-9-1.jpg\" class=\"attachment-large size-large\" alt=\"\" srcset=\"https:\/\/everstarsafety.com\/wp-content\/uploads\/2022\/08\/1-9-1.jpg 800w, https:\/\/everstarsafety.com\/wp-content\/uploads\/2022\/08\/1-9-1-300x300.jpg 300w, https:\/\/everstarsafety.com\/wp-content\/uploads\/2022\/08\/1-9-1-100x100.jpg 100w, https:\/\/everstarsafety.com\/wp-content\/uploads\/2022\/08\/1-9-1-600x600.jpg 600w, https:\/\/everstarsafety.com\/wp-content\/uploads\/2022\/08\/1-9-1-150x150.jpg 150w, https:\/\/everstarsafety.com\/wp-content\/uploads\/2022\/08\/1-9-1-768x768.jpg 768w, https:\/\/everstarsafety.com\/wp-content\/uploads\/2022\/08\/1-9-1-53x53.jpg 53w\" sizes=\"auto, (max-width: 525px) 100vw, 525px\" \/>\t\t\t\t\t\t\t\t\t\t\t\t\t\t\t<\/div>\n\t\t\t\t<\/div>\n\t\t\t\t\t<\/div>\n\t\t<\/div>\n\t\t\t\t\t\t\t<\/div>\n\t\t<\/section>\n\t\t\t\t\t\t\t<\/div>\n\t\t","protected":false},"excerpt":{"rendered":"<p>El cono de tr\u00e1fico de caucho presenta buena resiliencia y resistencia a la compresi\u00f3n. Es adecuado para se\u00f1ales de aislamiento entre intersecciones urbanas, carriles, aceras y edificios. <\/p>\n","protected":false},"featured_media":1202,"comment_status":"open","ping_status":"closed","template":"","meta":{"om_disable_all_campaigns":false,"_monsterinsights_skip_tracking":false,"_monsterinsights_sitenote_active":false,"_monsterinsights_sitenote_note":"","_monsterinsights_sitenote_category":0},"product_cat":[540,546],"product_tag":[649,860,858,859],"class_list":["post-6358","product","type-product","status-publish","has-post-thumbnail","hentry","product_cat-cono-de-trafico","product_cat-cono-de-trafico-de-goma","product_tag-cono-de-trafico","product_tag-cono-de-trafico-con-soporte-para-anillos","product_tag-cono-de-trafico-de-goma","product_tag-cono-de-trafico-de-seguridad"],"aioseo_notices":[],"_links":{"self":[{"href":"https:\/\/everstarsafety.com\/es\/wp-json\/wp\/v2\/product\/6358","targetHints":{"allow":["GET"]}}],"collection":[{"href":"https:\/\/everstarsafety.com\/es\/wp-json\/wp\/v2\/product"}],"about":[{"href":"https:\/\/everstarsafety.com\/es\/wp-json\/wp\/v2\/types\/product"}],"replies":[{"embeddable":true,"href":"https:\/\/everstarsafety.com\/es\/wp-json\/wp\/v2\/comments?post=6358"}],"version-history":[{"count":1,"href":"https:\/\/everstarsafety.com\/es\/wp-json\/wp\/v2\/product\/6358\/revisions"}],"predecessor-version":[{"id":6360,"href":"https:\/\/everstarsafety.com\/es\/wp-json\/wp\/v2\/product\/6358\/revisions\/6360"}],"wp:featuredmedia":[{"embeddable":true,"href":"https:\/\/everstarsafety.com\/es\/wp-json\/wp\/v2\/media\/1202"}],"wp:attachment":[{"href":"https:\/\/everstarsafety.com\/es\/wp-json\/wp\/v2\/media?parent=6358"}],"wp:term":[{"taxonomy":"product_cat","embeddable":true,"href":"https:\/\/everstarsafety.com\/es\/wp-json\/wp\/v2\/product_cat?post=6358"},{"taxonomy":"product_tag","embeddable":true,"href":"https:\/\/everstarsafety.com\/es\/wp-json\/wp\/v2\/product_tag?post=6358"}],"curies":[{"name":"wp","href":"https:\/\/api.w.org\/{rel}","templated":true}]}}