{"id":6361,"date":"2022-08-26T06:34:48","date_gmt":"2022-08-26T06:34:48","guid":{"rendered":"https:\/\/everstarsafety.com\/product\/cono-de-trafico-de-pvc-de-buena-resiliencia\/"},"modified":"2025-12-11T07:41:28","modified_gmt":"2025-12-11T07:41:28","slug":"cono-de-trafico-de-pvc-de-buena-resiliencia","status":"publish","type":"product","link":"https:\/\/everstarsafety.com\/es\/producto\/cono-de-trafico-de-pvc-de-buena-resiliencia\/","title":{"rendered":"Cono de tr\u00e1fico de PVC de buena resiliencia"},"content":{"rendered":"\t\t<div data-elementor-type=\"product-post\" data-elementor-id=\"6361\" class=\"elementor elementor-6361 elementor-1223\">\n\t\t\t\t\t\t\t\t\t<section class=\"elementor-section elementor-top-section elementor-element elementor-element-1dd22f8 elementor-section-boxed elementor-section-height-default elementor-section-height-default\" data-id=\"1dd22f8\" data-element_type=\"section\">\n\t\t\t\t\t\t<div class=\"elementor-container elementor-column-gap-default\">\n\t\t\t\t\t<div class=\"elementor-column elementor-col-100 elementor-top-column elementor-element elementor-element-3a19d0a\" data-id=\"3a19d0a\" data-element_type=\"column\">\n\t\t\t<div class=\"elementor-widget-wrap elementor-element-populated\">\n\t\t\t\t\t\t\t\t<div class=\"elementor-element elementor-element-559f081 elementor-widget elementor-widget-image\" data-id=\"559f081\" data-element_type=\"widget\" data-widget_type=\"image.default\">\n\t\t\t\t<div class=\"elementor-widget-container\">\n\t\t\t<style>\/*! elementor - v3.7.0 - 08-08-2022 *\/\n.elementor-widget-image{text-align:center}.elementor-widget-image a{display:inline-block}.elementor-widget-image a img[src$=\".svg\"]{width:48px}.elementor-widget-image img{vertical-align:middle;display:inline-block}<\/style>\t\t\t\t\t\t\t\t\t\t\t\t<img loading=\"lazy\" decoding=\"async\" width=\"525\" height=\"469\" src=\"https:\/\/everstarsafety.com\/wp-content\/uploads\/2022\/08\/1-1-4.jpg\" class=\"attachment-large size-large\" alt=\"\" srcset=\"https:\/\/everstarsafety.com\/wp-content\/uploads\/2022\/08\/1-1-4.jpg 790w, https:\/\/everstarsafety.com\/wp-content\/uploads\/2022\/08\/1-1-4-600x535.jpg 600w, https:\/\/everstarsafety.com\/wp-content\/uploads\/2022\/08\/1-1-4-300x268.jpg 300w, https:\/\/everstarsafety.com\/wp-content\/uploads\/2022\/08\/1-1-4-768x685.jpg 768w\" sizes=\"auto, (max-width: 525px) 100vw, 525px\" \/>\t\t\t\t\t\t\t\t\t\t\t\t\t\t\t<\/div>\n\t\t\t\t<\/div>\n\t\t\t\t<div class=\"elementor-element elementor-element-2716d08 elementor-widget elementor-widget-image\" data-id=\"2716d08\" data-element_type=\"widget\" data-widget_type=\"image.default\">\n\t\t\t\t<div class=\"elementor-widget-container\">\n\t\t\t\t\t\t\t\t\t\t\t\t\t\t\t<img loading=\"lazy\" decoding=\"async\" width=\"525\" height=\"394\" src=\"https:\/\/everstarsafety.com\/wp-content\/uploads\/2022\/08\/1-2-2.jpg\" class=\"attachment-large size-large\" alt=\"\" srcset=\"https:\/\/everstarsafety.com\/wp-content\/uploads\/2022\/08\/1-2-2.jpg 790w, https:\/\/everstarsafety.com\/wp-content\/uploads\/2022\/08\/1-2-2-600x450.jpg 600w, https:\/\/everstarsafety.com\/wp-content\/uploads\/2022\/08\/1-2-2-300x225.jpg 300w, https:\/\/everstarsafety.com\/wp-content\/uploads\/2022\/08\/1-2-2-768x576.jpg 768w\" sizes=\"auto, (max-width: 525px) 100vw, 525px\" \/>\t\t\t\t\t\t\t\t\t\t\t\t\t\t\t<\/div>\n\t\t\t\t<\/div>\n\t\t\t\t<div class=\"elementor-element elementor-element-f753f78 elementor-widget elementor-widget-image\" data-id=\"f753f78\" data-element_type=\"widget\" data-widget_type=\"image.default\">\n\t\t\t\t<div class=\"elementor-widget-container\">\n\t\t\t\t\t\t\t\t\t\t\t\t\t\t\t<img loading=\"lazy\" decoding=\"async\" width=\"525\" height=\"384\" src=\"https:\/\/everstarsafety.com\/wp-content\/uploads\/2022\/08\/1-3-1.jpg\" class=\"attachment-large size-large\" alt=\"\" srcset=\"https:\/\/everstarsafety.com\/wp-content\/uploads\/2022\/08\/1-3-1.jpg 790w, https:\/\/everstarsafety.com\/wp-content\/uploads\/2022\/08\/1-3-1-600x439.jpg 600w, https:\/\/everstarsafety.com\/wp-content\/uploads\/2022\/08\/1-3-1-300x219.jpg 300w, https:\/\/everstarsafety.com\/wp-content\/uploads\/2022\/08\/1-3-1-768x562.jpg 768w\" sizes=\"auto, (max-width: 525px) 100vw, 525px\" \/>\t\t\t\t\t\t\t\t\t\t\t\t\t\t\t<\/div>\n\t\t\t\t<\/div>\n\t\t\t\t<div class=\"elementor-element elementor-element-2f8ee69 elementor-widget elementor-widget-image\" data-id=\"2f8ee69\" data-element_type=\"widget\" data-widget_type=\"image.default\">\n\t\t\t\t<div class=\"elementor-widget-container\">\n\t\t\t\t\t\t\t\t\t\t\t\t\t\t\t<img loading=\"lazy\" decoding=\"async\" width=\"525\" height=\"871\" src=\"https:\/\/everstarsafety.com\/wp-content\/uploads\/2022\/08\/2-1-2-617x1024.jpg\" class=\"attachment-large size-large\" alt=\"\" srcset=\"https:\/\/everstarsafety.com\/wp-content\/uploads\/2022\/08\/2-1-2-617x1024.jpg 617w, https:\/\/everstarsafety.com\/wp-content\/uploads\/2022\/08\/2-1-2-600x996.jpg 600w, https:\/\/everstarsafety.com\/wp-content\/uploads\/2022\/08\/2-1-2-181x300.jpg 181w, https:\/\/everstarsafety.com\/wp-content\/uploads\/2022\/08\/2-1-2-768x1275.jpg 768w, https:\/\/everstarsafety.com\/wp-content\/uploads\/2022\/08\/2-1-2.jpg 790w\" sizes=\"auto, (max-width: 525px) 100vw, 525px\" \/>\t\t\t\t\t\t\t\t\t\t\t\t\t\t\t<\/div>\n\t\t\t\t<\/div>\n\t\t\t\t<div class=\"elementor-element elementor-element-ccded76 elementor-widget elementor-widget-image\" data-id=\"ccded76\" data-element_type=\"widget\" data-widget_type=\"image.default\">\n\t\t\t\t<div class=\"elementor-widget-container\">\n\t\t\t\t\t\t\t\t\t\t\t\t\t\t\t<img loading=\"lazy\" decoding=\"async\" width=\"525\" height=\"911\" src=\"https:\/\/everstarsafety.com\/wp-content\/uploads\/2022\/08\/2-2-1-590x1024.jpg\" class=\"attachment-large size-large\" alt=\"\" srcset=\"https:\/\/everstarsafety.com\/wp-content\/uploads\/2022\/08\/2-2-1-590x1024.jpg 590w, https:\/\/everstarsafety.com\/wp-content\/uploads\/2022\/08\/2-2-1-600x1042.jpg 600w, https:\/\/everstarsafety.com\/wp-content\/uploads\/2022\/08\/2-2-1-173x300.jpg 173w, https:\/\/everstarsafety.com\/wp-content\/uploads\/2022\/08\/2-2-1-768x1334.jpg 768w, https:\/\/everstarsafety.com\/wp-content\/uploads\/2022\/08\/2-2-1.jpg 790w\" sizes=\"auto, (max-width: 525px) 100vw, 525px\" \/>\t\t\t\t\t\t\t\t\t\t\t\t\t\t\t<\/div>\n\t\t\t\t<\/div>\n\t\t\t\t<div class=\"elementor-element elementor-element-c185713 elementor-widget elementor-widget-image\" data-id=\"c185713\" data-element_type=\"widget\" data-widget_type=\"image.default\">\n\t\t\t\t<div class=\"elementor-widget-container\">\n\t\t\t\t\t\t\t\t\t\t\t\t\t\t\t<img loading=\"lazy\" decoding=\"async\" width=\"525\" height=\"525\" src=\"https:\/\/everstarsafety.com\/wp-content\/uploads\/2022\/08\/1-3-2.jpg\" class=\"attachment-large size-large\" alt=\"\" srcset=\"https:\/\/everstarsafety.com\/wp-content\/uploads\/2022\/08\/1-3-2.jpg 828w, https:\/\/everstarsafety.com\/wp-content\/uploads\/2022\/08\/1-3-2-300x300.jpg 300w, https:\/\/everstarsafety.com\/wp-content\/uploads\/2022\/08\/1-3-2-100x100.jpg 100w, https:\/\/everstarsafety.com\/wp-content\/uploads\/2022\/08\/1-3-2-600x600.jpg 600w, https:\/\/everstarsafety.com\/wp-content\/uploads\/2022\/08\/1-3-2-150x150.jpg 150w, https:\/\/everstarsafety.com\/wp-content\/uploads\/2022\/08\/1-3-2-768x768.jpg 768w, https:\/\/everstarsafety.com\/wp-content\/uploads\/2022\/08\/1-3-2-53x53.jpg 53w\" sizes=\"auto, (max-width: 525px) 100vw, 525px\" \/>\t\t\t\t\t\t\t\t\t\t\t\t\t\t\t<\/div>\n\t\t\t\t<\/div>\n\t\t\t\t<div class=\"elementor-element elementor-element-14ce523 elementor-widget elementor-widget-image\" data-id=\"14ce523\" data-element_type=\"widget\" data-widget_type=\"image.default\">\n\t\t\t\t<div class=\"elementor-widget-container\">\n\t\t\t\t\t\t\t\t\t\t\t\t\t\t\t<img loading=\"lazy\" decoding=\"async\" width=\"525\" height=\"525\" src=\"https:\/\/everstarsafety.com\/wp-content\/uploads\/2022\/08\/1-9-2.jpg\" class=\"attachment-large size-large\" alt=\"\" srcset=\"https:\/\/everstarsafety.com\/wp-content\/uploads\/2022\/08\/1-9-2.jpg 800w, https:\/\/everstarsafety.com\/wp-content\/uploads\/2022\/08\/1-9-2-300x300.jpg 300w, https:\/\/everstarsafety.com\/wp-content\/uploads\/2022\/08\/1-9-2-100x100.jpg 100w, https:\/\/everstarsafety.com\/wp-content\/uploads\/2022\/08\/1-9-2-600x600.jpg 600w, https:\/\/everstarsafety.com\/wp-content\/uploads\/2022\/08\/1-9-2-150x150.jpg 150w, https:\/\/everstarsafety.com\/wp-content\/uploads\/2022\/08\/1-9-2-768x768.jpg 768w, https:\/\/everstarsafety.com\/wp-content\/uploads\/2022\/08\/1-9-2-53x53.jpg 53w\" sizes=\"auto, (max-width: 525px) 100vw, 525px\" \/>\t\t\t\t\t\t\t\t\t\t\t\t\t\t\t<\/div>\n\t\t\t\t<\/div>\n\t\t\t\t<div class=\"elementor-element elementor-element-a7a24bb elementor-widget elementor-widget-image\" data-id=\"a7a24bb\" data-element_type=\"widget\" data-widget_type=\"image.default\">\n\t\t\t\t<div class=\"elementor-widget-container\">\n\t\t\t\t\t\t\t\t\t\t\t\t\t\t\t<img loading=\"lazy\" decoding=\"async\" width=\"525\" height=\"328\" src=\"https:\/\/everstarsafety.com\/wp-content\/uploads\/2022\/08\/3-3.jpg\" class=\"attachment-large size-large\" alt=\"\" srcset=\"https:\/\/everstarsafety.com\/wp-content\/uploads\/2022\/08\/3-3.jpg 790w, https:\/\/everstarsafety.com\/wp-content\/uploads\/2022\/08\/3-3-600x374.jpg 600w, https:\/\/everstarsafety.com\/wp-content\/uploads\/2022\/08\/3-3-300x187.jpg 300w, https:\/\/everstarsafety.com\/wp-content\/uploads\/2022\/08\/3-3-768x479.jpg 768w\" sizes=\"auto, (max-width: 525px) 100vw, 525px\" \/>\t\t\t\t\t\t\t\t\t\t\t\t\t\t\t<\/div>\n\t\t\t\t<\/div>\n\t\t\t\t\t<\/div>\n\t\t<\/div>\n\t\t\t\t\t\t\t<\/div>\n\t\t<\/section>\n\t\t\t\t\t\t\t<\/div>\n\t\t","protected":false},"excerpt":{"rendered":"<p>El cono de tr\u00e1fico de PVC se utiliza principalmente en sitios de construcci\u00f3n como \u00e1reas residenciales, calles, estacionamientos, etc. Tiene buena resistencia al rebote y buena resistencia a la compresi\u00f3n. <\/p>\n","protected":false},"featured_media":1253,"comment_status":"open","ping_status":"closed","template":"","meta":{"om_disable_all_campaigns":false,"_monsterinsights_skip_tracking":false,"_monsterinsights_sitenote_active":false,"_monsterinsights_sitenote_note":"","_monsterinsights_sitenote_category":0},"product_cat":[540,545],"product_tag":[650,651,649,652,861],"class_list":["post-6361","product","type-product","status-publish","has-post-thumbnail","hentry","product_cat-cono-de-trafico","product_cat-cono-de-trafico-de-pvc","product_tag-cono-de-carretera","product_tag-cono-de-seguridad","product_tag-cono-de-trafico","product_tag-cono-de-trafico-de-pvc","product_tag-cono-de-trafico-flexible"],"aioseo_notices":[],"_links":{"self":[{"href":"https:\/\/everstarsafety.com\/es\/wp-json\/wp\/v2\/product\/6361","targetHints":{"allow":["GET"]}}],"collection":[{"href":"https:\/\/everstarsafety.com\/es\/wp-json\/wp\/v2\/product"}],"about":[{"href":"https:\/\/everstarsafety.com\/es\/wp-json\/wp\/v2\/types\/product"}],"replies":[{"embeddable":true,"href":"https:\/\/everstarsafety.com\/es\/wp-json\/wp\/v2\/comments?post=6361"}],"version-history":[{"count":1,"href":"https:\/\/everstarsafety.com\/es\/wp-json\/wp\/v2\/product\/6361\/revisions"}],"predecessor-version":[{"id":6366,"href":"https:\/\/everstarsafety.com\/es\/wp-json\/wp\/v2\/product\/6361\/revisions\/6366"}],"wp:featuredmedia":[{"embeddable":true,"href":"https:\/\/everstarsafety.com\/es\/wp-json\/wp\/v2\/media\/1253"}],"wp:attachment":[{"href":"https:\/\/everstarsafety.com\/es\/wp-json\/wp\/v2\/media?parent=6361"}],"wp:term":[{"taxonomy":"product_cat","embeddable":true,"href":"https:\/\/everstarsafety.com\/es\/wp-json\/wp\/v2\/product_cat?post=6361"},{"taxonomy":"product_tag","embeddable":true,"href":"https:\/\/everstarsafety.com\/es\/wp-json\/wp\/v2\/product_tag?post=6361"}],"curies":[{"name":"wp","href":"https:\/\/api.w.org\/{rel}","templated":true}]}}