{"id":6377,"date":"2022-08-25T09:20:05","date_gmt":"2022-08-25T09:20:05","guid":{"rendered":"https:\/\/everstarsafety.com\/product\/poste-de-advertencia-delineador-de-metal\/"},"modified":"2025-12-11T07:42:45","modified_gmt":"2025-12-11T07:42:45","slug":"poste-de-advertencia-delineador-de-metal","status":"publish","type":"product","link":"https:\/\/everstarsafety.com\/es\/producto\/poste-de-advertencia-delineador-de-metal\/","title":{"rendered":"Poste de advertencia delineador de metal"},"content":{"rendered":"\t\t<div data-elementor-type=\"product-post\" data-elementor-id=\"6377\" class=\"elementor elementor-6377 elementor-1163\">\n\t\t\t\t\t\t\t\t\t<section class=\"elementor-section elementor-top-section elementor-element elementor-element-6f2bd01 elementor-section-boxed elementor-section-height-default elementor-section-height-default\" data-id=\"6f2bd01\" data-element_type=\"section\">\n\t\t\t\t\t\t<div class=\"elementor-container elementor-column-gap-default\">\n\t\t\t\t\t<div class=\"elementor-column elementor-col-100 elementor-top-column elementor-element elementor-element-25bb0a7\" data-id=\"25bb0a7\" data-element_type=\"column\">\n\t\t\t<div class=\"elementor-widget-wrap elementor-element-populated\">\n\t\t\t\t\t\t\t\t<div class=\"elementor-element elementor-element-208e591 elementor-widget elementor-widget-image\" data-id=\"208e591\" data-element_type=\"widget\" data-widget_type=\"image.default\">\n\t\t\t\t<div class=\"elementor-widget-container\">\n\t\t\t<style>\/*! elementor - v3.7.0 - 08-08-2022 *\/\n.elementor-widget-image{text-align:center}.elementor-widget-image a{display:inline-block}.elementor-widget-image a img[src$=\".svg\"]{width:48px}.elementor-widget-image img{vertical-align:middle;display:inline-block}<\/style>\t\t\t\t\t\t\t\t\t\t\t\t<img loading=\"lazy\" decoding=\"async\" width=\"525\" height=\"778\" src=\"https:\/\/everstarsafety.com\/wp-content\/uploads\/2022\/08\/1-2-1-691x1024.jpg\" class=\"attachment-large size-large\" alt=\"\" srcset=\"https:\/\/everstarsafety.com\/wp-content\/uploads\/2022\/08\/1-2-1-691x1024.jpg 691w, https:\/\/everstarsafety.com\/wp-content\/uploads\/2022\/08\/1-2-1-600x889.jpg 600w, https:\/\/everstarsafety.com\/wp-content\/uploads\/2022\/08\/1-2-1-203x300.jpg 203w, https:\/\/everstarsafety.com\/wp-content\/uploads\/2022\/08\/1-2-1-768x1137.jpg 768w, https:\/\/everstarsafety.com\/wp-content\/uploads\/2022\/08\/1-2-1.jpg 788w\" sizes=\"auto, (max-width: 525px) 100vw, 525px\" \/>\t\t\t\t\t\t\t\t\t\t\t\t\t\t\t<\/div>\n\t\t\t\t<\/div>\n\t\t\t\t\t<\/div>\n\t\t<\/div>\n\t\t\t\t\t\t\t<\/div>\n\t\t<\/section>\n\t\t\t\t<section class=\"elementor-section elementor-top-section elementor-element elementor-element-697b4d7 elementor-section-boxed elementor-section-height-default elementor-section-height-default\" data-id=\"697b4d7\" data-element_type=\"section\">\n\t\t\t\t\t\t<div class=\"elementor-container elementor-column-gap-default\">\n\t\t\t\t\t<div class=\"elementor-column elementor-col-100 elementor-top-column elementor-element elementor-element-f1cd8b7\" data-id=\"f1cd8b7\" data-element_type=\"column\">\n\t\t\t<div class=\"elementor-widget-wrap elementor-element-populated\">\n\t\t\t\t\t\t\t\t<div class=\"elementor-element elementor-element-098d4ab elementor-widget elementor-widget-image\" data-id=\"098d4ab\" data-element_type=\"widget\" data-widget_type=\"image.default\">\n\t\t\t\t<div class=\"elementor-widget-container\">\n\t\t\t\t\t\t\t\t\t\t\t\t\t\t\t<img loading=\"lazy\" decoding=\"async\" width=\"525\" height=\"450\" src=\"https:\/\/everstarsafety.com\/wp-content\/uploads\/2022\/08\/1-1-2.jpg\" class=\"attachment-large size-large\" alt=\"\" srcset=\"https:\/\/everstarsafety.com\/wp-content\/uploads\/2022\/08\/1-1-2.jpg 790w, https:\/\/everstarsafety.com\/wp-content\/uploads\/2022\/08\/1-1-2-600x514.jpg 600w, https:\/\/everstarsafety.com\/wp-content\/uploads\/2022\/08\/1-1-2-300x257.jpg 300w, https:\/\/everstarsafety.com\/wp-content\/uploads\/2022\/08\/1-1-2-768x658.jpg 768w\" sizes=\"auto, (max-width: 525px) 100vw, 525px\" \/>\t\t\t\t\t\t\t\t\t\t\t\t\t\t\t<\/div>\n\t\t\t\t<\/div>\n\t\t\t\t<div class=\"elementor-element elementor-element-da4c070 elementor-widget elementor-widget-image\" data-id=\"da4c070\" data-element_type=\"widget\" data-widget_type=\"image.default\">\n\t\t\t\t<div class=\"elementor-widget-container\">\n\t\t\t\t\t\t\t\t\t\t\t\t\t\t\t<img loading=\"lazy\" decoding=\"async\" width=\"525\" height=\"525\" src=\"https:\/\/everstarsafety.com\/wp-content\/uploads\/2022\/08\/2-2.jpg\" class=\"attachment-large size-large\" alt=\"\" srcset=\"https:\/\/everstarsafety.com\/wp-content\/uploads\/2022\/08\/2-2.jpg 800w, https:\/\/everstarsafety.com\/wp-content\/uploads\/2022\/08\/2-2-300x300.jpg 300w, https:\/\/everstarsafety.com\/wp-content\/uploads\/2022\/08\/2-2-100x100.jpg 100w, https:\/\/everstarsafety.com\/wp-content\/uploads\/2022\/08\/2-2-600x600.jpg 600w, https:\/\/everstarsafety.com\/wp-content\/uploads\/2022\/08\/2-2-150x150.jpg 150w, https:\/\/everstarsafety.com\/wp-content\/uploads\/2022\/08\/2-2-768x768.jpg 768w, https:\/\/everstarsafety.com\/wp-content\/uploads\/2022\/08\/2-2-53x53.jpg 53w\" sizes=\"auto, (max-width: 525px) 100vw, 525px\" \/>\t\t\t\t\t\t\t\t\t\t\t\t\t\t\t<\/div>\n\t\t\t\t<\/div>\n\t\t\t\t<div class=\"elementor-element elementor-element-9535f9e elementor-widget elementor-widget-image\" data-id=\"9535f9e\" data-element_type=\"widget\" data-widget_type=\"image.default\">\n\t\t\t\t<div class=\"elementor-widget-container\">\n\t\t\t\t\t\t\t\t\t\t\t\t\t\t\t<img loading=\"lazy\" decoding=\"async\" width=\"525\" height=\"525\" src=\"https:\/\/everstarsafety.com\/wp-content\/uploads\/2022\/08\/2-3.jpg\" class=\"attachment-large size-large\" alt=\"\" srcset=\"https:\/\/everstarsafety.com\/wp-content\/uploads\/2022\/08\/2-3.jpg 800w, https:\/\/everstarsafety.com\/wp-content\/uploads\/2022\/08\/2-3-300x300.jpg 300w, https:\/\/everstarsafety.com\/wp-content\/uploads\/2022\/08\/2-3-100x100.jpg 100w, https:\/\/everstarsafety.com\/wp-content\/uploads\/2022\/08\/2-3-600x600.jpg 600w, https:\/\/everstarsafety.com\/wp-content\/uploads\/2022\/08\/2-3-150x150.jpg 150w, https:\/\/everstarsafety.com\/wp-content\/uploads\/2022\/08\/2-3-768x768.jpg 768w, https:\/\/everstarsafety.com\/wp-content\/uploads\/2022\/08\/2-3-53x53.jpg 53w\" sizes=\"auto, (max-width: 525px) 100vw, 525px\" \/>\t\t\t\t\t\t\t\t\t\t\t\t\t\t\t<\/div>\n\t\t\t\t<\/div>\n\t\t\t\t<div class=\"elementor-element elementor-element-961b7d9 elementor-widget elementor-widget-image\" data-id=\"961b7d9\" data-element_type=\"widget\" data-widget_type=\"image.default\">\n\t\t\t\t<div class=\"elementor-widget-container\">\n\t\t\t\t\t\t\t\t\t\t\t\t\t\t\t<img loading=\"lazy\" decoding=\"async\" width=\"525\" height=\"525\" src=\"https:\/\/everstarsafety.com\/wp-content\/uploads\/2022\/08\/2-4.jpg\" class=\"attachment-large size-large\" alt=\"\" srcset=\"https:\/\/everstarsafety.com\/wp-content\/uploads\/2022\/08\/2-4.jpg 800w, https:\/\/everstarsafety.com\/wp-content\/uploads\/2022\/08\/2-4-300x300.jpg 300w, https:\/\/everstarsafety.com\/wp-content\/uploads\/2022\/08\/2-4-100x100.jpg 100w, https:\/\/everstarsafety.com\/wp-content\/uploads\/2022\/08\/2-4-600x600.jpg 600w, https:\/\/everstarsafety.com\/wp-content\/uploads\/2022\/08\/2-4-150x150.jpg 150w, https:\/\/everstarsafety.com\/wp-content\/uploads\/2022\/08\/2-4-768x768.jpg 768w, https:\/\/everstarsafety.com\/wp-content\/uploads\/2022\/08\/2-4-53x53.jpg 53w\" sizes=\"auto, (max-width: 525px) 100vw, 525px\" \/>\t\t\t\t\t\t\t\t\t\t\t\t\t\t\t<\/div>\n\t\t\t\t<\/div>\n\t\t\t\t<div class=\"elementor-element elementor-element-5e8544c elementor-widget elementor-widget-image\" data-id=\"5e8544c\" data-element_type=\"widget\" data-widget_type=\"image.default\">\n\t\t\t\t<div class=\"elementor-widget-container\">\n\t\t\t\t\t\t\t\t\t\t\t\t\t\t\t<img loading=\"lazy\" decoding=\"async\" width=\"525\" height=\"525\" src=\"https:\/\/everstarsafety.com\/wp-content\/uploads\/2022\/08\/fog-g734985939_1920_\u526f\u672c.jpg\" class=\"attachment-large size-large\" alt=\"\" srcset=\"https:\/\/everstarsafety.com\/wp-content\/uploads\/2022\/08\/fog-g734985939_1920_\u526f\u672c.jpg 800w, https:\/\/everstarsafety.com\/wp-content\/uploads\/2022\/08\/fog-g734985939_1920_\u526f\u672c-300x300.jpg 300w, https:\/\/everstarsafety.com\/wp-content\/uploads\/2022\/08\/fog-g734985939_1920_\u526f\u672c-100x100.jpg 100w, https:\/\/everstarsafety.com\/wp-content\/uploads\/2022\/08\/fog-g734985939_1920_\u526f\u672c-600x600.jpg 600w, https:\/\/everstarsafety.com\/wp-content\/uploads\/2022\/08\/fog-g734985939_1920_\u526f\u672c-150x150.jpg 150w, https:\/\/everstarsafety.com\/wp-content\/uploads\/2022\/08\/fog-g734985939_1920_\u526f\u672c-768x768.jpg 768w, https:\/\/everstarsafety.com\/wp-content\/uploads\/2022\/08\/fog-g734985939_1920_\u526f\u672c-53x53.jpg 53w\" sizes=\"auto, (max-width: 525px) 100vw, 525px\" \/>\t\t\t\t\t\t\t\t\t\t\t\t\t\t\t<\/div>\n\t\t\t\t<\/div>\n\t\t\t\t<div class=\"elementor-element elementor-element-1469429 elementor-widget elementor-widget-image\" data-id=\"1469429\" data-element_type=\"widget\" data-widget_type=\"image.default\">\n\t\t\t\t<div class=\"elementor-widget-container\">\n\t\t\t\t\t\t\t\t\t\t\t\t\t\t\t<img loading=\"lazy\" decoding=\"async\" width=\"525\" height=\"525\" src=\"https:\/\/everstarsafety.com\/wp-content\/uploads\/2022\/08\/\u672a\u547d\u540d1661418454_\u526f\u672c.png\" class=\"attachment-large size-large\" alt=\"\" srcset=\"https:\/\/everstarsafety.com\/wp-content\/uploads\/2022\/08\/\u672a\u547d\u540d1661418454_\u526f\u672c.png 800w, https:\/\/everstarsafety.com\/wp-content\/uploads\/2022\/08\/\u672a\u547d\u540d1661418454_\u526f\u672c-300x300.png 300w, https:\/\/everstarsafety.com\/wp-content\/uploads\/2022\/08\/\u672a\u547d\u540d1661418454_\u526f\u672c-100x100.png 100w, https:\/\/everstarsafety.com\/wp-content\/uploads\/2022\/08\/\u672a\u547d\u540d1661418454_\u526f\u672c-600x600.png 600w, https:\/\/everstarsafety.com\/wp-content\/uploads\/2022\/08\/\u672a\u547d\u540d1661418454_\u526f\u672c-150x150.png 150w, https:\/\/everstarsafety.com\/wp-content\/uploads\/2022\/08\/\u672a\u547d\u540d1661418454_\u526f\u672c-768x768.png 768w, https:\/\/everstarsafety.com\/wp-content\/uploads\/2022\/08\/\u672a\u547d\u540d1661418454_\u526f\u672c-53x53.png 53w\" sizes=\"auto, (max-width: 525px) 100vw, 525px\" \/>\t\t\t\t\t\t\t\t\t\t\t\t\t\t\t<\/div>\n\t\t\t\t<\/div>\n\t\t\t\t<div class=\"elementor-element elementor-element-97c15a6 elementor-widget elementor-widget-image\" data-id=\"97c15a6\" data-element_type=\"widget\" data-widget_type=\"image.default\">\n\t\t\t\t<div class=\"elementor-widget-container\">\n\t\t\t\t\t\t\t\t\t\t\t\t\t\t\t<img loading=\"lazy\" decoding=\"async\" width=\"525\" height=\"525\" src=\"https:\/\/everstarsafety.com\/wp-content\/uploads\/2022\/08\/14164659128_932913319.jpg\" class=\"attachment-large size-large\" alt=\"\" srcset=\"https:\/\/everstarsafety.com\/wp-content\/uploads\/2022\/08\/14164659128_932913319.jpg 800w, https:\/\/everstarsafety.com\/wp-content\/uploads\/2022\/08\/14164659128_932913319-300x300.jpg 300w, https:\/\/everstarsafety.com\/wp-content\/uploads\/2022\/08\/14164659128_932913319-100x100.jpg 100w, https:\/\/everstarsafety.com\/wp-content\/uploads\/2022\/08\/14164659128_932913319-600x600.jpg 600w, https:\/\/everstarsafety.com\/wp-content\/uploads\/2022\/08\/14164659128_932913319-150x150.jpg 150w, https:\/\/everstarsafety.com\/wp-content\/uploads\/2022\/08\/14164659128_932913319-768x768.jpg 768w, https:\/\/everstarsafety.com\/wp-content\/uploads\/2022\/08\/14164659128_932913319-53x53.jpg 53w\" sizes=\"auto, (max-width: 525px) 100vw, 525px\" \/>\t\t\t\t\t\t\t\t\t\t\t\t\t\t\t<\/div>\n\t\t\t\t<\/div>\n\t\t\t\t\t<\/div>\n\t\t<\/div>\n\t\t\t\t\t\t\t<\/div>\n\t\t<\/section>\n\t\t\t\t\t\t\t<\/div>\n\t\t","protected":false},"excerpt":{"rendered":"<p>La columna de tubos de acero anticolisi\u00f3n act\u00faa como un cintur\u00f3n de aislamiento vial comunitario para desviar peatones y veh\u00edculos.<\/p>\n","protected":false},"featured_media":1164,"comment_status":"open","ping_status":"closed","template":"","meta":{"om_disable_all_campaigns":false,"_monsterinsights_skip_tracking":false,"_monsterinsights_sitenote_active":false,"_monsterinsights_sitenote_note":"","_monsterinsights_sitenote_category":0},"product_cat":[467,517],"product_tag":[810,482,862,483],"class_list":["post-6377","product","type-product","status-publish","has-post-thumbnail","hentry","product_cat-poste-delineador","product_cat-poste-de-advertencia-de-metal","product_tag-delineador-de-carreteras","product_tag-poste-de-advertencia","product_tag-poste-de-advertencia-de-metal","product_tag-poste-delineador"],"aioseo_notices":[],"_links":{"self":[{"href":"https:\/\/everstarsafety.com\/es\/wp-json\/wp\/v2\/product\/6377","targetHints":{"allow":["GET"]}}],"collection":[{"href":"https:\/\/everstarsafety.com\/es\/wp-json\/wp\/v2\/product"}],"about":[{"href":"https:\/\/everstarsafety.com\/es\/wp-json\/wp\/v2\/types\/product"}],"replies":[{"embeddable":true,"href":"https:\/\/everstarsafety.com\/es\/wp-json\/wp\/v2\/comments?post=6377"}],"version-history":[{"count":1,"href":"https:\/\/everstarsafety.com\/es\/wp-json\/wp\/v2\/product\/6377\/revisions"}],"predecessor-version":[{"id":6383,"href":"https:\/\/everstarsafety.com\/es\/wp-json\/wp\/v2\/product\/6377\/revisions\/6383"}],"wp:featuredmedia":[{"embeddable":true,"href":"https:\/\/everstarsafety.com\/es\/wp-json\/wp\/v2\/media\/1164"}],"wp:attachment":[{"href":"https:\/\/everstarsafety.com\/es\/wp-json\/wp\/v2\/media?parent=6377"}],"wp:term":[{"taxonomy":"product_cat","embeddable":true,"href":"https:\/\/everstarsafety.com\/es\/wp-json\/wp\/v2\/product_cat?post=6377"},{"taxonomy":"product_tag","embeddable":true,"href":"https:\/\/everstarsafety.com\/es\/wp-json\/wp\/v2\/product_tag?post=6377"}],"curies":[{"name":"wp","href":"https:\/\/api.w.org\/{rel}","templated":true}]}}