{"id":6757,"date":"2026-01-05T03:58:03","date_gmt":"2026-01-05T03:58:03","guid":{"rendered":"https:\/\/everstarsafety.com\/product\/cojin-de-velocidad-de-goma-2\/"},"modified":"2026-01-05T08:45:01","modified_gmt":"2026-01-05T08:45:01","slug":"cojin-de-velocidad-de-goma-2","status":"publish","type":"product","link":"https:\/\/everstarsafety.com\/es\/producto\/cojin-de-velocidad-de-goma-2\/","title":{"rendered":"Coj\u00edn de velocidad de goma"},"content":{"rendered":"\t\t<div data-elementor-type=\"product-post\" data-elementor-id=\"6757\" class=\"elementor elementor-6757 elementor-6738\">\n\t\t\t\t\t\t\t\t\t<section class=\"elementor-section elementor-top-section elementor-element elementor-element-1de5f17b elementor-section-boxed elementor-section-height-default elementor-section-height-default\" data-id=\"1de5f17b\" data-element_type=\"section\">\n\t\t\t\t\t\t<div class=\"elementor-container elementor-column-gap-default\">\n\t\t\t\t\t<div class=\"elementor-column elementor-col-100 elementor-top-column elementor-element elementor-element-6e2829fd\" data-id=\"6e2829fd\" data-element_type=\"column\">\n\t\t\t<div class=\"elementor-widget-wrap elementor-element-populated\">\n\t\t\t\t\t\t\t\t<div class=\"elementor-element elementor-element-377c8e2e elementor-widget elementor-widget-text-editor\" data-id=\"377c8e2e\" data-element_type=\"widget\" data-widget_type=\"text-editor.default\">\n\t\t\t\t<div class=\"elementor-widget-container\">\n\t\t\t<style>\/*! elementor - v3.7.0 - 08-08-2022 *\/\n.elementor-widget-text-editor.elementor-drop-cap-view-stacked .elementor-drop-cap{background-color:#818a91;color:#fff}.elementor-widget-text-editor.elementor-drop-cap-view-framed .elementor-drop-cap{color:#818a91;border:3px solid;background-color:transparent}.elementor-widget-text-editor:not(.elementor-drop-cap-view-default) .elementor-drop-cap{margin-top:8px}.elementor-widget-text-editor:not(.elementor-drop-cap-view-default) .elementor-drop-cap-letter{width:1em;height:1em}.elementor-widget-text-editor .elementor-drop-cap{float:left;text-align:center;line-height:1;font-size:50px}.elementor-widget-text-editor .elementor-drop-cap-letter{display:inline-block}<\/style>\t\t\t\t<p>El ES-SC500SC <a href=\"https:\/\/everstarsafety.com\/es\/product-category\/cojin-de-velocidad\/\">Coj\u00edn de velocidad duradero<\/a> Consta de 6 segmentos y es especialmente f\u00e1cil de usar para el transporte p\u00fablico. A velocidades reducidas, los autobuses pueden superar c\u00f3modamente el l\u00edmite del reductor de velocidad. La superficie especial antideslizante patentada del punto de tracci\u00f3n cumple con la norma europea SRT 48. Los reductores de velocidad y los topes est\u00e1n fabricados con un 80 % de caucho reciclado vulcanizado resistente a los rayos UV con fibras de refuerzo y un 20 % de caucho natural.   <\/p><p>A baja velocidad, los autobuses pueden cruzar c\u00f3modamente el umbral de la plataforma elevada. Se atornilla f\u00e1cilmente y se conecta con conectores en H y tapones de goma para ocultar las fijaciones. <\/p>\t\t\t\t\t\t<\/div>\n\t\t\t\t<\/div>\n\t\t\t\t\t<\/div>\n\t\t<\/div>\n\t\t\t\t\t\t\t<\/div>\n\t\t<\/section>\n\t\t\t\t<section class=\"elementor-section elementor-top-section elementor-element elementor-element-8d75465 elementor-section-boxed elementor-section-height-default elementor-section-height-default\" data-id=\"8d75465\" data-element_type=\"section\">\n\t\t\t\t\t\t<div class=\"elementor-container elementor-column-gap-default\">\n\t\t\t\t\t<div class=\"elementor-column elementor-col-100 elementor-top-column elementor-element elementor-element-965f7b3\" data-id=\"965f7b3\" data-element_type=\"column\">\n\t\t\t<div class=\"elementor-widget-wrap elementor-element-populated\">\n\t\t\t\t\t\t\t\t<div class=\"elementor-element elementor-element-d3de0fc elementor-widget elementor-widget-heading\" data-id=\"d3de0fc\" data-element_type=\"widget\" data-widget_type=\"heading.default\">\n\t\t\t\t<div class=\"elementor-widget-container\">\n\t\t\t<style>\/*! elementor - v3.7.0 - 08-08-2022 *\/\n.elementor-heading-title{padding:0;margin:0;line-height:1}.elementor-widget-heading .elementor-heading-title[class*=elementor-size-]>a{color:inherit;font-size:inherit;line-height:inherit}.elementor-widget-heading .elementor-heading-title.elementor-size-small{font-size:15px}.elementor-widget-heading .elementor-heading-title.elementor-size-medium{font-size:19px}.elementor-widget-heading .elementor-heading-title.elementor-size-large{font-size:29px}.elementor-widget-heading .elementor-heading-title.elementor-size-xl{font-size:39px}.elementor-widget-heading .elementor-heading-title.elementor-size-xxl{font-size:59px}<\/style><h2 class=\"elementor-heading-title elementor-size-default\">ESPECIFICACI\u00d3N<\/h2>\t\t<\/div>\n\t\t\t\t<\/div>\n\t\t\t\t\t<\/div>\n\t\t<\/div>\n\t\t\t\t\t\t\t<\/div>\n\t\t<\/section>\n\t\t\t\t<section class=\"elementor-section elementor-top-section elementor-element elementor-element-a898e5d elementor-section-boxed elementor-section-height-default elementor-section-height-default\" data-id=\"a898e5d\" data-element_type=\"section\">\n\t\t\t\t\t\t<div class=\"elementor-container elementor-column-gap-default\">\n\t\t\t\t\t<div class=\"elementor-column elementor-col-100 elementor-top-column elementor-element elementor-element-30bb2ff\" data-id=\"30bb2ff\" data-element_type=\"column\">\n\t\t\t<div class=\"elementor-widget-wrap elementor-element-populated\">\n\t\t\t\t\t\t\t\t<div class=\"elementor-element elementor-element-7b1ddbc elementor-widget elementor-widget-text-editor\" data-id=\"7b1ddbc\" data-element_type=\"widget\" data-widget_type=\"text-editor.default\">\n\t\t\t\t<div class=\"elementor-widget-container\">\n\t\t\t\t\t\t\t<p> <\/p><div align=\"center\"><table style=\"width: 499.6pt; border: none;\" border=\"1\" width=\"666\" cellspacing=\"0\" cellpadding=\"0\"><tbody><tr style=\"mso-yfti-irow: -1; mso-yfti-firstrow: yes; mso-yfti-lastfirstrow: yes; height: 12.9pt;\"><td style=\"width: 499.6pt; border-width: 1pt; border-color: #e97132; border-image: initial; background: #e97132; padding: 0cm 5.4pt; height: 12.9pt;\" colspan=\"3\" valign=\"top\" width=\"666\"><p style=\"text-align: center; mso-yfti-cnfc: 5;\" align=\"center\"><b><span lang=\"EN-US\" style=\"color: white; mso-themecolor: background1;\">Amortiguador de velocidad de goma<\/span><\/b><\/p><\/td><\/tr><tr style=\"mso-yfti-irow: 0; height: 12.9pt;\"><td style=\"width: 106.1pt; border-right-width: 1pt; border-bottom-width: 1pt; border-left-width: 1pt; border-right-color: #f1a983; border-bottom-color: #f1a983; border-left-color: #f1a983; border-image: initial; border-top: none; background: #fae2d5; padding: 0cm 5.4pt; height: 12.9pt;\" valign=\"top\" width=\"141\"><p><b><span lang=\"EN-US\" style=\"color: black; mso-color-alt: windowtext;\">Modelo<\/span><\/b><\/p><\/td><td style=\"width: 177.15pt; border-top: none; border-left: none; border-bottom-width: 1pt; border-bottom-color: #f1a983; border-right-width: 1pt; border-right-color: #f1a983; background: #fae2d5; padding: 0cm 5.4pt; height: 12.9pt;\" valign=\"top\" width=\"236\"><p align=\"left\"><span lang=\"EN-US\" style=\"color: black; mso-color-alt: windowtext;\">ES-SC900SC<\/span><\/p><\/td><td style=\"width: 216.35pt; border-top: none; border-left: none; border-bottom-width: 1pt; border-bottom-color: #f1a983; border-right-width: 1pt; border-right-color: #f1a983; background: #fae2d5; padding: 0cm 5.4pt; height: 12.9pt;\" valign=\"top\" width=\"288\"><p align=\"left\"><span lang=\"EN-US\" style=\"color: black; mso-color-alt: windowtext;\">ES-SC500SC<\/span><\/p><\/td><\/tr><tr style=\"mso-yfti-irow: 1; height: 17.0pt;\"><td style=\"width: 106.1pt; border-right-width: 1pt; border-bottom-width: 1pt; border-left-width: 1pt; border-right-color: #f1a983; border-bottom-color: #f1a983; border-left-color: #f1a983; border-image: initial; border-top: none; padding: 0cm 5.4pt; height: 17pt;\" valign=\"top\" width=\"141\"><p><b>Categor\u00eda de producto<\/b><\/p><\/td><td style=\"width: 393.5pt; border-top: none; border-left: none; border-bottom-width: 1pt; border-bottom-color: #f1a983; border-right-width: 1pt; border-right-color: #f1a983; padding: 0cm 5.4pt; height: 17pt;\" colspan=\"2\" valign=\"top\" width=\"525\"><p align=\"left\"><span lang=\"EN-US\">Amortiguador de velocidad<\/span><\/p><\/td><\/tr><tr style=\"mso-yfti-irow: 2; height: 12.9pt;\"><td style=\"width: 106.1pt; border-right-width: 1pt; border-bottom-width: 1pt; border-left-width: 1pt; border-right-color: #f1a983; border-bottom-color: #f1a983; border-left-color: #f1a983; border-image: initial; border-top: none; background: #fae2d5; padding: 0cm 5.4pt; height: 12.9pt;\" valign=\"top\" width=\"141\"><p><b><span lang=\"EN-US\" style=\"color: black; mso-color-alt: windowtext;\">Establecer tama\u00f1o de dimensi\u00f3n<\/span><\/b><\/p><\/td><td style=\"width: 177.15pt; border-top: none; border-left: none; border-bottom-width: 1pt; border-bottom-color: #f1a983; border-right-width: 1pt; border-right-color: #f1a983; background: #fae2d5; padding: 0cm 5.4pt; height: 12.9pt;\" valign=\"top\" width=\"236\"><p align=\"left\"><span lang=\"EN-US\" style=\"color: black; mso-color-alt: windowtext;\">3000\/2250\/1500*1800*65mm<\/span><\/p><\/td><td style=\"width: 216.35pt; border-top: none; border-left: none; border-bottom-width: 1pt; border-bottom-color: #f1a983; border-right-width: 1pt; border-right-color: #f1a983; background: #fae2d5; padding: 0cm 5.4pt; height: 12.9pt;\" valign=\"top\" width=\"288\"><p align=\"left\"><span lang=\"EN-US\" style=\"color: black; mso-color-alt: windowtext;\">2000*1600\/1700\/1800\/1900\/2000*65mm<\/span><\/p><\/td><\/tr><tr style=\"mso-yfti-irow: 3; height: 13.15pt;\"><td style=\"width: 106.1pt; border-right-width: 1pt; border-bottom-width: 1pt; border-left-width: 1pt; border-right-color: #f1a983; border-bottom-color: #f1a983; border-left-color: #f1a983; border-image: initial; border-top: none; padding: 0cm 5.4pt; height: 13.15pt;\" valign=\"top\" width=\"141\"><p><b>Secci\u00f3n \u00fanica<br>Tama\u00f1o<\/b><\/p><\/td><td style=\"width: 177.15pt; border-top: none; border-left: none; border-bottom-width: 1pt; border-bottom-color: #f1a983; border-right-width: 1pt; border-right-color: #f1a983; padding: 0cm 5.4pt; height: 13.15pt;\" valign=\"top\" width=\"236\"><p align=\"left\"><span lang=\"EN-US\">900*750*65mm<\/span><\/p><\/td><td style=\"width: 216.35pt; border-top: none; border-left: none; border-bottom-width: 1pt; border-bottom-color: #f1a983; border-right-width: 1pt; border-right-color: #f1a983; padding: 0cm 5.4pt; height: 13.15pt;\" valign=\"top\" width=\"288\"><p align=\"left\"><span lang=\"EN-US\">500*500*75mm<\/span><\/p><\/td><\/tr><tr style=\"mso-yfti-irow: 4; height: 14.85pt;\"><td style=\"width: 106.1pt; border-right-width: 1pt; border-bottom-width: 1pt; border-left-width: 1pt; border-right-color: #f1a983; border-bottom-color: #f1a983; border-left-color: #f1a983; border-image: initial; border-top: none; background: #fae2d5; padding: 0cm 5.4pt; height: 14.85pt;\" valign=\"top\" width=\"141\"><p><b><span lang=\"EN-US\" style=\"color: black; mso-color-alt: windowtext;\">One Set Weight<\/span><\/b><\/p><\/td><td style=\"width: 393.5pt; border-top: none; border-left: none; border-bottom-width: 1pt; border-bottom-color: #f1a983; border-right-width: 1pt; border-right-color: #f1a983; background: #fae2d5; padding: 0cm 5.4pt; height: 14.85pt;\" colspan=\"2\" valign=\"top\" width=\"525\"><p align=\"left\"><span lang=\"EN-US\" style=\"color: black; mso-color-alt: windowtext;\">200-320kgs\/set<\/span><\/p><\/td><\/tr><tr style=\"mso-yfti-irow: 5; height: 14.25pt;\"><td style=\"width: 106.1pt; border-right-width: 1pt; border-bottom-width: 1pt; border-left-width: 1pt; border-right-color: #f1a983; border-bottom-color: #f1a983; border-left-color: #f1a983; border-image: initial; border-top: none; padding: 0cm 5.4pt; height: 14.25pt;\" valign=\"top\" width=\"141\"><p><b>Paquete<\/b><\/p><\/td><td style=\"width: 393.5pt; border-top: none; border-left: none; border-bottom-width: 1pt; border-bottom-color: #f1a983; border-right-width: 1pt; border-right-color: #f1a983; padding: 0cm 5.4pt; height: 14.25pt;\" colspan=\"2\" valign=\"top\" width=\"525\"><p align=\"left\"><span lang=\"EN-US\">Caja de madera<\/span><\/p><\/td><\/tr><tr style=\"mso-yfti-irow: 6; height: 16.15pt;\"><td style=\"width: 106.1pt; border-right-width: 1pt; border-bottom-width: 1pt; border-left-width: 1pt; border-right-color: #f1a983; border-bottom-color: #f1a983; border-left-color: #f1a983; border-image: initial; border-top: none; background: #fae2d5; padding: 0cm 5.4pt; height: 16.15pt;\" valign=\"top\" width=\"141\"><p><b><span lang=\"EN-US\" style=\"color: black; mso-color-alt: windowtext;\">Material<\/span><\/b><\/p><\/td><td style=\"width: 393.5pt; border-top: none; border-left: none; border-bottom-width: 1pt; border-bottom-color: #f1a983; border-right-width: 1pt; border-right-color: #f1a983; background: #fae2d5; padding: 0cm 5.4pt; height: 16.15pt;\" colspan=\"2\" valign=\"top\" width=\"525\"><p align=\"left\"><span lang=\"EN-US\" style=\"color: black; mso-color-alt: windowtext;\">80 % de caucho reciclado vulcanizado con fibras de refuerzo y 20 % de caucho natural.<\/span><\/p><\/td><\/tr><tr style=\"mso-yfti-irow: 7; height: 11.85pt;\"><td style=\"width: 106.1pt; border-right-width: 1pt; border-bottom-width: 1pt; border-left-width: 1pt; border-right-color: #f1a983; border-bottom-color: #f1a983; border-left-color: #f1a983; border-image: initial; border-top: none; padding: 0cm 5.4pt; height: 11.85pt;\" valign=\"top\" width=\"141\"><p><b>Moho<\/b><\/p><\/td><td style=\"width: 393.5pt; border-top: none; border-left: none; border-bottom-width: 1pt; border-bottom-color: #f1a983; border-right-width: 1pt; border-right-color: #f1a983; padding: 0cm 5.4pt; height: 11.85pt;\" colspan=\"2\" valign=\"top\" width=\"525\"><p align=\"left\"><span lang=\"EN-US\">Moldeo por compresi\u00f3n<\/span><\/p><\/td><\/tr><tr style=\"mso-yfti-irow: 8; height: 12.9pt;\"><td style=\"width: 106.1pt; border-right-width: 1pt; border-bottom-width: 1pt; border-left-width: 1pt; border-right-color: #f1a983; border-bottom-color: #f1a983; border-left-color: #f1a983; border-image: initial; border-top: none; background: #fae2d5; padding: 0cm 5.4pt; height: 12.9pt;\" valign=\"top\" width=\"141\"><p><b><span lang=\"EN-US\" style=\"color: black; mso-color-alt: windowtext;\">Color<\/span><\/b><\/p><\/td><td style=\"width: 393.5pt; border-top: none; border-left: none; border-bottom-width: 1pt; border-bottom-color: #f1a983; border-right-width: 1pt; border-right-color: #f1a983; background: #fae2d5; padding: 0cm 5.4pt; height: 12.9pt;\" colspan=\"2\" valign=\"top\" width=\"525\"><p align=\"left\"><span lang=\"EN-US\" style=\"color: black; mso-color-alt: windowtext;\">Rojo y blanco, amarillo y negro<\/span><\/p><\/td><\/tr><tr style=\"mso-yfti-irow: 9; mso-yfti-lastrow: yes; height: 13.2pt;\"><td style=\"width: 106.1pt; border-right-width: 1pt; border-bottom-width: 1pt; border-left-width: 1pt; border-right-color: #f1a983; border-bottom-color: #f1a983; border-left-color: #f1a983; border-image: initial; border-top: none; padding: 0cm 5.4pt; height: 13.2pt;\" valign=\"top\" width=\"141\"><p><b>Por encargo<\/b><\/p><\/td><td style=\"width: 393.5pt; border-top: none; border-left: none; border-bottom-width: 1pt; border-bottom-color: #f1a983; border-right-width: 1pt; border-right-color: #f1a983; padding: 0cm 5.4pt; height: 13.2pt;\" colspan=\"2\" valign=\"top\" width=\"525\"><p align=\"left\"><span lang=\"EN-US\">Reflector<\/span><\/p><\/td><\/tr><\/tbody><\/table><\/div>\t\t\t\t\t\t<\/div>\n\t\t\t\t<\/div>\n\t\t\t\t\t<\/div>\n\t\t<\/div>\n\t\t\t\t\t\t\t<\/div>\n\t\t<\/section>\n\t\t\t\t<section class=\"elementor-section elementor-top-section elementor-element elementor-element-788381c elementor-section-boxed elementor-section-height-default elementor-section-height-default\" data-id=\"788381c\" data-element_type=\"section\">\n\t\t\t\t\t\t<div class=\"elementor-container elementor-column-gap-default\">\n\t\t\t\t\t<div class=\"elementor-column elementor-col-100 elementor-top-column elementor-element elementor-element-299fac4\" data-id=\"299fac4\" data-element_type=\"column\">\n\t\t\t<div class=\"elementor-widget-wrap elementor-element-populated\">\n\t\t\t\t\t\t\t\t<div class=\"elementor-element elementor-element-475a77e elementor-widget elementor-widget-heading\" data-id=\"475a77e\" data-element_type=\"widget\" data-widget_type=\"heading.default\">\n\t\t\t\t<div class=\"elementor-widget-container\">\n\t\t\t<h2 class=\"elementor-heading-title elementor-size-default\">CARACTER\u00cdSTICAS<\/h2>\t\t<\/div>\n\t\t\t\t<\/div>\n\t\t\t\t\t<\/div>\n\t\t<\/div>\n\t\t\t\t\t\t\t<\/div>\n\t\t<\/section>\n\t\t\t\t<section class=\"elementor-section elementor-top-section elementor-element elementor-element-86efac3 elementor-section-boxed elementor-section-height-default elementor-section-height-default\" data-id=\"86efac3\" data-element_type=\"section\">\n\t\t\t\t\t\t<div class=\"elementor-container elementor-column-gap-default\">\n\t\t\t\t\t<div class=\"elementor-column elementor-col-100 elementor-top-column elementor-element elementor-element-a948ff0\" data-id=\"a948ff0\" data-element_type=\"column\">\n\t\t\t<div class=\"elementor-widget-wrap elementor-element-populated\">\n\t\t\t\t\t\t\t\t<div class=\"elementor-element elementor-element-29c7e86 elementor-widget elementor-widget-text-editor\" data-id=\"29c7e86\" data-element_type=\"widget\" data-widget_type=\"text-editor.default\">\n\t\t\t\t<div class=\"elementor-widget-container\">\n\t\t\t\t\t\t\t<ol><li>Caucho reciclado de larga duraci\u00f3n.<\/li><li><span style=\"font-size: 1rem;\">Material reflectante para mayor visibilidad nocturna.<\/span><\/li><li><span style=\"font-size: 1rem;\">Extremadamente duradero: lo suficientemente resistente para el tr\u00e1fico pesado.<\/span><\/li><li><span style=\"font-size: 1rem;\">El fondo canalizado proporciona drenaje o protege los cables.<\/span><\/li><li><span style=\"font-size: 1rem;\">Resistente a la intemperie y alta rugosidad superficial que lo convierte en una superficie antideslizante.<\/span><\/li><li><span style=\"font-size: 1rem;\">Flexible: se adapta a la curvatura de la carretera y a cualquier superficie de asfalto u hormig\u00f3n.<\/span><\/li><li><span style=\"font-size: 1rem;\">F\u00e1cil mantenimiento para todo tipo de clima: no se deforma, astilla, agrieta, desmorona ni corroe.<\/span><\/li><li><span style=\"font-size: 1rem;\">Caucho vulcanizado estabilizado contra los rayos UV en el exterior y caucho reciclado en el interior.<\/span><\/li><li><span style=\"font-size: 1rem;\">Los cojines de velocidad son econ\u00f3micos, impermeables y estables y una excelente opci\u00f3n para pruebas temporales.<\/span><\/li><li><span style=\"font-size: 1rem;\">Resistente a variaciones extremas de temperatura, luz ultravioleta, aceites, humedad y da\u00f1os. Instalaci\u00f3n r\u00e1pida y sencilla. <\/span><\/li><\/ol>\t\t\t\t\t\t<\/div>\n\t\t\t\t<\/div>\n\t\t\t\t\t<\/div>\n\t\t<\/div>\n\t\t\t\t\t\t\t<\/div>\n\t\t<\/section>\n\t\t\t\t\t\t\t<\/div>\n\t\t","protected":false},"excerpt":{"rendered":"<p>El amortiguador de velocidad ES-SC500SC se utiliza para calmar el tr\u00e1fico. Garantiza una reducci\u00f3n efectiva de la velocidad de los veh\u00edculos, permitiendo que autobuses, veh\u00edculos de emergencia, etc., pasen sin tener que reducir la velocidad. Se recomienda instalar los amortiguadores en pares para evitar que un veh\u00edculo los roce.  <\/p>\n","protected":false},"featured_media":6739,"comment_status":"open","ping_status":"closed","template":"","meta":{"om_disable_all_campaigns":false,"_monsterinsights_skip_tracking":false,"_monsterinsights_sitenote_active":false,"_monsterinsights_sitenote_note":"","_monsterinsights_sitenote_category":0},"product_cat":[895,494],"product_tag":[896,897],"class_list":["post-6757","product","type-product","status-publish","has-post-thumbnail","hentry","product_cat-cojin-de-velocidad","product_cat-seguridad-en-el-estacionamiento","product_tag-cojin-de-velocidad","product_tag-cojin-de-velocidad-de-goma"],"aioseo_notices":[],"_links":{"self":[{"href":"https:\/\/everstarsafety.com\/es\/wp-json\/wp\/v2\/product\/6757","targetHints":{"allow":["GET"]}}],"collection":[{"href":"https:\/\/everstarsafety.com\/es\/wp-json\/wp\/v2\/product"}],"about":[{"href":"https:\/\/everstarsafety.com\/es\/wp-json\/wp\/v2\/types\/product"}],"replies":[{"embeddable":true,"href":"https:\/\/everstarsafety.com\/es\/wp-json\/wp\/v2\/comments?post=6757"}],"version-history":[{"count":1,"href":"https:\/\/everstarsafety.com\/es\/wp-json\/wp\/v2\/product\/6757\/revisions"}],"predecessor-version":[{"id":6758,"href":"https:\/\/everstarsafety.com\/es\/wp-json\/wp\/v2\/product\/6757\/revisions\/6758"}],"wp:featuredmedia":[{"embeddable":true,"href":"https:\/\/everstarsafety.com\/es\/wp-json\/wp\/v2\/media\/6739"}],"wp:attachment":[{"href":"https:\/\/everstarsafety.com\/es\/wp-json\/wp\/v2\/media?parent=6757"}],"wp:term":[{"taxonomy":"product_cat","embeddable":true,"href":"https:\/\/everstarsafety.com\/es\/wp-json\/wp\/v2\/product_cat?post=6757"},{"taxonomy":"product_tag","embeddable":true,"href":"https:\/\/everstarsafety.com\/es\/wp-json\/wp\/v2\/product_tag?post=6757"}],"curies":[{"name":"wp","href":"https:\/\/api.w.org\/{rel}","templated":true}]}}