{"id":6856,"date":"2026-01-06T11:53:21","date_gmt":"2026-01-06T11:53:21","guid":{"rendered":"https:\/\/everstarsafety.com\/product\/reductor-de-velocidad-portatil\/"},"modified":"2026-02-05T08:17:28","modified_gmt":"2026-02-05T08:17:28","slug":"reductor-de-velocidad-portatil","status":"publish","type":"product","link":"https:\/\/everstarsafety.com\/es\/producto\/reductor-de-velocidad-portatil\/","title":{"rendered":"Reductor de velocidad port\u00e1til"},"content":{"rendered":"\t\t<div data-elementor-type=\"product-post\" data-elementor-id=\"6856\" class=\"elementor elementor-6856 elementor-6837\">\n\t\t\t\t\t\t\t\t\t<section class=\"elementor-section elementor-top-section elementor-element elementor-element-1f6b1d5 elementor-section-boxed elementor-section-height-default elementor-section-height-default\" data-id=\"1f6b1d5\" data-element_type=\"section\">\n\t\t\t\t\t\t<div class=\"elementor-container elementor-column-gap-default\">\n\t\t\t\t\t<div class=\"elementor-column elementor-col-100 elementor-top-column elementor-element elementor-element-ba2f9b6\" data-id=\"ba2f9b6\" data-element_type=\"column\">\n\t\t\t<div class=\"elementor-widget-wrap elementor-element-populated\">\n\t\t\t\t\t\t\t\t<div class=\"elementor-element elementor-element-33ce17e elementor-widget elementor-widget-text-editor\" data-id=\"33ce17e\" data-element_type=\"widget\" data-widget_type=\"text-editor.default\">\n\t\t\t\t<div class=\"elementor-widget-container\">\n\t\t\t<style>\/*! elementor - v3.7.0 - 08-08-2022 *\/\n.elementor-widget-text-editor.elementor-drop-cap-view-stacked .elementor-drop-cap{background-color:#818a91;color:#fff}.elementor-widget-text-editor.elementor-drop-cap-view-framed .elementor-drop-cap{color:#818a91;border:3px solid;background-color:transparent}.elementor-widget-text-editor:not(.elementor-drop-cap-view-default) .elementor-drop-cap{margin-top:8px}.elementor-widget-text-editor:not(.elementor-drop-cap-view-default) .elementor-drop-cap-letter{width:1em;height:1em}.elementor-widget-text-editor .elementor-drop-cap{float:left;text-align:center;line-height:1;font-size:50px}.elementor-widget-text-editor .elementor-drop-cap-letter{display:inline-block}<\/style>\t\t\t\t<p>Este reductor de velocidad port\u00e1til temporal ES-SB3000 est\u00e1 dise\u00f1ado para instalarse y desmontarse f\u00e1cilmente seg\u00fan sea necesario. Ideal para zonas de construcci\u00f3n, eventos o \u00e1reas que requieren una reducci\u00f3n temporal de velocidad, este reductor de velocidad port\u00e1til reduce eficazmente la velocidad de los veh\u00edculos, lo que contribuye a una mayor seguridad tanto para conductores como para peatones. <\/p><p>Para el control temporal del tr\u00e1fico, el reductor de velocidad port\u00e1til enrollable Estraffic es f\u00e1cil de instalar, ligero y vers\u00e1til. Ideal para almacenes, estacionamientos comerciales, zonas de construcci\u00f3n, calles, entradas de veh\u00edculos, carreteras, centros comerciales y espacios p\u00fablicos como hospitales y zonas escolares. Resistente a la intemperie, est\u00e1 fabricado con secciones de pl\u00e1stico con acolchado de goma en la parte inferior para evitar deslizamientos. Se enrolla en una pr\u00e1ctica bolsa de almacenamiento para facilitar su transporte.   <\/p>\t\t\t\t\t\t<\/div>\n\t\t\t\t<\/div>\n\t\t\t\t\t<\/div>\n\t\t<\/div>\n\t\t\t\t\t\t\t<\/div>\n\t\t<\/section>\n\t\t\t\t<section class=\"elementor-section elementor-top-section elementor-element elementor-element-29032de elementor-section-boxed elementor-section-height-default elementor-section-height-default\" data-id=\"29032de\" data-element_type=\"section\">\n\t\t\t\t\t\t<div class=\"elementor-container elementor-column-gap-default\">\n\t\t\t\t\t<div class=\"elementor-column elementor-col-100 elementor-top-column elementor-element elementor-element-8fd4345\" data-id=\"8fd4345\" data-element_type=\"column\">\n\t\t\t<div class=\"elementor-widget-wrap elementor-element-populated\">\n\t\t\t\t\t\t\t\t<div class=\"elementor-element elementor-element-78dfcc4 elementor-widget elementor-widget-heading\" data-id=\"78dfcc4\" data-element_type=\"widget\" data-widget_type=\"heading.default\">\n\t\t\t\t<div class=\"elementor-widget-container\">\n\t\t\t<style>\/*! elementor - v3.7.0 - 08-08-2022 *\/\n.elementor-heading-title{padding:0;margin:0;line-height:1}.elementor-widget-heading .elementor-heading-title[class*=elementor-size-]>a{color:inherit;font-size:inherit;line-height:inherit}.elementor-widget-heading .elementor-heading-title.elementor-size-small{font-size:15px}.elementor-widget-heading .elementor-heading-title.elementor-size-medium{font-size:19px}.elementor-widget-heading .elementor-heading-title.elementor-size-large{font-size:29px}.elementor-widget-heading .elementor-heading-title.elementor-size-xl{font-size:39px}.elementor-widget-heading .elementor-heading-title.elementor-size-xxl{font-size:59px}<\/style><h2 class=\"elementor-heading-title elementor-size-default\">ESPECIFICACI\u00d3N<\/h2>\t\t<\/div>\n\t\t\t\t<\/div>\n\t\t\t\t<div class=\"elementor-element elementor-element-e235107 elementor-widget elementor-widget-text-editor\" data-id=\"e235107\" data-element_type=\"widget\" data-widget_type=\"text-editor.default\">\n\t\t\t\t<div class=\"elementor-widget-container\">\n\t\t\t\t\t\t\t<p> <\/p><div align=\"center\"><table class=\"MsoTable15Grid4Accent2\" style=\"width: 510.05pt; border-collapse: collapse; border: none; mso-border-alt: solid #F1A983 .5pt; mso-border-themecolor: accent2; mso-border-themetint: 153; mso-yfti-tbllook: 1184; mso-padding-alt: 0cm 5.4pt 0cm 5.4pt;\" border=\"1\" width=\"680\" cellspacing=\"0\" cellpadding=\"0\"><tbody><tr style=\"mso-yfti-irow: -1; mso-yfti-firstrow: yes; mso-yfti-lastfirstrow: yes; height: 17.9pt;\"><td style=\"width: 510.05pt; border: solid #E97132 1.0pt; mso-border-themecolor: accent2; mso-border-alt: solid #E97132 .5pt; background: #E97132; mso-background-themecolor: accent2; padding: 0cm 5.4pt 0cm 5.4pt; height: 17.9pt;\" colspan=\"2\" valign=\"top\" width=\"680\"><p class=\"MsoNormal\" style=\"text-align: center; mso-yfti-cnfc: 5;\" align=\"center\"><b><span lang=\"EN-US\" style=\"color: white; mso-themecolor: background1;\">Reductor de velocidad port\u00e1til<\/span><\/b><\/p><\/td><\/tr><tr style=\"mso-yfti-irow: 0; height: 17.9pt;\"><td style=\"width: 134.45pt; border: solid #F1A983 1.0pt; mso-border-themecolor: accent2; mso-border-themetint: 153; border-top: none; mso-border-top-alt: solid #F1A983 .5pt; mso-border-top-themecolor: accent2; mso-border-top-themetint: 153; mso-border-alt: solid #F1A983 .5pt; background: #FAE2D5; mso-background-themecolor: accent2; mso-background-themetint: 51; padding: 0cm 5.4pt 0cm 5.4pt; height: 17.9pt;\" valign=\"top\" width=\"179\"><p class=\"MsoNormal\"><b><span lang=\"EN-US\" style=\"color: black; mso-color-alt: windowtext;\">Modelo<\/span><\/b><\/p><\/td><td style=\"width: 375.6pt; border-top: none; border-left: none; border-bottom: solid #F1A983 1.0pt; mso-border-bottom-themecolor: accent2; mso-border-bottom-themetint: 153; border-right: solid #F1A983 1.0pt; mso-border-right-themecolor: accent2; mso-border-right-themetint: 153; mso-border-top-alt: solid #F1A983 .5pt; mso-border-top-themecolor: accent2; mso-border-top-themetint: 153; mso-border-left-alt: solid #F1A983 .5pt; mso-border-left-themecolor: accent2; mso-border-left-themetint: 153; mso-border-alt: solid #F1A983 .5pt; mso-border-themecolor: accent2; mso-border-themetint: 153; background: #FAE2D5; mso-background-themecolor: accent2; mso-background-themetint: 51; padding: 0cm 5.4pt 0cm 5.4pt; height: 17.9pt;\" valign=\"top\" width=\"501\"><p class=\"MsoNormal\" align=\"left\"><span lang=\"EN-US\" style=\"color: black; mso-color-alt: windowtext;\">ES-SB3000<\/span><\/p><\/td><\/tr><tr style=\"mso-yfti-irow: 1; height: 17.9pt;\"><td style=\"width: 134.45pt; border: solid #F1A983 1.0pt; mso-border-themecolor: accent2; mso-border-themetint: 153; border-top: none; mso-border-top-alt: solid #F1A983 .5pt; mso-border-top-themecolor: accent2; mso-border-top-themetint: 153; mso-border-alt: solid #F1A983 .5pt; padding: 0cm 5.4pt 0cm 5.4pt; height: 17.9pt;\" valign=\"top\" width=\"179\"><p class=\"MsoNormal\"><b>Categor\u00eda de producto<\/b><\/p><\/td><td style=\"width: 375.6pt; border-top: none; border-left: none; border-bottom: solid #F1A983 1.0pt; mso-border-bottom-themecolor: accent2; mso-border-bottom-themetint: 153; border-right: solid #F1A983 1.0pt; mso-border-right-themecolor: accent2; mso-border-right-themetint: 153; mso-border-top-alt: solid #F1A983 .5pt; mso-border-top-themecolor: accent2; mso-border-top-themetint: 153; mso-border-left-alt: solid #F1A983 .5pt; mso-border-left-themecolor: accent2; mso-border-left-themetint: 153; mso-border-alt: solid #F1A983 .5pt; mso-border-themecolor: accent2; mso-border-themetint: 153; padding: 0cm 5.4pt 0cm 5.4pt; height: 17.9pt;\" valign=\"top\" width=\"501\"><p class=\"MsoNormal\" align=\"left\"><span lang=\"EN-US\">Reductor de velocidad port\u00e1til enrollable<\/span><\/p><\/td><\/tr><tr style=\"mso-yfti-irow: 2; height: 17.9pt;\"><td style=\"width: 134.45pt; border: solid #F1A983 1.0pt; mso-border-themecolor: accent2; mso-border-themetint: 153; border-top: none; mso-border-top-alt: solid #F1A983 .5pt; mso-border-top-themecolor: accent2; mso-border-top-themetint: 153; mso-border-alt: solid #F1A983 .5pt; background: #FAE2D5; mso-background-themecolor: accent2; mso-background-themetint: 51; padding: 0cm 5.4pt 0cm 5.4pt; height: 17.9pt;\" valign=\"top\" width=\"179\"><p class=\"MsoNormal\"><b><span lang=\"EN-US\" style=\"color: black; mso-color-alt: windowtext;\">Tama\u00f1o<\/span><\/b><\/p><\/td><td style=\"width: 375.6pt; border-top: none; border-left: none; border-bottom: solid #F1A983 1.0pt; mso-border-bottom-themecolor: accent2; mso-border-bottom-themetint: 153; border-right: solid #F1A983 1.0pt; mso-border-right-themecolor: accent2; mso-border-right-themetint: 153; mso-border-top-alt: solid #F1A983 .5pt; mso-border-top-themecolor: accent2; mso-border-top-themetint: 153; mso-border-left-alt: solid #F1A983 .5pt; mso-border-left-themecolor: accent2; mso-border-left-themetint: 153; mso-border-alt: solid #F1A983 .5pt; mso-border-themecolor: accent2; mso-border-themetint: 153; background: #FAE2D5; mso-background-themecolor: accent2; mso-background-themetint: 51; padding: 0cm 5.4pt 0cm 5.4pt; height: 17.9pt;\" valign=\"top\" width=\"501\"><p class=\"MsoNormal\" align=\"left\"><span lang=\"EN-US\" style=\"color: black; mso-color-alt: windowtext;\">3000*220*50mm<\/span><\/p><\/td><\/tr><tr style=\"mso-yfti-irow: 3; height: 20.6pt;\"><td style=\"width: 134.45pt; border: solid #F1A983 1.0pt; mso-border-themecolor: accent2; mso-border-themetint: 153; border-top: none; mso-border-top-alt: solid #F1A983 .5pt; mso-border-top-themecolor: accent2; mso-border-top-themetint: 153; mso-border-alt: solid #F1A983 .5pt; padding: 0cm 5.4pt 0cm 5.4pt; height: 20.6pt;\" valign=\"top\" width=\"179\"><p class=\"MsoNormal\"><b>Peso de la secci\u00f3n media<\/b><\/p><\/td><td style=\"width: 375.6pt; border-top: none; border-left: none; border-bottom: solid #F1A983 1.0pt; mso-border-bottom-themecolor: accent2; mso-border-bottom-themetint: 153; border-right: solid #F1A983 1.0pt; mso-border-right-themecolor: accent2; mso-border-right-themetint: 153; mso-border-top-alt: solid #F1A983 .5pt; mso-border-top-themecolor: accent2; mso-border-top-themetint: 153; mso-border-left-alt: solid #F1A983 .5pt; mso-border-left-themecolor: accent2; mso-border-left-themetint: 153; mso-border-alt: solid #F1A983 .5pt; mso-border-themecolor: accent2; mso-border-themetint: 153; padding: 0cm 5.4pt 0cm 5.4pt; height: 20.6pt;\" valign=\"top\" width=\"501\"><p class=\"MsoNormal\" align=\"left\"><span lang=\"EN-US\">13 kg\/pieza<\/span><\/p><\/td><\/tr><tr style=\"mso-yfti-irow: 4; height: 14.15pt;\"><td style=\"width: 134.45pt; border: solid #F1A983 1.0pt; mso-border-themecolor: accent2; mso-border-themetint: 153; border-top: none; mso-border-top-alt: solid #F1A983 .5pt; mso-border-top-themecolor: accent2; mso-border-top-themetint: 153; mso-border-alt: solid #F1A983 .5pt; background: #FAE2D5; mso-background-themecolor: accent2; mso-background-themetint: 51; padding: 0cm 5.4pt 0cm 5.4pt; height: 14.15pt;\" valign=\"top\" width=\"179\"><p class=\"MsoNormal\"><b><span lang=\"EN-US\" style=\"color: black; mso-color-alt: windowtext;\">Material<\/span><\/b><\/p><\/td><td style=\"width: 375.6pt; border-top: none; border-left: none; border-bottom: solid #F1A983 1.0pt; mso-border-bottom-themecolor: accent2; mso-border-bottom-themetint: 153; border-right: solid #F1A983 1.0pt; mso-border-right-themecolor: accent2; mso-border-right-themetint: 153; mso-border-top-alt: solid #F1A983 .5pt; mso-border-top-themecolor: accent2; mso-border-top-themetint: 153; mso-border-left-alt: solid #F1A983 .5pt; mso-border-left-themecolor: accent2; mso-border-left-themetint: 153; mso-border-alt: solid #F1A983 .5pt; mso-border-themecolor: accent2; mso-border-themetint: 153; background: #FAE2D5; mso-background-themecolor: accent2; mso-background-themetint: 51; padding: 0cm 5.4pt 0cm 5.4pt; height: 14.15pt;\" valign=\"top\" width=\"501\"><p class=\"MsoNormal\" align=\"left\"><span lang=\"EN-US\" style=\"color: black; mso-color-alt: windowtext;\">Caucho reciclado vulcanizado<\/span><\/p><\/td><\/tr><tr style=\"mso-yfti-irow: 5; height: 16.45pt;\"><td style=\"width: 134.45pt; border: solid #F1A983 1.0pt; mso-border-themecolor: accent2; mso-border-themetint: 153; border-top: none; mso-border-top-alt: solid #F1A983 .5pt; mso-border-top-themecolor: accent2; mso-border-top-themetint: 153; mso-border-alt: solid #F1A983 .5pt; padding: 0cm 5.4pt 0cm 5.4pt; height: 16.45pt;\" valign=\"top\" width=\"179\"><p class=\"MsoNormal\"><b>Moho<\/b><\/p><\/td><td style=\"width: 375.6pt; border-top: none; border-left: none; border-bottom: solid #F1A983 1.0pt; mso-border-bottom-themecolor: accent2; mso-border-bottom-themetint: 153; border-right: solid #F1A983 1.0pt; mso-border-right-themecolor: accent2; mso-border-right-themetint: 153; mso-border-top-alt: solid #F1A983 .5pt; mso-border-top-themecolor: accent2; mso-border-top-themetint: 153; mso-border-left-alt: solid #F1A983 .5pt; mso-border-left-themecolor: accent2; mso-border-left-themetint: 153; mso-border-alt: solid #F1A983 .5pt; mso-border-themecolor: accent2; mso-border-themetint: 153; padding: 0cm 5.4pt 0cm 5.4pt; height: 16.45pt;\" valign=\"top\" width=\"501\"><p class=\"MsoNormal\" align=\"left\"><span lang=\"EN-US\">Moldeo por inyecci\u00f3n<\/span><\/p><\/td><\/tr><tr style=\"mso-yfti-irow: 6; mso-yfti-lastrow: yes; height: 17.9pt;\"><td style=\"width: 134.45pt; border: solid #F1A983 1.0pt; mso-border-themecolor: accent2; mso-border-themetint: 153; border-top: none; mso-border-top-alt: solid #F1A983 .5pt; mso-border-top-themecolor: accent2; mso-border-top-themetint: 153; mso-border-alt: solid #F1A983 .5pt; background: #FAE2D5; mso-background-themecolor: accent2; mso-background-themetint: 51; padding: 0cm 5.4pt 0cm 5.4pt; height: 17.9pt;\" valign=\"top\" width=\"179\"><p class=\"MsoNormal\"><b><span lang=\"EN-US\" style=\"color: black; mso-color-alt: windowtext;\">Color<\/span><\/b><\/p><\/td><td style=\"width: 375.6pt; border-top: none; border-left: none; border-bottom: solid #F1A983 1.0pt; mso-border-bottom-themecolor: accent2; mso-border-bottom-themetint: 153; border-right: solid #F1A983 1.0pt; mso-border-right-themecolor: accent2; mso-border-right-themetint: 153; mso-border-top-alt: solid #F1A983 .5pt; mso-border-top-themecolor: accent2; mso-border-top-themetint: 153; mso-border-left-alt: solid #F1A983 .5pt; mso-border-left-themecolor: accent2; mso-border-left-themetint: 153; mso-border-alt: solid #F1A983 .5pt; mso-border-themecolor: accent2; mso-border-themetint: 153; background: #FAE2D5; mso-background-themecolor: accent2; mso-background-themetint: 51; padding: 0cm 5.4pt 0cm 5.4pt; height: 17.9pt;\" valign=\"top\" width=\"501\"><p class=\"MsoNormal\" align=\"left\"><span lang=\"EN-US\" style=\"color: black; mso-color-alt: windowtext;\">Amarillo y negro<\/span><\/p><\/td><\/tr><\/tbody><\/table><\/div><p> <\/p>\t\t\t\t\t\t<\/div>\n\t\t\t\t<\/div>\n\t\t\t\t\t<\/div>\n\t\t<\/div>\n\t\t\t\t\t\t\t<\/div>\n\t\t<\/section>\n\t\t\t\t<section class=\"elementor-section elementor-top-section elementor-element elementor-element-db2b073 elementor-section-boxed elementor-section-height-default elementor-section-height-default\" data-id=\"db2b073\" data-element_type=\"section\">\n\t\t\t\t\t\t<div class=\"elementor-container elementor-column-gap-default\">\n\t\t\t\t\t<div class=\"elementor-column elementor-col-100 elementor-top-column elementor-element elementor-element-7f54128\" data-id=\"7f54128\" data-element_type=\"column\">\n\t\t\t<div class=\"elementor-widget-wrap elementor-element-populated\">\n\t\t\t\t\t\t\t\t<div class=\"elementor-element elementor-element-22ac02d elementor-widget elementor-widget-heading\" data-id=\"22ac02d\" data-element_type=\"widget\" data-widget_type=\"heading.default\">\n\t\t\t\t<div class=\"elementor-widget-container\">\n\t\t\t<h2 class=\"elementor-heading-title elementor-size-default\">CARACTER\u00cdSTICAS<\/h2>\t\t<\/div>\n\t\t\t\t<\/div>\n\t\t\t\t<div class=\"elementor-element elementor-element-7f3d0fe elementor-widget elementor-widget-text-editor\" data-id=\"7f3d0fe\" data-element_type=\"widget\" data-widget_type=\"text-editor.default\">\n\t\t\t\t<div class=\"elementor-widget-container\">\n\t\t\t\t\t\t\t<ol><li>El reductor de velocidad port\u00e1til es una soluci\u00f3n temporal para calmar el tr\u00e1fico, a diferencia de&#8230; <a href=\"https:\/\/everstarsafety.com\/es\/producto\/tope-de-velocidad-de-goma-con-patron-de-diamante-2\/\">badenes de goma fijos<\/a>, Se puede desplegar y recoger en segundos. Est\u00e1 dise\u00f1ado para adaptarse f\u00e1cilmente a pr\u00e1cticamente cualquier superficie de carretera. <\/li><li>Ligero y vers\u00e1til, de f\u00e1cil instalaci\u00f3n y desmontaje. Su dise\u00f1o enrollable garantiza una r\u00e1pida colocaci\u00f3n para reducir la velocidad del tr\u00e1fico cuando sea necesario. Est\u00e1 dise\u00f1ado para soportar el paso de veh\u00edculos pesados, lo que lo hace adecuado para una variedad de entornos y tipos de veh\u00edculos. Su dise\u00f1o ligero garantiza la seguridad de los trabajadores durante la instalaci\u00f3n, el desmontaje y el almacenamiento.   <\/li><li>Los reductores de velocidad port\u00e1tiles de seguridad para hormig\u00f3n tambi\u00e9n se pueden utilizar en asfalto, grava y superficies irregulares. Son ideales para zonas de construcci\u00f3n, eventos, reducci\u00f3n temporal de velocidad, calles, entradas de veh\u00edculos, aparcamientos comerciales y centros comerciales, etc. <\/li><\/ol>\t\t\t\t\t\t<\/div>\n\t\t\t\t<\/div>\n\t\t\t\t\t<\/div>\n\t\t<\/div>\n\t\t\t\t\t\t\t<\/div>\n\t\t<\/section>\n\t\t\t\t\t\t\t<\/div>\n\t\t","protected":false},"excerpt":{"rendered":"<p>El reductor de velocidad port\u00e1til enrollable ES-SB3000 se utiliza para la pacificaci\u00f3n y control del tr\u00e1fico temporal. Esta soluci\u00f3n temporal de pacificaci\u00f3n del tr\u00e1fico est\u00e1 dise\u00f1ada para instalarse y desmontarse f\u00e1cilmente seg\u00fan sea necesario. Se utiliza para el control temporal del tr\u00e1fico en autom\u00f3viles, camiones, autobuses, remolques y m\u00e1s.  <\/p>\n","protected":false},"featured_media":6838,"comment_status":"open","ping_status":"closed","template":"","meta":{"om_disable_all_campaigns":false,"_monsterinsights_skip_tracking":false,"_monsterinsights_sitenote_active":false,"_monsterinsights_sitenote_note":"","_monsterinsights_sitenote_category":0},"product_cat":[501,906,494],"product_tag":[912,913,911],"class_list":["post-6856","product","type-product","status-publish","has-post-thumbnail","hentry","product_cat-reductor-de-velocidad","product_cat-reductor-de-velocidad-portatil","product_cat-seguridad-en-el-estacionamiento","product_tag-bache-temporal","product_tag-baden-enrollable","product_tag-baden-portatil"],"aioseo_notices":[],"_links":{"self":[{"href":"https:\/\/everstarsafety.com\/es\/wp-json\/wp\/v2\/product\/6856","targetHints":{"allow":["GET"]}}],"collection":[{"href":"https:\/\/everstarsafety.com\/es\/wp-json\/wp\/v2\/product"}],"about":[{"href":"https:\/\/everstarsafety.com\/es\/wp-json\/wp\/v2\/types\/product"}],"replies":[{"embeddable":true,"href":"https:\/\/everstarsafety.com\/es\/wp-json\/wp\/v2\/comments?post=6856"}],"version-history":[{"count":1,"href":"https:\/\/everstarsafety.com\/es\/wp-json\/wp\/v2\/product\/6856\/revisions"}],"predecessor-version":[{"id":6857,"href":"https:\/\/everstarsafety.com\/es\/wp-json\/wp\/v2\/product\/6856\/revisions\/6857"}],"wp:featuredmedia":[{"embeddable":true,"href":"https:\/\/everstarsafety.com\/es\/wp-json\/wp\/v2\/media\/6838"}],"wp:attachment":[{"href":"https:\/\/everstarsafety.com\/es\/wp-json\/wp\/v2\/media?parent=6856"}],"wp:term":[{"taxonomy":"product_cat","embeddable":true,"href":"https:\/\/everstarsafety.com\/es\/wp-json\/wp\/v2\/product_cat?post=6856"},{"taxonomy":"product_tag","embeddable":true,"href":"https:\/\/everstarsafety.com\/es\/wp-json\/wp\/v2\/product_tag?post=6856"}],"curies":[{"name":"wp","href":"https:\/\/api.w.org\/{rel}","templated":true}]}}