{"id":7039,"date":"2026-02-11T09:16:30","date_gmt":"2026-02-11T09:16:30","guid":{"rendered":"https:\/\/everstarsafety.com\/product\/protector-de-cable-de-2-canales\/"},"modified":"2026-02-12T02:53:26","modified_gmt":"2026-02-12T02:53:26","slug":"protector-de-cable-de-2-canales","status":"publish","type":"product","link":"https:\/\/everstarsafety.com\/es\/producto\/protector-de-cable-de-2-canales\/","title":{"rendered":"Protector de cable de 2 canales"},"content":{"rendered":"\t\t<div data-elementor-type=\"product-post\" data-elementor-id=\"7039\" class=\"elementor elementor-7039 elementor-6975\">\n\t\t\t\t\t\t\t\t\t<section class=\"elementor-section elementor-top-section elementor-element elementor-element-b61631e elementor-section-boxed elementor-section-height-default elementor-section-height-default\" data-id=\"b61631e\" data-element_type=\"section\">\n\t\t\t\t\t\t<div class=\"elementor-container elementor-column-gap-default\">\n\t\t\t\t\t<div class=\"elementor-column elementor-col-100 elementor-top-column elementor-element elementor-element-3ca44b3\" data-id=\"3ca44b3\" data-element_type=\"column\">\n\t\t\t<div class=\"elementor-widget-wrap elementor-element-populated\">\n\t\t\t\t\t\t\t\t<div class=\"elementor-element elementor-element-8b041b5 elementor-widget elementor-widget-text-editor\" data-id=\"8b041b5\" data-element_type=\"widget\" data-widget_type=\"text-editor.default\">\n\t\t\t\t<div class=\"elementor-widget-container\">\n\t\t\t<style>\/*! elementor - v3.7.0 - 08-08-2022 *\/\n.elementor-widget-text-editor.elementor-drop-cap-view-stacked .elementor-drop-cap{background-color:#818a91;color:#fff}.elementor-widget-text-editor.elementor-drop-cap-view-framed .elementor-drop-cap{color:#818a91;border:3px solid;background-color:transparent}.elementor-widget-text-editor:not(.elementor-drop-cap-view-default) .elementor-drop-cap{margin-top:8px}.elementor-widget-text-editor:not(.elementor-drop-cap-view-default) .elementor-drop-cap-letter{width:1em;height:1em}.elementor-widget-text-editor .elementor-drop-cap{float:left;text-align:center;line-height:1;font-size:50px}.elementor-widget-text-editor .elementor-drop-cap-letter{display:inline-block}<\/style>\t\t\t\t<p>Los protectores de cables se refieren a una amplia categor\u00eda de productos dise\u00f1ados para organizar, gestionar y proteger f\u00edsicamente cables y conductores, as\u00ed como a las personas que los rodean. Tambi\u00e9n se les conoce como rampa, cubierta, protector de cables y protector de alambres. El protector est\u00e1 compuesto por una base de goma y una cubierta de PVC que protege los cables de da\u00f1os y previene tropiezos. El protector de cables de goma de alta resistencia es duradero, flexible y resistente a la intemperie, y se utiliza frecuentemente en exteriores y almacenes. El protector ligero se utiliza generalmente en oficinas interiores, generalmente transparente o de perfil bajo. Se utiliza generalmente en pasillos, entradas de veh\u00edculos, escenarios para eventos, oficinas y pisos industriales.    <\/p>\t\t\t\t\t\t<\/div>\n\t\t\t\t<\/div>\n\t\t\t\t\t<\/div>\n\t\t<\/div>\n\t\t\t\t\t\t\t<\/div>\n\t\t<\/section>\n\t\t\t\t<section class=\"elementor-section elementor-top-section elementor-element elementor-element-c7512e6 elementor-section-boxed elementor-section-height-default elementor-section-height-default\" data-id=\"c7512e6\" data-element_type=\"section\">\n\t\t\t\t\t\t<div class=\"elementor-container elementor-column-gap-default\">\n\t\t\t\t\t<div class=\"elementor-column elementor-col-100 elementor-top-column elementor-element elementor-element-f1c25fa\" data-id=\"f1c25fa\" data-element_type=\"column\">\n\t\t\t<div class=\"elementor-widget-wrap elementor-element-populated\">\n\t\t\t\t\t\t\t\t<div class=\"elementor-element elementor-element-69956c1 elementor-widget elementor-widget-heading\" data-id=\"69956c1\" data-element_type=\"widget\" data-widget_type=\"heading.default\">\n\t\t\t\t<div class=\"elementor-widget-container\">\n\t\t\t<style>\/*! elementor - v3.7.0 - 08-08-2022 *\/\n.elementor-heading-title{padding:0;margin:0;line-height:1}.elementor-widget-heading .elementor-heading-title[class*=elementor-size-]>a{color:inherit;font-size:inherit;line-height:inherit}.elementor-widget-heading .elementor-heading-title.elementor-size-small{font-size:15px}.elementor-widget-heading .elementor-heading-title.elementor-size-medium{font-size:19px}.elementor-widget-heading .elementor-heading-title.elementor-size-large{font-size:29px}.elementor-widget-heading .elementor-heading-title.elementor-size-xl{font-size:39px}.elementor-widget-heading .elementor-heading-title.elementor-size-xxl{font-size:59px}<\/style><h2 class=\"elementor-heading-title elementor-size-default\">Especificaci\u00f3n<\/h2>\t\t<\/div>\n\t\t\t\t<\/div>\n\t\t\t\t<div class=\"elementor-element elementor-element-210681c elementor-widget elementor-widget-text-editor\" data-id=\"210681c\" data-element_type=\"widget\" data-widget_type=\"text-editor.default\">\n\t\t\t\t<div class=\"elementor-widget-container\">\n\t\t\t\t\t\t\t<p> <\/p><table style=\"width: 481.55pt; border: none; margin-left: 6.75pt; margin-right: 6.75pt;\" border=\"1\" width=\"642\" cellspacing=\"0\" cellpadding=\"0\" align=\"left\"><tbody><tr style=\"mso-yfti-irow: -1; mso-yfti-firstrow: yes; mso-yfti-lastfirstrow: yes; height: 16.15pt;\"><td style=\"width: 481.55pt; border-width: 1pt; border-color: #e97132; border-image: initial; background: #e97132; padding: 0cm 5.4pt; height: 16.15pt;\" colspan=\"4\" valign=\"top\" width=\"642\"><p style=\"text-align: center; mso-yfti-cnfc: 5; mso-element: frame; mso-element-frame-hspace: 9.0pt; mso-element-wrap: around; mso-element-anchor-horizontal: margin; mso-element-left: center; mso-element-top: 35.65pt; mso-height-rule: exactly;\" align=\"center\"><b><span lang=\"EN-US\" style=\"color: white; mso-themecolor: background1;\">Protector de cable de dos canales<\/span><\/b><\/p><\/td><\/tr><tr style=\"mso-yfti-irow: 0; height: 16.15pt;\"><td style=\"width: 120.3pt; border-right-width: 1pt; border-bottom-width: 1pt; border-left-width: 1pt; border-right-color: #f1a983; border-bottom-color: #f1a983; border-left-color: #f1a983; border-image: initial; border-top: none; background: #fae2d5; padding: 0cm 5.4pt; height: 16.15pt;\" valign=\"top\" width=\"160\"><p><b><span lang=\"EN-US\" style=\"color: black; mso-color-alt: windowtext;\">Modelo<\/span><\/b><\/p><\/td><td style=\"width: 120.3pt; border-top: none; border-left: none; border-bottom-width: 1pt; border-bottom-color: #f1a983; border-right-width: 1pt; border-right-color: #f1a983; background: #fae2d5; padding: 0cm 5.4pt; height: 16.15pt;\" valign=\"top\" width=\"160\"><p><span lang=\"EN-US\" style=\"color: black; mso-color-alt: windowtext;\">ES-CP2S<\/span><\/p><\/td><td style=\"width: 120.3pt; border-top: none; border-left: none; border-bottom-width: 1pt; border-bottom-color: #f1a983; border-right-width: 1pt; border-right-color: #f1a983; background: #fae2d5; padding: 0cm 5.4pt; height: 16.15pt;\" valign=\"top\" width=\"160\"><p><span lang=\"EN-US\" style=\"color: black; mso-color-alt: windowtext;\">ES-CP2M<\/span><\/p><\/td><td style=\"width: 120.65pt; border-top: none; border-left: none; border-bottom-width: 1pt; border-bottom-color: #f1a983; border-right-width: 1pt; border-right-color: #f1a983; background: #fae2d5; padding: 0cm 5.4pt; height: 16.15pt;\" valign=\"top\" width=\"161\"><p><span lang=\"EN-US\" style=\"color: black; mso-color-alt: windowtext;\">ES-CP2L<\/span><\/p><\/td><\/tr><tr style=\"mso-yfti-irow: 1; height: 16.15pt;\"><td style=\"width: 120.3pt; border-right-width: 1pt; border-bottom-width: 1pt; border-left-width: 1pt; border-right-color: #f1a983; border-bottom-color: #f1a983; border-left-color: #f1a983; border-image: initial; border-top: none; padding: 0cm 5.4pt; height: 16.15pt;\" valign=\"top\" width=\"160\"><p><b>Tama\u00f1o total<\/b><\/p><\/td><td style=\"width: 120.3pt; border-top: none; border-left: none; border-bottom-width: 1pt; border-bottom-color: #f1a983; border-right-width: 1pt; border-right-color: #f1a983; padding: 0cm 5.4pt; height: 16.15pt;\" valign=\"top\" width=\"160\"><p><span lang=\"EN-US\">1000*240*50mm<\/span><\/p><\/td><td style=\"width: 120.3pt; border-top: none; border-left: none; border-bottom-width: 1pt; border-bottom-color: #f1a983; border-right-width: 1pt; border-right-color: #f1a983; padding: 0cm 5.4pt; height: 16.15pt;\" valign=\"top\" width=\"160\"><p><span lang=\"EN-US\">1000*350*65mm<\/span><\/p><\/td><td style=\"width: 120.65pt; border-top: none; border-left: none; border-bottom-width: 1pt; border-bottom-color: #f1a983; border-right-width: 1pt; border-right-color: #f1a983; padding: 0cm 5.4pt; height: 16.15pt;\" valign=\"top\" width=\"161\"><p><span lang=\"EN-US\">900*500*90mm<\/span><\/p><\/td><\/tr><tr style=\"mso-yfti-irow: 2; height: 16.15pt;\"><td style=\"width: 120.3pt; border-right-width: 1pt; border-bottom-width: 1pt; border-left-width: 1pt; border-right-color: #f1a983; border-bottom-color: #f1a983; border-left-color: #f1a983; border-image: initial; border-top: none; background: #fae2d5; padding: 0cm 5.4pt; height: 16.15pt;\" valign=\"top\" width=\"160\"><p><b><span lang=\"EN-US\" style=\"color: black; mso-color-alt: windowtext;\">Tama\u00f1o del canal<\/span><\/b><\/p><\/td><td style=\"width: 120.3pt; border-top: none; border-left: none; border-bottom-width: 1pt; border-bottom-color: #f1a983; border-right-width: 1pt; border-right-color: #f1a983; background: #fae2d5; padding: 0cm 5.4pt; height: 16.15pt;\" valign=\"top\" width=\"160\"><p><span lang=\"EN-US\" style=\"color: black; mso-color-alt: windowtext;\">32*32mm<\/span><\/p><\/td><td style=\"width: 120.3pt; border-top: none; border-left: none; border-bottom-width: 1pt; border-bottom-color: #f1a983; border-right-width: 1pt; border-right-color: #f1a983; background: #fae2d5; padding: 0cm 5.4pt; height: 16.15pt;\" valign=\"top\" width=\"160\"><p><span lang=\"EN-US\" style=\"color: black; mso-color-alt: windowtext;\">50*55mm<\/span><\/p><\/td><td style=\"width: 120.65pt; border-top: none; border-left: none; border-bottom-width: 1pt; border-bottom-color: #f1a983; border-right-width: 1pt; border-right-color: #f1a983; background: #fae2d5; padding: 0cm 5.4pt; height: 16.15pt;\" valign=\"top\" width=\"161\"><p><span lang=\"EN-US\" style=\"color: black; mso-color-alt: windowtext;\">70*90mm<\/span><\/p><\/td><\/tr><tr style=\"mso-yfti-irow: 3; height: 16.15pt;\"><td style=\"width: 120.3pt; border-right-width: 1pt; border-bottom-width: 1pt; border-left-width: 1pt; border-right-color: #f1a983; border-bottom-color: #f1a983; border-left-color: #f1a983; border-image: initial; border-top: none; padding: 0cm 5.4pt; height: 16.15pt;\" valign=\"top\" width=\"160\"><p><b>Peso<\/b><\/p><\/td><td style=\"width: 120.3pt; border-top: none; border-left: none; border-bottom-width: 1pt; border-bottom-color: #f1a983; border-right-width: 1pt; border-right-color: #f1a983; padding: 0cm 5.4pt; height: 16.15pt;\" valign=\"top\" width=\"160\"><p><span lang=\"EN-US\">5kgs<\/span><\/p><\/td><td style=\"width: 120.3pt; border-top: none; border-left: none; border-bottom-width: 1pt; border-bottom-color: #f1a983; border-right-width: 1pt; border-right-color: #f1a983; padding: 0cm 5.4pt; height: 16.15pt;\" valign=\"top\" width=\"160\"><p><span lang=\"EN-US\">6.5kgs<\/span><\/p><\/td><td style=\"width: 120.65pt; border-top: none; border-left: none; border-bottom-width: 1pt; border-bottom-color: #f1a983; border-right-width: 1pt; border-right-color: #f1a983; padding: 0cm 5.4pt; height: 16.15pt;\" valign=\"top\" width=\"161\"><p><span lang=\"EN-US\">17kgs<\/span><\/p><\/td><\/tr><tr style=\"mso-yfti-irow: 4; height: 16.15pt;\"><td style=\"width: 120.3pt; border-right-width: 1pt; border-bottom-width: 1pt; border-left-width: 1pt; border-right-color: #f1a983; border-bottom-color: #f1a983; border-left-color: #f1a983; border-image: initial; border-top: none; background: #fae2d5; padding: 0cm 5.4pt; height: 16.15pt;\" valign=\"top\" width=\"160\"><p><b><span lang=\"EN-US\" style=\"color: black; mso-color-alt: windowtext;\">Material base<\/span><\/b><\/p><\/td><td style=\"width: 361.25pt; border-top: none; border-left: none; border-bottom-width: 1pt; border-bottom-color: #f1a983; border-right-width: 1pt; border-right-color: #f1a983; background: #fae2d5; padding: 0cm 5.4pt; height: 16.15pt;\" colspan=\"3\" valign=\"top\" width=\"482\"><p><span lang=\"EN-US\" style=\"color: black; mso-color-alt: windowtext;\">Base de goma<\/span><\/p><\/td><\/tr><tr style=\"mso-yfti-irow: 5; height: 16.15pt;\"><td style=\"width: 120.3pt; border-right-width: 1pt; border-bottom-width: 1pt; border-left-width: 1pt; border-right-color: #f1a983; border-bottom-color: #f1a983; border-left-color: #f1a983; border-image: initial; border-top: none; padding: 0cm 5.4pt; height: 16.15pt;\" valign=\"top\" width=\"160\"><p><b>Material de la cubierta<\/b><\/p><\/td><td style=\"width: 361.25pt; border-top: none; border-left: none; border-bottom-width: 1pt; border-bottom-color: #f1a983; border-right-width: 1pt; border-right-color: #f1a983; padding: 0cm 5.4pt; height: 16.15pt;\" colspan=\"3\" valign=\"top\" width=\"482\"><p><span lang=\"EN-US\">Cubierta de PVC<\/span><\/p><\/td><\/tr><tr style=\"mso-yfti-irow: 6; height: 15.85pt;\"><td style=\"width: 120.3pt; border-right-width: 1pt; border-bottom-width: 1pt; border-left-width: 1pt; border-right-color: #f1a983; border-bottom-color: #f1a983; border-left-color: #f1a983; border-image: initial; border-top: none; background: #fae2d5; padding: 0cm 5.4pt; height: 15.85pt;\" valign=\"top\" width=\"160\"><p><b><span lang=\"EN-US\" style=\"color: black; mso-color-alt: windowtext;\">Color<\/span><\/b><\/p><\/td><td style=\"width: 361.25pt; border-top: none; border-left: none; border-bottom-width: 1pt; border-bottom-color: #f1a983; border-right-width: 1pt; border-right-color: #f1a983; background: #fae2d5; padding: 0cm 5.4pt; height: 15.85pt;\" colspan=\"3\" valign=\"top\" width=\"482\"><p><span lang=\"EN-US\" style=\"color: black; mso-color-alt: windowtext;\">Base negra + cubierta amarilla<\/span><\/p><\/td><\/tr><tr style=\"mso-yfti-irow: 7; mso-yfti-lastrow: yes; height: 15.55pt;\"><td style=\"width: 120.3pt; border-right-width: 1pt; border-bottom-width: 1pt; border-left-width: 1pt; border-right-color: #f1a983; border-bottom-color: #f1a983; border-left-color: #f1a983; border-image: initial; border-top: none; padding: 0cm 5.4pt; height: 15.55pt;\" valign=\"top\" width=\"160\"><p><b>Aplicaciones<\/b><\/p><\/td><td style=\"width: 361.25pt; border-top: none; border-left: none; border-bottom-width: 1pt; border-bottom-color: #f1a983; border-right-width: 1pt; border-right-color: #f1a983; padding: 0cm 5.4pt; height: 15.55pt;\" colspan=\"3\" valign=\"top\" width=\"482\"><p><span lang=\"EN-US\">Eventos y entretenimiento, Construcci\u00f3n y almacenes, Comercio minorista y ferias comerciales<\/span><\/p><\/td><\/tr><\/tbody><\/table><p> <\/p>\t\t\t\t\t\t<\/div>\n\t\t\t\t<\/div>\n\t\t\t\t\t<\/div>\n\t\t<\/div>\n\t\t\t\t\t\t\t<\/div>\n\t\t<\/section>\n\t\t\t\t<section class=\"elementor-section elementor-top-section elementor-element elementor-element-2d863bd elementor-section-boxed elementor-section-height-default elementor-section-height-default\" data-id=\"2d863bd\" data-element_type=\"section\">\n\t\t\t\t\t\t<div class=\"elementor-container elementor-column-gap-default\">\n\t\t\t\t\t<div class=\"elementor-column elementor-col-100 elementor-top-column elementor-element elementor-element-d5dfa87\" data-id=\"d5dfa87\" data-element_type=\"column\">\n\t\t\t<div class=\"elementor-widget-wrap elementor-element-populated\">\n\t\t\t\t\t\t\t\t<div class=\"elementor-element elementor-element-dbb3250 elementor-widget elementor-widget-heading\" data-id=\"dbb3250\" data-element_type=\"widget\" data-widget_type=\"heading.default\">\n\t\t\t\t<div class=\"elementor-widget-container\">\n\t\t\t<h2 class=\"elementor-heading-title elementor-size-default\">Actuaci\u00f3n<\/h2>\t\t<\/div>\n\t\t\t\t<\/div>\n\t\t\t\t\t<\/div>\n\t\t<\/div>\n\t\t\t\t\t\t\t<\/div>\n\t\t<\/section>\n\t\t\t\t<section class=\"elementor-section elementor-top-section elementor-element elementor-element-231a7b6 elementor-section-boxed elementor-section-height-default elementor-section-height-default\" data-id=\"231a7b6\" data-element_type=\"section\">\n\t\t\t\t\t\t<div class=\"elementor-container elementor-column-gap-default\">\n\t\t\t\t\t<div class=\"elementor-column elementor-col-100 elementor-top-column elementor-element elementor-element-a46bd0e\" data-id=\"a46bd0e\" data-element_type=\"column\">\n\t\t\t<div class=\"elementor-widget-wrap elementor-element-populated\">\n\t\t\t\t\t\t\t\t<div class=\"elementor-element elementor-element-e582cd9 elementor-widget elementor-widget-text-editor\" data-id=\"e582cd9\" data-element_type=\"widget\" data-widget_type=\"text-editor.default\">\n\t\t\t\t<div class=\"elementor-widget-container\">\n\t\t\t\t\t\t\t<p> <\/p><table style=\"width: 893px; margin-left: -0.25pt; border: none; height: 419px;\" border=\"1\" width=\"612\" cellspacing=\"0\" cellpadding=\"0\"><tbody><tr style=\"mso-yfti-irow: -1; mso-yfti-firstrow: yes; mso-yfti-lastfirstrow: yes; height: 29.85pt;\"><td style=\"width: 106.75pt; border-top-width: 1pt; border-bottom-width: 1pt; border-left-width: 1pt; border-top-color: #e97132; border-bottom-color: #e97132; border-left-color: #e97132; border-image: initial; border-right: none; background: #e97132; padding: 0cm 5.4pt; height: 29.85pt;\" valign=\"top\" width=\"142\"><p><b><span lang=\"EN-US\" style=\"color: white; mso-themecolor: background1;\">Capacidad de carga:<\/span><\/b><\/p><\/td><td style=\"width: 352.5pt; border-top-width: 1pt; border-right-width: 1pt; border-bottom-width: 1pt; border-top-color: #e97132; border-right-color: #e97132; border-bottom-color: #e97132; border-image: initial; border-left: none; background: #e97132; padding: 0cm 5.4pt; height: 29.85pt;\" valign=\"top\" width=\"470\"><p><b><span lang=\"EN-US\" style=\"color: white; mso-themecolor: background1;\">Resistencia a la presi\u00f3n din\u00e1mica de 10 a 25 toneladas, siempre que est\u00e9 bien lleno de cables. (La capacidad de carga var\u00eda seg\u00fan el entorno, la temperatura y las superficies). <\/span><\/b><\/p><\/td><\/tr><tr style=\"mso-yfti-irow: 0; height: 29.85pt;\"><td style=\"width: 106.75pt; border-right-width: 1pt; border-bottom-width: 1pt; border-left-width: 1pt; border-right-color: #f1a983; border-bottom-color: #f1a983; border-left-color: #f1a983; border-image: initial; border-top: none; background: #fae2d5; padding: 0cm 5.4pt; height: 29.85pt;\" valign=\"top\" width=\"142\"><p><b><span lang=\"EN-US\" style=\"color: black; mso-color-alt: windowtext;\">Usando la temperatura:<\/span><\/b><\/p><\/td><td style=\"width: 352.5pt; border-top: none; border-left: none; border-bottom-width: 1pt; border-bottom-color: #f1a983; border-right-width: 1pt; border-right-color: #f1a983; background: #fae2d5; padding: 0cm 5.4pt; height: 29.85pt;\" valign=\"top\" width=\"470\"><p><span lang=\"EN-US\" style=\"color: black; mso-color-alt: windowtext;\">-32<\/span><span style=\"color: black; mso-color-alt: windowtext;\">-32\u2103 ~ +65\u2103<\/span><\/p><\/td><\/tr><tr style=\"mso-yfti-irow: 1; height: 29.85pt;\"><td style=\"width: 106.75pt; border-right-width: 1pt; border-bottom-width: 1pt; border-left-width: 1pt; border-right-color: #f1a983; border-bottom-color: #f1a983; border-left-color: #f1a983; border-image: initial; border-top: none; padding: 0cm 5.4pt; height: 29.85pt;\" valign=\"top\" width=\"142\"><p><b>Resistencia a la tracci\u00f3n:<\/b><\/p><\/td><td style=\"width: 352.5pt; border-top: none; border-left: none; border-bottom-width: 1pt; border-bottom-color: #f1a983; border-right-width: 1pt; border-right-color: #f1a983; padding: 0cm 5.4pt; height: 29.85pt;\" valign=\"top\" width=\"470\"><p><span lang=\"EN-US\">1.85MPa<\/span><\/p><\/td><\/tr><tr style=\"mso-yfti-irow: 2; height: 29.85pt;\"><td style=\"width: 106.75pt; border-right-width: 1pt; border-bottom-width: 1pt; border-left-width: 1pt; border-right-color: #f1a983; border-bottom-color: #f1a983; border-left-color: #f1a983; border-image: initial; border-top: none; background: #fae2d5; padding: 0cm 5.4pt; height: 29.85pt;\" valign=\"top\" width=\"142\"><p><b><span lang=\"EN-US\" style=\"color: black; mso-color-alt: windowtext;\">Alargamiento:<\/span><\/b><\/p><\/td><td style=\"width: 352.5pt; border-top: none; border-left: none; border-bottom-width: 1pt; border-bottom-color: #f1a983; border-right-width: 1pt; border-right-color: #f1a983; background: #fae2d5; padding: 0cm 5.4pt; height: 29.85pt;\" valign=\"top\" width=\"470\"><p><span lang=\"EN-US\" style=\"color: black; mso-color-alt: windowtext;\">24%<\/span><\/p><\/td><\/tr><tr style=\"mso-yfti-irow: 3; mso-yfti-lastrow: yes; height: 29.85pt;\"><td style=\"width: 106.75pt; border-right-width: 1pt; border-bottom-width: 1pt; border-left-width: 1pt; border-right-color: #f1a983; border-bottom-color: #f1a983; border-left-color: #f1a983; border-image: initial; border-top: none; padding: 0cm 5.4pt; height: 29.85pt;\" valign=\"top\" width=\"142\"><p><b>Dureza Shore:<\/b><\/p><\/td><td style=\"width: 352.5pt; border-top: none; border-left: none; border-bottom-width: 1pt; border-bottom-color: #f1a983; border-right-width: 1pt; border-right-color: #f1a983; padding: 0cm 5.4pt; height: 29.85pt;\" valign=\"top\" width=\"470\"><p><span lang=\"EN-US\">78<\/span>\u00b0<\/p><\/td><\/tr><\/tbody><\/table>\t\t\t\t\t\t<\/div>\n\t\t\t\t<\/div>\n\t\t\t\t\t<\/div>\n\t\t<\/div>\n\t\t\t\t\t\t\t<\/div>\n\t\t<\/section>\n\t\t\t\t<section class=\"elementor-section elementor-top-section elementor-element elementor-element-9ad53a5 elementor-section-boxed elementor-section-height-default elementor-section-height-default\" data-id=\"9ad53a5\" data-element_type=\"section\">\n\t\t\t\t\t\t<div class=\"elementor-container elementor-column-gap-default\">\n\t\t\t\t\t<div class=\"elementor-column elementor-col-100 elementor-top-column elementor-element elementor-element-85a3230\" data-id=\"85a3230\" data-element_type=\"column\">\n\t\t\t<div class=\"elementor-widget-wrap elementor-element-populated\">\n\t\t\t\t\t\t\t\t<div class=\"elementor-element elementor-element-0263c9a elementor-widget elementor-widget-heading\" data-id=\"0263c9a\" data-element_type=\"widget\" data-widget_type=\"heading.default\">\n\t\t\t\t<div class=\"elementor-widget-container\">\n\t\t\t<h2 class=\"elementor-heading-title elementor-size-default\">Ventajas<\/h2>\t\t<\/div>\n\t\t\t\t<\/div>\n\t\t\t\t\t<\/div>\n\t\t<\/div>\n\t\t\t\t\t\t\t<\/div>\n\t\t<\/section>\n\t\t\t\t<section class=\"elementor-section elementor-top-section elementor-element elementor-element-13df906 elementor-section-boxed elementor-section-height-default elementor-section-height-default\" data-id=\"13df906\" data-element_type=\"section\">\n\t\t\t\t\t\t<div class=\"elementor-container elementor-column-gap-default\">\n\t\t\t\t\t<div class=\"elementor-column elementor-col-100 elementor-top-column elementor-element elementor-element-7c1a9ef\" data-id=\"7c1a9ef\" data-element_type=\"column\">\n\t\t\t<div class=\"elementor-widget-wrap elementor-element-populated\">\n\t\t\t\t\t\t\t\t<div class=\"elementor-element elementor-element-f446862 elementor-widget elementor-widget-text-editor\" data-id=\"f446862\" data-element_type=\"widget\" data-widget_type=\"text-editor.default\">\n\t\t\t\t<div class=\"elementor-widget-container\">\n\t\t\t\t\t\t\t<p>1. Parte superior de PVC segura y no conductor con base de caucho reciclado.<\/p><p>2. Proteger a los peatones de riesgos de tropiezos y ca\u00eddas.<\/p><p>3. Proteja cables, cordones y mangueras costosos contra da\u00f1os en el veh\u00edculo.<\/p><p>4. F\u00e1cil colocaci\u00f3n y extracci\u00f3n de cables\/mangueras con estilo de parte superior abierta.<\/p><p>5.Sistemas de enclavamiento de dos, tres y cinco ranuras, para crear la longitud que necesita.<\/p><p>6. Los protectores de cable pueden desempe\u00f1ar un papel en la reducci\u00f3n del da\u00f1o al neum\u00e1tico debido a su suave pendiente.<\/p><p>7. El proceso especial puede garantizar que los colores de los protectores de cable sean brillantes y no se decoloren f\u00e1cilmente.<\/p><p>8.Los protectores de cables se pueden instalar f\u00e1cilmente.<\/p>\t\t\t\t\t\t<\/div>\n\t\t\t\t<\/div>\n\t\t\t\t\t<\/div>\n\t\t<\/div>\n\t\t\t\t\t\t\t<\/div>\n\t\t<\/section>\n\t\t\t\t\t\t\t<\/div>\n\t\t","protected":false},"excerpt":{"rendered":"<p>Los protectores de cables evitan que los cables causados \u200b\u200bpor veh\u00edculos o por el tr\u00e1fico peatonal intenso puedan da\u00f1arlos y eliminan los peligrosos riesgos de tropiezos.<\/p>\n","protected":false},"featured_media":6976,"comment_status":"open","ping_status":"closed","template":"","meta":{"om_disable_all_campaigns":false,"_monsterinsights_skip_tracking":false,"_monsterinsights_sitenote_active":false,"_monsterinsights_sitenote_note":"","_monsterinsights_sitenote_category":0},"product_cat":[469,492,493],"product_tag":[868,944,943,867],"class_list":["post-7039","product","type-product","status-publish","has-post-thumbnail","hentry","product_cat-control-de-trafico","product_cat-evento-de-convencion","product_cat-rampa-de-cable","product_tag-protector-de-cable","product_tag-protector-de-cable-de-2-canales","product_tag-protector-de-cable-de-dos-canales","product_tag-rampa-de-cable"],"aioseo_notices":[],"_links":{"self":[{"href":"https:\/\/everstarsafety.com\/es\/wp-json\/wp\/v2\/product\/7039","targetHints":{"allow":["GET"]}}],"collection":[{"href":"https:\/\/everstarsafety.com\/es\/wp-json\/wp\/v2\/product"}],"about":[{"href":"https:\/\/everstarsafety.com\/es\/wp-json\/wp\/v2\/types\/product"}],"replies":[{"embeddable":true,"href":"https:\/\/everstarsafety.com\/es\/wp-json\/wp\/v2\/comments?post=7039"}],"version-history":[{"count":1,"href":"https:\/\/everstarsafety.com\/es\/wp-json\/wp\/v2\/product\/7039\/revisions"}],"predecessor-version":[{"id":7041,"href":"https:\/\/everstarsafety.com\/es\/wp-json\/wp\/v2\/product\/7039\/revisions\/7041"}],"wp:featuredmedia":[{"embeddable":true,"href":"https:\/\/everstarsafety.com\/es\/wp-json\/wp\/v2\/media\/6976"}],"wp:attachment":[{"href":"https:\/\/everstarsafety.com\/es\/wp-json\/wp\/v2\/media?parent=7039"}],"wp:term":[{"taxonomy":"product_cat","embeddable":true,"href":"https:\/\/everstarsafety.com\/es\/wp-json\/wp\/v2\/product_cat?post=7039"},{"taxonomy":"product_tag","embeddable":true,"href":"https:\/\/everstarsafety.com\/es\/wp-json\/wp\/v2\/product_tag?post=7039"}],"curies":[{"name":"wp","href":"https:\/\/api.w.org\/{rel}","templated":true}]}}